{"id":34378,"date":"2026-04-10T17:52:04","date_gmt":"2026-04-10T15:52:04","guid":{"rendered":"https:\/\/www.matts-guitar-shop.com\/?post_type=product&#038;p=34378"},"modified":"2026-04-10T17:52:26","modified_gmt":"2026-04-10T15:52:26","slug":"schecter-seafoam-green-1983-ex-jack-sonni-dire-straits","status":"publish","type":"product","link":"https:\/\/www.matts-guitar-shop.com\/nl\/produit\/schecter-seafoam-green-1983-ex-jack-sonni-dire-straits\/","title":{"rendered":"Schecter Seafoam green 1983 ex Jack Sonni &#8211; Dire Straits"},"content":{"rendered":"","protected":false},"excerpt":{"rendered":"<p>Provenant directement de la collection de Jack Sonni, cette Schecter de type Stratocaster en finition Seafoam Green de 1983 constitue un jalon majeur de l&#8217;\u00e9pop\u00e9e Dire Straits. Cet instrument a accompagn\u00e9 Sonni sur les sc\u00e8nes mondiales, s&#8217;imposant comme l&#8217;un de ses outils de pr\u00e9dilection lors de la tourn\u00e9e historique Brothers in Arms et brillant particuli\u00e8rement sous les projecteurs du Live Aid le 13 juillet 1985. L&#8217;histoire de cette guitare s&#8217;entrem\u00eale \u00e9troitement avec celle de Mark Knopfler : selon les souvenirs de Jack Sonni, c&#8217;est sur ce mod\u00e8le pr\u00e9cis que Knopfler a grav\u00e9 le solo de &#8220;One World&#8221; pour l&#8217;album culte du groupe. Le leader de Dire Straits l&#8217;avait \u00e9galement \u00e9trenn\u00e9e sur sc\u00e8ne \u00e0 New York d\u00e8s 1983 aux c\u00f4t\u00e9s de Sonni. V\u00e9ritable relique du rock britannique, cette pi\u00e8ce unique incarne l&#8217;\u00e2ge d&#8217;or d&#8217;une formation de l\u00e9gende et la complicit\u00e9 entre deux musiciens d&#8217;exception.<\/p>\n","protected":false},"featured_media":34379,"comment_status":"closed","ping_status":"closed","template":"","meta":{"_et_pb_use_builder":"","_et_pb_old_content":"","_et_gb_content_width":""},"product_brand":[],"product_cat":[123,82,152],"product_tag":[],"class_list":{"0":"post-34378","1":"product","2":"type-product","3":"status-publish","4":"has-post-thumbnail","6":"product_cat-guitares-electriques","7":"product_cat-artistes","8":"product_cat-guitares","9":"pa_artiste-jack-sonni","10":"pa_disponibilite-en-vente","11":"pa_marque-schecter","13":"first","14":"instock","15":"shipping-taxable","16":"product-type-simple"},"yoast_head":"<!-- This site is optimized with the Yoast SEO plugin v26.8 - https:\/\/yoast.com\/product\/yoast-seo-wordpress\/ -->\n<title>Schecter Seafoam green 1983 ex Jack Sonni - Dire Straits - Matt&#039;s Guitar Shop<\/title>\n<meta name=\"robots\" content=\"index, follow, max-snippet:-1, max-image-preview:large, max-video-preview:-1\" \/>\n<link rel=\"canonical\" href=\"https:\/\/www.matts-guitar-shop.com\/nl\/produit\/schecter-seafoam-green-1983-ex-jack-sonni-dire-straits\/\" \/>\n<meta property=\"og:locale\" content=\"nl_NL\" \/>\n<meta property=\"og:type\" content=\"article\" \/>\n<meta property=\"og:title\" content=\"Schecter Seafoam green 1983 ex Jack Sonni - Dire Straits - Matt&#039;s Guitar Shop\" \/>\n<meta property=\"og:description\" content=\"Provenant directement de la collection de Jack Sonni, cette Schecter de type Stratocaster en finition Seafoam Green de 1983 constitue un jalon majeur de l&#039;\u00e9pop\u00e9e Dire Straits. Cet instrument a accompagn\u00e9 Sonni sur les sc\u00e8nes mondiales, s&#039;imposant comme l&#039;un de ses outils de pr\u00e9dilection lors de la tourn\u00e9e historique Brothers in Arms et brillant particuli\u00e8rement sous les projecteurs du Live Aid le 13 juillet 1985. L&#039;histoire de cette guitare s&#039;entrem\u00eale \u00e9troitement avec celle de Mark Knopfler : selon les souvenirs de Jack Sonni, c&#039;est sur ce mod\u00e8le pr\u00e9cis que Knopfler a grav\u00e9 le solo de &quot;One World&quot; pour l&#039;album culte du groupe. Le leader de Dire Straits l&#039;avait \u00e9galement \u00e9trenn\u00e9e sur sc\u00e8ne \u00e0 New York d\u00e8s 1983 aux c\u00f4t\u00e9s de Sonni. V\u00e9ritable relique du rock britannique, cette pi\u00e8ce unique incarne l&#039;\u00e2ge d&#039;or d&#039;une formation de l\u00e9gende et la complicit\u00e9 entre deux musiciens d&#039;exception.\" \/>\n<meta property=\"og:url\" content=\"https:\/\/www.matts-guitar-shop.com\/nl\/produit\/schecter-seafoam-green-1983-ex-jack-sonni-dire-straits\/\" \/>\n<meta property=\"og:site_name\" content=\"Matt&#039;s Guitar Shop\" \/>\n<meta property=\"article:publisher\" content=\"https:\/\/www.facebook.com\/profile.php?id=100044359842817\" \/>\n<meta property=\"article:modified_time\" content=\"2026-04-10T15:52:26+00:00\" \/>\n<meta property=\"og:image\" content=\"https:\/\/www.matts-guitar-shop.com\/wp-content\/uploads\/2026\/04\/Schecter-Seafoam-green-1983-Jack-Sonni-Dire-Straits-04.jpg\" \/>\n\t<meta property=\"og:image:width\" content=\"800\" \/>\n\t<meta property=\"og:image:height\" content=\"1200\" \/>\n\t<meta property=\"og:image:type\" content=\"image\/jpeg\" \/>\n<meta name=\"twitter:card\" content=\"summary_large_image\" \/>\n<meta name=\"twitter:label1\" content=\"Geschatte leestijd\" \/>\n\t<meta name=\"twitter:data1\" content=\"1 minuut\" \/>\n<script type=\"application\/ld+json\" class=\"yoast-schema-graph\">{\"@context\":\"https:\/\/schema.org\",\"@graph\":[{\"@type\":\"WebPage\",\"@id\":\"https:\/\/www.matts-guitar-shop.com\/nl\/produit\/schecter-seafoam-green-1983-ex-jack-sonni-dire-straits\/\",\"url\":\"https:\/\/www.matts-guitar-shop.com\/nl\/produit\/schecter-seafoam-green-1983-ex-jack-sonni-dire-straits\/\",\"name\":\"Schecter Seafoam green 1983 ex Jack Sonni - Dire Straits - Matt&#039;s Guitar Shop\",\"isPartOf\":{\"@id\":\"https:\/\/www.matts-guitar-shop.com\/nl\/#website\"},\"primaryImageOfPage\":{\"@id\":\"https:\/\/www.matts-guitar-shop.com\/nl\/produit\/schecter-seafoam-green-1983-ex-jack-sonni-dire-straits\/#primaryimage\"},\"image\":{\"@id\":\"https:\/\/www.matts-guitar-shop.com\/nl\/produit\/schecter-seafoam-green-1983-ex-jack-sonni-dire-straits\/#primaryimage\"},\"thumbnailUrl\":\"https:\/\/www.matts-guitar-shop.com\/wp-content\/uploads\/2026\/04\/Schecter-Seafoam-green-1983-Jack-Sonni-Dire-Straits-04.jpg\",\"datePublished\":\"2026-04-10T15:52:04+00:00\",\"dateModified\":\"2026-04-10T15:52:26+00:00\",\"breadcrumb\":{\"@id\":\"https:\/\/www.matts-guitar-shop.com\/nl\/produit\/schecter-seafoam-green-1983-ex-jack-sonni-dire-straits\/#breadcrumb\"},\"inLanguage\":\"nl-NL\",\"potentialAction\":[{\"@type\":\"ReadAction\",\"target\":[\"https:\/\/www.matts-guitar-shop.com\/nl\/produit\/schecter-seafoam-green-1983-ex-jack-sonni-dire-straits\/\"]}]},{\"@type\":\"ImageObject\",\"inLanguage\":\"nl-NL\",\"@id\":\"https:\/\/www.matts-guitar-shop.com\/nl\/produit\/schecter-seafoam-green-1983-ex-jack-sonni-dire-straits\/#primaryimage\",\"url\":\"https:\/\/www.matts-guitar-shop.com\/wp-content\/uploads\/2026\/04\/Schecter-Seafoam-green-1983-Jack-Sonni-Dire-Straits-04.jpg\",\"contentUrl\":\"https:\/\/www.matts-guitar-shop.com\/wp-content\/uploads\/2026\/04\/Schecter-Seafoam-green-1983-Jack-Sonni-Dire-Straits-04.jpg\",\"width\":800,\"height\":1200},{\"@type\":\"BreadcrumbList\",\"@id\":\"https:\/\/www.matts-guitar-shop.com\/nl\/produit\/schecter-seafoam-green-1983-ex-jack-sonni-dire-straits\/#breadcrumb\",\"itemListElement\":[{\"@type\":\"ListItem\",\"position\":1,\"name\":\"Home\",\"item\":\"https:\/\/www.matts-guitar-shop.com\/nl\/\"},{\"@type\":\"ListItem\",\"position\":2,\"name\":\"Winkel\",\"item\":\"https:\/\/www.matts-guitar-shop.com\/nl\/winkel\/\"},{\"@type\":\"ListItem\",\"position\":3,\"name\":\"Schecter Seafoam green 1983 ex Jack Sonni &#8211; Dire Straits\"}]},{\"@type\":\"WebSite\",\"@id\":\"https:\/\/www.matts-guitar-shop.com\/nl\/#website\",\"url\":\"https:\/\/www.matts-guitar-shop.com\/nl\/\",\"name\":\"matts-guitar-shop.com\",\"description\":\"Guitar Shop\",\"publisher\":{\"@id\":\"https:\/\/www.matts-guitar-shop.com\/nl\/#organization\"},\"potentialAction\":[{\"@type\":\"SearchAction\",\"target\":{\"@type\":\"EntryPoint\",\"urlTemplate\":\"https:\/\/www.matts-guitar-shop.com\/nl\/?s={search_term_string}\"},\"query-input\":{\"@type\":\"PropertyValueSpecification\",\"valueRequired\":true,\"valueName\":\"search_term_string\"}}],\"inLanguage\":\"nl-NL\"},{\"@type\":\"Organization\",\"@id\":\"https:\/\/www.matts-guitar-shop.com\/nl\/#organization\",\"name\":\"matts-guitar-shop.com\",\"url\":\"https:\/\/www.matts-guitar-shop.com\/nl\/\",\"logo\":{\"@type\":\"ImageObject\",\"inLanguage\":\"nl-NL\",\"@id\":\"https:\/\/www.matts-guitar-shop.com\/nl\/#\/schema\/logo\/image\/\",\"url\":\"https:\/\/www.matts-guitar-shop.com\/wp-content\/uploads\/2024\/09\/MGS-logo-site-02.png\",\"contentUrl\":\"https:\/\/www.matts-guitar-shop.com\/wp-content\/uploads\/2024\/09\/MGS-logo-site-02.png\",\"width\":200,\"height\":122,\"caption\":\"matts-guitar-shop.com\"},\"image\":{\"@id\":\"https:\/\/www.matts-guitar-shop.com\/nl\/#\/schema\/logo\/image\/\"},\"sameAs\":[\"https:\/\/www.facebook.com\/profile.php?id=100044359842817\",\"https:\/\/www.instagram.com\/mattsguitarshop\/\",\"https:\/\/www.youtube.com\/@MattLucasMan\/videos\"]}]}<\/script>\n<!-- \/ Yoast SEO plugin. -->","yoast_head_json":{"title":"Schecter Seafoam green 1983 ex Jack Sonni - Dire Straits - Matt&#039;s Guitar Shop","robots":{"index":"index","follow":"follow","max-snippet":"max-snippet:-1","max-image-preview":"max-image-preview:large","max-video-preview":"max-video-preview:-1"},"canonical":"https:\/\/www.matts-guitar-shop.com\/nl\/produit\/schecter-seafoam-green-1983-ex-jack-sonni-dire-straits\/","og_locale":"nl_NL","og_type":"article","og_title":"Schecter Seafoam green 1983 ex Jack Sonni - Dire Straits - Matt&#039;s Guitar Shop","og_description":"Provenant directement de la collection de Jack Sonni, cette Schecter de type Stratocaster en finition Seafoam Green de 1983 constitue un jalon majeur de l'\u00e9pop\u00e9e Dire Straits. Cet instrument a accompagn\u00e9 Sonni sur les sc\u00e8nes mondiales, s'imposant comme l'un de ses outils de pr\u00e9dilection lors de la tourn\u00e9e historique Brothers in Arms et brillant particuli\u00e8rement sous les projecteurs du Live Aid le 13 juillet 1985. L'histoire de cette guitare s'entrem\u00eale \u00e9troitement avec celle de Mark Knopfler : selon les souvenirs de Jack Sonni, c'est sur ce mod\u00e8le pr\u00e9cis que Knopfler a grav\u00e9 le solo de \"One World\" pour l'album culte du groupe. Le leader de Dire Straits l'avait \u00e9galement \u00e9trenn\u00e9e sur sc\u00e8ne \u00e0 New York d\u00e8s 1983 aux c\u00f4t\u00e9s de Sonni. V\u00e9ritable relique du rock britannique, cette pi\u00e8ce unique incarne l'\u00e2ge d'or d'une formation de l\u00e9gende et la complicit\u00e9 entre deux musiciens d'exception.","og_url":"https:\/\/www.matts-guitar-shop.com\/nl\/produit\/schecter-seafoam-green-1983-ex-jack-sonni-dire-straits\/","og_site_name":"Matt&#039;s Guitar Shop","article_publisher":"https:\/\/www.facebook.com\/profile.php?id=100044359842817","article_modified_time":"2026-04-10T15:52:26+00:00","og_image":[{"width":800,"height":1200,"url":"https:\/\/www.matts-guitar-shop.com\/wp-content\/uploads\/2026\/04\/Schecter-Seafoam-green-1983-Jack-Sonni-Dire-Straits-04.jpg","type":"image\/jpeg"}],"twitter_card":"summary_large_image","twitter_misc":{"Geschatte leestijd":"1 minuut"},"schema":{"@context":"https:\/\/schema.org","@graph":[{"@type":"WebPage","@id":"https:\/\/www.matts-guitar-shop.com\/nl\/produit\/schecter-seafoam-green-1983-ex-jack-sonni-dire-straits\/","url":"https:\/\/www.matts-guitar-shop.com\/nl\/produit\/schecter-seafoam-green-1983-ex-jack-sonni-dire-straits\/","name":"Schecter Seafoam green 1983 ex Jack Sonni - Dire Straits - Matt&#039;s Guitar Shop","isPartOf":{"@id":"https:\/\/www.matts-guitar-shop.com\/nl\/#website"},"primaryImageOfPage":{"@id":"https:\/\/www.matts-guitar-shop.com\/nl\/produit\/schecter-seafoam-green-1983-ex-jack-sonni-dire-straits\/#primaryimage"},"image":{"@id":"https:\/\/www.matts-guitar-shop.com\/nl\/produit\/schecter-seafoam-green-1983-ex-jack-sonni-dire-straits\/#primaryimage"},"thumbnailUrl":"https:\/\/www.matts-guitar-shop.com\/wp-content\/uploads\/2026\/04\/Schecter-Seafoam-green-1983-Jack-Sonni-Dire-Straits-04.jpg","datePublished":"2026-04-10T15:52:04+00:00","dateModified":"2026-04-10T15:52:26+00:00","breadcrumb":{"@id":"https:\/\/www.matts-guitar-shop.com\/nl\/produit\/schecter-seafoam-green-1983-ex-jack-sonni-dire-straits\/#breadcrumb"},"inLanguage":"nl-NL","potentialAction":[{"@type":"ReadAction","target":["https:\/\/www.matts-guitar-shop.com\/nl\/produit\/schecter-seafoam-green-1983-ex-jack-sonni-dire-straits\/"]}]},{"@type":"ImageObject","inLanguage":"nl-NL","@id":"https:\/\/www.matts-guitar-shop.com\/nl\/produit\/schecter-seafoam-green-1983-ex-jack-sonni-dire-straits\/#primaryimage","url":"https:\/\/www.matts-guitar-shop.com\/wp-content\/uploads\/2026\/04\/Schecter-Seafoam-green-1983-Jack-Sonni-Dire-Straits-04.jpg","contentUrl":"https:\/\/www.matts-guitar-shop.com\/wp-content\/uploads\/2026\/04\/Schecter-Seafoam-green-1983-Jack-Sonni-Dire-Straits-04.jpg","width":800,"height":1200},{"@type":"BreadcrumbList","@id":"https:\/\/www.matts-guitar-shop.com\/nl\/produit\/schecter-seafoam-green-1983-ex-jack-sonni-dire-straits\/#breadcrumb","itemListElement":[{"@type":"ListItem","position":1,"name":"Home","item":"https:\/\/www.matts-guitar-shop.com\/nl\/"},{"@type":"ListItem","position":2,"name":"Winkel","item":"https:\/\/www.matts-guitar-shop.com\/nl\/winkel\/"},{"@type":"ListItem","position":3,"name":"Schecter Seafoam green 1983 ex Jack Sonni &#8211; Dire Straits"}]},{"@type":"WebSite","@id":"https:\/\/www.matts-guitar-shop.com\/nl\/#website","url":"https:\/\/www.matts-guitar-shop.com\/nl\/","name":"matts-guitar-shop.com","description":"Guitar Shop","publisher":{"@id":"https:\/\/www.matts-guitar-shop.com\/nl\/#organization"},"potentialAction":[{"@type":"SearchAction","target":{"@type":"EntryPoint","urlTemplate":"https:\/\/www.matts-guitar-shop.com\/nl\/?s={search_term_string}"},"query-input":{"@type":"PropertyValueSpecification","valueRequired":true,"valueName":"search_term_string"}}],"inLanguage":"nl-NL"},{"@type":"Organization","@id":"https:\/\/www.matts-guitar-shop.com\/nl\/#organization","name":"matts-guitar-shop.com","url":"https:\/\/www.matts-guitar-shop.com\/nl\/","logo":{"@type":"ImageObject","inLanguage":"nl-NL","@id":"https:\/\/www.matts-guitar-shop.com\/nl\/#\/schema\/logo\/image\/","url":"https:\/\/www.matts-guitar-shop.com\/wp-content\/uploads\/2024\/09\/MGS-logo-site-02.png","contentUrl":"https:\/\/www.matts-guitar-shop.com\/wp-content\/uploads\/2024\/09\/MGS-logo-site-02.png","width":200,"height":122,"caption":"matts-guitar-shop.com"},"image":{"@id":"https:\/\/www.matts-guitar-shop.com\/nl\/#\/schema\/logo\/image\/"},"sameAs":["https:\/\/www.facebook.com\/profile.php?id=100044359842817","https:\/\/www.instagram.com\/mattsguitarshop\/","https:\/\/www.youtube.com\/@MattLucasMan\/videos"]}]}},"_links":{"self":[{"href":"https:\/\/www.matts-guitar-shop.com\/nl\/wp-json\/wp\/v2\/product\/34378","targetHints":{"allow":["GET"]}}],"collection":[{"href":"https:\/\/www.matts-guitar-shop.com\/nl\/wp-json\/wp\/v2\/product"}],"about":[{"href":"https:\/\/www.matts-guitar-shop.com\/nl\/wp-json\/wp\/v2\/types\/product"}],"replies":[{"embeddable":true,"href":"https:\/\/www.matts-guitar-shop.com\/nl\/wp-json\/wp\/v2\/comments?post=34378"}],"wp:featuredmedia":[{"embeddable":true,"href":"https:\/\/www.matts-guitar-shop.com\/nl\/wp-json\/wp\/v2\/media\/34379"}],"wp:attachment":[{"href":"https:\/\/www.matts-guitar-shop.com\/nl\/wp-json\/wp\/v2\/media?parent=34378"}],"wp:term":[{"taxonomy":"product_brand","embeddable":true,"href":"https:\/\/www.matts-guitar-shop.com\/nl\/wp-json\/wp\/v2\/product_brand?post=34378"},{"taxonomy":"product_cat","embeddable":true,"href":"https:\/\/www.matts-guitar-shop.com\/nl\/wp-json\/wp\/v2\/product_cat?post=34378"},{"taxonomy":"product_tag","embeddable":true,"href":"https:\/\/www.matts-guitar-shop.com\/nl\/wp-json\/wp\/v2\/product_tag?post=34378"}],"curies":[{"name":"wp","href":"https:\/\/api.w.org\/{rel}","templated":true}]}}