{"id":33659,"date":"2026-04-09T20:05:24","date_gmt":"2026-04-09T18:05:24","guid":{"rendered":"https:\/\/www.matts-guitar-shop.com\/?post_type=product&#038;p=33659"},"modified":"2026-04-09T20:28:20","modified_gmt":"2026-04-09T18:28:20","slug":"fender-jazz-bass-1978-sunburst-ex-adam-clayton-u2","status":"publish","type":"product","link":"https:\/\/www.matts-guitar-shop.com\/nl\/produit\/fender-jazz-bass-1978-sunburst-ex-adam-clayton-u2\/","title":{"rendered":"Fender Jazz Bass 1978 sunburst ex Adam Clayton \u2013 U2"},"content":{"rendered":"","protected":false},"excerpt":{"rendered":"<p>Issue de la collection personnelle d&#8217;Adam Clayton, cette Fender Jazz Bass de 1978 en finition Sunburst classique constitue un t\u00e9moignage historique rare. Demeur\u00e9 pendant de nombreuses ann\u00e9es entre les mains du bassiste embl\u00e9matique de U2, l&#8217;instrument illustre parfaitement l&#8217;attachement du musicien \u00e0 ce mod\u00e8le comme pilier central de son identit\u00e9 sonore. Les exemplaires de la fin des ann\u00e9es soixante-dix sont r\u00e9put\u00e9s pour leur r\u00e9ponse puissante et leur assise grave profonde, des qualit\u00e9s id\u00e9alement adapt\u00e9es \u00e0 l&#8217;amplitude sonore des sc\u00e8nes mondiales foul\u00e9es par le groupe.<\/p>\n<p>Pr\u00e9sent\u00e9e dans un \u00e9tat de conservation remarquable, cette Jazz Bass affiche une patine homog\u00e8ne et une int\u00e9grit\u00e9 totale de ses composants, refl\u00e9tant un soin m\u00e9ticuleux au fil des d\u00e9cennies.<\/p>\n<p>La mise sur le march\u00e9 d&#8217;une pi\u00e8ce provenant directement du patrimoine d&#8217;Adam Clayton est un \u00e9v\u00e9nement exceptionnel, offrant aux collectionneurs une opportunit\u00e9 unique d&#8217;acqu\u00e9rir un fragment authentique de l&#8217;histoire du rock.<\/p>\n","protected":false},"featured_media":33660,"comment_status":"closed","ping_status":"closed","template":"","meta":{"_et_pb_use_builder":"","_et_pb_old_content":"","_et_gb_content_width":""},"product_brand":[],"product_cat":[149,82,152],"product_tag":[],"class_list":{"0":"post-33659","1":"product","2":"type-product","3":"status-publish","4":"has-post-thumbnail","6":"product_cat-basses","7":"product_cat-artistes","8":"product_cat-guitares","9":"pa_artiste-adam-clayton","10":"pa_artiste-u2","11":"pa_disponibilite-en-vente","12":"pa_marque-fender","14":"first","15":"instock","16":"shipping-taxable","17":"purchasable","18":"product-type-simple"},"yoast_head":"<!-- This site is optimized with the Yoast SEO plugin v26.8 - https:\/\/yoast.com\/product\/yoast-seo-wordpress\/ -->\n<title>Fender Jazz Bass 1978 sunburst ex Adam Clayton \u2013 U2 - Matt&#039;s Guitar Shop<\/title>\n<meta name=\"robots\" content=\"index, follow, max-snippet:-1, max-image-preview:large, max-video-preview:-1\" \/>\n<link rel=\"canonical\" href=\"https:\/\/www.matts-guitar-shop.com\/nl\/produit\/fender-jazz-bass-1978-sunburst-ex-adam-clayton-u2\/\" \/>\n<meta property=\"og:locale\" content=\"nl_NL\" \/>\n<meta property=\"og:type\" content=\"article\" \/>\n<meta property=\"og:title\" content=\"Fender Jazz Bass 1978 sunburst ex Adam Clayton \u2013 U2 - Matt&#039;s Guitar Shop\" \/>\n<meta property=\"og:description\" content=\"Issue de la collection personnelle d&#039;Adam Clayton, cette Fender Jazz Bass de 1978 en finition Sunburst classique constitue un t\u00e9moignage historique rare. Demeur\u00e9 pendant de nombreuses ann\u00e9es entre les mains du bassiste embl\u00e9matique de U2, l&#039;instrument illustre parfaitement l&#039;attachement du musicien \u00e0 ce mod\u00e8le comme pilier central de son identit\u00e9 sonore. Les exemplaires de la fin des ann\u00e9es soixante-dix sont r\u00e9put\u00e9s pour leur r\u00e9ponse puissante et leur assise grave profonde, des qualit\u00e9s id\u00e9alement adapt\u00e9es \u00e0 l&#039;amplitude sonore des sc\u00e8nes mondiales foul\u00e9es par le groupe.  Pr\u00e9sent\u00e9e dans un \u00e9tat de conservation remarquable, cette Jazz Bass affiche une patine homog\u00e8ne et une int\u00e9grit\u00e9 totale de ses composants, refl\u00e9tant un soin m\u00e9ticuleux au fil des d\u00e9cennies.  La mise sur le march\u00e9 d&#039;une pi\u00e8ce provenant directement du patrimoine d&#039;Adam Clayton est un \u00e9v\u00e9nement exceptionnel, offrant aux collectionneurs une opportunit\u00e9 unique d&#039;acqu\u00e9rir un fragment authentique de l&#039;histoire du rock.\" \/>\n<meta property=\"og:url\" content=\"https:\/\/www.matts-guitar-shop.com\/nl\/produit\/fender-jazz-bass-1978-sunburst-ex-adam-clayton-u2\/\" \/>\n<meta property=\"og:site_name\" content=\"Matt&#039;s Guitar Shop\" \/>\n<meta property=\"article:publisher\" content=\"https:\/\/www.facebook.com\/profile.php?id=100044359842817\" \/>\n<meta property=\"article:modified_time\" content=\"2026-04-09T18:28:20+00:00\" \/>\n<meta property=\"og:image\" content=\"https:\/\/www.matts-guitar-shop.com\/wp-content\/uploads\/2026\/04\/Fender-Jazz-Bass-1978-Sunburst-Ex-Adam-Clayton-U2-01.jpg\" \/>\n\t<meta property=\"og:image:width\" content=\"800\" \/>\n\t<meta property=\"og:image:height\" content=\"1200\" \/>\n\t<meta property=\"og:image:type\" content=\"image\/jpeg\" \/>\n<meta name=\"twitter:card\" content=\"summary_large_image\" \/>\n<meta name=\"twitter:label1\" content=\"Geschatte leestijd\" \/>\n\t<meta name=\"twitter:data1\" content=\"1 minuut\" \/>\n<script type=\"application\/ld+json\" class=\"yoast-schema-graph\">{\"@context\":\"https:\/\/schema.org\",\"@graph\":[{\"@type\":\"WebPage\",\"@id\":\"https:\/\/www.matts-guitar-shop.com\/nl\/produit\/fender-jazz-bass-1978-sunburst-ex-adam-clayton-u2\/\",\"url\":\"https:\/\/www.matts-guitar-shop.com\/nl\/produit\/fender-jazz-bass-1978-sunburst-ex-adam-clayton-u2\/\",\"name\":\"Fender Jazz Bass 1978 sunburst ex Adam Clayton \u2013 U2 - Matt&#039;s Guitar Shop\",\"isPartOf\":{\"@id\":\"https:\/\/www.matts-guitar-shop.com\/nl\/#website\"},\"primaryImageOfPage\":{\"@id\":\"https:\/\/www.matts-guitar-shop.com\/nl\/produit\/fender-jazz-bass-1978-sunburst-ex-adam-clayton-u2\/#primaryimage\"},\"image\":{\"@id\":\"https:\/\/www.matts-guitar-shop.com\/nl\/produit\/fender-jazz-bass-1978-sunburst-ex-adam-clayton-u2\/#primaryimage\"},\"thumbnailUrl\":\"https:\/\/www.matts-guitar-shop.com\/wp-content\/uploads\/2026\/04\/Fender-Jazz-Bass-1978-Sunburst-Ex-Adam-Clayton-U2-01.jpg\",\"datePublished\":\"2026-04-09T18:05:24+00:00\",\"dateModified\":\"2026-04-09T18:28:20+00:00\",\"breadcrumb\":{\"@id\":\"https:\/\/www.matts-guitar-shop.com\/nl\/produit\/fender-jazz-bass-1978-sunburst-ex-adam-clayton-u2\/#breadcrumb\"},\"inLanguage\":\"nl-NL\",\"potentialAction\":[{\"@type\":\"ReadAction\",\"target\":[\"https:\/\/www.matts-guitar-shop.com\/nl\/produit\/fender-jazz-bass-1978-sunburst-ex-adam-clayton-u2\/\"]}]},{\"@type\":\"ImageObject\",\"inLanguage\":\"nl-NL\",\"@id\":\"https:\/\/www.matts-guitar-shop.com\/nl\/produit\/fender-jazz-bass-1978-sunburst-ex-adam-clayton-u2\/#primaryimage\",\"url\":\"https:\/\/www.matts-guitar-shop.com\/wp-content\/uploads\/2026\/04\/Fender-Jazz-Bass-1978-Sunburst-Ex-Adam-Clayton-U2-01.jpg\",\"contentUrl\":\"https:\/\/www.matts-guitar-shop.com\/wp-content\/uploads\/2026\/04\/Fender-Jazz-Bass-1978-Sunburst-Ex-Adam-Clayton-U2-01.jpg\",\"width\":800,\"height\":1200},{\"@type\":\"BreadcrumbList\",\"@id\":\"https:\/\/www.matts-guitar-shop.com\/nl\/produit\/fender-jazz-bass-1978-sunburst-ex-adam-clayton-u2\/#breadcrumb\",\"itemListElement\":[{\"@type\":\"ListItem\",\"position\":1,\"name\":\"Home\",\"item\":\"https:\/\/www.matts-guitar-shop.com\/nl\/\"},{\"@type\":\"ListItem\",\"position\":2,\"name\":\"Winkel\",\"item\":\"https:\/\/www.matts-guitar-shop.com\/nl\/winkel\/\"},{\"@type\":\"ListItem\",\"position\":3,\"name\":\"Fender Jazz Bass 1978 sunburst ex Adam Clayton \u2013 U2\"}]},{\"@type\":\"WebSite\",\"@id\":\"https:\/\/www.matts-guitar-shop.com\/nl\/#website\",\"url\":\"https:\/\/www.matts-guitar-shop.com\/nl\/\",\"name\":\"matts-guitar-shop.com\",\"description\":\"Guitar Shop\",\"publisher\":{\"@id\":\"https:\/\/www.matts-guitar-shop.com\/nl\/#organization\"},\"potentialAction\":[{\"@type\":\"SearchAction\",\"target\":{\"@type\":\"EntryPoint\",\"urlTemplate\":\"https:\/\/www.matts-guitar-shop.com\/nl\/?s={search_term_string}\"},\"query-input\":{\"@type\":\"PropertyValueSpecification\",\"valueRequired\":true,\"valueName\":\"search_term_string\"}}],\"inLanguage\":\"nl-NL\"},{\"@type\":\"Organization\",\"@id\":\"https:\/\/www.matts-guitar-shop.com\/nl\/#organization\",\"name\":\"matts-guitar-shop.com\",\"url\":\"https:\/\/www.matts-guitar-shop.com\/nl\/\",\"logo\":{\"@type\":\"ImageObject\",\"inLanguage\":\"nl-NL\",\"@id\":\"https:\/\/www.matts-guitar-shop.com\/nl\/#\/schema\/logo\/image\/\",\"url\":\"https:\/\/www.matts-guitar-shop.com\/wp-content\/uploads\/2024\/09\/MGS-logo-site-02.png\",\"contentUrl\":\"https:\/\/www.matts-guitar-shop.com\/wp-content\/uploads\/2024\/09\/MGS-logo-site-02.png\",\"width\":200,\"height\":122,\"caption\":\"matts-guitar-shop.com\"},\"image\":{\"@id\":\"https:\/\/www.matts-guitar-shop.com\/nl\/#\/schema\/logo\/image\/\"},\"sameAs\":[\"https:\/\/www.facebook.com\/profile.php?id=100044359842817\",\"https:\/\/www.instagram.com\/mattsguitarshop\/\",\"https:\/\/www.youtube.com\/@MattLucasMan\/videos\"]}]}<\/script>\n<!-- \/ Yoast SEO plugin. -->","yoast_head_json":{"title":"Fender Jazz Bass 1978 sunburst ex Adam Clayton \u2013 U2 - Matt&#039;s Guitar Shop","robots":{"index":"index","follow":"follow","max-snippet":"max-snippet:-1","max-image-preview":"max-image-preview:large","max-video-preview":"max-video-preview:-1"},"canonical":"https:\/\/www.matts-guitar-shop.com\/nl\/produit\/fender-jazz-bass-1978-sunburst-ex-adam-clayton-u2\/","og_locale":"nl_NL","og_type":"article","og_title":"Fender Jazz Bass 1978 sunburst ex Adam Clayton \u2013 U2 - Matt&#039;s Guitar Shop","og_description":"Issue de la collection personnelle d'Adam Clayton, cette Fender Jazz Bass de 1978 en finition Sunburst classique constitue un t\u00e9moignage historique rare. Demeur\u00e9 pendant de nombreuses ann\u00e9es entre les mains du bassiste embl\u00e9matique de U2, l'instrument illustre parfaitement l'attachement du musicien \u00e0 ce mod\u00e8le comme pilier central de son identit\u00e9 sonore. Les exemplaires de la fin des ann\u00e9es soixante-dix sont r\u00e9put\u00e9s pour leur r\u00e9ponse puissante et leur assise grave profonde, des qualit\u00e9s id\u00e9alement adapt\u00e9es \u00e0 l'amplitude sonore des sc\u00e8nes mondiales foul\u00e9es par le groupe.  Pr\u00e9sent\u00e9e dans un \u00e9tat de conservation remarquable, cette Jazz Bass affiche une patine homog\u00e8ne et une int\u00e9grit\u00e9 totale de ses composants, refl\u00e9tant un soin m\u00e9ticuleux au fil des d\u00e9cennies.  La mise sur le march\u00e9 d'une pi\u00e8ce provenant directement du patrimoine d'Adam Clayton est un \u00e9v\u00e9nement exceptionnel, offrant aux collectionneurs une opportunit\u00e9 unique d'acqu\u00e9rir un fragment authentique de l'histoire du rock.","og_url":"https:\/\/www.matts-guitar-shop.com\/nl\/produit\/fender-jazz-bass-1978-sunburst-ex-adam-clayton-u2\/","og_site_name":"Matt&#039;s Guitar Shop","article_publisher":"https:\/\/www.facebook.com\/profile.php?id=100044359842817","article_modified_time":"2026-04-09T18:28:20+00:00","og_image":[{"width":800,"height":1200,"url":"https:\/\/www.matts-guitar-shop.com\/wp-content\/uploads\/2026\/04\/Fender-Jazz-Bass-1978-Sunburst-Ex-Adam-Clayton-U2-01.jpg","type":"image\/jpeg"}],"twitter_card":"summary_large_image","twitter_misc":{"Geschatte leestijd":"1 minuut"},"schema":{"@context":"https:\/\/schema.org","@graph":[{"@type":"WebPage","@id":"https:\/\/www.matts-guitar-shop.com\/nl\/produit\/fender-jazz-bass-1978-sunburst-ex-adam-clayton-u2\/","url":"https:\/\/www.matts-guitar-shop.com\/nl\/produit\/fender-jazz-bass-1978-sunburst-ex-adam-clayton-u2\/","name":"Fender Jazz Bass 1978 sunburst ex Adam Clayton \u2013 U2 - Matt&#039;s Guitar Shop","isPartOf":{"@id":"https:\/\/www.matts-guitar-shop.com\/nl\/#website"},"primaryImageOfPage":{"@id":"https:\/\/www.matts-guitar-shop.com\/nl\/produit\/fender-jazz-bass-1978-sunburst-ex-adam-clayton-u2\/#primaryimage"},"image":{"@id":"https:\/\/www.matts-guitar-shop.com\/nl\/produit\/fender-jazz-bass-1978-sunburst-ex-adam-clayton-u2\/#primaryimage"},"thumbnailUrl":"https:\/\/www.matts-guitar-shop.com\/wp-content\/uploads\/2026\/04\/Fender-Jazz-Bass-1978-Sunburst-Ex-Adam-Clayton-U2-01.jpg","datePublished":"2026-04-09T18:05:24+00:00","dateModified":"2026-04-09T18:28:20+00:00","breadcrumb":{"@id":"https:\/\/www.matts-guitar-shop.com\/nl\/produit\/fender-jazz-bass-1978-sunburst-ex-adam-clayton-u2\/#breadcrumb"},"inLanguage":"nl-NL","potentialAction":[{"@type":"ReadAction","target":["https:\/\/www.matts-guitar-shop.com\/nl\/produit\/fender-jazz-bass-1978-sunburst-ex-adam-clayton-u2\/"]}]},{"@type":"ImageObject","inLanguage":"nl-NL","@id":"https:\/\/www.matts-guitar-shop.com\/nl\/produit\/fender-jazz-bass-1978-sunburst-ex-adam-clayton-u2\/#primaryimage","url":"https:\/\/www.matts-guitar-shop.com\/wp-content\/uploads\/2026\/04\/Fender-Jazz-Bass-1978-Sunburst-Ex-Adam-Clayton-U2-01.jpg","contentUrl":"https:\/\/www.matts-guitar-shop.com\/wp-content\/uploads\/2026\/04\/Fender-Jazz-Bass-1978-Sunburst-Ex-Adam-Clayton-U2-01.jpg","width":800,"height":1200},{"@type":"BreadcrumbList","@id":"https:\/\/www.matts-guitar-shop.com\/nl\/produit\/fender-jazz-bass-1978-sunburst-ex-adam-clayton-u2\/#breadcrumb","itemListElement":[{"@type":"ListItem","position":1,"name":"Home","item":"https:\/\/www.matts-guitar-shop.com\/nl\/"},{"@type":"ListItem","position":2,"name":"Winkel","item":"https:\/\/www.matts-guitar-shop.com\/nl\/winkel\/"},{"@type":"ListItem","position":3,"name":"Fender Jazz Bass 1978 sunburst ex Adam Clayton \u2013 U2"}]},{"@type":"WebSite","@id":"https:\/\/www.matts-guitar-shop.com\/nl\/#website","url":"https:\/\/www.matts-guitar-shop.com\/nl\/","name":"matts-guitar-shop.com","description":"Guitar Shop","publisher":{"@id":"https:\/\/www.matts-guitar-shop.com\/nl\/#organization"},"potentialAction":[{"@type":"SearchAction","target":{"@type":"EntryPoint","urlTemplate":"https:\/\/www.matts-guitar-shop.com\/nl\/?s={search_term_string}"},"query-input":{"@type":"PropertyValueSpecification","valueRequired":true,"valueName":"search_term_string"}}],"inLanguage":"nl-NL"},{"@type":"Organization","@id":"https:\/\/www.matts-guitar-shop.com\/nl\/#organization","name":"matts-guitar-shop.com","url":"https:\/\/www.matts-guitar-shop.com\/nl\/","logo":{"@type":"ImageObject","inLanguage":"nl-NL","@id":"https:\/\/www.matts-guitar-shop.com\/nl\/#\/schema\/logo\/image\/","url":"https:\/\/www.matts-guitar-shop.com\/wp-content\/uploads\/2024\/09\/MGS-logo-site-02.png","contentUrl":"https:\/\/www.matts-guitar-shop.com\/wp-content\/uploads\/2024\/09\/MGS-logo-site-02.png","width":200,"height":122,"caption":"matts-guitar-shop.com"},"image":{"@id":"https:\/\/www.matts-guitar-shop.com\/nl\/#\/schema\/logo\/image\/"},"sameAs":["https:\/\/www.facebook.com\/profile.php?id=100044359842817","https:\/\/www.instagram.com\/mattsguitarshop\/","https:\/\/www.youtube.com\/@MattLucasMan\/videos"]}]}},"_links":{"self":[{"href":"https:\/\/www.matts-guitar-shop.com\/nl\/wp-json\/wp\/v2\/product\/33659","targetHints":{"allow":["GET"]}}],"collection":[{"href":"https:\/\/www.matts-guitar-shop.com\/nl\/wp-json\/wp\/v2\/product"}],"about":[{"href":"https:\/\/www.matts-guitar-shop.com\/nl\/wp-json\/wp\/v2\/types\/product"}],"replies":[{"embeddable":true,"href":"https:\/\/www.matts-guitar-shop.com\/nl\/wp-json\/wp\/v2\/comments?post=33659"}],"wp:featuredmedia":[{"embeddable":true,"href":"https:\/\/www.matts-guitar-shop.com\/nl\/wp-json\/wp\/v2\/media\/33660"}],"wp:attachment":[{"href":"https:\/\/www.matts-guitar-shop.com\/nl\/wp-json\/wp\/v2\/media?parent=33659"}],"wp:term":[{"taxonomy":"product_brand","embeddable":true,"href":"https:\/\/www.matts-guitar-shop.com\/nl\/wp-json\/wp\/v2\/product_brand?post=33659"},{"taxonomy":"product_cat","embeddable":true,"href":"https:\/\/www.matts-guitar-shop.com\/nl\/wp-json\/wp\/v2\/product_cat?post=33659"},{"taxonomy":"product_tag","embeddable":true,"href":"https:\/\/www.matts-guitar-shop.com\/nl\/wp-json\/wp\/v2\/product_tag?post=33659"}],"curies":[{"name":"wp","href":"https:\/\/api.w.org\/{rel}","templated":true}]}}