{"id":33536,"date":"2026-04-09T19:41:26","date_gmt":"2026-04-09T17:41:26","guid":{"rendered":"https:\/\/www.matts-guitar-shop.com\/?post_type=product&#038;p=33536"},"modified":"2026-04-09T19:41:26","modified_gmt":"2026-04-09T17:41:26","slug":"fender-stratocaster-1979-antigua","status":"publish","type":"product","link":"https:\/\/www.matts-guitar-shop.com\/nl\/produit\/fender-stratocaster-1979-antigua\/","title":{"rendered":"Fender Stratocaster 1979 Antigua"},"content":{"rendered":"","protected":false},"excerpt":{"rendered":"<p>Cette Fender Stratocaster de 1979 incarne parfaitement l\u2019esth\u00e9tique et l\u2019esprit de la fin des ann\u00e9es soixante-dix. Arborant la finition iconique Antigua, l&#8217;instrument est int\u00e9gralement d\u2019origine et se pr\u00e9sente dans un \u00e9tat de conservation exceptionnel. Cette Stratocaster rare au look imm\u00e9diatement reconnaissable s&#8217;av\u00e8re \u00e0 la fois sobre, pleine de caract\u00e8re et charg\u00e9e de personnalit\u00e9. Il s&#8217;agit d&#8217;un exemplaire particuli\u00e8rement r\u00e9ussi pour les amateurs de cette finition mythique et pour ceux qui recherchent une pi\u00e8ce vintage dot\u00e9e d&#8217;une v\u00e9ritable pr\u00e9sence sc\u00e9nique.<\/p>\n","protected":false},"featured_media":33537,"comment_status":"closed","ping_status":"closed","template":"","meta":{"_et_pb_use_builder":"","_et_pb_old_content":"","_et_gb_content_width":""},"product_brand":[],"product_cat":[123,152],"product_tag":[],"class_list":{"0":"post-33536","1":"product","2":"type-product","3":"status-publish","4":"has-post-thumbnail","6":"product_cat-guitares-electriques","7":"product_cat-guitares","8":"pa_disponibilite-en-vente","9":"pa_marque-fender","11":"first","12":"instock","13":"shipping-taxable","14":"purchasable","15":"product-type-simple"},"yoast_head":"<!-- This site is optimized with the Yoast SEO plugin v26.8 - https:\/\/yoast.com\/product\/yoast-seo-wordpress\/ -->\n<title>Fender Stratocaster 1979 Antigua - Matt&#039;s Guitar Shop<\/title>\n<meta name=\"robots\" content=\"index, follow, max-snippet:-1, max-image-preview:large, max-video-preview:-1\" \/>\n<link rel=\"canonical\" href=\"https:\/\/www.matts-guitar-shop.com\/nl\/produit\/fender-stratocaster-1979-antigua\/\" \/>\n<meta property=\"og:locale\" content=\"nl_NL\" \/>\n<meta property=\"og:type\" content=\"article\" \/>\n<meta property=\"og:title\" content=\"Fender Stratocaster 1979 Antigua - Matt&#039;s Guitar Shop\" \/>\n<meta property=\"og:description\" content=\"Cette Fender Stratocaster de 1979 incarne parfaitement l\u2019esth\u00e9tique et l\u2019esprit de la fin des ann\u00e9es soixante-dix. Arborant la finition iconique Antigua, l&#039;instrument est int\u00e9gralement d\u2019origine et se pr\u00e9sente dans un \u00e9tat de conservation exceptionnel. Cette Stratocaster rare au look imm\u00e9diatement reconnaissable s&#039;av\u00e8re \u00e0 la fois sobre, pleine de caract\u00e8re et charg\u00e9e de personnalit\u00e9. Il s&#039;agit d&#039;un exemplaire particuli\u00e8rement r\u00e9ussi pour les amateurs de cette finition mythique et pour ceux qui recherchent une pi\u00e8ce vintage dot\u00e9e d&#039;une v\u00e9ritable pr\u00e9sence sc\u00e9nique.\" \/>\n<meta property=\"og:url\" content=\"https:\/\/www.matts-guitar-shop.com\/nl\/produit\/fender-stratocaster-1979-antigua\/\" \/>\n<meta property=\"og:site_name\" content=\"Matt&#039;s Guitar Shop\" \/>\n<meta property=\"article:publisher\" content=\"https:\/\/www.facebook.com\/profile.php?id=100044359842817\" \/>\n<meta property=\"og:image\" content=\"https:\/\/www.matts-guitar-shop.com\/wp-content\/uploads\/2026\/04\/Fender-Stratocaster-1979-Antigua-01.jpg\" \/>\n\t<meta property=\"og:image:width\" content=\"800\" \/>\n\t<meta property=\"og:image:height\" content=\"1200\" \/>\n\t<meta property=\"og:image:type\" content=\"image\/jpeg\" \/>\n<meta name=\"twitter:card\" content=\"summary_large_image\" \/>\n<meta name=\"twitter:label1\" content=\"Geschatte leestijd\" \/>\n\t<meta name=\"twitter:data1\" content=\"1 minuut\" \/>\n<script type=\"application\/ld+json\" class=\"yoast-schema-graph\">{\"@context\":\"https:\/\/schema.org\",\"@graph\":[{\"@type\":\"WebPage\",\"@id\":\"https:\/\/www.matts-guitar-shop.com\/nl\/produit\/fender-stratocaster-1979-antigua\/\",\"url\":\"https:\/\/www.matts-guitar-shop.com\/nl\/produit\/fender-stratocaster-1979-antigua\/\",\"name\":\"Fender Stratocaster 1979 Antigua - Matt&#039;s Guitar Shop\",\"isPartOf\":{\"@id\":\"https:\/\/www.matts-guitar-shop.com\/nl\/#website\"},\"primaryImageOfPage\":{\"@id\":\"https:\/\/www.matts-guitar-shop.com\/nl\/produit\/fender-stratocaster-1979-antigua\/#primaryimage\"},\"image\":{\"@id\":\"https:\/\/www.matts-guitar-shop.com\/nl\/produit\/fender-stratocaster-1979-antigua\/#primaryimage\"},\"thumbnailUrl\":\"https:\/\/www.matts-guitar-shop.com\/wp-content\/uploads\/2026\/04\/Fender-Stratocaster-1979-Antigua-01.jpg\",\"datePublished\":\"2026-04-09T17:41:26+00:00\",\"breadcrumb\":{\"@id\":\"https:\/\/www.matts-guitar-shop.com\/nl\/produit\/fender-stratocaster-1979-antigua\/#breadcrumb\"},\"inLanguage\":\"nl-NL\",\"potentialAction\":[{\"@type\":\"ReadAction\",\"target\":[\"https:\/\/www.matts-guitar-shop.com\/nl\/produit\/fender-stratocaster-1979-antigua\/\"]}]},{\"@type\":\"ImageObject\",\"inLanguage\":\"nl-NL\",\"@id\":\"https:\/\/www.matts-guitar-shop.com\/nl\/produit\/fender-stratocaster-1979-antigua\/#primaryimage\",\"url\":\"https:\/\/www.matts-guitar-shop.com\/wp-content\/uploads\/2026\/04\/Fender-Stratocaster-1979-Antigua-01.jpg\",\"contentUrl\":\"https:\/\/www.matts-guitar-shop.com\/wp-content\/uploads\/2026\/04\/Fender-Stratocaster-1979-Antigua-01.jpg\",\"width\":800,\"height\":1200},{\"@type\":\"BreadcrumbList\",\"@id\":\"https:\/\/www.matts-guitar-shop.com\/nl\/produit\/fender-stratocaster-1979-antigua\/#breadcrumb\",\"itemListElement\":[{\"@type\":\"ListItem\",\"position\":1,\"name\":\"Home\",\"item\":\"https:\/\/www.matts-guitar-shop.com\/nl\/\"},{\"@type\":\"ListItem\",\"position\":2,\"name\":\"Winkel\",\"item\":\"https:\/\/www.matts-guitar-shop.com\/nl\/winkel\/\"},{\"@type\":\"ListItem\",\"position\":3,\"name\":\"Fender Stratocaster 1979 Antigua\"}]},{\"@type\":\"WebSite\",\"@id\":\"https:\/\/www.matts-guitar-shop.com\/nl\/#website\",\"url\":\"https:\/\/www.matts-guitar-shop.com\/nl\/\",\"name\":\"matts-guitar-shop.com\",\"description\":\"Guitar Shop\",\"publisher\":{\"@id\":\"https:\/\/www.matts-guitar-shop.com\/nl\/#organization\"},\"potentialAction\":[{\"@type\":\"SearchAction\",\"target\":{\"@type\":\"EntryPoint\",\"urlTemplate\":\"https:\/\/www.matts-guitar-shop.com\/nl\/?s={search_term_string}\"},\"query-input\":{\"@type\":\"PropertyValueSpecification\",\"valueRequired\":true,\"valueName\":\"search_term_string\"}}],\"inLanguage\":\"nl-NL\"},{\"@type\":\"Organization\",\"@id\":\"https:\/\/www.matts-guitar-shop.com\/nl\/#organization\",\"name\":\"matts-guitar-shop.com\",\"url\":\"https:\/\/www.matts-guitar-shop.com\/nl\/\",\"logo\":{\"@type\":\"ImageObject\",\"inLanguage\":\"nl-NL\",\"@id\":\"https:\/\/www.matts-guitar-shop.com\/nl\/#\/schema\/logo\/image\/\",\"url\":\"https:\/\/www.matts-guitar-shop.com\/wp-content\/uploads\/2024\/09\/MGS-logo-site-02.png\",\"contentUrl\":\"https:\/\/www.matts-guitar-shop.com\/wp-content\/uploads\/2024\/09\/MGS-logo-site-02.png\",\"width\":200,\"height\":122,\"caption\":\"matts-guitar-shop.com\"},\"image\":{\"@id\":\"https:\/\/www.matts-guitar-shop.com\/nl\/#\/schema\/logo\/image\/\"},\"sameAs\":[\"https:\/\/www.facebook.com\/profile.php?id=100044359842817\",\"https:\/\/www.instagram.com\/mattsguitarshop\/\",\"https:\/\/www.youtube.com\/@MattLucasMan\/videos\"]}]}<\/script>\n<!-- \/ Yoast SEO plugin. -->","yoast_head_json":{"title":"Fender Stratocaster 1979 Antigua - Matt&#039;s Guitar Shop","robots":{"index":"index","follow":"follow","max-snippet":"max-snippet:-1","max-image-preview":"max-image-preview:large","max-video-preview":"max-video-preview:-1"},"canonical":"https:\/\/www.matts-guitar-shop.com\/nl\/produit\/fender-stratocaster-1979-antigua\/","og_locale":"nl_NL","og_type":"article","og_title":"Fender Stratocaster 1979 Antigua - Matt&#039;s Guitar Shop","og_description":"Cette Fender Stratocaster de 1979 incarne parfaitement l\u2019esth\u00e9tique et l\u2019esprit de la fin des ann\u00e9es soixante-dix. Arborant la finition iconique Antigua, l'instrument est int\u00e9gralement d\u2019origine et se pr\u00e9sente dans un \u00e9tat de conservation exceptionnel. Cette Stratocaster rare au look imm\u00e9diatement reconnaissable s'av\u00e8re \u00e0 la fois sobre, pleine de caract\u00e8re et charg\u00e9e de personnalit\u00e9. Il s'agit d'un exemplaire particuli\u00e8rement r\u00e9ussi pour les amateurs de cette finition mythique et pour ceux qui recherchent une pi\u00e8ce vintage dot\u00e9e d'une v\u00e9ritable pr\u00e9sence sc\u00e9nique.","og_url":"https:\/\/www.matts-guitar-shop.com\/nl\/produit\/fender-stratocaster-1979-antigua\/","og_site_name":"Matt&#039;s Guitar Shop","article_publisher":"https:\/\/www.facebook.com\/profile.php?id=100044359842817","og_image":[{"width":800,"height":1200,"url":"https:\/\/www.matts-guitar-shop.com\/wp-content\/uploads\/2026\/04\/Fender-Stratocaster-1979-Antigua-01.jpg","type":"image\/jpeg"}],"twitter_card":"summary_large_image","twitter_misc":{"Geschatte leestijd":"1 minuut"},"schema":{"@context":"https:\/\/schema.org","@graph":[{"@type":"WebPage","@id":"https:\/\/www.matts-guitar-shop.com\/nl\/produit\/fender-stratocaster-1979-antigua\/","url":"https:\/\/www.matts-guitar-shop.com\/nl\/produit\/fender-stratocaster-1979-antigua\/","name":"Fender Stratocaster 1979 Antigua - Matt&#039;s Guitar Shop","isPartOf":{"@id":"https:\/\/www.matts-guitar-shop.com\/nl\/#website"},"primaryImageOfPage":{"@id":"https:\/\/www.matts-guitar-shop.com\/nl\/produit\/fender-stratocaster-1979-antigua\/#primaryimage"},"image":{"@id":"https:\/\/www.matts-guitar-shop.com\/nl\/produit\/fender-stratocaster-1979-antigua\/#primaryimage"},"thumbnailUrl":"https:\/\/www.matts-guitar-shop.com\/wp-content\/uploads\/2026\/04\/Fender-Stratocaster-1979-Antigua-01.jpg","datePublished":"2026-04-09T17:41:26+00:00","breadcrumb":{"@id":"https:\/\/www.matts-guitar-shop.com\/nl\/produit\/fender-stratocaster-1979-antigua\/#breadcrumb"},"inLanguage":"nl-NL","potentialAction":[{"@type":"ReadAction","target":["https:\/\/www.matts-guitar-shop.com\/nl\/produit\/fender-stratocaster-1979-antigua\/"]}]},{"@type":"ImageObject","inLanguage":"nl-NL","@id":"https:\/\/www.matts-guitar-shop.com\/nl\/produit\/fender-stratocaster-1979-antigua\/#primaryimage","url":"https:\/\/www.matts-guitar-shop.com\/wp-content\/uploads\/2026\/04\/Fender-Stratocaster-1979-Antigua-01.jpg","contentUrl":"https:\/\/www.matts-guitar-shop.com\/wp-content\/uploads\/2026\/04\/Fender-Stratocaster-1979-Antigua-01.jpg","width":800,"height":1200},{"@type":"BreadcrumbList","@id":"https:\/\/www.matts-guitar-shop.com\/nl\/produit\/fender-stratocaster-1979-antigua\/#breadcrumb","itemListElement":[{"@type":"ListItem","position":1,"name":"Home","item":"https:\/\/www.matts-guitar-shop.com\/nl\/"},{"@type":"ListItem","position":2,"name":"Winkel","item":"https:\/\/www.matts-guitar-shop.com\/nl\/winkel\/"},{"@type":"ListItem","position":3,"name":"Fender Stratocaster 1979 Antigua"}]},{"@type":"WebSite","@id":"https:\/\/www.matts-guitar-shop.com\/nl\/#website","url":"https:\/\/www.matts-guitar-shop.com\/nl\/","name":"matts-guitar-shop.com","description":"Guitar Shop","publisher":{"@id":"https:\/\/www.matts-guitar-shop.com\/nl\/#organization"},"potentialAction":[{"@type":"SearchAction","target":{"@type":"EntryPoint","urlTemplate":"https:\/\/www.matts-guitar-shop.com\/nl\/?s={search_term_string}"},"query-input":{"@type":"PropertyValueSpecification","valueRequired":true,"valueName":"search_term_string"}}],"inLanguage":"nl-NL"},{"@type":"Organization","@id":"https:\/\/www.matts-guitar-shop.com\/nl\/#organization","name":"matts-guitar-shop.com","url":"https:\/\/www.matts-guitar-shop.com\/nl\/","logo":{"@type":"ImageObject","inLanguage":"nl-NL","@id":"https:\/\/www.matts-guitar-shop.com\/nl\/#\/schema\/logo\/image\/","url":"https:\/\/www.matts-guitar-shop.com\/wp-content\/uploads\/2024\/09\/MGS-logo-site-02.png","contentUrl":"https:\/\/www.matts-guitar-shop.com\/wp-content\/uploads\/2024\/09\/MGS-logo-site-02.png","width":200,"height":122,"caption":"matts-guitar-shop.com"},"image":{"@id":"https:\/\/www.matts-guitar-shop.com\/nl\/#\/schema\/logo\/image\/"},"sameAs":["https:\/\/www.facebook.com\/profile.php?id=100044359842817","https:\/\/www.instagram.com\/mattsguitarshop\/","https:\/\/www.youtube.com\/@MattLucasMan\/videos"]}]}},"_links":{"self":[{"href":"https:\/\/www.matts-guitar-shop.com\/nl\/wp-json\/wp\/v2\/product\/33536","targetHints":{"allow":["GET"]}}],"collection":[{"href":"https:\/\/www.matts-guitar-shop.com\/nl\/wp-json\/wp\/v2\/product"}],"about":[{"href":"https:\/\/www.matts-guitar-shop.com\/nl\/wp-json\/wp\/v2\/types\/product"}],"replies":[{"embeddable":true,"href":"https:\/\/www.matts-guitar-shop.com\/nl\/wp-json\/wp\/v2\/comments?post=33536"}],"wp:featuredmedia":[{"embeddable":true,"href":"https:\/\/www.matts-guitar-shop.com\/nl\/wp-json\/wp\/v2\/media\/33537"}],"wp:attachment":[{"href":"https:\/\/www.matts-guitar-shop.com\/nl\/wp-json\/wp\/v2\/media?parent=33536"}],"wp:term":[{"taxonomy":"product_brand","embeddable":true,"href":"https:\/\/www.matts-guitar-shop.com\/nl\/wp-json\/wp\/v2\/product_brand?post=33536"},{"taxonomy":"product_cat","embeddable":true,"href":"https:\/\/www.matts-guitar-shop.com\/nl\/wp-json\/wp\/v2\/product_cat?post=33536"},{"taxonomy":"product_tag","embeddable":true,"href":"https:\/\/www.matts-guitar-shop.com\/nl\/wp-json\/wp\/v2\/product_tag?post=33536"}],"curies":[{"name":"wp","href":"https:\/\/api.w.org\/{rel}","templated":true}]}}