{"id":32624,"date":"2026-04-07T15:43:45","date_gmt":"2026-04-07T13:43:45","guid":{"rendered":"https:\/\/www.matts-guitar-shop.com\/?post_type=product&#038;p=32624"},"modified":"2026-04-07T15:58:44","modified_gmt":"2026-04-07T13:58:44","slug":"fender-stratocaster-masterbuilt-john-frusciante-signature","status":"publish","type":"product","link":"https:\/\/www.matts-guitar-shop.com\/nl\/produit\/fender-stratocaster-masterbuilt-john-frusciante-signature\/","title":{"rendered":"Fender Stratocaster Masterbuilt John Frusciante Signature"},"content":{"rendered":"","protected":false},"excerpt":{"rendered":"<p>Cette Fender Stratocaster Masterbuilt figure parmi les cr\u00e9ations les plus l\u00e9gendaires et attendues issues du Custom Shop.<\/p>\n<p>Il s&#8217;agit d&#8217;une r\u00e9plique rigoureuse de la c\u00e9l\u00e8bre Stratocaster 1962 de John Frusciante, \u00e9l\u00e9ment central de l&#8217;identit\u00e9 sonore des Red Hot Chili Peppers. Les ma\u00eetres luthiers ont reproduit avec une pr\u00e9cision extr\u00eame chaque trace d&#8217;usure, chaque \u00e9clat de vernis et les nuances sp\u00e9cifiques du Sunburst pour restituer l&#8217;essence de l&#8217;instrument original. En plus de son esth\u00e9tique de caract\u00e8re, la guitare d\u00e9livre la r\u00e9ponse dynamique et le claquant typique qui ont forg\u00e9 les riffs de morceaux comme \u00ab Under the Bridge \u00bb ou \u00ab Can&#8217;t Stop \u00bb.<\/p>\n<p>Accompagn\u00e9e de ses accessoires et de son certificat d&#8217;authenticit\u00e9, ce mod\u00e8le constitue l&#8217;aboutissement ultime pour les admirateurs de Frusciante et les passionn\u00e9s d&#8217;instruments d&#8217;exception.<\/p>\n","protected":false},"featured_media":32625,"comment_status":"closed","ping_status":"closed","template":"","meta":{"_et_pb_use_builder":"","_et_pb_old_content":"","_et_gb_content_width":""},"product_brand":[],"product_cat":[123,82,152],"product_tag":[],"class_list":{"0":"post-32624","1":"product","2":"type-product","3":"status-publish","4":"has-post-thumbnail","6":"product_cat-guitares-electriques","7":"product_cat-artistes","8":"product_cat-guitares","9":"pa_artiste-john-frusciante","10":"pa_disponibilite-en-vente","11":"pa_marque-fender","13":"first","14":"instock","15":"shipping-taxable","16":"purchasable","17":"product-type-simple"},"yoast_head":"<!-- This site is optimized with the Yoast SEO plugin v26.8 - https:\/\/yoast.com\/product\/yoast-seo-wordpress\/ -->\n<title>Fender Stratocaster Masterbuilt John Frusciante Signature - Matt&#039;s Guitar Shop<\/title>\n<meta name=\"robots\" content=\"index, follow, max-snippet:-1, max-image-preview:large, max-video-preview:-1\" \/>\n<link rel=\"canonical\" href=\"https:\/\/www.matts-guitar-shop.com\/nl\/produit\/fender-stratocaster-masterbuilt-john-frusciante-signature\/\" \/>\n<meta property=\"og:locale\" content=\"nl_NL\" \/>\n<meta property=\"og:type\" content=\"article\" \/>\n<meta property=\"og:title\" content=\"Fender Stratocaster Masterbuilt John Frusciante Signature - Matt&#039;s Guitar Shop\" \/>\n<meta property=\"og:description\" content=\"Cette Fender Stratocaster Masterbuilt figure parmi les cr\u00e9ations les plus l\u00e9gendaires et attendues issues du Custom Shop.  Il s&#039;agit d&#039;une r\u00e9plique rigoureuse de la c\u00e9l\u00e8bre Stratocaster 1962 de John Frusciante, \u00e9l\u00e9ment central de l&#039;identit\u00e9 sonore des Red Hot Chili Peppers. Les ma\u00eetres luthiers ont reproduit avec une pr\u00e9cision extr\u00eame chaque trace d&#039;usure, chaque \u00e9clat de vernis et les nuances sp\u00e9cifiques du Sunburst pour restituer l&#039;essence de l&#039;instrument original. En plus de son esth\u00e9tique de caract\u00e8re, la guitare d\u00e9livre la r\u00e9ponse dynamique et le claquant typique qui ont forg\u00e9 les riffs de morceaux comme \u00ab Under the Bridge \u00bb ou \u00ab Can&#039;t Stop \u00bb.  Accompagn\u00e9e de ses accessoires et de son certificat d&#039;authenticit\u00e9, ce mod\u00e8le constitue l&#039;aboutissement ultime pour les admirateurs de Frusciante et les passionn\u00e9s d&#039;instruments d&#039;exception.\" \/>\n<meta property=\"og:url\" content=\"https:\/\/www.matts-guitar-shop.com\/nl\/produit\/fender-stratocaster-masterbuilt-john-frusciante-signature\/\" \/>\n<meta property=\"og:site_name\" content=\"Matt&#039;s Guitar Shop\" \/>\n<meta property=\"article:publisher\" content=\"https:\/\/www.facebook.com\/profile.php?id=100044359842817\" \/>\n<meta property=\"article:modified_time\" content=\"2026-04-07T13:58:44+00:00\" \/>\n<meta property=\"og:image\" content=\"https:\/\/www.matts-guitar-shop.com\/wp-content\/uploads\/2026\/04\/Fender-Stratocaster-Masterbuilt-John-Frusciante-Signature-01.jpg\" \/>\n\t<meta property=\"og:image:width\" content=\"800\" \/>\n\t<meta property=\"og:image:height\" content=\"1200\" \/>\n\t<meta property=\"og:image:type\" content=\"image\/jpeg\" \/>\n<meta name=\"twitter:card\" content=\"summary_large_image\" \/>\n<meta name=\"twitter:label1\" content=\"Geschatte leestijd\" \/>\n\t<meta name=\"twitter:data1\" content=\"1 minuut\" \/>\n<script type=\"application\/ld+json\" class=\"yoast-schema-graph\">{\"@context\":\"https:\/\/schema.org\",\"@graph\":[{\"@type\":\"WebPage\",\"@id\":\"https:\/\/www.matts-guitar-shop.com\/nl\/produit\/fender-stratocaster-masterbuilt-john-frusciante-signature\/\",\"url\":\"https:\/\/www.matts-guitar-shop.com\/nl\/produit\/fender-stratocaster-masterbuilt-john-frusciante-signature\/\",\"name\":\"Fender Stratocaster Masterbuilt John Frusciante Signature - Matt&#039;s Guitar Shop\",\"isPartOf\":{\"@id\":\"https:\/\/www.matts-guitar-shop.com\/nl\/#website\"},\"primaryImageOfPage\":{\"@id\":\"https:\/\/www.matts-guitar-shop.com\/nl\/produit\/fender-stratocaster-masterbuilt-john-frusciante-signature\/#primaryimage\"},\"image\":{\"@id\":\"https:\/\/www.matts-guitar-shop.com\/nl\/produit\/fender-stratocaster-masterbuilt-john-frusciante-signature\/#primaryimage\"},\"thumbnailUrl\":\"https:\/\/www.matts-guitar-shop.com\/wp-content\/uploads\/2026\/04\/Fender-Stratocaster-Masterbuilt-John-Frusciante-Signature-01.jpg\",\"datePublished\":\"2026-04-07T13:43:45+00:00\",\"dateModified\":\"2026-04-07T13:58:44+00:00\",\"breadcrumb\":{\"@id\":\"https:\/\/www.matts-guitar-shop.com\/nl\/produit\/fender-stratocaster-masterbuilt-john-frusciante-signature\/#breadcrumb\"},\"inLanguage\":\"nl-NL\",\"potentialAction\":[{\"@type\":\"ReadAction\",\"target\":[\"https:\/\/www.matts-guitar-shop.com\/nl\/produit\/fender-stratocaster-masterbuilt-john-frusciante-signature\/\"]}]},{\"@type\":\"ImageObject\",\"inLanguage\":\"nl-NL\",\"@id\":\"https:\/\/www.matts-guitar-shop.com\/nl\/produit\/fender-stratocaster-masterbuilt-john-frusciante-signature\/#primaryimage\",\"url\":\"https:\/\/www.matts-guitar-shop.com\/wp-content\/uploads\/2026\/04\/Fender-Stratocaster-Masterbuilt-John-Frusciante-Signature-01.jpg\",\"contentUrl\":\"https:\/\/www.matts-guitar-shop.com\/wp-content\/uploads\/2026\/04\/Fender-Stratocaster-Masterbuilt-John-Frusciante-Signature-01.jpg\",\"width\":800,\"height\":1200},{\"@type\":\"BreadcrumbList\",\"@id\":\"https:\/\/www.matts-guitar-shop.com\/nl\/produit\/fender-stratocaster-masterbuilt-john-frusciante-signature\/#breadcrumb\",\"itemListElement\":[{\"@type\":\"ListItem\",\"position\":1,\"name\":\"Home\",\"item\":\"https:\/\/www.matts-guitar-shop.com\/nl\/\"},{\"@type\":\"ListItem\",\"position\":2,\"name\":\"Winkel\",\"item\":\"https:\/\/www.matts-guitar-shop.com\/nl\/winkel\/\"},{\"@type\":\"ListItem\",\"position\":3,\"name\":\"Fender Stratocaster Masterbuilt John Frusciante Signature\"}]},{\"@type\":\"WebSite\",\"@id\":\"https:\/\/www.matts-guitar-shop.com\/nl\/#website\",\"url\":\"https:\/\/www.matts-guitar-shop.com\/nl\/\",\"name\":\"matts-guitar-shop.com\",\"description\":\"Guitar Shop\",\"publisher\":{\"@id\":\"https:\/\/www.matts-guitar-shop.com\/nl\/#organization\"},\"potentialAction\":[{\"@type\":\"SearchAction\",\"target\":{\"@type\":\"EntryPoint\",\"urlTemplate\":\"https:\/\/www.matts-guitar-shop.com\/nl\/?s={search_term_string}\"},\"query-input\":{\"@type\":\"PropertyValueSpecification\",\"valueRequired\":true,\"valueName\":\"search_term_string\"}}],\"inLanguage\":\"nl-NL\"},{\"@type\":\"Organization\",\"@id\":\"https:\/\/www.matts-guitar-shop.com\/nl\/#organization\",\"name\":\"matts-guitar-shop.com\",\"url\":\"https:\/\/www.matts-guitar-shop.com\/nl\/\",\"logo\":{\"@type\":\"ImageObject\",\"inLanguage\":\"nl-NL\",\"@id\":\"https:\/\/www.matts-guitar-shop.com\/nl\/#\/schema\/logo\/image\/\",\"url\":\"https:\/\/www.matts-guitar-shop.com\/wp-content\/uploads\/2024\/09\/MGS-logo-site-02.png\",\"contentUrl\":\"https:\/\/www.matts-guitar-shop.com\/wp-content\/uploads\/2024\/09\/MGS-logo-site-02.png\",\"width\":200,\"height\":122,\"caption\":\"matts-guitar-shop.com\"},\"image\":{\"@id\":\"https:\/\/www.matts-guitar-shop.com\/nl\/#\/schema\/logo\/image\/\"},\"sameAs\":[\"https:\/\/www.facebook.com\/profile.php?id=100044359842817\",\"https:\/\/www.instagram.com\/mattsguitarshop\/\",\"https:\/\/www.youtube.com\/@MattLucasMan\/videos\"]}]}<\/script>\n<!-- \/ Yoast SEO plugin. -->","yoast_head_json":{"title":"Fender Stratocaster Masterbuilt John Frusciante Signature - Matt&#039;s Guitar Shop","robots":{"index":"index","follow":"follow","max-snippet":"max-snippet:-1","max-image-preview":"max-image-preview:large","max-video-preview":"max-video-preview:-1"},"canonical":"https:\/\/www.matts-guitar-shop.com\/nl\/produit\/fender-stratocaster-masterbuilt-john-frusciante-signature\/","og_locale":"nl_NL","og_type":"article","og_title":"Fender Stratocaster Masterbuilt John Frusciante Signature - Matt&#039;s Guitar Shop","og_description":"Cette Fender Stratocaster Masterbuilt figure parmi les cr\u00e9ations les plus l\u00e9gendaires et attendues issues du Custom Shop.  Il s'agit d'une r\u00e9plique rigoureuse de la c\u00e9l\u00e8bre Stratocaster 1962 de John Frusciante, \u00e9l\u00e9ment central de l'identit\u00e9 sonore des Red Hot Chili Peppers. Les ma\u00eetres luthiers ont reproduit avec une pr\u00e9cision extr\u00eame chaque trace d'usure, chaque \u00e9clat de vernis et les nuances sp\u00e9cifiques du Sunburst pour restituer l'essence de l'instrument original. En plus de son esth\u00e9tique de caract\u00e8re, la guitare d\u00e9livre la r\u00e9ponse dynamique et le claquant typique qui ont forg\u00e9 les riffs de morceaux comme \u00ab Under the Bridge \u00bb ou \u00ab Can't Stop \u00bb.  Accompagn\u00e9e de ses accessoires et de son certificat d'authenticit\u00e9, ce mod\u00e8le constitue l'aboutissement ultime pour les admirateurs de Frusciante et les passionn\u00e9s d'instruments d'exception.","og_url":"https:\/\/www.matts-guitar-shop.com\/nl\/produit\/fender-stratocaster-masterbuilt-john-frusciante-signature\/","og_site_name":"Matt&#039;s Guitar Shop","article_publisher":"https:\/\/www.facebook.com\/profile.php?id=100044359842817","article_modified_time":"2026-04-07T13:58:44+00:00","og_image":[{"width":800,"height":1200,"url":"https:\/\/www.matts-guitar-shop.com\/wp-content\/uploads\/2026\/04\/Fender-Stratocaster-Masterbuilt-John-Frusciante-Signature-01.jpg","type":"image\/jpeg"}],"twitter_card":"summary_large_image","twitter_misc":{"Geschatte leestijd":"1 minuut"},"schema":{"@context":"https:\/\/schema.org","@graph":[{"@type":"WebPage","@id":"https:\/\/www.matts-guitar-shop.com\/nl\/produit\/fender-stratocaster-masterbuilt-john-frusciante-signature\/","url":"https:\/\/www.matts-guitar-shop.com\/nl\/produit\/fender-stratocaster-masterbuilt-john-frusciante-signature\/","name":"Fender Stratocaster Masterbuilt John Frusciante Signature - Matt&#039;s Guitar Shop","isPartOf":{"@id":"https:\/\/www.matts-guitar-shop.com\/nl\/#website"},"primaryImageOfPage":{"@id":"https:\/\/www.matts-guitar-shop.com\/nl\/produit\/fender-stratocaster-masterbuilt-john-frusciante-signature\/#primaryimage"},"image":{"@id":"https:\/\/www.matts-guitar-shop.com\/nl\/produit\/fender-stratocaster-masterbuilt-john-frusciante-signature\/#primaryimage"},"thumbnailUrl":"https:\/\/www.matts-guitar-shop.com\/wp-content\/uploads\/2026\/04\/Fender-Stratocaster-Masterbuilt-John-Frusciante-Signature-01.jpg","datePublished":"2026-04-07T13:43:45+00:00","dateModified":"2026-04-07T13:58:44+00:00","breadcrumb":{"@id":"https:\/\/www.matts-guitar-shop.com\/nl\/produit\/fender-stratocaster-masterbuilt-john-frusciante-signature\/#breadcrumb"},"inLanguage":"nl-NL","potentialAction":[{"@type":"ReadAction","target":["https:\/\/www.matts-guitar-shop.com\/nl\/produit\/fender-stratocaster-masterbuilt-john-frusciante-signature\/"]}]},{"@type":"ImageObject","inLanguage":"nl-NL","@id":"https:\/\/www.matts-guitar-shop.com\/nl\/produit\/fender-stratocaster-masterbuilt-john-frusciante-signature\/#primaryimage","url":"https:\/\/www.matts-guitar-shop.com\/wp-content\/uploads\/2026\/04\/Fender-Stratocaster-Masterbuilt-John-Frusciante-Signature-01.jpg","contentUrl":"https:\/\/www.matts-guitar-shop.com\/wp-content\/uploads\/2026\/04\/Fender-Stratocaster-Masterbuilt-John-Frusciante-Signature-01.jpg","width":800,"height":1200},{"@type":"BreadcrumbList","@id":"https:\/\/www.matts-guitar-shop.com\/nl\/produit\/fender-stratocaster-masterbuilt-john-frusciante-signature\/#breadcrumb","itemListElement":[{"@type":"ListItem","position":1,"name":"Home","item":"https:\/\/www.matts-guitar-shop.com\/nl\/"},{"@type":"ListItem","position":2,"name":"Winkel","item":"https:\/\/www.matts-guitar-shop.com\/nl\/winkel\/"},{"@type":"ListItem","position":3,"name":"Fender Stratocaster Masterbuilt John Frusciante Signature"}]},{"@type":"WebSite","@id":"https:\/\/www.matts-guitar-shop.com\/nl\/#website","url":"https:\/\/www.matts-guitar-shop.com\/nl\/","name":"matts-guitar-shop.com","description":"Guitar Shop","publisher":{"@id":"https:\/\/www.matts-guitar-shop.com\/nl\/#organization"},"potentialAction":[{"@type":"SearchAction","target":{"@type":"EntryPoint","urlTemplate":"https:\/\/www.matts-guitar-shop.com\/nl\/?s={search_term_string}"},"query-input":{"@type":"PropertyValueSpecification","valueRequired":true,"valueName":"search_term_string"}}],"inLanguage":"nl-NL"},{"@type":"Organization","@id":"https:\/\/www.matts-guitar-shop.com\/nl\/#organization","name":"matts-guitar-shop.com","url":"https:\/\/www.matts-guitar-shop.com\/nl\/","logo":{"@type":"ImageObject","inLanguage":"nl-NL","@id":"https:\/\/www.matts-guitar-shop.com\/nl\/#\/schema\/logo\/image\/","url":"https:\/\/www.matts-guitar-shop.com\/wp-content\/uploads\/2024\/09\/MGS-logo-site-02.png","contentUrl":"https:\/\/www.matts-guitar-shop.com\/wp-content\/uploads\/2024\/09\/MGS-logo-site-02.png","width":200,"height":122,"caption":"matts-guitar-shop.com"},"image":{"@id":"https:\/\/www.matts-guitar-shop.com\/nl\/#\/schema\/logo\/image\/"},"sameAs":["https:\/\/www.facebook.com\/profile.php?id=100044359842817","https:\/\/www.instagram.com\/mattsguitarshop\/","https:\/\/www.youtube.com\/@MattLucasMan\/videos"]}]}},"_links":{"self":[{"href":"https:\/\/www.matts-guitar-shop.com\/nl\/wp-json\/wp\/v2\/product\/32624","targetHints":{"allow":["GET"]}}],"collection":[{"href":"https:\/\/www.matts-guitar-shop.com\/nl\/wp-json\/wp\/v2\/product"}],"about":[{"href":"https:\/\/www.matts-guitar-shop.com\/nl\/wp-json\/wp\/v2\/types\/product"}],"replies":[{"embeddable":true,"href":"https:\/\/www.matts-guitar-shop.com\/nl\/wp-json\/wp\/v2\/comments?post=32624"}],"wp:featuredmedia":[{"embeddable":true,"href":"https:\/\/www.matts-guitar-shop.com\/nl\/wp-json\/wp\/v2\/media\/32625"}],"wp:attachment":[{"href":"https:\/\/www.matts-guitar-shop.com\/nl\/wp-json\/wp\/v2\/media?parent=32624"}],"wp:term":[{"taxonomy":"product_brand","embeddable":true,"href":"https:\/\/www.matts-guitar-shop.com\/nl\/wp-json\/wp\/v2\/product_brand?post=32624"},{"taxonomy":"product_cat","embeddable":true,"href":"https:\/\/www.matts-guitar-shop.com\/nl\/wp-json\/wp\/v2\/product_cat?post=32624"},{"taxonomy":"product_tag","embeddable":true,"href":"https:\/\/www.matts-guitar-shop.com\/nl\/wp-json\/wp\/v2\/product_tag?post=32624"}],"curies":[{"name":"wp","href":"https:\/\/api.w.org\/{rel}","templated":true}]}}