{"id":32466,"date":"2026-04-07T00:04:48","date_gmt":"2026-04-06T22:04:48","guid":{"rendered":"https:\/\/www.matts-guitar-shop.com\/?post_type=product&#038;p=32466"},"modified":"2026-04-07T00:27:18","modified_gmt":"2026-04-06T22:27:18","slug":"gibson-les-paul-junior-1955-sunburst-ex-gary-moore-steve-jones","status":"publish","type":"product","link":"https:\/\/www.matts-guitar-shop.com\/nl\/produit\/gibson-les-paul-junior-1955-sunburst-ex-gary-moore-steve-jones\/","title":{"rendered":"Gibson Les Paul Junior 1955 Sunburst ex Gary Moore \/ Steve Jones"},"content":{"rendered":"","protected":false},"excerpt":{"rendered":"<p>Cette Gibson Les Paul Junior de 1955 constitue un vestige historique majeur, situ\u00e9 au confluent du blues-rock et du mouvement punk. Elle b\u00e9n\u00e9ficie d&#8217;un historique de propri\u00e9t\u00e9 parmi les plus prestigieux au monde, ayant appartenu \u00e0 la l\u00e9gende du blues Gary Moore ainsi qu&#8217;\u00e0 Steve Jones, le guitariste embl\u00e9matique des Sex Pistols.<\/p>\n<p>Sous son vernis Sunburst dot\u00e9 d&#8217;une patine naturelle, cet instrument \u00e9quip\u00e9 d&#8217;un unique micro P-90 produit un temp\u00e9rament, une r\u00e9activit\u00e9 et une r\u00e9sonance organique qui ont marqu\u00e9 l&#8217;histoire de la guitare \u00e9lectrique.<\/p>\n<p>Acqu\u00e9rir cet objet revient \u00e0 poss\u00e9der un t\u00e9moin culturel pass\u00e9 entre les mains de deux figures majeures de la musique contemporaine, tout en profitant d&#8217;un instrument au caract\u00e8re intact. Pour un collectionneur, il s&#8217;agit d&#8217;une occasion rare de mettre la main sur la pi\u00e8ce ultime de la gamme Junior.<\/p>\n","protected":false},"featured_media":32467,"comment_status":"closed","ping_status":"closed","template":"","meta":{"_et_pb_use_builder":"","_et_pb_old_content":"","_et_gb_content_width":""},"product_brand":[],"product_cat":[123,82,152],"product_tag":[],"class_list":{"0":"post-32466","1":"product","2":"type-product","3":"status-publish","4":"has-post-thumbnail","6":"product_cat-guitares-electriques","7":"product_cat-artistes","8":"product_cat-guitares","9":"pa_artiste-gary-moore","10":"pa_artiste-steve-jones","11":"pa_disponibilite-en-vente","12":"pa_marque-gibson","14":"first","15":"instock","16":"shipping-taxable","17":"purchasable","18":"product-type-simple"},"yoast_head":"<!-- This site is optimized with the Yoast SEO plugin v26.8 - https:\/\/yoast.com\/product\/yoast-seo-wordpress\/ -->\n<title>Gibson Les Paul Junior 1955 Sunburst ex Gary Moore \/ Steve Jones - Matt&#039;s Guitar Shop<\/title>\n<meta name=\"robots\" content=\"index, follow, max-snippet:-1, max-image-preview:large, max-video-preview:-1\" \/>\n<link rel=\"canonical\" href=\"https:\/\/www.matts-guitar-shop.com\/nl\/produit\/gibson-les-paul-junior-1955-sunburst-ex-gary-moore-steve-jones\/\" \/>\n<meta property=\"og:locale\" content=\"nl_NL\" \/>\n<meta property=\"og:type\" content=\"article\" \/>\n<meta property=\"og:title\" content=\"Gibson Les Paul Junior 1955 Sunburst ex Gary Moore \/ Steve Jones - Matt&#039;s Guitar Shop\" \/>\n<meta property=\"og:description\" content=\"Cette Gibson Les Paul Junior de 1955 constitue un vestige historique majeur, situ\u00e9 au confluent du blues-rock et du mouvement punk. Elle b\u00e9n\u00e9ficie d&#039;un historique de propri\u00e9t\u00e9 parmi les plus prestigieux au monde, ayant appartenu \u00e0 la l\u00e9gende du blues Gary Moore ainsi qu&#039;\u00e0 Steve Jones, le guitariste embl\u00e9matique des Sex Pistols.  Sous son vernis Sunburst dot\u00e9 d&#039;une patine naturelle, cet instrument \u00e9quip\u00e9 d&#039;un unique micro P-90 produit un temp\u00e9rament, une r\u00e9activit\u00e9 et une r\u00e9sonance organique qui ont marqu\u00e9 l&#039;histoire de la guitare \u00e9lectrique.  Acqu\u00e9rir cet objet revient \u00e0 poss\u00e9der un t\u00e9moin culturel pass\u00e9 entre les mains de deux figures majeures de la musique contemporaine, tout en profitant d&#039;un instrument au caract\u00e8re intact. Pour un collectionneur, il s&#039;agit d&#039;une occasion rare de mettre la main sur la pi\u00e8ce ultime de la gamme Junior.\" \/>\n<meta property=\"og:url\" content=\"https:\/\/www.matts-guitar-shop.com\/nl\/produit\/gibson-les-paul-junior-1955-sunburst-ex-gary-moore-steve-jones\/\" \/>\n<meta property=\"og:site_name\" content=\"Matt&#039;s Guitar Shop\" \/>\n<meta property=\"article:publisher\" content=\"https:\/\/www.facebook.com\/profile.php?id=100044359842817\" \/>\n<meta property=\"article:modified_time\" content=\"2026-04-06T22:27:18+00:00\" \/>\n<meta property=\"og:image\" content=\"https:\/\/www.matts-guitar-shop.com\/wp-content\/uploads\/2026\/04\/Gibson-Les-Paul-Junior-1955-Sunburst-Ex-Gary-Moore-Steve-Jones-Sex-Pistols-01.jpg\" \/>\n\t<meta property=\"og:image:width\" content=\"800\" \/>\n\t<meta property=\"og:image:height\" content=\"1200\" \/>\n\t<meta property=\"og:image:type\" content=\"image\/jpeg\" \/>\n<meta name=\"twitter:card\" content=\"summary_large_image\" \/>\n<meta name=\"twitter:label1\" content=\"Geschatte leestijd\" \/>\n\t<meta name=\"twitter:data1\" content=\"1 minuut\" \/>\n<script type=\"application\/ld+json\" class=\"yoast-schema-graph\">{\"@context\":\"https:\/\/schema.org\",\"@graph\":[{\"@type\":\"WebPage\",\"@id\":\"https:\/\/www.matts-guitar-shop.com\/nl\/produit\/gibson-les-paul-junior-1955-sunburst-ex-gary-moore-steve-jones\/\",\"url\":\"https:\/\/www.matts-guitar-shop.com\/nl\/produit\/gibson-les-paul-junior-1955-sunburst-ex-gary-moore-steve-jones\/\",\"name\":\"Gibson Les Paul Junior 1955 Sunburst ex Gary Moore \/ Steve Jones - Matt&#039;s Guitar Shop\",\"isPartOf\":{\"@id\":\"https:\/\/www.matts-guitar-shop.com\/nl\/#website\"},\"primaryImageOfPage\":{\"@id\":\"https:\/\/www.matts-guitar-shop.com\/nl\/produit\/gibson-les-paul-junior-1955-sunburst-ex-gary-moore-steve-jones\/#primaryimage\"},\"image\":{\"@id\":\"https:\/\/www.matts-guitar-shop.com\/nl\/produit\/gibson-les-paul-junior-1955-sunburst-ex-gary-moore-steve-jones\/#primaryimage\"},\"thumbnailUrl\":\"https:\/\/www.matts-guitar-shop.com\/wp-content\/uploads\/2026\/04\/Gibson-Les-Paul-Junior-1955-Sunburst-Ex-Gary-Moore-Steve-Jones-Sex-Pistols-01.jpg\",\"datePublished\":\"2026-04-06T22:04:48+00:00\",\"dateModified\":\"2026-04-06T22:27:18+00:00\",\"breadcrumb\":{\"@id\":\"https:\/\/www.matts-guitar-shop.com\/nl\/produit\/gibson-les-paul-junior-1955-sunburst-ex-gary-moore-steve-jones\/#breadcrumb\"},\"inLanguage\":\"nl-NL\",\"potentialAction\":[{\"@type\":\"ReadAction\",\"target\":[\"https:\/\/www.matts-guitar-shop.com\/nl\/produit\/gibson-les-paul-junior-1955-sunburst-ex-gary-moore-steve-jones\/\"]}]},{\"@type\":\"ImageObject\",\"inLanguage\":\"nl-NL\",\"@id\":\"https:\/\/www.matts-guitar-shop.com\/nl\/produit\/gibson-les-paul-junior-1955-sunburst-ex-gary-moore-steve-jones\/#primaryimage\",\"url\":\"https:\/\/www.matts-guitar-shop.com\/wp-content\/uploads\/2026\/04\/Gibson-Les-Paul-Junior-1955-Sunburst-Ex-Gary-Moore-Steve-Jones-Sex-Pistols-01.jpg\",\"contentUrl\":\"https:\/\/www.matts-guitar-shop.com\/wp-content\/uploads\/2026\/04\/Gibson-Les-Paul-Junior-1955-Sunburst-Ex-Gary-Moore-Steve-Jones-Sex-Pistols-01.jpg\",\"width\":800,\"height\":1200},{\"@type\":\"BreadcrumbList\",\"@id\":\"https:\/\/www.matts-guitar-shop.com\/nl\/produit\/gibson-les-paul-junior-1955-sunburst-ex-gary-moore-steve-jones\/#breadcrumb\",\"itemListElement\":[{\"@type\":\"ListItem\",\"position\":1,\"name\":\"Home\",\"item\":\"https:\/\/www.matts-guitar-shop.com\/nl\/\"},{\"@type\":\"ListItem\",\"position\":2,\"name\":\"Winkel\",\"item\":\"https:\/\/www.matts-guitar-shop.com\/nl\/winkel\/\"},{\"@type\":\"ListItem\",\"position\":3,\"name\":\"Gibson Les Paul Junior 1955 Sunburst ex Gary Moore \/ Steve Jones\"}]},{\"@type\":\"WebSite\",\"@id\":\"https:\/\/www.matts-guitar-shop.com\/nl\/#website\",\"url\":\"https:\/\/www.matts-guitar-shop.com\/nl\/\",\"name\":\"matts-guitar-shop.com\",\"description\":\"Guitar Shop\",\"publisher\":{\"@id\":\"https:\/\/www.matts-guitar-shop.com\/nl\/#organization\"},\"potentialAction\":[{\"@type\":\"SearchAction\",\"target\":{\"@type\":\"EntryPoint\",\"urlTemplate\":\"https:\/\/www.matts-guitar-shop.com\/nl\/?s={search_term_string}\"},\"query-input\":{\"@type\":\"PropertyValueSpecification\",\"valueRequired\":true,\"valueName\":\"search_term_string\"}}],\"inLanguage\":\"nl-NL\"},{\"@type\":\"Organization\",\"@id\":\"https:\/\/www.matts-guitar-shop.com\/nl\/#organization\",\"name\":\"matts-guitar-shop.com\",\"url\":\"https:\/\/www.matts-guitar-shop.com\/nl\/\",\"logo\":{\"@type\":\"ImageObject\",\"inLanguage\":\"nl-NL\",\"@id\":\"https:\/\/www.matts-guitar-shop.com\/nl\/#\/schema\/logo\/image\/\",\"url\":\"https:\/\/www.matts-guitar-shop.com\/wp-content\/uploads\/2024\/09\/MGS-logo-site-02.png\",\"contentUrl\":\"https:\/\/www.matts-guitar-shop.com\/wp-content\/uploads\/2024\/09\/MGS-logo-site-02.png\",\"width\":200,\"height\":122,\"caption\":\"matts-guitar-shop.com\"},\"image\":{\"@id\":\"https:\/\/www.matts-guitar-shop.com\/nl\/#\/schema\/logo\/image\/\"},\"sameAs\":[\"https:\/\/www.facebook.com\/profile.php?id=100044359842817\",\"https:\/\/www.instagram.com\/mattsguitarshop\/\",\"https:\/\/www.youtube.com\/@MattLucasMan\/videos\"]}]}<\/script>\n<!-- \/ Yoast SEO plugin. -->","yoast_head_json":{"title":"Gibson Les Paul Junior 1955 Sunburst ex Gary Moore \/ Steve Jones - Matt&#039;s Guitar Shop","robots":{"index":"index","follow":"follow","max-snippet":"max-snippet:-1","max-image-preview":"max-image-preview:large","max-video-preview":"max-video-preview:-1"},"canonical":"https:\/\/www.matts-guitar-shop.com\/nl\/produit\/gibson-les-paul-junior-1955-sunburst-ex-gary-moore-steve-jones\/","og_locale":"nl_NL","og_type":"article","og_title":"Gibson Les Paul Junior 1955 Sunburst ex Gary Moore \/ Steve Jones - Matt&#039;s Guitar Shop","og_description":"Cette Gibson Les Paul Junior de 1955 constitue un vestige historique majeur, situ\u00e9 au confluent du blues-rock et du mouvement punk. Elle b\u00e9n\u00e9ficie d'un historique de propri\u00e9t\u00e9 parmi les plus prestigieux au monde, ayant appartenu \u00e0 la l\u00e9gende du blues Gary Moore ainsi qu'\u00e0 Steve Jones, le guitariste embl\u00e9matique des Sex Pistols.  Sous son vernis Sunburst dot\u00e9 d'une patine naturelle, cet instrument \u00e9quip\u00e9 d'un unique micro P-90 produit un temp\u00e9rament, une r\u00e9activit\u00e9 et une r\u00e9sonance organique qui ont marqu\u00e9 l'histoire de la guitare \u00e9lectrique.  Acqu\u00e9rir cet objet revient \u00e0 poss\u00e9der un t\u00e9moin culturel pass\u00e9 entre les mains de deux figures majeures de la musique contemporaine, tout en profitant d'un instrument au caract\u00e8re intact. Pour un collectionneur, il s'agit d'une occasion rare de mettre la main sur la pi\u00e8ce ultime de la gamme Junior.","og_url":"https:\/\/www.matts-guitar-shop.com\/nl\/produit\/gibson-les-paul-junior-1955-sunburst-ex-gary-moore-steve-jones\/","og_site_name":"Matt&#039;s Guitar Shop","article_publisher":"https:\/\/www.facebook.com\/profile.php?id=100044359842817","article_modified_time":"2026-04-06T22:27:18+00:00","og_image":[{"width":800,"height":1200,"url":"https:\/\/www.matts-guitar-shop.com\/wp-content\/uploads\/2026\/04\/Gibson-Les-Paul-Junior-1955-Sunburst-Ex-Gary-Moore-Steve-Jones-Sex-Pistols-01.jpg","type":"image\/jpeg"}],"twitter_card":"summary_large_image","twitter_misc":{"Geschatte leestijd":"1 minuut"},"schema":{"@context":"https:\/\/schema.org","@graph":[{"@type":"WebPage","@id":"https:\/\/www.matts-guitar-shop.com\/nl\/produit\/gibson-les-paul-junior-1955-sunburst-ex-gary-moore-steve-jones\/","url":"https:\/\/www.matts-guitar-shop.com\/nl\/produit\/gibson-les-paul-junior-1955-sunburst-ex-gary-moore-steve-jones\/","name":"Gibson Les Paul Junior 1955 Sunburst ex Gary Moore \/ Steve Jones - Matt&#039;s Guitar Shop","isPartOf":{"@id":"https:\/\/www.matts-guitar-shop.com\/nl\/#website"},"primaryImageOfPage":{"@id":"https:\/\/www.matts-guitar-shop.com\/nl\/produit\/gibson-les-paul-junior-1955-sunburst-ex-gary-moore-steve-jones\/#primaryimage"},"image":{"@id":"https:\/\/www.matts-guitar-shop.com\/nl\/produit\/gibson-les-paul-junior-1955-sunburst-ex-gary-moore-steve-jones\/#primaryimage"},"thumbnailUrl":"https:\/\/www.matts-guitar-shop.com\/wp-content\/uploads\/2026\/04\/Gibson-Les-Paul-Junior-1955-Sunburst-Ex-Gary-Moore-Steve-Jones-Sex-Pistols-01.jpg","datePublished":"2026-04-06T22:04:48+00:00","dateModified":"2026-04-06T22:27:18+00:00","breadcrumb":{"@id":"https:\/\/www.matts-guitar-shop.com\/nl\/produit\/gibson-les-paul-junior-1955-sunburst-ex-gary-moore-steve-jones\/#breadcrumb"},"inLanguage":"nl-NL","potentialAction":[{"@type":"ReadAction","target":["https:\/\/www.matts-guitar-shop.com\/nl\/produit\/gibson-les-paul-junior-1955-sunburst-ex-gary-moore-steve-jones\/"]}]},{"@type":"ImageObject","inLanguage":"nl-NL","@id":"https:\/\/www.matts-guitar-shop.com\/nl\/produit\/gibson-les-paul-junior-1955-sunburst-ex-gary-moore-steve-jones\/#primaryimage","url":"https:\/\/www.matts-guitar-shop.com\/wp-content\/uploads\/2026\/04\/Gibson-Les-Paul-Junior-1955-Sunburst-Ex-Gary-Moore-Steve-Jones-Sex-Pistols-01.jpg","contentUrl":"https:\/\/www.matts-guitar-shop.com\/wp-content\/uploads\/2026\/04\/Gibson-Les-Paul-Junior-1955-Sunburst-Ex-Gary-Moore-Steve-Jones-Sex-Pistols-01.jpg","width":800,"height":1200},{"@type":"BreadcrumbList","@id":"https:\/\/www.matts-guitar-shop.com\/nl\/produit\/gibson-les-paul-junior-1955-sunburst-ex-gary-moore-steve-jones\/#breadcrumb","itemListElement":[{"@type":"ListItem","position":1,"name":"Home","item":"https:\/\/www.matts-guitar-shop.com\/nl\/"},{"@type":"ListItem","position":2,"name":"Winkel","item":"https:\/\/www.matts-guitar-shop.com\/nl\/winkel\/"},{"@type":"ListItem","position":3,"name":"Gibson Les Paul Junior 1955 Sunburst ex Gary Moore \/ Steve Jones"}]},{"@type":"WebSite","@id":"https:\/\/www.matts-guitar-shop.com\/nl\/#website","url":"https:\/\/www.matts-guitar-shop.com\/nl\/","name":"matts-guitar-shop.com","description":"Guitar Shop","publisher":{"@id":"https:\/\/www.matts-guitar-shop.com\/nl\/#organization"},"potentialAction":[{"@type":"SearchAction","target":{"@type":"EntryPoint","urlTemplate":"https:\/\/www.matts-guitar-shop.com\/nl\/?s={search_term_string}"},"query-input":{"@type":"PropertyValueSpecification","valueRequired":true,"valueName":"search_term_string"}}],"inLanguage":"nl-NL"},{"@type":"Organization","@id":"https:\/\/www.matts-guitar-shop.com\/nl\/#organization","name":"matts-guitar-shop.com","url":"https:\/\/www.matts-guitar-shop.com\/nl\/","logo":{"@type":"ImageObject","inLanguage":"nl-NL","@id":"https:\/\/www.matts-guitar-shop.com\/nl\/#\/schema\/logo\/image\/","url":"https:\/\/www.matts-guitar-shop.com\/wp-content\/uploads\/2024\/09\/MGS-logo-site-02.png","contentUrl":"https:\/\/www.matts-guitar-shop.com\/wp-content\/uploads\/2024\/09\/MGS-logo-site-02.png","width":200,"height":122,"caption":"matts-guitar-shop.com"},"image":{"@id":"https:\/\/www.matts-guitar-shop.com\/nl\/#\/schema\/logo\/image\/"},"sameAs":["https:\/\/www.facebook.com\/profile.php?id=100044359842817","https:\/\/www.instagram.com\/mattsguitarshop\/","https:\/\/www.youtube.com\/@MattLucasMan\/videos"]}]}},"_links":{"self":[{"href":"https:\/\/www.matts-guitar-shop.com\/nl\/wp-json\/wp\/v2\/product\/32466","targetHints":{"allow":["GET"]}}],"collection":[{"href":"https:\/\/www.matts-guitar-shop.com\/nl\/wp-json\/wp\/v2\/product"}],"about":[{"href":"https:\/\/www.matts-guitar-shop.com\/nl\/wp-json\/wp\/v2\/types\/product"}],"replies":[{"embeddable":true,"href":"https:\/\/www.matts-guitar-shop.com\/nl\/wp-json\/wp\/v2\/comments?post=32466"}],"wp:featuredmedia":[{"embeddable":true,"href":"https:\/\/www.matts-guitar-shop.com\/nl\/wp-json\/wp\/v2\/media\/32467"}],"wp:attachment":[{"href":"https:\/\/www.matts-guitar-shop.com\/nl\/wp-json\/wp\/v2\/media?parent=32466"}],"wp:term":[{"taxonomy":"product_brand","embeddable":true,"href":"https:\/\/www.matts-guitar-shop.com\/nl\/wp-json\/wp\/v2\/product_brand?post=32466"},{"taxonomy":"product_cat","embeddable":true,"href":"https:\/\/www.matts-guitar-shop.com\/nl\/wp-json\/wp\/v2\/product_cat?post=32466"},{"taxonomy":"product_tag","embeddable":true,"href":"https:\/\/www.matts-guitar-shop.com\/nl\/wp-json\/wp\/v2\/product_tag?post=32466"}],"curies":[{"name":"wp","href":"https:\/\/api.w.org\/{rel}","templated":true}]}}