{"id":32423,"date":"2026-04-06T23:44:19","date_gmt":"2026-04-06T21:44:19","guid":{"rendered":"https:\/\/www.matts-guitar-shop.com\/?post_type=product&#038;p=32423"},"modified":"2026-04-06T23:59:27","modified_gmt":"2026-04-06T21:59:27","slug":"huss-dalton-om","status":"publish","type":"product","link":"https:\/\/www.matts-guitar-shop.com\/nl\/produit\/huss-dalton-om\/","title":{"rendered":"Huss &#038; Dalton OM"},"content":{"rendered":"","protected":false},"excerpt":{"rendered":"<p>Cette Huss &amp; Dalton OM (Orchestra Model) constitue une preuve \u00e9clatante du savoir-faire de la lutherie boutique am\u00e9ricaine actuelle. Alliant avec brio h\u00e9ritage et modernit\u00e9, elle propose la pr\u00e9cision sonore et la r\u00e9activit\u00e9 qui ont b\u00e2ti la r\u00e9putation de l&#8217;atelier de Staunton. Gr\u00e2ce \u00e0 une table en \u00e9pic\u00e9a de qualit\u00e9 sup\u00e9rieure et une caisse aux proportions harmonieuses, l&#8217;instrument offre une articulation nette et une projection remarquable, se pr\u00eatant aussi bien au jeu aux doigts qu&#8217;au grattage de cordes nuanc\u00e9. La guitare se d\u00e9marque par des finitions soign\u00e9es, telles que des incrustations de touche \u00e9labor\u00e9es, un placage de t\u00eate en palissandre et des m\u00e9caniques dor\u00e9es, t\u00e9moignant d&#8217;un tr\u00e8s haut niveau d&#8217;exigence.<\/p>\n<p>V\u00e9ritable instrument polyvalent, il d\u00e9livre des fr\u00e9quences basses rigoureuses et des aigus limpides, le tout envelopp\u00e9 d&#8217;une complexit\u00e9 harmonique hors du commun.<\/p>\n","protected":false},"featured_media":32424,"comment_status":"closed","ping_status":"closed","template":"","meta":{"_et_pb_use_builder":"","_et_pb_old_content":"","_et_gb_content_width":""},"product_brand":[],"product_cat":[124,152],"product_tag":[],"class_list":{"0":"post-32423","1":"product","2":"type-product","3":"status-publish","4":"has-post-thumbnail","6":"product_cat-guitares-acoustiques","7":"product_cat-guitares","8":"pa_disponibilite-en-vente","9":"pa_marque-huss-dalton","11":"first","12":"instock","13":"shipping-taxable","14":"purchasable","15":"product-type-simple"},"yoast_head":"<!-- This site is optimized with the Yoast SEO plugin v26.8 - https:\/\/yoast.com\/product\/yoast-seo-wordpress\/ -->\n<title>Huss &amp; Dalton OM - Matt&#039;s Guitar Shop<\/title>\n<meta name=\"robots\" content=\"index, follow, max-snippet:-1, max-image-preview:large, max-video-preview:-1\" \/>\n<link rel=\"canonical\" href=\"https:\/\/www.matts-guitar-shop.com\/nl\/produit\/huss-dalton-om\/\" \/>\n<meta property=\"og:locale\" content=\"nl_NL\" \/>\n<meta property=\"og:type\" content=\"article\" \/>\n<meta property=\"og:title\" content=\"Huss &amp; Dalton OM - Matt&#039;s Guitar Shop\" \/>\n<meta property=\"og:description\" content=\"Cette Huss &amp; Dalton OM (Orchestra Model) constitue une preuve \u00e9clatante du savoir-faire de la lutherie boutique am\u00e9ricaine actuelle. Alliant avec brio h\u00e9ritage et modernit\u00e9, elle propose la pr\u00e9cision sonore et la r\u00e9activit\u00e9 qui ont b\u00e2ti la r\u00e9putation de l&#039;atelier de Staunton. Gr\u00e2ce \u00e0 une table en \u00e9pic\u00e9a de qualit\u00e9 sup\u00e9rieure et une caisse aux proportions harmonieuses, l&#039;instrument offre une articulation nette et une projection remarquable, se pr\u00eatant aussi bien au jeu aux doigts qu&#039;au grattage de cordes nuanc\u00e9. La guitare se d\u00e9marque par des finitions soign\u00e9es, telles que des incrustations de touche \u00e9labor\u00e9es, un placage de t\u00eate en palissandre et des m\u00e9caniques dor\u00e9es, t\u00e9moignant d&#039;un tr\u00e8s haut niveau d&#039;exigence.  V\u00e9ritable instrument polyvalent, il d\u00e9livre des fr\u00e9quences basses rigoureuses et des aigus limpides, le tout envelopp\u00e9 d&#039;une complexit\u00e9 harmonique hors du commun.\" \/>\n<meta property=\"og:url\" content=\"https:\/\/www.matts-guitar-shop.com\/nl\/produit\/huss-dalton-om\/\" \/>\n<meta property=\"og:site_name\" content=\"Matt&#039;s Guitar Shop\" \/>\n<meta property=\"article:publisher\" content=\"https:\/\/www.facebook.com\/profile.php?id=100044359842817\" \/>\n<meta property=\"article:modified_time\" content=\"2026-04-06T21:59:27+00:00\" \/>\n<meta property=\"og:image\" content=\"https:\/\/www.matts-guitar-shop.com\/wp-content\/uploads\/2026\/04\/Huss-Dalton-OM-01.jpg\" \/>\n\t<meta property=\"og:image:width\" content=\"800\" \/>\n\t<meta property=\"og:image:height\" content=\"1200\" \/>\n\t<meta property=\"og:image:type\" content=\"image\/jpeg\" \/>\n<meta name=\"twitter:card\" content=\"summary_large_image\" \/>\n<meta name=\"twitter:label1\" content=\"Geschatte leestijd\" \/>\n\t<meta name=\"twitter:data1\" content=\"1 minuut\" \/>\n<script type=\"application\/ld+json\" class=\"yoast-schema-graph\">{\"@context\":\"https:\/\/schema.org\",\"@graph\":[{\"@type\":\"WebPage\",\"@id\":\"https:\/\/www.matts-guitar-shop.com\/nl\/produit\/huss-dalton-om\/\",\"url\":\"https:\/\/www.matts-guitar-shop.com\/nl\/produit\/huss-dalton-om\/\",\"name\":\"Huss & Dalton OM - Matt&#039;s Guitar Shop\",\"isPartOf\":{\"@id\":\"https:\/\/www.matts-guitar-shop.com\/nl\/#website\"},\"primaryImageOfPage\":{\"@id\":\"https:\/\/www.matts-guitar-shop.com\/nl\/produit\/huss-dalton-om\/#primaryimage\"},\"image\":{\"@id\":\"https:\/\/www.matts-guitar-shop.com\/nl\/produit\/huss-dalton-om\/#primaryimage\"},\"thumbnailUrl\":\"https:\/\/www.matts-guitar-shop.com\/wp-content\/uploads\/2026\/04\/Huss-Dalton-OM-01.jpg\",\"datePublished\":\"2026-04-06T21:44:19+00:00\",\"dateModified\":\"2026-04-06T21:59:27+00:00\",\"breadcrumb\":{\"@id\":\"https:\/\/www.matts-guitar-shop.com\/nl\/produit\/huss-dalton-om\/#breadcrumb\"},\"inLanguage\":\"nl-NL\",\"potentialAction\":[{\"@type\":\"ReadAction\",\"target\":[\"https:\/\/www.matts-guitar-shop.com\/nl\/produit\/huss-dalton-om\/\"]}]},{\"@type\":\"ImageObject\",\"inLanguage\":\"nl-NL\",\"@id\":\"https:\/\/www.matts-guitar-shop.com\/nl\/produit\/huss-dalton-om\/#primaryimage\",\"url\":\"https:\/\/www.matts-guitar-shop.com\/wp-content\/uploads\/2026\/04\/Huss-Dalton-OM-01.jpg\",\"contentUrl\":\"https:\/\/www.matts-guitar-shop.com\/wp-content\/uploads\/2026\/04\/Huss-Dalton-OM-01.jpg\",\"width\":800,\"height\":1200},{\"@type\":\"BreadcrumbList\",\"@id\":\"https:\/\/www.matts-guitar-shop.com\/nl\/produit\/huss-dalton-om\/#breadcrumb\",\"itemListElement\":[{\"@type\":\"ListItem\",\"position\":1,\"name\":\"Home\",\"item\":\"https:\/\/www.matts-guitar-shop.com\/nl\/\"},{\"@type\":\"ListItem\",\"position\":2,\"name\":\"Winkel\",\"item\":\"https:\/\/www.matts-guitar-shop.com\/nl\/winkel\/\"},{\"@type\":\"ListItem\",\"position\":3,\"name\":\"Huss &#038; Dalton OM\"}]},{\"@type\":\"WebSite\",\"@id\":\"https:\/\/www.matts-guitar-shop.com\/nl\/#website\",\"url\":\"https:\/\/www.matts-guitar-shop.com\/nl\/\",\"name\":\"matts-guitar-shop.com\",\"description\":\"Guitar Shop\",\"publisher\":{\"@id\":\"https:\/\/www.matts-guitar-shop.com\/nl\/#organization\"},\"potentialAction\":[{\"@type\":\"SearchAction\",\"target\":{\"@type\":\"EntryPoint\",\"urlTemplate\":\"https:\/\/www.matts-guitar-shop.com\/nl\/?s={search_term_string}\"},\"query-input\":{\"@type\":\"PropertyValueSpecification\",\"valueRequired\":true,\"valueName\":\"search_term_string\"}}],\"inLanguage\":\"nl-NL\"},{\"@type\":\"Organization\",\"@id\":\"https:\/\/www.matts-guitar-shop.com\/nl\/#organization\",\"name\":\"matts-guitar-shop.com\",\"url\":\"https:\/\/www.matts-guitar-shop.com\/nl\/\",\"logo\":{\"@type\":\"ImageObject\",\"inLanguage\":\"nl-NL\",\"@id\":\"https:\/\/www.matts-guitar-shop.com\/nl\/#\/schema\/logo\/image\/\",\"url\":\"https:\/\/www.matts-guitar-shop.com\/wp-content\/uploads\/2024\/09\/MGS-logo-site-02.png\",\"contentUrl\":\"https:\/\/www.matts-guitar-shop.com\/wp-content\/uploads\/2024\/09\/MGS-logo-site-02.png\",\"width\":200,\"height\":122,\"caption\":\"matts-guitar-shop.com\"},\"image\":{\"@id\":\"https:\/\/www.matts-guitar-shop.com\/nl\/#\/schema\/logo\/image\/\"},\"sameAs\":[\"https:\/\/www.facebook.com\/profile.php?id=100044359842817\",\"https:\/\/www.instagram.com\/mattsguitarshop\/\",\"https:\/\/www.youtube.com\/@MattLucasMan\/videos\"]}]}<\/script>\n<!-- \/ Yoast SEO plugin. -->","yoast_head_json":{"title":"Huss & Dalton OM - Matt&#039;s Guitar Shop","robots":{"index":"index","follow":"follow","max-snippet":"max-snippet:-1","max-image-preview":"max-image-preview:large","max-video-preview":"max-video-preview:-1"},"canonical":"https:\/\/www.matts-guitar-shop.com\/nl\/produit\/huss-dalton-om\/","og_locale":"nl_NL","og_type":"article","og_title":"Huss & Dalton OM - Matt&#039;s Guitar Shop","og_description":"Cette Huss &amp; Dalton OM (Orchestra Model) constitue une preuve \u00e9clatante du savoir-faire de la lutherie boutique am\u00e9ricaine actuelle. Alliant avec brio h\u00e9ritage et modernit\u00e9, elle propose la pr\u00e9cision sonore et la r\u00e9activit\u00e9 qui ont b\u00e2ti la r\u00e9putation de l'atelier de Staunton. Gr\u00e2ce \u00e0 une table en \u00e9pic\u00e9a de qualit\u00e9 sup\u00e9rieure et une caisse aux proportions harmonieuses, l'instrument offre une articulation nette et une projection remarquable, se pr\u00eatant aussi bien au jeu aux doigts qu'au grattage de cordes nuanc\u00e9. La guitare se d\u00e9marque par des finitions soign\u00e9es, telles que des incrustations de touche \u00e9labor\u00e9es, un placage de t\u00eate en palissandre et des m\u00e9caniques dor\u00e9es, t\u00e9moignant d'un tr\u00e8s haut niveau d'exigence.  V\u00e9ritable instrument polyvalent, il d\u00e9livre des fr\u00e9quences basses rigoureuses et des aigus limpides, le tout envelopp\u00e9 d'une complexit\u00e9 harmonique hors du commun.","og_url":"https:\/\/www.matts-guitar-shop.com\/nl\/produit\/huss-dalton-om\/","og_site_name":"Matt&#039;s Guitar Shop","article_publisher":"https:\/\/www.facebook.com\/profile.php?id=100044359842817","article_modified_time":"2026-04-06T21:59:27+00:00","og_image":[{"width":800,"height":1200,"url":"https:\/\/www.matts-guitar-shop.com\/wp-content\/uploads\/2026\/04\/Huss-Dalton-OM-01.jpg","type":"image\/jpeg"}],"twitter_card":"summary_large_image","twitter_misc":{"Geschatte leestijd":"1 minuut"},"schema":{"@context":"https:\/\/schema.org","@graph":[{"@type":"WebPage","@id":"https:\/\/www.matts-guitar-shop.com\/nl\/produit\/huss-dalton-om\/","url":"https:\/\/www.matts-guitar-shop.com\/nl\/produit\/huss-dalton-om\/","name":"Huss & Dalton OM - Matt&#039;s Guitar Shop","isPartOf":{"@id":"https:\/\/www.matts-guitar-shop.com\/nl\/#website"},"primaryImageOfPage":{"@id":"https:\/\/www.matts-guitar-shop.com\/nl\/produit\/huss-dalton-om\/#primaryimage"},"image":{"@id":"https:\/\/www.matts-guitar-shop.com\/nl\/produit\/huss-dalton-om\/#primaryimage"},"thumbnailUrl":"https:\/\/www.matts-guitar-shop.com\/wp-content\/uploads\/2026\/04\/Huss-Dalton-OM-01.jpg","datePublished":"2026-04-06T21:44:19+00:00","dateModified":"2026-04-06T21:59:27+00:00","breadcrumb":{"@id":"https:\/\/www.matts-guitar-shop.com\/nl\/produit\/huss-dalton-om\/#breadcrumb"},"inLanguage":"nl-NL","potentialAction":[{"@type":"ReadAction","target":["https:\/\/www.matts-guitar-shop.com\/nl\/produit\/huss-dalton-om\/"]}]},{"@type":"ImageObject","inLanguage":"nl-NL","@id":"https:\/\/www.matts-guitar-shop.com\/nl\/produit\/huss-dalton-om\/#primaryimage","url":"https:\/\/www.matts-guitar-shop.com\/wp-content\/uploads\/2026\/04\/Huss-Dalton-OM-01.jpg","contentUrl":"https:\/\/www.matts-guitar-shop.com\/wp-content\/uploads\/2026\/04\/Huss-Dalton-OM-01.jpg","width":800,"height":1200},{"@type":"BreadcrumbList","@id":"https:\/\/www.matts-guitar-shop.com\/nl\/produit\/huss-dalton-om\/#breadcrumb","itemListElement":[{"@type":"ListItem","position":1,"name":"Home","item":"https:\/\/www.matts-guitar-shop.com\/nl\/"},{"@type":"ListItem","position":2,"name":"Winkel","item":"https:\/\/www.matts-guitar-shop.com\/nl\/winkel\/"},{"@type":"ListItem","position":3,"name":"Huss &#038; Dalton OM"}]},{"@type":"WebSite","@id":"https:\/\/www.matts-guitar-shop.com\/nl\/#website","url":"https:\/\/www.matts-guitar-shop.com\/nl\/","name":"matts-guitar-shop.com","description":"Guitar Shop","publisher":{"@id":"https:\/\/www.matts-guitar-shop.com\/nl\/#organization"},"potentialAction":[{"@type":"SearchAction","target":{"@type":"EntryPoint","urlTemplate":"https:\/\/www.matts-guitar-shop.com\/nl\/?s={search_term_string}"},"query-input":{"@type":"PropertyValueSpecification","valueRequired":true,"valueName":"search_term_string"}}],"inLanguage":"nl-NL"},{"@type":"Organization","@id":"https:\/\/www.matts-guitar-shop.com\/nl\/#organization","name":"matts-guitar-shop.com","url":"https:\/\/www.matts-guitar-shop.com\/nl\/","logo":{"@type":"ImageObject","inLanguage":"nl-NL","@id":"https:\/\/www.matts-guitar-shop.com\/nl\/#\/schema\/logo\/image\/","url":"https:\/\/www.matts-guitar-shop.com\/wp-content\/uploads\/2024\/09\/MGS-logo-site-02.png","contentUrl":"https:\/\/www.matts-guitar-shop.com\/wp-content\/uploads\/2024\/09\/MGS-logo-site-02.png","width":200,"height":122,"caption":"matts-guitar-shop.com"},"image":{"@id":"https:\/\/www.matts-guitar-shop.com\/nl\/#\/schema\/logo\/image\/"},"sameAs":["https:\/\/www.facebook.com\/profile.php?id=100044359842817","https:\/\/www.instagram.com\/mattsguitarshop\/","https:\/\/www.youtube.com\/@MattLucasMan\/videos"]}]}},"_links":{"self":[{"href":"https:\/\/www.matts-guitar-shop.com\/nl\/wp-json\/wp\/v2\/product\/32423","targetHints":{"allow":["GET"]}}],"collection":[{"href":"https:\/\/www.matts-guitar-shop.com\/nl\/wp-json\/wp\/v2\/product"}],"about":[{"href":"https:\/\/www.matts-guitar-shop.com\/nl\/wp-json\/wp\/v2\/types\/product"}],"replies":[{"embeddable":true,"href":"https:\/\/www.matts-guitar-shop.com\/nl\/wp-json\/wp\/v2\/comments?post=32423"}],"wp:featuredmedia":[{"embeddable":true,"href":"https:\/\/www.matts-guitar-shop.com\/nl\/wp-json\/wp\/v2\/media\/32424"}],"wp:attachment":[{"href":"https:\/\/www.matts-guitar-shop.com\/nl\/wp-json\/wp\/v2\/media?parent=32423"}],"wp:term":[{"taxonomy":"product_brand","embeddable":true,"href":"https:\/\/www.matts-guitar-shop.com\/nl\/wp-json\/wp\/v2\/product_brand?post=32423"},{"taxonomy":"product_cat","embeddable":true,"href":"https:\/\/www.matts-guitar-shop.com\/nl\/wp-json\/wp\/v2\/product_cat?post=32423"},{"taxonomy":"product_tag","embeddable":true,"href":"https:\/\/www.matts-guitar-shop.com\/nl\/wp-json\/wp\/v2\/product_tag?post=32423"}],"curies":[{"name":"wp","href":"https:\/\/api.w.org\/{rel}","templated":true}]}}