{"id":31692,"date":"2026-04-05T19:15:56","date_gmt":"2026-04-05T17:15:56","guid":{"rendered":"https:\/\/www.matts-guitar-shop.com\/?post_type=product&#038;p=31692"},"modified":"2026-04-05T19:15:56","modified_gmt":"2026-04-05T17:15:56","slug":"gibson-l1-1917","status":"publish","type":"product","link":"https:\/\/www.matts-guitar-shop.com\/nl\/produit\/gibson-l1-1917\/","title":{"rendered":"Gibson L1 (1917)"},"content":{"rendered":"","protected":false},"excerpt":{"rendered":"<p>Ce mod\u00e8le constitue une immersion dans les origines de la l\u00e9gende Gibson, au c\u0153ur de sa production acoustique primitive.<\/p>\n<p>Cette Gibson L-1 de 1917 t\u00e9moigne de l&#8217;ing\u00e9niosit\u00e9 technique de l&#8217;\u00e9poque, combinant une structure d&#8217;archtop avec une table d&#8217;harmonie perc\u00e9e d&#8217;une rosace ronde, une configuration rare embl\u00e9matique des d\u00e9buts de la marque. Sa table en \u00e9pic\u00e9a sculpt\u00e9 et sa caisse aux courbes prononc\u00e9es produisent une signature sonore unique : une attaque franche, un timbre bois\u00e9 et une compression naturelle qui rappellent les premiers enregistrements de blues et de ragtime. L&#8217;instrument conserve ses attributs d&#8217;\u00e9poque, notamment le logo \u00ab The Gibson \u00bb inclin\u00e9 sur la t\u00eate, son cordier et son chevalet d&#8217;origine, affichant une authenticit\u00e9 rare apr\u00e8s plus d&#8217;un si\u00e8cle.<\/p>\n<p>Bien plus qu&#8217;un simple instrument, cette pi\u00e8ce de collection parfaitement fonctionnelle offre un lien direct avec le patrimoine musical am\u00e9ricain.<\/p>\n","protected":false},"featured_media":31693,"comment_status":"closed","ping_status":"closed","template":"","meta":{"_et_pb_use_builder":"","_et_pb_old_content":"","_et_gb_content_width":""},"product_brand":[],"product_cat":[124,152],"product_tag":[],"class_list":{"0":"post-31692","1":"product","2":"type-product","3":"status-publish","4":"has-post-thumbnail","6":"product_cat-guitares-acoustiques","7":"product_cat-guitares","8":"pa_disponibilite-en-vente","9":"pa_marque-gibson","11":"first","12":"instock","13":"shipping-taxable","14":"purchasable","15":"product-type-simple"},"yoast_head":"<!-- This site is optimized with the Yoast SEO plugin v26.8 - https:\/\/yoast.com\/product\/yoast-seo-wordpress\/ -->\n<title>Gibson L1 (1917) - Matt&#039;s Guitar Shop<\/title>\n<meta name=\"robots\" content=\"index, follow, max-snippet:-1, max-image-preview:large, max-video-preview:-1\" \/>\n<link rel=\"canonical\" href=\"https:\/\/www.matts-guitar-shop.com\/nl\/produit\/gibson-l1-1917\/\" \/>\n<meta property=\"og:locale\" content=\"nl_NL\" \/>\n<meta property=\"og:type\" content=\"article\" \/>\n<meta property=\"og:title\" content=\"Gibson L1 (1917) - Matt&#039;s Guitar Shop\" \/>\n<meta property=\"og:description\" content=\"Ce mod\u00e8le constitue une immersion dans les origines de la l\u00e9gende Gibson, au c\u0153ur de sa production acoustique primitive.  Cette Gibson L-1 de 1917 t\u00e9moigne de l&#039;ing\u00e9niosit\u00e9 technique de l&#039;\u00e9poque, combinant une structure d&#039;archtop avec une table d&#039;harmonie perc\u00e9e d&#039;une rosace ronde, une configuration rare embl\u00e9matique des d\u00e9buts de la marque. Sa table en \u00e9pic\u00e9a sculpt\u00e9 et sa caisse aux courbes prononc\u00e9es produisent une signature sonore unique : une attaque franche, un timbre bois\u00e9 et une compression naturelle qui rappellent les premiers enregistrements de blues et de ragtime. L&#039;instrument conserve ses attributs d&#039;\u00e9poque, notamment le logo \u00ab The Gibson \u00bb inclin\u00e9 sur la t\u00eate, son cordier et son chevalet d&#039;origine, affichant une authenticit\u00e9 rare apr\u00e8s plus d&#039;un si\u00e8cle.  Bien plus qu&#039;un simple instrument, cette pi\u00e8ce de collection parfaitement fonctionnelle offre un lien direct avec le patrimoine musical am\u00e9ricain.\" \/>\n<meta property=\"og:url\" content=\"https:\/\/www.matts-guitar-shop.com\/nl\/produit\/gibson-l1-1917\/\" \/>\n<meta property=\"og:site_name\" content=\"Matt&#039;s Guitar Shop\" \/>\n<meta property=\"article:publisher\" content=\"https:\/\/www.facebook.com\/profile.php?id=100044359842817\" \/>\n<meta property=\"og:image\" content=\"https:\/\/www.matts-guitar-shop.com\/wp-content\/uploads\/2026\/04\/Gibson-L1-1917-01.jpg\" \/>\n\t<meta property=\"og:image:width\" content=\"800\" \/>\n\t<meta property=\"og:image:height\" content=\"1200\" \/>\n\t<meta property=\"og:image:type\" content=\"image\/jpeg\" \/>\n<meta name=\"twitter:card\" content=\"summary_large_image\" \/>\n<meta name=\"twitter:label1\" content=\"Geschatte leestijd\" \/>\n\t<meta name=\"twitter:data1\" content=\"1 minuut\" \/>\n<script type=\"application\/ld+json\" class=\"yoast-schema-graph\">{\"@context\":\"https:\/\/schema.org\",\"@graph\":[{\"@type\":\"WebPage\",\"@id\":\"https:\/\/www.matts-guitar-shop.com\/nl\/produit\/gibson-l1-1917\/\",\"url\":\"https:\/\/www.matts-guitar-shop.com\/nl\/produit\/gibson-l1-1917\/\",\"name\":\"Gibson L1 (1917) - Matt&#039;s Guitar Shop\",\"isPartOf\":{\"@id\":\"https:\/\/www.matts-guitar-shop.com\/nl\/#website\"},\"primaryImageOfPage\":{\"@id\":\"https:\/\/www.matts-guitar-shop.com\/nl\/produit\/gibson-l1-1917\/#primaryimage\"},\"image\":{\"@id\":\"https:\/\/www.matts-guitar-shop.com\/nl\/produit\/gibson-l1-1917\/#primaryimage\"},\"thumbnailUrl\":\"https:\/\/www.matts-guitar-shop.com\/wp-content\/uploads\/2026\/04\/Gibson-L1-1917-01.jpg\",\"datePublished\":\"2026-04-05T17:15:56+00:00\",\"breadcrumb\":{\"@id\":\"https:\/\/www.matts-guitar-shop.com\/nl\/produit\/gibson-l1-1917\/#breadcrumb\"},\"inLanguage\":\"nl-NL\",\"potentialAction\":[{\"@type\":\"ReadAction\",\"target\":[\"https:\/\/www.matts-guitar-shop.com\/nl\/produit\/gibson-l1-1917\/\"]}]},{\"@type\":\"ImageObject\",\"inLanguage\":\"nl-NL\",\"@id\":\"https:\/\/www.matts-guitar-shop.com\/nl\/produit\/gibson-l1-1917\/#primaryimage\",\"url\":\"https:\/\/www.matts-guitar-shop.com\/wp-content\/uploads\/2026\/04\/Gibson-L1-1917-01.jpg\",\"contentUrl\":\"https:\/\/www.matts-guitar-shop.com\/wp-content\/uploads\/2026\/04\/Gibson-L1-1917-01.jpg\",\"width\":800,\"height\":1200},{\"@type\":\"BreadcrumbList\",\"@id\":\"https:\/\/www.matts-guitar-shop.com\/nl\/produit\/gibson-l1-1917\/#breadcrumb\",\"itemListElement\":[{\"@type\":\"ListItem\",\"position\":1,\"name\":\"Home\",\"item\":\"https:\/\/www.matts-guitar-shop.com\/nl\/\"},{\"@type\":\"ListItem\",\"position\":2,\"name\":\"Winkel\",\"item\":\"https:\/\/www.matts-guitar-shop.com\/nl\/winkel\/\"},{\"@type\":\"ListItem\",\"position\":3,\"name\":\"Gibson L1 (1917)\"}]},{\"@type\":\"WebSite\",\"@id\":\"https:\/\/www.matts-guitar-shop.com\/nl\/#website\",\"url\":\"https:\/\/www.matts-guitar-shop.com\/nl\/\",\"name\":\"matts-guitar-shop.com\",\"description\":\"Guitar Shop\",\"publisher\":{\"@id\":\"https:\/\/www.matts-guitar-shop.com\/nl\/#organization\"},\"potentialAction\":[{\"@type\":\"SearchAction\",\"target\":{\"@type\":\"EntryPoint\",\"urlTemplate\":\"https:\/\/www.matts-guitar-shop.com\/nl\/?s={search_term_string}\"},\"query-input\":{\"@type\":\"PropertyValueSpecification\",\"valueRequired\":true,\"valueName\":\"search_term_string\"}}],\"inLanguage\":\"nl-NL\"},{\"@type\":\"Organization\",\"@id\":\"https:\/\/www.matts-guitar-shop.com\/nl\/#organization\",\"name\":\"matts-guitar-shop.com\",\"url\":\"https:\/\/www.matts-guitar-shop.com\/nl\/\",\"logo\":{\"@type\":\"ImageObject\",\"inLanguage\":\"nl-NL\",\"@id\":\"https:\/\/www.matts-guitar-shop.com\/nl\/#\/schema\/logo\/image\/\",\"url\":\"https:\/\/www.matts-guitar-shop.com\/wp-content\/uploads\/2024\/09\/MGS-logo-site-02.png\",\"contentUrl\":\"https:\/\/www.matts-guitar-shop.com\/wp-content\/uploads\/2024\/09\/MGS-logo-site-02.png\",\"width\":200,\"height\":122,\"caption\":\"matts-guitar-shop.com\"},\"image\":{\"@id\":\"https:\/\/www.matts-guitar-shop.com\/nl\/#\/schema\/logo\/image\/\"},\"sameAs\":[\"https:\/\/www.facebook.com\/profile.php?id=100044359842817\",\"https:\/\/www.instagram.com\/mattsguitarshop\/\",\"https:\/\/www.youtube.com\/@MattLucasMan\/videos\"]}]}<\/script>\n<!-- \/ Yoast SEO plugin. -->","yoast_head_json":{"title":"Gibson L1 (1917) - Matt&#039;s Guitar Shop","robots":{"index":"index","follow":"follow","max-snippet":"max-snippet:-1","max-image-preview":"max-image-preview:large","max-video-preview":"max-video-preview:-1"},"canonical":"https:\/\/www.matts-guitar-shop.com\/nl\/produit\/gibson-l1-1917\/","og_locale":"nl_NL","og_type":"article","og_title":"Gibson L1 (1917) - Matt&#039;s Guitar Shop","og_description":"Ce mod\u00e8le constitue une immersion dans les origines de la l\u00e9gende Gibson, au c\u0153ur de sa production acoustique primitive.  Cette Gibson L-1 de 1917 t\u00e9moigne de l'ing\u00e9niosit\u00e9 technique de l'\u00e9poque, combinant une structure d'archtop avec une table d'harmonie perc\u00e9e d'une rosace ronde, une configuration rare embl\u00e9matique des d\u00e9buts de la marque. Sa table en \u00e9pic\u00e9a sculpt\u00e9 et sa caisse aux courbes prononc\u00e9es produisent une signature sonore unique : une attaque franche, un timbre bois\u00e9 et une compression naturelle qui rappellent les premiers enregistrements de blues et de ragtime. L'instrument conserve ses attributs d'\u00e9poque, notamment le logo \u00ab The Gibson \u00bb inclin\u00e9 sur la t\u00eate, son cordier et son chevalet d'origine, affichant une authenticit\u00e9 rare apr\u00e8s plus d'un si\u00e8cle.  Bien plus qu'un simple instrument, cette pi\u00e8ce de collection parfaitement fonctionnelle offre un lien direct avec le patrimoine musical am\u00e9ricain.","og_url":"https:\/\/www.matts-guitar-shop.com\/nl\/produit\/gibson-l1-1917\/","og_site_name":"Matt&#039;s Guitar Shop","article_publisher":"https:\/\/www.facebook.com\/profile.php?id=100044359842817","og_image":[{"width":800,"height":1200,"url":"https:\/\/www.matts-guitar-shop.com\/wp-content\/uploads\/2026\/04\/Gibson-L1-1917-01.jpg","type":"image\/jpeg"}],"twitter_card":"summary_large_image","twitter_misc":{"Geschatte leestijd":"1 minuut"},"schema":{"@context":"https:\/\/schema.org","@graph":[{"@type":"WebPage","@id":"https:\/\/www.matts-guitar-shop.com\/nl\/produit\/gibson-l1-1917\/","url":"https:\/\/www.matts-guitar-shop.com\/nl\/produit\/gibson-l1-1917\/","name":"Gibson L1 (1917) - Matt&#039;s Guitar Shop","isPartOf":{"@id":"https:\/\/www.matts-guitar-shop.com\/nl\/#website"},"primaryImageOfPage":{"@id":"https:\/\/www.matts-guitar-shop.com\/nl\/produit\/gibson-l1-1917\/#primaryimage"},"image":{"@id":"https:\/\/www.matts-guitar-shop.com\/nl\/produit\/gibson-l1-1917\/#primaryimage"},"thumbnailUrl":"https:\/\/www.matts-guitar-shop.com\/wp-content\/uploads\/2026\/04\/Gibson-L1-1917-01.jpg","datePublished":"2026-04-05T17:15:56+00:00","breadcrumb":{"@id":"https:\/\/www.matts-guitar-shop.com\/nl\/produit\/gibson-l1-1917\/#breadcrumb"},"inLanguage":"nl-NL","potentialAction":[{"@type":"ReadAction","target":["https:\/\/www.matts-guitar-shop.com\/nl\/produit\/gibson-l1-1917\/"]}]},{"@type":"ImageObject","inLanguage":"nl-NL","@id":"https:\/\/www.matts-guitar-shop.com\/nl\/produit\/gibson-l1-1917\/#primaryimage","url":"https:\/\/www.matts-guitar-shop.com\/wp-content\/uploads\/2026\/04\/Gibson-L1-1917-01.jpg","contentUrl":"https:\/\/www.matts-guitar-shop.com\/wp-content\/uploads\/2026\/04\/Gibson-L1-1917-01.jpg","width":800,"height":1200},{"@type":"BreadcrumbList","@id":"https:\/\/www.matts-guitar-shop.com\/nl\/produit\/gibson-l1-1917\/#breadcrumb","itemListElement":[{"@type":"ListItem","position":1,"name":"Home","item":"https:\/\/www.matts-guitar-shop.com\/nl\/"},{"@type":"ListItem","position":2,"name":"Winkel","item":"https:\/\/www.matts-guitar-shop.com\/nl\/winkel\/"},{"@type":"ListItem","position":3,"name":"Gibson L1 (1917)"}]},{"@type":"WebSite","@id":"https:\/\/www.matts-guitar-shop.com\/nl\/#website","url":"https:\/\/www.matts-guitar-shop.com\/nl\/","name":"matts-guitar-shop.com","description":"Guitar Shop","publisher":{"@id":"https:\/\/www.matts-guitar-shop.com\/nl\/#organization"},"potentialAction":[{"@type":"SearchAction","target":{"@type":"EntryPoint","urlTemplate":"https:\/\/www.matts-guitar-shop.com\/nl\/?s={search_term_string}"},"query-input":{"@type":"PropertyValueSpecification","valueRequired":true,"valueName":"search_term_string"}}],"inLanguage":"nl-NL"},{"@type":"Organization","@id":"https:\/\/www.matts-guitar-shop.com\/nl\/#organization","name":"matts-guitar-shop.com","url":"https:\/\/www.matts-guitar-shop.com\/nl\/","logo":{"@type":"ImageObject","inLanguage":"nl-NL","@id":"https:\/\/www.matts-guitar-shop.com\/nl\/#\/schema\/logo\/image\/","url":"https:\/\/www.matts-guitar-shop.com\/wp-content\/uploads\/2024\/09\/MGS-logo-site-02.png","contentUrl":"https:\/\/www.matts-guitar-shop.com\/wp-content\/uploads\/2024\/09\/MGS-logo-site-02.png","width":200,"height":122,"caption":"matts-guitar-shop.com"},"image":{"@id":"https:\/\/www.matts-guitar-shop.com\/nl\/#\/schema\/logo\/image\/"},"sameAs":["https:\/\/www.facebook.com\/profile.php?id=100044359842817","https:\/\/www.instagram.com\/mattsguitarshop\/","https:\/\/www.youtube.com\/@MattLucasMan\/videos"]}]}},"_links":{"self":[{"href":"https:\/\/www.matts-guitar-shop.com\/nl\/wp-json\/wp\/v2\/product\/31692","targetHints":{"allow":["GET"]}}],"collection":[{"href":"https:\/\/www.matts-guitar-shop.com\/nl\/wp-json\/wp\/v2\/product"}],"about":[{"href":"https:\/\/www.matts-guitar-shop.com\/nl\/wp-json\/wp\/v2\/types\/product"}],"replies":[{"embeddable":true,"href":"https:\/\/www.matts-guitar-shop.com\/nl\/wp-json\/wp\/v2\/comments?post=31692"}],"wp:featuredmedia":[{"embeddable":true,"href":"https:\/\/www.matts-guitar-shop.com\/nl\/wp-json\/wp\/v2\/media\/31693"}],"wp:attachment":[{"href":"https:\/\/www.matts-guitar-shop.com\/nl\/wp-json\/wp\/v2\/media?parent=31692"}],"wp:term":[{"taxonomy":"product_brand","embeddable":true,"href":"https:\/\/www.matts-guitar-shop.com\/nl\/wp-json\/wp\/v2\/product_brand?post=31692"},{"taxonomy":"product_cat","embeddable":true,"href":"https:\/\/www.matts-guitar-shop.com\/nl\/wp-json\/wp\/v2\/product_cat?post=31692"},{"taxonomy":"product_tag","embeddable":true,"href":"https:\/\/www.matts-guitar-shop.com\/nl\/wp-json\/wp\/v2\/product_tag?post=31692"}],"curies":[{"name":"wp","href":"https:\/\/api.w.org\/{rel}","templated":true}]}}