{"id":31636,"date":"2026-04-05T16:46:42","date_gmt":"2026-04-05T14:46:42","guid":{"rendered":"https:\/\/www.matts-guitar-shop.com\/?post_type=product&#038;p=31636"},"modified":"2026-04-05T16:56:40","modified_gmt":"2026-04-05T14:56:40","slug":"gibson-es-345-stereo-3-4-1960","status":"publish","type":"product","link":"https:\/\/www.matts-guitar-shop.com\/nl\/produit\/gibson-es-345-stereo-3-4-1960\/","title":{"rendered":"Gibson ES-345 Stereo 3\/4 (1960)"},"content":{"rendered":"","protected":false},"excerpt":{"rendered":"<p>Il s&#8217;agit d&#8217;un instrument d&#8217;exception qui bouscule les conventions par ses proportions et son caract\u00e8re prestigieux.<\/p>\n<p>Cette Gibson ES-345 de 1960 est une version 3\/4 d&#8217;une grande raret\u00e9, d\u00e9clinant toute l&#8217;\u00e9l\u00e9gance de la ligne thinline dans un gabarit r\u00e9duit et atypique. Dot\u00e9e de sa robe Cherry d&#8217;origine, elle arbore les finitions luxueuses de l&#8217;\u00e2ge d&#8217;or : accastillage dor\u00e9, incrustations de touche en parall\u00e9logrammes fendus et le syst\u00e8me Varitone st\u00e9r\u00e9o embl\u00e9matique.<\/p>\n<p>Au-del\u00e0 de son esth\u00e9tique remarquable, cette guitare offre une palette sonore riche et une r\u00e9ponse dynamique caract\u00e9ristiques des meilleures ann\u00e9es de l&#8217;usine de Kalamazoo, le tout servi par une ergonomie singuli\u00e8re.<\/p>\n<p>Pour les collectionneurs sp\u00e9cialis\u00e9s, c&#8217;est une occasion rare de poss\u00e9der l&#8217;une des variantes les plus exclusives et convoit\u00e9es de la s\u00e9rie ES.<\/p>\n","protected":false},"featured_media":31637,"comment_status":"closed","ping_status":"closed","template":"","meta":{"_et_pb_use_builder":"","_et_pb_old_content":"","_et_gb_content_width":""},"product_brand":[],"product_cat":[123,152],"product_tag":[],"class_list":{"0":"post-31636","1":"product","2":"type-product","3":"status-publish","4":"has-post-thumbnail","6":"product_cat-guitares-electriques","7":"product_cat-guitares","8":"pa_disponibilite-en-vente","9":"pa_marque-gibson","11":"first","12":"instock","13":"shipping-taxable","14":"purchasable","15":"product-type-simple"},"yoast_head":"<!-- This site is optimized with the Yoast SEO plugin v26.8 - https:\/\/yoast.com\/product\/yoast-seo-wordpress\/ -->\n<title>Gibson ES-345 Stereo 3\/4 (1960) - Matt&#039;s Guitar Shop<\/title>\n<meta name=\"robots\" content=\"index, follow, max-snippet:-1, max-image-preview:large, max-video-preview:-1\" \/>\n<link rel=\"canonical\" href=\"https:\/\/www.matts-guitar-shop.com\/nl\/produit\/gibson-es-345-stereo-3-4-1960\/\" \/>\n<meta property=\"og:locale\" content=\"nl_NL\" \/>\n<meta property=\"og:type\" content=\"article\" \/>\n<meta property=\"og:title\" content=\"Gibson ES-345 Stereo 3\/4 (1960) - Matt&#039;s Guitar Shop\" \/>\n<meta property=\"og:description\" content=\"Il s&#039;agit d&#039;un instrument d&#039;exception qui bouscule les conventions par ses proportions et son caract\u00e8re prestigieux.  Cette Gibson ES-345 de 1960 est une version 3\/4 d&#039;une grande raret\u00e9, d\u00e9clinant toute l&#039;\u00e9l\u00e9gance de la ligne thinline dans un gabarit r\u00e9duit et atypique. Dot\u00e9e de sa robe Cherry d&#039;origine, elle arbore les finitions luxueuses de l&#039;\u00e2ge d&#039;or : accastillage dor\u00e9, incrustations de touche en parall\u00e9logrammes fendus et le syst\u00e8me Varitone st\u00e9r\u00e9o embl\u00e9matique.  Au-del\u00e0 de son esth\u00e9tique remarquable, cette guitare offre une palette sonore riche et une r\u00e9ponse dynamique caract\u00e9ristiques des meilleures ann\u00e9es de l&#039;usine de Kalamazoo, le tout servi par une ergonomie singuli\u00e8re.  Pour les collectionneurs sp\u00e9cialis\u00e9s, c&#039;est une occasion rare de poss\u00e9der l&#039;une des variantes les plus exclusives et convoit\u00e9es de la s\u00e9rie ES.\" \/>\n<meta property=\"og:url\" content=\"https:\/\/www.matts-guitar-shop.com\/nl\/produit\/gibson-es-345-stereo-3-4-1960\/\" \/>\n<meta property=\"og:site_name\" content=\"Matt&#039;s Guitar Shop\" \/>\n<meta property=\"article:publisher\" content=\"https:\/\/www.facebook.com\/profile.php?id=100044359842817\" \/>\n<meta property=\"article:modified_time\" content=\"2026-04-05T14:56:40+00:00\" \/>\n<meta property=\"og:image\" content=\"https:\/\/www.matts-guitar-shop.com\/wp-content\/uploads\/2026\/04\/Gibson-ES-345-Stereo-1960-3-4-01.jpg\" \/>\n\t<meta property=\"og:image:width\" content=\"800\" \/>\n\t<meta property=\"og:image:height\" content=\"1200\" \/>\n\t<meta property=\"og:image:type\" content=\"image\/jpeg\" \/>\n<meta name=\"twitter:card\" content=\"summary_large_image\" \/>\n<meta name=\"twitter:label1\" content=\"Geschatte leestijd\" \/>\n\t<meta name=\"twitter:data1\" content=\"1 minuut\" \/>\n<script type=\"application\/ld+json\" class=\"yoast-schema-graph\">{\"@context\":\"https:\/\/schema.org\",\"@graph\":[{\"@type\":\"WebPage\",\"@id\":\"https:\/\/www.matts-guitar-shop.com\/nl\/produit\/gibson-es-345-stereo-3-4-1960\/\",\"url\":\"https:\/\/www.matts-guitar-shop.com\/nl\/produit\/gibson-es-345-stereo-3-4-1960\/\",\"name\":\"Gibson ES-345 Stereo 3\/4 (1960) - Matt&#039;s Guitar Shop\",\"isPartOf\":{\"@id\":\"https:\/\/www.matts-guitar-shop.com\/nl\/#website\"},\"primaryImageOfPage\":{\"@id\":\"https:\/\/www.matts-guitar-shop.com\/nl\/produit\/gibson-es-345-stereo-3-4-1960\/#primaryimage\"},\"image\":{\"@id\":\"https:\/\/www.matts-guitar-shop.com\/nl\/produit\/gibson-es-345-stereo-3-4-1960\/#primaryimage\"},\"thumbnailUrl\":\"https:\/\/www.matts-guitar-shop.com\/wp-content\/uploads\/2026\/04\/Gibson-ES-345-Stereo-1960-3-4-01.jpg\",\"datePublished\":\"2026-04-05T14:46:42+00:00\",\"dateModified\":\"2026-04-05T14:56:40+00:00\",\"breadcrumb\":{\"@id\":\"https:\/\/www.matts-guitar-shop.com\/nl\/produit\/gibson-es-345-stereo-3-4-1960\/#breadcrumb\"},\"inLanguage\":\"nl-NL\",\"potentialAction\":[{\"@type\":\"ReadAction\",\"target\":[\"https:\/\/www.matts-guitar-shop.com\/nl\/produit\/gibson-es-345-stereo-3-4-1960\/\"]}]},{\"@type\":\"ImageObject\",\"inLanguage\":\"nl-NL\",\"@id\":\"https:\/\/www.matts-guitar-shop.com\/nl\/produit\/gibson-es-345-stereo-3-4-1960\/#primaryimage\",\"url\":\"https:\/\/www.matts-guitar-shop.com\/wp-content\/uploads\/2026\/04\/Gibson-ES-345-Stereo-1960-3-4-01.jpg\",\"contentUrl\":\"https:\/\/www.matts-guitar-shop.com\/wp-content\/uploads\/2026\/04\/Gibson-ES-345-Stereo-1960-3-4-01.jpg\",\"width\":800,\"height\":1200},{\"@type\":\"BreadcrumbList\",\"@id\":\"https:\/\/www.matts-guitar-shop.com\/nl\/produit\/gibson-es-345-stereo-3-4-1960\/#breadcrumb\",\"itemListElement\":[{\"@type\":\"ListItem\",\"position\":1,\"name\":\"Home\",\"item\":\"https:\/\/www.matts-guitar-shop.com\/nl\/\"},{\"@type\":\"ListItem\",\"position\":2,\"name\":\"Winkel\",\"item\":\"https:\/\/www.matts-guitar-shop.com\/nl\/winkel\/\"},{\"@type\":\"ListItem\",\"position\":3,\"name\":\"Gibson ES-345 Stereo 3\/4 (1960)\"}]},{\"@type\":\"WebSite\",\"@id\":\"https:\/\/www.matts-guitar-shop.com\/nl\/#website\",\"url\":\"https:\/\/www.matts-guitar-shop.com\/nl\/\",\"name\":\"matts-guitar-shop.com\",\"description\":\"Guitar Shop\",\"publisher\":{\"@id\":\"https:\/\/www.matts-guitar-shop.com\/nl\/#organization\"},\"potentialAction\":[{\"@type\":\"SearchAction\",\"target\":{\"@type\":\"EntryPoint\",\"urlTemplate\":\"https:\/\/www.matts-guitar-shop.com\/nl\/?s={search_term_string}\"},\"query-input\":{\"@type\":\"PropertyValueSpecification\",\"valueRequired\":true,\"valueName\":\"search_term_string\"}}],\"inLanguage\":\"nl-NL\"},{\"@type\":\"Organization\",\"@id\":\"https:\/\/www.matts-guitar-shop.com\/nl\/#organization\",\"name\":\"matts-guitar-shop.com\",\"url\":\"https:\/\/www.matts-guitar-shop.com\/nl\/\",\"logo\":{\"@type\":\"ImageObject\",\"inLanguage\":\"nl-NL\",\"@id\":\"https:\/\/www.matts-guitar-shop.com\/nl\/#\/schema\/logo\/image\/\",\"url\":\"https:\/\/www.matts-guitar-shop.com\/wp-content\/uploads\/2024\/09\/MGS-logo-site-02.png\",\"contentUrl\":\"https:\/\/www.matts-guitar-shop.com\/wp-content\/uploads\/2024\/09\/MGS-logo-site-02.png\",\"width\":200,\"height\":122,\"caption\":\"matts-guitar-shop.com\"},\"image\":{\"@id\":\"https:\/\/www.matts-guitar-shop.com\/nl\/#\/schema\/logo\/image\/\"},\"sameAs\":[\"https:\/\/www.facebook.com\/profile.php?id=100044359842817\",\"https:\/\/www.instagram.com\/mattsguitarshop\/\",\"https:\/\/www.youtube.com\/@MattLucasMan\/videos\"]}]}<\/script>\n<!-- \/ Yoast SEO plugin. -->","yoast_head_json":{"title":"Gibson ES-345 Stereo 3\/4 (1960) - Matt&#039;s Guitar Shop","robots":{"index":"index","follow":"follow","max-snippet":"max-snippet:-1","max-image-preview":"max-image-preview:large","max-video-preview":"max-video-preview:-1"},"canonical":"https:\/\/www.matts-guitar-shop.com\/nl\/produit\/gibson-es-345-stereo-3-4-1960\/","og_locale":"nl_NL","og_type":"article","og_title":"Gibson ES-345 Stereo 3\/4 (1960) - Matt&#039;s Guitar Shop","og_description":"Il s'agit d'un instrument d'exception qui bouscule les conventions par ses proportions et son caract\u00e8re prestigieux.  Cette Gibson ES-345 de 1960 est une version 3\/4 d'une grande raret\u00e9, d\u00e9clinant toute l'\u00e9l\u00e9gance de la ligne thinline dans un gabarit r\u00e9duit et atypique. Dot\u00e9e de sa robe Cherry d'origine, elle arbore les finitions luxueuses de l'\u00e2ge d'or : accastillage dor\u00e9, incrustations de touche en parall\u00e9logrammes fendus et le syst\u00e8me Varitone st\u00e9r\u00e9o embl\u00e9matique.  Au-del\u00e0 de son esth\u00e9tique remarquable, cette guitare offre une palette sonore riche et une r\u00e9ponse dynamique caract\u00e9ristiques des meilleures ann\u00e9es de l'usine de Kalamazoo, le tout servi par une ergonomie singuli\u00e8re.  Pour les collectionneurs sp\u00e9cialis\u00e9s, c'est une occasion rare de poss\u00e9der l'une des variantes les plus exclusives et convoit\u00e9es de la s\u00e9rie ES.","og_url":"https:\/\/www.matts-guitar-shop.com\/nl\/produit\/gibson-es-345-stereo-3-4-1960\/","og_site_name":"Matt&#039;s Guitar Shop","article_publisher":"https:\/\/www.facebook.com\/profile.php?id=100044359842817","article_modified_time":"2026-04-05T14:56:40+00:00","og_image":[{"width":800,"height":1200,"url":"https:\/\/www.matts-guitar-shop.com\/wp-content\/uploads\/2026\/04\/Gibson-ES-345-Stereo-1960-3-4-01.jpg","type":"image\/jpeg"}],"twitter_card":"summary_large_image","twitter_misc":{"Geschatte leestijd":"1 minuut"},"schema":{"@context":"https:\/\/schema.org","@graph":[{"@type":"WebPage","@id":"https:\/\/www.matts-guitar-shop.com\/nl\/produit\/gibson-es-345-stereo-3-4-1960\/","url":"https:\/\/www.matts-guitar-shop.com\/nl\/produit\/gibson-es-345-stereo-3-4-1960\/","name":"Gibson ES-345 Stereo 3\/4 (1960) - Matt&#039;s Guitar Shop","isPartOf":{"@id":"https:\/\/www.matts-guitar-shop.com\/nl\/#website"},"primaryImageOfPage":{"@id":"https:\/\/www.matts-guitar-shop.com\/nl\/produit\/gibson-es-345-stereo-3-4-1960\/#primaryimage"},"image":{"@id":"https:\/\/www.matts-guitar-shop.com\/nl\/produit\/gibson-es-345-stereo-3-4-1960\/#primaryimage"},"thumbnailUrl":"https:\/\/www.matts-guitar-shop.com\/wp-content\/uploads\/2026\/04\/Gibson-ES-345-Stereo-1960-3-4-01.jpg","datePublished":"2026-04-05T14:46:42+00:00","dateModified":"2026-04-05T14:56:40+00:00","breadcrumb":{"@id":"https:\/\/www.matts-guitar-shop.com\/nl\/produit\/gibson-es-345-stereo-3-4-1960\/#breadcrumb"},"inLanguage":"nl-NL","potentialAction":[{"@type":"ReadAction","target":["https:\/\/www.matts-guitar-shop.com\/nl\/produit\/gibson-es-345-stereo-3-4-1960\/"]}]},{"@type":"ImageObject","inLanguage":"nl-NL","@id":"https:\/\/www.matts-guitar-shop.com\/nl\/produit\/gibson-es-345-stereo-3-4-1960\/#primaryimage","url":"https:\/\/www.matts-guitar-shop.com\/wp-content\/uploads\/2026\/04\/Gibson-ES-345-Stereo-1960-3-4-01.jpg","contentUrl":"https:\/\/www.matts-guitar-shop.com\/wp-content\/uploads\/2026\/04\/Gibson-ES-345-Stereo-1960-3-4-01.jpg","width":800,"height":1200},{"@type":"BreadcrumbList","@id":"https:\/\/www.matts-guitar-shop.com\/nl\/produit\/gibson-es-345-stereo-3-4-1960\/#breadcrumb","itemListElement":[{"@type":"ListItem","position":1,"name":"Home","item":"https:\/\/www.matts-guitar-shop.com\/nl\/"},{"@type":"ListItem","position":2,"name":"Winkel","item":"https:\/\/www.matts-guitar-shop.com\/nl\/winkel\/"},{"@type":"ListItem","position":3,"name":"Gibson ES-345 Stereo 3\/4 (1960)"}]},{"@type":"WebSite","@id":"https:\/\/www.matts-guitar-shop.com\/nl\/#website","url":"https:\/\/www.matts-guitar-shop.com\/nl\/","name":"matts-guitar-shop.com","description":"Guitar Shop","publisher":{"@id":"https:\/\/www.matts-guitar-shop.com\/nl\/#organization"},"potentialAction":[{"@type":"SearchAction","target":{"@type":"EntryPoint","urlTemplate":"https:\/\/www.matts-guitar-shop.com\/nl\/?s={search_term_string}"},"query-input":{"@type":"PropertyValueSpecification","valueRequired":true,"valueName":"search_term_string"}}],"inLanguage":"nl-NL"},{"@type":"Organization","@id":"https:\/\/www.matts-guitar-shop.com\/nl\/#organization","name":"matts-guitar-shop.com","url":"https:\/\/www.matts-guitar-shop.com\/nl\/","logo":{"@type":"ImageObject","inLanguage":"nl-NL","@id":"https:\/\/www.matts-guitar-shop.com\/nl\/#\/schema\/logo\/image\/","url":"https:\/\/www.matts-guitar-shop.com\/wp-content\/uploads\/2024\/09\/MGS-logo-site-02.png","contentUrl":"https:\/\/www.matts-guitar-shop.com\/wp-content\/uploads\/2024\/09\/MGS-logo-site-02.png","width":200,"height":122,"caption":"matts-guitar-shop.com"},"image":{"@id":"https:\/\/www.matts-guitar-shop.com\/nl\/#\/schema\/logo\/image\/"},"sameAs":["https:\/\/www.facebook.com\/profile.php?id=100044359842817","https:\/\/www.instagram.com\/mattsguitarshop\/","https:\/\/www.youtube.com\/@MattLucasMan\/videos"]}]}},"_links":{"self":[{"href":"https:\/\/www.matts-guitar-shop.com\/nl\/wp-json\/wp\/v2\/product\/31636","targetHints":{"allow":["GET"]}}],"collection":[{"href":"https:\/\/www.matts-guitar-shop.com\/nl\/wp-json\/wp\/v2\/product"}],"about":[{"href":"https:\/\/www.matts-guitar-shop.com\/nl\/wp-json\/wp\/v2\/types\/product"}],"replies":[{"embeddable":true,"href":"https:\/\/www.matts-guitar-shop.com\/nl\/wp-json\/wp\/v2\/comments?post=31636"}],"wp:featuredmedia":[{"embeddable":true,"href":"https:\/\/www.matts-guitar-shop.com\/nl\/wp-json\/wp\/v2\/media\/31637"}],"wp:attachment":[{"href":"https:\/\/www.matts-guitar-shop.com\/nl\/wp-json\/wp\/v2\/media?parent=31636"}],"wp:term":[{"taxonomy":"product_brand","embeddable":true,"href":"https:\/\/www.matts-guitar-shop.com\/nl\/wp-json\/wp\/v2\/product_brand?post=31636"},{"taxonomy":"product_cat","embeddable":true,"href":"https:\/\/www.matts-guitar-shop.com\/nl\/wp-json\/wp\/v2\/product_cat?post=31636"},{"taxonomy":"product_tag","embeddable":true,"href":"https:\/\/www.matts-guitar-shop.com\/nl\/wp-json\/wp\/v2\/product_tag?post=31636"}],"curies":[{"name":"wp","href":"https:\/\/api.w.org\/{rel}","templated":true}]}}