{"id":27077,"date":"2024-08-13T16:08:09","date_gmt":"2024-08-13T14:08:09","guid":{"rendered":"https:\/\/www.matts-guitar-shop.com\/produit\/epiphone-les-paul-joe-bonamassa-signature-norman-harris-burst\/"},"modified":"2024-08-13T16:08:09","modified_gmt":"2024-08-13T14:08:09","slug":"epiphone-les-paul-joe-bonamassa-signature-norman-harris-burst","status":"publish","type":"product","link":"https:\/\/www.matts-guitar-shop.com\/nl\/produit\/epiphone-les-paul-joe-bonamassa-signature-norman-harris-burst\/","title":{"rendered":"Epiphone Les Paul Joe Bonamassa Signature Norman Harris Burst"},"content":{"rendered":"<p>Joe Bonamassa<br \/>\n(1977)<\/p>\n<p>Guitare principale : Gibson Les Paul Standard 1959<br \/>\nTitre \u00e0 \u00e9couter absolument : Sloe Gin<\/p>\n<p>Pas facile de s\u2019inventer comme artiste adulte lorsqu\u2019on a \u00e9t\u00e9 un enfant prodige. Joe a \u00e9t\u00e9 l\u2019\u00e9l\u00e8ve de Danny Gatton et le prot\u00e9g\u00e9 de B.B. King alors qu\u2019il n\u2019\u00e9tait m\u00eame pas encore en \u00e2ge de conduire une voiture, et tournait avec le groupe Bloodline (avec d\u2019autres enfants prodiges fils de stars comme Miles Davis ou Robby Krieger) avant de pouvoir voter. Mais tout aurait pu s\u2019arr\u00eater aussi sec, et d\u2019ailleurs les autres membres de Bloodline ont tous disparu dans l\u2019\u00e9ther du show business. Mais Bonamassa a toujours eu une \u00e9thique de travail imparable, et \u00e0 force de tourner il a fini par imposer son propre son et sa discographie solo.<\/p>\n<p>Tout commence en 2000 avec A New Day Yesterday, un disque de blues tout \u00e0 fait honn\u00eate sur lequel des invit\u00e9s comme Leslie West, Greg Allman et Rick Derringer viennent adouber le jeune musicien. \u00c0 l\u2019\u00e9poque, Bonamassa joue sur Strat et Tele et l\u2019influence de Stevie Ray Vaughan est encore audible dans beaucoup de ses phrases. Puis, petit \u00e0 petit, il trouve sa propre voie lorsqu\u2019il passe sur Les Paul et qu\u2019il combine ses Marshall Silver Jubilee \u00e0 quelques autres t\u00eates boutique pour un r\u00e9sultat aussi bluesy que gras et organique. C\u2019est aussi l\u2019\u00e9poque o\u00f9 le producteur Kevin Shirley commence \u00e0 collaborer avec Bonamassa, une collaboration qui commence avec You &#038; Me (2006) et continue \u00e0 ce jour. Sloe Gin (2007) et Ballad Of John Henry (2009) sont autant de cartons qui installent la r\u00e9putation de Joe comme le sauveur du blues, l\u2019avenir d\u2019un style que l\u2019on croyait r\u00e9serv\u00e9 aux baby boomers \u00e0 l\u2019aube de la retraite.<\/p>\n<p>Depuis Bonamassa, n\u2019a pas ralenti son rythme de tourn\u00e9e, et redouble d\u2019inventivit\u00e9 pour varier ses spectacles, qu\u2019il s\u2019agisse d\u2019un concert hommage \u00e0 Muddy Waters et Holwin\u2019 Wolf, d\u2019une tourn\u00e9e hommage aux trois Kings du blues ou au British Blues Boom. Il joue aussi sur les albums de la chanteuse Beth Hart ainsi qu\u2019avec les groupes Black Country Communion (aux c\u00f4t\u00e9s du bassiste chanteur Glenn Hughes) et Rock Candy Funk Party. En parall\u00e8le, la collectionnite aigu\u00eb de celui qui est n\u00e9 dans la guitare (son p\u00e8re tient un magasin) n\u2019a fait que s\u2019aggraver au point qu\u2019il poss\u00e8de une dizaine de bursts, deux V Korina et un nombre ahurissant d\u2019instruments rares. Pour autant, ces guitares ne sont pas stock\u00e9es \u00e0 l\u2019abri puisqu\u2019elles partent sur la route avec Joe. Apr\u00e8s tout, elles ont \u00e9t\u00e9 fabriqu\u00e9es pour \u00e7a.<\/p>\n","protected":false},"excerpt":{"rendered":"<p>Heeft u vragen over dit product? Neem gerust contact met ons op!<\/p>\n","protected":false},"featured_media":27078,"comment_status":"open","ping_status":"closed","template":"","meta":{"_et_pb_use_builder":"","_et_pb_old_content":"","_et_gb_content_width":""},"product_brand":[],"product_cat":[1040,1044],"product_tag":[],"class_list":{"0":"post-27077","1":"product","2":"type-product","3":"status-publish","4":"has-post-thumbnail","6":"product_cat-gitaren","7":"product_cat-elektrische-gitaren","8":"pa_artiste-joe-bonamassa-nl","9":"pa_disponibilite-te-koop","10":"pa_marque-epiphone-nl","12":"first","13":"instock","14":"shipping-taxable","15":"product-type-simple"},"yoast_head":"<!-- This site is optimized with the Yoast SEO plugin v26.8 - https:\/\/yoast.com\/product\/yoast-seo-wordpress\/ -->\n<title>Epiphone Les Paul Joe Bonamassa Signature Norman Harris Burst - Matt&#039;s Guitar Shop<\/title>\n<meta name=\"robots\" content=\"index, follow, max-snippet:-1, max-image-preview:large, max-video-preview:-1\" \/>\n<link rel=\"canonical\" href=\"https:\/\/www.matts-guitar-shop.com\/nl\/produit\/epiphone-les-paul-joe-bonamassa-signature-norman-harris-burst\/\" \/>\n<meta property=\"og:locale\" content=\"nl_NL\" \/>\n<meta property=\"og:type\" content=\"article\" \/>\n<meta property=\"og:title\" content=\"Epiphone Les Paul Joe Bonamassa Signature Norman Harris Burst - Matt&#039;s Guitar Shop\" \/>\n<meta property=\"og:description\" content=\"Heeft u vragen over dit product? Neem gerust contact met ons op!\" \/>\n<meta property=\"og:url\" content=\"https:\/\/www.matts-guitar-shop.com\/nl\/produit\/epiphone-les-paul-joe-bonamassa-signature-norman-harris-burst\/\" \/>\n<meta property=\"og:site_name\" content=\"Matt&#039;s Guitar Shop\" \/>\n<meta property=\"article:publisher\" content=\"https:\/\/www.facebook.com\/profile.php?id=100044359842817\" \/>\n<meta property=\"og:image\" content=\"https:\/\/www.matts-guitar-shop.com\/wp-content\/uploads\/2024\/08\/Epiphone-Les-Paul-Joe-Bonamassa-Signature-Norman-Harris-Burst-00.jpg\" \/>\n\t<meta property=\"og:image:width\" content=\"600\" \/>\n\t<meta property=\"og:image:height\" content=\"867\" \/>\n\t<meta property=\"og:image:type\" content=\"image\/jpeg\" \/>\n<meta name=\"twitter:card\" content=\"summary_large_image\" \/>\n<meta name=\"twitter:label1\" content=\"Geschatte leestijd\" \/>\n\t<meta name=\"twitter:data1\" content=\"2 minuut\" \/>\n<script type=\"application\/ld+json\" class=\"yoast-schema-graph\">{\"@context\":\"https:\/\/schema.org\",\"@graph\":[{\"@type\":\"WebPage\",\"@id\":\"https:\/\/www.matts-guitar-shop.com\/nl\/produit\/epiphone-les-paul-joe-bonamassa-signature-norman-harris-burst\/\",\"url\":\"https:\/\/www.matts-guitar-shop.com\/nl\/produit\/epiphone-les-paul-joe-bonamassa-signature-norman-harris-burst\/\",\"name\":\"Epiphone Les Paul Joe Bonamassa Signature Norman Harris Burst - Matt&#039;s Guitar Shop\",\"isPartOf\":{\"@id\":\"https:\/\/www.matts-guitar-shop.com\/nl\/#website\"},\"primaryImageOfPage\":{\"@id\":\"https:\/\/www.matts-guitar-shop.com\/nl\/produit\/epiphone-les-paul-joe-bonamassa-signature-norman-harris-burst\/#primaryimage\"},\"image\":{\"@id\":\"https:\/\/www.matts-guitar-shop.com\/nl\/produit\/epiphone-les-paul-joe-bonamassa-signature-norman-harris-burst\/#primaryimage\"},\"thumbnailUrl\":\"https:\/\/www.matts-guitar-shop.com\/wp-content\/uploads\/2024\/08\/Epiphone-Les-Paul-Joe-Bonamassa-Signature-Norman-Harris-Burst-00.jpg\",\"datePublished\":\"2024-08-13T14:08:09+00:00\",\"breadcrumb\":{\"@id\":\"https:\/\/www.matts-guitar-shop.com\/nl\/produit\/epiphone-les-paul-joe-bonamassa-signature-norman-harris-burst\/#breadcrumb\"},\"inLanguage\":\"nl-NL\",\"potentialAction\":[{\"@type\":\"ReadAction\",\"target\":[\"https:\/\/www.matts-guitar-shop.com\/nl\/produit\/epiphone-les-paul-joe-bonamassa-signature-norman-harris-burst\/\"]}]},{\"@type\":\"ImageObject\",\"inLanguage\":\"nl-NL\",\"@id\":\"https:\/\/www.matts-guitar-shop.com\/nl\/produit\/epiphone-les-paul-joe-bonamassa-signature-norman-harris-burst\/#primaryimage\",\"url\":\"https:\/\/www.matts-guitar-shop.com\/wp-content\/uploads\/2024\/08\/Epiphone-Les-Paul-Joe-Bonamassa-Signature-Norman-Harris-Burst-00.jpg\",\"contentUrl\":\"https:\/\/www.matts-guitar-shop.com\/wp-content\/uploads\/2024\/08\/Epiphone-Les-Paul-Joe-Bonamassa-Signature-Norman-Harris-Burst-00.jpg\",\"width\":600,\"height\":867},{\"@type\":\"BreadcrumbList\",\"@id\":\"https:\/\/www.matts-guitar-shop.com\/nl\/produit\/epiphone-les-paul-joe-bonamassa-signature-norman-harris-burst\/#breadcrumb\",\"itemListElement\":[{\"@type\":\"ListItem\",\"position\":1,\"name\":\"Home\",\"item\":\"https:\/\/www.matts-guitar-shop.com\/nl\/\"},{\"@type\":\"ListItem\",\"position\":2,\"name\":\"Winkel\",\"item\":\"https:\/\/www.matts-guitar-shop.com\/nl\/winkel\/\"},{\"@type\":\"ListItem\",\"position\":3,\"name\":\"Epiphone Les Paul Joe Bonamassa Signature Norman Harris Burst\"}]},{\"@type\":\"WebSite\",\"@id\":\"https:\/\/www.matts-guitar-shop.com\/nl\/#website\",\"url\":\"https:\/\/www.matts-guitar-shop.com\/nl\/\",\"name\":\"matts-guitar-shop.com\",\"description\":\"Guitar Shop\",\"publisher\":{\"@id\":\"https:\/\/www.matts-guitar-shop.com\/nl\/#organization\"},\"potentialAction\":[{\"@type\":\"SearchAction\",\"target\":{\"@type\":\"EntryPoint\",\"urlTemplate\":\"https:\/\/www.matts-guitar-shop.com\/nl\/?s={search_term_string}\"},\"query-input\":{\"@type\":\"PropertyValueSpecification\",\"valueRequired\":true,\"valueName\":\"search_term_string\"}}],\"inLanguage\":\"nl-NL\"},{\"@type\":\"Organization\",\"@id\":\"https:\/\/www.matts-guitar-shop.com\/nl\/#organization\",\"name\":\"matts-guitar-shop.com\",\"url\":\"https:\/\/www.matts-guitar-shop.com\/nl\/\",\"logo\":{\"@type\":\"ImageObject\",\"inLanguage\":\"nl-NL\",\"@id\":\"https:\/\/www.matts-guitar-shop.com\/nl\/#\/schema\/logo\/image\/\",\"url\":\"https:\/\/www.matts-guitar-shop.com\/wp-content\/uploads\/2024\/09\/MGS-logo-site-02.png\",\"contentUrl\":\"https:\/\/www.matts-guitar-shop.com\/wp-content\/uploads\/2024\/09\/MGS-logo-site-02.png\",\"width\":200,\"height\":122,\"caption\":\"matts-guitar-shop.com\"},\"image\":{\"@id\":\"https:\/\/www.matts-guitar-shop.com\/nl\/#\/schema\/logo\/image\/\"},\"sameAs\":[\"https:\/\/www.facebook.com\/profile.php?id=100044359842817\",\"https:\/\/www.instagram.com\/mattsguitarshop\/\",\"https:\/\/www.youtube.com\/@MattLucasMan\/videos\"]}]}<\/script>\n<!-- \/ Yoast SEO plugin. -->","yoast_head_json":{"title":"Epiphone Les Paul Joe Bonamassa Signature Norman Harris Burst - Matt&#039;s Guitar Shop","robots":{"index":"index","follow":"follow","max-snippet":"max-snippet:-1","max-image-preview":"max-image-preview:large","max-video-preview":"max-video-preview:-1"},"canonical":"https:\/\/www.matts-guitar-shop.com\/nl\/produit\/epiphone-les-paul-joe-bonamassa-signature-norman-harris-burst\/","og_locale":"nl_NL","og_type":"article","og_title":"Epiphone Les Paul Joe Bonamassa Signature Norman Harris Burst - Matt&#039;s Guitar Shop","og_description":"Heeft u vragen over dit product? Neem gerust contact met ons op!","og_url":"https:\/\/www.matts-guitar-shop.com\/nl\/produit\/epiphone-les-paul-joe-bonamassa-signature-norman-harris-burst\/","og_site_name":"Matt&#039;s Guitar Shop","article_publisher":"https:\/\/www.facebook.com\/profile.php?id=100044359842817","og_image":[{"width":600,"height":867,"url":"https:\/\/www.matts-guitar-shop.com\/wp-content\/uploads\/2024\/08\/Epiphone-Les-Paul-Joe-Bonamassa-Signature-Norman-Harris-Burst-00.jpg","type":"image\/jpeg"}],"twitter_card":"summary_large_image","twitter_misc":{"Geschatte leestijd":"2 minuut"},"schema":{"@context":"https:\/\/schema.org","@graph":[{"@type":"WebPage","@id":"https:\/\/www.matts-guitar-shop.com\/nl\/produit\/epiphone-les-paul-joe-bonamassa-signature-norman-harris-burst\/","url":"https:\/\/www.matts-guitar-shop.com\/nl\/produit\/epiphone-les-paul-joe-bonamassa-signature-norman-harris-burst\/","name":"Epiphone Les Paul Joe Bonamassa Signature Norman Harris Burst - Matt&#039;s Guitar Shop","isPartOf":{"@id":"https:\/\/www.matts-guitar-shop.com\/nl\/#website"},"primaryImageOfPage":{"@id":"https:\/\/www.matts-guitar-shop.com\/nl\/produit\/epiphone-les-paul-joe-bonamassa-signature-norman-harris-burst\/#primaryimage"},"image":{"@id":"https:\/\/www.matts-guitar-shop.com\/nl\/produit\/epiphone-les-paul-joe-bonamassa-signature-norman-harris-burst\/#primaryimage"},"thumbnailUrl":"https:\/\/www.matts-guitar-shop.com\/wp-content\/uploads\/2024\/08\/Epiphone-Les-Paul-Joe-Bonamassa-Signature-Norman-Harris-Burst-00.jpg","datePublished":"2024-08-13T14:08:09+00:00","breadcrumb":{"@id":"https:\/\/www.matts-guitar-shop.com\/nl\/produit\/epiphone-les-paul-joe-bonamassa-signature-norman-harris-burst\/#breadcrumb"},"inLanguage":"nl-NL","potentialAction":[{"@type":"ReadAction","target":["https:\/\/www.matts-guitar-shop.com\/nl\/produit\/epiphone-les-paul-joe-bonamassa-signature-norman-harris-burst\/"]}]},{"@type":"ImageObject","inLanguage":"nl-NL","@id":"https:\/\/www.matts-guitar-shop.com\/nl\/produit\/epiphone-les-paul-joe-bonamassa-signature-norman-harris-burst\/#primaryimage","url":"https:\/\/www.matts-guitar-shop.com\/wp-content\/uploads\/2024\/08\/Epiphone-Les-Paul-Joe-Bonamassa-Signature-Norman-Harris-Burst-00.jpg","contentUrl":"https:\/\/www.matts-guitar-shop.com\/wp-content\/uploads\/2024\/08\/Epiphone-Les-Paul-Joe-Bonamassa-Signature-Norman-Harris-Burst-00.jpg","width":600,"height":867},{"@type":"BreadcrumbList","@id":"https:\/\/www.matts-guitar-shop.com\/nl\/produit\/epiphone-les-paul-joe-bonamassa-signature-norman-harris-burst\/#breadcrumb","itemListElement":[{"@type":"ListItem","position":1,"name":"Home","item":"https:\/\/www.matts-guitar-shop.com\/nl\/"},{"@type":"ListItem","position":2,"name":"Winkel","item":"https:\/\/www.matts-guitar-shop.com\/nl\/winkel\/"},{"@type":"ListItem","position":3,"name":"Epiphone Les Paul Joe Bonamassa Signature Norman Harris Burst"}]},{"@type":"WebSite","@id":"https:\/\/www.matts-guitar-shop.com\/nl\/#website","url":"https:\/\/www.matts-guitar-shop.com\/nl\/","name":"matts-guitar-shop.com","description":"Guitar Shop","publisher":{"@id":"https:\/\/www.matts-guitar-shop.com\/nl\/#organization"},"potentialAction":[{"@type":"SearchAction","target":{"@type":"EntryPoint","urlTemplate":"https:\/\/www.matts-guitar-shop.com\/nl\/?s={search_term_string}"},"query-input":{"@type":"PropertyValueSpecification","valueRequired":true,"valueName":"search_term_string"}}],"inLanguage":"nl-NL"},{"@type":"Organization","@id":"https:\/\/www.matts-guitar-shop.com\/nl\/#organization","name":"matts-guitar-shop.com","url":"https:\/\/www.matts-guitar-shop.com\/nl\/","logo":{"@type":"ImageObject","inLanguage":"nl-NL","@id":"https:\/\/www.matts-guitar-shop.com\/nl\/#\/schema\/logo\/image\/","url":"https:\/\/www.matts-guitar-shop.com\/wp-content\/uploads\/2024\/09\/MGS-logo-site-02.png","contentUrl":"https:\/\/www.matts-guitar-shop.com\/wp-content\/uploads\/2024\/09\/MGS-logo-site-02.png","width":200,"height":122,"caption":"matts-guitar-shop.com"},"image":{"@id":"https:\/\/www.matts-guitar-shop.com\/nl\/#\/schema\/logo\/image\/"},"sameAs":["https:\/\/www.facebook.com\/profile.php?id=100044359842817","https:\/\/www.instagram.com\/mattsguitarshop\/","https:\/\/www.youtube.com\/@MattLucasMan\/videos"]}]}},"_links":{"self":[{"href":"https:\/\/www.matts-guitar-shop.com\/nl\/wp-json\/wp\/v2\/product\/27077","targetHints":{"allow":["GET"]}}],"collection":[{"href":"https:\/\/www.matts-guitar-shop.com\/nl\/wp-json\/wp\/v2\/product"}],"about":[{"href":"https:\/\/www.matts-guitar-shop.com\/nl\/wp-json\/wp\/v2\/types\/product"}],"replies":[{"embeddable":true,"href":"https:\/\/www.matts-guitar-shop.com\/nl\/wp-json\/wp\/v2\/comments?post=27077"}],"wp:featuredmedia":[{"embeddable":true,"href":"https:\/\/www.matts-guitar-shop.com\/nl\/wp-json\/wp\/v2\/media\/27078"}],"wp:attachment":[{"href":"https:\/\/www.matts-guitar-shop.com\/nl\/wp-json\/wp\/v2\/media?parent=27077"}],"wp:term":[{"taxonomy":"product_brand","embeddable":true,"href":"https:\/\/www.matts-guitar-shop.com\/nl\/wp-json\/wp\/v2\/product_brand?post=27077"},{"taxonomy":"product_cat","embeddable":true,"href":"https:\/\/www.matts-guitar-shop.com\/nl\/wp-json\/wp\/v2\/product_cat?post=27077"},{"taxonomy":"product_tag","embeddable":true,"href":"https:\/\/www.matts-guitar-shop.com\/nl\/wp-json\/wp\/v2\/product_tag?post=27077"}],"curies":[{"name":"wp","href":"https:\/\/api.w.org\/{rel}","templated":true}]}}