{"id":26350,"date":"2024-08-22T17:41:06","date_gmt":"2024-08-22T15:41:06","guid":{"rendered":"https:\/\/www.matts-guitar-shop.com\/produit\/gibson-sg-les-paul-standard-1962\/"},"modified":"2024-08-22T17:41:06","modified_gmt":"2024-08-22T15:41:06","slug":"gibson-sg-les-paul-standard-1962","status":"publish","type":"product","link":"https:\/\/www.matts-guitar-shop.com\/nl\/produit\/gibson-sg-les-paul-standard-1962\/","title":{"rendered":"Gibson SG Les Paul Standard 1962"},"content":{"rendered":"<p>Gibson SG Les Paul Standard 1962<\/p>\n","protected":false},"excerpt":{"rendered":"<p><strong>De tweede helft van de 20e eeuw kenmerkt zich door felle concurrentie tussen gitaarfabrikanten die hun modellen als d\u00e9 referentie op het muzikale toneel wilden vestigen. E\u00e9n voor \u00e9\u00e9n verschijnen de beroemde Telecaster, Stratocaster en Les Paul, die de hi\u00ebrarchie van elektrische gitaren compleet veranderen. In 1961 wordt de legendarische SG geboren, de beroemde solid body-gitaar met dubbele cutaway en cherry-afwerking, die door de grootste gitaristen zal worden omarmd. Deze prachtige Gibson SG Les Paul Standard uit 1962 behoort tot de allereerste productiemaanden van het model, dat al snel een referentiegitaar in de muziekgeschiedenis zal worden.<\/strong><\/p>\n<p>Toen de SG op de markt kwam, introduceerde ze een modern ontwerp dat alles wat tot dan bekend was, revolutionair veranderde. Het is een combinatie van facetten, punten en hoeken, vervaardigd uit \u00e9\u00e9n stuk massief mahonie, dat de ambachtslieden van Gibson transformeerden tot een slanke en elegante vorm. De hoorns van de cutaways vormen twee sierlijke punten die enkele jaren later het handelsmerk zullen worden van Angus Young, de legendarische gitarist van AC\/DC. De facetbewerking geeft de gitaar een verfijnde uitstraling en is een van de kenmerkende eigenschappen van de SG-top.<\/p>\n<p>De SG Les Paul Standard uit 1962, aangeboden door Matt\u2019s Guitar Shop, is een gitaar uit de allereerste productiemaanden. De kop van de hals draagt de inscriptie \u201cLes Paul\u201d, vergezeld van het Gibson-logo en een distelornament eronder. De afwerking van top en hals is uitgevoerd in het iconische cherry-rood, en de palissander toets is voorzien van trapeziumvormige inlays. Dit uitzonderlijke exemplaar vertoont alle kenmerken van de eerste modellen: het is uitgerust met een klein pickguard (dat vanaf 1967 werd vervangen door een groter, vastgeschroefd pickguard dat tevens dienstdoet als humbucker-behuizing), een Maestro vibrato met zijwaartse actie (dat vanaf 1963 werd vervangen), en de Les Paul-stempel die eind 1963 verdween. Een legendarische gitaar uit de allereerste maanden, beschikbaar bij Matt\u2019s Guitar Shop!<\/p>\n<h3>Verkocht<\/h3>\n","protected":false},"featured_media":26351,"comment_status":"open","ping_status":"closed","template":"","meta":{"_et_pb_use_builder":"","_et_pb_old_content":"","_et_gb_content_width":""},"product_brand":[],"product_cat":[1039],"product_tag":[],"class_list":{"0":"post-26350","1":"product","2":"type-product","3":"status-publish","4":"has-post-thumbnail","6":"product_cat-verkocht","7":"pa_disponibilite-verkocht","8":"pa_marque-gibson-nl","10":"first","11":"outofstock","12":"shipping-taxable","13":"product-type-simple"},"yoast_head":"<!-- This site is optimized with the Yoast SEO plugin v26.8 - https:\/\/yoast.com\/product\/yoast-seo-wordpress\/ -->\n<title>Gibson SG Les Paul Standard 1962 - Matt&#039;s Guitar Shop<\/title>\n<meta name=\"description\" content=\"Dit uitzonderlijke exemplaar heeft alle kenmerken van de allereerste modellen. Verkrijgbaar bij Matt\u2019s Guitar Shop.\" \/>\n<meta name=\"robots\" content=\"index, follow, max-snippet:-1, max-image-preview:large, max-video-preview:-1\" \/>\n<link rel=\"canonical\" href=\"https:\/\/www.matts-guitar-shop.com\/nl\/produit\/gibson-sg-les-paul-standard-1962\/\" \/>\n<meta property=\"og:locale\" content=\"nl_NL\" \/>\n<meta property=\"og:type\" content=\"article\" \/>\n<meta property=\"og:title\" content=\"Gibson SG Les Paul Standard 1962 - Matt&#039;s Guitar Shop\" \/>\n<meta property=\"og:description\" content=\"Dit uitzonderlijke exemplaar heeft alle kenmerken van de allereerste modellen. Verkrijgbaar bij Matt\u2019s Guitar Shop.\" \/>\n<meta property=\"og:url\" content=\"https:\/\/www.matts-guitar-shop.com\/nl\/produit\/gibson-sg-les-paul-standard-1962\/\" \/>\n<meta property=\"og:site_name\" content=\"Matt&#039;s Guitar Shop\" \/>\n<meta property=\"article:publisher\" content=\"https:\/\/www.facebook.com\/profile.php?id=100044359842817\" \/>\n<meta property=\"og:image\" content=\"https:\/\/www.matts-guitar-shop.com\/wp-content\/uploads\/2024\/08\/Gibson-SG-Les-Paul-Standard-1962-guitare-00.jpg\" \/>\n\t<meta property=\"og:image:width\" content=\"692\" \/>\n\t<meta property=\"og:image:height\" content=\"1000\" \/>\n\t<meta property=\"og:image:type\" content=\"image\/jpeg\" \/>\n<meta name=\"twitter:card\" content=\"summary_large_image\" \/>\n<script type=\"application\/ld+json\" class=\"yoast-schema-graph\">{\"@context\":\"https:\/\/schema.org\",\"@graph\":[{\"@type\":\"WebPage\",\"@id\":\"https:\/\/www.matts-guitar-shop.com\/nl\/produit\/gibson-sg-les-paul-standard-1962\/\",\"url\":\"https:\/\/www.matts-guitar-shop.com\/nl\/produit\/gibson-sg-les-paul-standard-1962\/\",\"name\":\"Gibson SG Les Paul Standard 1962 - Matt&#039;s Guitar Shop\",\"isPartOf\":{\"@id\":\"https:\/\/www.matts-guitar-shop.com\/nl\/#website\"},\"primaryImageOfPage\":{\"@id\":\"https:\/\/www.matts-guitar-shop.com\/nl\/produit\/gibson-sg-les-paul-standard-1962\/#primaryimage\"},\"image\":{\"@id\":\"https:\/\/www.matts-guitar-shop.com\/nl\/produit\/gibson-sg-les-paul-standard-1962\/#primaryimage\"},\"thumbnailUrl\":\"https:\/\/www.matts-guitar-shop.com\/wp-content\/uploads\/2024\/08\/Gibson-SG-Les-Paul-Standard-1962-guitare-00.jpg\",\"datePublished\":\"2024-08-22T15:41:06+00:00\",\"description\":\"Dit uitzonderlijke exemplaar heeft alle kenmerken van de allereerste modellen. Verkrijgbaar bij Matt\u2019s Guitar Shop.\",\"breadcrumb\":{\"@id\":\"https:\/\/www.matts-guitar-shop.com\/nl\/produit\/gibson-sg-les-paul-standard-1962\/#breadcrumb\"},\"inLanguage\":\"nl-NL\",\"potentialAction\":[{\"@type\":\"ReadAction\",\"target\":[\"https:\/\/www.matts-guitar-shop.com\/nl\/produit\/gibson-sg-les-paul-standard-1962\/\"]}]},{\"@type\":\"ImageObject\",\"inLanguage\":\"nl-NL\",\"@id\":\"https:\/\/www.matts-guitar-shop.com\/nl\/produit\/gibson-sg-les-paul-standard-1962\/#primaryimage\",\"url\":\"https:\/\/www.matts-guitar-shop.com\/wp-content\/uploads\/2024\/08\/Gibson-SG-Les-Paul-Standard-1962-guitare-00.jpg\",\"contentUrl\":\"https:\/\/www.matts-guitar-shop.com\/wp-content\/uploads\/2024\/08\/Gibson-SG-Les-Paul-Standard-1962-guitare-00.jpg\",\"width\":692,\"height\":1000},{\"@type\":\"BreadcrumbList\",\"@id\":\"https:\/\/www.matts-guitar-shop.com\/nl\/produit\/gibson-sg-les-paul-standard-1962\/#breadcrumb\",\"itemListElement\":[{\"@type\":\"ListItem\",\"position\":1,\"name\":\"Home\",\"item\":\"https:\/\/www.matts-guitar-shop.com\/nl\/\"},{\"@type\":\"ListItem\",\"position\":2,\"name\":\"Winkel\",\"item\":\"https:\/\/www.matts-guitar-shop.com\/nl\/winkel\/\"},{\"@type\":\"ListItem\",\"position\":3,\"name\":\"Gibson SG Les Paul Standard 1962\"}]},{\"@type\":\"WebSite\",\"@id\":\"https:\/\/www.matts-guitar-shop.com\/nl\/#website\",\"url\":\"https:\/\/www.matts-guitar-shop.com\/nl\/\",\"name\":\"matts-guitar-shop.com\",\"description\":\"Guitar Shop\",\"publisher\":{\"@id\":\"https:\/\/www.matts-guitar-shop.com\/nl\/#organization\"},\"potentialAction\":[{\"@type\":\"SearchAction\",\"target\":{\"@type\":\"EntryPoint\",\"urlTemplate\":\"https:\/\/www.matts-guitar-shop.com\/nl\/?s={search_term_string}\"},\"query-input\":{\"@type\":\"PropertyValueSpecification\",\"valueRequired\":true,\"valueName\":\"search_term_string\"}}],\"inLanguage\":\"nl-NL\"},{\"@type\":\"Organization\",\"@id\":\"https:\/\/www.matts-guitar-shop.com\/nl\/#organization\",\"name\":\"matts-guitar-shop.com\",\"url\":\"https:\/\/www.matts-guitar-shop.com\/nl\/\",\"logo\":{\"@type\":\"ImageObject\",\"inLanguage\":\"nl-NL\",\"@id\":\"https:\/\/www.matts-guitar-shop.com\/nl\/#\/schema\/logo\/image\/\",\"url\":\"https:\/\/www.matts-guitar-shop.com\/wp-content\/uploads\/2024\/09\/MGS-logo-site-02.png\",\"contentUrl\":\"https:\/\/www.matts-guitar-shop.com\/wp-content\/uploads\/2024\/09\/MGS-logo-site-02.png\",\"width\":200,\"height\":122,\"caption\":\"matts-guitar-shop.com\"},\"image\":{\"@id\":\"https:\/\/www.matts-guitar-shop.com\/nl\/#\/schema\/logo\/image\/\"},\"sameAs\":[\"https:\/\/www.facebook.com\/profile.php?id=100044359842817\",\"https:\/\/www.instagram.com\/mattsguitarshop\/\",\"https:\/\/www.youtube.com\/@MattLucasMan\/videos\"]}]}<\/script>\n<!-- \/ Yoast SEO plugin. -->","yoast_head_json":{"title":"Gibson SG Les Paul Standard 1962 - Matt&#039;s Guitar Shop","description":"Dit uitzonderlijke exemplaar heeft alle kenmerken van de allereerste modellen. Verkrijgbaar bij Matt\u2019s Guitar Shop.","robots":{"index":"index","follow":"follow","max-snippet":"max-snippet:-1","max-image-preview":"max-image-preview:large","max-video-preview":"max-video-preview:-1"},"canonical":"https:\/\/www.matts-guitar-shop.com\/nl\/produit\/gibson-sg-les-paul-standard-1962\/","og_locale":"nl_NL","og_type":"article","og_title":"Gibson SG Les Paul Standard 1962 - Matt&#039;s Guitar Shop","og_description":"Dit uitzonderlijke exemplaar heeft alle kenmerken van de allereerste modellen. Verkrijgbaar bij Matt\u2019s Guitar Shop.","og_url":"https:\/\/www.matts-guitar-shop.com\/nl\/produit\/gibson-sg-les-paul-standard-1962\/","og_site_name":"Matt&#039;s Guitar Shop","article_publisher":"https:\/\/www.facebook.com\/profile.php?id=100044359842817","og_image":[{"width":692,"height":1000,"url":"https:\/\/www.matts-guitar-shop.com\/wp-content\/uploads\/2024\/08\/Gibson-SG-Les-Paul-Standard-1962-guitare-00.jpg","type":"image\/jpeg"}],"twitter_card":"summary_large_image","schema":{"@context":"https:\/\/schema.org","@graph":[{"@type":"WebPage","@id":"https:\/\/www.matts-guitar-shop.com\/nl\/produit\/gibson-sg-les-paul-standard-1962\/","url":"https:\/\/www.matts-guitar-shop.com\/nl\/produit\/gibson-sg-les-paul-standard-1962\/","name":"Gibson SG Les Paul Standard 1962 - Matt&#039;s Guitar Shop","isPartOf":{"@id":"https:\/\/www.matts-guitar-shop.com\/nl\/#website"},"primaryImageOfPage":{"@id":"https:\/\/www.matts-guitar-shop.com\/nl\/produit\/gibson-sg-les-paul-standard-1962\/#primaryimage"},"image":{"@id":"https:\/\/www.matts-guitar-shop.com\/nl\/produit\/gibson-sg-les-paul-standard-1962\/#primaryimage"},"thumbnailUrl":"https:\/\/www.matts-guitar-shop.com\/wp-content\/uploads\/2024\/08\/Gibson-SG-Les-Paul-Standard-1962-guitare-00.jpg","datePublished":"2024-08-22T15:41:06+00:00","description":"Dit uitzonderlijke exemplaar heeft alle kenmerken van de allereerste modellen. Verkrijgbaar bij Matt\u2019s Guitar Shop.","breadcrumb":{"@id":"https:\/\/www.matts-guitar-shop.com\/nl\/produit\/gibson-sg-les-paul-standard-1962\/#breadcrumb"},"inLanguage":"nl-NL","potentialAction":[{"@type":"ReadAction","target":["https:\/\/www.matts-guitar-shop.com\/nl\/produit\/gibson-sg-les-paul-standard-1962\/"]}]},{"@type":"ImageObject","inLanguage":"nl-NL","@id":"https:\/\/www.matts-guitar-shop.com\/nl\/produit\/gibson-sg-les-paul-standard-1962\/#primaryimage","url":"https:\/\/www.matts-guitar-shop.com\/wp-content\/uploads\/2024\/08\/Gibson-SG-Les-Paul-Standard-1962-guitare-00.jpg","contentUrl":"https:\/\/www.matts-guitar-shop.com\/wp-content\/uploads\/2024\/08\/Gibson-SG-Les-Paul-Standard-1962-guitare-00.jpg","width":692,"height":1000},{"@type":"BreadcrumbList","@id":"https:\/\/www.matts-guitar-shop.com\/nl\/produit\/gibson-sg-les-paul-standard-1962\/#breadcrumb","itemListElement":[{"@type":"ListItem","position":1,"name":"Home","item":"https:\/\/www.matts-guitar-shop.com\/nl\/"},{"@type":"ListItem","position":2,"name":"Winkel","item":"https:\/\/www.matts-guitar-shop.com\/nl\/winkel\/"},{"@type":"ListItem","position":3,"name":"Gibson SG Les Paul Standard 1962"}]},{"@type":"WebSite","@id":"https:\/\/www.matts-guitar-shop.com\/nl\/#website","url":"https:\/\/www.matts-guitar-shop.com\/nl\/","name":"matts-guitar-shop.com","description":"Guitar Shop","publisher":{"@id":"https:\/\/www.matts-guitar-shop.com\/nl\/#organization"},"potentialAction":[{"@type":"SearchAction","target":{"@type":"EntryPoint","urlTemplate":"https:\/\/www.matts-guitar-shop.com\/nl\/?s={search_term_string}"},"query-input":{"@type":"PropertyValueSpecification","valueRequired":true,"valueName":"search_term_string"}}],"inLanguage":"nl-NL"},{"@type":"Organization","@id":"https:\/\/www.matts-guitar-shop.com\/nl\/#organization","name":"matts-guitar-shop.com","url":"https:\/\/www.matts-guitar-shop.com\/nl\/","logo":{"@type":"ImageObject","inLanguage":"nl-NL","@id":"https:\/\/www.matts-guitar-shop.com\/nl\/#\/schema\/logo\/image\/","url":"https:\/\/www.matts-guitar-shop.com\/wp-content\/uploads\/2024\/09\/MGS-logo-site-02.png","contentUrl":"https:\/\/www.matts-guitar-shop.com\/wp-content\/uploads\/2024\/09\/MGS-logo-site-02.png","width":200,"height":122,"caption":"matts-guitar-shop.com"},"image":{"@id":"https:\/\/www.matts-guitar-shop.com\/nl\/#\/schema\/logo\/image\/"},"sameAs":["https:\/\/www.facebook.com\/profile.php?id=100044359842817","https:\/\/www.instagram.com\/mattsguitarshop\/","https:\/\/www.youtube.com\/@MattLucasMan\/videos"]}]}},"_links":{"self":[{"href":"https:\/\/www.matts-guitar-shop.com\/nl\/wp-json\/wp\/v2\/product\/26350","targetHints":{"allow":["GET"]}}],"collection":[{"href":"https:\/\/www.matts-guitar-shop.com\/nl\/wp-json\/wp\/v2\/product"}],"about":[{"href":"https:\/\/www.matts-guitar-shop.com\/nl\/wp-json\/wp\/v2\/types\/product"}],"replies":[{"embeddable":true,"href":"https:\/\/www.matts-guitar-shop.com\/nl\/wp-json\/wp\/v2\/comments?post=26350"}],"wp:featuredmedia":[{"embeddable":true,"href":"https:\/\/www.matts-guitar-shop.com\/nl\/wp-json\/wp\/v2\/media\/26351"}],"wp:attachment":[{"href":"https:\/\/www.matts-guitar-shop.com\/nl\/wp-json\/wp\/v2\/media?parent=26350"}],"wp:term":[{"taxonomy":"product_brand","embeddable":true,"href":"https:\/\/www.matts-guitar-shop.com\/nl\/wp-json\/wp\/v2\/product_brand?post=26350"},{"taxonomy":"product_cat","embeddable":true,"href":"https:\/\/www.matts-guitar-shop.com\/nl\/wp-json\/wp\/v2\/product_cat?post=26350"},{"taxonomy":"product_tag","embeddable":true,"href":"https:\/\/www.matts-guitar-shop.com\/nl\/wp-json\/wp\/v2\/product_tag?post=26350"}],"curies":[{"name":"wp","href":"https:\/\/api.w.org\/{rel}","templated":true}]}}