{"id":26136,"date":"2024-08-26T15:42:15","date_gmt":"2024-08-26T13:42:15","guid":{"rendered":"https:\/\/www.matts-guitar-shop.com\/produit\/gretsch-custom-shop-stephen-stern-gebouwde-falcon-mayura-op-maat-gemaakt-voor-scott-holiday-rival-sons-gebruikt-in-studio-en-op-tournee\/"},"modified":"2024-08-26T15:42:15","modified_gmt":"2024-08-26T13:42:15","slug":"gretsch-custom-shop-stephen-stern-gebouwde-falcon-mayura-op-maat-gemaakt-voor-scott-holiday-rival-sons-gebruikt-in-studio-en-op-tournee","status":"publish","type":"product","link":"https:\/\/www.matts-guitar-shop.com\/nl\/produit\/gretsch-custom-shop-stephen-stern-gebouwde-falcon-mayura-op-maat-gemaakt-voor-scott-holiday-rival-sons-gebruikt-in-studio-en-op-tournee\/","title":{"rendered":"Gretsch Custom Shop Stephen Stern gebouwde Falcon \u2013 &#8220;Mayura&#8221; \u2013 op maat gemaakt voor Scott Holiday (Rival Sons), gebruikt in studio en op tournee"},"content":{"rendered":"<p>Scott Holiday<\/p>\n","protected":false},"excerpt":{"rendered":"<p>Ontdek deze verbluffende <strong>Gretsch Falcon Custom Built door Stephen Stern<\/strong>, de toonaangevende master builder van de Gretsch Custom Shop, speciaal vervaardigd voor <strong>Scott Holiday<\/strong> van <strong>Rival Sons<\/strong>. Met de vindingrijkheid, inventiviteit en het unieke stijlgevoel van de excentrieke gitarist onthult deze unieke Falcon haar geheimen en magie achter de glinsterende sunburst afwerking.<\/p>\n<p>Als prachtig eerbetoon aan de historische Gretsch-modellen, combineert deze gitaar referenties aan zowel de carri\u00e8re van Scott Holiday als aan het Amerikaanse merk. Gebaseerd op de Falcon, is deze uitvoering ge\u00efnspireerd op een ander vogelthema: de pauw, een heilige vogel in de hindoe\u00efstische cultuur. Vandaar de bijnaam &#8220;<strong>Mayura<\/strong>&#8220;, het Sanskriet voor deze majestueuze vogel, die op meerdere plekken op de gitaar terugkomt. Van de pickguard tot de toets en de kop van het instrument, overal markeert de pauw deze gitaar. Maar wat deze Falcon &#8220;Mayura&#8221; echt bijzonder maakt, zijn de volledig persoonlijke details van Scott Holiday. Hij, die altijd een Mexicaans doekenmotief als talisman meeneemt van concert tot concert, liet dit geliefde patroon op de body van het instrument terugkomen, onder de glinsterende sunburst afwerking. De gitaar, door Stephen Stern meesterlijk reli\u00ebfed afgewerkt, onthult zo twee uitzonderlijke afwerkingen die deze Falcon van een mooie gitaar tot een visueel verbluffend instrument maken.<\/p>\n<p>Naast zijn excentrieke looks staat Scott Holiday bekend als een veeleisende gitarist met een veelzijdig spel en technische finesse. Deze Falcon is uitgerust met speciale pickups van <strong>TV Jones<\/strong>, op verzoek van Scott Holiday: er zijn drie exemplaren aanwezig, tegenover de gebruikelijke twee bij dit model, plus verschillende schakelaars die een enorme veelzijdigheid bieden.<\/p>\n<p>Deze gitaar is veelvuldig bespeeld door Scott Holiday <strong>in de studio<\/strong> met Rival Sons tijdens het schrijven en opnemen van de albums &#8220;<em>DarkFighter<\/em>&#8221; (2023) en &#8220;<em>Lightbringer<\/em>&#8221; (2023). Ook <strong>op tour<\/strong> werd hij gebruikt, met name voor de nummers &#8220;<em>Bird in The Hand<\/em>&#8220;, &#8220;<em>Horses Breath<\/em>&#8220;, &#8220;<em>Redemption<\/em>&#8221; en &#8220;<em>SweetLife<\/em>&#8220;. Dit belangrijke instrument uit de recente geschiedenis van Rival Sons wordt geleverd met een certificaat van echtheid, ondertekend door Scott Holiday, waarin zijn indrukwekkende verhaal wordt bevestigd.<\/p>\n","protected":false},"featured_media":26137,"comment_status":"open","ping_status":"closed","template":"","meta":{"_et_pb_use_builder":"","_et_pb_old_content":"","_et_gb_content_width":""},"product_brand":[],"product_cat":[1040,1044,1037,1039],"product_tag":[],"class_list":{"0":"post-26136","1":"product","2":"type-product","3":"status-publish","4":"has-post-thumbnail","6":"product_cat-gitaren","7":"product_cat-elektrische-gitaren","8":"product_cat-artiesten","9":"product_cat-verkocht","10":"pa_artiste-scott-holiday-nl","11":"pa_disponibilite-verkocht","12":"pa_marque-gretsch-nl","14":"first","15":"outofstock","16":"shipping-taxable","17":"purchasable","18":"product-type-simple"},"yoast_head":"<!-- This site is optimized with the Yoast SEO plugin v26.8 - https:\/\/yoast.com\/product\/yoast-seo-wordpress\/ -->\n<title>Gretsch Custom Shop Stephen Stern gebouwde Falcon \u2013 &quot;Mayura&quot; \u2013 op maat gemaakt voor Scott Holiday (Rival Sons), gebruikt in studio en op tournee - Matt&#039;s Guitar Shop<\/title>\n<meta name=\"description\" content=\"Ontdek deze verbluffende Gretsch Falcon Custom Built door Stephen Stern, de toonaangevende master builder van de Gretsch Custom Shop.\" \/>\n<meta name=\"robots\" content=\"index, follow, max-snippet:-1, max-image-preview:large, max-video-preview:-1\" \/>\n<link rel=\"canonical\" href=\"https:\/\/www.matts-guitar-shop.com\/nl\/produit\/gretsch-custom-shop-stephen-stern-gebouwde-falcon-mayura-op-maat-gemaakt-voor-scott-holiday-rival-sons-gebruikt-in-studio-en-op-tournee\/\" \/>\n<meta property=\"og:locale\" content=\"nl_NL\" \/>\n<meta property=\"og:type\" content=\"article\" \/>\n<meta property=\"og:title\" content=\"Gretsch Custom Shop Stephen Stern gebouwde Falcon \u2013 &quot;Mayura&quot; \u2013 op maat gemaakt voor Scott Holiday (Rival Sons), gebruikt in studio en op tournee - Matt&#039;s Guitar Shop\" \/>\n<meta property=\"og:description\" content=\"Ontdek deze verbluffende Gretsch Falcon Custom Built door Stephen Stern, de toonaangevende master builder van de Gretsch Custom Shop.\" \/>\n<meta property=\"og:url\" content=\"https:\/\/www.matts-guitar-shop.com\/nl\/produit\/gretsch-custom-shop-stephen-stern-gebouwde-falcon-mayura-op-maat-gemaakt-voor-scott-holiday-rival-sons-gebruikt-in-studio-en-op-tournee\/\" \/>\n<meta property=\"og:site_name\" content=\"Matt&#039;s Guitar Shop\" \/>\n<meta property=\"article:publisher\" content=\"https:\/\/www.facebook.com\/profile.php?id=100044359842817\" \/>\n<meta property=\"og:image\" content=\"https:\/\/www.matts-guitar-shop.com\/wp-content\/uploads\/2024\/08\/Gretsch-Custom-Shop-Stephen-Stern-Built-Falcon-Mayura-Scott-Holiday-0-01.jpg\" \/>\n\t<meta property=\"og:image:width\" content=\"667\" \/>\n\t<meta property=\"og:image:height\" content=\"1000\" \/>\n\t<meta property=\"og:image:type\" content=\"image\/jpeg\" \/>\n<meta name=\"twitter:card\" content=\"summary_large_image\" \/>\n<script type=\"application\/ld+json\" class=\"yoast-schema-graph\">{\"@context\":\"https:\/\/schema.org\",\"@graph\":[{\"@type\":\"WebPage\",\"@id\":\"https:\/\/www.matts-guitar-shop.com\/nl\/produit\/gretsch-custom-shop-stephen-stern-gebouwde-falcon-mayura-op-maat-gemaakt-voor-scott-holiday-rival-sons-gebruikt-in-studio-en-op-tournee\/\",\"url\":\"https:\/\/www.matts-guitar-shop.com\/nl\/produit\/gretsch-custom-shop-stephen-stern-gebouwde-falcon-mayura-op-maat-gemaakt-voor-scott-holiday-rival-sons-gebruikt-in-studio-en-op-tournee\/\",\"name\":\"Gretsch Custom Shop Stephen Stern gebouwde Falcon \u2013 \\\"Mayura\\\" \u2013 op maat gemaakt voor Scott Holiday (Rival Sons), gebruikt in studio en op tournee - Matt&#039;s Guitar Shop\",\"isPartOf\":{\"@id\":\"https:\/\/www.matts-guitar-shop.com\/nl\/#website\"},\"primaryImageOfPage\":{\"@id\":\"https:\/\/www.matts-guitar-shop.com\/nl\/produit\/gretsch-custom-shop-stephen-stern-gebouwde-falcon-mayura-op-maat-gemaakt-voor-scott-holiday-rival-sons-gebruikt-in-studio-en-op-tournee\/#primaryimage\"},\"image\":{\"@id\":\"https:\/\/www.matts-guitar-shop.com\/nl\/produit\/gretsch-custom-shop-stephen-stern-gebouwde-falcon-mayura-op-maat-gemaakt-voor-scott-holiday-rival-sons-gebruikt-in-studio-en-op-tournee\/#primaryimage\"},\"thumbnailUrl\":\"https:\/\/www.matts-guitar-shop.com\/wp-content\/uploads\/2024\/08\/Gretsch-Custom-Shop-Stephen-Stern-Built-Falcon-Mayura-Scott-Holiday-0-01.jpg\",\"datePublished\":\"2024-08-26T13:42:15+00:00\",\"description\":\"Ontdek deze verbluffende Gretsch Falcon Custom Built door Stephen Stern, de toonaangevende master builder van de Gretsch Custom Shop.\",\"breadcrumb\":{\"@id\":\"https:\/\/www.matts-guitar-shop.com\/nl\/produit\/gretsch-custom-shop-stephen-stern-gebouwde-falcon-mayura-op-maat-gemaakt-voor-scott-holiday-rival-sons-gebruikt-in-studio-en-op-tournee\/#breadcrumb\"},\"inLanguage\":\"nl-NL\",\"potentialAction\":[{\"@type\":\"ReadAction\",\"target\":[\"https:\/\/www.matts-guitar-shop.com\/nl\/produit\/gretsch-custom-shop-stephen-stern-gebouwde-falcon-mayura-op-maat-gemaakt-voor-scott-holiday-rival-sons-gebruikt-in-studio-en-op-tournee\/\"]}]},{\"@type\":\"ImageObject\",\"inLanguage\":\"nl-NL\",\"@id\":\"https:\/\/www.matts-guitar-shop.com\/nl\/produit\/gretsch-custom-shop-stephen-stern-gebouwde-falcon-mayura-op-maat-gemaakt-voor-scott-holiday-rival-sons-gebruikt-in-studio-en-op-tournee\/#primaryimage\",\"url\":\"https:\/\/www.matts-guitar-shop.com\/wp-content\/uploads\/2024\/08\/Gretsch-Custom-Shop-Stephen-Stern-Built-Falcon-Mayura-Scott-Holiday-0-01.jpg\",\"contentUrl\":\"https:\/\/www.matts-guitar-shop.com\/wp-content\/uploads\/2024\/08\/Gretsch-Custom-Shop-Stephen-Stern-Built-Falcon-Mayura-Scott-Holiday-0-01.jpg\",\"width\":667,\"height\":1000},{\"@type\":\"BreadcrumbList\",\"@id\":\"https:\/\/www.matts-guitar-shop.com\/nl\/produit\/gretsch-custom-shop-stephen-stern-gebouwde-falcon-mayura-op-maat-gemaakt-voor-scott-holiday-rival-sons-gebruikt-in-studio-en-op-tournee\/#breadcrumb\",\"itemListElement\":[{\"@type\":\"ListItem\",\"position\":1,\"name\":\"Home\",\"item\":\"https:\/\/www.matts-guitar-shop.com\/nl\/\"},{\"@type\":\"ListItem\",\"position\":2,\"name\":\"Winkel\",\"item\":\"https:\/\/www.matts-guitar-shop.com\/nl\/winkel\/\"},{\"@type\":\"ListItem\",\"position\":3,\"name\":\"Gretsch Custom Shop Stephen Stern gebouwde Falcon \u2013 &#8220;Mayura&#8221; \u2013 op maat gemaakt voor Scott Holiday (Rival Sons), gebruikt in studio en op tournee\"}]},{\"@type\":\"WebSite\",\"@id\":\"https:\/\/www.matts-guitar-shop.com\/nl\/#website\",\"url\":\"https:\/\/www.matts-guitar-shop.com\/nl\/\",\"name\":\"matts-guitar-shop.com\",\"description\":\"Guitar Shop\",\"publisher\":{\"@id\":\"https:\/\/www.matts-guitar-shop.com\/nl\/#organization\"},\"potentialAction\":[{\"@type\":\"SearchAction\",\"target\":{\"@type\":\"EntryPoint\",\"urlTemplate\":\"https:\/\/www.matts-guitar-shop.com\/nl\/?s={search_term_string}\"},\"query-input\":{\"@type\":\"PropertyValueSpecification\",\"valueRequired\":true,\"valueName\":\"search_term_string\"}}],\"inLanguage\":\"nl-NL\"},{\"@type\":\"Organization\",\"@id\":\"https:\/\/www.matts-guitar-shop.com\/nl\/#organization\",\"name\":\"matts-guitar-shop.com\",\"url\":\"https:\/\/www.matts-guitar-shop.com\/nl\/\",\"logo\":{\"@type\":\"ImageObject\",\"inLanguage\":\"nl-NL\",\"@id\":\"https:\/\/www.matts-guitar-shop.com\/nl\/#\/schema\/logo\/image\/\",\"url\":\"https:\/\/www.matts-guitar-shop.com\/wp-content\/uploads\/2024\/09\/MGS-logo-site-02.png\",\"contentUrl\":\"https:\/\/www.matts-guitar-shop.com\/wp-content\/uploads\/2024\/09\/MGS-logo-site-02.png\",\"width\":200,\"height\":122,\"caption\":\"matts-guitar-shop.com\"},\"image\":{\"@id\":\"https:\/\/www.matts-guitar-shop.com\/nl\/#\/schema\/logo\/image\/\"},\"sameAs\":[\"https:\/\/www.facebook.com\/profile.php?id=100044359842817\",\"https:\/\/www.instagram.com\/mattsguitarshop\/\",\"https:\/\/www.youtube.com\/@MattLucasMan\/videos\"]}]}<\/script>\n<!-- \/ Yoast SEO plugin. -->","yoast_head_json":{"title":"Gretsch Custom Shop Stephen Stern gebouwde Falcon \u2013 \"Mayura\" \u2013 op maat gemaakt voor Scott Holiday (Rival Sons), gebruikt in studio en op tournee - Matt&#039;s Guitar Shop","description":"Ontdek deze verbluffende Gretsch Falcon Custom Built door Stephen Stern, de toonaangevende master builder van de Gretsch Custom Shop.","robots":{"index":"index","follow":"follow","max-snippet":"max-snippet:-1","max-image-preview":"max-image-preview:large","max-video-preview":"max-video-preview:-1"},"canonical":"https:\/\/www.matts-guitar-shop.com\/nl\/produit\/gretsch-custom-shop-stephen-stern-gebouwde-falcon-mayura-op-maat-gemaakt-voor-scott-holiday-rival-sons-gebruikt-in-studio-en-op-tournee\/","og_locale":"nl_NL","og_type":"article","og_title":"Gretsch Custom Shop Stephen Stern gebouwde Falcon \u2013 \"Mayura\" \u2013 op maat gemaakt voor Scott Holiday (Rival Sons), gebruikt in studio en op tournee - Matt&#039;s Guitar Shop","og_description":"Ontdek deze verbluffende Gretsch Falcon Custom Built door Stephen Stern, de toonaangevende master builder van de Gretsch Custom Shop.","og_url":"https:\/\/www.matts-guitar-shop.com\/nl\/produit\/gretsch-custom-shop-stephen-stern-gebouwde-falcon-mayura-op-maat-gemaakt-voor-scott-holiday-rival-sons-gebruikt-in-studio-en-op-tournee\/","og_site_name":"Matt&#039;s Guitar Shop","article_publisher":"https:\/\/www.facebook.com\/profile.php?id=100044359842817","og_image":[{"width":667,"height":1000,"url":"https:\/\/www.matts-guitar-shop.com\/wp-content\/uploads\/2024\/08\/Gretsch-Custom-Shop-Stephen-Stern-Built-Falcon-Mayura-Scott-Holiday-0-01.jpg","type":"image\/jpeg"}],"twitter_card":"summary_large_image","schema":{"@context":"https:\/\/schema.org","@graph":[{"@type":"WebPage","@id":"https:\/\/www.matts-guitar-shop.com\/nl\/produit\/gretsch-custom-shop-stephen-stern-gebouwde-falcon-mayura-op-maat-gemaakt-voor-scott-holiday-rival-sons-gebruikt-in-studio-en-op-tournee\/","url":"https:\/\/www.matts-guitar-shop.com\/nl\/produit\/gretsch-custom-shop-stephen-stern-gebouwde-falcon-mayura-op-maat-gemaakt-voor-scott-holiday-rival-sons-gebruikt-in-studio-en-op-tournee\/","name":"Gretsch Custom Shop Stephen Stern gebouwde Falcon \u2013 \"Mayura\" \u2013 op maat gemaakt voor Scott Holiday (Rival Sons), gebruikt in studio en op tournee - Matt&#039;s Guitar Shop","isPartOf":{"@id":"https:\/\/www.matts-guitar-shop.com\/nl\/#website"},"primaryImageOfPage":{"@id":"https:\/\/www.matts-guitar-shop.com\/nl\/produit\/gretsch-custom-shop-stephen-stern-gebouwde-falcon-mayura-op-maat-gemaakt-voor-scott-holiday-rival-sons-gebruikt-in-studio-en-op-tournee\/#primaryimage"},"image":{"@id":"https:\/\/www.matts-guitar-shop.com\/nl\/produit\/gretsch-custom-shop-stephen-stern-gebouwde-falcon-mayura-op-maat-gemaakt-voor-scott-holiday-rival-sons-gebruikt-in-studio-en-op-tournee\/#primaryimage"},"thumbnailUrl":"https:\/\/www.matts-guitar-shop.com\/wp-content\/uploads\/2024\/08\/Gretsch-Custom-Shop-Stephen-Stern-Built-Falcon-Mayura-Scott-Holiday-0-01.jpg","datePublished":"2024-08-26T13:42:15+00:00","description":"Ontdek deze verbluffende Gretsch Falcon Custom Built door Stephen Stern, de toonaangevende master builder van de Gretsch Custom Shop.","breadcrumb":{"@id":"https:\/\/www.matts-guitar-shop.com\/nl\/produit\/gretsch-custom-shop-stephen-stern-gebouwde-falcon-mayura-op-maat-gemaakt-voor-scott-holiday-rival-sons-gebruikt-in-studio-en-op-tournee\/#breadcrumb"},"inLanguage":"nl-NL","potentialAction":[{"@type":"ReadAction","target":["https:\/\/www.matts-guitar-shop.com\/nl\/produit\/gretsch-custom-shop-stephen-stern-gebouwde-falcon-mayura-op-maat-gemaakt-voor-scott-holiday-rival-sons-gebruikt-in-studio-en-op-tournee\/"]}]},{"@type":"ImageObject","inLanguage":"nl-NL","@id":"https:\/\/www.matts-guitar-shop.com\/nl\/produit\/gretsch-custom-shop-stephen-stern-gebouwde-falcon-mayura-op-maat-gemaakt-voor-scott-holiday-rival-sons-gebruikt-in-studio-en-op-tournee\/#primaryimage","url":"https:\/\/www.matts-guitar-shop.com\/wp-content\/uploads\/2024\/08\/Gretsch-Custom-Shop-Stephen-Stern-Built-Falcon-Mayura-Scott-Holiday-0-01.jpg","contentUrl":"https:\/\/www.matts-guitar-shop.com\/wp-content\/uploads\/2024\/08\/Gretsch-Custom-Shop-Stephen-Stern-Built-Falcon-Mayura-Scott-Holiday-0-01.jpg","width":667,"height":1000},{"@type":"BreadcrumbList","@id":"https:\/\/www.matts-guitar-shop.com\/nl\/produit\/gretsch-custom-shop-stephen-stern-gebouwde-falcon-mayura-op-maat-gemaakt-voor-scott-holiday-rival-sons-gebruikt-in-studio-en-op-tournee\/#breadcrumb","itemListElement":[{"@type":"ListItem","position":1,"name":"Home","item":"https:\/\/www.matts-guitar-shop.com\/nl\/"},{"@type":"ListItem","position":2,"name":"Winkel","item":"https:\/\/www.matts-guitar-shop.com\/nl\/winkel\/"},{"@type":"ListItem","position":3,"name":"Gretsch Custom Shop Stephen Stern gebouwde Falcon \u2013 &#8220;Mayura&#8221; \u2013 op maat gemaakt voor Scott Holiday (Rival Sons), gebruikt in studio en op tournee"}]},{"@type":"WebSite","@id":"https:\/\/www.matts-guitar-shop.com\/nl\/#website","url":"https:\/\/www.matts-guitar-shop.com\/nl\/","name":"matts-guitar-shop.com","description":"Guitar Shop","publisher":{"@id":"https:\/\/www.matts-guitar-shop.com\/nl\/#organization"},"potentialAction":[{"@type":"SearchAction","target":{"@type":"EntryPoint","urlTemplate":"https:\/\/www.matts-guitar-shop.com\/nl\/?s={search_term_string}"},"query-input":{"@type":"PropertyValueSpecification","valueRequired":true,"valueName":"search_term_string"}}],"inLanguage":"nl-NL"},{"@type":"Organization","@id":"https:\/\/www.matts-guitar-shop.com\/nl\/#organization","name":"matts-guitar-shop.com","url":"https:\/\/www.matts-guitar-shop.com\/nl\/","logo":{"@type":"ImageObject","inLanguage":"nl-NL","@id":"https:\/\/www.matts-guitar-shop.com\/nl\/#\/schema\/logo\/image\/","url":"https:\/\/www.matts-guitar-shop.com\/wp-content\/uploads\/2024\/09\/MGS-logo-site-02.png","contentUrl":"https:\/\/www.matts-guitar-shop.com\/wp-content\/uploads\/2024\/09\/MGS-logo-site-02.png","width":200,"height":122,"caption":"matts-guitar-shop.com"},"image":{"@id":"https:\/\/www.matts-guitar-shop.com\/nl\/#\/schema\/logo\/image\/"},"sameAs":["https:\/\/www.facebook.com\/profile.php?id=100044359842817","https:\/\/www.instagram.com\/mattsguitarshop\/","https:\/\/www.youtube.com\/@MattLucasMan\/videos"]}]}},"_links":{"self":[{"href":"https:\/\/www.matts-guitar-shop.com\/nl\/wp-json\/wp\/v2\/product\/26136","targetHints":{"allow":["GET"]}}],"collection":[{"href":"https:\/\/www.matts-guitar-shop.com\/nl\/wp-json\/wp\/v2\/product"}],"about":[{"href":"https:\/\/www.matts-guitar-shop.com\/nl\/wp-json\/wp\/v2\/types\/product"}],"replies":[{"embeddable":true,"href":"https:\/\/www.matts-guitar-shop.com\/nl\/wp-json\/wp\/v2\/comments?post=26136"}],"wp:featuredmedia":[{"embeddable":true,"href":"https:\/\/www.matts-guitar-shop.com\/nl\/wp-json\/wp\/v2\/media\/26137"}],"wp:attachment":[{"href":"https:\/\/www.matts-guitar-shop.com\/nl\/wp-json\/wp\/v2\/media?parent=26136"}],"wp:term":[{"taxonomy":"product_brand","embeddable":true,"href":"https:\/\/www.matts-guitar-shop.com\/nl\/wp-json\/wp\/v2\/product_brand?post=26136"},{"taxonomy":"product_cat","embeddable":true,"href":"https:\/\/www.matts-guitar-shop.com\/nl\/wp-json\/wp\/v2\/product_cat?post=26136"},{"taxonomy":"product_tag","embeddable":true,"href":"https:\/\/www.matts-guitar-shop.com\/nl\/wp-json\/wp\/v2\/product_tag?post=26136"}],"curies":[{"name":"wp","href":"https:\/\/api.w.org\/{rel}","templated":true}]}}