{"id":25285,"date":"2024-12-26T22:21:58","date_gmt":"2024-12-26T21:21:58","guid":{"rendered":"https:\/\/www.matts-guitar-shop.com\/produit\/gretsch-billy-bo-live-from-texas-billy-gibbons\/"},"modified":"2024-12-26T22:21:58","modified_gmt":"2024-12-26T21:21:58","slug":"gretsch-billy-bo-live-from-texas-billy-gibbons","status":"publish","type":"product","link":"https:\/\/www.matts-guitar-shop.com\/nl\/produit\/gretsch-billy-bo-live-from-texas-billy-gibbons\/","title":{"rendered":"Gretsch Billy Bo \u201cLive From Texas\u201d Billy Gibbons"},"content":{"rendered":"<h2>Billy Gibbons, de baas en de predikant van rock\u2019n\u2019roll<\/h2>\n<p>Billy Gibbons is de onbetwiste baas. De baas van de gitaristen, met zijn sensuele vibrato en dikke, volle sound die hij uit zijn Les Paul haalt. De baas van de zangers, dankzij zijn rauwe stem vol twang. De baas van de bandleiders, aan het hoofd van ZZ Top, het trio dat sinds 1969 onafgebroken samen speelt. De stijlbaas, met zijn aangeboren gevoel voor look en podiumpr\u00e9sence. En tenslotte, de baas van de verzamelaars: zijn opslagruimtes bevatten duizenden gitaren die hij door de jaren heen heeft verzameld. Het gerucht gaat dat hij van elk model, elk bouwjaar en van alle grote merken minstens \u00e9\u00e9n exemplaar bezit \u2013 en het zou best eens waar kunnen zijn! Tot de bekende pareltjes in zijn collectie behoren \u201cPearly Gates\u201d, zijn legendarische 1959 Les Paul die hem nooit verliet, een 1954 Stratocaster hardtail die vaak als aanvulling werd gebruikt, en tal van custom-instrumenten in hot rod-stijl (vaak passend bij zijn auto\u2019s!).<\/p>\n<p>Zijn carri\u00e8re begon in 1967 met <strong>The Moving Sidewalks<\/strong>, een Texaanse psychedelische rockband in de stijl van de <strong>13th Floor Elevators<\/strong>. De band opende voor <strong>Jimi Hendrix<\/strong> voordat hij in 1969 uit elkaar ging, het jaar waarin Gibbons <strong>ZZ Top<\/strong> oprichtte.<\/p>\n<p>Aanvankelijk speelde het trio rauwe, traditionele bluesrock, om zich vanaf <em>Deg\u00fcello<\/em> (1979) te ontwikkelen richting een meer elektronische aanpak. Deze evolutie werd bevestigd met de trilogie <em>Eliminator \/ Afterburner \/ Recycler<\/em>: drie albums waarin Gibbons\u2019 smeu\u00efge blues perfect samengaat met de synthesizers en drumcomputers van die tijd. Het publiek was meteen verkocht, zowel door hits als <em>Gimme All Your Lovin\u2019<\/em> en <em>Rough Boy<\/em>, als door de memorabele videoclips die overal op MTV te zien waren en op elke goede Amerikaanse rock\u2019n\u2019roll-playlist stonden.<\/p>\n<p>Later keerde ZZ Top terug naar een meer organische sound, zwaarder en vol fuzz. Gibbons verscheen daarnaast regelmatig als gast op albums van andere artiesten en startte zelfs een solocarri\u00e8re. <em>Perfectamundo<\/em> verkent Cubaanse klanken, terwijl <em>Big Bad Blues<\/em> teruggrijpt naar zijn eerste liefde \u2014 ergens tussen <strong>Muddy Waters<\/strong> en <strong>Bo Diddley<\/strong>.<\/p>\n<p>Billy Gibbons\u2019 collectie inspireert, fascineert en verwondert, tot het punt dat het een boek opleverde: het beroemde <em>Rock + Roll Gearhead<\/em> verzamelt veel van zijn favoriete gitaren, vergezeld van grappige anekdotes. Of ze nu in dit boek staan of aan de muren van Matt\u2019s Guitar Shop hangen, deze instrumenten belichamen het Amerikaanse rock\u2019n\u2019roll-ideaal!<\/p>\n","protected":false},"excerpt":{"rendered":"<p><strong>Billy \u201cBFG\u201d Gibbons staat bekend om zijn ongelooflijke verzameling hoogwaardige instrumenten. Maar zelfs als ZZ Top een halve eeuw (of bijna) onafgebroken heeft getourd, waren de duizenden optredens van de band niet genoeg om al zijn kostbare custom-gitaren onderweg te bespelen. Daarom, wanneer hij er \u00e9\u00e9n kiest, moet deze bijzonder opvallend zijn. En wanneer hij er \u00e9\u00e9n kiest voor een live-DVD, dan moet deze \u00e9cht speciaal zijn.<\/strong><\/p>\n<p>U herkent deze witte Billy Bo misschien, want u heeft hem al gezien op de cover van de DVD uit 2008, <em>Live From Texas<\/em>, een ZZ Top-concert in de Nokia Theater in Grand Prairie, Texas, opgenomen op 1 november 2007. Deze DVD was een enorm succes, werd multi-platina en bereikte de top van de videolijsten in veel landen. Tijdens het hele concert speelt Gibbons op deze Gretsch.<\/p>\n<p>De gitaar is speciaal voor hem gemaakt in Japan met een hollowbody om lichter te zijn, en daarna zwaar aangepast. De ebbenhouten toets is wit gespoten voor een \u201call white\u201d-effect, grotere dot inlays zijn aan de zijkant van de toets toegevoegd (onmisbaar bij het filmen van een live-DVD om fouten in de mix te vermijden), en de indrukwekkende pinstriping is door Gibbons zelf ontworpen. De laatste en onmisbare toets voor een gitaar die live door ZZ Top wordt gespeeld, is uiteraard het \u201cBeer\u201d-logo op de achterkant, aangebracht door Gibbons\u2019 vaste gitaartechnicus Elwood Francis.<\/p>\n<p>Net als alle gitaren uit Billy Gibbons\u2019 collectie die Matt\u2019s Guitar Shop verkoopt en rechtstreeks van Gibbons zelf heeft gekocht, is deze historische Gretsch achterop het hoofd van de gitaar door de Reverend gesigneerd en wordt hij geleverd met een ondertekend certificaat van echtheid, een foto van Billy met de gitaar, een foto van Billy die de gitaar signeert en een foto van Billy die het certificaat ondertekent. Zo garanderen wij dat u werkelijk zijn instrument koopt.<\/p>\n","protected":false},"featured_media":25286,"comment_status":"open","ping_status":"closed","template":"","meta":{"_et_pb_use_builder":"","_et_pb_old_content":"","_et_gb_content_width":""},"product_brand":[],"product_cat":[1039],"product_tag":[],"class_list":{"0":"post-25285","1":"product","2":"type-product","3":"status-publish","4":"has-post-thumbnail","6":"product_cat-verkocht","7":"pa_artiste-billy-f-gibbons-nl","8":"pa_disponibilite-verkocht","9":"pa_marque-gretsch-nl","11":"first","12":"outofstock","13":"shipping-taxable","14":"product-type-simple"},"yoast_head":"<!-- This site is optimized with the Yoast SEO plugin v26.8 - https:\/\/yoast.com\/product\/yoast-seo-wordpress\/ -->\n<title>Gretsch Billy Bo \u201cLive From Texas\u201d Billy Gibbons - Matt&#039;s Guitar Shop<\/title>\n<meta name=\"description\" content=\"Gretsch Billy Bo \u201cLive From Texas\u201d, gesigneerd door Billy Gibbons. Een uitzonderlijke, zeldzame en verzamelwaardige gitaar, exclusief beschikbaar bij Matts Guitar Shop.\" \/>\n<meta name=\"robots\" content=\"index, follow, max-snippet:-1, max-image-preview:large, max-video-preview:-1\" \/>\n<link rel=\"canonical\" href=\"https:\/\/www.matts-guitar-shop.com\/nl\/produit\/gretsch-billy-bo-live-from-texas-billy-gibbons\/\" \/>\n<meta property=\"og:locale\" content=\"nl_NL\" \/>\n<meta property=\"og:type\" content=\"article\" \/>\n<meta property=\"og:title\" content=\"Gretsch Billy Bo \u201cLive From Texas\u201d Billy Gibbons - Matt&#039;s Guitar Shop\" \/>\n<meta property=\"og:description\" content=\"Gretsch Billy Bo \u201cLive From Texas\u201d, gesigneerd door Billy Gibbons. Een uitzonderlijke, zeldzame en verzamelwaardige gitaar, exclusief beschikbaar bij Matts Guitar Shop.\" \/>\n<meta property=\"og:url\" content=\"https:\/\/www.matts-guitar-shop.com\/nl\/produit\/gretsch-billy-bo-live-from-texas-billy-gibbons\/\" \/>\n<meta property=\"og:site_name\" content=\"Matt&#039;s Guitar Shop\" \/>\n<meta property=\"article:publisher\" content=\"https:\/\/www.facebook.com\/profile.php?id=100044359842817\" \/>\n<meta property=\"og:image\" content=\"https:\/\/www.matts-guitar-shop.com\/wp-content\/uploads\/2024\/12\/Gretsch-Billy-Bo-Live-From-Texas-Billy-Gibbons.jpg\" \/>\n\t<meta property=\"og:image:width\" content=\"900\" \/>\n\t<meta property=\"og:image:height\" content=\"1300\" \/>\n\t<meta property=\"og:image:type\" content=\"image\/jpeg\" \/>\n<meta name=\"twitter:card\" content=\"summary_large_image\" \/>\n<meta name=\"twitter:label1\" content=\"Geschatte leestijd\" \/>\n\t<meta name=\"twitter:data1\" content=\"2 minuut\" \/>\n<script type=\"application\/ld+json\" class=\"yoast-schema-graph\">{\"@context\":\"https:\/\/schema.org\",\"@graph\":[{\"@type\":\"WebPage\",\"@id\":\"https:\/\/www.matts-guitar-shop.com\/nl\/produit\/gretsch-billy-bo-live-from-texas-billy-gibbons\/\",\"url\":\"https:\/\/www.matts-guitar-shop.com\/nl\/produit\/gretsch-billy-bo-live-from-texas-billy-gibbons\/\",\"name\":\"Gretsch Billy Bo \u201cLive From Texas\u201d Billy Gibbons - Matt&#039;s Guitar Shop\",\"isPartOf\":{\"@id\":\"https:\/\/www.matts-guitar-shop.com\/nl\/#website\"},\"primaryImageOfPage\":{\"@id\":\"https:\/\/www.matts-guitar-shop.com\/nl\/produit\/gretsch-billy-bo-live-from-texas-billy-gibbons\/#primaryimage\"},\"image\":{\"@id\":\"https:\/\/www.matts-guitar-shop.com\/nl\/produit\/gretsch-billy-bo-live-from-texas-billy-gibbons\/#primaryimage\"},\"thumbnailUrl\":\"https:\/\/www.matts-guitar-shop.com\/wp-content\/uploads\/2024\/12\/Gretsch-Billy-Bo-Live-From-Texas-Billy-Gibbons.jpg\",\"datePublished\":\"2024-12-26T21:21:58+00:00\",\"description\":\"Gretsch Billy Bo \u201cLive From Texas\u201d, gesigneerd door Billy Gibbons. Een uitzonderlijke, zeldzame en verzamelwaardige gitaar, exclusief beschikbaar bij Matts Guitar Shop.\",\"breadcrumb\":{\"@id\":\"https:\/\/www.matts-guitar-shop.com\/nl\/produit\/gretsch-billy-bo-live-from-texas-billy-gibbons\/#breadcrumb\"},\"inLanguage\":\"nl-NL\",\"potentialAction\":[{\"@type\":\"ReadAction\",\"target\":[\"https:\/\/www.matts-guitar-shop.com\/nl\/produit\/gretsch-billy-bo-live-from-texas-billy-gibbons\/\"]}]},{\"@type\":\"ImageObject\",\"inLanguage\":\"nl-NL\",\"@id\":\"https:\/\/www.matts-guitar-shop.com\/nl\/produit\/gretsch-billy-bo-live-from-texas-billy-gibbons\/#primaryimage\",\"url\":\"https:\/\/www.matts-guitar-shop.com\/wp-content\/uploads\/2024\/12\/Gretsch-Billy-Bo-Live-From-Texas-Billy-Gibbons.jpg\",\"contentUrl\":\"https:\/\/www.matts-guitar-shop.com\/wp-content\/uploads\/2024\/12\/Gretsch-Billy-Bo-Live-From-Texas-Billy-Gibbons.jpg\",\"width\":900,\"height\":1300},{\"@type\":\"BreadcrumbList\",\"@id\":\"https:\/\/www.matts-guitar-shop.com\/nl\/produit\/gretsch-billy-bo-live-from-texas-billy-gibbons\/#breadcrumb\",\"itemListElement\":[{\"@type\":\"ListItem\",\"position\":1,\"name\":\"Home\",\"item\":\"https:\/\/www.matts-guitar-shop.com\/nl\/\"},{\"@type\":\"ListItem\",\"position\":2,\"name\":\"Winkel\",\"item\":\"https:\/\/www.matts-guitar-shop.com\/nl\/winkel\/\"},{\"@type\":\"ListItem\",\"position\":3,\"name\":\"Gretsch Billy Bo \u201cLive From Texas\u201d Billy Gibbons\"}]},{\"@type\":\"WebSite\",\"@id\":\"https:\/\/www.matts-guitar-shop.com\/nl\/#website\",\"url\":\"https:\/\/www.matts-guitar-shop.com\/nl\/\",\"name\":\"matts-guitar-shop.com\",\"description\":\"Guitar Shop\",\"publisher\":{\"@id\":\"https:\/\/www.matts-guitar-shop.com\/nl\/#organization\"},\"potentialAction\":[{\"@type\":\"SearchAction\",\"target\":{\"@type\":\"EntryPoint\",\"urlTemplate\":\"https:\/\/www.matts-guitar-shop.com\/nl\/?s={search_term_string}\"},\"query-input\":{\"@type\":\"PropertyValueSpecification\",\"valueRequired\":true,\"valueName\":\"search_term_string\"}}],\"inLanguage\":\"nl-NL\"},{\"@type\":\"Organization\",\"@id\":\"https:\/\/www.matts-guitar-shop.com\/nl\/#organization\",\"name\":\"matts-guitar-shop.com\",\"url\":\"https:\/\/www.matts-guitar-shop.com\/nl\/\",\"logo\":{\"@type\":\"ImageObject\",\"inLanguage\":\"nl-NL\",\"@id\":\"https:\/\/www.matts-guitar-shop.com\/nl\/#\/schema\/logo\/image\/\",\"url\":\"https:\/\/www.matts-guitar-shop.com\/wp-content\/uploads\/2024\/09\/MGS-logo-site-02.png\",\"contentUrl\":\"https:\/\/www.matts-guitar-shop.com\/wp-content\/uploads\/2024\/09\/MGS-logo-site-02.png\",\"width\":200,\"height\":122,\"caption\":\"matts-guitar-shop.com\"},\"image\":{\"@id\":\"https:\/\/www.matts-guitar-shop.com\/nl\/#\/schema\/logo\/image\/\"},\"sameAs\":[\"https:\/\/www.facebook.com\/profile.php?id=100044359842817\",\"https:\/\/www.instagram.com\/mattsguitarshop\/\",\"https:\/\/www.youtube.com\/@MattLucasMan\/videos\"]}]}<\/script>\n<!-- \/ Yoast SEO plugin. -->","yoast_head_json":{"title":"Gretsch Billy Bo \u201cLive From Texas\u201d Billy Gibbons - Matt&#039;s Guitar Shop","description":"Gretsch Billy Bo \u201cLive From Texas\u201d, gesigneerd door Billy Gibbons. Een uitzonderlijke, zeldzame en verzamelwaardige gitaar, exclusief beschikbaar bij Matts Guitar Shop.","robots":{"index":"index","follow":"follow","max-snippet":"max-snippet:-1","max-image-preview":"max-image-preview:large","max-video-preview":"max-video-preview:-1"},"canonical":"https:\/\/www.matts-guitar-shop.com\/nl\/produit\/gretsch-billy-bo-live-from-texas-billy-gibbons\/","og_locale":"nl_NL","og_type":"article","og_title":"Gretsch Billy Bo \u201cLive From Texas\u201d Billy Gibbons - Matt&#039;s Guitar Shop","og_description":"Gretsch Billy Bo \u201cLive From Texas\u201d, gesigneerd door Billy Gibbons. Een uitzonderlijke, zeldzame en verzamelwaardige gitaar, exclusief beschikbaar bij Matts Guitar Shop.","og_url":"https:\/\/www.matts-guitar-shop.com\/nl\/produit\/gretsch-billy-bo-live-from-texas-billy-gibbons\/","og_site_name":"Matt&#039;s Guitar Shop","article_publisher":"https:\/\/www.facebook.com\/profile.php?id=100044359842817","og_image":[{"width":900,"height":1300,"url":"https:\/\/www.matts-guitar-shop.com\/wp-content\/uploads\/2024\/12\/Gretsch-Billy-Bo-Live-From-Texas-Billy-Gibbons.jpg","type":"image\/jpeg"}],"twitter_card":"summary_large_image","twitter_misc":{"Geschatte leestijd":"2 minuut"},"schema":{"@context":"https:\/\/schema.org","@graph":[{"@type":"WebPage","@id":"https:\/\/www.matts-guitar-shop.com\/nl\/produit\/gretsch-billy-bo-live-from-texas-billy-gibbons\/","url":"https:\/\/www.matts-guitar-shop.com\/nl\/produit\/gretsch-billy-bo-live-from-texas-billy-gibbons\/","name":"Gretsch Billy Bo \u201cLive From Texas\u201d Billy Gibbons - Matt&#039;s Guitar Shop","isPartOf":{"@id":"https:\/\/www.matts-guitar-shop.com\/nl\/#website"},"primaryImageOfPage":{"@id":"https:\/\/www.matts-guitar-shop.com\/nl\/produit\/gretsch-billy-bo-live-from-texas-billy-gibbons\/#primaryimage"},"image":{"@id":"https:\/\/www.matts-guitar-shop.com\/nl\/produit\/gretsch-billy-bo-live-from-texas-billy-gibbons\/#primaryimage"},"thumbnailUrl":"https:\/\/www.matts-guitar-shop.com\/wp-content\/uploads\/2024\/12\/Gretsch-Billy-Bo-Live-From-Texas-Billy-Gibbons.jpg","datePublished":"2024-12-26T21:21:58+00:00","description":"Gretsch Billy Bo \u201cLive From Texas\u201d, gesigneerd door Billy Gibbons. Een uitzonderlijke, zeldzame en verzamelwaardige gitaar, exclusief beschikbaar bij Matts Guitar Shop.","breadcrumb":{"@id":"https:\/\/www.matts-guitar-shop.com\/nl\/produit\/gretsch-billy-bo-live-from-texas-billy-gibbons\/#breadcrumb"},"inLanguage":"nl-NL","potentialAction":[{"@type":"ReadAction","target":["https:\/\/www.matts-guitar-shop.com\/nl\/produit\/gretsch-billy-bo-live-from-texas-billy-gibbons\/"]}]},{"@type":"ImageObject","inLanguage":"nl-NL","@id":"https:\/\/www.matts-guitar-shop.com\/nl\/produit\/gretsch-billy-bo-live-from-texas-billy-gibbons\/#primaryimage","url":"https:\/\/www.matts-guitar-shop.com\/wp-content\/uploads\/2024\/12\/Gretsch-Billy-Bo-Live-From-Texas-Billy-Gibbons.jpg","contentUrl":"https:\/\/www.matts-guitar-shop.com\/wp-content\/uploads\/2024\/12\/Gretsch-Billy-Bo-Live-From-Texas-Billy-Gibbons.jpg","width":900,"height":1300},{"@type":"BreadcrumbList","@id":"https:\/\/www.matts-guitar-shop.com\/nl\/produit\/gretsch-billy-bo-live-from-texas-billy-gibbons\/#breadcrumb","itemListElement":[{"@type":"ListItem","position":1,"name":"Home","item":"https:\/\/www.matts-guitar-shop.com\/nl\/"},{"@type":"ListItem","position":2,"name":"Winkel","item":"https:\/\/www.matts-guitar-shop.com\/nl\/winkel\/"},{"@type":"ListItem","position":3,"name":"Gretsch Billy Bo \u201cLive From Texas\u201d Billy Gibbons"}]},{"@type":"WebSite","@id":"https:\/\/www.matts-guitar-shop.com\/nl\/#website","url":"https:\/\/www.matts-guitar-shop.com\/nl\/","name":"matts-guitar-shop.com","description":"Guitar Shop","publisher":{"@id":"https:\/\/www.matts-guitar-shop.com\/nl\/#organization"},"potentialAction":[{"@type":"SearchAction","target":{"@type":"EntryPoint","urlTemplate":"https:\/\/www.matts-guitar-shop.com\/nl\/?s={search_term_string}"},"query-input":{"@type":"PropertyValueSpecification","valueRequired":true,"valueName":"search_term_string"}}],"inLanguage":"nl-NL"},{"@type":"Organization","@id":"https:\/\/www.matts-guitar-shop.com\/nl\/#organization","name":"matts-guitar-shop.com","url":"https:\/\/www.matts-guitar-shop.com\/nl\/","logo":{"@type":"ImageObject","inLanguage":"nl-NL","@id":"https:\/\/www.matts-guitar-shop.com\/nl\/#\/schema\/logo\/image\/","url":"https:\/\/www.matts-guitar-shop.com\/wp-content\/uploads\/2024\/09\/MGS-logo-site-02.png","contentUrl":"https:\/\/www.matts-guitar-shop.com\/wp-content\/uploads\/2024\/09\/MGS-logo-site-02.png","width":200,"height":122,"caption":"matts-guitar-shop.com"},"image":{"@id":"https:\/\/www.matts-guitar-shop.com\/nl\/#\/schema\/logo\/image\/"},"sameAs":["https:\/\/www.facebook.com\/profile.php?id=100044359842817","https:\/\/www.instagram.com\/mattsguitarshop\/","https:\/\/www.youtube.com\/@MattLucasMan\/videos"]}]}},"_links":{"self":[{"href":"https:\/\/www.matts-guitar-shop.com\/nl\/wp-json\/wp\/v2\/product\/25285","targetHints":{"allow":["GET"]}}],"collection":[{"href":"https:\/\/www.matts-guitar-shop.com\/nl\/wp-json\/wp\/v2\/product"}],"about":[{"href":"https:\/\/www.matts-guitar-shop.com\/nl\/wp-json\/wp\/v2\/types\/product"}],"replies":[{"embeddable":true,"href":"https:\/\/www.matts-guitar-shop.com\/nl\/wp-json\/wp\/v2\/comments?post=25285"}],"wp:featuredmedia":[{"embeddable":true,"href":"https:\/\/www.matts-guitar-shop.com\/nl\/wp-json\/wp\/v2\/media\/25286"}],"wp:attachment":[{"href":"https:\/\/www.matts-guitar-shop.com\/nl\/wp-json\/wp\/v2\/media?parent=25285"}],"wp:term":[{"taxonomy":"product_brand","embeddable":true,"href":"https:\/\/www.matts-guitar-shop.com\/nl\/wp-json\/wp\/v2\/product_brand?post=25285"},{"taxonomy":"product_cat","embeddable":true,"href":"https:\/\/www.matts-guitar-shop.com\/nl\/wp-json\/wp\/v2\/product_cat?post=25285"},{"taxonomy":"product_tag","embeddable":true,"href":"https:\/\/www.matts-guitar-shop.com\/nl\/wp-json\/wp\/v2\/product_tag?post=25285"}],"curies":[{"name":"wp","href":"https:\/\/api.w.org\/{rel}","templated":true}]}}