{"id":37079,"date":"2026-04-30T19:01:09","date_gmt":"2026-04-30T17:01:09","guid":{"rendered":"https:\/\/www.matts-guitar-shop.com\/de-rocklegendes\/dick-dale\/"},"modified":"2026-04-30T21:57:50","modified_gmt":"2026-04-30T19:57:50","slug":"dick-dale","status":"publish","type":"page","link":"https:\/\/www.matts-guitar-shop.com\/nl\/de-rocklegendes\/dick-dale\/","title":{"rendered":"Dick Dale"},"content":{"rendered":"<p>[et_pb_section fb_built=&#8221;1&#8243; _builder_version=&#8221;4.27.5&#8243; _module_preset=&#8221;default&#8221; background_color=&#8221;#000000&#8243; global_colors_info=&#8221;{}&#8221;][et_pb_row use_custom_gutter=&#8221;on&#8221; gutter_width=&#8221;2&#8243; admin_label=&#8221;Ligne&#8221; _builder_version=&#8221;4.27.5&#8243; _module_preset=&#8221;default&#8221; width=&#8221;100%&#8221; max_width=&#8221;80%&#8221; custom_margin=&#8221;||||false|false&#8221; custom_padding=&#8221;0px||||false|false&#8221; locked=&#8221;off&#8221; global_colors_info=&#8221;{}&#8221;][et_pb_column type=&#8221;4_4&#8243; _builder_version=&#8221;4.25.2&#8243; _module_preset=&#8221;default&#8221; global_colors_info=&#8221;{}&#8221;][et_pb_post_title meta=&#8221;off&#8221; featured_image=&#8221;off&#8221; _builder_version=&#8221;4.27.5&#8243; _module_preset=&#8221;default&#8221; title_font=&#8221;Open Sans|300|||||||&#8221; title_text_color=&#8221;#ddab05&#8243; title_font_size=&#8221;6rem&#8221; text_orientation=&#8221;center&#8221; custom_margin=&#8221;0px||0px||false|false&#8221; global_colors_info=&#8221;{}&#8221;][\/et_pb_post_title][et_pb_text admin_label=&#8221;Texte&#8221; _builder_version=&#8221;4.27.6&#8243; _module_preset=&#8221;default&#8221; text_font=&#8221;&#8211;et_global_body_font|300|||||||&#8221; text_text_color=&#8221;#FFFFFF&#8221; text_font_size=&#8221;1.5rem&#8221; text_line_height=&#8221;1em&#8221; header_text_align=&#8221;center&#8221; text_orientation=&#8221;center&#8221; global_colors_info=&#8221;{}&#8221;]De koning van de surfgitaar[\/et_pb_text][\/et_pb_column][\/et_pb_row][et_pb_row column_structure=&#8221;1_3,1_3,1_3&#8243; use_custom_gutter=&#8221;on&#8221; gutter_width=&#8221;2&#8243; admin_label=&#8221;Ligne&#8221; _builder_version=&#8221;4.27.5&#8243; _module_preset=&#8221;default&#8221; width=&#8221;100%&#8221; max_width=&#8221;80%&#8221; custom_margin=&#8221;||||false|false&#8221; custom_padding=&#8221;||||false|false&#8221; locked=&#8221;off&#8221; global_colors_info=&#8221;{}&#8221;][et_pb_column type=&#8221;1_3&#8243; _builder_version=&#8221;4.25.2&#8243; _module_preset=&#8221;default&#8221; global_colors_info=&#8221;{}&#8221;][et_pb_text _builder_version=&#8221;4.27.6&#8243; _module_preset=&#8221;default&#8221; text_font=&#8221;|300|||||||&#8221; text_font_size=&#8221;16px&#8221; header_font=&#8221;|700|||||||&#8221; header_text_align=&#8221;center&#8221; header_font_size=&#8221;36px&#8221; header_2_font=&#8221;&#8211;et_global_heading_font|300|||||||&#8221; header_2_text_color=&#8221;#ddab05&#8243; header_2_font_size=&#8221;24px&#8221; text_orientation=&#8221;justified&#8221; background_layout=&#8221;dark&#8221; width=&#8221;100%&#8221; width_tablet=&#8221;&#8221; width_phone=&#8221;100%&#8221; width_last_edited=&#8221;on|phone&#8221; module_alignment=&#8221;center&#8221; hover_enabled=&#8221;0&#8243; locked=&#8221;off&#8221; global_colors_info=&#8221;{}&#8221; sticky_enabled=&#8221;0&#8243;]<\/p>\n<h2>Oorsprong en beginjaren<\/h2>\n<p><\/p>\n<p><strong>Richard Anthony Monsour<\/strong> wordt geboren op <strong>4 mei 1937<\/strong> in Boston, Massachusetts. Van <strong>Libanees-Poolse<\/strong> afkomst groeit hij op in Zuid-Californi\u00eb, waar hij een gepassioneerde surfer wordt. Hij ontwikkelt een unieke gitaarstijl ge\u00efnspireerd door <strong>Midden-Oosterse muziek<\/strong> die hij van zijn Libanese familie heeft ge\u00ebrfd en door het <strong>ritme van de golven<\/strong> van de Stille Oceaan.<br \/>Hij treedt op in de <strong>Rendezvous Ballroom<\/strong> in <strong>Balboa<\/strong>, Californi\u00eb, en trekt tot wel <strong>4.000 surfers<\/strong> per nacht, waarmee hij een volledig nieuwe muziekscene cre\u00ebert.<\/p>\n<p>[\/et_pb_text][et_pb_text _builder_version=&#8221;4.27.6&#8243; _module_preset=&#8221;default&#8221; text_font=&#8221;|300|||||||&#8221; text_font_size=&#8221;16px&#8221; header_font=&#8221;|700|||||||&#8221; header_text_align=&#8221;center&#8221; header_font_size=&#8221;36px&#8221; header_2_font=&#8221;&#8211;et_global_heading_font|300|||||||&#8221; header_2_text_color=&#8221;#ddab05&#8243; header_2_font_size=&#8221;24px&#8221; text_orientation=&#8221;justified&#8221; background_layout=&#8221;dark&#8221; width=&#8221;100%&#8221; width_tablet=&#8221;&#8221; width_phone=&#8221;100%&#8221; width_last_edited=&#8221;on|phone&#8221; module_alignment=&#8221;center&#8221; hover_enabled=&#8221;0&#8243; locked=&#8221;off&#8221; global_colors_info=&#8221;{}&#8221; sticky_enabled=&#8221;0&#8243;]<\/p>\n<h2>De uitvinding van surfrock<\/h2>\n<p><\/p>\n<p>Zijn nummer &#8220;<strong>Let&#8217;s Go Trippin&#8217;<\/strong> (1961)&#8221; wordt beschouwd als de <strong>eerste surfrock-single<\/strong> in de geschiedenis. &#8220;<strong>Misirlou<\/strong> (1962)&#8221;, een bewerking van traditionele Midden-Oosterse muziek (een <strong>Grieks-Arabische volksmelodie<\/strong>), wordt zijn bekendste nummer en wereldwijd populair dankzij de film <strong>Pulp Fiction<\/strong> van <strong>Quentin Tarantino<\/strong> in <strong>1994<\/strong>.<br \/>Hij werkte nauw samen met <strong>Leo Fender<\/strong> om de eerste <strong>Fender Showman<\/strong>-versterker en <strong>JBL D130<\/strong>-luidsprekers te ontwikkelen, die bestand waren tegen zijn extreem krachtige speelstijl. Dick Dale vernietigde letterlijk bestaande versterkers met de kracht van zijn aanslag. Deze samenwerking leidde direct tot de uitvinding van het <strong>Fender reverb-systeem<\/strong>.<\/p>\n<p>[\/et_pb_text][\/et_pb_column][et_pb_column type=&#8221;1_3&#8243; _builder_version=&#8221;4.25.2&#8243; _module_preset=&#8221;default&#8221; global_colors_info=&#8221;{}&#8221;][et_pb_image src=&#8221;https:\/\/www.matts-guitar-shop.com\/wp-content\/uploads\/2026\/04\/dick-dale-biographie-01.webp&#8221; alt=&#8221;Biografie van Dick Dale&#8221; title_text=&#8221;dick-dale-biographie-01&#8243; align=&#8221;center&#8221; _builder_version=&#8221;4.27.6&#8243; _module_preset=&#8221;default&#8221; global_colors_info=&#8221;{}&#8221;][\/et_pb_image][\/et_pb_column][et_pb_column type=&#8221;1_3&#8243; _builder_version=&#8221;4.25.2&#8243; _module_preset=&#8221;default&#8221; global_colors_info=&#8221;{}&#8221;][et_pb_text _builder_version=&#8221;4.27.6&#8243; _module_preset=&#8221;default&#8221; text_font=&#8221;|300|||||||&#8221; text_font_size=&#8221;16px&#8221; header_font=&#8221;|700|||||||&#8221; header_text_align=&#8221;center&#8221; header_font_size=&#8221;36px&#8221; header_2_font=&#8221;&#8211;et_global_heading_font|300|||||||&#8221; header_2_text_color=&#8221;#ddab05&#8243; header_2_font_size=&#8221;24px&#8221; text_orientation=&#8221;justified&#8221; background_layout=&#8221;dark&#8221; width=&#8221;100%&#8221; width_tablet=&#8221;&#8221; width_phone=&#8221;100%&#8221; width_last_edited=&#8221;on|phone&#8221; module_alignment=&#8221;center&#8221; hover_enabled=&#8221;0&#8243; locked=&#8221;off&#8221; global_colors_info=&#8221;{}&#8221; sticky_enabled=&#8221;0&#8243;]<\/p>\n<h2>Nalatenschap<\/h2>\n<p><\/p>\n<p>Dick Dale werd door sommige critici de \u201cFather of Heavy Metal\u201d genoemd vanwege zijn baanbrekende gebruik van <strong>spring reverb<\/strong>, <strong>extreem volume<\/strong> en snelle <strong>tremolo picking<\/strong>. Zijn <strong>ondersteboven linkshandige speelstijl<\/strong> (hij was linkshandig maar speelde op een rechtshandige gitaar zonder de snaren om te draaien, met de lage snaren onderaan) gaf hem een uniek geluid en aanslag. Hij overleed op <strong>16 maart 2019<\/strong> op de leeftijd van <strong>81 jaar<\/strong>.<\/p>\n<p>[\/et_pb_text][et_pb_text _builder_version=&#8221;4.27.6&#8243; _module_preset=&#8221;default&#8221; text_font=&#8221;|300|||||||&#8221; text_font_size=&#8221;16px&#8221; link_font=&#8221;||||||||&#8221; link_text_align=&#8221;justify&#8221; header_font=&#8221;|700|||||||&#8221; header_text_align=&#8221;center&#8221; header_font_size=&#8221;36px&#8221; header_2_font=&#8221;&#8211;et_global_heading_font|300|||||||&#8221; header_2_text_color=&#8221;#ddab05&#8243; header_2_font_size=&#8221;24px&#8221; text_orientation=&#8221;justified&#8221; background_layout=&#8221;dark&#8221; width=&#8221;100%&#8221; width_tablet=&#8221;&#8221; width_phone=&#8221;100%&#8221; width_last_edited=&#8221;on|phone&#8221; module_alignment=&#8221;center&#8221; hover_enabled=&#8221;0&#8243; locked=&#8221;off&#8221; global_colors_info=&#8221;{}&#8221; sticky_enabled=&#8221;0&#8243;]<\/p>\n<h2>Iconische gitaar<\/h2>\n<p><\/p>\n<p>Dick Dale is onlosmakelijk verbonden met zijn <strong>gouden Fender Stratocaster<\/strong>, gespeeld in een <strong>ondersteboven linkshandige stijl<\/strong>. Fender wijdde aan hem een <strong>signature model<\/strong> dat zijn specificaties reproduceert, met een omgekeerde hals en high-output pickups.<\/p>\n<p>[\/et_pb_text][\/et_pb_column][\/et_pb_row][\/et_pb_section]<\/p>\n","protected":false},"excerpt":{"rendered":"<p>De koning van de surfgitaarOorsprong en beginjarenRichard Anthony Monsour wordt geboren op 4 mei 1937 in Boston, Massachusetts. Van Libanees-Poolse afkomst groeit hij op in Zuid-Californi\u00eb, waar hij een gepassioneerde surfer wordt. Hij ontwikkelt een unieke gitaarstijl ge\u00efnspireerd door Midden-Oosterse muziek die hij van zijn Libanese familie heeft ge\u00ebrfd en door het ritme van de [&hellip;]<\/p>\n","protected":false},"author":2,"featured_media":36956,"parent":24579,"menu_order":0,"comment_status":"closed","ping_status":"closed","template":"","meta":{"_et_pb_use_builder":"on","_et_pb_old_content":"","_et_gb_content_width":"","footnotes":""},"class_list":["post-37079","page","type-page","status-publish","has-post-thumbnail","hentry"],"yoast_head":"<!-- This site is optimized with the Yoast SEO plugin v26.8 - https:\/\/yoast.com\/product\/yoast-seo-wordpress\/ -->\n<title>Dick Dale: koning van de surfrock<\/title>\n<meta name=\"description\" content=\"Ontdek Dick Dale, pionier van de surfrock en maker van \u201cMisirlou\u201d, een legendarische gitarist met een krachtige en revolutionaire sound.\" \/>\n<meta name=\"robots\" content=\"index, follow, max-snippet:-1, max-image-preview:large, max-video-preview:-1\" \/>\n<link rel=\"canonical\" href=\"https:\/\/www.matts-guitar-shop.com\/nl\/de-rocklegendes\/dick-dale\/\" \/>\n<meta property=\"og:locale\" content=\"nl_NL\" \/>\n<meta property=\"og:type\" content=\"article\" \/>\n<meta property=\"og:title\" content=\"Dick Dale: koning van de surfrock\" \/>\n<meta property=\"og:description\" content=\"Ontdek Dick Dale, pionier van de surfrock en maker van \u201cMisirlou\u201d, een legendarische gitarist met een krachtige en revolutionaire sound.\" \/>\n<meta property=\"og:url\" content=\"https:\/\/www.matts-guitar-shop.com\/nl\/de-rocklegendes\/dick-dale\/\" \/>\n<meta property=\"og:site_name\" content=\"Matt&#039;s Guitar Shop\" \/>\n<meta property=\"article:publisher\" content=\"https:\/\/www.facebook.com\/profile.php?id=100044359842817\" \/>\n<meta property=\"article:modified_time\" content=\"2026-04-30T19:57:50+00:00\" \/>\n<meta property=\"og:image\" content=\"https:\/\/www.matts-guitar-shop.com\/wp-content\/uploads\/2026\/04\/dick-dale-biographie-02.webp\" \/>\n\t<meta property=\"og:image:width\" content=\"400\" \/>\n\t<meta property=\"og:image:height\" content=\"400\" \/>\n\t<meta property=\"og:image:type\" content=\"image\/webp\" \/>\n<meta name=\"twitter:card\" content=\"summary_large_image\" \/>\n<meta name=\"twitter:label1\" content=\"Geschatte leestijd\" \/>\n\t<meta name=\"twitter:data1\" content=\"4 minuut\" \/>\n<script type=\"application\/ld+json\" class=\"yoast-schema-graph\">{\"@context\":\"https:\/\/schema.org\",\"@graph\":[{\"@type\":\"WebPage\",\"@id\":\"https:\/\/www.matts-guitar-shop.com\/nl\/de-rocklegendes\/dick-dale\/\",\"url\":\"https:\/\/www.matts-guitar-shop.com\/nl\/de-rocklegendes\/dick-dale\/\",\"name\":\"Dick Dale: koning van de surfrock\",\"isPartOf\":{\"@id\":\"https:\/\/www.matts-guitar-shop.com\/nl\/#website\"},\"primaryImageOfPage\":{\"@id\":\"https:\/\/www.matts-guitar-shop.com\/nl\/de-rocklegendes\/dick-dale\/#primaryimage\"},\"image\":{\"@id\":\"https:\/\/www.matts-guitar-shop.com\/nl\/de-rocklegendes\/dick-dale\/#primaryimage\"},\"thumbnailUrl\":\"https:\/\/www.matts-guitar-shop.com\/wp-content\/uploads\/2026\/04\/dick-dale-biographie-02.webp\",\"datePublished\":\"2026-04-30T17:01:09+00:00\",\"dateModified\":\"2026-04-30T19:57:50+00:00\",\"description\":\"Ontdek Dick Dale, pionier van de surfrock en maker van \u201cMisirlou\u201d, een legendarische gitarist met een krachtige en revolutionaire sound.\",\"breadcrumb\":{\"@id\":\"https:\/\/www.matts-guitar-shop.com\/nl\/de-rocklegendes\/dick-dale\/#breadcrumb\"},\"inLanguage\":\"nl-NL\",\"potentialAction\":[{\"@type\":\"ReadAction\",\"target\":[\"https:\/\/www.matts-guitar-shop.com\/nl\/de-rocklegendes\/dick-dale\/\"]}]},{\"@type\":\"ImageObject\",\"inLanguage\":\"nl-NL\",\"@id\":\"https:\/\/www.matts-guitar-shop.com\/nl\/de-rocklegendes\/dick-dale\/#primaryimage\",\"url\":\"https:\/\/www.matts-guitar-shop.com\/wp-content\/uploads\/2026\/04\/dick-dale-biographie-02.webp\",\"contentUrl\":\"https:\/\/www.matts-guitar-shop.com\/wp-content\/uploads\/2026\/04\/dick-dale-biographie-02.webp\",\"width\":400,\"height\":400,\"caption\":\"Biographie de Dick Dale\"},{\"@type\":\"BreadcrumbList\",\"@id\":\"https:\/\/www.matts-guitar-shop.com\/nl\/de-rocklegendes\/dick-dale\/#breadcrumb\",\"itemListElement\":[{\"@type\":\"ListItem\",\"position\":1,\"name\":\"Home\",\"item\":\"https:\/\/www.matts-guitar-shop.com\/nl\/\"},{\"@type\":\"ListItem\",\"position\":2,\"name\":\"De rocklegendes\",\"item\":\"https:\/\/www.matts-guitar-shop.com\/nl\/les-legendes-du-rock\/\"},{\"@type\":\"ListItem\",\"position\":3,\"name\":\"Dick Dale\"}]},{\"@type\":\"WebSite\",\"@id\":\"https:\/\/www.matts-guitar-shop.com\/nl\/#website\",\"url\":\"https:\/\/www.matts-guitar-shop.com\/nl\/\",\"name\":\"matts-guitar-shop.com\",\"description\":\"Guitar Shop\",\"publisher\":{\"@id\":\"https:\/\/www.matts-guitar-shop.com\/nl\/#organization\"},\"potentialAction\":[{\"@type\":\"SearchAction\",\"target\":{\"@type\":\"EntryPoint\",\"urlTemplate\":\"https:\/\/www.matts-guitar-shop.com\/nl\/?s={search_term_string}\"},\"query-input\":{\"@type\":\"PropertyValueSpecification\",\"valueRequired\":true,\"valueName\":\"search_term_string\"}}],\"inLanguage\":\"nl-NL\"},{\"@type\":\"Organization\",\"@id\":\"https:\/\/www.matts-guitar-shop.com\/nl\/#organization\",\"name\":\"matts-guitar-shop.com\",\"url\":\"https:\/\/www.matts-guitar-shop.com\/nl\/\",\"logo\":{\"@type\":\"ImageObject\",\"inLanguage\":\"nl-NL\",\"@id\":\"https:\/\/www.matts-guitar-shop.com\/nl\/#\/schema\/logo\/image\/\",\"url\":\"https:\/\/www.matts-guitar-shop.com\/wp-content\/uploads\/2024\/09\/MGS-logo-site-02.png\",\"contentUrl\":\"https:\/\/www.matts-guitar-shop.com\/wp-content\/uploads\/2024\/09\/MGS-logo-site-02.png\",\"width\":200,\"height\":122,\"caption\":\"matts-guitar-shop.com\"},\"image\":{\"@id\":\"https:\/\/www.matts-guitar-shop.com\/nl\/#\/schema\/logo\/image\/\"},\"sameAs\":[\"https:\/\/www.facebook.com\/profile.php?id=100044359842817\",\"https:\/\/www.instagram.com\/mattsguitarshop\/\",\"https:\/\/www.youtube.com\/@MattLucasMan\/videos\"]}]}<\/script>\n<!-- \/ Yoast SEO plugin. -->","yoast_head_json":{"title":"Dick Dale: koning van de surfrock","description":"Ontdek Dick Dale, pionier van de surfrock en maker van \u201cMisirlou\u201d, een legendarische gitarist met een krachtige en revolutionaire sound.","robots":{"index":"index","follow":"follow","max-snippet":"max-snippet:-1","max-image-preview":"max-image-preview:large","max-video-preview":"max-video-preview:-1"},"canonical":"https:\/\/www.matts-guitar-shop.com\/nl\/de-rocklegendes\/dick-dale\/","og_locale":"nl_NL","og_type":"article","og_title":"Dick Dale: koning van de surfrock","og_description":"Ontdek Dick Dale, pionier van de surfrock en maker van \u201cMisirlou\u201d, een legendarische gitarist met een krachtige en revolutionaire sound.","og_url":"https:\/\/www.matts-guitar-shop.com\/nl\/de-rocklegendes\/dick-dale\/","og_site_name":"Matt&#039;s Guitar Shop","article_publisher":"https:\/\/www.facebook.com\/profile.php?id=100044359842817","article_modified_time":"2026-04-30T19:57:50+00:00","og_image":[{"width":400,"height":400,"url":"https:\/\/www.matts-guitar-shop.com\/wp-content\/uploads\/2026\/04\/dick-dale-biographie-02.webp","type":"image\/webp"}],"twitter_card":"summary_large_image","twitter_misc":{"Geschatte leestijd":"4 minuut"},"schema":{"@context":"https:\/\/schema.org","@graph":[{"@type":"WebPage","@id":"https:\/\/www.matts-guitar-shop.com\/nl\/de-rocklegendes\/dick-dale\/","url":"https:\/\/www.matts-guitar-shop.com\/nl\/de-rocklegendes\/dick-dale\/","name":"Dick Dale: koning van de surfrock","isPartOf":{"@id":"https:\/\/www.matts-guitar-shop.com\/nl\/#website"},"primaryImageOfPage":{"@id":"https:\/\/www.matts-guitar-shop.com\/nl\/de-rocklegendes\/dick-dale\/#primaryimage"},"image":{"@id":"https:\/\/www.matts-guitar-shop.com\/nl\/de-rocklegendes\/dick-dale\/#primaryimage"},"thumbnailUrl":"https:\/\/www.matts-guitar-shop.com\/wp-content\/uploads\/2026\/04\/dick-dale-biographie-02.webp","datePublished":"2026-04-30T17:01:09+00:00","dateModified":"2026-04-30T19:57:50+00:00","description":"Ontdek Dick Dale, pionier van de surfrock en maker van \u201cMisirlou\u201d, een legendarische gitarist met een krachtige en revolutionaire sound.","breadcrumb":{"@id":"https:\/\/www.matts-guitar-shop.com\/nl\/de-rocklegendes\/dick-dale\/#breadcrumb"},"inLanguage":"nl-NL","potentialAction":[{"@type":"ReadAction","target":["https:\/\/www.matts-guitar-shop.com\/nl\/de-rocklegendes\/dick-dale\/"]}]},{"@type":"ImageObject","inLanguage":"nl-NL","@id":"https:\/\/www.matts-guitar-shop.com\/nl\/de-rocklegendes\/dick-dale\/#primaryimage","url":"https:\/\/www.matts-guitar-shop.com\/wp-content\/uploads\/2026\/04\/dick-dale-biographie-02.webp","contentUrl":"https:\/\/www.matts-guitar-shop.com\/wp-content\/uploads\/2026\/04\/dick-dale-biographie-02.webp","width":400,"height":400,"caption":"Biographie de Dick Dale"},{"@type":"BreadcrumbList","@id":"https:\/\/www.matts-guitar-shop.com\/nl\/de-rocklegendes\/dick-dale\/#breadcrumb","itemListElement":[{"@type":"ListItem","position":1,"name":"Home","item":"https:\/\/www.matts-guitar-shop.com\/nl\/"},{"@type":"ListItem","position":2,"name":"De rocklegendes","item":"https:\/\/www.matts-guitar-shop.com\/nl\/les-legendes-du-rock\/"},{"@type":"ListItem","position":3,"name":"Dick Dale"}]},{"@type":"WebSite","@id":"https:\/\/www.matts-guitar-shop.com\/nl\/#website","url":"https:\/\/www.matts-guitar-shop.com\/nl\/","name":"matts-guitar-shop.com","description":"Guitar Shop","publisher":{"@id":"https:\/\/www.matts-guitar-shop.com\/nl\/#organization"},"potentialAction":[{"@type":"SearchAction","target":{"@type":"EntryPoint","urlTemplate":"https:\/\/www.matts-guitar-shop.com\/nl\/?s={search_term_string}"},"query-input":{"@type":"PropertyValueSpecification","valueRequired":true,"valueName":"search_term_string"}}],"inLanguage":"nl-NL"},{"@type":"Organization","@id":"https:\/\/www.matts-guitar-shop.com\/nl\/#organization","name":"matts-guitar-shop.com","url":"https:\/\/www.matts-guitar-shop.com\/nl\/","logo":{"@type":"ImageObject","inLanguage":"nl-NL","@id":"https:\/\/www.matts-guitar-shop.com\/nl\/#\/schema\/logo\/image\/","url":"https:\/\/www.matts-guitar-shop.com\/wp-content\/uploads\/2024\/09\/MGS-logo-site-02.png","contentUrl":"https:\/\/www.matts-guitar-shop.com\/wp-content\/uploads\/2024\/09\/MGS-logo-site-02.png","width":200,"height":122,"caption":"matts-guitar-shop.com"},"image":{"@id":"https:\/\/www.matts-guitar-shop.com\/nl\/#\/schema\/logo\/image\/"},"sameAs":["https:\/\/www.facebook.com\/profile.php?id=100044359842817","https:\/\/www.instagram.com\/mattsguitarshop\/","https:\/\/www.youtube.com\/@MattLucasMan\/videos"]}]}},"_links":{"self":[{"href":"https:\/\/www.matts-guitar-shop.com\/nl\/wp-json\/wp\/v2\/pages\/37079","targetHints":{"allow":["GET"]}}],"collection":[{"href":"https:\/\/www.matts-guitar-shop.com\/nl\/wp-json\/wp\/v2\/pages"}],"about":[{"href":"https:\/\/www.matts-guitar-shop.com\/nl\/wp-json\/wp\/v2\/types\/page"}],"author":[{"embeddable":true,"href":"https:\/\/www.matts-guitar-shop.com\/nl\/wp-json\/wp\/v2\/users\/2"}],"replies":[{"embeddable":true,"href":"https:\/\/www.matts-guitar-shop.com\/nl\/wp-json\/wp\/v2\/comments?post=37079"}],"version-history":[{"count":2,"href":"https:\/\/www.matts-guitar-shop.com\/nl\/wp-json\/wp\/v2\/pages\/37079\/revisions"}],"predecessor-version":[{"id":37081,"href":"https:\/\/www.matts-guitar-shop.com\/nl\/wp-json\/wp\/v2\/pages\/37079\/revisions\/37081"}],"up":[{"embeddable":true,"href":"https:\/\/www.matts-guitar-shop.com\/nl\/wp-json\/wp\/v2\/pages\/24579"}],"wp:featuredmedia":[{"embeddable":true,"href":"https:\/\/www.matts-guitar-shop.com\/nl\/wp-json\/wp\/v2\/media\/36956"}],"wp:attachment":[{"href":"https:\/\/www.matts-guitar-shop.com\/nl\/wp-json\/wp\/v2\/media?parent=37079"}],"curies":[{"name":"wp","href":"https:\/\/api.w.org\/{rel}","templated":true}]}}