{"id":36709,"date":"2026-04-26T17:48:31","date_gmt":"2026-04-26T15:48:31","guid":{"rendered":"https:\/\/www.matts-guitar-shop.com\/de-rocklegendes\/deryck-whibley\/"},"modified":"2026-04-26T19:01:35","modified_gmt":"2026-04-26T17:01:35","slug":"deryck-whibley","status":"publish","type":"page","link":"https:\/\/www.matts-guitar-shop.com\/nl\/de-rocklegendes\/deryck-whibley\/","title":{"rendered":"Deryck Whibley"},"content":{"rendered":"<p>[et_pb_section fb_built=&#8221;1&#8243; _builder_version=&#8221;4.27.5&#8243; _module_preset=&#8221;default&#8221; background_color=&#8221;#000000&#8243; global_colors_info=&#8221;{}&#8221;][et_pb_row use_custom_gutter=&#8221;on&#8221; gutter_width=&#8221;2&#8243; admin_label=&#8221;Ligne&#8221; _builder_version=&#8221;4.27.5&#8243; _module_preset=&#8221;default&#8221; width=&#8221;100%&#8221; max_width=&#8221;80%&#8221; custom_margin=&#8221;||||false|false&#8221; custom_padding=&#8221;0px||||false|false&#8221; locked=&#8221;off&#8221; global_colors_info=&#8221;{}&#8221;][et_pb_column type=&#8221;4_4&#8243; _builder_version=&#8221;4.25.2&#8243; _module_preset=&#8221;default&#8221; global_colors_info=&#8221;{}&#8221;][et_pb_post_title meta=&#8221;off&#8221; featured_image=&#8221;off&#8221; _builder_version=&#8221;4.27.5&#8243; _module_preset=&#8221;default&#8221; title_font=&#8221;Open Sans|300|||||||&#8221; title_text_color=&#8221;#ddab05&#8243; title_font_size=&#8221;6rem&#8221; text_orientation=&#8221;center&#8221; custom_margin=&#8221;0px||0px||false|false&#8221; global_colors_info=&#8221;{}&#8221;][\/et_pb_post_title][et_pb_text admin_label=&#8221;Texte&#8221; _builder_version=&#8221;4.27.6&#8243; _module_preset=&#8221;default&#8221; text_font=&#8221;&#8211;et_global_body_font|300|||||||&#8221; text_text_color=&#8221;#FFFFFF&#8221; text_font_size=&#8221;1.5rem&#8221; text_line_height=&#8221;1em&#8221; header_text_align=&#8221;center&#8221; text_orientation=&#8221;center&#8221; global_colors_info=&#8221;{}&#8221;]Sum 41 \u2013 Canadese punkrock[\/et_pb_text][\/et_pb_column][\/et_pb_row][et_pb_row column_structure=&#8221;1_3,1_3,1_3&#8243; use_custom_gutter=&#8221;on&#8221; gutter_width=&#8221;2&#8243; admin_label=&#8221;Ligne&#8221; _builder_version=&#8221;4.27.5&#8243; _module_preset=&#8221;default&#8221; width=&#8221;100%&#8221; max_width=&#8221;80%&#8221; custom_margin=&#8221;||||false|false&#8221; custom_padding=&#8221;||||false|false&#8221; locked=&#8221;off&#8221; global_colors_info=&#8221;{}&#8221;][et_pb_column type=&#8221;1_3&#8243; _builder_version=&#8221;4.25.2&#8243; _module_preset=&#8221;default&#8221; global_colors_info=&#8221;{}&#8221;][et_pb_text _builder_version=&#8221;4.27.6&#8243; _module_preset=&#8221;default&#8221; text_font=&#8221;|300|||||||&#8221; text_font_size=&#8221;16px&#8221; header_font=&#8221;|700|||||||&#8221; header_text_align=&#8221;center&#8221; header_font_size=&#8221;36px&#8221; header_2_font=&#8221;&#8211;et_global_heading_font|300|||||||&#8221; header_2_text_color=&#8221;#ddab05&#8243; header_2_font_size=&#8221;24px&#8221; text_orientation=&#8221;justified&#8221; background_layout=&#8221;dark&#8221; width=&#8221;100%&#8221; width_tablet=&#8221;&#8221; width_phone=&#8221;100%&#8221; width_last_edited=&#8221;on|phone&#8221; module_alignment=&#8221;center&#8221; locked=&#8221;off&#8221; global_colors_info=&#8221;{}&#8221;]<\/p>\n<h2>Oorsprong en beginjaren<\/h2>\n<p><strong>Deryck Jason Whibley<\/strong> werd geboren op <strong>21 maart 1980<\/strong> in <strong>Scarborough<\/strong>, Ontario, Canada. Hij groeide op bij zijn alleenstaande moeder en ontdekte al op jonge leeftijd punk en metal via <strong>Iron Maiden<\/strong>, <strong>Metallica<\/strong> en de <strong>Descendents<\/strong>. In <strong>1996<\/strong> richtte hij <strong>Sum 41<\/strong> op in <strong>Ajax<\/strong>, een voorstad van Toronto, samen met jeugdvrienden. De naam van de band verwijst naar de <strong>41 resterende zomerdagen<\/strong> op het moment van oprichting.<\/p>\n<p>[\/et_pb_text][et_pb_text _builder_version=&#8221;4.27.6&#8243; _module_preset=&#8221;default&#8221; text_font=&#8221;|300|||||||&#8221; text_font_size=&#8221;16px&#8221; header_font=&#8221;|700|||||||&#8221; header_text_align=&#8221;center&#8221; header_font_size=&#8221;36px&#8221; header_2_font=&#8221;&#8211;et_global_heading_font|300|||||||&#8221; header_2_text_color=&#8221;#ddab05&#8243; header_2_font_size=&#8221;24px&#8221; text_orientation=&#8221;justified&#8221; background_layout=&#8221;dark&#8221; width=&#8221;100%&#8221; width_tablet=&#8221;&#8221; width_phone=&#8221;100%&#8221; width_last_edited=&#8221;on|phone&#8221; module_alignment=&#8221;center&#8221; locked=&#8221;off&#8221; global_colors_info=&#8221;{}&#8221;]<\/p>\n<h2>Succes van Sum 41<\/h2>\n<p>Het debuutalbum <strong>All Killer No Filler (2001)<\/strong>, aangedreven door de single <strong>&#8220;Fat Lip&#8221;<\/strong>, verkocht meer dan <strong>4 miljoen exemplaren<\/strong> en maakte Sum 41 tot een van de toonaangevende bands in de <strong>poppunkscene<\/strong> van de jaren 2000. <strong>Does This Look Infected? (2002)<\/strong> maakte het geluid harder, en <strong>Chuck (2004)<\/strong>, vernoemd naar een <strong>VN-blauwhelmenhelm<\/strong> die hun leven redde tijdens een opnameshoot in Congo tijdens gevechten, tilde de mix van <strong>punk en metal<\/strong> nog verder op.<br \/>Whibley is de <strong>zanger, gitarist<\/strong> en belangrijkste <strong>songwriter<\/strong> van de band. Zijn songwriting combineert pakkende popmelodie\u00ebn met agressieve metalriffs, wat een herkenbaar geluid in de punkscene cre\u00ebert.<\/p>\n<p>[\/et_pb_text][\/et_pb_column][et_pb_column type=&#8221;1_3&#8243; _builder_version=&#8221;4.25.2&#8243; _module_preset=&#8221;default&#8221; global_colors_info=&#8221;{}&#8221;][et_pb_image src=&#8221;https:\/\/www.matts-guitar-shop.com\/wp-content\/uploads\/2026\/04\/deryck-whibley-biographie-02.webp&#8221; alt=&#8221;Biografie van Deryck Whibley&#8221; title_text=&#8221;deryck-whibley-biographie-02&#8243; align=&#8221;center&#8221; _builder_version=&#8221;4.27.6&#8243; _module_preset=&#8221;default&#8221; global_colors_info=&#8221;{}&#8221;][\/et_pb_image][\/et_pb_column][et_pb_column type=&#8221;1_3&#8243; _builder_version=&#8221;4.25.2&#8243; _module_preset=&#8221;default&#8221; global_colors_info=&#8221;{}&#8221;][et_pb_text _builder_version=&#8221;4.27.6&#8243; _module_preset=&#8221;default&#8221; text_font=&#8221;|300|||||||&#8221; text_font_size=&#8221;16px&#8221; header_font=&#8221;|700|||||||&#8221; header_text_align=&#8221;center&#8221; header_font_size=&#8221;36px&#8221; header_2_font=&#8221;&#8211;et_global_heading_font|300|||||||&#8221; header_2_text_color=&#8221;#ddab05&#8243; header_2_font_size=&#8221;24px&#8221; text_orientation=&#8221;justified&#8221; background_layout=&#8221;dark&#8221; width=&#8221;100%&#8221; width_tablet=&#8221;&#8221; width_phone=&#8221;100%&#8221; width_last_edited=&#8221;on|phone&#8221; module_alignment=&#8221;center&#8221; locked=&#8221;off&#8221; global_colors_info=&#8221;{}&#8221;]<\/p>\n<h2>Strijd en veerkracht<\/h2>\n<p>In <strong>2014<\/strong> werd Deryck Whibley in kritieke toestand in het ziekenhuis opgenomen met <strong>lever- en nierfalen<\/strong> als gevolg van alcoholisme. Artsen vertelden hem dat nog \u00e9\u00e9n drankje fataal kon zijn. Hij herstelde, stopte met alcohol en zette zijn carri\u00e8re voort met hernieuwde energie. Sum 41 bracht <strong>Order in Decline (2019)<\/strong> uit en het dubbelalbum <strong>Heaven :x: Hell (2024)<\/strong>, waarna de band een afscheidstournee en definitieve splitsing aankondigde.<\/p>\n<p>[\/et_pb_text][et_pb_text _builder_version=&#8221;4.27.6&#8243; _module_preset=&#8221;default&#8221; text_font=&#8221;|300|||||||&#8221; text_font_size=&#8221;16px&#8221; link_font=&#8221;||||||||&#8221; link_text_align=&#8221;justify&#8221; header_font=&#8221;|700|||||||&#8221; header_text_align=&#8221;center&#8221; header_font_size=&#8221;36px&#8221; header_2_font=&#8221;&#8211;et_global_heading_font|300|||||||&#8221; header_2_text_color=&#8221;#ddab05&#8243; header_2_font_size=&#8221;24px&#8221; text_orientation=&#8221;justified&#8221; background_layout=&#8221;dark&#8221; width=&#8221;100%&#8221; width_tablet=&#8221;&#8221; width_phone=&#8221;100%&#8221; width_last_edited=&#8221;on|phone&#8221; module_alignment=&#8221;center&#8221; hover_enabled=&#8221;0&#8243; locked=&#8221;off&#8221; global_colors_info=&#8221;{}&#8221; sticky_enabled=&#8221;0&#8243;]<\/p>\n<h2>Iconische gitaar<\/h2>\n<p><\/p>\n<p>Deryck Whibley speelt op akoestische <a href=\"https:\/\/www.matts-guitar-shop.com\/nl\/produit\/deryck-whibleys-gibson-j50\/\"><strong>Gibson J-50<\/strong><\/a>-gitaren en elektrische <a href=\"https:\/\/www.matts-guitar-shop.com\/nl\/produit\/fender-telecaster-deluxe-ex-deryck-whibley-sum-41\/\"><strong>Fender Telecaster<\/strong><\/a>-modellen. Op het podium gebruikt hij ook <a href=\"https:\/\/www.matts-guitar-shop.com\/nl\/produit\/gibson-les-paul-black-beauty-1969-ex-deryck-whibley-sum-41\/\"><strong>Gibson Les Paul Junior<\/strong><\/a> en aangepaste <strong>Squier Telecaster<\/strong>-gitaren.<\/p>\n<p>[\/et_pb_text][\/et_pb_column][\/et_pb_row][\/et_pb_section]<\/p>\n","protected":false},"excerpt":{"rendered":"<p>Sum 41 \u2013 Canadese punkrockOorsprong en beginjaren Deryck Jason Whibley werd geboren op 21 maart 1980 in Scarborough, Ontario, Canada. Hij groeide op bij zijn alleenstaande moeder en ontdekte al op jonge leeftijd punk en metal via Iron Maiden, Metallica en de Descendents. In 1996 richtte hij Sum 41 op in Ajax, een voorstad van [&hellip;]<\/p>\n","protected":false},"author":2,"featured_media":36658,"parent":24579,"menu_order":0,"comment_status":"closed","ping_status":"closed","template":"","meta":{"_et_pb_use_builder":"on","_et_pb_old_content":"","_et_gb_content_width":"","footnotes":""},"class_list":["post-36709","page","type-page","status-publish","has-post-thumbnail","hentry"],"yoast_head":"<!-- This site is optimized with the Yoast SEO plugin v26.8 - https:\/\/yoast.com\/product\/yoast-seo-wordpress\/ -->\n<title>Deryck Whibley (Sum 41) \u2013 Canadese punkrock<\/title>\n<meta name=\"description\" content=\"Ontdek Deryck Whibley, frontman van Sum 41, poppunk-icoon achter Fat Lip en de opkomst van Canadese punkrock in de jaren 2000.\" \/>\n<meta name=\"robots\" content=\"index, follow, max-snippet:-1, max-image-preview:large, max-video-preview:-1\" \/>\n<link rel=\"canonical\" href=\"https:\/\/www.matts-guitar-shop.com\/nl\/de-rocklegendes\/deryck-whibley\/\" \/>\n<meta property=\"og:locale\" content=\"nl_NL\" \/>\n<meta property=\"og:type\" content=\"article\" \/>\n<meta property=\"og:title\" content=\"Deryck Whibley (Sum 41) \u2013 Canadese punkrock\" \/>\n<meta property=\"og:description\" content=\"Ontdek Deryck Whibley, frontman van Sum 41, poppunk-icoon achter Fat Lip en de opkomst van Canadese punkrock in de jaren 2000.\" \/>\n<meta property=\"og:url\" content=\"https:\/\/www.matts-guitar-shop.com\/nl\/de-rocklegendes\/deryck-whibley\/\" \/>\n<meta property=\"og:site_name\" content=\"Matt&#039;s Guitar Shop\" \/>\n<meta property=\"article:publisher\" content=\"https:\/\/www.facebook.com\/profile.php?id=100044359842817\" \/>\n<meta property=\"article:modified_time\" content=\"2026-04-26T17:01:35+00:00\" \/>\n<meta property=\"og:image\" content=\"https:\/\/www.matts-guitar-shop.com\/wp-content\/uploads\/2026\/04\/deryck-whibley-biographie-01.webp\" \/>\n\t<meta property=\"og:image:width\" content=\"480\" \/>\n\t<meta property=\"og:image:height\" content=\"480\" \/>\n\t<meta property=\"og:image:type\" content=\"image\/webp\" \/>\n<meta name=\"twitter:card\" content=\"summary_large_image\" \/>\n<meta name=\"twitter:label1\" content=\"Geschatte leestijd\" \/>\n\t<meta name=\"twitter:data1\" content=\"4 minuut\" \/>\n<script type=\"application\/ld+json\" class=\"yoast-schema-graph\">{\"@context\":\"https:\/\/schema.org\",\"@graph\":[{\"@type\":\"WebPage\",\"@id\":\"https:\/\/www.matts-guitar-shop.com\/nl\/de-rocklegendes\/deryck-whibley\/\",\"url\":\"https:\/\/www.matts-guitar-shop.com\/nl\/de-rocklegendes\/deryck-whibley\/\",\"name\":\"Deryck Whibley (Sum 41) \u2013 Canadese punkrock\",\"isPartOf\":{\"@id\":\"https:\/\/www.matts-guitar-shop.com\/nl\/#website\"},\"primaryImageOfPage\":{\"@id\":\"https:\/\/www.matts-guitar-shop.com\/nl\/de-rocklegendes\/deryck-whibley\/#primaryimage\"},\"image\":{\"@id\":\"https:\/\/www.matts-guitar-shop.com\/nl\/de-rocklegendes\/deryck-whibley\/#primaryimage\"},\"thumbnailUrl\":\"https:\/\/www.matts-guitar-shop.com\/wp-content\/uploads\/2026\/04\/deryck-whibley-biographie-01.webp\",\"datePublished\":\"2026-04-26T15:48:31+00:00\",\"dateModified\":\"2026-04-26T17:01:35+00:00\",\"description\":\"Ontdek Deryck Whibley, frontman van Sum 41, poppunk-icoon achter Fat Lip en de opkomst van Canadese punkrock in de jaren 2000.\",\"breadcrumb\":{\"@id\":\"https:\/\/www.matts-guitar-shop.com\/nl\/de-rocklegendes\/deryck-whibley\/#breadcrumb\"},\"inLanguage\":\"nl-NL\",\"potentialAction\":[{\"@type\":\"ReadAction\",\"target\":[\"https:\/\/www.matts-guitar-shop.com\/nl\/de-rocklegendes\/deryck-whibley\/\"]}]},{\"@type\":\"ImageObject\",\"inLanguage\":\"nl-NL\",\"@id\":\"https:\/\/www.matts-guitar-shop.com\/nl\/de-rocklegendes\/deryck-whibley\/#primaryimage\",\"url\":\"https:\/\/www.matts-guitar-shop.com\/wp-content\/uploads\/2026\/04\/deryck-whibley-biographie-01.webp\",\"contentUrl\":\"https:\/\/www.matts-guitar-shop.com\/wp-content\/uploads\/2026\/04\/deryck-whibley-biographie-01.webp\",\"width\":480,\"height\":480,\"caption\":\"Biographie de Deryck Whibley\"},{\"@type\":\"BreadcrumbList\",\"@id\":\"https:\/\/www.matts-guitar-shop.com\/nl\/de-rocklegendes\/deryck-whibley\/#breadcrumb\",\"itemListElement\":[{\"@type\":\"ListItem\",\"position\":1,\"name\":\"Home\",\"item\":\"https:\/\/www.matts-guitar-shop.com\/nl\/\"},{\"@type\":\"ListItem\",\"position\":2,\"name\":\"De rocklegendes\",\"item\":\"https:\/\/www.matts-guitar-shop.com\/nl\/les-legendes-du-rock\/\"},{\"@type\":\"ListItem\",\"position\":3,\"name\":\"Deryck Whibley\"}]},{\"@type\":\"WebSite\",\"@id\":\"https:\/\/www.matts-guitar-shop.com\/nl\/#website\",\"url\":\"https:\/\/www.matts-guitar-shop.com\/nl\/\",\"name\":\"matts-guitar-shop.com\",\"description\":\"Guitar Shop\",\"publisher\":{\"@id\":\"https:\/\/www.matts-guitar-shop.com\/nl\/#organization\"},\"potentialAction\":[{\"@type\":\"SearchAction\",\"target\":{\"@type\":\"EntryPoint\",\"urlTemplate\":\"https:\/\/www.matts-guitar-shop.com\/nl\/?s={search_term_string}\"},\"query-input\":{\"@type\":\"PropertyValueSpecification\",\"valueRequired\":true,\"valueName\":\"search_term_string\"}}],\"inLanguage\":\"nl-NL\"},{\"@type\":\"Organization\",\"@id\":\"https:\/\/www.matts-guitar-shop.com\/nl\/#organization\",\"name\":\"matts-guitar-shop.com\",\"url\":\"https:\/\/www.matts-guitar-shop.com\/nl\/\",\"logo\":{\"@type\":\"ImageObject\",\"inLanguage\":\"nl-NL\",\"@id\":\"https:\/\/www.matts-guitar-shop.com\/nl\/#\/schema\/logo\/image\/\",\"url\":\"https:\/\/www.matts-guitar-shop.com\/wp-content\/uploads\/2024\/09\/MGS-logo-site-02.png\",\"contentUrl\":\"https:\/\/www.matts-guitar-shop.com\/wp-content\/uploads\/2024\/09\/MGS-logo-site-02.png\",\"width\":200,\"height\":122,\"caption\":\"matts-guitar-shop.com\"},\"image\":{\"@id\":\"https:\/\/www.matts-guitar-shop.com\/nl\/#\/schema\/logo\/image\/\"},\"sameAs\":[\"https:\/\/www.facebook.com\/profile.php?id=100044359842817\",\"https:\/\/www.instagram.com\/mattsguitarshop\/\",\"https:\/\/www.youtube.com\/@MattLucasMan\/videos\"]}]}<\/script>\n<!-- \/ Yoast SEO plugin. -->","yoast_head_json":{"title":"Deryck Whibley (Sum 41) \u2013 Canadese punkrock","description":"Ontdek Deryck Whibley, frontman van Sum 41, poppunk-icoon achter Fat Lip en de opkomst van Canadese punkrock in de jaren 2000.","robots":{"index":"index","follow":"follow","max-snippet":"max-snippet:-1","max-image-preview":"max-image-preview:large","max-video-preview":"max-video-preview:-1"},"canonical":"https:\/\/www.matts-guitar-shop.com\/nl\/de-rocklegendes\/deryck-whibley\/","og_locale":"nl_NL","og_type":"article","og_title":"Deryck Whibley (Sum 41) \u2013 Canadese punkrock","og_description":"Ontdek Deryck Whibley, frontman van Sum 41, poppunk-icoon achter Fat Lip en de opkomst van Canadese punkrock in de jaren 2000.","og_url":"https:\/\/www.matts-guitar-shop.com\/nl\/de-rocklegendes\/deryck-whibley\/","og_site_name":"Matt&#039;s Guitar Shop","article_publisher":"https:\/\/www.facebook.com\/profile.php?id=100044359842817","article_modified_time":"2026-04-26T17:01:35+00:00","og_image":[{"width":480,"height":480,"url":"https:\/\/www.matts-guitar-shop.com\/wp-content\/uploads\/2026\/04\/deryck-whibley-biographie-01.webp","type":"image\/webp"}],"twitter_card":"summary_large_image","twitter_misc":{"Geschatte leestijd":"4 minuut"},"schema":{"@context":"https:\/\/schema.org","@graph":[{"@type":"WebPage","@id":"https:\/\/www.matts-guitar-shop.com\/nl\/de-rocklegendes\/deryck-whibley\/","url":"https:\/\/www.matts-guitar-shop.com\/nl\/de-rocklegendes\/deryck-whibley\/","name":"Deryck Whibley (Sum 41) \u2013 Canadese punkrock","isPartOf":{"@id":"https:\/\/www.matts-guitar-shop.com\/nl\/#website"},"primaryImageOfPage":{"@id":"https:\/\/www.matts-guitar-shop.com\/nl\/de-rocklegendes\/deryck-whibley\/#primaryimage"},"image":{"@id":"https:\/\/www.matts-guitar-shop.com\/nl\/de-rocklegendes\/deryck-whibley\/#primaryimage"},"thumbnailUrl":"https:\/\/www.matts-guitar-shop.com\/wp-content\/uploads\/2026\/04\/deryck-whibley-biographie-01.webp","datePublished":"2026-04-26T15:48:31+00:00","dateModified":"2026-04-26T17:01:35+00:00","description":"Ontdek Deryck Whibley, frontman van Sum 41, poppunk-icoon achter Fat Lip en de opkomst van Canadese punkrock in de jaren 2000.","breadcrumb":{"@id":"https:\/\/www.matts-guitar-shop.com\/nl\/de-rocklegendes\/deryck-whibley\/#breadcrumb"},"inLanguage":"nl-NL","potentialAction":[{"@type":"ReadAction","target":["https:\/\/www.matts-guitar-shop.com\/nl\/de-rocklegendes\/deryck-whibley\/"]}]},{"@type":"ImageObject","inLanguage":"nl-NL","@id":"https:\/\/www.matts-guitar-shop.com\/nl\/de-rocklegendes\/deryck-whibley\/#primaryimage","url":"https:\/\/www.matts-guitar-shop.com\/wp-content\/uploads\/2026\/04\/deryck-whibley-biographie-01.webp","contentUrl":"https:\/\/www.matts-guitar-shop.com\/wp-content\/uploads\/2026\/04\/deryck-whibley-biographie-01.webp","width":480,"height":480,"caption":"Biographie de Deryck Whibley"},{"@type":"BreadcrumbList","@id":"https:\/\/www.matts-guitar-shop.com\/nl\/de-rocklegendes\/deryck-whibley\/#breadcrumb","itemListElement":[{"@type":"ListItem","position":1,"name":"Home","item":"https:\/\/www.matts-guitar-shop.com\/nl\/"},{"@type":"ListItem","position":2,"name":"De rocklegendes","item":"https:\/\/www.matts-guitar-shop.com\/nl\/les-legendes-du-rock\/"},{"@type":"ListItem","position":3,"name":"Deryck Whibley"}]},{"@type":"WebSite","@id":"https:\/\/www.matts-guitar-shop.com\/nl\/#website","url":"https:\/\/www.matts-guitar-shop.com\/nl\/","name":"matts-guitar-shop.com","description":"Guitar Shop","publisher":{"@id":"https:\/\/www.matts-guitar-shop.com\/nl\/#organization"},"potentialAction":[{"@type":"SearchAction","target":{"@type":"EntryPoint","urlTemplate":"https:\/\/www.matts-guitar-shop.com\/nl\/?s={search_term_string}"},"query-input":{"@type":"PropertyValueSpecification","valueRequired":true,"valueName":"search_term_string"}}],"inLanguage":"nl-NL"},{"@type":"Organization","@id":"https:\/\/www.matts-guitar-shop.com\/nl\/#organization","name":"matts-guitar-shop.com","url":"https:\/\/www.matts-guitar-shop.com\/nl\/","logo":{"@type":"ImageObject","inLanguage":"nl-NL","@id":"https:\/\/www.matts-guitar-shop.com\/nl\/#\/schema\/logo\/image\/","url":"https:\/\/www.matts-guitar-shop.com\/wp-content\/uploads\/2024\/09\/MGS-logo-site-02.png","contentUrl":"https:\/\/www.matts-guitar-shop.com\/wp-content\/uploads\/2024\/09\/MGS-logo-site-02.png","width":200,"height":122,"caption":"matts-guitar-shop.com"},"image":{"@id":"https:\/\/www.matts-guitar-shop.com\/nl\/#\/schema\/logo\/image\/"},"sameAs":["https:\/\/www.facebook.com\/profile.php?id=100044359842817","https:\/\/www.instagram.com\/mattsguitarshop\/","https:\/\/www.youtube.com\/@MattLucasMan\/videos"]}]}},"_links":{"self":[{"href":"https:\/\/www.matts-guitar-shop.com\/nl\/wp-json\/wp\/v2\/pages\/36709","targetHints":{"allow":["GET"]}}],"collection":[{"href":"https:\/\/www.matts-guitar-shop.com\/nl\/wp-json\/wp\/v2\/pages"}],"about":[{"href":"https:\/\/www.matts-guitar-shop.com\/nl\/wp-json\/wp\/v2\/types\/page"}],"author":[{"embeddable":true,"href":"https:\/\/www.matts-guitar-shop.com\/nl\/wp-json\/wp\/v2\/users\/2"}],"replies":[{"embeddable":true,"href":"https:\/\/www.matts-guitar-shop.com\/nl\/wp-json\/wp\/v2\/comments?post=36709"}],"version-history":[{"count":4,"href":"https:\/\/www.matts-guitar-shop.com\/nl\/wp-json\/wp\/v2\/pages\/36709\/revisions"}],"predecessor-version":[{"id":36746,"href":"https:\/\/www.matts-guitar-shop.com\/nl\/wp-json\/wp\/v2\/pages\/36709\/revisions\/36746"}],"up":[{"embeddable":true,"href":"https:\/\/www.matts-guitar-shop.com\/nl\/wp-json\/wp\/v2\/pages\/24579"}],"wp:featuredmedia":[{"embeddable":true,"href":"https:\/\/www.matts-guitar-shop.com\/nl\/wp-json\/wp\/v2\/media\/36658"}],"wp:attachment":[{"href":"https:\/\/www.matts-guitar-shop.com\/nl\/wp-json\/wp\/v2\/media?parent=36709"}],"curies":[{"name":"wp","href":"https:\/\/api.w.org\/{rel}","templated":true}]}}