{"id":24554,"date":"2024-09-05T16:53:35","date_gmt":"2024-09-05T14:53:35","guid":{"rendered":"https:\/\/www.matts-guitar-shop.com\/taxatie-en-inkoop\/"},"modified":"2026-04-24T21:41:54","modified_gmt":"2026-04-24T19:41:54","slug":"taxatie-en-inkoop","status":"publish","type":"page","link":"https:\/\/www.matts-guitar-shop.com\/nl\/taxatie-en-inkoop\/","title":{"rendered":"Taxatie en inkoop"},"content":{"rendered":"<p>[et_pb_section fb_built=&#8221;1&#8243; fullwidth=&#8221;on&#8221; _builder_version=&#8221;4.25.2&#8243; _module_preset=&#8221;default&#8221; width=&#8221;100%&#8221; min_height=&#8221;100vh&#8221; locked=&#8221;off&#8221; global_colors_info=&#8221;{}&#8221;][et_pb_fullwidth_slider _builder_version=&#8221;4.27.5&#8243; _module_preset=&#8221;default&#8221; header_level=&#8221;h1&#8243; header_font=&#8221;|600|||||||&#8221; body_font=&#8221;||||||||&#8221; width=&#8221;100%&#8221; min_height=&#8221;100vh&#8221; auto=&#8221;on&#8221; auto_speed=&#8221;4500&#8243; auto_ignore_hover=&#8221;on&#8221; hover_transition_duration=&#8221;50ms&#8221; hover_transition_speed_curve=&#8221;linear&#8221; global_colors_info=&#8221;{}&#8221;][et_pb_slide _builder_version=&#8221;4.27.5&#8243; _module_preset=&#8221;default&#8221; header_level=&#8221;h1&#8243; header_font_size=&#8221;70px&#8221; body_font_size=&#8221;20px&#8221; background_enable_color=&#8221;off&#8221; background_image=&#8221;https:\/\/www.matts-guitar-shop.com\/wp-content\/uploads\/2026\/03\/estimation-et-reprise-matts-guitar-shop-02.jpg&#8221; background_enable_image=&#8221;on&#8221; header_font_size_tablet=&#8221;60px&#8221; header_font_size_phone=&#8221;32px&#8221; header_font_size_last_edited=&#8221;on|phone&#8221; body_font_size_tablet=&#8221;20px&#8221; body_font_size_phone=&#8221;16px&#8221; body_font_size_last_edited=&#8221;on|phone&#8221; global_colors_info=&#8221;{}&#8221; sticky_transition=&#8221;on&#8221;][\/et_pb_slide][\/et_pb_fullwidth_slider][\/et_pb_section][et_pb_section fb_built=&#8221;1&#8243; _builder_version=&#8221;4.25.2&#8243; _module_preset=&#8221;default&#8221; background_color=&#8221;#000000&#8243; top_divider_style=&#8221;arrow2&#8243; top_divider_color=&#8221;#d0a957&#8243; top_divider_height=&#8221;12px&#8221; bottom_divider_style=&#8221;arrow2&#8243; bottom_divider_color=&#8221;gcid-heading-color&#8221; bottom_divider_height=&#8221;12px&#8221; bottom_divider_flip=&#8221;vertical&#8221; global_colors_info=&#8221;{%22gcid-heading-color%22:%91%22bottom_divider_color%22,%22bottom_divider_color%22%93}&#8221;][et_pb_row _builder_version=&#8221;4.27.5&#8243; _module_preset=&#8221;default&#8221; width=&#8221;100%&#8221; max_width=&#8221;80%&#8221; global_colors_info=&#8221;{}&#8221;][et_pb_column type=&#8221;4_4&#8243; _builder_version=&#8221;4.25.2&#8243; _module_preset=&#8221;default&#8221; global_colors_info=&#8221;{}&#8221;][et_pb_post_title meta=&#8221;off&#8221; featured_image=&#8221;off&#8221; _builder_version=&#8221;4.27.5&#8243; _module_preset=&#8221;default&#8221; title_font=&#8221;Open Sans|300|||||||&#8221; title_text_color=&#8221;#ddab05&#8243; title_font_size=&#8221;6rem&#8221; text_orientation=&#8221;center&#8221; custom_margin=&#8221;0px||||false|false&#8221; locked=&#8221;off&#8221; global_colors_info=&#8221;{}&#8221;][\/et_pb_post_title][et_pb_text _builder_version=&#8221;4.27.6&#8243; _module_preset=&#8221;default&#8221; text_font_size=&#8221;16px&#8221; header_font=&#8221;|700|||||||&#8221; header_text_align=&#8221;center&#8221; header_font_size=&#8221;36px&#8221; text_orientation=&#8221;center&#8221; background_layout=&#8221;dark&#8221; global_colors_info=&#8221;{}&#8221;]<\/p>\n<p>Matt\u2019s Guitar Shop is al meerdere jaren een belangrijke speler op de markt van muziekinstrumenten. In de loop der tijd heeft het een zeer gespecialiseerde expertise opgebouwd, waardoor het muziekinstrumenten nauwkeurig kan taxeren. Door de specialisatie in zeldzame vintage instrumenten en artiestenmateriaal heeft het bedrijf talrijke uitzonderlijke stukken kunnen authenticeren en verkopen, waarbij het zijn vaardigheden op grote schaal inzet. Laat ons u helpen de beste waarde voor uw instrumenten te verkrijgen! Voor \u20ac50 bieden wij een nauwkeurige en relevante taxatieservice.<\/p>\n<p>Wilt u uw instrument via ons verkopen? Vertel ons over uw instrument en een lid van het Matt\u2019s Guitar Shop-team <a href=\"https:\/\/www.matts-guitar-shop.com\/nl\/\">gitaarwinkel in Parijs<\/a> neemt rechtstreeks contact met u op! Wilt u uw instrument liever verkopen of ruilen? Laat het ons weten en wij doen u een aanbod!<\/p>\n<p>[\/et_pb_text][\/et_pb_column][\/et_pb_row][et_pb_row module_id=&#8221;contact&#8221; _builder_version=&#8221;4.25.2&#8243; _module_preset=&#8221;default&#8221; width=&#8221;100%&#8221; max_width=&#8221;80%&#8221; locked=&#8221;off&#8221; global_colors_info=&#8221;{}&#8221;][et_pb_column type=&#8221;4_4&#8243; _builder_version=&#8221;4.25.2&#8243; _module_preset=&#8221;default&#8221; global_colors_info=&#8221;{}&#8221;][et_pb_text _builder_version=&#8221;4.27.5&#8243; _module_preset=&#8221;default&#8221; text_font_size=&#8221;16px&#8221; header_font=&#8221;|700|||||||&#8221; header_text_align=&#8221;center&#8221; header_font_size=&#8221;36px&#8221; header_2_font=&#8221;&#8211;et_global_heading_font|300|||||||&#8221; header_2_text_color=&#8221;gcid-25ca086c-7105-452a-97ac-71d227d7ebe7&#8243; header_2_font_size=&#8221;2rem&#8221; background_enable_color=&#8221;off&#8221; text_orientation=&#8221;center&#8221; custom_margin=&#8221;||25px||false|false&#8221; custom_padding=&#8221;12px||||false|false&#8221; border_width_all=&#8221;1px&#8221; border_color_all=&#8221;gcid-heading-color&#8221; box_shadow_style=&#8221;preset1&#8243; global_colors_info=&#8221;{%22gcid-heading-color%22:%91%22border_color_all%22%93,%22gcid-25ca086c-7105-452a-97ac-71d227d7ebe7%22:%91%22header_2_text_color%22%93}&#8221;]<\/p>\n<h2>Voor elke taxatie of inruil, vul alstublieft dit formulier in<\/h2>\n<p>[\/et_pb_text][et_pb_contact_form use_spam_service=&#8221;on&#8221; recaptcha_list=&#8221;matts-guitar-shopcom Divi|matts-guitar-shopcom Divi-0&#8243; email=&#8221;matt@mattsguitar.shop&#8221; custom_message=&#8221;matts-guitar-shop.com : Estimation et reprise ESPAGNOL||et_pb_line_break_holder||||et_pb_line_break_holder||Nom : %%Nom%%||et_pb_line_break_holder||Pr\u00e9nom : %%Prenom%%||et_pb_line_break_holder||Email : %%Email%%||et_pb_line_break_holder||T\u00e9l\u00e9phone : %%Telephone%%||et_pb_line_break_holder||Message : %%Message%%&#8221; submit_button_text=&#8221;Versturen&#8221; _builder_version=&#8221;4.27.5&#8243; _module_preset=&#8221;default&#8221; _unique_id=&#8221;08374e95-703a-4c00-a195-61fcd54da7a1&#8243; form_field_custom_margin=&#8221;0px||16px||false|false&#8221; form_field_custom_padding=&#8221;||||false|false&#8221; custom_button=&#8221;on&#8221; button_text_size=&#8221;14px&#8221; button_text_color=&#8221;gcid-body-color&#8221; button_bg_color=&#8221;gcid-heading-color&#8221; button_border_width=&#8221;1px&#8221; button_border_radius=&#8221;0px&#8221; button_letter_spacing=&#8221;1px&#8221; button_font=&#8221;|600|||||||&#8221; button_use_icon=&#8221;off&#8221; button_custom_margin=&#8221;15px||||false|false&#8221; button_custom_padding=&#8221;||||false|false&#8221; custom_margin=&#8221;||||false|false&#8221; border_width_all=&#8221;1px&#8221; border_color_all=&#8221;gcid-heading-color&#8221; box_shadow_style=&#8221;preset1&#8243; box_shadow_style_button=&#8221;preset1&#8243; global_colors_info=&#8221;{%22gcid-body-color%22:%91%22button_text_color%22,%22button_icon_color%22,%22button_text_color%22%93,%22gcid-heading-color%22:%91%22button_bg_color%22,%22border_color_all%22,%22button_bg_color%22%93}&#8221;][et_pb_contact_field field_id=&#8221;Nom&#8221; field_title=&#8221;Achternaam&#8221; _builder_version=&#8221;4.25.2&#8243; custom_margin=&#8221;|||0px|false|false&#8221; global_colors_info=&#8221;{}&#8221; button_text_size__hover_enabled=&#8221;off&#8221; button_one_text_size__hover_enabled=&#8221;off&#8221; button_two_text_size__hover_enabled=&#8221;off&#8221; button_text_color__hover_enabled=&#8221;off&#8221; button_one_text_color__hover_enabled=&#8221;off&#8221; button_two_text_color__hover_enabled=&#8221;off&#8221; button_border_width__hover_enabled=&#8221;off&#8221; button_one_border_width__hover_enabled=&#8221;off&#8221; button_two_border_width__hover_enabled=&#8221;off&#8221; button_border_color__hover_enabled=&#8221;off&#8221; button_one_border_color__hover_enabled=&#8221;off&#8221; button_two_border_color__hover_enabled=&#8221;off&#8221; button_border_radius__hover_enabled=&#8221;off&#8221; button_one_border_radius__hover_enabled=&#8221;off&#8221; button_two_border_radius__hover_enabled=&#8221;off&#8221; button_letter_spacing__hover_enabled=&#8221;off&#8221; button_one_letter_spacing__hover_enabled=&#8221;off&#8221; button_two_letter_spacing__hover_enabled=&#8221;off&#8221; button_bg_color__hover_enabled=&#8221;off&#8221; button_one_bg_color__hover_enabled=&#8221;off&#8221; button_two_bg_color__hover_enabled=&#8221;off&#8221;][\/et_pb_contact_field][et_pb_contact_field field_id=&#8221;Prenom&#8221; field_title=&#8221;Voornaam&#8221; _builder_version=&#8221;4.25.2&#8243; global_colors_info=&#8221;{}&#8221; button_text_size__hover_enabled=&#8221;off&#8221; button_one_text_size__hover_enabled=&#8221;off&#8221; button_two_text_size__hover_enabled=&#8221;off&#8221; button_text_color__hover_enabled=&#8221;off&#8221; button_one_text_color__hover_enabled=&#8221;off&#8221; button_two_text_color__hover_enabled=&#8221;off&#8221; button_border_width__hover_enabled=&#8221;off&#8221; button_one_border_width__hover_enabled=&#8221;off&#8221; button_two_border_width__hover_enabled=&#8221;off&#8221; button_border_color__hover_enabled=&#8221;off&#8221; button_one_border_color__hover_enabled=&#8221;off&#8221; button_two_border_color__hover_enabled=&#8221;off&#8221; button_border_radius__hover_enabled=&#8221;off&#8221; button_one_border_radius__hover_enabled=&#8221;off&#8221; button_two_border_radius__hover_enabled=&#8221;off&#8221; button_letter_spacing__hover_enabled=&#8221;off&#8221; button_one_letter_spacing__hover_enabled=&#8221;off&#8221; button_two_letter_spacing__hover_enabled=&#8221;off&#8221; button_bg_color__hover_enabled=&#8221;off&#8221; button_one_bg_color__hover_enabled=&#8221;off&#8221; button_two_bg_color__hover_enabled=&#8221;off&#8221;][\/et_pb_contact_field][et_pb_contact_field field_id=&#8221;Email&#8221; field_title=&#8221;E-mailadres&#8221; field_type=&#8221;email&#8221; _builder_version=&#8221;4.25.2&#8243; global_colors_info=&#8221;{}&#8221; button_text_size__hover_enabled=&#8221;off&#8221; button_one_text_size__hover_enabled=&#8221;off&#8221; button_two_text_size__hover_enabled=&#8221;off&#8221; button_text_color__hover_enabled=&#8221;off&#8221; button_one_text_color__hover_enabled=&#8221;off&#8221; button_two_text_color__hover_enabled=&#8221;off&#8221; button_border_width__hover_enabled=&#8221;off&#8221; button_one_border_width__hover_enabled=&#8221;off&#8221; button_two_border_width__hover_enabled=&#8221;off&#8221; button_border_color__hover_enabled=&#8221;off&#8221; button_one_border_color__hover_enabled=&#8221;off&#8221; button_two_border_color__hover_enabled=&#8221;off&#8221; button_border_radius__hover_enabled=&#8221;off&#8221; button_one_border_radius__hover_enabled=&#8221;off&#8221; button_two_border_radius__hover_enabled=&#8221;off&#8221; button_letter_spacing__hover_enabled=&#8221;off&#8221; button_one_letter_spacing__hover_enabled=&#8221;off&#8221; button_two_letter_spacing__hover_enabled=&#8221;off&#8221; button_bg_color__hover_enabled=&#8221;off&#8221; button_one_bg_color__hover_enabled=&#8221;off&#8221; button_two_bg_color__hover_enabled=&#8221;off&#8221;][\/et_pb_contact_field][et_pb_contact_field field_id=&#8221;Telephone&#8221; field_title=&#8221;Telefoonnummer&#8221; _builder_version=&#8221;4.25.2&#8243; global_colors_info=&#8221;{}&#8221; button_text_size__hover_enabled=&#8221;off&#8221; button_one_text_size__hover_enabled=&#8221;off&#8221; button_two_text_size__hover_enabled=&#8221;off&#8221; button_text_color__hover_enabled=&#8221;off&#8221; button_one_text_color__hover_enabled=&#8221;off&#8221; button_two_text_color__hover_enabled=&#8221;off&#8221; button_border_width__hover_enabled=&#8221;off&#8221; button_one_border_width__hover_enabled=&#8221;off&#8221; button_two_border_width__hover_enabled=&#8221;off&#8221; button_border_color__hover_enabled=&#8221;off&#8221; button_one_border_color__hover_enabled=&#8221;off&#8221; button_two_border_color__hover_enabled=&#8221;off&#8221; button_border_radius__hover_enabled=&#8221;off&#8221; button_one_border_radius__hover_enabled=&#8221;off&#8221; button_two_border_radius__hover_enabled=&#8221;off&#8221; button_letter_spacing__hover_enabled=&#8221;off&#8221; button_one_letter_spacing__hover_enabled=&#8221;off&#8221; button_two_letter_spacing__hover_enabled=&#8221;off&#8221; button_bg_color__hover_enabled=&#8221;off&#8221; button_one_bg_color__hover_enabled=&#8221;off&#8221; button_two_bg_color__hover_enabled=&#8221;off&#8221;][\/et_pb_contact_field][et_pb_contact_field field_id=&#8221;Message&#8221; field_title=&#8221;Bericht&#8221; field_type=&#8221;text&#8221; fullwidth_field=&#8221;on&#8221; _builder_version=&#8221;4.25.2&#8243; global_colors_info=&#8221;{}&#8221; button_text_size__hover_enabled=&#8221;off&#8221; button_one_text_size__hover_enabled=&#8221;off&#8221; button_two_text_size__hover_enabled=&#8221;off&#8221; button_text_color__hover_enabled=&#8221;off&#8221; button_one_text_color__hover_enabled=&#8221;off&#8221; button_two_text_color__hover_enabled=&#8221;off&#8221; button_border_width__hover_enabled=&#8221;off&#8221; button_one_border_width__hover_enabled=&#8221;off&#8221; button_two_border_width__hover_enabled=&#8221;off&#8221; button_border_color__hover_enabled=&#8221;off&#8221; button_one_border_color__hover_enabled=&#8221;off&#8221; button_two_border_color__hover_enabled=&#8221;off&#8221; button_border_radius__hover_enabled=&#8221;off&#8221; button_one_border_radius__hover_enabled=&#8221;off&#8221; button_two_border_radius__hover_enabled=&#8221;off&#8221; button_letter_spacing__hover_enabled=&#8221;off&#8221; button_one_letter_spacing__hover_enabled=&#8221;off&#8221; button_two_letter_spacing__hover_enabled=&#8221;off&#8221; button_bg_color__hover_enabled=&#8221;off&#8221; button_one_bg_color__hover_enabled=&#8221;off&#8221; button_two_bg_color__hover_enabled=&#8221;off&#8221;][\/et_pb_contact_field][\/et_pb_contact_form][\/et_pb_column][\/et_pb_row][\/et_pb_section]<\/p>\n","protected":false},"excerpt":{"rendered":"<p>Matt\u2019s Guitar Shop is al meerdere jaren een belangrijke speler op de markt van muziekinstrumenten. In de loop der tijd heeft het een zeer gespecialiseerde expertise opgebouwd, waardoor het muziekinstrumenten nauwkeurig kan taxeren. Door de specialisatie in zeldzame vintage instrumenten en artiestenmateriaal heeft het bedrijf talrijke uitzonderlijke stukken kunnen authenticeren en verkopen, waarbij het zijn [&hellip;]<\/p>\n","protected":false},"author":2,"featured_media":0,"parent":0,"menu_order":0,"comment_status":"closed","ping_status":"closed","template":"","meta":{"_et_pb_use_builder":"on","_et_pb_old_content":"","_et_gb_content_width":"","footnotes":""},"class_list":["post-24554","page","type-page","status-publish","hentry"],"yoast_head":"<!-- This site is optimized with the Yoast SEO plugin v26.8 - https:\/\/yoast.com\/product\/yoast-seo-wordpress\/ -->\n<title>Taxatie en inkoop - Matt&#039;s Guitar Shop<\/title>\n<meta name=\"robots\" content=\"index, follow, max-snippet:-1, max-image-preview:large, max-video-preview:-1\" \/>\n<link rel=\"canonical\" href=\"https:\/\/www.matts-guitar-shop.com\/nl\/taxatie-en-inkoop\/\" \/>\n<meta property=\"og:locale\" content=\"nl_NL\" \/>\n<meta property=\"og:type\" content=\"article\" \/>\n<meta property=\"og:title\" content=\"Taxatie en inkoop - Matt&#039;s Guitar Shop\" \/>\n<meta property=\"og:description\" content=\"Matt\u2019s Guitar Shop is al meerdere jaren een belangrijke speler op de markt van muziekinstrumenten. In de loop der tijd heeft het een zeer gespecialiseerde expertise opgebouwd, waardoor het muziekinstrumenten nauwkeurig kan taxeren. Door de specialisatie in zeldzame vintage instrumenten en artiestenmateriaal heeft het bedrijf talrijke uitzonderlijke stukken kunnen authenticeren en verkopen, waarbij het zijn [&hellip;]\" \/>\n<meta property=\"og:url\" content=\"https:\/\/www.matts-guitar-shop.com\/nl\/taxatie-en-inkoop\/\" \/>\n<meta property=\"og:site_name\" content=\"Matt&#039;s Guitar Shop\" \/>\n<meta property=\"article:publisher\" content=\"https:\/\/www.facebook.com\/profile.php?id=100044359842817\" \/>\n<meta property=\"article:modified_time\" content=\"2026-04-24T19:41:54+00:00\" \/>\n<meta name=\"twitter:card\" content=\"summary_large_image\" \/>\n<meta name=\"twitter:label1\" content=\"Geschatte leestijd\" \/>\n\t<meta name=\"twitter:data1\" content=\"8 minuut\" \/>\n<script type=\"application\/ld+json\" class=\"yoast-schema-graph\">{\"@context\":\"https:\/\/schema.org\",\"@graph\":[{\"@type\":\"WebPage\",\"@id\":\"https:\/\/www.matts-guitar-shop.com\/nl\/taxatie-en-inkoop\/\",\"url\":\"https:\/\/www.matts-guitar-shop.com\/nl\/taxatie-en-inkoop\/\",\"name\":\"Taxatie en inkoop - Matt&#039;s Guitar Shop\",\"isPartOf\":{\"@id\":\"https:\/\/www.matts-guitar-shop.com\/nl\/#website\"},\"datePublished\":\"2024-09-05T14:53:35+00:00\",\"dateModified\":\"2026-04-24T19:41:54+00:00\",\"breadcrumb\":{\"@id\":\"https:\/\/www.matts-guitar-shop.com\/nl\/taxatie-en-inkoop\/#breadcrumb\"},\"inLanguage\":\"nl-NL\",\"potentialAction\":[{\"@type\":\"ReadAction\",\"target\":[\"https:\/\/www.matts-guitar-shop.com\/nl\/taxatie-en-inkoop\/\"]}]},{\"@type\":\"BreadcrumbList\",\"@id\":\"https:\/\/www.matts-guitar-shop.com\/nl\/taxatie-en-inkoop\/#breadcrumb\",\"itemListElement\":[{\"@type\":\"ListItem\",\"position\":1,\"name\":\"Home\",\"item\":\"https:\/\/www.matts-guitar-shop.com\/nl\/\"},{\"@type\":\"ListItem\",\"position\":2,\"name\":\"Taxatie en inkoop\"}]},{\"@type\":\"WebSite\",\"@id\":\"https:\/\/www.matts-guitar-shop.com\/nl\/#website\",\"url\":\"https:\/\/www.matts-guitar-shop.com\/nl\/\",\"name\":\"matts-guitar-shop.com\",\"description\":\"Guitar Shop\",\"publisher\":{\"@id\":\"https:\/\/www.matts-guitar-shop.com\/nl\/#organization\"},\"potentialAction\":[{\"@type\":\"SearchAction\",\"target\":{\"@type\":\"EntryPoint\",\"urlTemplate\":\"https:\/\/www.matts-guitar-shop.com\/nl\/?s={search_term_string}\"},\"query-input\":{\"@type\":\"PropertyValueSpecification\",\"valueRequired\":true,\"valueName\":\"search_term_string\"}}],\"inLanguage\":\"nl-NL\"},{\"@type\":\"Organization\",\"@id\":\"https:\/\/www.matts-guitar-shop.com\/nl\/#organization\",\"name\":\"matts-guitar-shop.com\",\"url\":\"https:\/\/www.matts-guitar-shop.com\/nl\/\",\"logo\":{\"@type\":\"ImageObject\",\"inLanguage\":\"nl-NL\",\"@id\":\"https:\/\/www.matts-guitar-shop.com\/nl\/#\/schema\/logo\/image\/\",\"url\":\"https:\/\/www.matts-guitar-shop.com\/wp-content\/uploads\/2024\/09\/MGS-logo-site-02.png\",\"contentUrl\":\"https:\/\/www.matts-guitar-shop.com\/wp-content\/uploads\/2024\/09\/MGS-logo-site-02.png\",\"width\":200,\"height\":122,\"caption\":\"matts-guitar-shop.com\"},\"image\":{\"@id\":\"https:\/\/www.matts-guitar-shop.com\/nl\/#\/schema\/logo\/image\/\"},\"sameAs\":[\"https:\/\/www.facebook.com\/profile.php?id=100044359842817\",\"https:\/\/www.instagram.com\/mattsguitarshop\/\",\"https:\/\/www.youtube.com\/@MattLucasMan\/videos\"]}]}<\/script>\n<!-- \/ Yoast SEO plugin. -->","yoast_head_json":{"title":"Taxatie en inkoop - Matt&#039;s Guitar Shop","robots":{"index":"index","follow":"follow","max-snippet":"max-snippet:-1","max-image-preview":"max-image-preview:large","max-video-preview":"max-video-preview:-1"},"canonical":"https:\/\/www.matts-guitar-shop.com\/nl\/taxatie-en-inkoop\/","og_locale":"nl_NL","og_type":"article","og_title":"Taxatie en inkoop - Matt&#039;s Guitar Shop","og_description":"Matt\u2019s Guitar Shop is al meerdere jaren een belangrijke speler op de markt van muziekinstrumenten. In de loop der tijd heeft het een zeer gespecialiseerde expertise opgebouwd, waardoor het muziekinstrumenten nauwkeurig kan taxeren. Door de specialisatie in zeldzame vintage instrumenten en artiestenmateriaal heeft het bedrijf talrijke uitzonderlijke stukken kunnen authenticeren en verkopen, waarbij het zijn [&hellip;]","og_url":"https:\/\/www.matts-guitar-shop.com\/nl\/taxatie-en-inkoop\/","og_site_name":"Matt&#039;s Guitar Shop","article_publisher":"https:\/\/www.facebook.com\/profile.php?id=100044359842817","article_modified_time":"2026-04-24T19:41:54+00:00","twitter_card":"summary_large_image","twitter_misc":{"Geschatte leestijd":"8 minuut"},"schema":{"@context":"https:\/\/schema.org","@graph":[{"@type":"WebPage","@id":"https:\/\/www.matts-guitar-shop.com\/nl\/taxatie-en-inkoop\/","url":"https:\/\/www.matts-guitar-shop.com\/nl\/taxatie-en-inkoop\/","name":"Taxatie en inkoop - Matt&#039;s Guitar Shop","isPartOf":{"@id":"https:\/\/www.matts-guitar-shop.com\/nl\/#website"},"datePublished":"2024-09-05T14:53:35+00:00","dateModified":"2026-04-24T19:41:54+00:00","breadcrumb":{"@id":"https:\/\/www.matts-guitar-shop.com\/nl\/taxatie-en-inkoop\/#breadcrumb"},"inLanguage":"nl-NL","potentialAction":[{"@type":"ReadAction","target":["https:\/\/www.matts-guitar-shop.com\/nl\/taxatie-en-inkoop\/"]}]},{"@type":"BreadcrumbList","@id":"https:\/\/www.matts-guitar-shop.com\/nl\/taxatie-en-inkoop\/#breadcrumb","itemListElement":[{"@type":"ListItem","position":1,"name":"Home","item":"https:\/\/www.matts-guitar-shop.com\/nl\/"},{"@type":"ListItem","position":2,"name":"Taxatie en inkoop"}]},{"@type":"WebSite","@id":"https:\/\/www.matts-guitar-shop.com\/nl\/#website","url":"https:\/\/www.matts-guitar-shop.com\/nl\/","name":"matts-guitar-shop.com","description":"Guitar Shop","publisher":{"@id":"https:\/\/www.matts-guitar-shop.com\/nl\/#organization"},"potentialAction":[{"@type":"SearchAction","target":{"@type":"EntryPoint","urlTemplate":"https:\/\/www.matts-guitar-shop.com\/nl\/?s={search_term_string}"},"query-input":{"@type":"PropertyValueSpecification","valueRequired":true,"valueName":"search_term_string"}}],"inLanguage":"nl-NL"},{"@type":"Organization","@id":"https:\/\/www.matts-guitar-shop.com\/nl\/#organization","name":"matts-guitar-shop.com","url":"https:\/\/www.matts-guitar-shop.com\/nl\/","logo":{"@type":"ImageObject","inLanguage":"nl-NL","@id":"https:\/\/www.matts-guitar-shop.com\/nl\/#\/schema\/logo\/image\/","url":"https:\/\/www.matts-guitar-shop.com\/wp-content\/uploads\/2024\/09\/MGS-logo-site-02.png","contentUrl":"https:\/\/www.matts-guitar-shop.com\/wp-content\/uploads\/2024\/09\/MGS-logo-site-02.png","width":200,"height":122,"caption":"matts-guitar-shop.com"},"image":{"@id":"https:\/\/www.matts-guitar-shop.com\/nl\/#\/schema\/logo\/image\/"},"sameAs":["https:\/\/www.facebook.com\/profile.php?id=100044359842817","https:\/\/www.instagram.com\/mattsguitarshop\/","https:\/\/www.youtube.com\/@MattLucasMan\/videos"]}]}},"_links":{"self":[{"href":"https:\/\/www.matts-guitar-shop.com\/nl\/wp-json\/wp\/v2\/pages\/24554","targetHints":{"allow":["GET"]}}],"collection":[{"href":"https:\/\/www.matts-guitar-shop.com\/nl\/wp-json\/wp\/v2\/pages"}],"about":[{"href":"https:\/\/www.matts-guitar-shop.com\/nl\/wp-json\/wp\/v2\/types\/page"}],"author":[{"embeddable":true,"href":"https:\/\/www.matts-guitar-shop.com\/nl\/wp-json\/wp\/v2\/users\/2"}],"replies":[{"embeddable":true,"href":"https:\/\/www.matts-guitar-shop.com\/nl\/wp-json\/wp\/v2\/comments?post=24554"}],"version-history":[{"count":28,"href":"https:\/\/www.matts-guitar-shop.com\/nl\/wp-json\/wp\/v2\/pages\/24554\/revisions"}],"predecessor-version":[{"id":36371,"href":"https:\/\/www.matts-guitar-shop.com\/nl\/wp-json\/wp\/v2\/pages\/24554\/revisions\/36371"}],"wp:attachment":[{"href":"https:\/\/www.matts-guitar-shop.com\/nl\/wp-json\/wp\/v2\/media?parent=24554"}],"curies":[{"name":"wp","href":"https:\/\/api.w.org\/{rel}","templated":true}]}}