{"id":33745,"date":"2026-04-09T20:43:04","date_gmt":"2026-04-09T18:43:04","guid":{"rendered":"https:\/\/www.matts-guitar-shop.com\/?post_type=product&#038;p=33745"},"modified":"2026-04-09T20:43:04","modified_gmt":"2026-04-09T18:43:04","slug":"gretsch-1963-country-gentleman","status":"publish","type":"product","link":"https:\/\/www.matts-guitar-shop.com\/it\/produit\/gretsch-1963-country-gentleman\/","title":{"rendered":"Gretsch 1963 Country Gentleman"},"content":{"rendered":"","protected":false},"excerpt":{"rendered":"<p>Issue d&#8217;une commande sp\u00e9ciale de 1963, cette Gretsch Country Gentleman compte parmi les exemplaires les plus rares et convoit\u00e9s jamais produits par la marque. Sa finition noire sur mesure, rehauss\u00e9e d&#8217;un accastillage dor\u00e9, lui conf\u00e8re une \u00e9l\u00e9gance naturelle et une distinction imm\u00e9diate, le tout pr\u00e9serv\u00e9 dans un \u00e9tat de conservation exceptionnel. Accompagn\u00e9e de son \u00e9tui rigide d&#8217;origine, elle r\u00e9pond aux exigences les plus strictes en mati\u00e8re d&#8217;authenticit\u00e9. Au-del\u00e0 de son esth\u00e9tique, l&#8217;instrument impressionne par une signature sonore ouverte, pr\u00e9cise et profonde, offrant une clart\u00e9 et un \u00e9quilibre exemplaire. Il s&#8217;agit sans conteste de l&#8217;une des meilleures Gretsch pass\u00e9es entre nos mains ces derni\u00e8res ann\u00e9es, une pi\u00e8ce d&#8217;une importance rare destin\u00e9e aux collectionneurs avertis et aux musiciens en qu\u00eate de l&#8217;exceptionnel.<\/p>\n","protected":false},"featured_media":33746,"comment_status":"closed","ping_status":"closed","template":"","meta":{"_et_pb_use_builder":"","_et_pb_old_content":"","_et_gb_content_width":""},"product_brand":[],"product_cat":[123,152],"product_tag":[],"class_list":{"0":"post-33745","1":"product","2":"type-product","3":"status-publish","4":"has-post-thumbnail","6":"product_cat-guitares-electriques","7":"product_cat-guitares","8":"pa_disponibilite-en-vente","9":"pa_marque-gretsch","11":"first","12":"instock","13":"shipping-taxable","14":"purchasable","15":"product-type-simple"},"yoast_head":"<!-- This site is optimized with the Yoast SEO plugin v26.8 - https:\/\/yoast.com\/product\/yoast-seo-wordpress\/ -->\n<title>Gretsch 1963 Country Gentleman - Matt&#039;s Guitar Shop<\/title>\n<meta name=\"robots\" content=\"index, follow, max-snippet:-1, max-image-preview:large, max-video-preview:-1\" \/>\n<link rel=\"canonical\" href=\"https:\/\/www.matts-guitar-shop.com\/it\/produit\/gretsch-1963-country-gentleman\/\" \/>\n<meta property=\"og:locale\" content=\"it_IT\" \/>\n<meta property=\"og:type\" content=\"article\" \/>\n<meta property=\"og:title\" content=\"Gretsch 1963 Country Gentleman - Matt&#039;s Guitar Shop\" \/>\n<meta property=\"og:description\" content=\"Issue d&#039;une commande sp\u00e9ciale de 1963, cette Gretsch Country Gentleman compte parmi les exemplaires les plus rares et convoit\u00e9s jamais produits par la marque. Sa finition noire sur mesure, rehauss\u00e9e d&#039;un accastillage dor\u00e9, lui conf\u00e8re une \u00e9l\u00e9gance naturelle et une distinction imm\u00e9diate, le tout pr\u00e9serv\u00e9 dans un \u00e9tat de conservation exceptionnel. Accompagn\u00e9e de son \u00e9tui rigide d&#039;origine, elle r\u00e9pond aux exigences les plus strictes en mati\u00e8re d&#039;authenticit\u00e9. Au-del\u00e0 de son esth\u00e9tique, l&#039;instrument impressionne par une signature sonore ouverte, pr\u00e9cise et profonde, offrant une clart\u00e9 et un \u00e9quilibre exemplaire. Il s&#039;agit sans conteste de l&#039;une des meilleures Gretsch pass\u00e9es entre nos mains ces derni\u00e8res ann\u00e9es, une pi\u00e8ce d&#039;une importance rare destin\u00e9e aux collectionneurs avertis et aux musiciens en qu\u00eate de l&#039;exceptionnel.\" \/>\n<meta property=\"og:url\" content=\"https:\/\/www.matts-guitar-shop.com\/it\/produit\/gretsch-1963-country-gentleman\/\" \/>\n<meta property=\"og:site_name\" content=\"Matt&#039;s Guitar Shop\" \/>\n<meta property=\"article:publisher\" content=\"https:\/\/www.facebook.com\/profile.php?id=100044359842817\" \/>\n<meta property=\"og:image\" content=\"https:\/\/www.matts-guitar-shop.com\/wp-content\/uploads\/2026\/04\/Gretsch-1963-Country-Gentleman-01.jpg\" \/>\n\t<meta property=\"og:image:width\" content=\"800\" \/>\n\t<meta property=\"og:image:height\" content=\"1200\" \/>\n\t<meta property=\"og:image:type\" content=\"image\/jpeg\" \/>\n<meta name=\"twitter:card\" content=\"summary_large_image\" \/>\n<meta name=\"twitter:label1\" content=\"Tempo di lettura stimato\" \/>\n\t<meta name=\"twitter:data1\" content=\"1 minuto\" \/>\n<script type=\"application\/ld+json\" class=\"yoast-schema-graph\">{\"@context\":\"https:\/\/schema.org\",\"@graph\":[{\"@type\":\"WebPage\",\"@id\":\"https:\/\/www.matts-guitar-shop.com\/it\/produit\/gretsch-1963-country-gentleman\/\",\"url\":\"https:\/\/www.matts-guitar-shop.com\/it\/produit\/gretsch-1963-country-gentleman\/\",\"name\":\"Gretsch 1963 Country Gentleman - Matt&#039;s Guitar Shop\",\"isPartOf\":{\"@id\":\"https:\/\/www.matts-guitar-shop.com\/it\/#website\"},\"primaryImageOfPage\":{\"@id\":\"https:\/\/www.matts-guitar-shop.com\/it\/produit\/gretsch-1963-country-gentleman\/#primaryimage\"},\"image\":{\"@id\":\"https:\/\/www.matts-guitar-shop.com\/it\/produit\/gretsch-1963-country-gentleman\/#primaryimage\"},\"thumbnailUrl\":\"https:\/\/www.matts-guitar-shop.com\/wp-content\/uploads\/2026\/04\/Gretsch-1963-Country-Gentleman-01.jpg\",\"datePublished\":\"2026-04-09T18:43:04+00:00\",\"breadcrumb\":{\"@id\":\"https:\/\/www.matts-guitar-shop.com\/it\/produit\/gretsch-1963-country-gentleman\/#breadcrumb\"},\"inLanguage\":\"it-IT\",\"potentialAction\":[{\"@type\":\"ReadAction\",\"target\":[\"https:\/\/www.matts-guitar-shop.com\/it\/produit\/gretsch-1963-country-gentleman\/\"]}]},{\"@type\":\"ImageObject\",\"inLanguage\":\"it-IT\",\"@id\":\"https:\/\/www.matts-guitar-shop.com\/it\/produit\/gretsch-1963-country-gentleman\/#primaryimage\",\"url\":\"https:\/\/www.matts-guitar-shop.com\/wp-content\/uploads\/2026\/04\/Gretsch-1963-Country-Gentleman-01.jpg\",\"contentUrl\":\"https:\/\/www.matts-guitar-shop.com\/wp-content\/uploads\/2026\/04\/Gretsch-1963-Country-Gentleman-01.jpg\",\"width\":800,\"height\":1200},{\"@type\":\"BreadcrumbList\",\"@id\":\"https:\/\/www.matts-guitar-shop.com\/it\/produit\/gretsch-1963-country-gentleman\/#breadcrumb\",\"itemListElement\":[{\"@type\":\"ListItem\",\"position\":1,\"name\":\"Home\",\"item\":\"https:\/\/www.matts-guitar-shop.com\/it\/\"},{\"@type\":\"ListItem\",\"position\":2,\"name\":\"I nostri prodotti\",\"item\":\"https:\/\/www.matts-guitar-shop.com\/nos-produits\/\"},{\"@type\":\"ListItem\",\"position\":3,\"name\":\"Gretsch 1963 Country Gentleman\"}]},{\"@type\":\"WebSite\",\"@id\":\"https:\/\/www.matts-guitar-shop.com\/it\/#website\",\"url\":\"https:\/\/www.matts-guitar-shop.com\/it\/\",\"name\":\"matts-guitar-shop.com\",\"description\":\"Guitar Shop\",\"publisher\":{\"@id\":\"https:\/\/www.matts-guitar-shop.com\/it\/#organization\"},\"potentialAction\":[{\"@type\":\"SearchAction\",\"target\":{\"@type\":\"EntryPoint\",\"urlTemplate\":\"https:\/\/www.matts-guitar-shop.com\/it\/?s={search_term_string}\"},\"query-input\":{\"@type\":\"PropertyValueSpecification\",\"valueRequired\":true,\"valueName\":\"search_term_string\"}}],\"inLanguage\":\"it-IT\"},{\"@type\":\"Organization\",\"@id\":\"https:\/\/www.matts-guitar-shop.com\/it\/#organization\",\"name\":\"matts-guitar-shop.com\",\"url\":\"https:\/\/www.matts-guitar-shop.com\/it\/\",\"logo\":{\"@type\":\"ImageObject\",\"inLanguage\":\"it-IT\",\"@id\":\"https:\/\/www.matts-guitar-shop.com\/it\/#\/schema\/logo\/image\/\",\"url\":\"https:\/\/www.matts-guitar-shop.com\/wp-content\/uploads\/2024\/09\/MGS-logo-site-02.png\",\"contentUrl\":\"https:\/\/www.matts-guitar-shop.com\/wp-content\/uploads\/2024\/09\/MGS-logo-site-02.png\",\"width\":200,\"height\":122,\"caption\":\"matts-guitar-shop.com\"},\"image\":{\"@id\":\"https:\/\/www.matts-guitar-shop.com\/it\/#\/schema\/logo\/image\/\"},\"sameAs\":[\"https:\/\/www.facebook.com\/profile.php?id=100044359842817\",\"https:\/\/www.instagram.com\/mattsguitarshop\/\",\"https:\/\/www.youtube.com\/@MattLucasMan\/videos\"]}]}<\/script>\n<!-- \/ Yoast SEO plugin. -->","yoast_head_json":{"title":"Gretsch 1963 Country Gentleman - Matt&#039;s Guitar Shop","robots":{"index":"index","follow":"follow","max-snippet":"max-snippet:-1","max-image-preview":"max-image-preview:large","max-video-preview":"max-video-preview:-1"},"canonical":"https:\/\/www.matts-guitar-shop.com\/it\/produit\/gretsch-1963-country-gentleman\/","og_locale":"it_IT","og_type":"article","og_title":"Gretsch 1963 Country Gentleman - Matt&#039;s Guitar Shop","og_description":"Issue d'une commande sp\u00e9ciale de 1963, cette Gretsch Country Gentleman compte parmi les exemplaires les plus rares et convoit\u00e9s jamais produits par la marque. Sa finition noire sur mesure, rehauss\u00e9e d'un accastillage dor\u00e9, lui conf\u00e8re une \u00e9l\u00e9gance naturelle et une distinction imm\u00e9diate, le tout pr\u00e9serv\u00e9 dans un \u00e9tat de conservation exceptionnel. Accompagn\u00e9e de son \u00e9tui rigide d'origine, elle r\u00e9pond aux exigences les plus strictes en mati\u00e8re d'authenticit\u00e9. Au-del\u00e0 de son esth\u00e9tique, l'instrument impressionne par une signature sonore ouverte, pr\u00e9cise et profonde, offrant une clart\u00e9 et un \u00e9quilibre exemplaire. Il s'agit sans conteste de l'une des meilleures Gretsch pass\u00e9es entre nos mains ces derni\u00e8res ann\u00e9es, une pi\u00e8ce d'une importance rare destin\u00e9e aux collectionneurs avertis et aux musiciens en qu\u00eate de l'exceptionnel.","og_url":"https:\/\/www.matts-guitar-shop.com\/it\/produit\/gretsch-1963-country-gentleman\/","og_site_name":"Matt&#039;s Guitar Shop","article_publisher":"https:\/\/www.facebook.com\/profile.php?id=100044359842817","og_image":[{"width":800,"height":1200,"url":"https:\/\/www.matts-guitar-shop.com\/wp-content\/uploads\/2026\/04\/Gretsch-1963-Country-Gentleman-01.jpg","type":"image\/jpeg"}],"twitter_card":"summary_large_image","twitter_misc":{"Tempo di lettura stimato":"1 minuto"},"schema":{"@context":"https:\/\/schema.org","@graph":[{"@type":"WebPage","@id":"https:\/\/www.matts-guitar-shop.com\/it\/produit\/gretsch-1963-country-gentleman\/","url":"https:\/\/www.matts-guitar-shop.com\/it\/produit\/gretsch-1963-country-gentleman\/","name":"Gretsch 1963 Country Gentleman - Matt&#039;s Guitar Shop","isPartOf":{"@id":"https:\/\/www.matts-guitar-shop.com\/it\/#website"},"primaryImageOfPage":{"@id":"https:\/\/www.matts-guitar-shop.com\/it\/produit\/gretsch-1963-country-gentleman\/#primaryimage"},"image":{"@id":"https:\/\/www.matts-guitar-shop.com\/it\/produit\/gretsch-1963-country-gentleman\/#primaryimage"},"thumbnailUrl":"https:\/\/www.matts-guitar-shop.com\/wp-content\/uploads\/2026\/04\/Gretsch-1963-Country-Gentleman-01.jpg","datePublished":"2026-04-09T18:43:04+00:00","breadcrumb":{"@id":"https:\/\/www.matts-guitar-shop.com\/it\/produit\/gretsch-1963-country-gentleman\/#breadcrumb"},"inLanguage":"it-IT","potentialAction":[{"@type":"ReadAction","target":["https:\/\/www.matts-guitar-shop.com\/it\/produit\/gretsch-1963-country-gentleman\/"]}]},{"@type":"ImageObject","inLanguage":"it-IT","@id":"https:\/\/www.matts-guitar-shop.com\/it\/produit\/gretsch-1963-country-gentleman\/#primaryimage","url":"https:\/\/www.matts-guitar-shop.com\/wp-content\/uploads\/2026\/04\/Gretsch-1963-Country-Gentleman-01.jpg","contentUrl":"https:\/\/www.matts-guitar-shop.com\/wp-content\/uploads\/2026\/04\/Gretsch-1963-Country-Gentleman-01.jpg","width":800,"height":1200},{"@type":"BreadcrumbList","@id":"https:\/\/www.matts-guitar-shop.com\/it\/produit\/gretsch-1963-country-gentleman\/#breadcrumb","itemListElement":[{"@type":"ListItem","position":1,"name":"Home","item":"https:\/\/www.matts-guitar-shop.com\/it\/"},{"@type":"ListItem","position":2,"name":"I nostri prodotti","item":"https:\/\/www.matts-guitar-shop.com\/nos-produits\/"},{"@type":"ListItem","position":3,"name":"Gretsch 1963 Country Gentleman"}]},{"@type":"WebSite","@id":"https:\/\/www.matts-guitar-shop.com\/it\/#website","url":"https:\/\/www.matts-guitar-shop.com\/it\/","name":"matts-guitar-shop.com","description":"Guitar Shop","publisher":{"@id":"https:\/\/www.matts-guitar-shop.com\/it\/#organization"},"potentialAction":[{"@type":"SearchAction","target":{"@type":"EntryPoint","urlTemplate":"https:\/\/www.matts-guitar-shop.com\/it\/?s={search_term_string}"},"query-input":{"@type":"PropertyValueSpecification","valueRequired":true,"valueName":"search_term_string"}}],"inLanguage":"it-IT"},{"@type":"Organization","@id":"https:\/\/www.matts-guitar-shop.com\/it\/#organization","name":"matts-guitar-shop.com","url":"https:\/\/www.matts-guitar-shop.com\/it\/","logo":{"@type":"ImageObject","inLanguage":"it-IT","@id":"https:\/\/www.matts-guitar-shop.com\/it\/#\/schema\/logo\/image\/","url":"https:\/\/www.matts-guitar-shop.com\/wp-content\/uploads\/2024\/09\/MGS-logo-site-02.png","contentUrl":"https:\/\/www.matts-guitar-shop.com\/wp-content\/uploads\/2024\/09\/MGS-logo-site-02.png","width":200,"height":122,"caption":"matts-guitar-shop.com"},"image":{"@id":"https:\/\/www.matts-guitar-shop.com\/it\/#\/schema\/logo\/image\/"},"sameAs":["https:\/\/www.facebook.com\/profile.php?id=100044359842817","https:\/\/www.instagram.com\/mattsguitarshop\/","https:\/\/www.youtube.com\/@MattLucasMan\/videos"]}]}},"_links":{"self":[{"href":"https:\/\/www.matts-guitar-shop.com\/it\/wp-json\/wp\/v2\/product\/33745","targetHints":{"allow":["GET"]}}],"collection":[{"href":"https:\/\/www.matts-guitar-shop.com\/it\/wp-json\/wp\/v2\/product"}],"about":[{"href":"https:\/\/www.matts-guitar-shop.com\/it\/wp-json\/wp\/v2\/types\/product"}],"replies":[{"embeddable":true,"href":"https:\/\/www.matts-guitar-shop.com\/it\/wp-json\/wp\/v2\/comments?post=33745"}],"wp:featuredmedia":[{"embeddable":true,"href":"https:\/\/www.matts-guitar-shop.com\/it\/wp-json\/wp\/v2\/media\/33746"}],"wp:attachment":[{"href":"https:\/\/www.matts-guitar-shop.com\/it\/wp-json\/wp\/v2\/media?parent=33745"}],"wp:term":[{"taxonomy":"product_brand","embeddable":true,"href":"https:\/\/www.matts-guitar-shop.com\/it\/wp-json\/wp\/v2\/product_brand?post=33745"},{"taxonomy":"product_cat","embeddable":true,"href":"https:\/\/www.matts-guitar-shop.com\/it\/wp-json\/wp\/v2\/product_cat?post=33745"},{"taxonomy":"product_tag","embeddable":true,"href":"https:\/\/www.matts-guitar-shop.com\/it\/wp-json\/wp\/v2\/product_tag?post=33745"}],"curies":[{"name":"wp","href":"https:\/\/api.w.org\/{rel}","templated":true}]}}