{"id":33122,"date":"2026-04-09T09:25:50","date_gmt":"2026-04-09T07:25:50","guid":{"rendered":"https:\/\/www.matts-guitar-shop.com\/?post_type=product&#038;p=33122"},"modified":"2026-04-09T09:47:04","modified_gmt":"2026-04-09T07:47:04","slug":"fender-stratocaster-cs-64-l-series-journeyman-aged-sunburst","status":"publish","type":"product","link":"https:\/\/www.matts-guitar-shop.com\/it\/produit\/fender-stratocaster-cs-64-l-series-journeyman-aged-sunburst\/","title":{"rendered":"Fender Stratocaster Custom Shop 64 L-Series Journeyman aged sunburst"},"content":{"rendered":"<p>Fender Stratocaster Custom Shop &#8217;64 L-Series Journeyman Aged Sunburst<\/p>\n","protected":false},"excerpt":{"rendered":"<p>Cette Fender Stratocaster Custom Shop puise son inspiration dans les mod\u00e8les \u00ab L-Series \u00bb de 1964, une p\u00e9riode particuli\u00e8rement recherch\u00e9e par les passionn\u00e9s de la marque.<\/p>\n<p>Son vernis Sunburst en finition Journeyman Aged pr\u00e9sente une usure subtile et r\u00e9aliste, sugg\u00e9rant un instrument qui aurait \u00e9t\u00e9 entretenu avec soin \u00e0 travers les d\u00e9cennies.<\/p>\n<p>Il s&#8217;agit d&#8217;une Stratocaster parfaitement \u00e9quilibr\u00e9e, alliant une esth\u00e9tique vintage raffin\u00e9e \u00e0 un confort de jeu moderne, tout en conservant une signature sonore fid\u00e8le \u00e0 l&#8217;\u00e2ge d&#8217;or de l&#8217;\u00e8re pr\u00e9-CBS.<\/p>\n","protected":false},"featured_media":33123,"comment_status":"closed","ping_status":"closed","template":"","meta":{"_et_pb_use_builder":"","_et_pb_old_content":"","_et_gb_content_width":""},"product_brand":[],"product_cat":[123,152],"product_tag":[],"class_list":{"0":"post-33122","1":"product","2":"type-product","3":"status-publish","4":"has-post-thumbnail","6":"product_cat-guitares-electriques","7":"product_cat-guitares","8":"pa_disponibilite-en-vente","9":"pa_marque-fender","11":"first","12":"instock","13":"shipping-taxable","14":"purchasable","15":"product-type-simple"},"yoast_head":"<!-- This site is optimized with the Yoast SEO plugin v26.8 - https:\/\/yoast.com\/product\/yoast-seo-wordpress\/ -->\n<title>Fender Stratocaster Custom Shop 64 L-Series Journeyman aged sunburst - Matt&#039;s Guitar Shop<\/title>\n<meta name=\"robots\" content=\"index, follow, max-snippet:-1, max-image-preview:large, max-video-preview:-1\" \/>\n<link rel=\"canonical\" href=\"https:\/\/www.matts-guitar-shop.com\/it\/produit\/fender-stratocaster-cs-64-l-series-journeyman-aged-sunburst\/\" \/>\n<meta property=\"og:locale\" content=\"it_IT\" \/>\n<meta property=\"og:type\" content=\"article\" \/>\n<meta property=\"og:title\" content=\"Fender Stratocaster Custom Shop 64 L-Series Journeyman aged sunburst - Matt&#039;s Guitar Shop\" \/>\n<meta property=\"og:description\" content=\"Cette Fender Stratocaster Custom Shop puise son inspiration dans les mod\u00e8les \u00ab L-Series \u00bb de 1964, une p\u00e9riode particuli\u00e8rement recherch\u00e9e par les passionn\u00e9s de la marque.  Son vernis Sunburst en finition Journeyman Aged pr\u00e9sente une usure subtile et r\u00e9aliste, sugg\u00e9rant un instrument qui aurait \u00e9t\u00e9 entretenu avec soin \u00e0 travers les d\u00e9cennies.  Il s&#039;agit d&#039;une Stratocaster parfaitement \u00e9quilibr\u00e9e, alliant une esth\u00e9tique vintage raffin\u00e9e \u00e0 un confort de jeu moderne, tout en conservant une signature sonore fid\u00e8le \u00e0 l&#039;\u00e2ge d&#039;or de l&#039;\u00e8re pr\u00e9-CBS.\" \/>\n<meta property=\"og:url\" content=\"https:\/\/www.matts-guitar-shop.com\/it\/produit\/fender-stratocaster-cs-64-l-series-journeyman-aged-sunburst\/\" \/>\n<meta property=\"og:site_name\" content=\"Matt&#039;s Guitar Shop\" \/>\n<meta property=\"article:publisher\" content=\"https:\/\/www.facebook.com\/profile.php?id=100044359842817\" \/>\n<meta property=\"article:modified_time\" content=\"2026-04-09T07:47:04+00:00\" \/>\n<meta property=\"og:image\" content=\"https:\/\/www.matts-guitar-shop.com\/wp-content\/uploads\/2026\/04\/Fender-Stratocaster-Custom-Shop-64-L-Series-Journeyman-Aged-Sunburst-01.jpg\" \/>\n\t<meta property=\"og:image:width\" content=\"800\" \/>\n\t<meta property=\"og:image:height\" content=\"1200\" \/>\n\t<meta property=\"og:image:type\" content=\"image\/jpeg\" \/>\n<meta name=\"twitter:card\" content=\"summary_large_image\" \/>\n<meta name=\"twitter:label1\" content=\"Tempo di lettura stimato\" \/>\n\t<meta name=\"twitter:data1\" content=\"1 minuto\" \/>\n<script type=\"application\/ld+json\" class=\"yoast-schema-graph\">{\"@context\":\"https:\/\/schema.org\",\"@graph\":[{\"@type\":\"WebPage\",\"@id\":\"https:\/\/www.matts-guitar-shop.com\/it\/produit\/fender-stratocaster-cs-64-l-series-journeyman-aged-sunburst\/\",\"url\":\"https:\/\/www.matts-guitar-shop.com\/it\/produit\/fender-stratocaster-cs-64-l-series-journeyman-aged-sunburst\/\",\"name\":\"Fender Stratocaster Custom Shop 64 L-Series Journeyman aged sunburst - Matt&#039;s Guitar Shop\",\"isPartOf\":{\"@id\":\"https:\/\/www.matts-guitar-shop.com\/it\/#website\"},\"primaryImageOfPage\":{\"@id\":\"https:\/\/www.matts-guitar-shop.com\/it\/produit\/fender-stratocaster-cs-64-l-series-journeyman-aged-sunburst\/#primaryimage\"},\"image\":{\"@id\":\"https:\/\/www.matts-guitar-shop.com\/it\/produit\/fender-stratocaster-cs-64-l-series-journeyman-aged-sunburst\/#primaryimage\"},\"thumbnailUrl\":\"https:\/\/www.matts-guitar-shop.com\/wp-content\/uploads\/2026\/04\/Fender-Stratocaster-Custom-Shop-64-L-Series-Journeyman-Aged-Sunburst-01.jpg\",\"datePublished\":\"2026-04-09T07:25:50+00:00\",\"dateModified\":\"2026-04-09T07:47:04+00:00\",\"breadcrumb\":{\"@id\":\"https:\/\/www.matts-guitar-shop.com\/it\/produit\/fender-stratocaster-cs-64-l-series-journeyman-aged-sunburst\/#breadcrumb\"},\"inLanguage\":\"it-IT\",\"potentialAction\":[{\"@type\":\"ReadAction\",\"target\":[\"https:\/\/www.matts-guitar-shop.com\/it\/produit\/fender-stratocaster-cs-64-l-series-journeyman-aged-sunburst\/\"]}]},{\"@type\":\"ImageObject\",\"inLanguage\":\"it-IT\",\"@id\":\"https:\/\/www.matts-guitar-shop.com\/it\/produit\/fender-stratocaster-cs-64-l-series-journeyman-aged-sunburst\/#primaryimage\",\"url\":\"https:\/\/www.matts-guitar-shop.com\/wp-content\/uploads\/2026\/04\/Fender-Stratocaster-Custom-Shop-64-L-Series-Journeyman-Aged-Sunburst-01.jpg\",\"contentUrl\":\"https:\/\/www.matts-guitar-shop.com\/wp-content\/uploads\/2026\/04\/Fender-Stratocaster-Custom-Shop-64-L-Series-Journeyman-Aged-Sunburst-01.jpg\",\"width\":800,\"height\":1200},{\"@type\":\"BreadcrumbList\",\"@id\":\"https:\/\/www.matts-guitar-shop.com\/it\/produit\/fender-stratocaster-cs-64-l-series-journeyman-aged-sunburst\/#breadcrumb\",\"itemListElement\":[{\"@type\":\"ListItem\",\"position\":1,\"name\":\"Home\",\"item\":\"https:\/\/www.matts-guitar-shop.com\/it\/\"},{\"@type\":\"ListItem\",\"position\":2,\"name\":\"I nostri prodotti\",\"item\":\"https:\/\/www.matts-guitar-shop.com\/nos-produits\/\"},{\"@type\":\"ListItem\",\"position\":3,\"name\":\"Fender Stratocaster Custom Shop 64 L-Series Journeyman aged sunburst\"}]},{\"@type\":\"WebSite\",\"@id\":\"https:\/\/www.matts-guitar-shop.com\/it\/#website\",\"url\":\"https:\/\/www.matts-guitar-shop.com\/it\/\",\"name\":\"matts-guitar-shop.com\",\"description\":\"Guitar Shop\",\"publisher\":{\"@id\":\"https:\/\/www.matts-guitar-shop.com\/it\/#organization\"},\"potentialAction\":[{\"@type\":\"SearchAction\",\"target\":{\"@type\":\"EntryPoint\",\"urlTemplate\":\"https:\/\/www.matts-guitar-shop.com\/it\/?s={search_term_string}\"},\"query-input\":{\"@type\":\"PropertyValueSpecification\",\"valueRequired\":true,\"valueName\":\"search_term_string\"}}],\"inLanguage\":\"it-IT\"},{\"@type\":\"Organization\",\"@id\":\"https:\/\/www.matts-guitar-shop.com\/it\/#organization\",\"name\":\"matts-guitar-shop.com\",\"url\":\"https:\/\/www.matts-guitar-shop.com\/it\/\",\"logo\":{\"@type\":\"ImageObject\",\"inLanguage\":\"it-IT\",\"@id\":\"https:\/\/www.matts-guitar-shop.com\/it\/#\/schema\/logo\/image\/\",\"url\":\"https:\/\/www.matts-guitar-shop.com\/wp-content\/uploads\/2024\/09\/MGS-logo-site-02.png\",\"contentUrl\":\"https:\/\/www.matts-guitar-shop.com\/wp-content\/uploads\/2024\/09\/MGS-logo-site-02.png\",\"width\":200,\"height\":122,\"caption\":\"matts-guitar-shop.com\"},\"image\":{\"@id\":\"https:\/\/www.matts-guitar-shop.com\/it\/#\/schema\/logo\/image\/\"},\"sameAs\":[\"https:\/\/www.facebook.com\/profile.php?id=100044359842817\",\"https:\/\/www.instagram.com\/mattsguitarshop\/\",\"https:\/\/www.youtube.com\/@MattLucasMan\/videos\"]}]}<\/script>\n<!-- \/ Yoast SEO plugin. -->","yoast_head_json":{"title":"Fender Stratocaster Custom Shop 64 L-Series Journeyman aged sunburst - Matt&#039;s Guitar Shop","robots":{"index":"index","follow":"follow","max-snippet":"max-snippet:-1","max-image-preview":"max-image-preview:large","max-video-preview":"max-video-preview:-1"},"canonical":"https:\/\/www.matts-guitar-shop.com\/it\/produit\/fender-stratocaster-cs-64-l-series-journeyman-aged-sunburst\/","og_locale":"it_IT","og_type":"article","og_title":"Fender Stratocaster Custom Shop 64 L-Series Journeyman aged sunburst - Matt&#039;s Guitar Shop","og_description":"Cette Fender Stratocaster Custom Shop puise son inspiration dans les mod\u00e8les \u00ab L-Series \u00bb de 1964, une p\u00e9riode particuli\u00e8rement recherch\u00e9e par les passionn\u00e9s de la marque.  Son vernis Sunburst en finition Journeyman Aged pr\u00e9sente une usure subtile et r\u00e9aliste, sugg\u00e9rant un instrument qui aurait \u00e9t\u00e9 entretenu avec soin \u00e0 travers les d\u00e9cennies.  Il s'agit d'une Stratocaster parfaitement \u00e9quilibr\u00e9e, alliant une esth\u00e9tique vintage raffin\u00e9e \u00e0 un confort de jeu moderne, tout en conservant une signature sonore fid\u00e8le \u00e0 l'\u00e2ge d'or de l'\u00e8re pr\u00e9-CBS.","og_url":"https:\/\/www.matts-guitar-shop.com\/it\/produit\/fender-stratocaster-cs-64-l-series-journeyman-aged-sunburst\/","og_site_name":"Matt&#039;s Guitar Shop","article_publisher":"https:\/\/www.facebook.com\/profile.php?id=100044359842817","article_modified_time":"2026-04-09T07:47:04+00:00","og_image":[{"width":800,"height":1200,"url":"https:\/\/www.matts-guitar-shop.com\/wp-content\/uploads\/2026\/04\/Fender-Stratocaster-Custom-Shop-64-L-Series-Journeyman-Aged-Sunburst-01.jpg","type":"image\/jpeg"}],"twitter_card":"summary_large_image","twitter_misc":{"Tempo di lettura stimato":"1 minuto"},"schema":{"@context":"https:\/\/schema.org","@graph":[{"@type":"WebPage","@id":"https:\/\/www.matts-guitar-shop.com\/it\/produit\/fender-stratocaster-cs-64-l-series-journeyman-aged-sunburst\/","url":"https:\/\/www.matts-guitar-shop.com\/it\/produit\/fender-stratocaster-cs-64-l-series-journeyman-aged-sunburst\/","name":"Fender Stratocaster Custom Shop 64 L-Series Journeyman aged sunburst - Matt&#039;s Guitar Shop","isPartOf":{"@id":"https:\/\/www.matts-guitar-shop.com\/it\/#website"},"primaryImageOfPage":{"@id":"https:\/\/www.matts-guitar-shop.com\/it\/produit\/fender-stratocaster-cs-64-l-series-journeyman-aged-sunburst\/#primaryimage"},"image":{"@id":"https:\/\/www.matts-guitar-shop.com\/it\/produit\/fender-stratocaster-cs-64-l-series-journeyman-aged-sunburst\/#primaryimage"},"thumbnailUrl":"https:\/\/www.matts-guitar-shop.com\/wp-content\/uploads\/2026\/04\/Fender-Stratocaster-Custom-Shop-64-L-Series-Journeyman-Aged-Sunburst-01.jpg","datePublished":"2026-04-09T07:25:50+00:00","dateModified":"2026-04-09T07:47:04+00:00","breadcrumb":{"@id":"https:\/\/www.matts-guitar-shop.com\/it\/produit\/fender-stratocaster-cs-64-l-series-journeyman-aged-sunburst\/#breadcrumb"},"inLanguage":"it-IT","potentialAction":[{"@type":"ReadAction","target":["https:\/\/www.matts-guitar-shop.com\/it\/produit\/fender-stratocaster-cs-64-l-series-journeyman-aged-sunburst\/"]}]},{"@type":"ImageObject","inLanguage":"it-IT","@id":"https:\/\/www.matts-guitar-shop.com\/it\/produit\/fender-stratocaster-cs-64-l-series-journeyman-aged-sunburst\/#primaryimage","url":"https:\/\/www.matts-guitar-shop.com\/wp-content\/uploads\/2026\/04\/Fender-Stratocaster-Custom-Shop-64-L-Series-Journeyman-Aged-Sunburst-01.jpg","contentUrl":"https:\/\/www.matts-guitar-shop.com\/wp-content\/uploads\/2026\/04\/Fender-Stratocaster-Custom-Shop-64-L-Series-Journeyman-Aged-Sunburst-01.jpg","width":800,"height":1200},{"@type":"BreadcrumbList","@id":"https:\/\/www.matts-guitar-shop.com\/it\/produit\/fender-stratocaster-cs-64-l-series-journeyman-aged-sunburst\/#breadcrumb","itemListElement":[{"@type":"ListItem","position":1,"name":"Home","item":"https:\/\/www.matts-guitar-shop.com\/it\/"},{"@type":"ListItem","position":2,"name":"I nostri prodotti","item":"https:\/\/www.matts-guitar-shop.com\/nos-produits\/"},{"@type":"ListItem","position":3,"name":"Fender Stratocaster Custom Shop 64 L-Series Journeyman aged sunburst"}]},{"@type":"WebSite","@id":"https:\/\/www.matts-guitar-shop.com\/it\/#website","url":"https:\/\/www.matts-guitar-shop.com\/it\/","name":"matts-guitar-shop.com","description":"Guitar Shop","publisher":{"@id":"https:\/\/www.matts-guitar-shop.com\/it\/#organization"},"potentialAction":[{"@type":"SearchAction","target":{"@type":"EntryPoint","urlTemplate":"https:\/\/www.matts-guitar-shop.com\/it\/?s={search_term_string}"},"query-input":{"@type":"PropertyValueSpecification","valueRequired":true,"valueName":"search_term_string"}}],"inLanguage":"it-IT"},{"@type":"Organization","@id":"https:\/\/www.matts-guitar-shop.com\/it\/#organization","name":"matts-guitar-shop.com","url":"https:\/\/www.matts-guitar-shop.com\/it\/","logo":{"@type":"ImageObject","inLanguage":"it-IT","@id":"https:\/\/www.matts-guitar-shop.com\/it\/#\/schema\/logo\/image\/","url":"https:\/\/www.matts-guitar-shop.com\/wp-content\/uploads\/2024\/09\/MGS-logo-site-02.png","contentUrl":"https:\/\/www.matts-guitar-shop.com\/wp-content\/uploads\/2024\/09\/MGS-logo-site-02.png","width":200,"height":122,"caption":"matts-guitar-shop.com"},"image":{"@id":"https:\/\/www.matts-guitar-shop.com\/it\/#\/schema\/logo\/image\/"},"sameAs":["https:\/\/www.facebook.com\/profile.php?id=100044359842817","https:\/\/www.instagram.com\/mattsguitarshop\/","https:\/\/www.youtube.com\/@MattLucasMan\/videos"]}]}},"_links":{"self":[{"href":"https:\/\/www.matts-guitar-shop.com\/it\/wp-json\/wp\/v2\/product\/33122","targetHints":{"allow":["GET"]}}],"collection":[{"href":"https:\/\/www.matts-guitar-shop.com\/it\/wp-json\/wp\/v2\/product"}],"about":[{"href":"https:\/\/www.matts-guitar-shop.com\/it\/wp-json\/wp\/v2\/types\/product"}],"replies":[{"embeddable":true,"href":"https:\/\/www.matts-guitar-shop.com\/it\/wp-json\/wp\/v2\/comments?post=33122"}],"wp:featuredmedia":[{"embeddable":true,"href":"https:\/\/www.matts-guitar-shop.com\/it\/wp-json\/wp\/v2\/media\/33123"}],"wp:attachment":[{"href":"https:\/\/www.matts-guitar-shop.com\/it\/wp-json\/wp\/v2\/media?parent=33122"}],"wp:term":[{"taxonomy":"product_brand","embeddable":true,"href":"https:\/\/www.matts-guitar-shop.com\/it\/wp-json\/wp\/v2\/product_brand?post=33122"},{"taxonomy":"product_cat","embeddable":true,"href":"https:\/\/www.matts-guitar-shop.com\/it\/wp-json\/wp\/v2\/product_cat?post=33122"},{"taxonomy":"product_tag","embeddable":true,"href":"https:\/\/www.matts-guitar-shop.com\/it\/wp-json\/wp\/v2\/product_tag?post=33122"}],"curies":[{"name":"wp","href":"https:\/\/api.w.org\/{rel}","templated":true}]}}