{"id":31520,"date":"2026-04-05T15:54:00","date_gmt":"2026-04-05T13:54:00","guid":{"rendered":"https:\/\/www.matts-guitar-shop.com\/?post_type=product&#038;p=31520"},"modified":"2026-04-05T16:16:03","modified_gmt":"2026-04-05T14:16:03","slug":"huss-dalton-ds-custom","status":"publish","type":"product","link":"https:\/\/www.matts-guitar-shop.com\/it\/produit\/huss-dalton-ds-custom\/","title":{"rendered":"Huss &#038; Dalton DS Custom"},"content":{"rendered":"","protected":false},"excerpt":{"rendered":"<p>Ce mod\u00e8le Huss &amp; Dalton DS Custom est une relecture exceptionnelle de la dreadnought \u00e0 \u00e9paules tombantes, con\u00e7ue par l&#8217;un des ateliers de lutherie les plus renomm\u00e9s de Virginie, \u00e0 Staunton.<\/p>\n<p>L&#8217;instrument se d\u00e9marque par une silhouette raffin\u00e9e et un sunburst aux nuances profondes, assurant une harmonie parfaite entre volume sonore et pr\u00e9cision des notes. Sa fabrication artisanale permet une r\u00e9activit\u00e9 dynamique remarquable, caract\u00e9ris\u00e9e par des fr\u00e9quences basses enveloppantes et des aigus cristallins, id\u00e9ale pour les musiciens en qu\u00eate d&#8217;une identit\u00e9 sonore marqu\u00e9e. Les finitions haut de gamme, incluant des incrustations de touche \u00e9l\u00e9gantes et un filet de caisse m\u00e9ticuleux, illustrent l&#8217;expertise technique de la marque.<\/p>\n<p>Accompagn\u00e9e de son \u00e9tui rigide de luxe, cette guitare conjugue un design d&#8217;inspiration vintage avec des capacit\u00e9s de jeu contemporaines, pour un usage professionnel en studio ou en concert.<\/p>\n","protected":false},"featured_media":31575,"comment_status":"closed","ping_status":"closed","template":"","meta":{"_et_pb_use_builder":"","_et_pb_old_content":"","_et_gb_content_width":""},"product_brand":[],"product_cat":[124,152],"product_tag":[],"class_list":{"0":"post-31520","1":"product","2":"type-product","3":"status-publish","4":"has-post-thumbnail","6":"product_cat-guitares-acoustiques","7":"product_cat-guitares","8":"pa_disponibilite-en-vente","9":"pa_marque-huss-dalton","11":"first","12":"instock","13":"shipping-taxable","14":"purchasable","15":"product-type-simple"},"yoast_head":"<!-- This site is optimized with the Yoast SEO plugin v26.8 - https:\/\/yoast.com\/product\/yoast-seo-wordpress\/ -->\n<title>Huss &amp; Dalton DS Custom - Matt&#039;s Guitar Shop<\/title>\n<meta name=\"robots\" content=\"index, follow, max-snippet:-1, max-image-preview:large, max-video-preview:-1\" \/>\n<link rel=\"canonical\" href=\"https:\/\/www.matts-guitar-shop.com\/it\/produit\/huss-dalton-ds-custom\/\" \/>\n<meta property=\"og:locale\" content=\"it_IT\" \/>\n<meta property=\"og:type\" content=\"article\" \/>\n<meta property=\"og:title\" content=\"Huss &amp; Dalton DS Custom - Matt&#039;s Guitar Shop\" \/>\n<meta property=\"og:description\" content=\"Ce mod\u00e8le Huss &amp; Dalton DS Custom est une relecture exceptionnelle de la dreadnought \u00e0 \u00e9paules tombantes, con\u00e7ue par l&#039;un des ateliers de lutherie les plus renomm\u00e9s de Virginie, \u00e0 Staunton.  L&#039;instrument se d\u00e9marque par une silhouette raffin\u00e9e et un sunburst aux nuances profondes, assurant une harmonie parfaite entre volume sonore et pr\u00e9cision des notes. Sa fabrication artisanale permet une r\u00e9activit\u00e9 dynamique remarquable, caract\u00e9ris\u00e9e par des fr\u00e9quences basses enveloppantes et des aigus cristallins, id\u00e9ale pour les musiciens en qu\u00eate d&#039;une identit\u00e9 sonore marqu\u00e9e. Les finitions haut de gamme, incluant des incrustations de touche \u00e9l\u00e9gantes et un filet de caisse m\u00e9ticuleux, illustrent l&#039;expertise technique de la marque.  Accompagn\u00e9e de son \u00e9tui rigide de luxe, cette guitare conjugue un design d&#039;inspiration vintage avec des capacit\u00e9s de jeu contemporaines, pour un usage professionnel en studio ou en concert.\" \/>\n<meta property=\"og:url\" content=\"https:\/\/www.matts-guitar-shop.com\/it\/produit\/huss-dalton-ds-custom\/\" \/>\n<meta property=\"og:site_name\" content=\"Matt&#039;s Guitar Shop\" \/>\n<meta property=\"article:publisher\" content=\"https:\/\/www.facebook.com\/profile.php?id=100044359842817\" \/>\n<meta property=\"article:modified_time\" content=\"2026-04-05T14:16:03+00:00\" \/>\n<meta property=\"og:image\" content=\"https:\/\/www.matts-guitar-shop.com\/wp-content\/uploads\/2026\/04\/Huss-Dalton-DS-Custom-01b.jpg\" \/>\n\t<meta property=\"og:image:width\" content=\"801\" \/>\n\t<meta property=\"og:image:height\" content=\"1200\" \/>\n\t<meta property=\"og:image:type\" content=\"image\/jpeg\" \/>\n<meta name=\"twitter:card\" content=\"summary_large_image\" \/>\n<meta name=\"twitter:label1\" content=\"Tempo di lettura stimato\" \/>\n\t<meta name=\"twitter:data1\" content=\"1 minuto\" \/>\n<script type=\"application\/ld+json\" class=\"yoast-schema-graph\">{\"@context\":\"https:\/\/schema.org\",\"@graph\":[{\"@type\":\"WebPage\",\"@id\":\"https:\/\/www.matts-guitar-shop.com\/it\/produit\/huss-dalton-ds-custom\/\",\"url\":\"https:\/\/www.matts-guitar-shop.com\/it\/produit\/huss-dalton-ds-custom\/\",\"name\":\"Huss & Dalton DS Custom - Matt&#039;s Guitar Shop\",\"isPartOf\":{\"@id\":\"https:\/\/www.matts-guitar-shop.com\/it\/#website\"},\"primaryImageOfPage\":{\"@id\":\"https:\/\/www.matts-guitar-shop.com\/it\/produit\/huss-dalton-ds-custom\/#primaryimage\"},\"image\":{\"@id\":\"https:\/\/www.matts-guitar-shop.com\/it\/produit\/huss-dalton-ds-custom\/#primaryimage\"},\"thumbnailUrl\":\"https:\/\/www.matts-guitar-shop.com\/wp-content\/uploads\/2026\/04\/Huss-Dalton-DS-Custom-01b.jpg\",\"datePublished\":\"2026-04-05T13:54:00+00:00\",\"dateModified\":\"2026-04-05T14:16:03+00:00\",\"breadcrumb\":{\"@id\":\"https:\/\/www.matts-guitar-shop.com\/it\/produit\/huss-dalton-ds-custom\/#breadcrumb\"},\"inLanguage\":\"it-IT\",\"potentialAction\":[{\"@type\":\"ReadAction\",\"target\":[\"https:\/\/www.matts-guitar-shop.com\/it\/produit\/huss-dalton-ds-custom\/\"]}]},{\"@type\":\"ImageObject\",\"inLanguage\":\"it-IT\",\"@id\":\"https:\/\/www.matts-guitar-shop.com\/it\/produit\/huss-dalton-ds-custom\/#primaryimage\",\"url\":\"https:\/\/www.matts-guitar-shop.com\/wp-content\/uploads\/2026\/04\/Huss-Dalton-DS-Custom-01b.jpg\",\"contentUrl\":\"https:\/\/www.matts-guitar-shop.com\/wp-content\/uploads\/2026\/04\/Huss-Dalton-DS-Custom-01b.jpg\",\"width\":801,\"height\":1200},{\"@type\":\"BreadcrumbList\",\"@id\":\"https:\/\/www.matts-guitar-shop.com\/it\/produit\/huss-dalton-ds-custom\/#breadcrumb\",\"itemListElement\":[{\"@type\":\"ListItem\",\"position\":1,\"name\":\"Home\",\"item\":\"https:\/\/www.matts-guitar-shop.com\/it\/\"},{\"@type\":\"ListItem\",\"position\":2,\"name\":\"I nostri prodotti\",\"item\":\"https:\/\/www.matts-guitar-shop.com\/nos-produits\/\"},{\"@type\":\"ListItem\",\"position\":3,\"name\":\"Huss &#038; Dalton DS Custom\"}]},{\"@type\":\"WebSite\",\"@id\":\"https:\/\/www.matts-guitar-shop.com\/it\/#website\",\"url\":\"https:\/\/www.matts-guitar-shop.com\/it\/\",\"name\":\"matts-guitar-shop.com\",\"description\":\"Guitar Shop\",\"publisher\":{\"@id\":\"https:\/\/www.matts-guitar-shop.com\/it\/#organization\"},\"potentialAction\":[{\"@type\":\"SearchAction\",\"target\":{\"@type\":\"EntryPoint\",\"urlTemplate\":\"https:\/\/www.matts-guitar-shop.com\/it\/?s={search_term_string}\"},\"query-input\":{\"@type\":\"PropertyValueSpecification\",\"valueRequired\":true,\"valueName\":\"search_term_string\"}}],\"inLanguage\":\"it-IT\"},{\"@type\":\"Organization\",\"@id\":\"https:\/\/www.matts-guitar-shop.com\/it\/#organization\",\"name\":\"matts-guitar-shop.com\",\"url\":\"https:\/\/www.matts-guitar-shop.com\/it\/\",\"logo\":{\"@type\":\"ImageObject\",\"inLanguage\":\"it-IT\",\"@id\":\"https:\/\/www.matts-guitar-shop.com\/it\/#\/schema\/logo\/image\/\",\"url\":\"https:\/\/www.matts-guitar-shop.com\/wp-content\/uploads\/2024\/09\/MGS-logo-site-02.png\",\"contentUrl\":\"https:\/\/www.matts-guitar-shop.com\/wp-content\/uploads\/2024\/09\/MGS-logo-site-02.png\",\"width\":200,\"height\":122,\"caption\":\"matts-guitar-shop.com\"},\"image\":{\"@id\":\"https:\/\/www.matts-guitar-shop.com\/it\/#\/schema\/logo\/image\/\"},\"sameAs\":[\"https:\/\/www.facebook.com\/profile.php?id=100044359842817\",\"https:\/\/www.instagram.com\/mattsguitarshop\/\",\"https:\/\/www.youtube.com\/@MattLucasMan\/videos\"]}]}<\/script>\n<!-- \/ Yoast SEO plugin. -->","yoast_head_json":{"title":"Huss & Dalton DS Custom - Matt&#039;s Guitar Shop","robots":{"index":"index","follow":"follow","max-snippet":"max-snippet:-1","max-image-preview":"max-image-preview:large","max-video-preview":"max-video-preview:-1"},"canonical":"https:\/\/www.matts-guitar-shop.com\/it\/produit\/huss-dalton-ds-custom\/","og_locale":"it_IT","og_type":"article","og_title":"Huss & Dalton DS Custom - Matt&#039;s Guitar Shop","og_description":"Ce mod\u00e8le Huss &amp; Dalton DS Custom est une relecture exceptionnelle de la dreadnought \u00e0 \u00e9paules tombantes, con\u00e7ue par l'un des ateliers de lutherie les plus renomm\u00e9s de Virginie, \u00e0 Staunton.  L'instrument se d\u00e9marque par une silhouette raffin\u00e9e et un sunburst aux nuances profondes, assurant une harmonie parfaite entre volume sonore et pr\u00e9cision des notes. Sa fabrication artisanale permet une r\u00e9activit\u00e9 dynamique remarquable, caract\u00e9ris\u00e9e par des fr\u00e9quences basses enveloppantes et des aigus cristallins, id\u00e9ale pour les musiciens en qu\u00eate d'une identit\u00e9 sonore marqu\u00e9e. Les finitions haut de gamme, incluant des incrustations de touche \u00e9l\u00e9gantes et un filet de caisse m\u00e9ticuleux, illustrent l'expertise technique de la marque.  Accompagn\u00e9e de son \u00e9tui rigide de luxe, cette guitare conjugue un design d'inspiration vintage avec des capacit\u00e9s de jeu contemporaines, pour un usage professionnel en studio ou en concert.","og_url":"https:\/\/www.matts-guitar-shop.com\/it\/produit\/huss-dalton-ds-custom\/","og_site_name":"Matt&#039;s Guitar Shop","article_publisher":"https:\/\/www.facebook.com\/profile.php?id=100044359842817","article_modified_time":"2026-04-05T14:16:03+00:00","og_image":[{"width":801,"height":1200,"url":"https:\/\/www.matts-guitar-shop.com\/wp-content\/uploads\/2026\/04\/Huss-Dalton-DS-Custom-01b.jpg","type":"image\/jpeg"}],"twitter_card":"summary_large_image","twitter_misc":{"Tempo di lettura stimato":"1 minuto"},"schema":{"@context":"https:\/\/schema.org","@graph":[{"@type":"WebPage","@id":"https:\/\/www.matts-guitar-shop.com\/it\/produit\/huss-dalton-ds-custom\/","url":"https:\/\/www.matts-guitar-shop.com\/it\/produit\/huss-dalton-ds-custom\/","name":"Huss & Dalton DS Custom - Matt&#039;s Guitar Shop","isPartOf":{"@id":"https:\/\/www.matts-guitar-shop.com\/it\/#website"},"primaryImageOfPage":{"@id":"https:\/\/www.matts-guitar-shop.com\/it\/produit\/huss-dalton-ds-custom\/#primaryimage"},"image":{"@id":"https:\/\/www.matts-guitar-shop.com\/it\/produit\/huss-dalton-ds-custom\/#primaryimage"},"thumbnailUrl":"https:\/\/www.matts-guitar-shop.com\/wp-content\/uploads\/2026\/04\/Huss-Dalton-DS-Custom-01b.jpg","datePublished":"2026-04-05T13:54:00+00:00","dateModified":"2026-04-05T14:16:03+00:00","breadcrumb":{"@id":"https:\/\/www.matts-guitar-shop.com\/it\/produit\/huss-dalton-ds-custom\/#breadcrumb"},"inLanguage":"it-IT","potentialAction":[{"@type":"ReadAction","target":["https:\/\/www.matts-guitar-shop.com\/it\/produit\/huss-dalton-ds-custom\/"]}]},{"@type":"ImageObject","inLanguage":"it-IT","@id":"https:\/\/www.matts-guitar-shop.com\/it\/produit\/huss-dalton-ds-custom\/#primaryimage","url":"https:\/\/www.matts-guitar-shop.com\/wp-content\/uploads\/2026\/04\/Huss-Dalton-DS-Custom-01b.jpg","contentUrl":"https:\/\/www.matts-guitar-shop.com\/wp-content\/uploads\/2026\/04\/Huss-Dalton-DS-Custom-01b.jpg","width":801,"height":1200},{"@type":"BreadcrumbList","@id":"https:\/\/www.matts-guitar-shop.com\/it\/produit\/huss-dalton-ds-custom\/#breadcrumb","itemListElement":[{"@type":"ListItem","position":1,"name":"Home","item":"https:\/\/www.matts-guitar-shop.com\/it\/"},{"@type":"ListItem","position":2,"name":"I nostri prodotti","item":"https:\/\/www.matts-guitar-shop.com\/nos-produits\/"},{"@type":"ListItem","position":3,"name":"Huss &#038; Dalton DS Custom"}]},{"@type":"WebSite","@id":"https:\/\/www.matts-guitar-shop.com\/it\/#website","url":"https:\/\/www.matts-guitar-shop.com\/it\/","name":"matts-guitar-shop.com","description":"Guitar Shop","publisher":{"@id":"https:\/\/www.matts-guitar-shop.com\/it\/#organization"},"potentialAction":[{"@type":"SearchAction","target":{"@type":"EntryPoint","urlTemplate":"https:\/\/www.matts-guitar-shop.com\/it\/?s={search_term_string}"},"query-input":{"@type":"PropertyValueSpecification","valueRequired":true,"valueName":"search_term_string"}}],"inLanguage":"it-IT"},{"@type":"Organization","@id":"https:\/\/www.matts-guitar-shop.com\/it\/#organization","name":"matts-guitar-shop.com","url":"https:\/\/www.matts-guitar-shop.com\/it\/","logo":{"@type":"ImageObject","inLanguage":"it-IT","@id":"https:\/\/www.matts-guitar-shop.com\/it\/#\/schema\/logo\/image\/","url":"https:\/\/www.matts-guitar-shop.com\/wp-content\/uploads\/2024\/09\/MGS-logo-site-02.png","contentUrl":"https:\/\/www.matts-guitar-shop.com\/wp-content\/uploads\/2024\/09\/MGS-logo-site-02.png","width":200,"height":122,"caption":"matts-guitar-shop.com"},"image":{"@id":"https:\/\/www.matts-guitar-shop.com\/it\/#\/schema\/logo\/image\/"},"sameAs":["https:\/\/www.facebook.com\/profile.php?id=100044359842817","https:\/\/www.instagram.com\/mattsguitarshop\/","https:\/\/www.youtube.com\/@MattLucasMan\/videos"]}]}},"_links":{"self":[{"href":"https:\/\/www.matts-guitar-shop.com\/it\/wp-json\/wp\/v2\/product\/31520","targetHints":{"allow":["GET"]}}],"collection":[{"href":"https:\/\/www.matts-guitar-shop.com\/it\/wp-json\/wp\/v2\/product"}],"about":[{"href":"https:\/\/www.matts-guitar-shop.com\/it\/wp-json\/wp\/v2\/types\/product"}],"replies":[{"embeddable":true,"href":"https:\/\/www.matts-guitar-shop.com\/it\/wp-json\/wp\/v2\/comments?post=31520"}],"wp:featuredmedia":[{"embeddable":true,"href":"https:\/\/www.matts-guitar-shop.com\/it\/wp-json\/wp\/v2\/media\/31575"}],"wp:attachment":[{"href":"https:\/\/www.matts-guitar-shop.com\/it\/wp-json\/wp\/v2\/media?parent=31520"}],"wp:term":[{"taxonomy":"product_brand","embeddable":true,"href":"https:\/\/www.matts-guitar-shop.com\/it\/wp-json\/wp\/v2\/product_brand?post=31520"},{"taxonomy":"product_cat","embeddable":true,"href":"https:\/\/www.matts-guitar-shop.com\/it\/wp-json\/wp\/v2\/product_cat?post=31520"},{"taxonomy":"product_tag","embeddable":true,"href":"https:\/\/www.matts-guitar-shop.com\/it\/wp-json\/wp\/v2\/product_tag?post=31520"}],"curies":[{"name":"wp","href":"https:\/\/api.w.org\/{rel}","templated":true}]}}