{"id":31471,"date":"2026-04-05T15:36:51","date_gmt":"2026-04-05T13:36:51","guid":{"rendered":"https:\/\/www.matts-guitar-shop.com\/?post_type=product&#038;p=31471"},"modified":"2026-04-05T16:01:13","modified_gmt":"2026-04-05T14:01:13","slug":"epiphone-frontier-chris-stapleton-burst-2022","status":"publish","type":"product","link":"https:\/\/www.matts-guitar-shop.com\/it\/produit\/epiphone-frontier-chris-stapleton-burst-2022\/","title":{"rendered":"Epiphone Frontier Chris Stapleton Burst 2022"},"content":{"rendered":"","protected":false},"excerpt":{"rendered":"<p>Ce mod\u00e8le Epiphone Frontier signature Chris Stapleton incarne le savoir-faire acoustique des \u00c9tats-Unis, id\u00e9al pour les sonorit\u00e9s country-rock. Con\u00e7ue avec soin \u00e0 Bozeman, dans le Montana, cette guitare c\u00e9l\u00e8bre l&#8217;h\u00e9ritage historique de la manufacture.<\/p>\n<p>Elle se compose d&#8217;une table en \u00e9pic\u00e9a de Sitka trait\u00e9e thermiquement et d&#8217;un dos ainsi que d&#8217;\u00e9clisses en \u00e9rable ond\u00e9, garantissant une sonorit\u00e9 riche et cristalline qui se bonifiera avec le temps. Son esth\u00e9tique se distingue par une finition Frontier Burst et deux pickguards orn\u00e9s du motif traditionnel \u00ab cactus et cordes \u00bb.<\/p>\n<p>V\u00e9ritable instrument de caract\u00e8re, elle offre une grande polyvalence, allant d&#8217;une douceur subtile \u00e0 une puissance sonore bois\u00e9e et marqu\u00e9e.<\/p>\n","protected":false},"featured_media":31551,"comment_status":"closed","ping_status":"closed","template":"","meta":{"_et_pb_use_builder":"","_et_pb_old_content":"","_et_gb_content_width":""},"product_brand":[],"product_cat":[124,82,152],"product_tag":[],"class_list":{"0":"post-31471","1":"product","2":"type-product","3":"status-publish","4":"has-post-thumbnail","6":"product_cat-guitares-acoustiques","7":"product_cat-artistes","8":"product_cat-guitares","9":"pa_artiste-chris-stapleton","10":"pa_disponibilite-en-vente","11":"pa_marque-epiphone","13":"first","14":"instock","15":"shipping-taxable","16":"purchasable","17":"product-type-simple"},"yoast_head":"<!-- This site is optimized with the Yoast SEO plugin v26.8 - https:\/\/yoast.com\/product\/yoast-seo-wordpress\/ -->\n<title>Epiphone Frontier Chris Stapleton Burst 2022 - Matt&#039;s Guitar Shop<\/title>\n<meta name=\"robots\" content=\"index, follow, max-snippet:-1, max-image-preview:large, max-video-preview:-1\" \/>\n<link rel=\"canonical\" href=\"https:\/\/www.matts-guitar-shop.com\/it\/produit\/epiphone-frontier-chris-stapleton-burst-2022\/\" \/>\n<meta property=\"og:locale\" content=\"it_IT\" \/>\n<meta property=\"og:type\" content=\"article\" \/>\n<meta property=\"og:title\" content=\"Epiphone Frontier Chris Stapleton Burst 2022 - Matt&#039;s Guitar Shop\" \/>\n<meta property=\"og:description\" content=\"Ce mod\u00e8le Epiphone Frontier signature Chris Stapleton incarne le savoir-faire acoustique des \u00c9tats-Unis, id\u00e9al pour les sonorit\u00e9s country-rock. Con\u00e7ue avec soin \u00e0 Bozeman, dans le Montana, cette guitare c\u00e9l\u00e8bre l&#039;h\u00e9ritage historique de la manufacture.  Elle se compose d&#039;une table en \u00e9pic\u00e9a de Sitka trait\u00e9e thermiquement et d&#039;un dos ainsi que d&#039;\u00e9clisses en \u00e9rable ond\u00e9, garantissant une sonorit\u00e9 riche et cristalline qui se bonifiera avec le temps. Son esth\u00e9tique se distingue par une finition Frontier Burst et deux pickguards orn\u00e9s du motif traditionnel \u00ab cactus et cordes \u00bb.  V\u00e9ritable instrument de caract\u00e8re, elle offre une grande polyvalence, allant d&#039;une douceur subtile \u00e0 une puissance sonore bois\u00e9e et marqu\u00e9e.\" \/>\n<meta property=\"og:url\" content=\"https:\/\/www.matts-guitar-shop.com\/it\/produit\/epiphone-frontier-chris-stapleton-burst-2022\/\" \/>\n<meta property=\"og:site_name\" content=\"Matt&#039;s Guitar Shop\" \/>\n<meta property=\"article:publisher\" content=\"https:\/\/www.facebook.com\/profile.php?id=100044359842817\" \/>\n<meta property=\"article:modified_time\" content=\"2026-04-05T14:01:13+00:00\" \/>\n<meta property=\"og:image\" content=\"https:\/\/www.matts-guitar-shop.com\/wp-content\/uploads\/2026\/04\/Epiphone-Frontier-Chris-Stapleton-Burst-2022-01b.jpg\" \/>\n\t<meta property=\"og:image:width\" content=\"800\" \/>\n\t<meta property=\"og:image:height\" content=\"1200\" \/>\n\t<meta property=\"og:image:type\" content=\"image\/jpeg\" \/>\n<meta name=\"twitter:card\" content=\"summary_large_image\" \/>\n<meta name=\"twitter:label1\" content=\"Tempo di lettura stimato\" \/>\n\t<meta name=\"twitter:data1\" content=\"1 minuto\" \/>\n<script type=\"application\/ld+json\" class=\"yoast-schema-graph\">{\"@context\":\"https:\/\/schema.org\",\"@graph\":[{\"@type\":\"WebPage\",\"@id\":\"https:\/\/www.matts-guitar-shop.com\/it\/produit\/epiphone-frontier-chris-stapleton-burst-2022\/\",\"url\":\"https:\/\/www.matts-guitar-shop.com\/it\/produit\/epiphone-frontier-chris-stapleton-burst-2022\/\",\"name\":\"Epiphone Frontier Chris Stapleton Burst 2022 - Matt&#039;s Guitar Shop\",\"isPartOf\":{\"@id\":\"https:\/\/www.matts-guitar-shop.com\/it\/#website\"},\"primaryImageOfPage\":{\"@id\":\"https:\/\/www.matts-guitar-shop.com\/it\/produit\/epiphone-frontier-chris-stapleton-burst-2022\/#primaryimage\"},\"image\":{\"@id\":\"https:\/\/www.matts-guitar-shop.com\/it\/produit\/epiphone-frontier-chris-stapleton-burst-2022\/#primaryimage\"},\"thumbnailUrl\":\"https:\/\/www.matts-guitar-shop.com\/wp-content\/uploads\/2026\/04\/Epiphone-Frontier-Chris-Stapleton-Burst-2022-01b.jpg\",\"datePublished\":\"2026-04-05T13:36:51+00:00\",\"dateModified\":\"2026-04-05T14:01:13+00:00\",\"breadcrumb\":{\"@id\":\"https:\/\/www.matts-guitar-shop.com\/it\/produit\/epiphone-frontier-chris-stapleton-burst-2022\/#breadcrumb\"},\"inLanguage\":\"it-IT\",\"potentialAction\":[{\"@type\":\"ReadAction\",\"target\":[\"https:\/\/www.matts-guitar-shop.com\/it\/produit\/epiphone-frontier-chris-stapleton-burst-2022\/\"]}]},{\"@type\":\"ImageObject\",\"inLanguage\":\"it-IT\",\"@id\":\"https:\/\/www.matts-guitar-shop.com\/it\/produit\/epiphone-frontier-chris-stapleton-burst-2022\/#primaryimage\",\"url\":\"https:\/\/www.matts-guitar-shop.com\/wp-content\/uploads\/2026\/04\/Epiphone-Frontier-Chris-Stapleton-Burst-2022-01b.jpg\",\"contentUrl\":\"https:\/\/www.matts-guitar-shop.com\/wp-content\/uploads\/2026\/04\/Epiphone-Frontier-Chris-Stapleton-Burst-2022-01b.jpg\",\"width\":800,\"height\":1200},{\"@type\":\"BreadcrumbList\",\"@id\":\"https:\/\/www.matts-guitar-shop.com\/it\/produit\/epiphone-frontier-chris-stapleton-burst-2022\/#breadcrumb\",\"itemListElement\":[{\"@type\":\"ListItem\",\"position\":1,\"name\":\"Home\",\"item\":\"https:\/\/www.matts-guitar-shop.com\/it\/\"},{\"@type\":\"ListItem\",\"position\":2,\"name\":\"I nostri prodotti\",\"item\":\"https:\/\/www.matts-guitar-shop.com\/nos-produits\/\"},{\"@type\":\"ListItem\",\"position\":3,\"name\":\"Epiphone Frontier Chris Stapleton Burst 2022\"}]},{\"@type\":\"WebSite\",\"@id\":\"https:\/\/www.matts-guitar-shop.com\/it\/#website\",\"url\":\"https:\/\/www.matts-guitar-shop.com\/it\/\",\"name\":\"matts-guitar-shop.com\",\"description\":\"Guitar Shop\",\"publisher\":{\"@id\":\"https:\/\/www.matts-guitar-shop.com\/it\/#organization\"},\"potentialAction\":[{\"@type\":\"SearchAction\",\"target\":{\"@type\":\"EntryPoint\",\"urlTemplate\":\"https:\/\/www.matts-guitar-shop.com\/it\/?s={search_term_string}\"},\"query-input\":{\"@type\":\"PropertyValueSpecification\",\"valueRequired\":true,\"valueName\":\"search_term_string\"}}],\"inLanguage\":\"it-IT\"},{\"@type\":\"Organization\",\"@id\":\"https:\/\/www.matts-guitar-shop.com\/it\/#organization\",\"name\":\"matts-guitar-shop.com\",\"url\":\"https:\/\/www.matts-guitar-shop.com\/it\/\",\"logo\":{\"@type\":\"ImageObject\",\"inLanguage\":\"it-IT\",\"@id\":\"https:\/\/www.matts-guitar-shop.com\/it\/#\/schema\/logo\/image\/\",\"url\":\"https:\/\/www.matts-guitar-shop.com\/wp-content\/uploads\/2024\/09\/MGS-logo-site-02.png\",\"contentUrl\":\"https:\/\/www.matts-guitar-shop.com\/wp-content\/uploads\/2024\/09\/MGS-logo-site-02.png\",\"width\":200,\"height\":122,\"caption\":\"matts-guitar-shop.com\"},\"image\":{\"@id\":\"https:\/\/www.matts-guitar-shop.com\/it\/#\/schema\/logo\/image\/\"},\"sameAs\":[\"https:\/\/www.facebook.com\/profile.php?id=100044359842817\",\"https:\/\/www.instagram.com\/mattsguitarshop\/\",\"https:\/\/www.youtube.com\/@MattLucasMan\/videos\"]}]}<\/script>\n<!-- \/ Yoast SEO plugin. -->","yoast_head_json":{"title":"Epiphone Frontier Chris Stapleton Burst 2022 - Matt&#039;s Guitar Shop","robots":{"index":"index","follow":"follow","max-snippet":"max-snippet:-1","max-image-preview":"max-image-preview:large","max-video-preview":"max-video-preview:-1"},"canonical":"https:\/\/www.matts-guitar-shop.com\/it\/produit\/epiphone-frontier-chris-stapleton-burst-2022\/","og_locale":"it_IT","og_type":"article","og_title":"Epiphone Frontier Chris Stapleton Burst 2022 - Matt&#039;s Guitar Shop","og_description":"Ce mod\u00e8le Epiphone Frontier signature Chris Stapleton incarne le savoir-faire acoustique des \u00c9tats-Unis, id\u00e9al pour les sonorit\u00e9s country-rock. Con\u00e7ue avec soin \u00e0 Bozeman, dans le Montana, cette guitare c\u00e9l\u00e8bre l'h\u00e9ritage historique de la manufacture.  Elle se compose d'une table en \u00e9pic\u00e9a de Sitka trait\u00e9e thermiquement et d'un dos ainsi que d'\u00e9clisses en \u00e9rable ond\u00e9, garantissant une sonorit\u00e9 riche et cristalline qui se bonifiera avec le temps. Son esth\u00e9tique se distingue par une finition Frontier Burst et deux pickguards orn\u00e9s du motif traditionnel \u00ab cactus et cordes \u00bb.  V\u00e9ritable instrument de caract\u00e8re, elle offre une grande polyvalence, allant d'une douceur subtile \u00e0 une puissance sonore bois\u00e9e et marqu\u00e9e.","og_url":"https:\/\/www.matts-guitar-shop.com\/it\/produit\/epiphone-frontier-chris-stapleton-burst-2022\/","og_site_name":"Matt&#039;s Guitar Shop","article_publisher":"https:\/\/www.facebook.com\/profile.php?id=100044359842817","article_modified_time":"2026-04-05T14:01:13+00:00","og_image":[{"width":800,"height":1200,"url":"https:\/\/www.matts-guitar-shop.com\/wp-content\/uploads\/2026\/04\/Epiphone-Frontier-Chris-Stapleton-Burst-2022-01b.jpg","type":"image\/jpeg"}],"twitter_card":"summary_large_image","twitter_misc":{"Tempo di lettura stimato":"1 minuto"},"schema":{"@context":"https:\/\/schema.org","@graph":[{"@type":"WebPage","@id":"https:\/\/www.matts-guitar-shop.com\/it\/produit\/epiphone-frontier-chris-stapleton-burst-2022\/","url":"https:\/\/www.matts-guitar-shop.com\/it\/produit\/epiphone-frontier-chris-stapleton-burst-2022\/","name":"Epiphone Frontier Chris Stapleton Burst 2022 - Matt&#039;s Guitar Shop","isPartOf":{"@id":"https:\/\/www.matts-guitar-shop.com\/it\/#website"},"primaryImageOfPage":{"@id":"https:\/\/www.matts-guitar-shop.com\/it\/produit\/epiphone-frontier-chris-stapleton-burst-2022\/#primaryimage"},"image":{"@id":"https:\/\/www.matts-guitar-shop.com\/it\/produit\/epiphone-frontier-chris-stapleton-burst-2022\/#primaryimage"},"thumbnailUrl":"https:\/\/www.matts-guitar-shop.com\/wp-content\/uploads\/2026\/04\/Epiphone-Frontier-Chris-Stapleton-Burst-2022-01b.jpg","datePublished":"2026-04-05T13:36:51+00:00","dateModified":"2026-04-05T14:01:13+00:00","breadcrumb":{"@id":"https:\/\/www.matts-guitar-shop.com\/it\/produit\/epiphone-frontier-chris-stapleton-burst-2022\/#breadcrumb"},"inLanguage":"it-IT","potentialAction":[{"@type":"ReadAction","target":["https:\/\/www.matts-guitar-shop.com\/it\/produit\/epiphone-frontier-chris-stapleton-burst-2022\/"]}]},{"@type":"ImageObject","inLanguage":"it-IT","@id":"https:\/\/www.matts-guitar-shop.com\/it\/produit\/epiphone-frontier-chris-stapleton-burst-2022\/#primaryimage","url":"https:\/\/www.matts-guitar-shop.com\/wp-content\/uploads\/2026\/04\/Epiphone-Frontier-Chris-Stapleton-Burst-2022-01b.jpg","contentUrl":"https:\/\/www.matts-guitar-shop.com\/wp-content\/uploads\/2026\/04\/Epiphone-Frontier-Chris-Stapleton-Burst-2022-01b.jpg","width":800,"height":1200},{"@type":"BreadcrumbList","@id":"https:\/\/www.matts-guitar-shop.com\/it\/produit\/epiphone-frontier-chris-stapleton-burst-2022\/#breadcrumb","itemListElement":[{"@type":"ListItem","position":1,"name":"Home","item":"https:\/\/www.matts-guitar-shop.com\/it\/"},{"@type":"ListItem","position":2,"name":"I nostri prodotti","item":"https:\/\/www.matts-guitar-shop.com\/nos-produits\/"},{"@type":"ListItem","position":3,"name":"Epiphone Frontier Chris Stapleton Burst 2022"}]},{"@type":"WebSite","@id":"https:\/\/www.matts-guitar-shop.com\/it\/#website","url":"https:\/\/www.matts-guitar-shop.com\/it\/","name":"matts-guitar-shop.com","description":"Guitar Shop","publisher":{"@id":"https:\/\/www.matts-guitar-shop.com\/it\/#organization"},"potentialAction":[{"@type":"SearchAction","target":{"@type":"EntryPoint","urlTemplate":"https:\/\/www.matts-guitar-shop.com\/it\/?s={search_term_string}"},"query-input":{"@type":"PropertyValueSpecification","valueRequired":true,"valueName":"search_term_string"}}],"inLanguage":"it-IT"},{"@type":"Organization","@id":"https:\/\/www.matts-guitar-shop.com\/it\/#organization","name":"matts-guitar-shop.com","url":"https:\/\/www.matts-guitar-shop.com\/it\/","logo":{"@type":"ImageObject","inLanguage":"it-IT","@id":"https:\/\/www.matts-guitar-shop.com\/it\/#\/schema\/logo\/image\/","url":"https:\/\/www.matts-guitar-shop.com\/wp-content\/uploads\/2024\/09\/MGS-logo-site-02.png","contentUrl":"https:\/\/www.matts-guitar-shop.com\/wp-content\/uploads\/2024\/09\/MGS-logo-site-02.png","width":200,"height":122,"caption":"matts-guitar-shop.com"},"image":{"@id":"https:\/\/www.matts-guitar-shop.com\/it\/#\/schema\/logo\/image\/"},"sameAs":["https:\/\/www.facebook.com\/profile.php?id=100044359842817","https:\/\/www.instagram.com\/mattsguitarshop\/","https:\/\/www.youtube.com\/@MattLucasMan\/videos"]}]}},"_links":{"self":[{"href":"https:\/\/www.matts-guitar-shop.com\/it\/wp-json\/wp\/v2\/product\/31471","targetHints":{"allow":["GET"]}}],"collection":[{"href":"https:\/\/www.matts-guitar-shop.com\/it\/wp-json\/wp\/v2\/product"}],"about":[{"href":"https:\/\/www.matts-guitar-shop.com\/it\/wp-json\/wp\/v2\/types\/product"}],"replies":[{"embeddable":true,"href":"https:\/\/www.matts-guitar-shop.com\/it\/wp-json\/wp\/v2\/comments?post=31471"}],"wp:featuredmedia":[{"embeddable":true,"href":"https:\/\/www.matts-guitar-shop.com\/it\/wp-json\/wp\/v2\/media\/31551"}],"wp:attachment":[{"href":"https:\/\/www.matts-guitar-shop.com\/it\/wp-json\/wp\/v2\/media?parent=31471"}],"wp:term":[{"taxonomy":"product_brand","embeddable":true,"href":"https:\/\/www.matts-guitar-shop.com\/it\/wp-json\/wp\/v2\/product_brand?post=31471"},{"taxonomy":"product_cat","embeddable":true,"href":"https:\/\/www.matts-guitar-shop.com\/it\/wp-json\/wp\/v2\/product_cat?post=31471"},{"taxonomy":"product_tag","embeddable":true,"href":"https:\/\/www.matts-guitar-shop.com\/it\/wp-json\/wp\/v2\/product_tag?post=31471"}],"curies":[{"name":"wp","href":"https:\/\/api.w.org\/{rel}","templated":true}]}}