{"id":22833,"date":"2024-08-12T16:37:11","date_gmt":"2024-08-12T14:37:11","guid":{"rendered":"https:\/\/www.matts-guitar-shop.com\/produit\/fender-dual-showman-ex-chuck-berry\/"},"modified":"2026-02-18T21:19:22","modified_gmt":"2026-02-18T20:19:22","slug":"fender-dual-showman-ex-chuck-berry","status":"publish","type":"product","link":"https:\/\/www.matts-guitar-shop.com\/it\/produit\/fender-dual-showman-ex-chuck-berry\/","title":{"rendered":"Fender Dual Showman Ex Chuck Berry"},"content":{"rendered":"<h2>Biografia di Chuck Berry<br \/>(1926 &#8211; 2017)<\/h2>\n<p>Chitarra principale: Gibson ES-355<br \/>\nBrano da ascoltare assolutamente: Johnny B. Goode<\/p>\n<p>&#8220;Se dovessimo dare un altro nome al rock &#8216;n&#8217; roll, lo chiameremmo Chuck Berry&#8221;, diceva John Lennon per sottolineare l&#8217;importanza fondamentale del geniale musicista di St. Louis, Missouri. Infatti, se Elvis ha conquistato il successo grazie al suo carisma e alla sua voce vellutata, \u00e8 stato Chuck a scrivere la maggior parte dei classici del genere e a regalare al rock i suoi momenti pi\u00f9 memorabili di chitarra. Il suo stile elettrico, veloce, aggressivo e bluesy, \u00e8 servito da Bibbia per musicisti di grande rilievo come Keith Richards, Angus Young e Bob Dylan.<\/p>\n<p>Lo stesso Berry si \u00e8 molto ispirato al pianista Johnnie Johnson, con cui ha suonato a lungo, aggiungendo ai suoi riff un senso dello spettacolo senza eguali. Tra il duck walk, lo spaccata e il semplice magnetismo animale, vedere Chuck suonare la chitarra \u00e8 sia uno spettacolo musicale che visivo. Fin dal 1953, Berry comprende il potenziale di una fusione tra musica nera (blues) e musica bianca (country). Sviluppa il suo stile intorno a questo ibrido, a partire dal suo primo singolo nel 1955, &#8220;Maybellene&#8221;, un adattamento del classico country &#8220;Ira Red&#8221; che si appropria senza remore e pubblica con la Chess, la celebre etichetta pioniere del Chicago blues.<\/p>\n<p>Berry accumula cos\u00ec una serie di successi, creando tanti classici che faranno scuola: &#8220;Roll Over Beethoven&#8221;, &#8220;Too Much Monkey Business&#8221;, &#8220;Rock And Roll Music&#8221;, &#8220;Sweet Little Sixteen&#8221;, &#8220;Carol&#8221; e naturalmente il classico dei classici, &#8220;Johnny B. Goode&#8221; con la sua storica introduzione. Ma il geniale chitarrista ha comportamenti discutibili e si trova costretto a passare un anno e mezzo in prigione per aver avuto relazioni con una minorenne che lavorava nel suo club.<\/p>\n<p>Al suo rilascio nel 1963, Berry comincia a beneficiare dell&#8217;enorme influenza che ha avuto sulle band della nuova generazione. Beatles, Rolling Stones e Beach Boys attingono liberamente dal suo repertorio, mentre l&#8217;originale continua a registrare ottimi brani. Ma col tempo la fonte si esaurisce, al punto che il suo ultimo grande singolo, l&#8217;unico numero 1 in tutta la sua carriera, sar\u00e0 uno scherzo piccante registrato dal vivo, &#8220;My Ding-A-Ling&#8221;. Da quel momento, Chuck non scrive pi\u00f9 canzoni e si concentra sul live, girando continuamente per il mondo con i successi degli anni &#8217;50 e &#8217;60.<\/p>\n<p>Infine, il suo album postumo &#8220;Chuck&#8221; vedr\u00e0 la luce nel 2017. Dopo un deserto creativo di 38 anni, questo disco rappresenta un bellissimo tributo al monumento che era Berry.<\/p>\n","protected":false},"excerpt":{"rendered":"<p>Hai domande su questo prodotto? Contattaci!<\/p>\n","protected":false},"featured_media":22834,"comment_status":"open","ping_status":"closed","template":"","meta":{"_et_pb_use_builder":"","_et_pb_old_content":"","_et_gb_content_width":""},"product_brand":[],"product_cat":[842,841,844],"product_tag":[],"class_list":{"0":"post-22833","1":"product","2":"type-product","3":"status-publish","4":"has-post-thumbnail","6":"product_cat-ampli","7":"product_cat-ampli-e-effetti","8":"product_cat-artisti","9":"pa_artiste-chuck-berry-it","10":"pa_disponibilite-in-vendita","11":"pa_marque-fender-it","13":"first","14":"instock","15":"shipping-taxable","16":"purchasable","17":"product-type-simple"},"yoast_head":"<!-- This site is optimized with the Yoast SEO plugin v26.8 - https:\/\/yoast.com\/product\/yoast-seo-wordpress\/ -->\n<title>Fender Dual Showman Ex Chuck Berry - Matt&#039;s Guitar Shop<\/title>\n<meta name=\"description\" content=\"Fender Dual Showman ex-Chuck Berry. Un amplificatore leggendario e da collezione, pezzo raro appartenuto al pioniere del rock\u2019n\u2019roll\" \/>\n<meta name=\"robots\" content=\"index, follow, max-snippet:-1, max-image-preview:large, max-video-preview:-1\" \/>\n<link rel=\"canonical\" href=\"https:\/\/www.matts-guitar-shop.com\/it\/produit\/fender-dual-showman-ex-chuck-berry\/\" \/>\n<meta property=\"og:locale\" content=\"it_IT\" \/>\n<meta property=\"og:type\" content=\"article\" \/>\n<meta property=\"og:title\" content=\"Fender Dual Showman Ex Chuck Berry - Matt&#039;s Guitar Shop\" \/>\n<meta property=\"og:description\" content=\"Fender Dual Showman ex-Chuck Berry. Un amplificatore leggendario e da collezione, pezzo raro appartenuto al pioniere del rock\u2019n\u2019roll\" \/>\n<meta property=\"og:url\" content=\"https:\/\/www.matts-guitar-shop.com\/it\/produit\/fender-dual-showman-ex-chuck-berry\/\" \/>\n<meta property=\"og:site_name\" content=\"Matt&#039;s Guitar Shop\" \/>\n<meta property=\"article:publisher\" content=\"https:\/\/www.facebook.com\/profile.php?id=100044359842817\" \/>\n<meta property=\"article:modified_time\" content=\"2026-02-18T20:19:22+00:00\" \/>\n<meta property=\"og:image\" content=\"https:\/\/www.matts-guitar-shop.com\/wp-content\/uploads\/2024\/08\/Fender-Dual-Showman-Ex-Chuck-Berry-ampli.jpg\" \/>\n\t<meta property=\"og:image:width\" content=\"600\" \/>\n\t<meta property=\"og:image:height\" content=\"899\" \/>\n\t<meta property=\"og:image:type\" content=\"image\/jpeg\" \/>\n<meta name=\"twitter:card\" content=\"summary_large_image\" \/>\n<meta name=\"twitter:label1\" content=\"Tempo di lettura stimato\" \/>\n\t<meta name=\"twitter:data1\" content=\"2 minuti\" \/>\n<script type=\"application\/ld+json\" class=\"yoast-schema-graph\">{\"@context\":\"https:\/\/schema.org\",\"@graph\":[{\"@type\":\"WebPage\",\"@id\":\"https:\/\/www.matts-guitar-shop.com\/it\/produit\/fender-dual-showman-ex-chuck-berry\/\",\"url\":\"https:\/\/www.matts-guitar-shop.com\/it\/produit\/fender-dual-showman-ex-chuck-berry\/\",\"name\":\"Fender Dual Showman Ex Chuck Berry - Matt&#039;s Guitar Shop\",\"isPartOf\":{\"@id\":\"https:\/\/www.matts-guitar-shop.com\/it\/#website\"},\"primaryImageOfPage\":{\"@id\":\"https:\/\/www.matts-guitar-shop.com\/it\/produit\/fender-dual-showman-ex-chuck-berry\/#primaryimage\"},\"image\":{\"@id\":\"https:\/\/www.matts-guitar-shop.com\/it\/produit\/fender-dual-showman-ex-chuck-berry\/#primaryimage\"},\"thumbnailUrl\":\"https:\/\/www.matts-guitar-shop.com\/wp-content\/uploads\/2024\/08\/Fender-Dual-Showman-Ex-Chuck-Berry-ampli.jpg\",\"datePublished\":\"2024-08-12T14:37:11+00:00\",\"dateModified\":\"2026-02-18T20:19:22+00:00\",\"description\":\"Fender Dual Showman ex-Chuck Berry. Un amplificatore leggendario e da collezione, pezzo raro appartenuto al pioniere del rock\u2019n\u2019roll\",\"breadcrumb\":{\"@id\":\"https:\/\/www.matts-guitar-shop.com\/it\/produit\/fender-dual-showman-ex-chuck-berry\/#breadcrumb\"},\"inLanguage\":\"it-IT\",\"potentialAction\":[{\"@type\":\"ReadAction\",\"target\":[\"https:\/\/www.matts-guitar-shop.com\/it\/produit\/fender-dual-showman-ex-chuck-berry\/\"]}]},{\"@type\":\"ImageObject\",\"inLanguage\":\"it-IT\",\"@id\":\"https:\/\/www.matts-guitar-shop.com\/it\/produit\/fender-dual-showman-ex-chuck-berry\/#primaryimage\",\"url\":\"https:\/\/www.matts-guitar-shop.com\/wp-content\/uploads\/2024\/08\/Fender-Dual-Showman-Ex-Chuck-Berry-ampli.jpg\",\"contentUrl\":\"https:\/\/www.matts-guitar-shop.com\/wp-content\/uploads\/2024\/08\/Fender-Dual-Showman-Ex-Chuck-Berry-ampli.jpg\",\"width\":600,\"height\":899},{\"@type\":\"BreadcrumbList\",\"@id\":\"https:\/\/www.matts-guitar-shop.com\/it\/produit\/fender-dual-showman-ex-chuck-berry\/#breadcrumb\",\"itemListElement\":[{\"@type\":\"ListItem\",\"position\":1,\"name\":\"Home\",\"item\":\"https:\/\/www.matts-guitar-shop.com\/it\/\"},{\"@type\":\"ListItem\",\"position\":2,\"name\":\"I nostri prodotti\",\"item\":\"https:\/\/www.matts-guitar-shop.com\/nos-produits\/\"},{\"@type\":\"ListItem\",\"position\":3,\"name\":\"Fender Dual Showman Ex Chuck Berry\"}]},{\"@type\":\"WebSite\",\"@id\":\"https:\/\/www.matts-guitar-shop.com\/it\/#website\",\"url\":\"https:\/\/www.matts-guitar-shop.com\/it\/\",\"name\":\"matts-guitar-shop.com\",\"description\":\"Guitar Shop\",\"publisher\":{\"@id\":\"https:\/\/www.matts-guitar-shop.com\/it\/#organization\"},\"potentialAction\":[{\"@type\":\"SearchAction\",\"target\":{\"@type\":\"EntryPoint\",\"urlTemplate\":\"https:\/\/www.matts-guitar-shop.com\/it\/?s={search_term_string}\"},\"query-input\":{\"@type\":\"PropertyValueSpecification\",\"valueRequired\":true,\"valueName\":\"search_term_string\"}}],\"inLanguage\":\"it-IT\"},{\"@type\":\"Organization\",\"@id\":\"https:\/\/www.matts-guitar-shop.com\/it\/#organization\",\"name\":\"matts-guitar-shop.com\",\"url\":\"https:\/\/www.matts-guitar-shop.com\/it\/\",\"logo\":{\"@type\":\"ImageObject\",\"inLanguage\":\"it-IT\",\"@id\":\"https:\/\/www.matts-guitar-shop.com\/it\/#\/schema\/logo\/image\/\",\"url\":\"https:\/\/www.matts-guitar-shop.com\/wp-content\/uploads\/2024\/09\/MGS-logo-site-02.png\",\"contentUrl\":\"https:\/\/www.matts-guitar-shop.com\/wp-content\/uploads\/2024\/09\/MGS-logo-site-02.png\",\"width\":200,\"height\":122,\"caption\":\"matts-guitar-shop.com\"},\"image\":{\"@id\":\"https:\/\/www.matts-guitar-shop.com\/it\/#\/schema\/logo\/image\/\"},\"sameAs\":[\"https:\/\/www.facebook.com\/profile.php?id=100044359842817\",\"https:\/\/www.instagram.com\/mattsguitarshop\/\",\"https:\/\/www.youtube.com\/@MattLucasMan\/videos\"]}]}<\/script>\n<!-- \/ Yoast SEO plugin. -->","yoast_head_json":{"title":"Fender Dual Showman Ex Chuck Berry - Matt&#039;s Guitar Shop","description":"Fender Dual Showman ex-Chuck Berry. Un amplificatore leggendario e da collezione, pezzo raro appartenuto al pioniere del rock\u2019n\u2019roll","robots":{"index":"index","follow":"follow","max-snippet":"max-snippet:-1","max-image-preview":"max-image-preview:large","max-video-preview":"max-video-preview:-1"},"canonical":"https:\/\/www.matts-guitar-shop.com\/it\/produit\/fender-dual-showman-ex-chuck-berry\/","og_locale":"it_IT","og_type":"article","og_title":"Fender Dual Showman Ex Chuck Berry - Matt&#039;s Guitar Shop","og_description":"Fender Dual Showman ex-Chuck Berry. Un amplificatore leggendario e da collezione, pezzo raro appartenuto al pioniere del rock\u2019n\u2019roll","og_url":"https:\/\/www.matts-guitar-shop.com\/it\/produit\/fender-dual-showman-ex-chuck-berry\/","og_site_name":"Matt&#039;s Guitar Shop","article_publisher":"https:\/\/www.facebook.com\/profile.php?id=100044359842817","article_modified_time":"2026-02-18T20:19:22+00:00","og_image":[{"width":600,"height":899,"url":"https:\/\/www.matts-guitar-shop.com\/wp-content\/uploads\/2024\/08\/Fender-Dual-Showman-Ex-Chuck-Berry-ampli.jpg","type":"image\/jpeg"}],"twitter_card":"summary_large_image","twitter_misc":{"Tempo di lettura stimato":"2 minuti"},"schema":{"@context":"https:\/\/schema.org","@graph":[{"@type":"WebPage","@id":"https:\/\/www.matts-guitar-shop.com\/it\/produit\/fender-dual-showman-ex-chuck-berry\/","url":"https:\/\/www.matts-guitar-shop.com\/it\/produit\/fender-dual-showman-ex-chuck-berry\/","name":"Fender Dual Showman Ex Chuck Berry - Matt&#039;s Guitar Shop","isPartOf":{"@id":"https:\/\/www.matts-guitar-shop.com\/it\/#website"},"primaryImageOfPage":{"@id":"https:\/\/www.matts-guitar-shop.com\/it\/produit\/fender-dual-showman-ex-chuck-berry\/#primaryimage"},"image":{"@id":"https:\/\/www.matts-guitar-shop.com\/it\/produit\/fender-dual-showman-ex-chuck-berry\/#primaryimage"},"thumbnailUrl":"https:\/\/www.matts-guitar-shop.com\/wp-content\/uploads\/2024\/08\/Fender-Dual-Showman-Ex-Chuck-Berry-ampli.jpg","datePublished":"2024-08-12T14:37:11+00:00","dateModified":"2026-02-18T20:19:22+00:00","description":"Fender Dual Showman ex-Chuck Berry. Un amplificatore leggendario e da collezione, pezzo raro appartenuto al pioniere del rock\u2019n\u2019roll","breadcrumb":{"@id":"https:\/\/www.matts-guitar-shop.com\/it\/produit\/fender-dual-showman-ex-chuck-berry\/#breadcrumb"},"inLanguage":"it-IT","potentialAction":[{"@type":"ReadAction","target":["https:\/\/www.matts-guitar-shop.com\/it\/produit\/fender-dual-showman-ex-chuck-berry\/"]}]},{"@type":"ImageObject","inLanguage":"it-IT","@id":"https:\/\/www.matts-guitar-shop.com\/it\/produit\/fender-dual-showman-ex-chuck-berry\/#primaryimage","url":"https:\/\/www.matts-guitar-shop.com\/wp-content\/uploads\/2024\/08\/Fender-Dual-Showman-Ex-Chuck-Berry-ampli.jpg","contentUrl":"https:\/\/www.matts-guitar-shop.com\/wp-content\/uploads\/2024\/08\/Fender-Dual-Showman-Ex-Chuck-Berry-ampli.jpg","width":600,"height":899},{"@type":"BreadcrumbList","@id":"https:\/\/www.matts-guitar-shop.com\/it\/produit\/fender-dual-showman-ex-chuck-berry\/#breadcrumb","itemListElement":[{"@type":"ListItem","position":1,"name":"Home","item":"https:\/\/www.matts-guitar-shop.com\/it\/"},{"@type":"ListItem","position":2,"name":"I nostri prodotti","item":"https:\/\/www.matts-guitar-shop.com\/nos-produits\/"},{"@type":"ListItem","position":3,"name":"Fender Dual Showman Ex Chuck Berry"}]},{"@type":"WebSite","@id":"https:\/\/www.matts-guitar-shop.com\/it\/#website","url":"https:\/\/www.matts-guitar-shop.com\/it\/","name":"matts-guitar-shop.com","description":"Guitar Shop","publisher":{"@id":"https:\/\/www.matts-guitar-shop.com\/it\/#organization"},"potentialAction":[{"@type":"SearchAction","target":{"@type":"EntryPoint","urlTemplate":"https:\/\/www.matts-guitar-shop.com\/it\/?s={search_term_string}"},"query-input":{"@type":"PropertyValueSpecification","valueRequired":true,"valueName":"search_term_string"}}],"inLanguage":"it-IT"},{"@type":"Organization","@id":"https:\/\/www.matts-guitar-shop.com\/it\/#organization","name":"matts-guitar-shop.com","url":"https:\/\/www.matts-guitar-shop.com\/it\/","logo":{"@type":"ImageObject","inLanguage":"it-IT","@id":"https:\/\/www.matts-guitar-shop.com\/it\/#\/schema\/logo\/image\/","url":"https:\/\/www.matts-guitar-shop.com\/wp-content\/uploads\/2024\/09\/MGS-logo-site-02.png","contentUrl":"https:\/\/www.matts-guitar-shop.com\/wp-content\/uploads\/2024\/09\/MGS-logo-site-02.png","width":200,"height":122,"caption":"matts-guitar-shop.com"},"image":{"@id":"https:\/\/www.matts-guitar-shop.com\/it\/#\/schema\/logo\/image\/"},"sameAs":["https:\/\/www.facebook.com\/profile.php?id=100044359842817","https:\/\/www.instagram.com\/mattsguitarshop\/","https:\/\/www.youtube.com\/@MattLucasMan\/videos"]}]}},"_links":{"self":[{"href":"https:\/\/www.matts-guitar-shop.com\/it\/wp-json\/wp\/v2\/product\/22833","targetHints":{"allow":["GET"]}}],"collection":[{"href":"https:\/\/www.matts-guitar-shop.com\/it\/wp-json\/wp\/v2\/product"}],"about":[{"href":"https:\/\/www.matts-guitar-shop.com\/it\/wp-json\/wp\/v2\/types\/product"}],"replies":[{"embeddable":true,"href":"https:\/\/www.matts-guitar-shop.com\/it\/wp-json\/wp\/v2\/comments?post=22833"}],"wp:featuredmedia":[{"embeddable":true,"href":"https:\/\/www.matts-guitar-shop.com\/it\/wp-json\/wp\/v2\/media\/22834"}],"wp:attachment":[{"href":"https:\/\/www.matts-guitar-shop.com\/it\/wp-json\/wp\/v2\/media?parent=22833"}],"wp:term":[{"taxonomy":"product_brand","embeddable":true,"href":"https:\/\/www.matts-guitar-shop.com\/it\/wp-json\/wp\/v2\/product_brand?post=22833"},{"taxonomy":"product_cat","embeddable":true,"href":"https:\/\/www.matts-guitar-shop.com\/it\/wp-json\/wp\/v2\/product_cat?post=22833"},{"taxonomy":"product_tag","embeddable":true,"href":"https:\/\/www.matts-guitar-shop.com\/it\/wp-json\/wp\/v2\/product_tag?post=22833"}],"curies":[{"name":"wp","href":"https:\/\/api.w.org\/{rel}","templated":true}]}}