{"id":22769,"date":"2024-08-14T14:38:45","date_gmt":"2024-08-14T12:38:45","guid":{"rendered":"https:\/\/www.matts-guitar-shop.com\/produit\/fender-telecaster-thinline-1968-ex-johnny-marr-donovan-new-order\/"},"modified":"2024-08-14T14:38:45","modified_gmt":"2024-08-14T12:38:45","slug":"fender-telecaster-thinline-1968-ex-johnny-marr-donovan-new-order","status":"publish","type":"product","link":"https:\/\/www.matts-guitar-shop.com\/it\/produit\/fender-telecaster-thinline-1968-ex-johnny-marr-donovan-new-order\/","title":{"rendered":"Fender Telecaster Thinline 1968 Ex Johnny Marr Donovan New Order"},"content":{"rendered":"<p>Johnny Marr<br \/> (1963)<\/p>\n<p>Gruppo: The Smiths<br \/> Chitarra principale: Fender Jaguar signature<br \/> Brano da ascoltare assolutamente: What Difference Does It Make?<\/p>\n<p>Come membro di uno dei gruppi britannici pi\u00f9 importanti degli anni \u201980, Johnny Marr avrebbe potuto facilmente arrendersi all\u2019invasione dei sintetizzatori e relegare la sua chitarra a semplice accompagnamento. Al contrario, ha trasformato i quattro album dei The Smiths in veri e propri manifesti a favore dell\u2019enorme variet\u00e0 di suoni che si possono ottenere da una chitarra, a patto di avere molta immaginazione.<\/p>\n<p>Ha naturalmente utilizzato il chorus tipico dell\u2019epoca, conferendogli un tono rotondo e caldo che mancava a molti. Ma la sua originalit\u00e0 risiedeva soprattutto nelle scelte di fraseggio, negli voicing degli accordi, negli accordamenti e nelle posizioni del capotasto, e nell\u2019uso intelligente e molto originale delle corde a vuoto. Nessuna delle sue parti di chitarra \u00e8 semplice, e tutte contengono idee diventate parte integrante del brano, al punto che manca qualcosa se non vengono suonate esattamente nello stesso modo.<\/p>\n<p>La variet\u00e0 delle chitarre che utilizzava rifletteva questa ricchezza sonora: Rickenbacker, Telecaster artigianale e, naturalmente, la sua splendida ES-355 del 1959. Dopo lo scioglimento dei The Smiths nel 1987, si \u00e8 dedicato al lavoro di session, partecipando a brani di Beck e dei Talking Heads. Parallelamente, ha portato avanti una carriera in diversi gruppi: prima i The Pretenders, poi The The, Modest Mouse, Electronic e The Cribs. Ma la sua personalit\u00e0 musicale pi\u00f9 appassionante emerge nei suoi progetti personali: Johnny Marr &#038; The Healers, dove suona una splendida SG Cherry Red, e i suoi album solisti, in cui si ascolta l\u2019eccellente Fender Jaguar signature a lui dedicata. Un musicista unico nel suo genere, che richiede grande apertura mentale dai fan che lo seguono di progetto in progetto.<\/p>\n","protected":false},"excerpt":{"rendered":"<p><strong>Sono rare le chitarre che siano vere testimoni della storia recente della musica. Questo \u00e8 il caso di questa Telecaster Thinline del 1968, che nonostante il suo stato impeccabile \u00e8 passata tra le mani di alcuni dei pi\u00f9 leggendari artisti britannici recenti. Presente al mitico festival dell\u2019Isle of Wight nel 1970 nelle mani di Donovan, poi suonata per anni da Johnny Marr prima di essere prestata da quest\u2019ultimo ai New Order per registrazioni e performance, questa Telecaster \u00e8 stata suonata da icone della musica inglese. Immaginate il peso della storia contenuto in questa splendida chitarra bionda!<\/strong><\/p>\n<p>La Fender Telecaster Thinline \u00e8 stata introdotta sul mercato nel 1968. Progettata dal liutaio Roger Rossmeisl (a cui si deve la Telecaster Rosewood di George Harrison), questa chitarra rappresenta un\u2019evoluzione rispetto alle Fender \u201csolid body\u201d storiche. Riprende lo stile originale della chitarra, aggiungendo nuove sonorit\u00e0 grazie al corpo semi-hollow. La Thinline presenta la celebre buca a forma di f, un corpo in mogano e due pickup single-coil. Oltre al suo incredibile pedigree, questa chitarra fa parte dei primi mesi di produzione delle Thinline da parte di Fender. Il corpo in mogano mette in risalto le splendide venature del legno, esaltate dal brillante pickguard bianco dalla forma caratteristica, che le conferisce un\u2019eleganza molto diversa dalla classica Telecaster.<\/p>\n<p>Questa Telecaster Thinline ha avuto una storia straordinaria iniziata nel 1968 con Donovan. Il leggendario compositore inglese, che ha rivoluzionato l\u2019hippy psichedelico e influenzato generazioni di musicisti, \u00e8 stato il primo a far sua questa chitarra. Al festival dell\u2019Isle of Wight nel 1970 ha vissuto la sua prima grande esposizione: Donovan suona davanti a circa 600.000 persone la domenica, ed \u00e8 fotografato con questa chitarra. La nostra Thinline ha continuato a comparire sul palco con Donovan per diversi anni prima di essere acquistata da Johnny Marr dei Smiths negli anni \u201980.<\/p>\n<p>Vera icona della musica inglese, Johnny Marr \u00e8 stato il pilastro ritmico dei Smiths fino allo scioglimento del gruppo. Il chitarrista acquist\u00f2 questa Thinline nel 1987 e la suon\u00f2 durante gli anni con il leggendario gruppo britannico. Dopo la separazione dei Smiths, Marr prest\u00f2 la chitarra al gruppo new-wave e post-punk New Order, che la utilizzarono per le registrazioni dell\u2019album <em>Technique<\/em>. Compare inoltre nel 1989 in una performance live del successo \u201cRound Round\u201d nel programma BBC <em>Top of the Pops<\/em>, suonata da Bernard Sumner. Sumner prese in prestito la chitarra per diversi anni mentre faceva parte degli Electronic con Johnny Marr, suo caro amico.<\/p>\n<p>In definitiva, questa Telecaster del 1968 \u00e8 senza dubbio un pezzo straordinario della storia della musica moderna. La sua provenienza eccezionale copre oltre cinque decenni, durante i quali ha accompagnato alcuni dei musicisti inglesi pi\u00f9 illustri. Un pezzo di storia da scoprire da Matt\u2019s Guitar Shop!<\/p>\n","protected":false},"featured_media":22787,"comment_status":"open","ping_status":"closed","template":"","meta":{"_et_pb_use_builder":"","_et_pb_old_content":"","_et_gb_content_width":""},"product_brand":[],"product_cat":[846],"product_tag":[],"class_list":{"0":"post-22769","1":"product","2":"type-product","3":"status-publish","4":"has-post-thumbnail","6":"product_cat-venduti","7":"pa_artiste-johnny-marr-it","8":"pa_disponibilite-vendutoa","9":"pa_marque-fender-it","11":"first","12":"outofstock","13":"shipping-taxable","14":"purchasable","15":"product-type-simple"},"yoast_head":"<!-- This site is optimized with the Yoast SEO plugin v26.8 - https:\/\/yoast.com\/product\/yoast-seo-wordpress\/ -->\n<title>Fender Telecaster Thinline 1968 Ex Johnny Marr Donovan New Order - Matt&#039;s Guitar Shop<\/title>\n<meta name=\"description\" content=\"Fender Telecaster Thinline 1968 ex-Johnny Marr. Una chitarra vintage rara e mitica, pezzo da collezione disponibile da Matt\u2019s Guitar Shop.\" \/>\n<meta name=\"robots\" content=\"index, follow, max-snippet:-1, max-image-preview:large, max-video-preview:-1\" \/>\n<link rel=\"canonical\" href=\"https:\/\/www.matts-guitar-shop.com\/it\/produit\/fender-telecaster-thinline-1968-ex-johnny-marr-donovan-new-order\/\" \/>\n<meta property=\"og:locale\" content=\"it_IT\" \/>\n<meta property=\"og:type\" content=\"article\" \/>\n<meta property=\"og:title\" content=\"Fender Telecaster Thinline 1968 Ex Johnny Marr Donovan New Order - Matt&#039;s Guitar Shop\" \/>\n<meta property=\"og:description\" content=\"Fender Telecaster Thinline 1968 ex-Johnny Marr. Una chitarra vintage rara e mitica, pezzo da collezione disponibile da Matt\u2019s Guitar Shop.\" \/>\n<meta property=\"og:url\" content=\"https:\/\/www.matts-guitar-shop.com\/it\/produit\/fender-telecaster-thinline-1968-ex-johnny-marr-donovan-new-order\/\" \/>\n<meta property=\"og:site_name\" content=\"Matt&#039;s Guitar Shop\" \/>\n<meta property=\"article:publisher\" content=\"https:\/\/www.facebook.com\/profile.php?id=100044359842817\" \/>\n<meta property=\"og:image\" content=\"https:\/\/www.matts-guitar-shop.com\/wp-content\/uploads\/2024\/08\/Fender-Telecaster-Thinline-1968-Ex-Johnny-Marr-Donovan-New-00-1.jpg\" \/>\n\t<meta property=\"og:image:width\" content=\"600\" \/>\n\t<meta property=\"og:image:height\" content=\"867\" \/>\n\t<meta property=\"og:image:type\" content=\"image\/jpeg\" \/>\n<meta name=\"twitter:card\" content=\"summary_large_image\" \/>\n<meta name=\"twitter:label1\" content=\"Tempo di lettura stimato\" \/>\n\t<meta name=\"twitter:data1\" content=\"1 minuto\" \/>\n<script type=\"application\/ld+json\" class=\"yoast-schema-graph\">{\"@context\":\"https:\/\/schema.org\",\"@graph\":[{\"@type\":\"WebPage\",\"@id\":\"https:\/\/www.matts-guitar-shop.com\/it\/produit\/fender-telecaster-thinline-1968-ex-johnny-marr-donovan-new-order\/\",\"url\":\"https:\/\/www.matts-guitar-shop.com\/it\/produit\/fender-telecaster-thinline-1968-ex-johnny-marr-donovan-new-order\/\",\"name\":\"Fender Telecaster Thinline 1968 Ex Johnny Marr Donovan New Order - Matt&#039;s Guitar Shop\",\"isPartOf\":{\"@id\":\"https:\/\/www.matts-guitar-shop.com\/it\/#website\"},\"primaryImageOfPage\":{\"@id\":\"https:\/\/www.matts-guitar-shop.com\/it\/produit\/fender-telecaster-thinline-1968-ex-johnny-marr-donovan-new-order\/#primaryimage\"},\"image\":{\"@id\":\"https:\/\/www.matts-guitar-shop.com\/it\/produit\/fender-telecaster-thinline-1968-ex-johnny-marr-donovan-new-order\/#primaryimage\"},\"thumbnailUrl\":\"https:\/\/www.matts-guitar-shop.com\/wp-content\/uploads\/2024\/08\/Fender-Telecaster-Thinline-1968-Ex-Johnny-Marr-Donovan-New-00-1.jpg\",\"datePublished\":\"2024-08-14T12:38:45+00:00\",\"description\":\"Fender Telecaster Thinline 1968 ex-Johnny Marr. Una chitarra vintage rara e mitica, pezzo da collezione disponibile da Matt\u2019s Guitar Shop.\",\"breadcrumb\":{\"@id\":\"https:\/\/www.matts-guitar-shop.com\/it\/produit\/fender-telecaster-thinline-1968-ex-johnny-marr-donovan-new-order\/#breadcrumb\"},\"inLanguage\":\"it-IT\",\"potentialAction\":[{\"@type\":\"ReadAction\",\"target\":[\"https:\/\/www.matts-guitar-shop.com\/it\/produit\/fender-telecaster-thinline-1968-ex-johnny-marr-donovan-new-order\/\"]}]},{\"@type\":\"ImageObject\",\"inLanguage\":\"it-IT\",\"@id\":\"https:\/\/www.matts-guitar-shop.com\/it\/produit\/fender-telecaster-thinline-1968-ex-johnny-marr-donovan-new-order\/#primaryimage\",\"url\":\"https:\/\/www.matts-guitar-shop.com\/wp-content\/uploads\/2024\/08\/Fender-Telecaster-Thinline-1968-Ex-Johnny-Marr-Donovan-New-00-1.jpg\",\"contentUrl\":\"https:\/\/www.matts-guitar-shop.com\/wp-content\/uploads\/2024\/08\/Fender-Telecaster-Thinline-1968-Ex-Johnny-Marr-Donovan-New-00-1.jpg\",\"width\":600,\"height\":867},{\"@type\":\"BreadcrumbList\",\"@id\":\"https:\/\/www.matts-guitar-shop.com\/it\/produit\/fender-telecaster-thinline-1968-ex-johnny-marr-donovan-new-order\/#breadcrumb\",\"itemListElement\":[{\"@type\":\"ListItem\",\"position\":1,\"name\":\"Home\",\"item\":\"https:\/\/www.matts-guitar-shop.com\/it\/\"},{\"@type\":\"ListItem\",\"position\":2,\"name\":\"I nostri prodotti\",\"item\":\"https:\/\/www.matts-guitar-shop.com\/nos-produits\/\"},{\"@type\":\"ListItem\",\"position\":3,\"name\":\"Fender Telecaster Thinline 1968 Ex Johnny Marr Donovan New Order\"}]},{\"@type\":\"WebSite\",\"@id\":\"https:\/\/www.matts-guitar-shop.com\/it\/#website\",\"url\":\"https:\/\/www.matts-guitar-shop.com\/it\/\",\"name\":\"matts-guitar-shop.com\",\"description\":\"Guitar Shop\",\"publisher\":{\"@id\":\"https:\/\/www.matts-guitar-shop.com\/it\/#organization\"},\"potentialAction\":[{\"@type\":\"SearchAction\",\"target\":{\"@type\":\"EntryPoint\",\"urlTemplate\":\"https:\/\/www.matts-guitar-shop.com\/it\/?s={search_term_string}\"},\"query-input\":{\"@type\":\"PropertyValueSpecification\",\"valueRequired\":true,\"valueName\":\"search_term_string\"}}],\"inLanguage\":\"it-IT\"},{\"@type\":\"Organization\",\"@id\":\"https:\/\/www.matts-guitar-shop.com\/it\/#organization\",\"name\":\"matts-guitar-shop.com\",\"url\":\"https:\/\/www.matts-guitar-shop.com\/it\/\",\"logo\":{\"@type\":\"ImageObject\",\"inLanguage\":\"it-IT\",\"@id\":\"https:\/\/www.matts-guitar-shop.com\/it\/#\/schema\/logo\/image\/\",\"url\":\"https:\/\/www.matts-guitar-shop.com\/wp-content\/uploads\/2024\/09\/MGS-logo-site-02.png\",\"contentUrl\":\"https:\/\/www.matts-guitar-shop.com\/wp-content\/uploads\/2024\/09\/MGS-logo-site-02.png\",\"width\":200,\"height\":122,\"caption\":\"matts-guitar-shop.com\"},\"image\":{\"@id\":\"https:\/\/www.matts-guitar-shop.com\/it\/#\/schema\/logo\/image\/\"},\"sameAs\":[\"https:\/\/www.facebook.com\/profile.php?id=100044359842817\",\"https:\/\/www.instagram.com\/mattsguitarshop\/\",\"https:\/\/www.youtube.com\/@MattLucasMan\/videos\"]}]}<\/script>\n<!-- \/ Yoast SEO plugin. -->","yoast_head_json":{"title":"Fender Telecaster Thinline 1968 Ex Johnny Marr Donovan New Order - Matt&#039;s Guitar Shop","description":"Fender Telecaster Thinline 1968 ex-Johnny Marr. Una chitarra vintage rara e mitica, pezzo da collezione disponibile da Matt\u2019s Guitar Shop.","robots":{"index":"index","follow":"follow","max-snippet":"max-snippet:-1","max-image-preview":"max-image-preview:large","max-video-preview":"max-video-preview:-1"},"canonical":"https:\/\/www.matts-guitar-shop.com\/it\/produit\/fender-telecaster-thinline-1968-ex-johnny-marr-donovan-new-order\/","og_locale":"it_IT","og_type":"article","og_title":"Fender Telecaster Thinline 1968 Ex Johnny Marr Donovan New Order - Matt&#039;s Guitar Shop","og_description":"Fender Telecaster Thinline 1968 ex-Johnny Marr. Una chitarra vintage rara e mitica, pezzo da collezione disponibile da Matt\u2019s Guitar Shop.","og_url":"https:\/\/www.matts-guitar-shop.com\/it\/produit\/fender-telecaster-thinline-1968-ex-johnny-marr-donovan-new-order\/","og_site_name":"Matt&#039;s Guitar Shop","article_publisher":"https:\/\/www.facebook.com\/profile.php?id=100044359842817","og_image":[{"width":600,"height":867,"url":"https:\/\/www.matts-guitar-shop.com\/wp-content\/uploads\/2024\/08\/Fender-Telecaster-Thinline-1968-Ex-Johnny-Marr-Donovan-New-00-1.jpg","type":"image\/jpeg"}],"twitter_card":"summary_large_image","twitter_misc":{"Tempo di lettura stimato":"1 minuto"},"schema":{"@context":"https:\/\/schema.org","@graph":[{"@type":"WebPage","@id":"https:\/\/www.matts-guitar-shop.com\/it\/produit\/fender-telecaster-thinline-1968-ex-johnny-marr-donovan-new-order\/","url":"https:\/\/www.matts-guitar-shop.com\/it\/produit\/fender-telecaster-thinline-1968-ex-johnny-marr-donovan-new-order\/","name":"Fender Telecaster Thinline 1968 Ex Johnny Marr Donovan New Order - Matt&#039;s Guitar Shop","isPartOf":{"@id":"https:\/\/www.matts-guitar-shop.com\/it\/#website"},"primaryImageOfPage":{"@id":"https:\/\/www.matts-guitar-shop.com\/it\/produit\/fender-telecaster-thinline-1968-ex-johnny-marr-donovan-new-order\/#primaryimage"},"image":{"@id":"https:\/\/www.matts-guitar-shop.com\/it\/produit\/fender-telecaster-thinline-1968-ex-johnny-marr-donovan-new-order\/#primaryimage"},"thumbnailUrl":"https:\/\/www.matts-guitar-shop.com\/wp-content\/uploads\/2024\/08\/Fender-Telecaster-Thinline-1968-Ex-Johnny-Marr-Donovan-New-00-1.jpg","datePublished":"2024-08-14T12:38:45+00:00","description":"Fender Telecaster Thinline 1968 ex-Johnny Marr. Una chitarra vintage rara e mitica, pezzo da collezione disponibile da Matt\u2019s Guitar Shop.","breadcrumb":{"@id":"https:\/\/www.matts-guitar-shop.com\/it\/produit\/fender-telecaster-thinline-1968-ex-johnny-marr-donovan-new-order\/#breadcrumb"},"inLanguage":"it-IT","potentialAction":[{"@type":"ReadAction","target":["https:\/\/www.matts-guitar-shop.com\/it\/produit\/fender-telecaster-thinline-1968-ex-johnny-marr-donovan-new-order\/"]}]},{"@type":"ImageObject","inLanguage":"it-IT","@id":"https:\/\/www.matts-guitar-shop.com\/it\/produit\/fender-telecaster-thinline-1968-ex-johnny-marr-donovan-new-order\/#primaryimage","url":"https:\/\/www.matts-guitar-shop.com\/wp-content\/uploads\/2024\/08\/Fender-Telecaster-Thinline-1968-Ex-Johnny-Marr-Donovan-New-00-1.jpg","contentUrl":"https:\/\/www.matts-guitar-shop.com\/wp-content\/uploads\/2024\/08\/Fender-Telecaster-Thinline-1968-Ex-Johnny-Marr-Donovan-New-00-1.jpg","width":600,"height":867},{"@type":"BreadcrumbList","@id":"https:\/\/www.matts-guitar-shop.com\/it\/produit\/fender-telecaster-thinline-1968-ex-johnny-marr-donovan-new-order\/#breadcrumb","itemListElement":[{"@type":"ListItem","position":1,"name":"Home","item":"https:\/\/www.matts-guitar-shop.com\/it\/"},{"@type":"ListItem","position":2,"name":"I nostri prodotti","item":"https:\/\/www.matts-guitar-shop.com\/nos-produits\/"},{"@type":"ListItem","position":3,"name":"Fender Telecaster Thinline 1968 Ex Johnny Marr Donovan New Order"}]},{"@type":"WebSite","@id":"https:\/\/www.matts-guitar-shop.com\/it\/#website","url":"https:\/\/www.matts-guitar-shop.com\/it\/","name":"matts-guitar-shop.com","description":"Guitar Shop","publisher":{"@id":"https:\/\/www.matts-guitar-shop.com\/it\/#organization"},"potentialAction":[{"@type":"SearchAction","target":{"@type":"EntryPoint","urlTemplate":"https:\/\/www.matts-guitar-shop.com\/it\/?s={search_term_string}"},"query-input":{"@type":"PropertyValueSpecification","valueRequired":true,"valueName":"search_term_string"}}],"inLanguage":"it-IT"},{"@type":"Organization","@id":"https:\/\/www.matts-guitar-shop.com\/it\/#organization","name":"matts-guitar-shop.com","url":"https:\/\/www.matts-guitar-shop.com\/it\/","logo":{"@type":"ImageObject","inLanguage":"it-IT","@id":"https:\/\/www.matts-guitar-shop.com\/it\/#\/schema\/logo\/image\/","url":"https:\/\/www.matts-guitar-shop.com\/wp-content\/uploads\/2024\/09\/MGS-logo-site-02.png","contentUrl":"https:\/\/www.matts-guitar-shop.com\/wp-content\/uploads\/2024\/09\/MGS-logo-site-02.png","width":200,"height":122,"caption":"matts-guitar-shop.com"},"image":{"@id":"https:\/\/www.matts-guitar-shop.com\/it\/#\/schema\/logo\/image\/"},"sameAs":["https:\/\/www.facebook.com\/profile.php?id=100044359842817","https:\/\/www.instagram.com\/mattsguitarshop\/","https:\/\/www.youtube.com\/@MattLucasMan\/videos"]}]}},"_links":{"self":[{"href":"https:\/\/www.matts-guitar-shop.com\/it\/wp-json\/wp\/v2\/product\/22769","targetHints":{"allow":["GET"]}}],"collection":[{"href":"https:\/\/www.matts-guitar-shop.com\/it\/wp-json\/wp\/v2\/product"}],"about":[{"href":"https:\/\/www.matts-guitar-shop.com\/it\/wp-json\/wp\/v2\/types\/product"}],"replies":[{"embeddable":true,"href":"https:\/\/www.matts-guitar-shop.com\/it\/wp-json\/wp\/v2\/comments?post=22769"}],"wp:featuredmedia":[{"embeddable":true,"href":"https:\/\/www.matts-guitar-shop.com\/it\/wp-json\/wp\/v2\/media\/22787"}],"wp:attachment":[{"href":"https:\/\/www.matts-guitar-shop.com\/it\/wp-json\/wp\/v2\/media?parent=22769"}],"wp:term":[{"taxonomy":"product_brand","embeddable":true,"href":"https:\/\/www.matts-guitar-shop.com\/it\/wp-json\/wp\/v2\/product_brand?post=22769"},{"taxonomy":"product_cat","embeddable":true,"href":"https:\/\/www.matts-guitar-shop.com\/it\/wp-json\/wp\/v2\/product_cat?post=22769"},{"taxonomy":"product_tag","embeddable":true,"href":"https:\/\/www.matts-guitar-shop.com\/it\/wp-json\/wp\/v2\/product_tag?post=22769"}],"curies":[{"name":"wp","href":"https:\/\/api.w.org\/{rel}","templated":true}]}}