{"id":22710,"date":"2024-08-13T16:08:09","date_gmt":"2024-08-13T14:08:09","guid":{"rendered":"https:\/\/www.matts-guitar-shop.com\/produit\/epiphone-les-paul-joe-bonamassa-signature-norman-harris-burst\/"},"modified":"2024-08-13T16:08:09","modified_gmt":"2024-08-13T14:08:09","slug":"epiphone-les-paul-joe-bonamassa-signature-norman-harris-burst","status":"publish","type":"product","link":"https:\/\/www.matts-guitar-shop.com\/it\/produit\/epiphone-les-paul-joe-bonamassa-signature-norman-harris-burst\/","title":{"rendered":"Epiphone Les Paul Joe Bonamassa Signature Norman Harris Burst"},"content":{"rendered":"<p>Joe Bonamassa<br \/>(1977)<\/p>\n<p>Chitarra principale: Gibson Les Paul Standard 1959<br \/>Brano da ascoltare assolutamente: Sloe Gin<\/p>\n<p>Non \u00e8 facile affermarsi come artista adulto quando si \u00e8 stati un bambino prodigio. Joe \u00e8 stato allievo di Danny Gatton e protetto di B.B. King prima ancora di avere l\u2019et\u00e0 per guidare, e ha suonato con il gruppo Bloodline (insieme ad altri bambini prodigio figli di star come Miles Davis o Robby Krieger) prima ancora di poter votare. Ma tutto avrebbe potuto fermarsi subito, e infatti gli altri membri dei Bloodline sono scomparsi nel nulla dello show business. Bonamassa, invece, ha sempre avuto un\u2019etica del lavoro inarrestabile e, girando in tour, \u00e8 riuscito a imporre il proprio suono e la propria discografia solista.<\/p>\n<p>Tutto inizia nel 2000 con <em>A New Day Yesterday<\/em>, un disco blues onesto su cui ospiti come Leslie West, Greg Allman e Rick Derringer hanno contribuito a consacrare il giovane musicista. All\u2019epoca, Bonamassa suonava Strat e Tele e l\u2019influenza di Stevie Ray Vaughan \u00e8 ancora evidente in molte sue frasi. Poi, poco a poco, trova la propria strada passando alla Les Paul e combinando i suoi Marshall Silver Jubilee con altre teste boutique, ottenendo un suono bluesy, corposo e organico. \u00c8 anche il periodo in cui il produttore Kevin Shirley inizia a collaborare con Bonamassa, collaborazione iniziata con <em>You &amp; Me<\/em> (2006) e tuttora in corso. <em>Sloe Gin<\/em> (2007) e <em>Ballad Of John Henry<\/em> (2009) sono successi che consolidano la reputazione di Joe come salvatore del blues e futuro di uno stile che sembrava riservato ai baby boomer in pensione.<\/p>\n<p>Da allora, Bonamassa non ha rallentato il ritmo dei tour e ha raddoppiato l\u2019inventiva per variare i suoi spettacoli, che si tratti di un concerto tributo a Muddy Waters e Howlin\u2019 Wolf, di un tour tributo ai tre Kings del blues o al British Blues Boom. Suona anche negli album della cantante Beth Hart e con i gruppi Black Country Communion (insieme al bassista e cantante Glenn Hughes) e Rock Candy Funk Party. Parallelamente, la collezione di chi \u00e8 nato nella chitarra (suo padre possiede un negozio) \u00e8 cresciuta a dismisura: possiede circa una decina di burst, due V Korina e un numero incredibile di strumenti rari. Tuttavia, queste chitarre non restano ferme: viaggiano in tour con Joe. Dopotutto, sono state fatte proprio per questo.<\/p>\n","protected":false},"excerpt":{"rendered":"<p>Hai domande su questo prodotto? Contattaci!<\/p>\n","protected":false},"featured_media":22711,"comment_status":"open","ping_status":"closed","template":"","meta":{"_et_pb_use_builder":"","_et_pb_old_content":"","_et_gb_content_width":""},"product_brand":[],"product_cat":[851,847],"product_tag":[],"class_list":{"0":"post-22710","1":"product","2":"type-product","3":"status-publish","4":"has-post-thumbnail","6":"product_cat-chitarre-elettriche","7":"product_cat-chitarre","8":"pa_artiste-joe-bonamassa-it","9":"pa_disponibilite-in-vendita","10":"pa_marque-epiphone-it","12":"first","13":"instock","14":"shipping-taxable","15":"product-type-simple"},"yoast_head":"<!-- This site is optimized with the Yoast SEO plugin v26.8 - https:\/\/yoast.com\/product\/yoast-seo-wordpress\/ -->\n<title>Epiphone Les Paul Joe Bonamassa Signature Norman Harris Burst - Matt&#039;s Guitar Shop<\/title>\n<meta name=\"robots\" content=\"index, follow, max-snippet:-1, max-image-preview:large, max-video-preview:-1\" \/>\n<link rel=\"canonical\" href=\"https:\/\/www.matts-guitar-shop.com\/it\/produit\/epiphone-les-paul-joe-bonamassa-signature-norman-harris-burst\/\" \/>\n<meta property=\"og:locale\" content=\"it_IT\" \/>\n<meta property=\"og:type\" content=\"article\" \/>\n<meta property=\"og:title\" content=\"Epiphone Les Paul Joe Bonamassa Signature Norman Harris Burst - Matt&#039;s Guitar Shop\" \/>\n<meta property=\"og:description\" content=\"Hai domande su questo prodotto? Contattaci!\" \/>\n<meta property=\"og:url\" content=\"https:\/\/www.matts-guitar-shop.com\/it\/produit\/epiphone-les-paul-joe-bonamassa-signature-norman-harris-burst\/\" \/>\n<meta property=\"og:site_name\" content=\"Matt&#039;s Guitar Shop\" \/>\n<meta property=\"article:publisher\" content=\"https:\/\/www.facebook.com\/profile.php?id=100044359842817\" \/>\n<meta property=\"og:image\" content=\"https:\/\/www.matts-guitar-shop.com\/wp-content\/uploads\/2024\/08\/Epiphone-Les-Paul-Joe-Bonamassa-Signature-Norman-Harris-Burst-00.jpg\" \/>\n\t<meta property=\"og:image:width\" content=\"600\" \/>\n\t<meta property=\"og:image:height\" content=\"867\" \/>\n\t<meta property=\"og:image:type\" content=\"image\/jpeg\" \/>\n<meta name=\"twitter:card\" content=\"summary_large_image\" \/>\n<meta name=\"twitter:label1\" content=\"Tempo di lettura stimato\" \/>\n\t<meta name=\"twitter:data1\" content=\"2 minuti\" \/>\n<script type=\"application\/ld+json\" class=\"yoast-schema-graph\">{\"@context\":\"https:\/\/schema.org\",\"@graph\":[{\"@type\":\"WebPage\",\"@id\":\"https:\/\/www.matts-guitar-shop.com\/it\/produit\/epiphone-les-paul-joe-bonamassa-signature-norman-harris-burst\/\",\"url\":\"https:\/\/www.matts-guitar-shop.com\/it\/produit\/epiphone-les-paul-joe-bonamassa-signature-norman-harris-burst\/\",\"name\":\"Epiphone Les Paul Joe Bonamassa Signature Norman Harris Burst - Matt&#039;s Guitar Shop\",\"isPartOf\":{\"@id\":\"https:\/\/www.matts-guitar-shop.com\/it\/#website\"},\"primaryImageOfPage\":{\"@id\":\"https:\/\/www.matts-guitar-shop.com\/it\/produit\/epiphone-les-paul-joe-bonamassa-signature-norman-harris-burst\/#primaryimage\"},\"image\":{\"@id\":\"https:\/\/www.matts-guitar-shop.com\/it\/produit\/epiphone-les-paul-joe-bonamassa-signature-norman-harris-burst\/#primaryimage\"},\"thumbnailUrl\":\"https:\/\/www.matts-guitar-shop.com\/wp-content\/uploads\/2024\/08\/Epiphone-Les-Paul-Joe-Bonamassa-Signature-Norman-Harris-Burst-00.jpg\",\"datePublished\":\"2024-08-13T14:08:09+00:00\",\"breadcrumb\":{\"@id\":\"https:\/\/www.matts-guitar-shop.com\/it\/produit\/epiphone-les-paul-joe-bonamassa-signature-norman-harris-burst\/#breadcrumb\"},\"inLanguage\":\"it-IT\",\"potentialAction\":[{\"@type\":\"ReadAction\",\"target\":[\"https:\/\/www.matts-guitar-shop.com\/it\/produit\/epiphone-les-paul-joe-bonamassa-signature-norman-harris-burst\/\"]}]},{\"@type\":\"ImageObject\",\"inLanguage\":\"it-IT\",\"@id\":\"https:\/\/www.matts-guitar-shop.com\/it\/produit\/epiphone-les-paul-joe-bonamassa-signature-norman-harris-burst\/#primaryimage\",\"url\":\"https:\/\/www.matts-guitar-shop.com\/wp-content\/uploads\/2024\/08\/Epiphone-Les-Paul-Joe-Bonamassa-Signature-Norman-Harris-Burst-00.jpg\",\"contentUrl\":\"https:\/\/www.matts-guitar-shop.com\/wp-content\/uploads\/2024\/08\/Epiphone-Les-Paul-Joe-Bonamassa-Signature-Norman-Harris-Burst-00.jpg\",\"width\":600,\"height\":867},{\"@type\":\"BreadcrumbList\",\"@id\":\"https:\/\/www.matts-guitar-shop.com\/it\/produit\/epiphone-les-paul-joe-bonamassa-signature-norman-harris-burst\/#breadcrumb\",\"itemListElement\":[{\"@type\":\"ListItem\",\"position\":1,\"name\":\"Home\",\"item\":\"https:\/\/www.matts-guitar-shop.com\/it\/\"},{\"@type\":\"ListItem\",\"position\":2,\"name\":\"I nostri prodotti\",\"item\":\"https:\/\/www.matts-guitar-shop.com\/nos-produits\/\"},{\"@type\":\"ListItem\",\"position\":3,\"name\":\"Epiphone Les Paul Joe Bonamassa Signature Norman Harris Burst\"}]},{\"@type\":\"WebSite\",\"@id\":\"https:\/\/www.matts-guitar-shop.com\/it\/#website\",\"url\":\"https:\/\/www.matts-guitar-shop.com\/it\/\",\"name\":\"matts-guitar-shop.com\",\"description\":\"Guitar Shop\",\"publisher\":{\"@id\":\"https:\/\/www.matts-guitar-shop.com\/it\/#organization\"},\"potentialAction\":[{\"@type\":\"SearchAction\",\"target\":{\"@type\":\"EntryPoint\",\"urlTemplate\":\"https:\/\/www.matts-guitar-shop.com\/it\/?s={search_term_string}\"},\"query-input\":{\"@type\":\"PropertyValueSpecification\",\"valueRequired\":true,\"valueName\":\"search_term_string\"}}],\"inLanguage\":\"it-IT\"},{\"@type\":\"Organization\",\"@id\":\"https:\/\/www.matts-guitar-shop.com\/it\/#organization\",\"name\":\"matts-guitar-shop.com\",\"url\":\"https:\/\/www.matts-guitar-shop.com\/it\/\",\"logo\":{\"@type\":\"ImageObject\",\"inLanguage\":\"it-IT\",\"@id\":\"https:\/\/www.matts-guitar-shop.com\/it\/#\/schema\/logo\/image\/\",\"url\":\"https:\/\/www.matts-guitar-shop.com\/wp-content\/uploads\/2024\/09\/MGS-logo-site-02.png\",\"contentUrl\":\"https:\/\/www.matts-guitar-shop.com\/wp-content\/uploads\/2024\/09\/MGS-logo-site-02.png\",\"width\":200,\"height\":122,\"caption\":\"matts-guitar-shop.com\"},\"image\":{\"@id\":\"https:\/\/www.matts-guitar-shop.com\/it\/#\/schema\/logo\/image\/\"},\"sameAs\":[\"https:\/\/www.facebook.com\/profile.php?id=100044359842817\",\"https:\/\/www.instagram.com\/mattsguitarshop\/\",\"https:\/\/www.youtube.com\/@MattLucasMan\/videos\"]}]}<\/script>\n<!-- \/ Yoast SEO plugin. -->","yoast_head_json":{"title":"Epiphone Les Paul Joe Bonamassa Signature Norman Harris Burst - Matt&#039;s Guitar Shop","robots":{"index":"index","follow":"follow","max-snippet":"max-snippet:-1","max-image-preview":"max-image-preview:large","max-video-preview":"max-video-preview:-1"},"canonical":"https:\/\/www.matts-guitar-shop.com\/it\/produit\/epiphone-les-paul-joe-bonamassa-signature-norman-harris-burst\/","og_locale":"it_IT","og_type":"article","og_title":"Epiphone Les Paul Joe Bonamassa Signature Norman Harris Burst - Matt&#039;s Guitar Shop","og_description":"Hai domande su questo prodotto? Contattaci!","og_url":"https:\/\/www.matts-guitar-shop.com\/it\/produit\/epiphone-les-paul-joe-bonamassa-signature-norman-harris-burst\/","og_site_name":"Matt&#039;s Guitar Shop","article_publisher":"https:\/\/www.facebook.com\/profile.php?id=100044359842817","og_image":[{"width":600,"height":867,"url":"https:\/\/www.matts-guitar-shop.com\/wp-content\/uploads\/2024\/08\/Epiphone-Les-Paul-Joe-Bonamassa-Signature-Norman-Harris-Burst-00.jpg","type":"image\/jpeg"}],"twitter_card":"summary_large_image","twitter_misc":{"Tempo di lettura stimato":"2 minuti"},"schema":{"@context":"https:\/\/schema.org","@graph":[{"@type":"WebPage","@id":"https:\/\/www.matts-guitar-shop.com\/it\/produit\/epiphone-les-paul-joe-bonamassa-signature-norman-harris-burst\/","url":"https:\/\/www.matts-guitar-shop.com\/it\/produit\/epiphone-les-paul-joe-bonamassa-signature-norman-harris-burst\/","name":"Epiphone Les Paul Joe Bonamassa Signature Norman Harris Burst - Matt&#039;s Guitar Shop","isPartOf":{"@id":"https:\/\/www.matts-guitar-shop.com\/it\/#website"},"primaryImageOfPage":{"@id":"https:\/\/www.matts-guitar-shop.com\/it\/produit\/epiphone-les-paul-joe-bonamassa-signature-norman-harris-burst\/#primaryimage"},"image":{"@id":"https:\/\/www.matts-guitar-shop.com\/it\/produit\/epiphone-les-paul-joe-bonamassa-signature-norman-harris-burst\/#primaryimage"},"thumbnailUrl":"https:\/\/www.matts-guitar-shop.com\/wp-content\/uploads\/2024\/08\/Epiphone-Les-Paul-Joe-Bonamassa-Signature-Norman-Harris-Burst-00.jpg","datePublished":"2024-08-13T14:08:09+00:00","breadcrumb":{"@id":"https:\/\/www.matts-guitar-shop.com\/it\/produit\/epiphone-les-paul-joe-bonamassa-signature-norman-harris-burst\/#breadcrumb"},"inLanguage":"it-IT","potentialAction":[{"@type":"ReadAction","target":["https:\/\/www.matts-guitar-shop.com\/it\/produit\/epiphone-les-paul-joe-bonamassa-signature-norman-harris-burst\/"]}]},{"@type":"ImageObject","inLanguage":"it-IT","@id":"https:\/\/www.matts-guitar-shop.com\/it\/produit\/epiphone-les-paul-joe-bonamassa-signature-norman-harris-burst\/#primaryimage","url":"https:\/\/www.matts-guitar-shop.com\/wp-content\/uploads\/2024\/08\/Epiphone-Les-Paul-Joe-Bonamassa-Signature-Norman-Harris-Burst-00.jpg","contentUrl":"https:\/\/www.matts-guitar-shop.com\/wp-content\/uploads\/2024\/08\/Epiphone-Les-Paul-Joe-Bonamassa-Signature-Norman-Harris-Burst-00.jpg","width":600,"height":867},{"@type":"BreadcrumbList","@id":"https:\/\/www.matts-guitar-shop.com\/it\/produit\/epiphone-les-paul-joe-bonamassa-signature-norman-harris-burst\/#breadcrumb","itemListElement":[{"@type":"ListItem","position":1,"name":"Home","item":"https:\/\/www.matts-guitar-shop.com\/it\/"},{"@type":"ListItem","position":2,"name":"I nostri prodotti","item":"https:\/\/www.matts-guitar-shop.com\/nos-produits\/"},{"@type":"ListItem","position":3,"name":"Epiphone Les Paul Joe Bonamassa Signature Norman Harris Burst"}]},{"@type":"WebSite","@id":"https:\/\/www.matts-guitar-shop.com\/it\/#website","url":"https:\/\/www.matts-guitar-shop.com\/it\/","name":"matts-guitar-shop.com","description":"Guitar Shop","publisher":{"@id":"https:\/\/www.matts-guitar-shop.com\/it\/#organization"},"potentialAction":[{"@type":"SearchAction","target":{"@type":"EntryPoint","urlTemplate":"https:\/\/www.matts-guitar-shop.com\/it\/?s={search_term_string}"},"query-input":{"@type":"PropertyValueSpecification","valueRequired":true,"valueName":"search_term_string"}}],"inLanguage":"it-IT"},{"@type":"Organization","@id":"https:\/\/www.matts-guitar-shop.com\/it\/#organization","name":"matts-guitar-shop.com","url":"https:\/\/www.matts-guitar-shop.com\/it\/","logo":{"@type":"ImageObject","inLanguage":"it-IT","@id":"https:\/\/www.matts-guitar-shop.com\/it\/#\/schema\/logo\/image\/","url":"https:\/\/www.matts-guitar-shop.com\/wp-content\/uploads\/2024\/09\/MGS-logo-site-02.png","contentUrl":"https:\/\/www.matts-guitar-shop.com\/wp-content\/uploads\/2024\/09\/MGS-logo-site-02.png","width":200,"height":122,"caption":"matts-guitar-shop.com"},"image":{"@id":"https:\/\/www.matts-guitar-shop.com\/it\/#\/schema\/logo\/image\/"},"sameAs":["https:\/\/www.facebook.com\/profile.php?id=100044359842817","https:\/\/www.instagram.com\/mattsguitarshop\/","https:\/\/www.youtube.com\/@MattLucasMan\/videos"]}]}},"_links":{"self":[{"href":"https:\/\/www.matts-guitar-shop.com\/it\/wp-json\/wp\/v2\/product\/22710","targetHints":{"allow":["GET"]}}],"collection":[{"href":"https:\/\/www.matts-guitar-shop.com\/it\/wp-json\/wp\/v2\/product"}],"about":[{"href":"https:\/\/www.matts-guitar-shop.com\/it\/wp-json\/wp\/v2\/types\/product"}],"replies":[{"embeddable":true,"href":"https:\/\/www.matts-guitar-shop.com\/it\/wp-json\/wp\/v2\/comments?post=22710"}],"wp:featuredmedia":[{"embeddable":true,"href":"https:\/\/www.matts-guitar-shop.com\/it\/wp-json\/wp\/v2\/media\/22711"}],"wp:attachment":[{"href":"https:\/\/www.matts-guitar-shop.com\/it\/wp-json\/wp\/v2\/media?parent=22710"}],"wp:term":[{"taxonomy":"product_brand","embeddable":true,"href":"https:\/\/www.matts-guitar-shop.com\/it\/wp-json\/wp\/v2\/product_brand?post=22710"},{"taxonomy":"product_cat","embeddable":true,"href":"https:\/\/www.matts-guitar-shop.com\/it\/wp-json\/wp\/v2\/product_cat?post=22710"},{"taxonomy":"product_tag","embeddable":true,"href":"https:\/\/www.matts-guitar-shop.com\/it\/wp-json\/wp\/v2\/product_tag?post=22710"}],"curies":[{"name":"wp","href":"https:\/\/api.w.org\/{rel}","templated":true}]}}