{"id":22483,"date":"2024-08-15T20:53:29","date_gmt":"2024-08-15T18:53:29","guid":{"rendered":"https:\/\/www.matts-guitar-shop.com\/produit\/fender-precision-bass-ex-colin-greenwood-radiohead\/"},"modified":"2024-08-15T20:53:29","modified_gmt":"2024-08-15T18:53:29","slug":"fender-precision-bass-ex-colin-greenwood-radiohead","status":"publish","type":"product","link":"https:\/\/www.matts-guitar-shop.com\/it\/produit\/fender-precision-bass-ex-colin-greenwood-radiohead\/","title":{"rendered":"Fender Precision Bass Ex Colin Greenwood &#8211; Radiohead"},"content":{"rendered":"<p>Hai domande su questo prodotto? Contattaci!<\/p>\n","protected":false},"excerpt":{"rendered":"<p><strong>Ci sono strumenti che parlano da soli del loro impressionante patrimonio e dell\u2019uso ripetuto nel corso dei decenni. Questo Fender Precision Bass del 1960 \u00e8 uno di quelli: la sua patina valorizzata dal tempo e i segni del suo utilizzo lasciano sognare riguardo alla storia che il legno porta con s\u00e9. Non serve altro che un nome, quello di Colin Greenwood, per rafforzare la dimensione mistica e l\u2019aura di questo splendido basso.<\/strong><\/p>\n<p>Il Fender Precision Bass \u00e8 una chitarra leggendaria della gamma Fender introdotta nel 1951. Da allora \u00e8 rimasta un punto di riferimento nel mondo della musica amplificata, utilizzata in una vasta gamma di stili musicali. Dalla leggerezza leggendaria, offre sonorit\u00e0 profonde e calde, ricche di legno. Questo basso \u00e8 un modello del 1960. La vernice originale \u00e8 stata rimossa, conferendogli una finitura naturale assolutamente splendida, ma mantiene ancora il pickguard originale in tartaruga. \u00c8 stato aggiunto un pickup jazz e il cablaggio \u00e8 stato regolato di conseguenza. Il manico e la paletta sono originali, l\u2019unico accessorio aggiunto \u00e8 un accordatore Hipshot.<\/p>\n<p>Se questo strumento \u00e8 gi\u00e0 di per s\u00e9 un pezzo eccezionale, la sua provenienza completa la sua incredibile storia. \u00c8 stato utilizzato da Colin Greenwood, il bassista dei Radiohead, durante la registrazione dell\u2019album *The Bends* nel 1994, e in particolare nel brano *Fake Plastic Trees*. Questo Precision Bass \u00e8 stato prestato ai RAK Studios di Londra durante le sessioni del gruppo per registrare il secondo album, insieme ad altri strumenti. L\u2019ingegnere del suono dei Radiohead ha precisato che solo questo basso era stato utilizzato per la registrazione, Colin Greenwood apprezzando particolarmente le sue sonorit\u00e0 rotonde e calde. Se servisse un ulteriore dettaglio, questo basso \u00e8 poi passato nelle mani di Steve Harris, il celebre bassista degli Iron Maiden\u2026 Uno strumento eccezionale pronto a ispirare altri musicisti!<\/p>\n","protected":false},"featured_media":22484,"comment_status":"open","ping_status":"closed","template":"","meta":{"_et_pb_use_builder":"","_et_pb_old_content":"","_et_gb_content_width":""},"product_brand":[],"product_cat":[848,851,844,847],"product_tag":[],"class_list":{"0":"post-22483","1":"product","2":"type-product","3":"status-publish","4":"has-post-thumbnail","6":"product_cat-bassi","7":"product_cat-chitarre-elettriche","8":"product_cat-artisti","9":"product_cat-chitarre","10":"pa_artiste-colin-greenwood-it","11":"pa_disponibilite-in-vendita","12":"pa_marque-fender-it","14":"first","15":"instock","16":"shipping-taxable","17":"product-type-simple"},"yoast_head":"<!-- This site is optimized with the Yoast SEO plugin v26.8 - https:\/\/yoast.com\/product\/yoast-seo-wordpress\/ -->\n<title>Fender Precision Bass Ex Colin Greenwood - Radiohead - Matt&#039;s Guitar Shop<\/title>\n<meta name=\"robots\" content=\"index, follow, max-snippet:-1, max-image-preview:large, max-video-preview:-1\" \/>\n<link rel=\"canonical\" href=\"https:\/\/www.matts-guitar-shop.com\/it\/produit\/fender-precision-bass-ex-colin-greenwood-radiohead\/\" \/>\n<meta property=\"og:locale\" content=\"it_IT\" \/>\n<meta property=\"og:type\" content=\"article\" \/>\n<meta property=\"og:title\" content=\"Fender Precision Bass Ex Colin Greenwood - Radiohead - Matt&#039;s Guitar Shop\" \/>\n<meta property=\"og:description\" content=\"Ci sono strumenti che parlano da soli del loro impressionante patrimonio e dell\u2019uso ripetuto nel corso dei decenni. Questo Fender Precision Bass del 1960 \u00e8 uno di quelli: la sua patina valorizzata dal tempo e i segni del suo utilizzo lasciano sognare riguardo alla storia che il legno porta con s\u00e9. Non serve altro che un nome, quello di Colin Greenwood, per rafforzare la dimensione mistica e l\u2019aura di questo splendido basso. Il Fender Precision Bass \u00e8 una chitarra leggendaria della gamma Fender introdotta nel 1951. Da allora \u00e8 rimasta un punto di riferimento nel mondo della musica amplificata, utilizzata in una vasta gamma di stili musicali. Dalla leggerezza leggendaria, offre sonorit\u00e0 profonde e calde, ricche di legno. Questo basso \u00e8 un modello del 1960. La vernice originale \u00e8 stata rimossa, conferendogli una finitura naturale assolutamente splendida, ma mantiene ancora il pickguard originale in tartaruga. \u00c8 stato aggiunto un pickup jazz e il cablaggio \u00e8 stato regolato di conseguenza. Il manico e la paletta sono originali, l\u2019unico accessorio aggiunto \u00e8 un accordatore Hipshot. Se questo strumento \u00e8 gi\u00e0 di per s\u00e9 un pezzo eccezionale, la sua provenienza completa la sua incredibile storia. \u00c8 stato utilizzato da Colin Greenwood, il bassista dei Radiohead, durante la registrazione dell\u2019album *The Bends* nel 1994, e in particolare nel brano *Fake Plastic Trees*. Questo Precision Bass \u00e8 stato prestato ai RAK Studios di Londra durante le sessioni del gruppo per registrare il secondo album, insieme ad altri strumenti. L\u2019ingegnere del suono dei Radiohead ha precisato che solo questo basso era stato utilizzato per la registrazione, Colin Greenwood apprezzando particolarmente le sue sonorit\u00e0 rotonde e calde. Se servisse un ulteriore dettaglio, questo basso \u00e8 poi passato nelle mani di Steve Harris, il celebre bassista degli Iron Maiden\u2026 Uno strumento eccezionale pronto a ispirare altri musicisti!\" \/>\n<meta property=\"og:url\" content=\"https:\/\/www.matts-guitar-shop.com\/it\/produit\/fender-precision-bass-ex-colin-greenwood-radiohead\/\" \/>\n<meta property=\"og:site_name\" content=\"Matt&#039;s Guitar Shop\" \/>\n<meta property=\"article:publisher\" content=\"https:\/\/www.facebook.com\/profile.php?id=100044359842817\" \/>\n<meta property=\"og:image\" content=\"https:\/\/www.matts-guitar-shop.com\/wp-content\/uploads\/2024\/08\/Fender-Precision-Bass-Ex-Colin-Greenwood-Radiohead-00.jpg\" \/>\n\t<meta property=\"og:image:width\" content=\"692\" \/>\n\t<meta property=\"og:image:height\" content=\"1000\" \/>\n\t<meta property=\"og:image:type\" content=\"image\/jpeg\" \/>\n<meta name=\"twitter:card\" content=\"summary_large_image\" \/>\n<script type=\"application\/ld+json\" class=\"yoast-schema-graph\">{\"@context\":\"https:\/\/schema.org\",\"@graph\":[{\"@type\":\"WebPage\",\"@id\":\"https:\/\/www.matts-guitar-shop.com\/it\/produit\/fender-precision-bass-ex-colin-greenwood-radiohead\/\",\"url\":\"https:\/\/www.matts-guitar-shop.com\/it\/produit\/fender-precision-bass-ex-colin-greenwood-radiohead\/\",\"name\":\"Fender Precision Bass Ex Colin Greenwood - Radiohead - Matt&#039;s Guitar Shop\",\"isPartOf\":{\"@id\":\"https:\/\/www.matts-guitar-shop.com\/it\/#website\"},\"primaryImageOfPage\":{\"@id\":\"https:\/\/www.matts-guitar-shop.com\/it\/produit\/fender-precision-bass-ex-colin-greenwood-radiohead\/#primaryimage\"},\"image\":{\"@id\":\"https:\/\/www.matts-guitar-shop.com\/it\/produit\/fender-precision-bass-ex-colin-greenwood-radiohead\/#primaryimage\"},\"thumbnailUrl\":\"https:\/\/www.matts-guitar-shop.com\/wp-content\/uploads\/2024\/08\/Fender-Precision-Bass-Ex-Colin-Greenwood-Radiohead-00.jpg\",\"datePublished\":\"2024-08-15T18:53:29+00:00\",\"breadcrumb\":{\"@id\":\"https:\/\/www.matts-guitar-shop.com\/it\/produit\/fender-precision-bass-ex-colin-greenwood-radiohead\/#breadcrumb\"},\"inLanguage\":\"it-IT\",\"potentialAction\":[{\"@type\":\"ReadAction\",\"target\":[\"https:\/\/www.matts-guitar-shop.com\/it\/produit\/fender-precision-bass-ex-colin-greenwood-radiohead\/\"]}]},{\"@type\":\"ImageObject\",\"inLanguage\":\"it-IT\",\"@id\":\"https:\/\/www.matts-guitar-shop.com\/it\/produit\/fender-precision-bass-ex-colin-greenwood-radiohead\/#primaryimage\",\"url\":\"https:\/\/www.matts-guitar-shop.com\/wp-content\/uploads\/2024\/08\/Fender-Precision-Bass-Ex-Colin-Greenwood-Radiohead-00.jpg\",\"contentUrl\":\"https:\/\/www.matts-guitar-shop.com\/wp-content\/uploads\/2024\/08\/Fender-Precision-Bass-Ex-Colin-Greenwood-Radiohead-00.jpg\",\"width\":692,\"height\":1000},{\"@type\":\"BreadcrumbList\",\"@id\":\"https:\/\/www.matts-guitar-shop.com\/it\/produit\/fender-precision-bass-ex-colin-greenwood-radiohead\/#breadcrumb\",\"itemListElement\":[{\"@type\":\"ListItem\",\"position\":1,\"name\":\"Home\",\"item\":\"https:\/\/www.matts-guitar-shop.com\/it\/\"},{\"@type\":\"ListItem\",\"position\":2,\"name\":\"I nostri prodotti\",\"item\":\"https:\/\/www.matts-guitar-shop.com\/nos-produits\/\"},{\"@type\":\"ListItem\",\"position\":3,\"name\":\"Fender Precision Bass Ex Colin Greenwood &#8211; Radiohead\"}]},{\"@type\":\"WebSite\",\"@id\":\"https:\/\/www.matts-guitar-shop.com\/it\/#website\",\"url\":\"https:\/\/www.matts-guitar-shop.com\/it\/\",\"name\":\"matts-guitar-shop.com\",\"description\":\"Guitar Shop\",\"publisher\":{\"@id\":\"https:\/\/www.matts-guitar-shop.com\/it\/#organization\"},\"potentialAction\":[{\"@type\":\"SearchAction\",\"target\":{\"@type\":\"EntryPoint\",\"urlTemplate\":\"https:\/\/www.matts-guitar-shop.com\/it\/?s={search_term_string}\"},\"query-input\":{\"@type\":\"PropertyValueSpecification\",\"valueRequired\":true,\"valueName\":\"search_term_string\"}}],\"inLanguage\":\"it-IT\"},{\"@type\":\"Organization\",\"@id\":\"https:\/\/www.matts-guitar-shop.com\/it\/#organization\",\"name\":\"matts-guitar-shop.com\",\"url\":\"https:\/\/www.matts-guitar-shop.com\/it\/\",\"logo\":{\"@type\":\"ImageObject\",\"inLanguage\":\"it-IT\",\"@id\":\"https:\/\/www.matts-guitar-shop.com\/it\/#\/schema\/logo\/image\/\",\"url\":\"https:\/\/www.matts-guitar-shop.com\/wp-content\/uploads\/2024\/09\/MGS-logo-site-02.png\",\"contentUrl\":\"https:\/\/www.matts-guitar-shop.com\/wp-content\/uploads\/2024\/09\/MGS-logo-site-02.png\",\"width\":200,\"height\":122,\"caption\":\"matts-guitar-shop.com\"},\"image\":{\"@id\":\"https:\/\/www.matts-guitar-shop.com\/it\/#\/schema\/logo\/image\/\"},\"sameAs\":[\"https:\/\/www.facebook.com\/profile.php?id=100044359842817\",\"https:\/\/www.instagram.com\/mattsguitarshop\/\",\"https:\/\/www.youtube.com\/@MattLucasMan\/videos\"]}]}<\/script>\n<!-- \/ Yoast SEO plugin. -->","yoast_head_json":{"title":"Fender Precision Bass Ex Colin Greenwood - Radiohead - Matt&#039;s Guitar Shop","robots":{"index":"index","follow":"follow","max-snippet":"max-snippet:-1","max-image-preview":"max-image-preview:large","max-video-preview":"max-video-preview:-1"},"canonical":"https:\/\/www.matts-guitar-shop.com\/it\/produit\/fender-precision-bass-ex-colin-greenwood-radiohead\/","og_locale":"it_IT","og_type":"article","og_title":"Fender Precision Bass Ex Colin Greenwood - Radiohead - Matt&#039;s Guitar Shop","og_description":"Ci sono strumenti che parlano da soli del loro impressionante patrimonio e dell\u2019uso ripetuto nel corso dei decenni. Questo Fender Precision Bass del 1960 \u00e8 uno di quelli: la sua patina valorizzata dal tempo e i segni del suo utilizzo lasciano sognare riguardo alla storia che il legno porta con s\u00e9. Non serve altro che un nome, quello di Colin Greenwood, per rafforzare la dimensione mistica e l\u2019aura di questo splendido basso. Il Fender Precision Bass \u00e8 una chitarra leggendaria della gamma Fender introdotta nel 1951. Da allora \u00e8 rimasta un punto di riferimento nel mondo della musica amplificata, utilizzata in una vasta gamma di stili musicali. Dalla leggerezza leggendaria, offre sonorit\u00e0 profonde e calde, ricche di legno. Questo basso \u00e8 un modello del 1960. La vernice originale \u00e8 stata rimossa, conferendogli una finitura naturale assolutamente splendida, ma mantiene ancora il pickguard originale in tartaruga. \u00c8 stato aggiunto un pickup jazz e il cablaggio \u00e8 stato regolato di conseguenza. Il manico e la paletta sono originali, l\u2019unico accessorio aggiunto \u00e8 un accordatore Hipshot. Se questo strumento \u00e8 gi\u00e0 di per s\u00e9 un pezzo eccezionale, la sua provenienza completa la sua incredibile storia. \u00c8 stato utilizzato da Colin Greenwood, il bassista dei Radiohead, durante la registrazione dell\u2019album *The Bends* nel 1994, e in particolare nel brano *Fake Plastic Trees*. Questo Precision Bass \u00e8 stato prestato ai RAK Studios di Londra durante le sessioni del gruppo per registrare il secondo album, insieme ad altri strumenti. L\u2019ingegnere del suono dei Radiohead ha precisato che solo questo basso era stato utilizzato per la registrazione, Colin Greenwood apprezzando particolarmente le sue sonorit\u00e0 rotonde e calde. Se servisse un ulteriore dettaglio, questo basso \u00e8 poi passato nelle mani di Steve Harris, il celebre bassista degli Iron Maiden\u2026 Uno strumento eccezionale pronto a ispirare altri musicisti!","og_url":"https:\/\/www.matts-guitar-shop.com\/it\/produit\/fender-precision-bass-ex-colin-greenwood-radiohead\/","og_site_name":"Matt&#039;s Guitar Shop","article_publisher":"https:\/\/www.facebook.com\/profile.php?id=100044359842817","og_image":[{"width":692,"height":1000,"url":"https:\/\/www.matts-guitar-shop.com\/wp-content\/uploads\/2024\/08\/Fender-Precision-Bass-Ex-Colin-Greenwood-Radiohead-00.jpg","type":"image\/jpeg"}],"twitter_card":"summary_large_image","schema":{"@context":"https:\/\/schema.org","@graph":[{"@type":"WebPage","@id":"https:\/\/www.matts-guitar-shop.com\/it\/produit\/fender-precision-bass-ex-colin-greenwood-radiohead\/","url":"https:\/\/www.matts-guitar-shop.com\/it\/produit\/fender-precision-bass-ex-colin-greenwood-radiohead\/","name":"Fender Precision Bass Ex Colin Greenwood - Radiohead - Matt&#039;s Guitar Shop","isPartOf":{"@id":"https:\/\/www.matts-guitar-shop.com\/it\/#website"},"primaryImageOfPage":{"@id":"https:\/\/www.matts-guitar-shop.com\/it\/produit\/fender-precision-bass-ex-colin-greenwood-radiohead\/#primaryimage"},"image":{"@id":"https:\/\/www.matts-guitar-shop.com\/it\/produit\/fender-precision-bass-ex-colin-greenwood-radiohead\/#primaryimage"},"thumbnailUrl":"https:\/\/www.matts-guitar-shop.com\/wp-content\/uploads\/2024\/08\/Fender-Precision-Bass-Ex-Colin-Greenwood-Radiohead-00.jpg","datePublished":"2024-08-15T18:53:29+00:00","breadcrumb":{"@id":"https:\/\/www.matts-guitar-shop.com\/it\/produit\/fender-precision-bass-ex-colin-greenwood-radiohead\/#breadcrumb"},"inLanguage":"it-IT","potentialAction":[{"@type":"ReadAction","target":["https:\/\/www.matts-guitar-shop.com\/it\/produit\/fender-precision-bass-ex-colin-greenwood-radiohead\/"]}]},{"@type":"ImageObject","inLanguage":"it-IT","@id":"https:\/\/www.matts-guitar-shop.com\/it\/produit\/fender-precision-bass-ex-colin-greenwood-radiohead\/#primaryimage","url":"https:\/\/www.matts-guitar-shop.com\/wp-content\/uploads\/2024\/08\/Fender-Precision-Bass-Ex-Colin-Greenwood-Radiohead-00.jpg","contentUrl":"https:\/\/www.matts-guitar-shop.com\/wp-content\/uploads\/2024\/08\/Fender-Precision-Bass-Ex-Colin-Greenwood-Radiohead-00.jpg","width":692,"height":1000},{"@type":"BreadcrumbList","@id":"https:\/\/www.matts-guitar-shop.com\/it\/produit\/fender-precision-bass-ex-colin-greenwood-radiohead\/#breadcrumb","itemListElement":[{"@type":"ListItem","position":1,"name":"Home","item":"https:\/\/www.matts-guitar-shop.com\/it\/"},{"@type":"ListItem","position":2,"name":"I nostri prodotti","item":"https:\/\/www.matts-guitar-shop.com\/nos-produits\/"},{"@type":"ListItem","position":3,"name":"Fender Precision Bass Ex Colin Greenwood &#8211; Radiohead"}]},{"@type":"WebSite","@id":"https:\/\/www.matts-guitar-shop.com\/it\/#website","url":"https:\/\/www.matts-guitar-shop.com\/it\/","name":"matts-guitar-shop.com","description":"Guitar Shop","publisher":{"@id":"https:\/\/www.matts-guitar-shop.com\/it\/#organization"},"potentialAction":[{"@type":"SearchAction","target":{"@type":"EntryPoint","urlTemplate":"https:\/\/www.matts-guitar-shop.com\/it\/?s={search_term_string}"},"query-input":{"@type":"PropertyValueSpecification","valueRequired":true,"valueName":"search_term_string"}}],"inLanguage":"it-IT"},{"@type":"Organization","@id":"https:\/\/www.matts-guitar-shop.com\/it\/#organization","name":"matts-guitar-shop.com","url":"https:\/\/www.matts-guitar-shop.com\/it\/","logo":{"@type":"ImageObject","inLanguage":"it-IT","@id":"https:\/\/www.matts-guitar-shop.com\/it\/#\/schema\/logo\/image\/","url":"https:\/\/www.matts-guitar-shop.com\/wp-content\/uploads\/2024\/09\/MGS-logo-site-02.png","contentUrl":"https:\/\/www.matts-guitar-shop.com\/wp-content\/uploads\/2024\/09\/MGS-logo-site-02.png","width":200,"height":122,"caption":"matts-guitar-shop.com"},"image":{"@id":"https:\/\/www.matts-guitar-shop.com\/it\/#\/schema\/logo\/image\/"},"sameAs":["https:\/\/www.facebook.com\/profile.php?id=100044359842817","https:\/\/www.instagram.com\/mattsguitarshop\/","https:\/\/www.youtube.com\/@MattLucasMan\/videos"]}]}},"_links":{"self":[{"href":"https:\/\/www.matts-guitar-shop.com\/it\/wp-json\/wp\/v2\/product\/22483","targetHints":{"allow":["GET"]}}],"collection":[{"href":"https:\/\/www.matts-guitar-shop.com\/it\/wp-json\/wp\/v2\/product"}],"about":[{"href":"https:\/\/www.matts-guitar-shop.com\/it\/wp-json\/wp\/v2\/types\/product"}],"replies":[{"embeddable":true,"href":"https:\/\/www.matts-guitar-shop.com\/it\/wp-json\/wp\/v2\/comments?post=22483"}],"wp:featuredmedia":[{"embeddable":true,"href":"https:\/\/www.matts-guitar-shop.com\/it\/wp-json\/wp\/v2\/media\/22484"}],"wp:attachment":[{"href":"https:\/\/www.matts-guitar-shop.com\/it\/wp-json\/wp\/v2\/media?parent=22483"}],"wp:term":[{"taxonomy":"product_brand","embeddable":true,"href":"https:\/\/www.matts-guitar-shop.com\/it\/wp-json\/wp\/v2\/product_brand?post=22483"},{"taxonomy":"product_cat","embeddable":true,"href":"https:\/\/www.matts-guitar-shop.com\/it\/wp-json\/wp\/v2\/product_cat?post=22483"},{"taxonomy":"product_tag","embeddable":true,"href":"https:\/\/www.matts-guitar-shop.com\/it\/wp-json\/wp\/v2\/product_tag?post=22483"}],"curies":[{"name":"wp","href":"https:\/\/api.w.org\/{rel}","templated":true}]}}