{"id":22444,"date":"2024-08-15T20:20:59","date_gmt":"2024-08-15T18:20:59","guid":{"rendered":"https:\/\/www.matts-guitar-shop.com\/produit\/fender-stratocaster-eric-clapton-edizione-crash-crossroads\/"},"modified":"2024-08-15T20:20:59","modified_gmt":"2024-08-15T18:20:59","slug":"fender-stratocaster-eric-clapton-edizione-crash-crossroads","status":"publish","type":"product","link":"https:\/\/www.matts-guitar-shop.com\/it\/produit\/fender-stratocaster-eric-clapton-edizione-crash-crossroads\/","title":{"rendered":"Fender Stratocaster Eric Clapton \u2013 Edizione Crash Crossroads"},"content":{"rendered":"<p>Eric Clapton<br \/> (1945)<\/p>\n<p>Gruppo: Cream<br \/> Chitarra principale: Fender Stratocaster<br \/> Brano da ascoltare assolutamente: Crossroads<\/p>\n<p>Pi\u00f9 che un semplice musicista, Clapton \u00e8 diventato un\u2019icona mondiale: indiscutibilmente il bluesman e chitarrista pi\u00f9 conosciuto dal grande pubblico, senza per questo essere snobbato dai veri intenditori. Il giovane Eric ha avuto un ruolo determinante nella creazione di un autentico blues britannico e nella sua esportazione verso gli Stati Uniti.<\/p>\n<p>Clapton ha mosso i primi passi con gli Yardbirds, un gruppo che univa influenze del Chicago Blues e della pop, suonando la sua Telecaster collegata a un AC30. Dopo il singolo *For Your Love* (1965), troppo pop per i suoi gusti, entra a far parte dei puristi di *John Mayall and the Bluesbreakers*. Vi rimarr\u00e0 solo pochi mesi, ma sar\u00e0 sufficiente per incidere i brani memorabili dell\u2019album eponimo *With Eric Clapton* del 1966. Con questo disco storico il mondo scopre la combinazione letale di una Les Paul sunburst \u2014 all\u2019epoca un modello ignorato \u2014 collegata a un combo Marshall. Questa formula sar\u00e0 ripresa da innumerevoli rockstar, ma l\u2019elettricit\u00e0 sovraccarica del tocco di Clapton su questo album non sar\u00e0 mai davvero eguagliata. Ispirer\u00e0 un\u2019intera generazione di chitarristi britannici e fan, che inizieranno a chiamarlo \u201cgod\u201d.<\/p>\n<p>Nel 1966 si unisce al trio appena formato dal batterista Ginger Baker con Jack Bruce (anch\u2019egli ex Bluesbreakers): nascono i Cream. Il trio di virtuosi reinventa il blues elettrico tornando alle radici e infondendo un\u2019urgenza psichedelica nelle opere dei grandi maestri. In questo periodo Clapton suona una SG coperta da disegni psichedelici (\u201cThe Fool\u201d) e una ES-335 Cherry Red. Poi i Cream implodono sotto il peso degli ego coinvolti e Clapton forma i *Blind Faith* con Steve Winwood, suonando una Telecaster con manico Stratocaster, primo segnale della sua passione per l\u2019assemblaggio di Fender.<\/p>\n<p>Nel 1970 Clapton si nasconde dietro il nome del gruppo *Derek And The Dominos* per lo splendido album *Layla*, poi decide finalmente di assumere il proprio status di solista e inizia a pubblicare dischi a suo nome, a partire dall\u2019album eponimo del 1970 e poi *461 Ocean Boulevard* nel 1974. Seguono produzioni pi\u00f9 o meno ispirate, ma sempre caratterizzate dal suono della Stratocaster, generalmente con la sua fedele \u201cBlackie\u201d, una Stratocaster anni \u201950 nera assemblata a partire da diversi strumenti vintage.<\/p>\n<p>L\u2019album definitivo che proietta Clapton ancora pi\u00f9 in alto arriva nel 1992 con *Unplugged*, un semplice concerto acustico per una trasmissione MTV che diventa un vero fenomeno culturale e rilancia le vendite delle chitarre Martin come mai prima. La 000-28 torna cos\u00ec a essere uno strumento desideratissimo. Da allora Eric ha realizzato un album tributo a Robert Johnson, dischi in duo con B.B. King e J.J. Cale, organizzato gli straordinari festival *Crossroads* e venduto moltissime chitarre all\u2019asta. Le sue rare esibizioni dal vivo restano eventi chitarristici di grande richiamo, pi\u00f9 di mezzo secolo dopo i suoi esordi.<\/p>\n","protected":false},"excerpt":{"rendered":"<p>Hai domande su questo prodotto? Contattaci!<\/p>\n","protected":false},"featured_media":22445,"comment_status":"open","ping_status":"closed","template":"","meta":{"_et_pb_use_builder":"","_et_pb_old_content":"","_et_gb_content_width":""},"product_brand":[],"product_cat":[851,846,847],"product_tag":[],"class_list":{"0":"post-22444","1":"product","2":"type-product","3":"status-publish","4":"has-post-thumbnail","6":"product_cat-chitarre-elettriche","7":"product_cat-venduti","8":"product_cat-chitarre","9":"pa_artiste-eric-clapton-it","10":"pa_disponibilite-vendutoa","11":"pa_marque-fender-it","13":"first","14":"outofstock","15":"shipping-taxable","16":"product-type-simple"},"yoast_head":"<!-- This site is optimized with the Yoast SEO plugin v26.8 - https:\/\/yoast.com\/product\/yoast-seo-wordpress\/ -->\n<title>Fender Stratocaster Eric Clapton \u2013 Edizione Crash Crossroads - Matt&#039;s Guitar Shop<\/title>\n<meta name=\"robots\" content=\"index, follow, max-snippet:-1, max-image-preview:large, max-video-preview:-1\" \/>\n<link rel=\"canonical\" href=\"https:\/\/www.matts-guitar-shop.com\/it\/produit\/fender-stratocaster-eric-clapton-edizione-crash-crossroads\/\" \/>\n<meta property=\"og:locale\" content=\"it_IT\" \/>\n<meta property=\"og:type\" content=\"article\" \/>\n<meta property=\"og:title\" content=\"Fender Stratocaster Eric Clapton \u2013 Edizione Crash Crossroads - Matt&#039;s Guitar Shop\" \/>\n<meta property=\"og:description\" content=\"Hai domande su questo prodotto? Contattaci!\" \/>\n<meta property=\"og:url\" content=\"https:\/\/www.matts-guitar-shop.com\/it\/produit\/fender-stratocaster-eric-clapton-edizione-crash-crossroads\/\" \/>\n<meta property=\"og:site_name\" content=\"Matt&#039;s Guitar Shop\" \/>\n<meta property=\"article:publisher\" content=\"https:\/\/www.facebook.com\/profile.php?id=100044359842817\" \/>\n<meta property=\"og:image\" content=\"https:\/\/www.matts-guitar-shop.com\/wp-content\/uploads\/2024\/08\/Fender-Stratocaster-Eric-Clapton-Crash-Crossroads-Edition-00.jpg\" \/>\n\t<meta property=\"og:image:width\" content=\"692\" \/>\n\t<meta property=\"og:image:height\" content=\"1000\" \/>\n\t<meta property=\"og:image:type\" content=\"image\/jpeg\" \/>\n<meta name=\"twitter:card\" content=\"summary_large_image\" \/>\n<meta name=\"twitter:label1\" content=\"Tempo di lettura stimato\" \/>\n\t<meta name=\"twitter:data1\" content=\"2 minuti\" \/>\n<script type=\"application\/ld+json\" class=\"yoast-schema-graph\">{\"@context\":\"https:\/\/schema.org\",\"@graph\":[{\"@type\":\"WebPage\",\"@id\":\"https:\/\/www.matts-guitar-shop.com\/it\/produit\/fender-stratocaster-eric-clapton-edizione-crash-crossroads\/\",\"url\":\"https:\/\/www.matts-guitar-shop.com\/it\/produit\/fender-stratocaster-eric-clapton-edizione-crash-crossroads\/\",\"name\":\"Fender Stratocaster Eric Clapton \u2013 Edizione Crash Crossroads - Matt&#039;s Guitar Shop\",\"isPartOf\":{\"@id\":\"https:\/\/www.matts-guitar-shop.com\/it\/#website\"},\"primaryImageOfPage\":{\"@id\":\"https:\/\/www.matts-guitar-shop.com\/it\/produit\/fender-stratocaster-eric-clapton-edizione-crash-crossroads\/#primaryimage\"},\"image\":{\"@id\":\"https:\/\/www.matts-guitar-shop.com\/it\/produit\/fender-stratocaster-eric-clapton-edizione-crash-crossroads\/#primaryimage\"},\"thumbnailUrl\":\"https:\/\/www.matts-guitar-shop.com\/wp-content\/uploads\/2024\/08\/Fender-Stratocaster-Eric-Clapton-Crash-Crossroads-Edition-00.jpg\",\"datePublished\":\"2024-08-15T18:20:59+00:00\",\"breadcrumb\":{\"@id\":\"https:\/\/www.matts-guitar-shop.com\/it\/produit\/fender-stratocaster-eric-clapton-edizione-crash-crossroads\/#breadcrumb\"},\"inLanguage\":\"it-IT\",\"potentialAction\":[{\"@type\":\"ReadAction\",\"target\":[\"https:\/\/www.matts-guitar-shop.com\/it\/produit\/fender-stratocaster-eric-clapton-edizione-crash-crossroads\/\"]}]},{\"@type\":\"ImageObject\",\"inLanguage\":\"it-IT\",\"@id\":\"https:\/\/www.matts-guitar-shop.com\/it\/produit\/fender-stratocaster-eric-clapton-edizione-crash-crossroads\/#primaryimage\",\"url\":\"https:\/\/www.matts-guitar-shop.com\/wp-content\/uploads\/2024\/08\/Fender-Stratocaster-Eric-Clapton-Crash-Crossroads-Edition-00.jpg\",\"contentUrl\":\"https:\/\/www.matts-guitar-shop.com\/wp-content\/uploads\/2024\/08\/Fender-Stratocaster-Eric-Clapton-Crash-Crossroads-Edition-00.jpg\",\"width\":692,\"height\":1000},{\"@type\":\"BreadcrumbList\",\"@id\":\"https:\/\/www.matts-guitar-shop.com\/it\/produit\/fender-stratocaster-eric-clapton-edizione-crash-crossroads\/#breadcrumb\",\"itemListElement\":[{\"@type\":\"ListItem\",\"position\":1,\"name\":\"Home\",\"item\":\"https:\/\/www.matts-guitar-shop.com\/it\/\"},{\"@type\":\"ListItem\",\"position\":2,\"name\":\"I nostri prodotti\",\"item\":\"https:\/\/www.matts-guitar-shop.com\/nos-produits\/\"},{\"@type\":\"ListItem\",\"position\":3,\"name\":\"Fender Stratocaster Eric Clapton \u2013 Edizione Crash Crossroads\"}]},{\"@type\":\"WebSite\",\"@id\":\"https:\/\/www.matts-guitar-shop.com\/it\/#website\",\"url\":\"https:\/\/www.matts-guitar-shop.com\/it\/\",\"name\":\"matts-guitar-shop.com\",\"description\":\"Guitar Shop\",\"publisher\":{\"@id\":\"https:\/\/www.matts-guitar-shop.com\/it\/#organization\"},\"potentialAction\":[{\"@type\":\"SearchAction\",\"target\":{\"@type\":\"EntryPoint\",\"urlTemplate\":\"https:\/\/www.matts-guitar-shop.com\/it\/?s={search_term_string}\"},\"query-input\":{\"@type\":\"PropertyValueSpecification\",\"valueRequired\":true,\"valueName\":\"search_term_string\"}}],\"inLanguage\":\"it-IT\"},{\"@type\":\"Organization\",\"@id\":\"https:\/\/www.matts-guitar-shop.com\/it\/#organization\",\"name\":\"matts-guitar-shop.com\",\"url\":\"https:\/\/www.matts-guitar-shop.com\/it\/\",\"logo\":{\"@type\":\"ImageObject\",\"inLanguage\":\"it-IT\",\"@id\":\"https:\/\/www.matts-guitar-shop.com\/it\/#\/schema\/logo\/image\/\",\"url\":\"https:\/\/www.matts-guitar-shop.com\/wp-content\/uploads\/2024\/09\/MGS-logo-site-02.png\",\"contentUrl\":\"https:\/\/www.matts-guitar-shop.com\/wp-content\/uploads\/2024\/09\/MGS-logo-site-02.png\",\"width\":200,\"height\":122,\"caption\":\"matts-guitar-shop.com\"},\"image\":{\"@id\":\"https:\/\/www.matts-guitar-shop.com\/it\/#\/schema\/logo\/image\/\"},\"sameAs\":[\"https:\/\/www.facebook.com\/profile.php?id=100044359842817\",\"https:\/\/www.instagram.com\/mattsguitarshop\/\",\"https:\/\/www.youtube.com\/@MattLucasMan\/videos\"]}]}<\/script>\n<!-- \/ Yoast SEO plugin. -->","yoast_head_json":{"title":"Fender Stratocaster Eric Clapton \u2013 Edizione Crash Crossroads - Matt&#039;s Guitar Shop","robots":{"index":"index","follow":"follow","max-snippet":"max-snippet:-1","max-image-preview":"max-image-preview:large","max-video-preview":"max-video-preview:-1"},"canonical":"https:\/\/www.matts-guitar-shop.com\/it\/produit\/fender-stratocaster-eric-clapton-edizione-crash-crossroads\/","og_locale":"it_IT","og_type":"article","og_title":"Fender Stratocaster Eric Clapton \u2013 Edizione Crash Crossroads - Matt&#039;s Guitar Shop","og_description":"Hai domande su questo prodotto? Contattaci!","og_url":"https:\/\/www.matts-guitar-shop.com\/it\/produit\/fender-stratocaster-eric-clapton-edizione-crash-crossroads\/","og_site_name":"Matt&#039;s Guitar Shop","article_publisher":"https:\/\/www.facebook.com\/profile.php?id=100044359842817","og_image":[{"width":692,"height":1000,"url":"https:\/\/www.matts-guitar-shop.com\/wp-content\/uploads\/2024\/08\/Fender-Stratocaster-Eric-Clapton-Crash-Crossroads-Edition-00.jpg","type":"image\/jpeg"}],"twitter_card":"summary_large_image","twitter_misc":{"Tempo di lettura stimato":"2 minuti"},"schema":{"@context":"https:\/\/schema.org","@graph":[{"@type":"WebPage","@id":"https:\/\/www.matts-guitar-shop.com\/it\/produit\/fender-stratocaster-eric-clapton-edizione-crash-crossroads\/","url":"https:\/\/www.matts-guitar-shop.com\/it\/produit\/fender-stratocaster-eric-clapton-edizione-crash-crossroads\/","name":"Fender Stratocaster Eric Clapton \u2013 Edizione Crash Crossroads - Matt&#039;s Guitar Shop","isPartOf":{"@id":"https:\/\/www.matts-guitar-shop.com\/it\/#website"},"primaryImageOfPage":{"@id":"https:\/\/www.matts-guitar-shop.com\/it\/produit\/fender-stratocaster-eric-clapton-edizione-crash-crossroads\/#primaryimage"},"image":{"@id":"https:\/\/www.matts-guitar-shop.com\/it\/produit\/fender-stratocaster-eric-clapton-edizione-crash-crossroads\/#primaryimage"},"thumbnailUrl":"https:\/\/www.matts-guitar-shop.com\/wp-content\/uploads\/2024\/08\/Fender-Stratocaster-Eric-Clapton-Crash-Crossroads-Edition-00.jpg","datePublished":"2024-08-15T18:20:59+00:00","breadcrumb":{"@id":"https:\/\/www.matts-guitar-shop.com\/it\/produit\/fender-stratocaster-eric-clapton-edizione-crash-crossroads\/#breadcrumb"},"inLanguage":"it-IT","potentialAction":[{"@type":"ReadAction","target":["https:\/\/www.matts-guitar-shop.com\/it\/produit\/fender-stratocaster-eric-clapton-edizione-crash-crossroads\/"]}]},{"@type":"ImageObject","inLanguage":"it-IT","@id":"https:\/\/www.matts-guitar-shop.com\/it\/produit\/fender-stratocaster-eric-clapton-edizione-crash-crossroads\/#primaryimage","url":"https:\/\/www.matts-guitar-shop.com\/wp-content\/uploads\/2024\/08\/Fender-Stratocaster-Eric-Clapton-Crash-Crossroads-Edition-00.jpg","contentUrl":"https:\/\/www.matts-guitar-shop.com\/wp-content\/uploads\/2024\/08\/Fender-Stratocaster-Eric-Clapton-Crash-Crossroads-Edition-00.jpg","width":692,"height":1000},{"@type":"BreadcrumbList","@id":"https:\/\/www.matts-guitar-shop.com\/it\/produit\/fender-stratocaster-eric-clapton-edizione-crash-crossroads\/#breadcrumb","itemListElement":[{"@type":"ListItem","position":1,"name":"Home","item":"https:\/\/www.matts-guitar-shop.com\/it\/"},{"@type":"ListItem","position":2,"name":"I nostri prodotti","item":"https:\/\/www.matts-guitar-shop.com\/nos-produits\/"},{"@type":"ListItem","position":3,"name":"Fender Stratocaster Eric Clapton \u2013 Edizione Crash Crossroads"}]},{"@type":"WebSite","@id":"https:\/\/www.matts-guitar-shop.com\/it\/#website","url":"https:\/\/www.matts-guitar-shop.com\/it\/","name":"matts-guitar-shop.com","description":"Guitar Shop","publisher":{"@id":"https:\/\/www.matts-guitar-shop.com\/it\/#organization"},"potentialAction":[{"@type":"SearchAction","target":{"@type":"EntryPoint","urlTemplate":"https:\/\/www.matts-guitar-shop.com\/it\/?s={search_term_string}"},"query-input":{"@type":"PropertyValueSpecification","valueRequired":true,"valueName":"search_term_string"}}],"inLanguage":"it-IT"},{"@type":"Organization","@id":"https:\/\/www.matts-guitar-shop.com\/it\/#organization","name":"matts-guitar-shop.com","url":"https:\/\/www.matts-guitar-shop.com\/it\/","logo":{"@type":"ImageObject","inLanguage":"it-IT","@id":"https:\/\/www.matts-guitar-shop.com\/it\/#\/schema\/logo\/image\/","url":"https:\/\/www.matts-guitar-shop.com\/wp-content\/uploads\/2024\/09\/MGS-logo-site-02.png","contentUrl":"https:\/\/www.matts-guitar-shop.com\/wp-content\/uploads\/2024\/09\/MGS-logo-site-02.png","width":200,"height":122,"caption":"matts-guitar-shop.com"},"image":{"@id":"https:\/\/www.matts-guitar-shop.com\/it\/#\/schema\/logo\/image\/"},"sameAs":["https:\/\/www.facebook.com\/profile.php?id=100044359842817","https:\/\/www.instagram.com\/mattsguitarshop\/","https:\/\/www.youtube.com\/@MattLucasMan\/videos"]}]}},"_links":{"self":[{"href":"https:\/\/www.matts-guitar-shop.com\/it\/wp-json\/wp\/v2\/product\/22444","targetHints":{"allow":["GET"]}}],"collection":[{"href":"https:\/\/www.matts-guitar-shop.com\/it\/wp-json\/wp\/v2\/product"}],"about":[{"href":"https:\/\/www.matts-guitar-shop.com\/it\/wp-json\/wp\/v2\/types\/product"}],"replies":[{"embeddable":true,"href":"https:\/\/www.matts-guitar-shop.com\/it\/wp-json\/wp\/v2\/comments?post=22444"}],"wp:featuredmedia":[{"embeddable":true,"href":"https:\/\/www.matts-guitar-shop.com\/it\/wp-json\/wp\/v2\/media\/22445"}],"wp:attachment":[{"href":"https:\/\/www.matts-guitar-shop.com\/it\/wp-json\/wp\/v2\/media?parent=22444"}],"wp:term":[{"taxonomy":"product_brand","embeddable":true,"href":"https:\/\/www.matts-guitar-shop.com\/it\/wp-json\/wp\/v2\/product_brand?post=22444"},{"taxonomy":"product_cat","embeddable":true,"href":"https:\/\/www.matts-guitar-shop.com\/it\/wp-json\/wp\/v2\/product_cat?post=22444"},{"taxonomy":"product_tag","embeddable":true,"href":"https:\/\/www.matts-guitar-shop.com\/it\/wp-json\/wp\/v2\/product_tag?post=22444"}],"curies":[{"name":"wp","href":"https:\/\/api.w.org\/{rel}","templated":true}]}}