{"id":22359,"date":"2024-08-22T15:07:12","date_gmt":"2024-08-22T13:07:12","guid":{"rendered":"https:\/\/www.matts-guitar-shop.com\/produit\/gibson-les-paul-standard-the-allman-brother-dickey-betts-dan-toler\/"},"modified":"2024-08-22T15:07:12","modified_gmt":"2024-08-22T13:07:12","slug":"gibson-les-paul-standard-the-allman-brother-dickey-betts-dan-toler","status":"publish","type":"product","link":"https:\/\/www.matts-guitar-shop.com\/it\/produit\/gibson-les-paul-standard-the-allman-brother-dickey-betts-dan-toler\/","title":{"rendered":"Gibson Les Paul Standard The Allman Brother Dickey Betts \/ Dan Toler"},"content":{"rendered":"<p>Dickey Betts<br \/> (1943)<\/p>\n<p>Gruppo: Allman Brothers Band<br \/> Chitarra principale: Gibson Les Paul Standard 1958<br \/> Da ascoltare assolutamente: <em>Jessica<\/em><\/p>\n<p>Il gruppo si chiamava Allman Brothers perch\u00e9 Duane e Greg Allman erano all\u2019origine della sua formazione, ma non va sottovalutata l\u2019importanza cruciale di Dickey Betts. Betts era l\u2019altra met\u00e0 delle armonie a due chitarre e dei contrappunti complessi con Duane che hanno creato il suono del gruppo. Hanno inventato un nuovo sound, un nuovo approccio al rock che ha ispirato tanto il southern rock quanto artisti britannici come Thin Lizzy e Iron Maiden.<\/p>\n<p>Betts inizi\u00f2 a suonare in numerosi gruppi locali della Florida a met\u00e0 degli anni \u201960, per poi entrare negli Allman Brothers Band fin dalla loro formazione nel 1969. Al fianco di Duane Allman, formarono un mostro a due teste della chitarra, mai eguagliato, un mix di suoni molto inventivo che si mescolano fino a creare pura bellezza. Nei primi due album del 1969 e 1970, Greg Allman scriveva tutti i brani, con l\u2019eccezione notevole di <em>Revival<\/em> e soprattutto <em>In Memory Of Elizabeth Reed<\/em>, un classico dei gruppi jam scritto da Betts e diventato un pezzo epico di 13 minuti nell\u2019album live <em>At Fillmore East<\/em>.<\/p>\n<p>Dopo la morte di Duane, Betts divenne il leader del gruppo e scrisse classici come <em>Jessica<\/em>, composta per sua figlia nel 1973. Avvi\u00f2 anche la carriera da solista poco dopo, con il gruppo Great Southern e poi con il suo Dickey Betts Band. Nel 1976, gli Allman Brothers si separarono per la prima volta, e da quel momento Betts attravers\u00f2 un periodo in cui faceva talvolta parte del gruppo, talvolta no. Degna di nota \u00e8 l\u2019ottima fase degli anni \u201990, durante la quale suonava al fianco di Warren Haynes. Nel 2018 Betts era ancora in tourn\u00e9e con il suo gruppo, che includeva anche suo figlio Duane. Una vera storia di famiglia.<\/p>\n","protected":false},"excerpt":{"rendered":"<p><strong>Qual \u00e8 la Les Paul vintage pi\u00f9 importante di tutte? Alcuni direbbero la Burst usata da Clapton per registrare l\u2019album <em>John Mayall and the Bluesbreakers<\/em>, altri penserebbero alla 59 Bigsby che Keith Richards usava ai suoi esordi. Ma ci sono anche solide ragioni per considerare la leggendaria Toler Burst. In origine, questa chitarra era una Les Paul gold top del 1958 (una delle ultime prima che il sunburst diventasse la finitura standard) con retro nero (invece del solito mogano naturale). Dickey Betts la acquist\u00f2 a met\u00e0 degli anni \u201960, prima di entrare negli Allman Brothers Band.<\/strong><\/p>\n<p>\u00c8 una delle Les Paul che ha usato di pi\u00f9 durante il suo primo periodo nel gruppo, dal 1969 al 1976. \u00c8 quindi sia una reliquia incredibile sia uno strumento che ha inventato un suono e definito un genere. Basta qualche secondo suonando il pickup al manico di questa Les Paul attraverso un Marshall al massimo per capire: \u00e8 di gran lunga il pickup pi\u00f9 vocale, lirico e caldo mai suonato su una Les Paul vintage. Ha un suono enorme ma mantiene la chiarezza, e il sustain dura giorni. Questo suono si sente molto bene nei primi album degli Allman Brothers, dove costruisce il ponte tra blues, jazz e rock con una voce vicina a quella di un sassofono.<\/p>\n<p>Anche se non \u00e8 possibile affermarlo con certezza al 100%, \u00e8 molto probabile che questa sia la Les Paul suonata da Dickey nell\u2019album del 1971 <em>At Fillmore East<\/em>, senza dubbio uno dei pi\u00f9 grandi album live di tutti i tempi. Quando era di sua propriet\u00e0, Dickey cambi\u00f2 due potenziometri, sostitu\u00ec le meccaniche originali con delle Grover, ruppe la paletta, la refrett\u00f2 e soprattutto la invi\u00f2 a Gibson per un refinish a met\u00e0 anni \u201970. Questo spiega il tipico sunburst a due toni degli anni \u201970 che si osserva qui, e anche il motivo per cui la giunzione tra i due pezzi di acero del top non \u00e8 centrata (cosa comune sulle gold top, dato che il chitarrista non doveva vederla!).<\/p>\n<p>Nel 1977, Betts form\u00f2 il suo gruppo Great Southern con il chitarrista Dan Toler, a cui fin\u00ec per regalare questa chitarra, che divenne cos\u00ec la Toler Burst. Toler si un\u00ec poi agli Allman Brothers al fianco di Dickey, e la Burst era il suo strumento principale all\u2019epoca. Nel 1983, un giovane Joe Bonamassa la vide suonare da Toler al suo primo concerto.<\/p>\n<p>Toler la vendette poi a un DJ americano, che a sua volta la vendette a un tedesco, il quale infine accett\u00f2 di venderla a Matt. Poche ore dopo l\u2019arrivo di questa chitarra in Francia, la Toler Burst fu finalmente riunita con Joe Bonamassa, che la suon\u00f2 durante un memorabile concerto a Clermont-Ferrand. La storia sa regalare echi davvero splendidi.<\/p>\n","protected":false},"featured_media":22360,"comment_status":"open","ping_status":"closed","template":"","meta":{"_et_pb_use_builder":"","_et_pb_old_content":"","_et_gb_content_width":""},"product_brand":[],"product_cat":[851,846,847],"product_tag":[],"class_list":{"0":"post-22359","1":"product","2":"type-product","3":"status-publish","4":"has-post-thumbnail","6":"product_cat-chitarre-elettriche","7":"product_cat-venduti","8":"product_cat-chitarre","9":"pa_artiste-dan-toler-it","10":"pa_artiste-dickey-betts-it","11":"pa_disponibilite-vendutoa","12":"pa_marque-gibson-it","14":"first","15":"outofstock","16":"shipping-taxable","17":"product-type-simple"},"yoast_head":"<!-- This site is optimized with the Yoast SEO plugin v26.8 - https:\/\/yoast.com\/product\/yoast-seo-wordpress\/ -->\n<title>Gibson Les Paul Standard The Allman Brother Dickey Betts \/ Dan Toler - Matt&#039;s Guitar Shop<\/title>\n<meta name=\"description\" content=\"1958 Gibson Les Paul Standard ex-Dickey Betts &amp; Dan Toler (Allman Brothers). Una chitarra leggendaria e rara, strumento iconico del Southern Rock.\" \/>\n<meta name=\"robots\" content=\"index, follow, max-snippet:-1, max-image-preview:large, max-video-preview:-1\" \/>\n<link rel=\"canonical\" href=\"https:\/\/www.matts-guitar-shop.com\/it\/produit\/gibson-les-paul-standard-the-allman-brother-dickey-betts-dan-toler\/\" \/>\n<meta property=\"og:locale\" content=\"it_IT\" \/>\n<meta property=\"og:type\" content=\"article\" \/>\n<meta property=\"og:title\" content=\"Gibson Les Paul Standard The Allman Brother Dickey Betts \/ Dan Toler - Matt&#039;s Guitar Shop\" \/>\n<meta property=\"og:description\" content=\"1958 Gibson Les Paul Standard ex-Dickey Betts &amp; Dan Toler (Allman Brothers). Una chitarra leggendaria e rara, strumento iconico del Southern Rock.\" \/>\n<meta property=\"og:url\" content=\"https:\/\/www.matts-guitar-shop.com\/it\/produit\/gibson-les-paul-standard-the-allman-brother-dickey-betts-dan-toler\/\" \/>\n<meta property=\"og:site_name\" content=\"Matt&#039;s Guitar Shop\" \/>\n<meta property=\"article:publisher\" content=\"https:\/\/www.facebook.com\/profile.php?id=100044359842817\" \/>\n<meta property=\"og:image\" content=\"https:\/\/www.matts-guitar-shop.com\/wp-content\/uploads\/2024\/08\/1958-gibson-les-paul-dickey-betts-00.jpg\" \/>\n\t<meta property=\"og:image:width\" content=\"900\" \/>\n\t<meta property=\"og:image:height\" content=\"1300\" \/>\n\t<meta property=\"og:image:type\" content=\"image\/jpeg\" \/>\n<meta name=\"twitter:card\" content=\"summary_large_image\" \/>\n<meta name=\"twitter:label1\" content=\"Tempo di lettura stimato\" \/>\n\t<meta name=\"twitter:data1\" content=\"2 minuti\" \/>\n<script type=\"application\/ld+json\" class=\"yoast-schema-graph\">{\"@context\":\"https:\/\/schema.org\",\"@graph\":[{\"@type\":\"WebPage\",\"@id\":\"https:\/\/www.matts-guitar-shop.com\/it\/produit\/gibson-les-paul-standard-the-allman-brother-dickey-betts-dan-toler\/\",\"url\":\"https:\/\/www.matts-guitar-shop.com\/it\/produit\/gibson-les-paul-standard-the-allman-brother-dickey-betts-dan-toler\/\",\"name\":\"Gibson Les Paul Standard The Allman Brother Dickey Betts \/ Dan Toler - Matt&#039;s Guitar Shop\",\"isPartOf\":{\"@id\":\"https:\/\/www.matts-guitar-shop.com\/it\/#website\"},\"primaryImageOfPage\":{\"@id\":\"https:\/\/www.matts-guitar-shop.com\/it\/produit\/gibson-les-paul-standard-the-allman-brother-dickey-betts-dan-toler\/#primaryimage\"},\"image\":{\"@id\":\"https:\/\/www.matts-guitar-shop.com\/it\/produit\/gibson-les-paul-standard-the-allman-brother-dickey-betts-dan-toler\/#primaryimage\"},\"thumbnailUrl\":\"https:\/\/www.matts-guitar-shop.com\/wp-content\/uploads\/2024\/08\/1958-gibson-les-paul-dickey-betts-00.jpg\",\"datePublished\":\"2024-08-22T13:07:12+00:00\",\"description\":\"1958 Gibson Les Paul Standard ex-Dickey Betts & Dan Toler (Allman Brothers). Una chitarra leggendaria e rara, strumento iconico del Southern Rock.\",\"breadcrumb\":{\"@id\":\"https:\/\/www.matts-guitar-shop.com\/it\/produit\/gibson-les-paul-standard-the-allman-brother-dickey-betts-dan-toler\/#breadcrumb\"},\"inLanguage\":\"it-IT\",\"potentialAction\":[{\"@type\":\"ReadAction\",\"target\":[\"https:\/\/www.matts-guitar-shop.com\/it\/produit\/gibson-les-paul-standard-the-allman-brother-dickey-betts-dan-toler\/\"]}]},{\"@type\":\"ImageObject\",\"inLanguage\":\"it-IT\",\"@id\":\"https:\/\/www.matts-guitar-shop.com\/it\/produit\/gibson-les-paul-standard-the-allman-brother-dickey-betts-dan-toler\/#primaryimage\",\"url\":\"https:\/\/www.matts-guitar-shop.com\/wp-content\/uploads\/2024\/08\/1958-gibson-les-paul-dickey-betts-00.jpg\",\"contentUrl\":\"https:\/\/www.matts-guitar-shop.com\/wp-content\/uploads\/2024\/08\/1958-gibson-les-paul-dickey-betts-00.jpg\",\"width\":900,\"height\":1300},{\"@type\":\"BreadcrumbList\",\"@id\":\"https:\/\/www.matts-guitar-shop.com\/it\/produit\/gibson-les-paul-standard-the-allman-brother-dickey-betts-dan-toler\/#breadcrumb\",\"itemListElement\":[{\"@type\":\"ListItem\",\"position\":1,\"name\":\"Home\",\"item\":\"https:\/\/www.matts-guitar-shop.com\/it\/\"},{\"@type\":\"ListItem\",\"position\":2,\"name\":\"I nostri prodotti\",\"item\":\"https:\/\/www.matts-guitar-shop.com\/nos-produits\/\"},{\"@type\":\"ListItem\",\"position\":3,\"name\":\"Gibson Les Paul Standard The Allman Brother Dickey Betts \/ Dan Toler\"}]},{\"@type\":\"WebSite\",\"@id\":\"https:\/\/www.matts-guitar-shop.com\/it\/#website\",\"url\":\"https:\/\/www.matts-guitar-shop.com\/it\/\",\"name\":\"matts-guitar-shop.com\",\"description\":\"Guitar Shop\",\"publisher\":{\"@id\":\"https:\/\/www.matts-guitar-shop.com\/it\/#organization\"},\"potentialAction\":[{\"@type\":\"SearchAction\",\"target\":{\"@type\":\"EntryPoint\",\"urlTemplate\":\"https:\/\/www.matts-guitar-shop.com\/it\/?s={search_term_string}\"},\"query-input\":{\"@type\":\"PropertyValueSpecification\",\"valueRequired\":true,\"valueName\":\"search_term_string\"}}],\"inLanguage\":\"it-IT\"},{\"@type\":\"Organization\",\"@id\":\"https:\/\/www.matts-guitar-shop.com\/it\/#organization\",\"name\":\"matts-guitar-shop.com\",\"url\":\"https:\/\/www.matts-guitar-shop.com\/it\/\",\"logo\":{\"@type\":\"ImageObject\",\"inLanguage\":\"it-IT\",\"@id\":\"https:\/\/www.matts-guitar-shop.com\/it\/#\/schema\/logo\/image\/\",\"url\":\"https:\/\/www.matts-guitar-shop.com\/wp-content\/uploads\/2024\/09\/MGS-logo-site-02.png\",\"contentUrl\":\"https:\/\/www.matts-guitar-shop.com\/wp-content\/uploads\/2024\/09\/MGS-logo-site-02.png\",\"width\":200,\"height\":122,\"caption\":\"matts-guitar-shop.com\"},\"image\":{\"@id\":\"https:\/\/www.matts-guitar-shop.com\/it\/#\/schema\/logo\/image\/\"},\"sameAs\":[\"https:\/\/www.facebook.com\/profile.php?id=100044359842817\",\"https:\/\/www.instagram.com\/mattsguitarshop\/\",\"https:\/\/www.youtube.com\/@MattLucasMan\/videos\"]}]}<\/script>\n<!-- \/ Yoast SEO plugin. -->","yoast_head_json":{"title":"Gibson Les Paul Standard The Allman Brother Dickey Betts \/ Dan Toler - Matt&#039;s Guitar Shop","description":"1958 Gibson Les Paul Standard ex-Dickey Betts & Dan Toler (Allman Brothers). Una chitarra leggendaria e rara, strumento iconico del Southern Rock.","robots":{"index":"index","follow":"follow","max-snippet":"max-snippet:-1","max-image-preview":"max-image-preview:large","max-video-preview":"max-video-preview:-1"},"canonical":"https:\/\/www.matts-guitar-shop.com\/it\/produit\/gibson-les-paul-standard-the-allman-brother-dickey-betts-dan-toler\/","og_locale":"it_IT","og_type":"article","og_title":"Gibson Les Paul Standard The Allman Brother Dickey Betts \/ Dan Toler - Matt&#039;s Guitar Shop","og_description":"1958 Gibson Les Paul Standard ex-Dickey Betts & Dan Toler (Allman Brothers). Una chitarra leggendaria e rara, strumento iconico del Southern Rock.","og_url":"https:\/\/www.matts-guitar-shop.com\/it\/produit\/gibson-les-paul-standard-the-allman-brother-dickey-betts-dan-toler\/","og_site_name":"Matt&#039;s Guitar Shop","article_publisher":"https:\/\/www.facebook.com\/profile.php?id=100044359842817","og_image":[{"width":900,"height":1300,"url":"https:\/\/www.matts-guitar-shop.com\/wp-content\/uploads\/2024\/08\/1958-gibson-les-paul-dickey-betts-00.jpg","type":"image\/jpeg"}],"twitter_card":"summary_large_image","twitter_misc":{"Tempo di lettura stimato":"2 minuti"},"schema":{"@context":"https:\/\/schema.org","@graph":[{"@type":"WebPage","@id":"https:\/\/www.matts-guitar-shop.com\/it\/produit\/gibson-les-paul-standard-the-allman-brother-dickey-betts-dan-toler\/","url":"https:\/\/www.matts-guitar-shop.com\/it\/produit\/gibson-les-paul-standard-the-allman-brother-dickey-betts-dan-toler\/","name":"Gibson Les Paul Standard The Allman Brother Dickey Betts \/ Dan Toler - Matt&#039;s Guitar Shop","isPartOf":{"@id":"https:\/\/www.matts-guitar-shop.com\/it\/#website"},"primaryImageOfPage":{"@id":"https:\/\/www.matts-guitar-shop.com\/it\/produit\/gibson-les-paul-standard-the-allman-brother-dickey-betts-dan-toler\/#primaryimage"},"image":{"@id":"https:\/\/www.matts-guitar-shop.com\/it\/produit\/gibson-les-paul-standard-the-allman-brother-dickey-betts-dan-toler\/#primaryimage"},"thumbnailUrl":"https:\/\/www.matts-guitar-shop.com\/wp-content\/uploads\/2024\/08\/1958-gibson-les-paul-dickey-betts-00.jpg","datePublished":"2024-08-22T13:07:12+00:00","description":"1958 Gibson Les Paul Standard ex-Dickey Betts & Dan Toler (Allman Brothers). Una chitarra leggendaria e rara, strumento iconico del Southern Rock.","breadcrumb":{"@id":"https:\/\/www.matts-guitar-shop.com\/it\/produit\/gibson-les-paul-standard-the-allman-brother-dickey-betts-dan-toler\/#breadcrumb"},"inLanguage":"it-IT","potentialAction":[{"@type":"ReadAction","target":["https:\/\/www.matts-guitar-shop.com\/it\/produit\/gibson-les-paul-standard-the-allman-brother-dickey-betts-dan-toler\/"]}]},{"@type":"ImageObject","inLanguage":"it-IT","@id":"https:\/\/www.matts-guitar-shop.com\/it\/produit\/gibson-les-paul-standard-the-allman-brother-dickey-betts-dan-toler\/#primaryimage","url":"https:\/\/www.matts-guitar-shop.com\/wp-content\/uploads\/2024\/08\/1958-gibson-les-paul-dickey-betts-00.jpg","contentUrl":"https:\/\/www.matts-guitar-shop.com\/wp-content\/uploads\/2024\/08\/1958-gibson-les-paul-dickey-betts-00.jpg","width":900,"height":1300},{"@type":"BreadcrumbList","@id":"https:\/\/www.matts-guitar-shop.com\/it\/produit\/gibson-les-paul-standard-the-allman-brother-dickey-betts-dan-toler\/#breadcrumb","itemListElement":[{"@type":"ListItem","position":1,"name":"Home","item":"https:\/\/www.matts-guitar-shop.com\/it\/"},{"@type":"ListItem","position":2,"name":"I nostri prodotti","item":"https:\/\/www.matts-guitar-shop.com\/nos-produits\/"},{"@type":"ListItem","position":3,"name":"Gibson Les Paul Standard The Allman Brother Dickey Betts \/ Dan Toler"}]},{"@type":"WebSite","@id":"https:\/\/www.matts-guitar-shop.com\/it\/#website","url":"https:\/\/www.matts-guitar-shop.com\/it\/","name":"matts-guitar-shop.com","description":"Guitar Shop","publisher":{"@id":"https:\/\/www.matts-guitar-shop.com\/it\/#organization"},"potentialAction":[{"@type":"SearchAction","target":{"@type":"EntryPoint","urlTemplate":"https:\/\/www.matts-guitar-shop.com\/it\/?s={search_term_string}"},"query-input":{"@type":"PropertyValueSpecification","valueRequired":true,"valueName":"search_term_string"}}],"inLanguage":"it-IT"},{"@type":"Organization","@id":"https:\/\/www.matts-guitar-shop.com\/it\/#organization","name":"matts-guitar-shop.com","url":"https:\/\/www.matts-guitar-shop.com\/it\/","logo":{"@type":"ImageObject","inLanguage":"it-IT","@id":"https:\/\/www.matts-guitar-shop.com\/it\/#\/schema\/logo\/image\/","url":"https:\/\/www.matts-guitar-shop.com\/wp-content\/uploads\/2024\/09\/MGS-logo-site-02.png","contentUrl":"https:\/\/www.matts-guitar-shop.com\/wp-content\/uploads\/2024\/09\/MGS-logo-site-02.png","width":200,"height":122,"caption":"matts-guitar-shop.com"},"image":{"@id":"https:\/\/www.matts-guitar-shop.com\/it\/#\/schema\/logo\/image\/"},"sameAs":["https:\/\/www.facebook.com\/profile.php?id=100044359842817","https:\/\/www.instagram.com\/mattsguitarshop\/","https:\/\/www.youtube.com\/@MattLucasMan\/videos"]}]}},"_links":{"self":[{"href":"https:\/\/www.matts-guitar-shop.com\/it\/wp-json\/wp\/v2\/product\/22359","targetHints":{"allow":["GET"]}}],"collection":[{"href":"https:\/\/www.matts-guitar-shop.com\/it\/wp-json\/wp\/v2\/product"}],"about":[{"href":"https:\/\/www.matts-guitar-shop.com\/it\/wp-json\/wp\/v2\/types\/product"}],"replies":[{"embeddable":true,"href":"https:\/\/www.matts-guitar-shop.com\/it\/wp-json\/wp\/v2\/comments?post=22359"}],"wp:featuredmedia":[{"embeddable":true,"href":"https:\/\/www.matts-guitar-shop.com\/it\/wp-json\/wp\/v2\/media\/22360"}],"wp:attachment":[{"href":"https:\/\/www.matts-guitar-shop.com\/it\/wp-json\/wp\/v2\/media?parent=22359"}],"wp:term":[{"taxonomy":"product_brand","embeddable":true,"href":"https:\/\/www.matts-guitar-shop.com\/it\/wp-json\/wp\/v2\/product_brand?post=22359"},{"taxonomy":"product_cat","embeddable":true,"href":"https:\/\/www.matts-guitar-shop.com\/it\/wp-json\/wp\/v2\/product_cat?post=22359"},{"taxonomy":"product_tag","embeddable":true,"href":"https:\/\/www.matts-guitar-shop.com\/it\/wp-json\/wp\/v2\/product_tag?post=22359"}],"curies":[{"name":"wp","href":"https:\/\/api.w.org\/{rel}","templated":true}]}}