{"id":22310,"date":"2024-08-19T16:07:05","date_gmt":"2024-08-19T14:07:05","guid":{"rendered":"https:\/\/www.matts-guitar-shop.com\/produit\/gibson-mojo-maker-ex-billy-gibbons-zz-top\/"},"modified":"2024-08-19T16:07:05","modified_gmt":"2024-08-19T14:07:05","slug":"gibson-mojo-maker-ex-billy-gibbons-zz-top","status":"publish","type":"product","link":"https:\/\/www.matts-guitar-shop.com\/it\/produit\/gibson-mojo-maker-ex-billy-gibbons-zz-top\/","title":{"rendered":"Gibson Mojo Maker ex-Billy Gibbons (ZZ Top)"},"content":{"rendered":"<p>Billy F. Gibbons<br \/> (1949)<\/p>\n<p>Gruppo: ZZ Top<br \/> Chitarra principale: Gibson Les Paul Standard 1959<br \/> Brano da ascoltare assolutamente: <em>Just Got Paid<\/em><\/p>\n<p>Billy Gibbons \u00e8 il boss. Il boss dei chitarristi, con il suo vibrato sensuale e il suono corposo come un burrito che estrae dalla sua Les Paul. Il boss dei cantanti, con il suo timbro ruvido e twangy. Il boss dei bandleader con gli ZZ Top, il trio la cui formazione \u00e8 rimasta invariata dal 1969. Il boss dello stile, con un senso impeccabile della mise en sc\u00e8ne vestimentaria. E infine, il boss dei collezionisti, con diversi magazzini pieni di migliaia di chitarre acquistate nel corso degli anni. La leggenda dice che possieda un esemplare di ogni anno di ogni modello delle grandi marche, e potrebbe non essere soltanto una leggenda\u2026 Fatto sta che gli strumenti a lui noti sono impressionanti, dalla \u201cMistress Pearly Gates\u201d, la famosa Les Paul \u201959 che lo accompagna da sempre, alla sua Strat \u201954 hardtail spesso usata come complemento di Pearly Gates, fino alle numerose chitarre personalizzate in stile hotrod.<\/p>\n<p>La sua carriera inizia gi\u00e0 nel 1967 con i The Moving Sidewalks, uno dei pochi gruppi di rock psichedelico texano ispirati dai 13th Floor Elevators. Fecero da apertura a Jimi Hendrix prima di sciogliersi nel 1969, anno in cui Gibbons fonda gli ZZ Top.<\/p>\n<p>Il trio parte con un blues rock corposo e tradizionale, per poi evolversi verso sonorit\u00e0 pi\u00f9 elettroniche, a partire da <em>Deg\u00fcello<\/em> nel 1979. Questa direzione si conferma con la trilogia <em>Eliminator \/ Afterburner \/ Recycler<\/em>, tre album in cui il blues di Gibbons si mescola a sintetizzatori e drum machine dell\u2019epoca, con un risultato che ha conquistato molti fan, sia quelli arrivati alla musica del trio grazie a singoli come <em>Gimme All Your Loving<\/em> e <em>Rough Boy<\/em>, sia quelli affascinati dagli eccellenti videoclip del gruppo, trasmessi in loop su MTV. Da allora, gli ZZ Top hanno reinventato nuovamente la loro musica con un suono pi\u00f9 corposo, organico e immerso nella fuzz. Gibbons ha moltiplicato le apparizioni come guest star negli album di altri musicisti, e soprattutto ha pubblicato due album a suo nome, <em>Perfectamundo<\/em>, che esplora la musica cubana, e <em>Big Bad Blues<\/em>, che ritorna alle sue prime passioni, tra Muddy Waters e Bo Diddley. Il cerchio \u00e8 completo.<\/p>\n","protected":false},"excerpt":{"rendered":"<p>Per qualsiasi domanda su questo prodotto, non esitare a contattarci!<\/p>\n","protected":false},"featured_media":22311,"comment_status":"open","ping_status":"closed","template":"","meta":{"_et_pb_use_builder":"","_et_pb_old_content":"","_et_gb_content_width":""},"product_brand":[],"product_cat":[851,846,844,847],"product_tag":[],"class_list":{"0":"post-22310","1":"product","2":"type-product","3":"status-publish","4":"has-post-thumbnail","6":"product_cat-chitarre-elettriche","7":"product_cat-venduti","8":"product_cat-artisti","9":"product_cat-chitarre","10":"pa_artiste-billy-f-gibbons-it","11":"pa_disponibilite-vendutoa","12":"pa_marque-gibson-it","14":"first","15":"outofstock","16":"shipping-taxable","17":"purchasable","18":"product-type-simple"},"yoast_head":"<!-- This site is optimized with the Yoast SEO plugin v26.8 - https:\/\/yoast.com\/product\/yoast-seo-wordpress\/ -->\n<title>Gibson Mojo Maker ex-Billy Gibbons (ZZ Top) - Matt&#039;s Guitar Shop<\/title>\n<meta name=\"description\" content=\"Gibson Mojo Maker ex-Billy Gibbons (ZZ Top). Una chitarra unica e da collezione, raro pezzo d\u2019eccezione del leggendario chitarrista, disponibile da Matt\u2019s Guitar Shop.\" \/>\n<meta name=\"robots\" content=\"index, follow, max-snippet:-1, max-image-preview:large, max-video-preview:-1\" \/>\n<link rel=\"canonical\" href=\"https:\/\/www.matts-guitar-shop.com\/it\/produit\/gibson-mojo-maker-ex-billy-gibbons-zz-top\/\" \/>\n<meta property=\"og:locale\" content=\"it_IT\" \/>\n<meta property=\"og:type\" content=\"article\" \/>\n<meta property=\"og:title\" content=\"Gibson Mojo Maker ex-Billy Gibbons (ZZ Top) - Matt&#039;s Guitar Shop\" \/>\n<meta property=\"og:description\" content=\"Gibson Mojo Maker ex-Billy Gibbons (ZZ Top). Una chitarra unica e da collezione, raro pezzo d\u2019eccezione del leggendario chitarrista, disponibile da Matt\u2019s Guitar Shop.\" \/>\n<meta property=\"og:url\" content=\"https:\/\/www.matts-guitar-shop.com\/it\/produit\/gibson-mojo-maker-ex-billy-gibbons-zz-top\/\" \/>\n<meta property=\"og:site_name\" content=\"Matt&#039;s Guitar Shop\" \/>\n<meta property=\"article:publisher\" content=\"https:\/\/www.facebook.com\/profile.php?id=100044359842817\" \/>\n<meta property=\"og:image\" content=\"https:\/\/www.matts-guitar-shop.com\/wp-content\/uploads\/2024\/08\/Gibson-Mojo-Maker-Ex-Billy-Gibbons-ZZ-Top-guitare-00.jpg\" \/>\n\t<meta property=\"og:image:width\" content=\"692\" \/>\n\t<meta property=\"og:image:height\" content=\"1000\" \/>\n\t<meta property=\"og:image:type\" content=\"image\/jpeg\" \/>\n<meta name=\"twitter:card\" content=\"summary_large_image\" \/>\n<meta name=\"twitter:label1\" content=\"Tempo di lettura stimato\" \/>\n\t<meta name=\"twitter:data1\" content=\"2 minuti\" \/>\n<script type=\"application\/ld+json\" class=\"yoast-schema-graph\">{\"@context\":\"https:\/\/schema.org\",\"@graph\":[{\"@type\":\"WebPage\",\"@id\":\"https:\/\/www.matts-guitar-shop.com\/it\/produit\/gibson-mojo-maker-ex-billy-gibbons-zz-top\/\",\"url\":\"https:\/\/www.matts-guitar-shop.com\/it\/produit\/gibson-mojo-maker-ex-billy-gibbons-zz-top\/\",\"name\":\"Gibson Mojo Maker ex-Billy Gibbons (ZZ Top) - Matt&#039;s Guitar Shop\",\"isPartOf\":{\"@id\":\"https:\/\/www.matts-guitar-shop.com\/it\/#website\"},\"primaryImageOfPage\":{\"@id\":\"https:\/\/www.matts-guitar-shop.com\/it\/produit\/gibson-mojo-maker-ex-billy-gibbons-zz-top\/#primaryimage\"},\"image\":{\"@id\":\"https:\/\/www.matts-guitar-shop.com\/it\/produit\/gibson-mojo-maker-ex-billy-gibbons-zz-top\/#primaryimage\"},\"thumbnailUrl\":\"https:\/\/www.matts-guitar-shop.com\/wp-content\/uploads\/2024\/08\/Gibson-Mojo-Maker-Ex-Billy-Gibbons-ZZ-Top-guitare-00.jpg\",\"datePublished\":\"2024-08-19T14:07:05+00:00\",\"description\":\"Gibson Mojo Maker ex-Billy Gibbons (ZZ Top). Una chitarra unica e da collezione, raro pezzo d\u2019eccezione del leggendario chitarrista, disponibile da Matt\u2019s Guitar Shop.\",\"breadcrumb\":{\"@id\":\"https:\/\/www.matts-guitar-shop.com\/it\/produit\/gibson-mojo-maker-ex-billy-gibbons-zz-top\/#breadcrumb\"},\"inLanguage\":\"it-IT\",\"potentialAction\":[{\"@type\":\"ReadAction\",\"target\":[\"https:\/\/www.matts-guitar-shop.com\/it\/produit\/gibson-mojo-maker-ex-billy-gibbons-zz-top\/\"]}]},{\"@type\":\"ImageObject\",\"inLanguage\":\"it-IT\",\"@id\":\"https:\/\/www.matts-guitar-shop.com\/it\/produit\/gibson-mojo-maker-ex-billy-gibbons-zz-top\/#primaryimage\",\"url\":\"https:\/\/www.matts-guitar-shop.com\/wp-content\/uploads\/2024\/08\/Gibson-Mojo-Maker-Ex-Billy-Gibbons-ZZ-Top-guitare-00.jpg\",\"contentUrl\":\"https:\/\/www.matts-guitar-shop.com\/wp-content\/uploads\/2024\/08\/Gibson-Mojo-Maker-Ex-Billy-Gibbons-ZZ-Top-guitare-00.jpg\",\"width\":692,\"height\":1000},{\"@type\":\"BreadcrumbList\",\"@id\":\"https:\/\/www.matts-guitar-shop.com\/it\/produit\/gibson-mojo-maker-ex-billy-gibbons-zz-top\/#breadcrumb\",\"itemListElement\":[{\"@type\":\"ListItem\",\"position\":1,\"name\":\"Home\",\"item\":\"https:\/\/www.matts-guitar-shop.com\/it\/\"},{\"@type\":\"ListItem\",\"position\":2,\"name\":\"I nostri prodotti\",\"item\":\"https:\/\/www.matts-guitar-shop.com\/nos-produits\/\"},{\"@type\":\"ListItem\",\"position\":3,\"name\":\"Gibson Mojo Maker ex-Billy Gibbons (ZZ Top)\"}]},{\"@type\":\"WebSite\",\"@id\":\"https:\/\/www.matts-guitar-shop.com\/it\/#website\",\"url\":\"https:\/\/www.matts-guitar-shop.com\/it\/\",\"name\":\"matts-guitar-shop.com\",\"description\":\"Guitar Shop\",\"publisher\":{\"@id\":\"https:\/\/www.matts-guitar-shop.com\/it\/#organization\"},\"potentialAction\":[{\"@type\":\"SearchAction\",\"target\":{\"@type\":\"EntryPoint\",\"urlTemplate\":\"https:\/\/www.matts-guitar-shop.com\/it\/?s={search_term_string}\"},\"query-input\":{\"@type\":\"PropertyValueSpecification\",\"valueRequired\":true,\"valueName\":\"search_term_string\"}}],\"inLanguage\":\"it-IT\"},{\"@type\":\"Organization\",\"@id\":\"https:\/\/www.matts-guitar-shop.com\/it\/#organization\",\"name\":\"matts-guitar-shop.com\",\"url\":\"https:\/\/www.matts-guitar-shop.com\/it\/\",\"logo\":{\"@type\":\"ImageObject\",\"inLanguage\":\"it-IT\",\"@id\":\"https:\/\/www.matts-guitar-shop.com\/it\/#\/schema\/logo\/image\/\",\"url\":\"https:\/\/www.matts-guitar-shop.com\/wp-content\/uploads\/2024\/09\/MGS-logo-site-02.png\",\"contentUrl\":\"https:\/\/www.matts-guitar-shop.com\/wp-content\/uploads\/2024\/09\/MGS-logo-site-02.png\",\"width\":200,\"height\":122,\"caption\":\"matts-guitar-shop.com\"},\"image\":{\"@id\":\"https:\/\/www.matts-guitar-shop.com\/it\/#\/schema\/logo\/image\/\"},\"sameAs\":[\"https:\/\/www.facebook.com\/profile.php?id=100044359842817\",\"https:\/\/www.instagram.com\/mattsguitarshop\/\",\"https:\/\/www.youtube.com\/@MattLucasMan\/videos\"]}]}<\/script>\n<!-- \/ Yoast SEO plugin. -->","yoast_head_json":{"title":"Gibson Mojo Maker ex-Billy Gibbons (ZZ Top) - Matt&#039;s Guitar Shop","description":"Gibson Mojo Maker ex-Billy Gibbons (ZZ Top). Una chitarra unica e da collezione, raro pezzo d\u2019eccezione del leggendario chitarrista, disponibile da Matt\u2019s Guitar Shop.","robots":{"index":"index","follow":"follow","max-snippet":"max-snippet:-1","max-image-preview":"max-image-preview:large","max-video-preview":"max-video-preview:-1"},"canonical":"https:\/\/www.matts-guitar-shop.com\/it\/produit\/gibson-mojo-maker-ex-billy-gibbons-zz-top\/","og_locale":"it_IT","og_type":"article","og_title":"Gibson Mojo Maker ex-Billy Gibbons (ZZ Top) - Matt&#039;s Guitar Shop","og_description":"Gibson Mojo Maker ex-Billy Gibbons (ZZ Top). Una chitarra unica e da collezione, raro pezzo d\u2019eccezione del leggendario chitarrista, disponibile da Matt\u2019s Guitar Shop.","og_url":"https:\/\/www.matts-guitar-shop.com\/it\/produit\/gibson-mojo-maker-ex-billy-gibbons-zz-top\/","og_site_name":"Matt&#039;s Guitar Shop","article_publisher":"https:\/\/www.facebook.com\/profile.php?id=100044359842817","og_image":[{"width":692,"height":1000,"url":"https:\/\/www.matts-guitar-shop.com\/wp-content\/uploads\/2024\/08\/Gibson-Mojo-Maker-Ex-Billy-Gibbons-ZZ-Top-guitare-00.jpg","type":"image\/jpeg"}],"twitter_card":"summary_large_image","twitter_misc":{"Tempo di lettura stimato":"2 minuti"},"schema":{"@context":"https:\/\/schema.org","@graph":[{"@type":"WebPage","@id":"https:\/\/www.matts-guitar-shop.com\/it\/produit\/gibson-mojo-maker-ex-billy-gibbons-zz-top\/","url":"https:\/\/www.matts-guitar-shop.com\/it\/produit\/gibson-mojo-maker-ex-billy-gibbons-zz-top\/","name":"Gibson Mojo Maker ex-Billy Gibbons (ZZ Top) - Matt&#039;s Guitar Shop","isPartOf":{"@id":"https:\/\/www.matts-guitar-shop.com\/it\/#website"},"primaryImageOfPage":{"@id":"https:\/\/www.matts-guitar-shop.com\/it\/produit\/gibson-mojo-maker-ex-billy-gibbons-zz-top\/#primaryimage"},"image":{"@id":"https:\/\/www.matts-guitar-shop.com\/it\/produit\/gibson-mojo-maker-ex-billy-gibbons-zz-top\/#primaryimage"},"thumbnailUrl":"https:\/\/www.matts-guitar-shop.com\/wp-content\/uploads\/2024\/08\/Gibson-Mojo-Maker-Ex-Billy-Gibbons-ZZ-Top-guitare-00.jpg","datePublished":"2024-08-19T14:07:05+00:00","description":"Gibson Mojo Maker ex-Billy Gibbons (ZZ Top). Una chitarra unica e da collezione, raro pezzo d\u2019eccezione del leggendario chitarrista, disponibile da Matt\u2019s Guitar Shop.","breadcrumb":{"@id":"https:\/\/www.matts-guitar-shop.com\/it\/produit\/gibson-mojo-maker-ex-billy-gibbons-zz-top\/#breadcrumb"},"inLanguage":"it-IT","potentialAction":[{"@type":"ReadAction","target":["https:\/\/www.matts-guitar-shop.com\/it\/produit\/gibson-mojo-maker-ex-billy-gibbons-zz-top\/"]}]},{"@type":"ImageObject","inLanguage":"it-IT","@id":"https:\/\/www.matts-guitar-shop.com\/it\/produit\/gibson-mojo-maker-ex-billy-gibbons-zz-top\/#primaryimage","url":"https:\/\/www.matts-guitar-shop.com\/wp-content\/uploads\/2024\/08\/Gibson-Mojo-Maker-Ex-Billy-Gibbons-ZZ-Top-guitare-00.jpg","contentUrl":"https:\/\/www.matts-guitar-shop.com\/wp-content\/uploads\/2024\/08\/Gibson-Mojo-Maker-Ex-Billy-Gibbons-ZZ-Top-guitare-00.jpg","width":692,"height":1000},{"@type":"BreadcrumbList","@id":"https:\/\/www.matts-guitar-shop.com\/it\/produit\/gibson-mojo-maker-ex-billy-gibbons-zz-top\/#breadcrumb","itemListElement":[{"@type":"ListItem","position":1,"name":"Home","item":"https:\/\/www.matts-guitar-shop.com\/it\/"},{"@type":"ListItem","position":2,"name":"I nostri prodotti","item":"https:\/\/www.matts-guitar-shop.com\/nos-produits\/"},{"@type":"ListItem","position":3,"name":"Gibson Mojo Maker ex-Billy Gibbons (ZZ Top)"}]},{"@type":"WebSite","@id":"https:\/\/www.matts-guitar-shop.com\/it\/#website","url":"https:\/\/www.matts-guitar-shop.com\/it\/","name":"matts-guitar-shop.com","description":"Guitar Shop","publisher":{"@id":"https:\/\/www.matts-guitar-shop.com\/it\/#organization"},"potentialAction":[{"@type":"SearchAction","target":{"@type":"EntryPoint","urlTemplate":"https:\/\/www.matts-guitar-shop.com\/it\/?s={search_term_string}"},"query-input":{"@type":"PropertyValueSpecification","valueRequired":true,"valueName":"search_term_string"}}],"inLanguage":"it-IT"},{"@type":"Organization","@id":"https:\/\/www.matts-guitar-shop.com\/it\/#organization","name":"matts-guitar-shop.com","url":"https:\/\/www.matts-guitar-shop.com\/it\/","logo":{"@type":"ImageObject","inLanguage":"it-IT","@id":"https:\/\/www.matts-guitar-shop.com\/it\/#\/schema\/logo\/image\/","url":"https:\/\/www.matts-guitar-shop.com\/wp-content\/uploads\/2024\/09\/MGS-logo-site-02.png","contentUrl":"https:\/\/www.matts-guitar-shop.com\/wp-content\/uploads\/2024\/09\/MGS-logo-site-02.png","width":200,"height":122,"caption":"matts-guitar-shop.com"},"image":{"@id":"https:\/\/www.matts-guitar-shop.com\/it\/#\/schema\/logo\/image\/"},"sameAs":["https:\/\/www.facebook.com\/profile.php?id=100044359842817","https:\/\/www.instagram.com\/mattsguitarshop\/","https:\/\/www.youtube.com\/@MattLucasMan\/videos"]}]}},"_links":{"self":[{"href":"https:\/\/www.matts-guitar-shop.com\/it\/wp-json\/wp\/v2\/product\/22310","targetHints":{"allow":["GET"]}}],"collection":[{"href":"https:\/\/www.matts-guitar-shop.com\/it\/wp-json\/wp\/v2\/product"}],"about":[{"href":"https:\/\/www.matts-guitar-shop.com\/it\/wp-json\/wp\/v2\/types\/product"}],"replies":[{"embeddable":true,"href":"https:\/\/www.matts-guitar-shop.com\/it\/wp-json\/wp\/v2\/comments?post=22310"}],"wp:featuredmedia":[{"embeddable":true,"href":"https:\/\/www.matts-guitar-shop.com\/it\/wp-json\/wp\/v2\/media\/22311"}],"wp:attachment":[{"href":"https:\/\/www.matts-guitar-shop.com\/it\/wp-json\/wp\/v2\/media?parent=22310"}],"wp:term":[{"taxonomy":"product_brand","embeddable":true,"href":"https:\/\/www.matts-guitar-shop.com\/it\/wp-json\/wp\/v2\/product_brand?post=22310"},{"taxonomy":"product_cat","embeddable":true,"href":"https:\/\/www.matts-guitar-shop.com\/it\/wp-json\/wp\/v2\/product_cat?post=22310"},{"taxonomy":"product_tag","embeddable":true,"href":"https:\/\/www.matts-guitar-shop.com\/it\/wp-json\/wp\/v2\/product_tag?post=22310"}],"curies":[{"name":"wp","href":"https:\/\/api.w.org\/{rel}","templated":true}]}}