{"id":22287,"date":"2024-08-19T15:38:50","date_gmt":"2024-08-19T13:38:50","guid":{"rendered":"https:\/\/www.matts-guitar-shop.com\/produit\/gibson-les-paul-mark-knopfler-aged-artist-proof-n-06\/"},"modified":"2024-08-19T15:38:50","modified_gmt":"2024-08-19T13:38:50","slug":"gibson-les-paul-mark-knopfler-aged-artist-proof-n-06","status":"publish","type":"product","link":"https:\/\/www.matts-guitar-shop.com\/it\/produit\/gibson-les-paul-mark-knopfler-aged-artist-proof-n-06\/","title":{"rendered":"Gibson Les Paul Mark Knopfler Aged, Artist Proof n.06"},"content":{"rendered":"<p>Mark Knopfler<br \/>(1949)<\/p>\n<p>Brano da ascoltare assolutamente: <em>Sultans Of Swing<\/em><\/p>\n<p>Chi avrebbe mai immaginato che quattro musicisti che suonavano nei pub di Londra con le loro cover di J.J. Cale sarebbero diventati IL gruppo di riferimento del rock elettronico degli anni Ottanta?<\/p>\n<p>Eppure questo \u00e8 stato il destino straordinario dei Dire Straits, la band dei due fratelli \u2014 uno insegnante in una facolt\u00e0 di arte (Mark Knopfler) e l\u2019altro assistente sociale (David Knopfler) \u2014 che finirono per vendere oltre cento milioni di dischi. Il quartetto nasce nel 1977 con John Illsley al basso e Pick Withers alla batteria. Molto presto, il singolo <em>Sultans Of Swing<\/em> porta la band dal ruolo di apertura a quello di headliner, e il secondo album <em>Communiqu\u00e9<\/em> (1979) consolida ulteriormente il loro successo. Durante le registrazioni di <em>Making Movies<\/em> nel 1980, sotto la direzione del produttore Jimmy Iovine (specialista dei terzi album, da Tom Petty a Bruce Springsteen fino a Patti Smith), le tensioni tra i due fratelli portarono David a lasciare il gruppo, in un\u2019atmosfera cos\u00ec tossica che tutte le sue parti registrate vennero sostituite.<\/p>\n<p>Nel 1982, <em>Love Over Gold<\/em> mostra un volto pi\u00f9 complesso e sintetico dei Dire Straits. Contiene la splendida <em>Telegraph Road<\/em>, lunga ben 14 minuti, in cui Knopfler offre il meglio del suo stile fluido, incisivo e lirico. \u00c8 anche l\u2019ultimo album con Pick Withers. Sar\u00e0 per\u00f2 <em>Brothers In Arms<\/em> del 1985, con il dobro in copertina, a conquistare definitivamente il pubblico. Con oltre 30 milioni di copie vendute e ben cinque singoli (tra cui l\u2019enorme <em>Walk Of Life<\/em>), \u00e8 l\u2019album che definisce un\u2019epoca. In <em>Money For Nothing<\/em>, Knopfler mette da parte la sua solita Stratocaster per una Les Paul Standard del 1958, creando un riff il cui suono rimane ancora oggi fonte di fascinazione.<\/p>\n<p>A disagio con la fama e l\u2019enormit\u00e0 del gruppo, Mark decide di scioglierlo nel 1988. Ci sar\u00e0 una clamorosa reunion nel 1991 con l\u2019album <em>On Every Street<\/em> (che include i singoli <em>Calling Elvis<\/em> e <em>Heavy Fuel<\/em>) e una tourn\u00e9e monumentale documentata nell\u2019album live <em>On The Night<\/em>. Ma il cuore di Knopfler \u00e8 gi\u00e0 altrove: pone fine definitivamente ai Dire Straits nel 1995 e pubblica il suo primo album solista, <em>Golden Heart<\/em>. Nonostante la breve esistenza, i Dire Straits restano un punto di riferimento imprescindibile per molti musicisti, la colonna sonora di una generazione divisa tra chitarra rock e sintetizzatori pop.<\/p>\n","protected":false},"excerpt":{"rendered":"<p><strong>I pi\u00f9 grandi chitarristi della storia hanno spesso eletto un modello chiave, trasformandolo in un oggetto di venerazione assoluta. Ma quando si parla di Mark Knopfler, il prodigio inglese, il compito si fa difficile, poich\u00e9 il musicista ha continuamente ricercato nuove sonorit\u00e0 nel corso della sua carriera. Se la sua mitica Stratocaster del 1961 verniciata di rosso fa parte dei classici del suo arsenale, si \u00e8 anche rivolto a Gibson nella sua incessante ricerca del suono desiderato. Cos\u00ec ha utilizzato la Les Paul per registrare numerosi successi e per effettuare diverse tourn\u00e9e, tra cui l\u2019intramontabile riff di <em>Money for Nothing<\/em>. Questa Gibson Les Paul Mark Knopfler Aged Artist Proof 6 \u00e8 una chitarra eccezionale basata sulla sua Les Paul preferita del 1958, facente parte delle prove d\u2019artista antecedenti alla produzione in serie.<\/strong><\/p>\n<p>Quando Mark Knopfler si \u00e8 avvicinato alla Les Paul, cercava le qualit\u00e0 delle Burst originali. Nella Reissue 59\u2019 del 1983 trov\u00f2 le sonorit\u00e0 desiderate, modellandole secondo le sue esigenze. La Les Paul che si sente in <em>Money for Nothing<\/em> o in <em>Brothers in Arms<\/em> ha consolidato l\u2019amore speciale di Knopfler per le Les Paul. Sempre ispirato dal suono unico del modello, si \u00e8 poi procurato due Burst originali, una del 1958 e una del 1959, qualche anno pi\u00f9 tardi. Sebbene quest\u2019ultima sia considerata la versione pi\u00f9 ambita, Knopfler tende a preferire la prima. \u00c8 quella che si sente nell\u2019album <em>Golden Heart<\/em> e che ha portato spesso sul palco. Questa chitarra \u00e8 stata il partner creativo privilegiato di Mark Knopfler per diversi anni, definendo le sonorit\u00e0 di alcuni dei pi\u00f9 bei brani del chitarrista inglese.<\/p>\n<p>Proprio su questa Les Paul Burst del 1958 si \u00e8 basato il Gibson Custom Shop per una serie limitata. I migliori artigiani hanno condotto numerose analisi approfondite ai raggi X dell\u2019originale per riprodurre il profilo del manico, la scultura del top, l\u2019aspetto, il tatto e le sonorit\u00e0 della Burst \u201958 originale di Knopfler. Ne risulta una finitura sunburst meravigliosamente invecchiata, ferramenti in nichel d\u2019epoca e pickup Custom Bucker PAF accuratamente avvolti, rendendo la chitarra sorprendentemente fedele all\u2019originale. La chitarra proposta da Matt\u2019s Guitar Shop \u00e8 un esemplare straordinario, parte dei modelli Artist Proof destinati ad essere approvati dal maestro. In quanto prova d\u2019artista numero 6, questa Les Paul \u00e8 un prototipo eccezionale con un suono fenomenale che riunisce il meglio degli sforzi di Gibson in un unico strumento. \u00c8 una Les Paul rarissima, precedente a un\u2019edizione limitata di grande successo che racchiude l\u2019essenza del suono esigente di Mark Knopfler\u2026 Da scoprire esclusivamente da Matt\u2019s Guitar Shop!<\/p>\n","protected":false},"featured_media":22288,"comment_status":"open","ping_status":"closed","template":"","meta":{"_et_pb_use_builder":"","_et_pb_old_content":"","_et_gb_content_width":""},"product_brand":[],"product_cat":[851,846,847],"product_tag":[],"class_list":{"0":"post-22287","1":"product","2":"type-product","3":"status-publish","4":"has-post-thumbnail","6":"product_cat-chitarre-elettriche","7":"product_cat-venduti","8":"product_cat-chitarre","9":"pa_artiste-mark-knopfler-it","10":"pa_disponibilite-vendutoa","11":"pa_marque-gibson-it","13":"first","14":"outofstock","15":"shipping-taxable","16":"product-type-simple"},"yoast_head":"<!-- This site is optimized with the Yoast SEO plugin v26.8 - https:\/\/yoast.com\/product\/yoast-seo-wordpress\/ -->\n<title>Gibson Les Paul Mark Knopfler Aged, Artist Proof n.06 - Matt&#039;s Guitar Shop<\/title>\n<meta name=\"description\" content=\"Matt&#039;s Guitar Shop: negozio di chitarre a Parigi. Matt&#039;s Guitar Shop offre chitarre elettriche vintage e chitarre custom shop.\" \/>\n<meta name=\"robots\" content=\"index, follow, max-snippet:-1, max-image-preview:large, max-video-preview:-1\" \/>\n<link rel=\"canonical\" href=\"https:\/\/www.matts-guitar-shop.com\/it\/produit\/gibson-les-paul-mark-knopfler-aged-artist-proof-n-06\/\" \/>\n<meta property=\"og:locale\" content=\"it_IT\" \/>\n<meta property=\"og:type\" content=\"article\" \/>\n<meta property=\"og:title\" content=\"Gibson Les Paul Mark Knopfler Aged, Artist Proof n.06 - Matt&#039;s Guitar Shop\" \/>\n<meta property=\"og:description\" content=\"Matt&#039;s Guitar Shop: negozio di chitarre a Parigi. Matt&#039;s Guitar Shop offre chitarre elettriche vintage e chitarre custom shop.\" \/>\n<meta property=\"og:url\" content=\"https:\/\/www.matts-guitar-shop.com\/it\/produit\/gibson-les-paul-mark-knopfler-aged-artist-proof-n-06\/\" \/>\n<meta property=\"og:site_name\" content=\"Matt&#039;s Guitar Shop\" \/>\n<meta property=\"article:publisher\" content=\"https:\/\/www.facebook.com\/profile.php?id=100044359842817\" \/>\n<meta property=\"og:image\" content=\"https:\/\/www.matts-guitar-shop.com\/wp-content\/uploads\/2024\/08\/Gibson-Les-Paul-Mark-Knopfler-Aged-Artist-Proof-06-guitare-01.jpg\" \/>\n\t<meta property=\"og:image:width\" content=\"667\" \/>\n\t<meta property=\"og:image:height\" content=\"1000\" \/>\n\t<meta property=\"og:image:type\" content=\"image\/jpeg\" \/>\n<meta name=\"twitter:card\" content=\"summary_large_image\" \/>\n<meta name=\"twitter:label1\" content=\"Tempo di lettura stimato\" \/>\n\t<meta name=\"twitter:data1\" content=\"2 minuti\" \/>\n<script type=\"application\/ld+json\" class=\"yoast-schema-graph\">{\"@context\":\"https:\/\/schema.org\",\"@graph\":[{\"@type\":\"WebPage\",\"@id\":\"https:\/\/www.matts-guitar-shop.com\/it\/produit\/gibson-les-paul-mark-knopfler-aged-artist-proof-n-06\/\",\"url\":\"https:\/\/www.matts-guitar-shop.com\/it\/produit\/gibson-les-paul-mark-knopfler-aged-artist-proof-n-06\/\",\"name\":\"Gibson Les Paul Mark Knopfler Aged, Artist Proof n.06 - Matt&#039;s Guitar Shop\",\"isPartOf\":{\"@id\":\"https:\/\/www.matts-guitar-shop.com\/it\/#website\"},\"primaryImageOfPage\":{\"@id\":\"https:\/\/www.matts-guitar-shop.com\/it\/produit\/gibson-les-paul-mark-knopfler-aged-artist-proof-n-06\/#primaryimage\"},\"image\":{\"@id\":\"https:\/\/www.matts-guitar-shop.com\/it\/produit\/gibson-les-paul-mark-knopfler-aged-artist-proof-n-06\/#primaryimage\"},\"thumbnailUrl\":\"https:\/\/www.matts-guitar-shop.com\/wp-content\/uploads\/2024\/08\/Gibson-Les-Paul-Mark-Knopfler-Aged-Artist-Proof-06-guitare-01.jpg\",\"datePublished\":\"2024-08-19T13:38:50+00:00\",\"description\":\"Matt's Guitar Shop: negozio di chitarre a Parigi. Matt's Guitar Shop offre chitarre elettriche vintage e chitarre custom shop.\",\"breadcrumb\":{\"@id\":\"https:\/\/www.matts-guitar-shop.com\/it\/produit\/gibson-les-paul-mark-knopfler-aged-artist-proof-n-06\/#breadcrumb\"},\"inLanguage\":\"it-IT\",\"potentialAction\":[{\"@type\":\"ReadAction\",\"target\":[\"https:\/\/www.matts-guitar-shop.com\/it\/produit\/gibson-les-paul-mark-knopfler-aged-artist-proof-n-06\/\"]}]},{\"@type\":\"ImageObject\",\"inLanguage\":\"it-IT\",\"@id\":\"https:\/\/www.matts-guitar-shop.com\/it\/produit\/gibson-les-paul-mark-knopfler-aged-artist-proof-n-06\/#primaryimage\",\"url\":\"https:\/\/www.matts-guitar-shop.com\/wp-content\/uploads\/2024\/08\/Gibson-Les-Paul-Mark-Knopfler-Aged-Artist-Proof-06-guitare-01.jpg\",\"contentUrl\":\"https:\/\/www.matts-guitar-shop.com\/wp-content\/uploads\/2024\/08\/Gibson-Les-Paul-Mark-Knopfler-Aged-Artist-Proof-06-guitare-01.jpg\",\"width\":667,\"height\":1000},{\"@type\":\"BreadcrumbList\",\"@id\":\"https:\/\/www.matts-guitar-shop.com\/it\/produit\/gibson-les-paul-mark-knopfler-aged-artist-proof-n-06\/#breadcrumb\",\"itemListElement\":[{\"@type\":\"ListItem\",\"position\":1,\"name\":\"Home\",\"item\":\"https:\/\/www.matts-guitar-shop.com\/it\/\"},{\"@type\":\"ListItem\",\"position\":2,\"name\":\"I nostri prodotti\",\"item\":\"https:\/\/www.matts-guitar-shop.com\/nos-produits\/\"},{\"@type\":\"ListItem\",\"position\":3,\"name\":\"Gibson Les Paul Mark Knopfler Aged, Artist Proof n.06\"}]},{\"@type\":\"WebSite\",\"@id\":\"https:\/\/www.matts-guitar-shop.com\/it\/#website\",\"url\":\"https:\/\/www.matts-guitar-shop.com\/it\/\",\"name\":\"matts-guitar-shop.com\",\"description\":\"Guitar Shop\",\"publisher\":{\"@id\":\"https:\/\/www.matts-guitar-shop.com\/it\/#organization\"},\"potentialAction\":[{\"@type\":\"SearchAction\",\"target\":{\"@type\":\"EntryPoint\",\"urlTemplate\":\"https:\/\/www.matts-guitar-shop.com\/it\/?s={search_term_string}\"},\"query-input\":{\"@type\":\"PropertyValueSpecification\",\"valueRequired\":true,\"valueName\":\"search_term_string\"}}],\"inLanguage\":\"it-IT\"},{\"@type\":\"Organization\",\"@id\":\"https:\/\/www.matts-guitar-shop.com\/it\/#organization\",\"name\":\"matts-guitar-shop.com\",\"url\":\"https:\/\/www.matts-guitar-shop.com\/it\/\",\"logo\":{\"@type\":\"ImageObject\",\"inLanguage\":\"it-IT\",\"@id\":\"https:\/\/www.matts-guitar-shop.com\/it\/#\/schema\/logo\/image\/\",\"url\":\"https:\/\/www.matts-guitar-shop.com\/wp-content\/uploads\/2024\/09\/MGS-logo-site-02.png\",\"contentUrl\":\"https:\/\/www.matts-guitar-shop.com\/wp-content\/uploads\/2024\/09\/MGS-logo-site-02.png\",\"width\":200,\"height\":122,\"caption\":\"matts-guitar-shop.com\"},\"image\":{\"@id\":\"https:\/\/www.matts-guitar-shop.com\/it\/#\/schema\/logo\/image\/\"},\"sameAs\":[\"https:\/\/www.facebook.com\/profile.php?id=100044359842817\",\"https:\/\/www.instagram.com\/mattsguitarshop\/\",\"https:\/\/www.youtube.com\/@MattLucasMan\/videos\"]}]}<\/script>\n<!-- \/ Yoast SEO plugin. -->","yoast_head_json":{"title":"Gibson Les Paul Mark Knopfler Aged, Artist Proof n.06 - Matt&#039;s Guitar Shop","description":"Matt's Guitar Shop: negozio di chitarre a Parigi. Matt's Guitar Shop offre chitarre elettriche vintage e chitarre custom shop.","robots":{"index":"index","follow":"follow","max-snippet":"max-snippet:-1","max-image-preview":"max-image-preview:large","max-video-preview":"max-video-preview:-1"},"canonical":"https:\/\/www.matts-guitar-shop.com\/it\/produit\/gibson-les-paul-mark-knopfler-aged-artist-proof-n-06\/","og_locale":"it_IT","og_type":"article","og_title":"Gibson Les Paul Mark Knopfler Aged, Artist Proof n.06 - Matt&#039;s Guitar Shop","og_description":"Matt's Guitar Shop: negozio di chitarre a Parigi. Matt's Guitar Shop offre chitarre elettriche vintage e chitarre custom shop.","og_url":"https:\/\/www.matts-guitar-shop.com\/it\/produit\/gibson-les-paul-mark-knopfler-aged-artist-proof-n-06\/","og_site_name":"Matt&#039;s Guitar Shop","article_publisher":"https:\/\/www.facebook.com\/profile.php?id=100044359842817","og_image":[{"width":667,"height":1000,"url":"https:\/\/www.matts-guitar-shop.com\/wp-content\/uploads\/2024\/08\/Gibson-Les-Paul-Mark-Knopfler-Aged-Artist-Proof-06-guitare-01.jpg","type":"image\/jpeg"}],"twitter_card":"summary_large_image","twitter_misc":{"Tempo di lettura stimato":"2 minuti"},"schema":{"@context":"https:\/\/schema.org","@graph":[{"@type":"WebPage","@id":"https:\/\/www.matts-guitar-shop.com\/it\/produit\/gibson-les-paul-mark-knopfler-aged-artist-proof-n-06\/","url":"https:\/\/www.matts-guitar-shop.com\/it\/produit\/gibson-les-paul-mark-knopfler-aged-artist-proof-n-06\/","name":"Gibson Les Paul Mark Knopfler Aged, Artist Proof n.06 - Matt&#039;s Guitar Shop","isPartOf":{"@id":"https:\/\/www.matts-guitar-shop.com\/it\/#website"},"primaryImageOfPage":{"@id":"https:\/\/www.matts-guitar-shop.com\/it\/produit\/gibson-les-paul-mark-knopfler-aged-artist-proof-n-06\/#primaryimage"},"image":{"@id":"https:\/\/www.matts-guitar-shop.com\/it\/produit\/gibson-les-paul-mark-knopfler-aged-artist-proof-n-06\/#primaryimage"},"thumbnailUrl":"https:\/\/www.matts-guitar-shop.com\/wp-content\/uploads\/2024\/08\/Gibson-Les-Paul-Mark-Knopfler-Aged-Artist-Proof-06-guitare-01.jpg","datePublished":"2024-08-19T13:38:50+00:00","description":"Matt's Guitar Shop: negozio di chitarre a Parigi. Matt's Guitar Shop offre chitarre elettriche vintage e chitarre custom shop.","breadcrumb":{"@id":"https:\/\/www.matts-guitar-shop.com\/it\/produit\/gibson-les-paul-mark-knopfler-aged-artist-proof-n-06\/#breadcrumb"},"inLanguage":"it-IT","potentialAction":[{"@type":"ReadAction","target":["https:\/\/www.matts-guitar-shop.com\/it\/produit\/gibson-les-paul-mark-knopfler-aged-artist-proof-n-06\/"]}]},{"@type":"ImageObject","inLanguage":"it-IT","@id":"https:\/\/www.matts-guitar-shop.com\/it\/produit\/gibson-les-paul-mark-knopfler-aged-artist-proof-n-06\/#primaryimage","url":"https:\/\/www.matts-guitar-shop.com\/wp-content\/uploads\/2024\/08\/Gibson-Les-Paul-Mark-Knopfler-Aged-Artist-Proof-06-guitare-01.jpg","contentUrl":"https:\/\/www.matts-guitar-shop.com\/wp-content\/uploads\/2024\/08\/Gibson-Les-Paul-Mark-Knopfler-Aged-Artist-Proof-06-guitare-01.jpg","width":667,"height":1000},{"@type":"BreadcrumbList","@id":"https:\/\/www.matts-guitar-shop.com\/it\/produit\/gibson-les-paul-mark-knopfler-aged-artist-proof-n-06\/#breadcrumb","itemListElement":[{"@type":"ListItem","position":1,"name":"Home","item":"https:\/\/www.matts-guitar-shop.com\/it\/"},{"@type":"ListItem","position":2,"name":"I nostri prodotti","item":"https:\/\/www.matts-guitar-shop.com\/nos-produits\/"},{"@type":"ListItem","position":3,"name":"Gibson Les Paul Mark Knopfler Aged, Artist Proof n.06"}]},{"@type":"WebSite","@id":"https:\/\/www.matts-guitar-shop.com\/it\/#website","url":"https:\/\/www.matts-guitar-shop.com\/it\/","name":"matts-guitar-shop.com","description":"Guitar Shop","publisher":{"@id":"https:\/\/www.matts-guitar-shop.com\/it\/#organization"},"potentialAction":[{"@type":"SearchAction","target":{"@type":"EntryPoint","urlTemplate":"https:\/\/www.matts-guitar-shop.com\/it\/?s={search_term_string}"},"query-input":{"@type":"PropertyValueSpecification","valueRequired":true,"valueName":"search_term_string"}}],"inLanguage":"it-IT"},{"@type":"Organization","@id":"https:\/\/www.matts-guitar-shop.com\/it\/#organization","name":"matts-guitar-shop.com","url":"https:\/\/www.matts-guitar-shop.com\/it\/","logo":{"@type":"ImageObject","inLanguage":"it-IT","@id":"https:\/\/www.matts-guitar-shop.com\/it\/#\/schema\/logo\/image\/","url":"https:\/\/www.matts-guitar-shop.com\/wp-content\/uploads\/2024\/09\/MGS-logo-site-02.png","contentUrl":"https:\/\/www.matts-guitar-shop.com\/wp-content\/uploads\/2024\/09\/MGS-logo-site-02.png","width":200,"height":122,"caption":"matts-guitar-shop.com"},"image":{"@id":"https:\/\/www.matts-guitar-shop.com\/it\/#\/schema\/logo\/image\/"},"sameAs":["https:\/\/www.facebook.com\/profile.php?id=100044359842817","https:\/\/www.instagram.com\/mattsguitarshop\/","https:\/\/www.youtube.com\/@MattLucasMan\/videos"]}]}},"_links":{"self":[{"href":"https:\/\/www.matts-guitar-shop.com\/it\/wp-json\/wp\/v2\/product\/22287","targetHints":{"allow":["GET"]}}],"collection":[{"href":"https:\/\/www.matts-guitar-shop.com\/it\/wp-json\/wp\/v2\/product"}],"about":[{"href":"https:\/\/www.matts-guitar-shop.com\/it\/wp-json\/wp\/v2\/types\/product"}],"replies":[{"embeddable":true,"href":"https:\/\/www.matts-guitar-shop.com\/it\/wp-json\/wp\/v2\/comments?post=22287"}],"wp:featuredmedia":[{"embeddable":true,"href":"https:\/\/www.matts-guitar-shop.com\/it\/wp-json\/wp\/v2\/media\/22288"}],"wp:attachment":[{"href":"https:\/\/www.matts-guitar-shop.com\/it\/wp-json\/wp\/v2\/media?parent=22287"}],"wp:term":[{"taxonomy":"product_brand","embeddable":true,"href":"https:\/\/www.matts-guitar-shop.com\/it\/wp-json\/wp\/v2\/product_brand?post=22287"},{"taxonomy":"product_cat","embeddable":true,"href":"https:\/\/www.matts-guitar-shop.com\/it\/wp-json\/wp\/v2\/product_cat?post=22287"},{"taxonomy":"product_tag","embeddable":true,"href":"https:\/\/www.matts-guitar-shop.com\/it\/wp-json\/wp\/v2\/product_tag?post=22287"}],"curies":[{"name":"wp","href":"https:\/\/api.w.org\/{rel}","templated":true}]}}