{"id":22135,"date":"2024-08-18T15:02:07","date_gmt":"2024-08-18T13:02:07","guid":{"rendered":"https:\/\/www.matts-guitar-shop.com\/produit\/floyd-rose-black-prototype-ex-richie-sambora-bon-jovi\/"},"modified":"2024-08-18T15:02:07","modified_gmt":"2024-08-18T13:02:07","slug":"floyd-rose-black-prototype-ex-richie-sambora-bon-jovi","status":"publish","type":"product","link":"https:\/\/www.matts-guitar-shop.com\/it\/produit\/floyd-rose-black-prototype-ex-richie-sambora-bon-jovi\/","title":{"rendered":"Floyd Rose Black Prototype Ex Richie Sambora Bon Jovi"},"content":{"rendered":"<p>Richie Sambora<br \/> (1959)<\/p>\n<p>Gruppo: Bon Jovi<br \/> Chitarra principale: Fender Stratocaster signature<br \/> Brano da ascoltare assolutamente: Livin\u2019 On A Prayer<\/p>\n<p>La storia del rock \u00e8 fatta cos\u00ec: per ogni Mick Jagger c\u2019\u00e8 un Keith Richards. Per ogni Steven Tyler c\u2019\u00e8 un Joe Perry. Per ogni Robert Plant c\u2019\u00e8 un Jimmy Page. Per ogni cantante superstar che infiamma le folle, c\u2019\u00e8 un chitarrista ombroso e incredibilmente cool che sostiene le spalle e prende il palco solo in brevi e sporadici assalti di trenta secondi.<\/p>\n<p>Richie Sambora entra a far parte del gruppo del New Jersey, Bon Jovi, nel 1983, pochi mesi dopo la sua formazione. Fin dall\u2019inizio, il suo stile e la sua personalit\u00e0 completano perfettamente l\u2019immagine del cantante fondatore Jon Bon Jovi. Insieme formano un duo di songwriting che dar\u00e0 vita ai classici dell\u2019hard FM, tuttora immancabili su tutte le radio. La vera esplosione arriva nel 1986 con l\u2019album <em>Slippery When Wet<\/em>, in cui Sambora cofirma nove dei dieci brani, inclusi i tre mega-singoli <em>Livin\u2019 On A Prayer<\/em>, <em>You Give Love A Bad Name<\/em> e <em>Wanted Dead Or Alive<\/em>. Si pu\u00f2 ascoltare il suo stile veloce, preciso, energico e creativo, che naturalmente si ispira ai solisti di Van Halen dell\u2019epoca, ma con un tocco unico tutto suo. La sua maestria negli arrangiamenti emerge nell\u2019uso della dodici corde in <em>Wanted\u2026<\/em>, nel pitch shifter del solo di <em>You Give Love A Bad Name<\/em> o nella talkbox di <em>Livin\u2019 On A Prayer<\/em>.<\/p>\n<p>Da allora, il gruppo diventa colossale e gira il mondo davanti a platee di fan in delirio. Il genio dei Bon Jovi \u00e8 riuscire a ritornare al successo a distanza di anni, raggiungendo cos\u00ec pi\u00f9 generazioni. Li ritroviamo nuovamente in cima alle classifiche nel 1994 con <em>Always<\/em> e nel 2000 con <em>It\u2019s My Life<\/em> (ancora co-scritto da Sambora), conquistando un nuovo pubblico che li segue ancora oggi.<\/p>\n<p>Vittima dei suoi demoni, Sambora \u00e8 stato costretto a lasciare il gruppo nel 2013, nel bel mezzo di un\u2019altra tourn\u00e9e mondiale. Da allora ha lanciato il gruppo RSO con la sua ex partner Orianthi e sembra sempre pi\u00f9 interessato alla Telecaster e all\u2019Esquire con il passare del tempo, dopo essere stato principalmente noto per le sue superstrat durante l\u2019epoca di Bon Jovi. Il futuro musicale di Sambora promette quindi ancora diverse sorprese interessanti.<\/p>\n","protected":false},"excerpt":{"rendered":"<p><strong>Da Matt\u2019s Guitar Shop amiamo lavorare a stretto contatto con gli artisti e scoprire i loro strumenti da palco, per cercare di svelarne i misteri pi\u00f9 insondabili. Dopo aver venduto diversi strumenti della collezione di Richie Sambora, continuiamo a proporre strumenti da palco progettati per Richie e suonati in concerto. \u00c8 il caso di questa Floyd Rose Prototype nera, una chitarra molto particolare realizzata da Floyd Rose e suonata pi\u00f9 volte da Richie in concerto. Ancora una volta, un testimone diretto del suo leggendario stile chitarristico!<\/strong><\/p>\n<p>Oltre a essere un chitarrista estremamente talentuoso, Richie Sambora \u00e8 anche un compositore geniale: \u00e8 lui che ha plasmato i pi\u00f9 grandi brani del gruppo americano. Musicista esigente e appassionato, si \u00e8 avvicinato alle grandi marche di chitarre per costruire i propri modelli. Dopo aver collaborato con Fender e Kramer, Richie Sambora ha fatto realizzare i suoi modelli da Floyd Rose.<\/p>\n<p>Questa chitarra Floyd Rose \u00e8 un prototipo unico, costruito appositamente per Richie Sambora e non fa parte della produzione di serie. \u00c8 quindi progettata secondo caratteristiche tecniche molto particolari, uniche per questa chitarra: un sistema di tremolo Floyd Rose Speedloader, due pickup humbucker e un pickguard in madreperla unico. Richie Sambora ha realmente modellato queste chitarre secondo i suoi gusti e le sue preferenze di esecuzione. Questa chitarra \u00e8 stata a lungo suonata da Richie Sambora, come testimoniano i segni di usura sul retro e sui fianchi, prova diretta del passaggio nelle mani del chitarrista. Diverse foto mostrano Richie Sambora con questa chitarra sul palco. Un pezzo eccezionale con una provenienza straordinaria!<\/p>\n","protected":false},"featured_media":22136,"comment_status":"open","ping_status":"closed","template":"","meta":{"_et_pb_use_builder":"","_et_pb_old_content":"","_et_gb_content_width":""},"product_brand":[],"product_cat":[851,846,844,847],"product_tag":[],"class_list":{"0":"post-22135","1":"product","2":"type-product","3":"status-publish","4":"has-post-thumbnail","6":"product_cat-chitarre-elettriche","7":"product_cat-venduti","8":"product_cat-artisti","9":"product_cat-chitarre","10":"pa_artiste-richie-sambora-it","11":"pa_disponibilite-vendutoa","12":"pa_marque-floyd-rose-it","14":"first","15":"outofstock","16":"shipping-taxable","17":"purchasable","18":"product-type-simple"},"yoast_head":"<!-- This site is optimized with the Yoast SEO plugin v26.8 - https:\/\/yoast.com\/product\/yoast-seo-wordpress\/ -->\n<title>Floyd Rose Black Prototype Ex Richie Sambora Bon Jovi - Matt&#039;s Guitar Shop<\/title>\n<meta name=\"robots\" content=\"index, follow, max-snippet:-1, max-image-preview:large, max-video-preview:-1\" \/>\n<link rel=\"canonical\" href=\"https:\/\/www.matts-guitar-shop.com\/it\/produit\/floyd-rose-black-prototype-ex-richie-sambora-bon-jovi\/\" \/>\n<meta property=\"og:locale\" content=\"it_IT\" \/>\n<meta property=\"og:type\" content=\"article\" \/>\n<meta property=\"og:title\" content=\"Floyd Rose Black Prototype Ex Richie Sambora Bon Jovi - Matt&#039;s Guitar Shop\" \/>\n<meta property=\"og:description\" content=\"Da Matt\u2019s Guitar Shop amiamo lavorare a stretto contatto con gli artisti e scoprire i loro strumenti da palco, per cercare di svelarne i misteri pi\u00f9 insondabili. Dopo aver venduto diversi strumenti della collezione di Richie Sambora, continuiamo a proporre strumenti da palco progettati per Richie e suonati in concerto. \u00c8 il caso di questa Floyd Rose Prototype nera, una chitarra molto particolare realizzata da Floyd Rose e suonata pi\u00f9 volte da Richie in concerto. Ancora una volta, un testimone diretto del suo leggendario stile chitarristico! Oltre a essere un chitarrista estremamente talentuoso, Richie Sambora \u00e8 anche un compositore geniale: \u00e8 lui che ha plasmato i pi\u00f9 grandi brani del gruppo americano. Musicista esigente e appassionato, si \u00e8 avvicinato alle grandi marche di chitarre per costruire i propri modelli. Dopo aver collaborato con Fender e Kramer, Richie Sambora ha fatto realizzare i suoi modelli da Floyd Rose. Questa chitarra Floyd Rose \u00e8 un prototipo unico, costruito appositamente per Richie Sambora e non fa parte della produzione di serie. \u00c8 quindi progettata secondo caratteristiche tecniche molto particolari, uniche per questa chitarra: un sistema di tremolo Floyd Rose Speedloader, due pickup humbucker e un pickguard in madreperla unico. Richie Sambora ha realmente modellato queste chitarre secondo i suoi gusti e le sue preferenze di esecuzione. Questa chitarra \u00e8 stata a lungo suonata da Richie Sambora, come testimoniano i segni di usura sul retro e sui fianchi, prova diretta del passaggio nelle mani del chitarrista. Diverse foto mostrano Richie Sambora con questa chitarra sul palco. Un pezzo eccezionale con una provenienza straordinaria!\" \/>\n<meta property=\"og:url\" content=\"https:\/\/www.matts-guitar-shop.com\/it\/produit\/floyd-rose-black-prototype-ex-richie-sambora-bon-jovi\/\" \/>\n<meta property=\"og:site_name\" content=\"Matt&#039;s Guitar Shop\" \/>\n<meta property=\"article:publisher\" content=\"https:\/\/www.facebook.com\/profile.php?id=100044359842817\" \/>\n<meta property=\"og:image\" content=\"https:\/\/www.matts-guitar-shop.com\/wp-content\/uploads\/2024\/08\/Floyd-Rose-Black-Prototype-Ex-Richie-Sambora-Bon-Jovi-00.jpg\" \/>\n\t<meta property=\"og:image:width\" content=\"692\" \/>\n\t<meta property=\"og:image:height\" content=\"1000\" \/>\n\t<meta property=\"og:image:type\" content=\"image\/jpeg\" \/>\n<meta name=\"twitter:card\" content=\"summary_large_image\" \/>\n<meta name=\"twitter:label1\" content=\"Tempo di lettura stimato\" \/>\n\t<meta name=\"twitter:data1\" content=\"2 minuti\" \/>\n<script type=\"application\/ld+json\" class=\"yoast-schema-graph\">{\"@context\":\"https:\/\/schema.org\",\"@graph\":[{\"@type\":\"WebPage\",\"@id\":\"https:\/\/www.matts-guitar-shop.com\/it\/produit\/floyd-rose-black-prototype-ex-richie-sambora-bon-jovi\/\",\"url\":\"https:\/\/www.matts-guitar-shop.com\/it\/produit\/floyd-rose-black-prototype-ex-richie-sambora-bon-jovi\/\",\"name\":\"Floyd Rose Black Prototype Ex Richie Sambora Bon Jovi - Matt&#039;s Guitar Shop\",\"isPartOf\":{\"@id\":\"https:\/\/www.matts-guitar-shop.com\/it\/#website\"},\"primaryImageOfPage\":{\"@id\":\"https:\/\/www.matts-guitar-shop.com\/it\/produit\/floyd-rose-black-prototype-ex-richie-sambora-bon-jovi\/#primaryimage\"},\"image\":{\"@id\":\"https:\/\/www.matts-guitar-shop.com\/it\/produit\/floyd-rose-black-prototype-ex-richie-sambora-bon-jovi\/#primaryimage\"},\"thumbnailUrl\":\"https:\/\/www.matts-guitar-shop.com\/wp-content\/uploads\/2024\/08\/Floyd-Rose-Black-Prototype-Ex-Richie-Sambora-Bon-Jovi-00.jpg\",\"datePublished\":\"2024-08-18T13:02:07+00:00\",\"breadcrumb\":{\"@id\":\"https:\/\/www.matts-guitar-shop.com\/it\/produit\/floyd-rose-black-prototype-ex-richie-sambora-bon-jovi\/#breadcrumb\"},\"inLanguage\":\"it-IT\",\"potentialAction\":[{\"@type\":\"ReadAction\",\"target\":[\"https:\/\/www.matts-guitar-shop.com\/it\/produit\/floyd-rose-black-prototype-ex-richie-sambora-bon-jovi\/\"]}]},{\"@type\":\"ImageObject\",\"inLanguage\":\"it-IT\",\"@id\":\"https:\/\/www.matts-guitar-shop.com\/it\/produit\/floyd-rose-black-prototype-ex-richie-sambora-bon-jovi\/#primaryimage\",\"url\":\"https:\/\/www.matts-guitar-shop.com\/wp-content\/uploads\/2024\/08\/Floyd-Rose-Black-Prototype-Ex-Richie-Sambora-Bon-Jovi-00.jpg\",\"contentUrl\":\"https:\/\/www.matts-guitar-shop.com\/wp-content\/uploads\/2024\/08\/Floyd-Rose-Black-Prototype-Ex-Richie-Sambora-Bon-Jovi-00.jpg\",\"width\":692,\"height\":1000},{\"@type\":\"BreadcrumbList\",\"@id\":\"https:\/\/www.matts-guitar-shop.com\/it\/produit\/floyd-rose-black-prototype-ex-richie-sambora-bon-jovi\/#breadcrumb\",\"itemListElement\":[{\"@type\":\"ListItem\",\"position\":1,\"name\":\"Home\",\"item\":\"https:\/\/www.matts-guitar-shop.com\/it\/\"},{\"@type\":\"ListItem\",\"position\":2,\"name\":\"I nostri prodotti\",\"item\":\"https:\/\/www.matts-guitar-shop.com\/nos-produits\/\"},{\"@type\":\"ListItem\",\"position\":3,\"name\":\"Floyd Rose Black Prototype Ex Richie Sambora Bon Jovi\"}]},{\"@type\":\"WebSite\",\"@id\":\"https:\/\/www.matts-guitar-shop.com\/it\/#website\",\"url\":\"https:\/\/www.matts-guitar-shop.com\/it\/\",\"name\":\"matts-guitar-shop.com\",\"description\":\"Guitar Shop\",\"publisher\":{\"@id\":\"https:\/\/www.matts-guitar-shop.com\/it\/#organization\"},\"potentialAction\":[{\"@type\":\"SearchAction\",\"target\":{\"@type\":\"EntryPoint\",\"urlTemplate\":\"https:\/\/www.matts-guitar-shop.com\/it\/?s={search_term_string}\"},\"query-input\":{\"@type\":\"PropertyValueSpecification\",\"valueRequired\":true,\"valueName\":\"search_term_string\"}}],\"inLanguage\":\"it-IT\"},{\"@type\":\"Organization\",\"@id\":\"https:\/\/www.matts-guitar-shop.com\/it\/#organization\",\"name\":\"matts-guitar-shop.com\",\"url\":\"https:\/\/www.matts-guitar-shop.com\/it\/\",\"logo\":{\"@type\":\"ImageObject\",\"inLanguage\":\"it-IT\",\"@id\":\"https:\/\/www.matts-guitar-shop.com\/it\/#\/schema\/logo\/image\/\",\"url\":\"https:\/\/www.matts-guitar-shop.com\/wp-content\/uploads\/2024\/09\/MGS-logo-site-02.png\",\"contentUrl\":\"https:\/\/www.matts-guitar-shop.com\/wp-content\/uploads\/2024\/09\/MGS-logo-site-02.png\",\"width\":200,\"height\":122,\"caption\":\"matts-guitar-shop.com\"},\"image\":{\"@id\":\"https:\/\/www.matts-guitar-shop.com\/it\/#\/schema\/logo\/image\/\"},\"sameAs\":[\"https:\/\/www.facebook.com\/profile.php?id=100044359842817\",\"https:\/\/www.instagram.com\/mattsguitarshop\/\",\"https:\/\/www.youtube.com\/@MattLucasMan\/videos\"]}]}<\/script>\n<!-- \/ Yoast SEO plugin. -->","yoast_head_json":{"title":"Floyd Rose Black Prototype Ex Richie Sambora Bon Jovi - Matt&#039;s Guitar Shop","robots":{"index":"index","follow":"follow","max-snippet":"max-snippet:-1","max-image-preview":"max-image-preview:large","max-video-preview":"max-video-preview:-1"},"canonical":"https:\/\/www.matts-guitar-shop.com\/it\/produit\/floyd-rose-black-prototype-ex-richie-sambora-bon-jovi\/","og_locale":"it_IT","og_type":"article","og_title":"Floyd Rose Black Prototype Ex Richie Sambora Bon Jovi - Matt&#039;s Guitar Shop","og_description":"Da Matt\u2019s Guitar Shop amiamo lavorare a stretto contatto con gli artisti e scoprire i loro strumenti da palco, per cercare di svelarne i misteri pi\u00f9 insondabili. Dopo aver venduto diversi strumenti della collezione di Richie Sambora, continuiamo a proporre strumenti da palco progettati per Richie e suonati in concerto. \u00c8 il caso di questa Floyd Rose Prototype nera, una chitarra molto particolare realizzata da Floyd Rose e suonata pi\u00f9 volte da Richie in concerto. Ancora una volta, un testimone diretto del suo leggendario stile chitarristico! Oltre a essere un chitarrista estremamente talentuoso, Richie Sambora \u00e8 anche un compositore geniale: \u00e8 lui che ha plasmato i pi\u00f9 grandi brani del gruppo americano. Musicista esigente e appassionato, si \u00e8 avvicinato alle grandi marche di chitarre per costruire i propri modelli. Dopo aver collaborato con Fender e Kramer, Richie Sambora ha fatto realizzare i suoi modelli da Floyd Rose. Questa chitarra Floyd Rose \u00e8 un prototipo unico, costruito appositamente per Richie Sambora e non fa parte della produzione di serie. \u00c8 quindi progettata secondo caratteristiche tecniche molto particolari, uniche per questa chitarra: un sistema di tremolo Floyd Rose Speedloader, due pickup humbucker e un pickguard in madreperla unico. Richie Sambora ha realmente modellato queste chitarre secondo i suoi gusti e le sue preferenze di esecuzione. Questa chitarra \u00e8 stata a lungo suonata da Richie Sambora, come testimoniano i segni di usura sul retro e sui fianchi, prova diretta del passaggio nelle mani del chitarrista. Diverse foto mostrano Richie Sambora con questa chitarra sul palco. Un pezzo eccezionale con una provenienza straordinaria!","og_url":"https:\/\/www.matts-guitar-shop.com\/it\/produit\/floyd-rose-black-prototype-ex-richie-sambora-bon-jovi\/","og_site_name":"Matt&#039;s Guitar Shop","article_publisher":"https:\/\/www.facebook.com\/profile.php?id=100044359842817","og_image":[{"width":692,"height":1000,"url":"https:\/\/www.matts-guitar-shop.com\/wp-content\/uploads\/2024\/08\/Floyd-Rose-Black-Prototype-Ex-Richie-Sambora-Bon-Jovi-00.jpg","type":"image\/jpeg"}],"twitter_card":"summary_large_image","twitter_misc":{"Tempo di lettura stimato":"2 minuti"},"schema":{"@context":"https:\/\/schema.org","@graph":[{"@type":"WebPage","@id":"https:\/\/www.matts-guitar-shop.com\/it\/produit\/floyd-rose-black-prototype-ex-richie-sambora-bon-jovi\/","url":"https:\/\/www.matts-guitar-shop.com\/it\/produit\/floyd-rose-black-prototype-ex-richie-sambora-bon-jovi\/","name":"Floyd Rose Black Prototype Ex Richie Sambora Bon Jovi - Matt&#039;s Guitar Shop","isPartOf":{"@id":"https:\/\/www.matts-guitar-shop.com\/it\/#website"},"primaryImageOfPage":{"@id":"https:\/\/www.matts-guitar-shop.com\/it\/produit\/floyd-rose-black-prototype-ex-richie-sambora-bon-jovi\/#primaryimage"},"image":{"@id":"https:\/\/www.matts-guitar-shop.com\/it\/produit\/floyd-rose-black-prototype-ex-richie-sambora-bon-jovi\/#primaryimage"},"thumbnailUrl":"https:\/\/www.matts-guitar-shop.com\/wp-content\/uploads\/2024\/08\/Floyd-Rose-Black-Prototype-Ex-Richie-Sambora-Bon-Jovi-00.jpg","datePublished":"2024-08-18T13:02:07+00:00","breadcrumb":{"@id":"https:\/\/www.matts-guitar-shop.com\/it\/produit\/floyd-rose-black-prototype-ex-richie-sambora-bon-jovi\/#breadcrumb"},"inLanguage":"it-IT","potentialAction":[{"@type":"ReadAction","target":["https:\/\/www.matts-guitar-shop.com\/it\/produit\/floyd-rose-black-prototype-ex-richie-sambora-bon-jovi\/"]}]},{"@type":"ImageObject","inLanguage":"it-IT","@id":"https:\/\/www.matts-guitar-shop.com\/it\/produit\/floyd-rose-black-prototype-ex-richie-sambora-bon-jovi\/#primaryimage","url":"https:\/\/www.matts-guitar-shop.com\/wp-content\/uploads\/2024\/08\/Floyd-Rose-Black-Prototype-Ex-Richie-Sambora-Bon-Jovi-00.jpg","contentUrl":"https:\/\/www.matts-guitar-shop.com\/wp-content\/uploads\/2024\/08\/Floyd-Rose-Black-Prototype-Ex-Richie-Sambora-Bon-Jovi-00.jpg","width":692,"height":1000},{"@type":"BreadcrumbList","@id":"https:\/\/www.matts-guitar-shop.com\/it\/produit\/floyd-rose-black-prototype-ex-richie-sambora-bon-jovi\/#breadcrumb","itemListElement":[{"@type":"ListItem","position":1,"name":"Home","item":"https:\/\/www.matts-guitar-shop.com\/it\/"},{"@type":"ListItem","position":2,"name":"I nostri prodotti","item":"https:\/\/www.matts-guitar-shop.com\/nos-produits\/"},{"@type":"ListItem","position":3,"name":"Floyd Rose Black Prototype Ex Richie Sambora Bon Jovi"}]},{"@type":"WebSite","@id":"https:\/\/www.matts-guitar-shop.com\/it\/#website","url":"https:\/\/www.matts-guitar-shop.com\/it\/","name":"matts-guitar-shop.com","description":"Guitar Shop","publisher":{"@id":"https:\/\/www.matts-guitar-shop.com\/it\/#organization"},"potentialAction":[{"@type":"SearchAction","target":{"@type":"EntryPoint","urlTemplate":"https:\/\/www.matts-guitar-shop.com\/it\/?s={search_term_string}"},"query-input":{"@type":"PropertyValueSpecification","valueRequired":true,"valueName":"search_term_string"}}],"inLanguage":"it-IT"},{"@type":"Organization","@id":"https:\/\/www.matts-guitar-shop.com\/it\/#organization","name":"matts-guitar-shop.com","url":"https:\/\/www.matts-guitar-shop.com\/it\/","logo":{"@type":"ImageObject","inLanguage":"it-IT","@id":"https:\/\/www.matts-guitar-shop.com\/it\/#\/schema\/logo\/image\/","url":"https:\/\/www.matts-guitar-shop.com\/wp-content\/uploads\/2024\/09\/MGS-logo-site-02.png","contentUrl":"https:\/\/www.matts-guitar-shop.com\/wp-content\/uploads\/2024\/09\/MGS-logo-site-02.png","width":200,"height":122,"caption":"matts-guitar-shop.com"},"image":{"@id":"https:\/\/www.matts-guitar-shop.com\/it\/#\/schema\/logo\/image\/"},"sameAs":["https:\/\/www.facebook.com\/profile.php?id=100044359842817","https:\/\/www.instagram.com\/mattsguitarshop\/","https:\/\/www.youtube.com\/@MattLucasMan\/videos"]}]}},"_links":{"self":[{"href":"https:\/\/www.matts-guitar-shop.com\/it\/wp-json\/wp\/v2\/product\/22135","targetHints":{"allow":["GET"]}}],"collection":[{"href":"https:\/\/www.matts-guitar-shop.com\/it\/wp-json\/wp\/v2\/product"}],"about":[{"href":"https:\/\/www.matts-guitar-shop.com\/it\/wp-json\/wp\/v2\/types\/product"}],"replies":[{"embeddable":true,"href":"https:\/\/www.matts-guitar-shop.com\/it\/wp-json\/wp\/v2\/comments?post=22135"}],"wp:featuredmedia":[{"embeddable":true,"href":"https:\/\/www.matts-guitar-shop.com\/it\/wp-json\/wp\/v2\/media\/22136"}],"wp:attachment":[{"href":"https:\/\/www.matts-guitar-shop.com\/it\/wp-json\/wp\/v2\/media?parent=22135"}],"wp:term":[{"taxonomy":"product_brand","embeddable":true,"href":"https:\/\/www.matts-guitar-shop.com\/it\/wp-json\/wp\/v2\/product_brand?post=22135"},{"taxonomy":"product_cat","embeddable":true,"href":"https:\/\/www.matts-guitar-shop.com\/it\/wp-json\/wp\/v2\/product_cat?post=22135"},{"taxonomy":"product_tag","embeddable":true,"href":"https:\/\/www.matts-guitar-shop.com\/it\/wp-json\/wp\/v2\/product_tag?post=22135"}],"curies":[{"name":"wp","href":"https:\/\/api.w.org\/{rel}","templated":true}]}}