{"id":21966,"date":"2024-08-21T17:18:10","date_gmt":"2024-08-21T15:18:10","guid":{"rendered":"https:\/\/www.matts-guitar-shop.com\/produit\/gibson-sg-monark-billy-gibbons\/"},"modified":"2024-08-21T17:18:10","modified_gmt":"2024-08-21T15:18:10","slug":"gibson-sg-monark-billy-gibbons","status":"publish","type":"product","link":"https:\/\/www.matts-guitar-shop.com\/it\/produit\/gibson-sg-monark-billy-gibbons\/","title":{"rendered":"Gibson SG Monark Billy Gibbons"},"content":{"rendered":"<p>Billy F Gibbons<br \/> (1949)<\/p>\n<p>Gruppo: ZZ Top<br \/> Chitarra principale: Gibson Les Paul Standard 1959<br \/> Brano da ascoltare assolutamente: Just Got Paid<\/p>\n<p>Billy Gibbons \u00e8 il capo. Il capo dei chitarristi con il suo vibrato sensuale e il suono pieno come un burrito che ottiene dalla sua Les Paul. Il capo dei cantanti con la sua voce ruvida e twangy. Il capo dei bandleader con gli ZZ Top, il suo trio la cui formazione \u00e8 rimasta invariata dal 1969. Il capo degli stilisti, con un senso impeccabile dello stile e della scena. E infine il capo dei collezionisti, con diversi hangar pieni di migliaia di chitarre che ha acquisito nel corso degli anni. La leggenda dice che possieda un esemplare di ogni anno di ogni modello dei grandi marchi, e potrebbe non essere solo una leggenda\u2026 Fatto sta che gli strumenti a lui noti sono impressionanti: dalla \u201cMistress Pearly Gates\u201d, la famosa Les Paul \u201959 che lo accompagna da sempre, alla sua Strat \u201954 hardtail che spesso accompagna Pearly Gates, passando per le numerose chitarre personalizzate in stile hotrod.<\/p>\n<p>La sua carriera inizia gi\u00e0 nel 1967 con i Moving Sidewalks, uno dei pochi gruppi di rock psichedelico texano ispirati ai 13th Floor Elevators. Furono anche la prima band di apertura per Jimi Hendrix prima di sciogliersi nel 1969, anno in cui Gibbons fonda gli ZZ Top.<\/p>\n<p>Il trio comincia con un blues rock pieno e tradizionale prima di evolversi verso una direzione pi\u00f9 elettronica, a partire da Deg\u00fcello nel 1979. Questa tendenza si consolida con la trilogia Eliminator \/ Afterburner \/ Recycler, tre album in cui il blues di Gibbons si fonde con sintetizzatori e drum machine dell\u2019epoca, ottenendo un risultato che ha convinto molti fan, che siano approdati al trio tramite singoli come Gimme All Your Loving e Rough Boy o grazie agli eccellenti videoclip trasmessi continuamente su MTV. Da allora, gli ZZ Top hanno reinventato ancora la loro musica con un suono pi\u00f9 pieno, organico e immerso nella fuzz. Gibbons ha moltiplicato le apparizioni come guest star negli album di altri musicisti e, soprattutto, ha pubblicato due album sotto il suo nome, Perfectamundo, che esplora la musica cubana, e Big Bad Blues, che ritorna ai suoi primi amori, tra Muddy Waters e Bo Diddley. Il cerchio si chiude.<\/p>\n","protected":false},"excerpt":{"rendered":"<p><strong>Il movimento steampunk \u00e8 stato lanciato dai romanzi di Jules Verne come &#8220;Ventimila leghe sotto i mari&#8221;, nei quali le descrizioni delle sue macchine a vapore immaginarie hanno ispirato legioni di scrittori, registi, designer e persino liutai! Questa SG Monark \u00e8 l\u2019esempio perfetto dello stile che dovrebbe avere una Gibson modificata a tema steampunk. \u00c8 iniziata come una modesta SG Standard del 2008, e Billy Gibbons, il suo proprietario, ha deciso di renderla speciale con l\u2019aiuto di Thomas Nilsen (fondatore del marchio di pickup Cream T Pickups) e Raymond Eide (dell\u2019officina Faust Guitars a Trondheim, in Norvegia).<\/strong><\/p>\n<p>I due hanno iniziato carteggiando la finitura originale della SG, invecchiando il legno e rifacendo la finitura con una vernice molto pi\u00f9 leggera. Ma quello era solo l\u2019inizio. Successivamente hanno realizzato una paletta rivestita in pelle (con il logo Gibbons al posto del consueto Gibson) e hanno usato la pelle anche per i quattro tasti di controllo. Hanno trovato un bellissimo logo in metallo della marca norvegese di motociclette Monark degli anni \u201960 per farne il copri-truss rod, e hanno recuperato elementi da un aereo dell\u2019aeronautica americana della Seconda Guerra Mondiale per realizzare il jack di uscita, il selettore dei pickup (sul quale si legge \u201cOuter Marker\u201d) e l\u2019interruttore dell\u2019orologio su cui si legge \u201cInter\/Radio\u201d.<\/p>\n<p>S\u00ec, avete letto bene: l\u2019attributo steampunk definitivo di quest\u2019opera d\u2019arte chitarristica sono i meccanismi di un orologio britannico degli anni \u201950 modellati a forma di corno per sostituire il legno del cutaway superiore della SG, un po\u2019 come un occhio bionico su un umano. Questo incredibile meccanismo pu\u00f2 essere attivato e produce un enorme ruggito dai pickup Cream T Pickups. Inoltre, questa chitarra \u00e8 cos\u00ec speciale che ha avuto diritto a un articolo sul numero estivo 2018 della rivista inglese Guitarist, nell\u2019ambito di un servizio di copertina sulle chitarre modificate.<\/p>\n","protected":false},"featured_media":21967,"comment_status":"open","ping_status":"closed","template":"","meta":{"_et_pb_use_builder":"","_et_pb_old_content":"","_et_gb_content_width":""},"product_brand":[],"product_cat":[851,846,844,847],"product_tag":[],"class_list":{"0":"post-21966","1":"product","2":"type-product","3":"status-publish","4":"has-post-thumbnail","6":"product_cat-chitarre-elettriche","7":"product_cat-venduti","8":"product_cat-artisti","9":"product_cat-chitarre","10":"pa_artiste-billy-f-gibbons-it","11":"pa_disponibilite-vendutoa","12":"pa_marque-gibson-it","14":"first","15":"outofstock","16":"shipping-taxable","17":"product-type-simple"},"yoast_head":"<!-- This site is optimized with the Yoast SEO plugin v26.8 - https:\/\/yoast.com\/product\/yoast-seo-wordpress\/ -->\n<title>Gibson SG Monark Billy Gibbons - Matt&#039;s Guitar Shop<\/title>\n<meta name=\"description\" content=\"Gibson SG Monark di Billy Gibbons. Una chitarra unica e da collezione, pezzo raro ed eccezionale del leggendario chitarrista degli ZZ Top, disponibile da Matt\u2019s Guitar Shop.\" \/>\n<meta name=\"robots\" content=\"index, follow, max-snippet:-1, max-image-preview:large, max-video-preview:-1\" \/>\n<link rel=\"canonical\" href=\"https:\/\/www.matts-guitar-shop.com\/it\/produit\/gibson-sg-monark-billy-gibbons\/\" \/>\n<meta property=\"og:locale\" content=\"it_IT\" \/>\n<meta property=\"og:type\" content=\"article\" \/>\n<meta property=\"og:title\" content=\"Gibson SG Monark Billy Gibbons - Matt&#039;s Guitar Shop\" \/>\n<meta property=\"og:description\" content=\"Gibson SG Monark di Billy Gibbons. Una chitarra unica e da collezione, pezzo raro ed eccezionale del leggendario chitarrista degli ZZ Top, disponibile da Matt\u2019s Guitar Shop.\" \/>\n<meta property=\"og:url\" content=\"https:\/\/www.matts-guitar-shop.com\/it\/produit\/gibson-sg-monark-billy-gibbons\/\" \/>\n<meta property=\"og:site_name\" content=\"Matt&#039;s Guitar Shop\" \/>\n<meta property=\"article:publisher\" content=\"https:\/\/www.facebook.com\/profile.php?id=100044359842817\" \/>\n<meta property=\"og:image\" content=\"https:\/\/www.matts-guitar-shop.com\/wp-content\/uploads\/2024\/08\/Gibson-SG-Monark-Billy-Gibbons-1996-guitare-00.jpg\" \/>\n\t<meta property=\"og:image:width\" content=\"900\" \/>\n\t<meta property=\"og:image:height\" content=\"1300\" \/>\n\t<meta property=\"og:image:type\" content=\"image\/jpeg\" \/>\n<meta name=\"twitter:card\" content=\"summary_large_image\" \/>\n<meta name=\"twitter:label1\" content=\"Tempo di lettura stimato\" \/>\n\t<meta name=\"twitter:data1\" content=\"2 minuti\" \/>\n<script type=\"application\/ld+json\" class=\"yoast-schema-graph\">{\"@context\":\"https:\/\/schema.org\",\"@graph\":[{\"@type\":\"WebPage\",\"@id\":\"https:\/\/www.matts-guitar-shop.com\/it\/produit\/gibson-sg-monark-billy-gibbons\/\",\"url\":\"https:\/\/www.matts-guitar-shop.com\/it\/produit\/gibson-sg-monark-billy-gibbons\/\",\"name\":\"Gibson SG Monark Billy Gibbons - Matt&#039;s Guitar Shop\",\"isPartOf\":{\"@id\":\"https:\/\/www.matts-guitar-shop.com\/it\/#website\"},\"primaryImageOfPage\":{\"@id\":\"https:\/\/www.matts-guitar-shop.com\/it\/produit\/gibson-sg-monark-billy-gibbons\/#primaryimage\"},\"image\":{\"@id\":\"https:\/\/www.matts-guitar-shop.com\/it\/produit\/gibson-sg-monark-billy-gibbons\/#primaryimage\"},\"thumbnailUrl\":\"https:\/\/www.matts-guitar-shop.com\/wp-content\/uploads\/2024\/08\/Gibson-SG-Monark-Billy-Gibbons-1996-guitare-00.jpg\",\"datePublished\":\"2024-08-21T15:18:10+00:00\",\"description\":\"Gibson SG Monark di Billy Gibbons. Una chitarra unica e da collezione, pezzo raro ed eccezionale del leggendario chitarrista degli ZZ Top, disponibile da Matt\u2019s Guitar Shop.\",\"breadcrumb\":{\"@id\":\"https:\/\/www.matts-guitar-shop.com\/it\/produit\/gibson-sg-monark-billy-gibbons\/#breadcrumb\"},\"inLanguage\":\"it-IT\",\"potentialAction\":[{\"@type\":\"ReadAction\",\"target\":[\"https:\/\/www.matts-guitar-shop.com\/it\/produit\/gibson-sg-monark-billy-gibbons\/\"]}]},{\"@type\":\"ImageObject\",\"inLanguage\":\"it-IT\",\"@id\":\"https:\/\/www.matts-guitar-shop.com\/it\/produit\/gibson-sg-monark-billy-gibbons\/#primaryimage\",\"url\":\"https:\/\/www.matts-guitar-shop.com\/wp-content\/uploads\/2024\/08\/Gibson-SG-Monark-Billy-Gibbons-1996-guitare-00.jpg\",\"contentUrl\":\"https:\/\/www.matts-guitar-shop.com\/wp-content\/uploads\/2024\/08\/Gibson-SG-Monark-Billy-Gibbons-1996-guitare-00.jpg\",\"width\":900,\"height\":1300},{\"@type\":\"BreadcrumbList\",\"@id\":\"https:\/\/www.matts-guitar-shop.com\/it\/produit\/gibson-sg-monark-billy-gibbons\/#breadcrumb\",\"itemListElement\":[{\"@type\":\"ListItem\",\"position\":1,\"name\":\"Home\",\"item\":\"https:\/\/www.matts-guitar-shop.com\/it\/\"},{\"@type\":\"ListItem\",\"position\":2,\"name\":\"I nostri prodotti\",\"item\":\"https:\/\/www.matts-guitar-shop.com\/nos-produits\/\"},{\"@type\":\"ListItem\",\"position\":3,\"name\":\"Gibson SG Monark Billy Gibbons\"}]},{\"@type\":\"WebSite\",\"@id\":\"https:\/\/www.matts-guitar-shop.com\/it\/#website\",\"url\":\"https:\/\/www.matts-guitar-shop.com\/it\/\",\"name\":\"matts-guitar-shop.com\",\"description\":\"Guitar Shop\",\"publisher\":{\"@id\":\"https:\/\/www.matts-guitar-shop.com\/it\/#organization\"},\"potentialAction\":[{\"@type\":\"SearchAction\",\"target\":{\"@type\":\"EntryPoint\",\"urlTemplate\":\"https:\/\/www.matts-guitar-shop.com\/it\/?s={search_term_string}\"},\"query-input\":{\"@type\":\"PropertyValueSpecification\",\"valueRequired\":true,\"valueName\":\"search_term_string\"}}],\"inLanguage\":\"it-IT\"},{\"@type\":\"Organization\",\"@id\":\"https:\/\/www.matts-guitar-shop.com\/it\/#organization\",\"name\":\"matts-guitar-shop.com\",\"url\":\"https:\/\/www.matts-guitar-shop.com\/it\/\",\"logo\":{\"@type\":\"ImageObject\",\"inLanguage\":\"it-IT\",\"@id\":\"https:\/\/www.matts-guitar-shop.com\/it\/#\/schema\/logo\/image\/\",\"url\":\"https:\/\/www.matts-guitar-shop.com\/wp-content\/uploads\/2024\/09\/MGS-logo-site-02.png\",\"contentUrl\":\"https:\/\/www.matts-guitar-shop.com\/wp-content\/uploads\/2024\/09\/MGS-logo-site-02.png\",\"width\":200,\"height\":122,\"caption\":\"matts-guitar-shop.com\"},\"image\":{\"@id\":\"https:\/\/www.matts-guitar-shop.com\/it\/#\/schema\/logo\/image\/\"},\"sameAs\":[\"https:\/\/www.facebook.com\/profile.php?id=100044359842817\",\"https:\/\/www.instagram.com\/mattsguitarshop\/\",\"https:\/\/www.youtube.com\/@MattLucasMan\/videos\"]}]}<\/script>\n<!-- \/ Yoast SEO plugin. -->","yoast_head_json":{"title":"Gibson SG Monark Billy Gibbons - Matt&#039;s Guitar Shop","description":"Gibson SG Monark di Billy Gibbons. Una chitarra unica e da collezione, pezzo raro ed eccezionale del leggendario chitarrista degli ZZ Top, disponibile da Matt\u2019s Guitar Shop.","robots":{"index":"index","follow":"follow","max-snippet":"max-snippet:-1","max-image-preview":"max-image-preview:large","max-video-preview":"max-video-preview:-1"},"canonical":"https:\/\/www.matts-guitar-shop.com\/it\/produit\/gibson-sg-monark-billy-gibbons\/","og_locale":"it_IT","og_type":"article","og_title":"Gibson SG Monark Billy Gibbons - Matt&#039;s Guitar Shop","og_description":"Gibson SG Monark di Billy Gibbons. Una chitarra unica e da collezione, pezzo raro ed eccezionale del leggendario chitarrista degli ZZ Top, disponibile da Matt\u2019s Guitar Shop.","og_url":"https:\/\/www.matts-guitar-shop.com\/it\/produit\/gibson-sg-monark-billy-gibbons\/","og_site_name":"Matt&#039;s Guitar Shop","article_publisher":"https:\/\/www.facebook.com\/profile.php?id=100044359842817","og_image":[{"width":900,"height":1300,"url":"https:\/\/www.matts-guitar-shop.com\/wp-content\/uploads\/2024\/08\/Gibson-SG-Monark-Billy-Gibbons-1996-guitare-00.jpg","type":"image\/jpeg"}],"twitter_card":"summary_large_image","twitter_misc":{"Tempo di lettura stimato":"2 minuti"},"schema":{"@context":"https:\/\/schema.org","@graph":[{"@type":"WebPage","@id":"https:\/\/www.matts-guitar-shop.com\/it\/produit\/gibson-sg-monark-billy-gibbons\/","url":"https:\/\/www.matts-guitar-shop.com\/it\/produit\/gibson-sg-monark-billy-gibbons\/","name":"Gibson SG Monark Billy Gibbons - Matt&#039;s Guitar Shop","isPartOf":{"@id":"https:\/\/www.matts-guitar-shop.com\/it\/#website"},"primaryImageOfPage":{"@id":"https:\/\/www.matts-guitar-shop.com\/it\/produit\/gibson-sg-monark-billy-gibbons\/#primaryimage"},"image":{"@id":"https:\/\/www.matts-guitar-shop.com\/it\/produit\/gibson-sg-monark-billy-gibbons\/#primaryimage"},"thumbnailUrl":"https:\/\/www.matts-guitar-shop.com\/wp-content\/uploads\/2024\/08\/Gibson-SG-Monark-Billy-Gibbons-1996-guitare-00.jpg","datePublished":"2024-08-21T15:18:10+00:00","description":"Gibson SG Monark di Billy Gibbons. Una chitarra unica e da collezione, pezzo raro ed eccezionale del leggendario chitarrista degli ZZ Top, disponibile da Matt\u2019s Guitar Shop.","breadcrumb":{"@id":"https:\/\/www.matts-guitar-shop.com\/it\/produit\/gibson-sg-monark-billy-gibbons\/#breadcrumb"},"inLanguage":"it-IT","potentialAction":[{"@type":"ReadAction","target":["https:\/\/www.matts-guitar-shop.com\/it\/produit\/gibson-sg-monark-billy-gibbons\/"]}]},{"@type":"ImageObject","inLanguage":"it-IT","@id":"https:\/\/www.matts-guitar-shop.com\/it\/produit\/gibson-sg-monark-billy-gibbons\/#primaryimage","url":"https:\/\/www.matts-guitar-shop.com\/wp-content\/uploads\/2024\/08\/Gibson-SG-Monark-Billy-Gibbons-1996-guitare-00.jpg","contentUrl":"https:\/\/www.matts-guitar-shop.com\/wp-content\/uploads\/2024\/08\/Gibson-SG-Monark-Billy-Gibbons-1996-guitare-00.jpg","width":900,"height":1300},{"@type":"BreadcrumbList","@id":"https:\/\/www.matts-guitar-shop.com\/it\/produit\/gibson-sg-monark-billy-gibbons\/#breadcrumb","itemListElement":[{"@type":"ListItem","position":1,"name":"Home","item":"https:\/\/www.matts-guitar-shop.com\/it\/"},{"@type":"ListItem","position":2,"name":"I nostri prodotti","item":"https:\/\/www.matts-guitar-shop.com\/nos-produits\/"},{"@type":"ListItem","position":3,"name":"Gibson SG Monark Billy Gibbons"}]},{"@type":"WebSite","@id":"https:\/\/www.matts-guitar-shop.com\/it\/#website","url":"https:\/\/www.matts-guitar-shop.com\/it\/","name":"matts-guitar-shop.com","description":"Guitar Shop","publisher":{"@id":"https:\/\/www.matts-guitar-shop.com\/it\/#organization"},"potentialAction":[{"@type":"SearchAction","target":{"@type":"EntryPoint","urlTemplate":"https:\/\/www.matts-guitar-shop.com\/it\/?s={search_term_string}"},"query-input":{"@type":"PropertyValueSpecification","valueRequired":true,"valueName":"search_term_string"}}],"inLanguage":"it-IT"},{"@type":"Organization","@id":"https:\/\/www.matts-guitar-shop.com\/it\/#organization","name":"matts-guitar-shop.com","url":"https:\/\/www.matts-guitar-shop.com\/it\/","logo":{"@type":"ImageObject","inLanguage":"it-IT","@id":"https:\/\/www.matts-guitar-shop.com\/it\/#\/schema\/logo\/image\/","url":"https:\/\/www.matts-guitar-shop.com\/wp-content\/uploads\/2024\/09\/MGS-logo-site-02.png","contentUrl":"https:\/\/www.matts-guitar-shop.com\/wp-content\/uploads\/2024\/09\/MGS-logo-site-02.png","width":200,"height":122,"caption":"matts-guitar-shop.com"},"image":{"@id":"https:\/\/www.matts-guitar-shop.com\/it\/#\/schema\/logo\/image\/"},"sameAs":["https:\/\/www.facebook.com\/profile.php?id=100044359842817","https:\/\/www.instagram.com\/mattsguitarshop\/","https:\/\/www.youtube.com\/@MattLucasMan\/videos"]}]}},"_links":{"self":[{"href":"https:\/\/www.matts-guitar-shop.com\/it\/wp-json\/wp\/v2\/product\/21966","targetHints":{"allow":["GET"]}}],"collection":[{"href":"https:\/\/www.matts-guitar-shop.com\/it\/wp-json\/wp\/v2\/product"}],"about":[{"href":"https:\/\/www.matts-guitar-shop.com\/it\/wp-json\/wp\/v2\/types\/product"}],"replies":[{"embeddable":true,"href":"https:\/\/www.matts-guitar-shop.com\/it\/wp-json\/wp\/v2\/comments?post=21966"}],"wp:featuredmedia":[{"embeddable":true,"href":"https:\/\/www.matts-guitar-shop.com\/it\/wp-json\/wp\/v2\/media\/21967"}],"wp:attachment":[{"href":"https:\/\/www.matts-guitar-shop.com\/it\/wp-json\/wp\/v2\/media?parent=21966"}],"wp:term":[{"taxonomy":"product_brand","embeddable":true,"href":"https:\/\/www.matts-guitar-shop.com\/it\/wp-json\/wp\/v2\/product_brand?post=21966"},{"taxonomy":"product_cat","embeddable":true,"href":"https:\/\/www.matts-guitar-shop.com\/it\/wp-json\/wp\/v2\/product_cat?post=21966"},{"taxonomy":"product_tag","embeddable":true,"href":"https:\/\/www.matts-guitar-shop.com\/it\/wp-json\/wp\/v2\/product_tag?post=21966"}],"curies":[{"name":"wp","href":"https:\/\/api.w.org\/{rel}","templated":true}]}}