{"id":21881,"date":"2024-08-19T17:29:51","date_gmt":"2024-08-19T15:29:51","guid":{"rendered":"https:\/\/www.matts-guitar-shop.com\/produit\/gibson-explorer-custom-sparkle-silver-ex-matthias-jabs-scorpions\/"},"modified":"2024-08-19T17:29:51","modified_gmt":"2024-08-19T15:29:51","slug":"gibson-explorer-custom-sparkle-silver-ex-matthias-jabs-scorpions","status":"publish","type":"product","link":"https:\/\/www.matts-guitar-shop.com\/it\/produit\/gibson-explorer-custom-sparkle-silver-ex-matthias-jabs-scorpions\/","title":{"rendered":"Gibson Explorer Custom Sparkle Silver ex-Matthias Jabs Scorpions"},"content":{"rendered":"<p>Gibson Explorer Custom Sparkle Silver Ex Matthias Jabs Scorpions<\/p>\n","protected":false},"excerpt":{"rendered":"<p><strong>Rares sont les guitares \u00e0 avoir maintenu leur statut hors normes au fil du temps. C\u2019est pourtant le cas de la Gibson Explorer, cette guitare aux angles nettement ac\u00e9r\u00e9s qui a r\u00e9volutionn\u00e9 les formes jusqu\u2019alors admises pour les guitares par une proposition futuriste et audacieuse. Introduite en 1958, la guitare en forme d\u2019\u00e9clair a pein\u00e9 \u00e0 trouver sa place dans le tr\u00e8s vaste paysage des guitares \u00e9lectriques, mais elle est devenue avec le temps un instrument appr\u00e9ci\u00e9 et sollicit\u00e9 par des musiciens de talent. Rageuse, agressive et radicale, l\u2019Explorer est devenue une signature autant visuelle que sonore pour des artistes adeptes des sons massifs et pr\u00e9cis. Parmi ces artistes qui ont fait les lettres de noblesse de l\u2019Explorer se trouve Matthias Jabs, le guitariste mythique du groupe Scorpions. Cette Explorer paillet\u00e9e est un exemplaire unique construit par le Gibson Custom Shop sp\u00e9cialement pour Matthias Jabs.<\/strong><\/p>\n<p>Lorsque la Gibson Explorer est apparue \u00e0 la fin des ann\u00e9es 1960, c\u2019est un raz-de-mar\u00e9e sur le march\u00e9 des guitares. Personne n\u2019avait jusqu\u2019ici imagin\u00e9 de telles formes, aussi nettes et agressives que leur son. Apr\u00e8s plusieurs ann\u00e9es de d\u00e9samour, l\u2019Explorer est adopt\u00e9e par plusieurs artistes majeures qui rappellent \u00e0 quel point ce design est unique en son genre. Matthias Jabs fait partie de ceux-l\u00e0. Son utilisation des guitares Explorer est indissociable de ses riffs au sein de Scorpions : il a particip\u00e9 \u00e0 \u00e9riger ce mod\u00e8le en r\u00e9f\u00e9rence du hard rock. De ses Explorer Gibson \u00e0 ses mod\u00e8les Dommenget, Matthias Jabs a toujours t\u00e9moign\u00e9 son affection pour la forme de l\u2019Explorer qu\u2019il reprend dans chacun de ses mod\u00e8les signatures. La guitare en forme d\u2019\u00e9clair fait partie de l\u2019arsenal de Matthias Jabs, et a fa\u00e7onn\u00e9 l\u2019identit\u00e9 visuelle et sonore du groupe de hard rock mythique.<\/p>\n<p>Cette Gibson Explorer Custom Shop est une guitare exceptionnelle qui a \u00e9t\u00e9 fabriqu\u00e9e sp\u00e9cifiquement pour Matthias Jabs. C&#8217;est une guitare aux particularit\u00e9s nombreuses qui la rendent unique en son genre. Tout d\u2019abord, sa finition est remarquable. C\u2019est une Explorer en silver sparkle \u00e9clatant qui r\u00e9agit avec magie \u00e0 la lumi\u00e8re ambiante et aux spots de lumi\u00e8re de sc\u00e8ne. Ensuite, les rep\u00e8res de la touche sont en imitation rubis, ajoutant un cachet d\u00e9taill\u00e9 tr\u00e8s esth\u00e9tique \u00e0 une guitare d\u00e9j\u00e0 superbe. Enfin, la finition sparkle est int\u00e9grale et recouvre jusqu\u2019au manche de la guitare. Cette Gibson Explorer exceptionnelle provient directement de la collection personnelle de Matthias Jabs. Elle est \u00e0 d\u00e9couvrir au Matt\u2019s Guitar Shop !<\/p>\n","protected":false},"featured_media":21882,"comment_status":"open","ping_status":"closed","template":"","meta":{"_et_pb_use_builder":"","_et_pb_old_content":"","_et_gb_content_width":""},"product_brand":[],"product_cat":[851,846,847],"product_tag":[],"class_list":{"0":"post-21881","1":"product","2":"type-product","3":"status-publish","4":"has-post-thumbnail","6":"product_cat-chitarre-elettriche","7":"product_cat-venduti","8":"product_cat-chitarre","9":"pa_artiste-matthias-jabs-it","10":"pa_disponibilite-vendutoa","11":"pa_marque-gibson-it","13":"first","14":"outofstock","15":"shipping-taxable","16":"product-type-simple"},"yoast_head":"<!-- This site is optimized with the Yoast SEO plugin v26.8 - https:\/\/yoast.com\/product\/yoast-seo-wordpress\/ -->\n<title>Gibson Explorer Custom Sparkle Silver ex-Matthias Jabs Scorpions - Matt&#039;s Guitar Shop<\/title>\n<meta name=\"description\" content=\"La Gibson Explorer Custom Sparkle Silver ex-Matthias Jabs (Scorpions) \u00e8 disponibile nel vostro negozio online su Matt&#039;s Guitar Shop.\" \/>\n<meta name=\"robots\" content=\"index, follow, max-snippet:-1, max-image-preview:large, max-video-preview:-1\" \/>\n<link rel=\"canonical\" href=\"https:\/\/www.matts-guitar-shop.com\/it\/produit\/gibson-explorer-custom-sparkle-silver-ex-matthias-jabs-scorpions\/\" \/>\n<meta property=\"og:locale\" content=\"it_IT\" \/>\n<meta property=\"og:type\" content=\"article\" \/>\n<meta property=\"og:title\" content=\"Gibson Explorer Custom Sparkle Silver ex-Matthias Jabs Scorpions - Matt&#039;s Guitar Shop\" \/>\n<meta property=\"og:description\" content=\"La Gibson Explorer Custom Sparkle Silver ex-Matthias Jabs (Scorpions) \u00e8 disponibile nel vostro negozio online su Matt&#039;s Guitar Shop.\" \/>\n<meta property=\"og:url\" content=\"https:\/\/www.matts-guitar-shop.com\/it\/produit\/gibson-explorer-custom-sparkle-silver-ex-matthias-jabs-scorpions\/\" \/>\n<meta property=\"og:site_name\" content=\"Matt&#039;s Guitar Shop\" \/>\n<meta property=\"article:publisher\" content=\"https:\/\/www.facebook.com\/profile.php?id=100044359842817\" \/>\n<meta property=\"og:image\" content=\"https:\/\/www.matts-guitar-shop.com\/wp-content\/uploads\/2024\/08\/Gibson-Explorer-Custom-Sparkle-Silver-Ex-Matthias-Jabs-Scorpions-0-01.jpg\" \/>\n\t<meta property=\"og:image:width\" content=\"687\" \/>\n\t<meta property=\"og:image:height\" content=\"1000\" \/>\n\t<meta property=\"og:image:type\" content=\"image\/jpeg\" \/>\n<meta name=\"twitter:card\" content=\"summary_large_image\" \/>\n<script type=\"application\/ld+json\" class=\"yoast-schema-graph\">{\"@context\":\"https:\/\/schema.org\",\"@graph\":[{\"@type\":\"WebPage\",\"@id\":\"https:\/\/www.matts-guitar-shop.com\/it\/produit\/gibson-explorer-custom-sparkle-silver-ex-matthias-jabs-scorpions\/\",\"url\":\"https:\/\/www.matts-guitar-shop.com\/it\/produit\/gibson-explorer-custom-sparkle-silver-ex-matthias-jabs-scorpions\/\",\"name\":\"Gibson Explorer Custom Sparkle Silver ex-Matthias Jabs Scorpions - Matt&#039;s Guitar Shop\",\"isPartOf\":{\"@id\":\"https:\/\/www.matts-guitar-shop.com\/it\/#website\"},\"primaryImageOfPage\":{\"@id\":\"https:\/\/www.matts-guitar-shop.com\/it\/produit\/gibson-explorer-custom-sparkle-silver-ex-matthias-jabs-scorpions\/#primaryimage\"},\"image\":{\"@id\":\"https:\/\/www.matts-guitar-shop.com\/it\/produit\/gibson-explorer-custom-sparkle-silver-ex-matthias-jabs-scorpions\/#primaryimage\"},\"thumbnailUrl\":\"https:\/\/www.matts-guitar-shop.com\/wp-content\/uploads\/2024\/08\/Gibson-Explorer-Custom-Sparkle-Silver-Ex-Matthias-Jabs-Scorpions-0-01.jpg\",\"datePublished\":\"2024-08-19T15:29:51+00:00\",\"description\":\"La Gibson Explorer Custom Sparkle Silver ex-Matthias Jabs (Scorpions) \u00e8 disponibile nel vostro negozio online su Matt's Guitar Shop.\",\"breadcrumb\":{\"@id\":\"https:\/\/www.matts-guitar-shop.com\/it\/produit\/gibson-explorer-custom-sparkle-silver-ex-matthias-jabs-scorpions\/#breadcrumb\"},\"inLanguage\":\"it-IT\",\"potentialAction\":[{\"@type\":\"ReadAction\",\"target\":[\"https:\/\/www.matts-guitar-shop.com\/it\/produit\/gibson-explorer-custom-sparkle-silver-ex-matthias-jabs-scorpions\/\"]}]},{\"@type\":\"ImageObject\",\"inLanguage\":\"it-IT\",\"@id\":\"https:\/\/www.matts-guitar-shop.com\/it\/produit\/gibson-explorer-custom-sparkle-silver-ex-matthias-jabs-scorpions\/#primaryimage\",\"url\":\"https:\/\/www.matts-guitar-shop.com\/wp-content\/uploads\/2024\/08\/Gibson-Explorer-Custom-Sparkle-Silver-Ex-Matthias-Jabs-Scorpions-0-01.jpg\",\"contentUrl\":\"https:\/\/www.matts-guitar-shop.com\/wp-content\/uploads\/2024\/08\/Gibson-Explorer-Custom-Sparkle-Silver-Ex-Matthias-Jabs-Scorpions-0-01.jpg\",\"width\":687,\"height\":1000},{\"@type\":\"BreadcrumbList\",\"@id\":\"https:\/\/www.matts-guitar-shop.com\/it\/produit\/gibson-explorer-custom-sparkle-silver-ex-matthias-jabs-scorpions\/#breadcrumb\",\"itemListElement\":[{\"@type\":\"ListItem\",\"position\":1,\"name\":\"Home\",\"item\":\"https:\/\/www.matts-guitar-shop.com\/it\/\"},{\"@type\":\"ListItem\",\"position\":2,\"name\":\"I nostri prodotti\",\"item\":\"https:\/\/www.matts-guitar-shop.com\/nos-produits\/\"},{\"@type\":\"ListItem\",\"position\":3,\"name\":\"Gibson Explorer Custom Sparkle Silver ex-Matthias Jabs Scorpions\"}]},{\"@type\":\"WebSite\",\"@id\":\"https:\/\/www.matts-guitar-shop.com\/it\/#website\",\"url\":\"https:\/\/www.matts-guitar-shop.com\/it\/\",\"name\":\"matts-guitar-shop.com\",\"description\":\"Guitar Shop\",\"publisher\":{\"@id\":\"https:\/\/www.matts-guitar-shop.com\/it\/#organization\"},\"potentialAction\":[{\"@type\":\"SearchAction\",\"target\":{\"@type\":\"EntryPoint\",\"urlTemplate\":\"https:\/\/www.matts-guitar-shop.com\/it\/?s={search_term_string}\"},\"query-input\":{\"@type\":\"PropertyValueSpecification\",\"valueRequired\":true,\"valueName\":\"search_term_string\"}}],\"inLanguage\":\"it-IT\"},{\"@type\":\"Organization\",\"@id\":\"https:\/\/www.matts-guitar-shop.com\/it\/#organization\",\"name\":\"matts-guitar-shop.com\",\"url\":\"https:\/\/www.matts-guitar-shop.com\/it\/\",\"logo\":{\"@type\":\"ImageObject\",\"inLanguage\":\"it-IT\",\"@id\":\"https:\/\/www.matts-guitar-shop.com\/it\/#\/schema\/logo\/image\/\",\"url\":\"https:\/\/www.matts-guitar-shop.com\/wp-content\/uploads\/2024\/09\/MGS-logo-site-02.png\",\"contentUrl\":\"https:\/\/www.matts-guitar-shop.com\/wp-content\/uploads\/2024\/09\/MGS-logo-site-02.png\",\"width\":200,\"height\":122,\"caption\":\"matts-guitar-shop.com\"},\"image\":{\"@id\":\"https:\/\/www.matts-guitar-shop.com\/it\/#\/schema\/logo\/image\/\"},\"sameAs\":[\"https:\/\/www.facebook.com\/profile.php?id=100044359842817\",\"https:\/\/www.instagram.com\/mattsguitarshop\/\",\"https:\/\/www.youtube.com\/@MattLucasMan\/videos\"]}]}<\/script>\n<!-- \/ Yoast SEO plugin. -->","yoast_head_json":{"title":"Gibson Explorer Custom Sparkle Silver ex-Matthias Jabs Scorpions - Matt&#039;s Guitar Shop","description":"La Gibson Explorer Custom Sparkle Silver ex-Matthias Jabs (Scorpions) \u00e8 disponibile nel vostro negozio online su Matt's Guitar Shop.","robots":{"index":"index","follow":"follow","max-snippet":"max-snippet:-1","max-image-preview":"max-image-preview:large","max-video-preview":"max-video-preview:-1"},"canonical":"https:\/\/www.matts-guitar-shop.com\/it\/produit\/gibson-explorer-custom-sparkle-silver-ex-matthias-jabs-scorpions\/","og_locale":"it_IT","og_type":"article","og_title":"Gibson Explorer Custom Sparkle Silver ex-Matthias Jabs Scorpions - Matt&#039;s Guitar Shop","og_description":"La Gibson Explorer Custom Sparkle Silver ex-Matthias Jabs (Scorpions) \u00e8 disponibile nel vostro negozio online su Matt's Guitar Shop.","og_url":"https:\/\/www.matts-guitar-shop.com\/it\/produit\/gibson-explorer-custom-sparkle-silver-ex-matthias-jabs-scorpions\/","og_site_name":"Matt&#039;s Guitar Shop","article_publisher":"https:\/\/www.facebook.com\/profile.php?id=100044359842817","og_image":[{"width":687,"height":1000,"url":"https:\/\/www.matts-guitar-shop.com\/wp-content\/uploads\/2024\/08\/Gibson-Explorer-Custom-Sparkle-Silver-Ex-Matthias-Jabs-Scorpions-0-01.jpg","type":"image\/jpeg"}],"twitter_card":"summary_large_image","schema":{"@context":"https:\/\/schema.org","@graph":[{"@type":"WebPage","@id":"https:\/\/www.matts-guitar-shop.com\/it\/produit\/gibson-explorer-custom-sparkle-silver-ex-matthias-jabs-scorpions\/","url":"https:\/\/www.matts-guitar-shop.com\/it\/produit\/gibson-explorer-custom-sparkle-silver-ex-matthias-jabs-scorpions\/","name":"Gibson Explorer Custom Sparkle Silver ex-Matthias Jabs Scorpions - Matt&#039;s Guitar Shop","isPartOf":{"@id":"https:\/\/www.matts-guitar-shop.com\/it\/#website"},"primaryImageOfPage":{"@id":"https:\/\/www.matts-guitar-shop.com\/it\/produit\/gibson-explorer-custom-sparkle-silver-ex-matthias-jabs-scorpions\/#primaryimage"},"image":{"@id":"https:\/\/www.matts-guitar-shop.com\/it\/produit\/gibson-explorer-custom-sparkle-silver-ex-matthias-jabs-scorpions\/#primaryimage"},"thumbnailUrl":"https:\/\/www.matts-guitar-shop.com\/wp-content\/uploads\/2024\/08\/Gibson-Explorer-Custom-Sparkle-Silver-Ex-Matthias-Jabs-Scorpions-0-01.jpg","datePublished":"2024-08-19T15:29:51+00:00","description":"La Gibson Explorer Custom Sparkle Silver ex-Matthias Jabs (Scorpions) \u00e8 disponibile nel vostro negozio online su Matt's Guitar Shop.","breadcrumb":{"@id":"https:\/\/www.matts-guitar-shop.com\/it\/produit\/gibson-explorer-custom-sparkle-silver-ex-matthias-jabs-scorpions\/#breadcrumb"},"inLanguage":"it-IT","potentialAction":[{"@type":"ReadAction","target":["https:\/\/www.matts-guitar-shop.com\/it\/produit\/gibson-explorer-custom-sparkle-silver-ex-matthias-jabs-scorpions\/"]}]},{"@type":"ImageObject","inLanguage":"it-IT","@id":"https:\/\/www.matts-guitar-shop.com\/it\/produit\/gibson-explorer-custom-sparkle-silver-ex-matthias-jabs-scorpions\/#primaryimage","url":"https:\/\/www.matts-guitar-shop.com\/wp-content\/uploads\/2024\/08\/Gibson-Explorer-Custom-Sparkle-Silver-Ex-Matthias-Jabs-Scorpions-0-01.jpg","contentUrl":"https:\/\/www.matts-guitar-shop.com\/wp-content\/uploads\/2024\/08\/Gibson-Explorer-Custom-Sparkle-Silver-Ex-Matthias-Jabs-Scorpions-0-01.jpg","width":687,"height":1000},{"@type":"BreadcrumbList","@id":"https:\/\/www.matts-guitar-shop.com\/it\/produit\/gibson-explorer-custom-sparkle-silver-ex-matthias-jabs-scorpions\/#breadcrumb","itemListElement":[{"@type":"ListItem","position":1,"name":"Home","item":"https:\/\/www.matts-guitar-shop.com\/it\/"},{"@type":"ListItem","position":2,"name":"I nostri prodotti","item":"https:\/\/www.matts-guitar-shop.com\/nos-produits\/"},{"@type":"ListItem","position":3,"name":"Gibson Explorer Custom Sparkle Silver ex-Matthias Jabs Scorpions"}]},{"@type":"WebSite","@id":"https:\/\/www.matts-guitar-shop.com\/it\/#website","url":"https:\/\/www.matts-guitar-shop.com\/it\/","name":"matts-guitar-shop.com","description":"Guitar Shop","publisher":{"@id":"https:\/\/www.matts-guitar-shop.com\/it\/#organization"},"potentialAction":[{"@type":"SearchAction","target":{"@type":"EntryPoint","urlTemplate":"https:\/\/www.matts-guitar-shop.com\/it\/?s={search_term_string}"},"query-input":{"@type":"PropertyValueSpecification","valueRequired":true,"valueName":"search_term_string"}}],"inLanguage":"it-IT"},{"@type":"Organization","@id":"https:\/\/www.matts-guitar-shop.com\/it\/#organization","name":"matts-guitar-shop.com","url":"https:\/\/www.matts-guitar-shop.com\/it\/","logo":{"@type":"ImageObject","inLanguage":"it-IT","@id":"https:\/\/www.matts-guitar-shop.com\/it\/#\/schema\/logo\/image\/","url":"https:\/\/www.matts-guitar-shop.com\/wp-content\/uploads\/2024\/09\/MGS-logo-site-02.png","contentUrl":"https:\/\/www.matts-guitar-shop.com\/wp-content\/uploads\/2024\/09\/MGS-logo-site-02.png","width":200,"height":122,"caption":"matts-guitar-shop.com"},"image":{"@id":"https:\/\/www.matts-guitar-shop.com\/it\/#\/schema\/logo\/image\/"},"sameAs":["https:\/\/www.facebook.com\/profile.php?id=100044359842817","https:\/\/www.instagram.com\/mattsguitarshop\/","https:\/\/www.youtube.com\/@MattLucasMan\/videos"]}]}},"_links":{"self":[{"href":"https:\/\/www.matts-guitar-shop.com\/it\/wp-json\/wp\/v2\/product\/21881","targetHints":{"allow":["GET"]}}],"collection":[{"href":"https:\/\/www.matts-guitar-shop.com\/it\/wp-json\/wp\/v2\/product"}],"about":[{"href":"https:\/\/www.matts-guitar-shop.com\/it\/wp-json\/wp\/v2\/types\/product"}],"replies":[{"embeddable":true,"href":"https:\/\/www.matts-guitar-shop.com\/it\/wp-json\/wp\/v2\/comments?post=21881"}],"wp:featuredmedia":[{"embeddable":true,"href":"https:\/\/www.matts-guitar-shop.com\/it\/wp-json\/wp\/v2\/media\/21882"}],"wp:attachment":[{"href":"https:\/\/www.matts-guitar-shop.com\/it\/wp-json\/wp\/v2\/media?parent=21881"}],"wp:term":[{"taxonomy":"product_brand","embeddable":true,"href":"https:\/\/www.matts-guitar-shop.com\/it\/wp-json\/wp\/v2\/product_brand?post=21881"},{"taxonomy":"product_cat","embeddable":true,"href":"https:\/\/www.matts-guitar-shop.com\/it\/wp-json\/wp\/v2\/product_cat?post=21881"},{"taxonomy":"product_tag","embeddable":true,"href":"https:\/\/www.matts-guitar-shop.com\/it\/wp-json\/wp\/v2\/product_tag?post=21881"}],"curies":[{"name":"wp","href":"https:\/\/api.w.org\/{rel}","templated":true}]}}