{"id":21748,"date":"2024-08-22T21:26:56","date_gmt":"2024-08-22T19:26:56","guid":{"rendered":"https:\/\/www.matts-guitar-shop.com\/produit\/gretsch-white-falcon-ex-johnny-hallyday-status-quo\/"},"modified":"2024-08-22T21:26:56","modified_gmt":"2024-08-22T19:26:56","slug":"gretsch-white-falcon-ex-johnny-hallyday-status-quo","status":"publish","type":"product","link":"https:\/\/www.matts-guitar-shop.com\/it\/produit\/gretsch-white-falcon-ex-johnny-hallyday-status-quo\/","title":{"rendered":"Gretsch White Falcon \u2013 ex Johnny Hallyday \/ Status Quo"},"content":{"rendered":"<p>Johnny Hallyday<\/p>\n","protected":false},"excerpt":{"rendered":"<p><strong>Ci sono artisti che, al di l\u00e0 del proprio destino, hanno plasmato un intero panorama e un intero capitolo della storia. Capacit\u00e0 di scatenare folle intere, di galvanizzare i pi\u00f9 giovani e di rompere le regole stabilite, hanno preso pienamente possesso del proprio destino per imprimere il loro nome in un racconto collettivo. Johnny Hallyday \u00e8 uno di questi: vera icona dei giovani, icona indiscussa che ha attraversato gli anni e ha superato le mode e il tempo, \u00e8 un punto di riferimento per generazioni di francesi. \u00c8 colui che ha introdotto il rock in Francia, traendo ispirazione dagli Stati Uniti che amava tanto e portando in Francia il senso dello spettacolo e del ritmo. Nella composizione di canzoni tanto rabbiose quanto potenti, Johnny Hallyday si \u00e8 anche rivolto a strumenti provenienti direttamente dagli Stati Uniti. I modelli Gretsch e Gibson hanno a lungo avuto il favore del Taulier, che li ha posti al centro delle sue performance sceniche.<\/strong><\/p>\n<p>La storia d\u2019amore di Johnny con le chitarre Gretsch \u00e8 lunga: ha suonato modelli della marca fino ai suoi ultimi concerti rock. Nel 1975 suonava una Gretsch 6120 Nashville arancione, prima di acquisire questa <strong>White Falcon bianca<\/strong> del 1975 come secondo esemplare. Dalla fine del 1976, la nostra White Falcon \u00e8 stata utilizzata alternativamente in base alle performance e ai costumi di scena. \u00c8 verosimile che si tratti di una delle prime chitarre di questo modello acquistate e suonate da <strong>Johnny Hallyday<\/strong>. Mentre venivano trasmesse su tutte le radio francesi <em><strong>Requiem pour un fou<\/strong><\/em>, pubblicata a febbraio 1976, e <em><strong>Gabrielle<\/strong><\/em>, uscita in autunno, Johnny Hallyday iniziava le sue tourn\u00e9e con questa White Falcon, suonandola in concerto dalla fine del 1976 fino alla tourn\u00e9e estiva del 1978. Questa chitarra \u00e8 un pezzo eccezionale della storia della musica francese, e testimonia direttamente le gloriose performance di Johnny Hallyday.<\/p>\n<p>Pur suonando sul palco una Gretsch Chet Atkins Nashville arancione dal 1975, Johnny Hallyday conferma il suo amore per la marca americana prendendo in mano questa White Falcon. Presente sul palco dalla fine del 1976 fino all\u2019estate del 1978, questa chitarra veniva suonata alternativamente in base ai costumi e alle esigenze di scena. Numerose fotografie d\u2019epoca mostrano entrambi gli strumenti sul palco e nelle mani di Johnny, per il quale le chitarre elettriche hollow body Gretsch hanno sempre avuto un ruolo importante. Questa White Falcon ha in qualche modo segnato il suo amore per il modello, che suoner\u00e0 per tutta la sua straordinaria carriera \u2013 arrivando persino a ricevere un modello personalizzato da Gretsch per il suo 69\u00b0 compleanno.<\/p>\n<p>Dal bianco immacolato esaltato dalla lucentezza dei suoi bordi dorati, questa White Falcon \u00e8 stata fotografata pi\u00f9 volte tra il 1976 e il 1978. Compare anche nel libro \u00ab <em>Johnny: i suoi concerti, le sue pi\u00f9 belle storie d\u2019amore<\/em> \u00bb di Michel Leclercq, il fotografo che ha seguito Johnny per oltre mezzo secolo sui palchi di Francia, Belgio e Svizzera. La chitarra appare come uno strumento creativo privilegiato, integrandosi perfettamente nel gioco scenico del French Elvis e nella sua estetica proveniente direttamente dagli Stati Uniti.<\/p>\n<p>Per aggiungere ancora pi\u00f9 valore all\u2019eredit\u00e0 di questa chitarra, \u00e8 passata poi nelle mani di <strong>Rick Parfitt<\/strong>, del celebre gruppo inglese <strong>Status Quo<\/strong>, a cui Johnny l\u2019ha regalata durante un viaggio a Parigi nel 1981. Sebbene la chitarra non sia stata suonata dal vivo da Rick, viaggiava con il gruppo durante le tourn\u00e9e, veniva utilizzata nelle camere d\u2019albergo e nei camerini, e occasionalmente in <em>soundcheck<\/em> come strumento di riscaldamento. Questa Gretsch White Falcon ha quindi accompagnato due icone della musica nei rispettivi paesi: prima strumento da palco sotto i riflettori per i concerti di Johnny Hallyday, poi presente nelle tourn\u00e9e di Rick Parfitt e degli <em>Status Quo<\/em> dopo averla ricevuta dalle mani del <em>Taulier<\/em>. Questa chitarra \u00e8 un vero pezzo di storia da scoprire da Matt\u2019s Guitar Shop, con un suono imponente e una storia vertiginosa.<\/p>\n","protected":false},"featured_media":21749,"comment_status":"open","ping_status":"closed","template":"","meta":{"_et_pb_use_builder":"","_et_pb_old_content":"","_et_gb_content_width":""},"product_brand":[],"product_cat":[851,844,847],"product_tag":[],"class_list":{"0":"post-21748","1":"product","2":"type-product","3":"status-publish","4":"has-post-thumbnail","6":"product_cat-chitarre-elettriche","7":"product_cat-artisti","8":"product_cat-chitarre","9":"pa_artiste-johnny-hallyday-it","10":"pa_disponibilite-in-vendita","11":"pa_marque-gretsch-it","13":"first","14":"instock","15":"shipping-taxable","16":"purchasable","17":"product-type-simple"},"yoast_head":"<!-- This site is optimized with the Yoast SEO plugin v26.8 - https:\/\/yoast.com\/product\/yoast-seo-wordpress\/ -->\n<title>Gretsch White Falcon \u2013 ex Johnny Hallyday \/ Status Quo - Matt&#039;s Guitar Shop<\/title>\n<meta name=\"description\" content=\"Ci sono artisti che, al di l\u00e0 del proprio destino, hanno plasmato un intero panorama e un intero capitolo della storia\" \/>\n<meta name=\"robots\" content=\"index, follow, max-snippet:-1, max-image-preview:large, max-video-preview:-1\" \/>\n<link rel=\"canonical\" href=\"https:\/\/www.matts-guitar-shop.com\/it\/produit\/gretsch-white-falcon-ex-johnny-hallyday-status-quo\/\" \/>\n<meta property=\"og:locale\" content=\"it_IT\" \/>\n<meta property=\"og:type\" content=\"article\" \/>\n<meta property=\"og:title\" content=\"Gretsch White Falcon \u2013 ex Johnny Hallyday \/ Status Quo - Matt&#039;s Guitar Shop\" \/>\n<meta property=\"og:description\" content=\"Ci sono artisti che, al di l\u00e0 del proprio destino, hanno plasmato un intero panorama e un intero capitolo della storia\" \/>\n<meta property=\"og:url\" content=\"https:\/\/www.matts-guitar-shop.com\/it\/produit\/gretsch-white-falcon-ex-johnny-hallyday-status-quo\/\" \/>\n<meta property=\"og:site_name\" content=\"Matt&#039;s Guitar Shop\" \/>\n<meta property=\"article:publisher\" content=\"https:\/\/www.facebook.com\/profile.php?id=100044359842817\" \/>\n<meta property=\"og:image\" content=\"https:\/\/www.matts-guitar-shop.com\/wp-content\/uploads\/2024\/08\/Gretsch-White-Falcon-Ex-Johnny-Hallyday-Status-Quo-0-00.jpg\" \/>\n\t<meta property=\"og:image:width\" content=\"700\" \/>\n\t<meta property=\"og:image:height\" content=\"1011\" \/>\n\t<meta property=\"og:image:type\" content=\"image\/jpeg\" \/>\n<meta name=\"twitter:card\" content=\"summary_large_image\" \/>\n<script type=\"application\/ld+json\" class=\"yoast-schema-graph\">{\"@context\":\"https:\/\/schema.org\",\"@graph\":[{\"@type\":\"WebPage\",\"@id\":\"https:\/\/www.matts-guitar-shop.com\/it\/produit\/gretsch-white-falcon-ex-johnny-hallyday-status-quo\/\",\"url\":\"https:\/\/www.matts-guitar-shop.com\/it\/produit\/gretsch-white-falcon-ex-johnny-hallyday-status-quo\/\",\"name\":\"Gretsch White Falcon \u2013 ex Johnny Hallyday \/ Status Quo - Matt&#039;s Guitar Shop\",\"isPartOf\":{\"@id\":\"https:\/\/www.matts-guitar-shop.com\/it\/#website\"},\"primaryImageOfPage\":{\"@id\":\"https:\/\/www.matts-guitar-shop.com\/it\/produit\/gretsch-white-falcon-ex-johnny-hallyday-status-quo\/#primaryimage\"},\"image\":{\"@id\":\"https:\/\/www.matts-guitar-shop.com\/it\/produit\/gretsch-white-falcon-ex-johnny-hallyday-status-quo\/#primaryimage\"},\"thumbnailUrl\":\"https:\/\/www.matts-guitar-shop.com\/wp-content\/uploads\/2024\/08\/Gretsch-White-Falcon-Ex-Johnny-Hallyday-Status-Quo-0-00.jpg\",\"datePublished\":\"2024-08-22T19:26:56+00:00\",\"description\":\"Ci sono artisti che, al di l\u00e0 del proprio destino, hanno plasmato un intero panorama e un intero capitolo della storia\",\"breadcrumb\":{\"@id\":\"https:\/\/www.matts-guitar-shop.com\/it\/produit\/gretsch-white-falcon-ex-johnny-hallyday-status-quo\/#breadcrumb\"},\"inLanguage\":\"it-IT\",\"potentialAction\":[{\"@type\":\"ReadAction\",\"target\":[\"https:\/\/www.matts-guitar-shop.com\/it\/produit\/gretsch-white-falcon-ex-johnny-hallyday-status-quo\/\"]}]},{\"@type\":\"ImageObject\",\"inLanguage\":\"it-IT\",\"@id\":\"https:\/\/www.matts-guitar-shop.com\/it\/produit\/gretsch-white-falcon-ex-johnny-hallyday-status-quo\/#primaryimage\",\"url\":\"https:\/\/www.matts-guitar-shop.com\/wp-content\/uploads\/2024\/08\/Gretsch-White-Falcon-Ex-Johnny-Hallyday-Status-Quo-0-00.jpg\",\"contentUrl\":\"https:\/\/www.matts-guitar-shop.com\/wp-content\/uploads\/2024\/08\/Gretsch-White-Falcon-Ex-Johnny-Hallyday-Status-Quo-0-00.jpg\",\"width\":700,\"height\":1011},{\"@type\":\"BreadcrumbList\",\"@id\":\"https:\/\/www.matts-guitar-shop.com\/it\/produit\/gretsch-white-falcon-ex-johnny-hallyday-status-quo\/#breadcrumb\",\"itemListElement\":[{\"@type\":\"ListItem\",\"position\":1,\"name\":\"Home\",\"item\":\"https:\/\/www.matts-guitar-shop.com\/it\/\"},{\"@type\":\"ListItem\",\"position\":2,\"name\":\"I nostri prodotti\",\"item\":\"https:\/\/www.matts-guitar-shop.com\/nos-produits\/\"},{\"@type\":\"ListItem\",\"position\":3,\"name\":\"Gretsch White Falcon \u2013 ex Johnny Hallyday \/ Status Quo\"}]},{\"@type\":\"WebSite\",\"@id\":\"https:\/\/www.matts-guitar-shop.com\/it\/#website\",\"url\":\"https:\/\/www.matts-guitar-shop.com\/it\/\",\"name\":\"matts-guitar-shop.com\",\"description\":\"Guitar Shop\",\"publisher\":{\"@id\":\"https:\/\/www.matts-guitar-shop.com\/it\/#organization\"},\"potentialAction\":[{\"@type\":\"SearchAction\",\"target\":{\"@type\":\"EntryPoint\",\"urlTemplate\":\"https:\/\/www.matts-guitar-shop.com\/it\/?s={search_term_string}\"},\"query-input\":{\"@type\":\"PropertyValueSpecification\",\"valueRequired\":true,\"valueName\":\"search_term_string\"}}],\"inLanguage\":\"it-IT\"},{\"@type\":\"Organization\",\"@id\":\"https:\/\/www.matts-guitar-shop.com\/it\/#organization\",\"name\":\"matts-guitar-shop.com\",\"url\":\"https:\/\/www.matts-guitar-shop.com\/it\/\",\"logo\":{\"@type\":\"ImageObject\",\"inLanguage\":\"it-IT\",\"@id\":\"https:\/\/www.matts-guitar-shop.com\/it\/#\/schema\/logo\/image\/\",\"url\":\"https:\/\/www.matts-guitar-shop.com\/wp-content\/uploads\/2024\/09\/MGS-logo-site-02.png\",\"contentUrl\":\"https:\/\/www.matts-guitar-shop.com\/wp-content\/uploads\/2024\/09\/MGS-logo-site-02.png\",\"width\":200,\"height\":122,\"caption\":\"matts-guitar-shop.com\"},\"image\":{\"@id\":\"https:\/\/www.matts-guitar-shop.com\/it\/#\/schema\/logo\/image\/\"},\"sameAs\":[\"https:\/\/www.facebook.com\/profile.php?id=100044359842817\",\"https:\/\/www.instagram.com\/mattsguitarshop\/\",\"https:\/\/www.youtube.com\/@MattLucasMan\/videos\"]}]}<\/script>\n<!-- \/ Yoast SEO plugin. -->","yoast_head_json":{"title":"Gretsch White Falcon \u2013 ex Johnny Hallyday \/ Status Quo - Matt&#039;s Guitar Shop","description":"Ci sono artisti che, al di l\u00e0 del proprio destino, hanno plasmato un intero panorama e un intero capitolo della storia","robots":{"index":"index","follow":"follow","max-snippet":"max-snippet:-1","max-image-preview":"max-image-preview:large","max-video-preview":"max-video-preview:-1"},"canonical":"https:\/\/www.matts-guitar-shop.com\/it\/produit\/gretsch-white-falcon-ex-johnny-hallyday-status-quo\/","og_locale":"it_IT","og_type":"article","og_title":"Gretsch White Falcon \u2013 ex Johnny Hallyday \/ Status Quo - Matt&#039;s Guitar Shop","og_description":"Ci sono artisti che, al di l\u00e0 del proprio destino, hanno plasmato un intero panorama e un intero capitolo della storia","og_url":"https:\/\/www.matts-guitar-shop.com\/it\/produit\/gretsch-white-falcon-ex-johnny-hallyday-status-quo\/","og_site_name":"Matt&#039;s Guitar Shop","article_publisher":"https:\/\/www.facebook.com\/profile.php?id=100044359842817","og_image":[{"width":700,"height":1011,"url":"https:\/\/www.matts-guitar-shop.com\/wp-content\/uploads\/2024\/08\/Gretsch-White-Falcon-Ex-Johnny-Hallyday-Status-Quo-0-00.jpg","type":"image\/jpeg"}],"twitter_card":"summary_large_image","schema":{"@context":"https:\/\/schema.org","@graph":[{"@type":"WebPage","@id":"https:\/\/www.matts-guitar-shop.com\/it\/produit\/gretsch-white-falcon-ex-johnny-hallyday-status-quo\/","url":"https:\/\/www.matts-guitar-shop.com\/it\/produit\/gretsch-white-falcon-ex-johnny-hallyday-status-quo\/","name":"Gretsch White Falcon \u2013 ex Johnny Hallyday \/ Status Quo - Matt&#039;s Guitar Shop","isPartOf":{"@id":"https:\/\/www.matts-guitar-shop.com\/it\/#website"},"primaryImageOfPage":{"@id":"https:\/\/www.matts-guitar-shop.com\/it\/produit\/gretsch-white-falcon-ex-johnny-hallyday-status-quo\/#primaryimage"},"image":{"@id":"https:\/\/www.matts-guitar-shop.com\/it\/produit\/gretsch-white-falcon-ex-johnny-hallyday-status-quo\/#primaryimage"},"thumbnailUrl":"https:\/\/www.matts-guitar-shop.com\/wp-content\/uploads\/2024\/08\/Gretsch-White-Falcon-Ex-Johnny-Hallyday-Status-Quo-0-00.jpg","datePublished":"2024-08-22T19:26:56+00:00","description":"Ci sono artisti che, al di l\u00e0 del proprio destino, hanno plasmato un intero panorama e un intero capitolo della storia","breadcrumb":{"@id":"https:\/\/www.matts-guitar-shop.com\/it\/produit\/gretsch-white-falcon-ex-johnny-hallyday-status-quo\/#breadcrumb"},"inLanguage":"it-IT","potentialAction":[{"@type":"ReadAction","target":["https:\/\/www.matts-guitar-shop.com\/it\/produit\/gretsch-white-falcon-ex-johnny-hallyday-status-quo\/"]}]},{"@type":"ImageObject","inLanguage":"it-IT","@id":"https:\/\/www.matts-guitar-shop.com\/it\/produit\/gretsch-white-falcon-ex-johnny-hallyday-status-quo\/#primaryimage","url":"https:\/\/www.matts-guitar-shop.com\/wp-content\/uploads\/2024\/08\/Gretsch-White-Falcon-Ex-Johnny-Hallyday-Status-Quo-0-00.jpg","contentUrl":"https:\/\/www.matts-guitar-shop.com\/wp-content\/uploads\/2024\/08\/Gretsch-White-Falcon-Ex-Johnny-Hallyday-Status-Quo-0-00.jpg","width":700,"height":1011},{"@type":"BreadcrumbList","@id":"https:\/\/www.matts-guitar-shop.com\/it\/produit\/gretsch-white-falcon-ex-johnny-hallyday-status-quo\/#breadcrumb","itemListElement":[{"@type":"ListItem","position":1,"name":"Home","item":"https:\/\/www.matts-guitar-shop.com\/it\/"},{"@type":"ListItem","position":2,"name":"I nostri prodotti","item":"https:\/\/www.matts-guitar-shop.com\/nos-produits\/"},{"@type":"ListItem","position":3,"name":"Gretsch White Falcon \u2013 ex Johnny Hallyday \/ Status Quo"}]},{"@type":"WebSite","@id":"https:\/\/www.matts-guitar-shop.com\/it\/#website","url":"https:\/\/www.matts-guitar-shop.com\/it\/","name":"matts-guitar-shop.com","description":"Guitar Shop","publisher":{"@id":"https:\/\/www.matts-guitar-shop.com\/it\/#organization"},"potentialAction":[{"@type":"SearchAction","target":{"@type":"EntryPoint","urlTemplate":"https:\/\/www.matts-guitar-shop.com\/it\/?s={search_term_string}"},"query-input":{"@type":"PropertyValueSpecification","valueRequired":true,"valueName":"search_term_string"}}],"inLanguage":"it-IT"},{"@type":"Organization","@id":"https:\/\/www.matts-guitar-shop.com\/it\/#organization","name":"matts-guitar-shop.com","url":"https:\/\/www.matts-guitar-shop.com\/it\/","logo":{"@type":"ImageObject","inLanguage":"it-IT","@id":"https:\/\/www.matts-guitar-shop.com\/it\/#\/schema\/logo\/image\/","url":"https:\/\/www.matts-guitar-shop.com\/wp-content\/uploads\/2024\/09\/MGS-logo-site-02.png","contentUrl":"https:\/\/www.matts-guitar-shop.com\/wp-content\/uploads\/2024\/09\/MGS-logo-site-02.png","width":200,"height":122,"caption":"matts-guitar-shop.com"},"image":{"@id":"https:\/\/www.matts-guitar-shop.com\/it\/#\/schema\/logo\/image\/"},"sameAs":["https:\/\/www.facebook.com\/profile.php?id=100044359842817","https:\/\/www.instagram.com\/mattsguitarshop\/","https:\/\/www.youtube.com\/@MattLucasMan\/videos"]}]}},"_links":{"self":[{"href":"https:\/\/www.matts-guitar-shop.com\/it\/wp-json\/wp\/v2\/product\/21748","targetHints":{"allow":["GET"]}}],"collection":[{"href":"https:\/\/www.matts-guitar-shop.com\/it\/wp-json\/wp\/v2\/product"}],"about":[{"href":"https:\/\/www.matts-guitar-shop.com\/it\/wp-json\/wp\/v2\/types\/product"}],"replies":[{"embeddable":true,"href":"https:\/\/www.matts-guitar-shop.com\/it\/wp-json\/wp\/v2\/comments?post=21748"}],"wp:featuredmedia":[{"embeddable":true,"href":"https:\/\/www.matts-guitar-shop.com\/it\/wp-json\/wp\/v2\/media\/21749"}],"wp:attachment":[{"href":"https:\/\/www.matts-guitar-shop.com\/it\/wp-json\/wp\/v2\/media?parent=21748"}],"wp:term":[{"taxonomy":"product_brand","embeddable":true,"href":"https:\/\/www.matts-guitar-shop.com\/it\/wp-json\/wp\/v2\/product_brand?post=21748"},{"taxonomy":"product_cat","embeddable":true,"href":"https:\/\/www.matts-guitar-shop.com\/it\/wp-json\/wp\/v2\/product_cat?post=21748"},{"taxonomy":"product_tag","embeddable":true,"href":"https:\/\/www.matts-guitar-shop.com\/it\/wp-json\/wp\/v2\/product_tag?post=21748"}],"curies":[{"name":"wp","href":"https:\/\/api.w.org\/{rel}","templated":true}]}}