{"id":21726,"date":"2024-08-22T18:31:28","date_gmt":"2024-08-22T16:31:28","guid":{"rendered":"https:\/\/www.matts-guitar-shop.com\/produit\/john-bolin-gretsch-billy-bo-prototype-ex-collezione-billy-gibbons\/"},"modified":"2024-08-22T18:31:28","modified_gmt":"2024-08-22T16:31:28","slug":"john-bolin-gretsch-billy-bo-prototype-ex-collezione-billy-gibbons","status":"publish","type":"product","link":"https:\/\/www.matts-guitar-shop.com\/it\/produit\/john-bolin-gretsch-billy-bo-prototype-ex-collezione-billy-gibbons\/","title":{"rendered":"John Bolin Gretsch Billy Bo Prototype \u2013 ex collezione Billy Gibbons"},"content":{"rendered":"<p>Billy F Gibbons<br \/>\n(1949)<\/p>\n<p>Gruppo: ZZ Top<br \/>\nChitarra principale: Gibson Les Paul Standard 1959<br \/>\nBrano da ascoltare assolutamente: Just Got Paid<\/p>\n<p>Billy Gibbons \u00e8 il boss. Il boss dei chitarristi con il suo vibrato sensuale e il suono pieno come un burrito che ricava dalla sua Les Paul. Il boss dei cantanti con il suo timbro roca e twangy. Il boss dei bandleader con gli ZZ Top, il suo trio la cui formazione \u00e8 rimasta invariata dal 1969. Il boss dei fashionisti, con un senso impeccabile dello stile scenico e dell\u2019abbigliamento. E infine, il boss dei collezionisti, con diversi hangar pieni di migliaia di chitarre acquisite nel corso degli anni. La leggenda narra che possieda un esemplare di ogni anno di ogni modello delle grandi marche, e potrebbe non essere soltanto una leggenda\u2026 Fatto sta che i pezzi a lui noti sono vertiginosi, da \u201cMistress Pearly Gates\u201d, la famosa Les Paul 59 che lo accompagna da sempre, alla sua Strat 54 hardtail spesso utilizzata come complemento a Pearly Gates, passando per le numerose chitarre personalizzate in stile hotrod.<\/p>\n<p>La sua carriera inizia gi\u00e0 nel 1967 con i The Moving Sidewalks, uno dei pochi gruppi di rock psichedelico texano ispirati ai 13th Floor Elevators. Aprono persino per Jimi Hendrix prima di sciogliersi nel 1969, anno in cui Gibbons fonda gli ZZ Top.<\/p>\n<p>Il trio inizia con blues rock grasso e tradizionale per poi evolversi verso direzioni pi\u00f9 elettroniche, a partire da Deg\u00fcello nel 1979. Questa tendenza si conferma con la trilogia Eliminator \/ Afterburner \/ Recycler, tre album in cui il blues di Gibbons si fonde con sintetizzatori e drum machine dell\u2019epoca, convincendo numerosi fan, che abbiano scoperto il trio attraverso singoli come Gimme All Your Loving e Rough Boy o tramite gli eccellenti videoclip del gruppo trasmessi in loop su MTV. Da allora, gli ZZ Top hanno reinventato nuovamente la loro musica con un suono pi\u00f9 pieno, organico e intriso di fuzz. Gibbons ha moltiplicato le apparizioni come guest star negli album di altri musicisti, e soprattutto ha pubblicato due album a suo nome, Perfectamundo che esplora la musica cubana e Big Bad Blues che torna alle sue prime passioni, tra Muddy Waters e Bo Diddley. Il cerchio si chiude.<\/p>\n","protected":false},"excerpt":{"rendered":"<p><strong>Chitarrista geniale dal look inimitabile e dallo stile eccentrico, Billy Gibbons si \u00e8 imposto nella storia della musica tanto per il suono corposo delle sue chitarre quanto per la sua barba, diventata indissolubilmente legata al Reverendo. Collezionista appassionato di strumenti, Gibbons \u00e8 anche particolarmente creativo nel progettare modelli originali. Tra la miriade di chitarre che ha concepito nel corso degli anni, la Billy Bo rossa occupa un posto speciale. Ci\u00f2 che \u00e8 diventata una chitarra iconica \u00e8 in realt\u00e0 un omaggio che unisce due generazioni di bluesmen: Billy Gibbons, naturalmente, ma anche Bo Diddley, a cui si deve questa forma di chitarra. La John Bolin Billy Bo Gretsch Prototype proposta da Matt\u2019s Guitar Shop \u00e8 una chitarra rarissima progettata da John Bolin. Presenta tutte le caratteristiche delle chitarre personali del Reverendo e porta la Billy Bo al massimo delle sue qualit\u00e0.<\/strong><\/p>\n<p>Ripercorriamo la storia della Billy Bo, chitarra leggendaria che inaugura un design nuovo e profondamente futuristico. Nel 2005, Billy Gibbons ha firmato il suo primo modello signature presso Gretsch, una chitarra dal design assolutamente radicale che per\u00f2 non era del tutto nuova. Infatti, la Gretsch Jupiter Thunderbird era una forma progettata dal leggendario Bo Diddley nel 1959. All\u2019epoca la casa di Brooklyn ne costru\u00ec un solo esemplare, che poi regal\u00f2 a Gibbons. Questo pezzo storico \u00e8 rimasto a lungo negli archivi del boss degli ZZ Top fino a quando lo ha tirato fuori per una registrazione, e successivamente ha proposto a Gretsch di sviluppare un modello double-signature che unisse due generazioni di chitarristi, da qui il nome Billy Bo, per Gibbons e Diddley. La Billy Bo riprende la forma originale ma i pickup sono dei TV Jones Powertron, pi\u00f9 adatti al suono corposo moderno preferito dagli ZZ Top.<\/p>\n<p>John Bolin e Billy Gibbons hanno iniziato una fruttuosa collaborazione dopo essersi incontrati nei backstage di un concerto degli ZZ Top a Boise, in Idaho. Billy Gibbons \u00e8 rimasto affascinato dagli strumenti di Bolin e i due hanno rapidamente intrapreso diversi progetti di chitarre realizzate con l\u2019esigenza di uno e la maestria tecnica dell\u2019altro. Il master builder John Bolin ha lavorato a stretto contatto con Billy Gibbons, costruendo pi\u00f9 di 100 chitarre e bassi personalizzati in oltre vent\u2019anni. Nel corso degli anni e delle chitarre, hanno immaginato strumenti eccentrici che sfruttano l\u2019ampia competenza del primo. Hanno costruito chitarre con materiali diversi per soddisfare l\u2019immaginazione sfrenata del Reverendo: top scolpiti, in oro, fiammati, rivestiti di pelliccia e pelle, o addirittura top deformati\u2026 La loro collaborazione si \u00e8 estesa fino alle chitarre personali suonate da Billy Gibbons sul palco. Infatti, John Bolin ha progressivamente realizzato le Billy Bo suonate da Gibbons in concerto \u2013 principalmente per una questione di peso sulle spalle.<\/p>\n<p>Questa rara Billy Bo John Bolin Prototype proviene direttamente dalla collezione di Billy Gibbons ed \u00e8 stata costruita dal liutaio John Bolin. Riunisce tutte le caratteristiche specifiche degli strumenti personali del Reverendo: il peso notevolmente leggero rispetto all\u2019equivalente Gretsch e il pickup al ponte che suona con rabbia. Un pezzo eccezionale da scoprire da Matt\u2019s Guitar Shop!<\/p>\n<p><strong>Avete domande su questo prodotto? Contattateci!<\/strong><\/p>\n","protected":false},"featured_media":21727,"comment_status":"open","ping_status":"closed","template":"","meta":{"_et_pb_use_builder":"","_et_pb_old_content":"","_et_gb_content_width":""},"product_brand":[],"product_cat":[851,844,847],"product_tag":[],"class_list":{"0":"post-21726","1":"product","2":"type-product","3":"status-publish","4":"has-post-thumbnail","6":"product_cat-chitarre-elettriche","7":"product_cat-artisti","8":"product_cat-chitarre","9":"pa_artiste-billy-f-gibbons-it","10":"pa_disponibilite-in-vendita","11":"pa_marque-gretsch-it","13":"first","14":"instock","15":"shipping-taxable","16":"product-type-simple"},"yoast_head":"<!-- This site is optimized with the Yoast SEO plugin v26.8 - https:\/\/yoast.com\/product\/yoast-seo-wordpress\/ -->\n<title>John Bolin Gretsch Billy Bo Prototype \u2013 ex collezione Billy Gibbons - Matt&#039;s Guitar Shop<\/title>\n<meta name=\"description\" content=\"Il boss dei chitarristi con il suo vibrato sensuale e il suono corposo come un burrito che ricava dalla sua Les Paul. Collezione Gibbons\" \/>\n<meta name=\"robots\" content=\"index, follow, max-snippet:-1, max-image-preview:large, max-video-preview:-1\" \/>\n<link rel=\"canonical\" href=\"https:\/\/www.matts-guitar-shop.com\/it\/produit\/john-bolin-gretsch-billy-bo-prototype-ex-collezione-billy-gibbons\/\" \/>\n<meta property=\"og:locale\" content=\"it_IT\" \/>\n<meta property=\"og:type\" content=\"article\" \/>\n<meta property=\"og:title\" content=\"John Bolin Gretsch Billy Bo Prototype \u2013 ex collezione Billy Gibbons - Matt&#039;s Guitar Shop\" \/>\n<meta property=\"og:description\" content=\"Il boss dei chitarristi con il suo vibrato sensuale e il suono corposo come un burrito che ricava dalla sua Les Paul. Collezione Gibbons\" \/>\n<meta property=\"og:url\" content=\"https:\/\/www.matts-guitar-shop.com\/it\/produit\/john-bolin-gretsch-billy-bo-prototype-ex-collezione-billy-gibbons\/\" \/>\n<meta property=\"og:site_name\" content=\"Matt&#039;s Guitar Shop\" \/>\n<meta property=\"article:publisher\" content=\"https:\/\/www.facebook.com\/profile.php?id=100044359842817\" \/>\n<meta property=\"og:image\" content=\"https:\/\/www.matts-guitar-shop.com\/wp-content\/uploads\/2024\/08\/Gretsch-John-Bolin-Billy-Bo-Prototype-Ex-Billy-Gibbons-Collection-00.jpg\" \/>\n\t<meta property=\"og:image:width\" content=\"692\" \/>\n\t<meta property=\"og:image:height\" content=\"1000\" \/>\n\t<meta property=\"og:image:type\" content=\"image\/jpeg\" \/>\n<meta name=\"twitter:card\" content=\"summary_large_image\" \/>\n<meta name=\"twitter:label1\" content=\"Tempo di lettura stimato\" \/>\n\t<meta name=\"twitter:data1\" content=\"2 minuti\" \/>\n<script type=\"application\/ld+json\" class=\"yoast-schema-graph\">{\"@context\":\"https:\/\/schema.org\",\"@graph\":[{\"@type\":\"WebPage\",\"@id\":\"https:\/\/www.matts-guitar-shop.com\/it\/produit\/john-bolin-gretsch-billy-bo-prototype-ex-collezione-billy-gibbons\/\",\"url\":\"https:\/\/www.matts-guitar-shop.com\/it\/produit\/john-bolin-gretsch-billy-bo-prototype-ex-collezione-billy-gibbons\/\",\"name\":\"John Bolin Gretsch Billy Bo Prototype \u2013 ex collezione Billy Gibbons - Matt&#039;s Guitar Shop\",\"isPartOf\":{\"@id\":\"https:\/\/www.matts-guitar-shop.com\/it\/#website\"},\"primaryImageOfPage\":{\"@id\":\"https:\/\/www.matts-guitar-shop.com\/it\/produit\/john-bolin-gretsch-billy-bo-prototype-ex-collezione-billy-gibbons\/#primaryimage\"},\"image\":{\"@id\":\"https:\/\/www.matts-guitar-shop.com\/it\/produit\/john-bolin-gretsch-billy-bo-prototype-ex-collezione-billy-gibbons\/#primaryimage\"},\"thumbnailUrl\":\"https:\/\/www.matts-guitar-shop.com\/wp-content\/uploads\/2024\/08\/Gretsch-John-Bolin-Billy-Bo-Prototype-Ex-Billy-Gibbons-Collection-00.jpg\",\"datePublished\":\"2024-08-22T16:31:28+00:00\",\"description\":\"Il boss dei chitarristi con il suo vibrato sensuale e il suono corposo come un burrito che ricava dalla sua Les Paul. Collezione Gibbons\",\"breadcrumb\":{\"@id\":\"https:\/\/www.matts-guitar-shop.com\/it\/produit\/john-bolin-gretsch-billy-bo-prototype-ex-collezione-billy-gibbons\/#breadcrumb\"},\"inLanguage\":\"it-IT\",\"potentialAction\":[{\"@type\":\"ReadAction\",\"target\":[\"https:\/\/www.matts-guitar-shop.com\/it\/produit\/john-bolin-gretsch-billy-bo-prototype-ex-collezione-billy-gibbons\/\"]}]},{\"@type\":\"ImageObject\",\"inLanguage\":\"it-IT\",\"@id\":\"https:\/\/www.matts-guitar-shop.com\/it\/produit\/john-bolin-gretsch-billy-bo-prototype-ex-collezione-billy-gibbons\/#primaryimage\",\"url\":\"https:\/\/www.matts-guitar-shop.com\/wp-content\/uploads\/2024\/08\/Gretsch-John-Bolin-Billy-Bo-Prototype-Ex-Billy-Gibbons-Collection-00.jpg\",\"contentUrl\":\"https:\/\/www.matts-guitar-shop.com\/wp-content\/uploads\/2024\/08\/Gretsch-John-Bolin-Billy-Bo-Prototype-Ex-Billy-Gibbons-Collection-00.jpg\",\"width\":692,\"height\":1000},{\"@type\":\"BreadcrumbList\",\"@id\":\"https:\/\/www.matts-guitar-shop.com\/it\/produit\/john-bolin-gretsch-billy-bo-prototype-ex-collezione-billy-gibbons\/#breadcrumb\",\"itemListElement\":[{\"@type\":\"ListItem\",\"position\":1,\"name\":\"Home\",\"item\":\"https:\/\/www.matts-guitar-shop.com\/it\/\"},{\"@type\":\"ListItem\",\"position\":2,\"name\":\"I nostri prodotti\",\"item\":\"https:\/\/www.matts-guitar-shop.com\/nos-produits\/\"},{\"@type\":\"ListItem\",\"position\":3,\"name\":\"John Bolin Gretsch Billy Bo Prototype \u2013 ex collezione Billy Gibbons\"}]},{\"@type\":\"WebSite\",\"@id\":\"https:\/\/www.matts-guitar-shop.com\/it\/#website\",\"url\":\"https:\/\/www.matts-guitar-shop.com\/it\/\",\"name\":\"matts-guitar-shop.com\",\"description\":\"Guitar Shop\",\"publisher\":{\"@id\":\"https:\/\/www.matts-guitar-shop.com\/it\/#organization\"},\"potentialAction\":[{\"@type\":\"SearchAction\",\"target\":{\"@type\":\"EntryPoint\",\"urlTemplate\":\"https:\/\/www.matts-guitar-shop.com\/it\/?s={search_term_string}\"},\"query-input\":{\"@type\":\"PropertyValueSpecification\",\"valueRequired\":true,\"valueName\":\"search_term_string\"}}],\"inLanguage\":\"it-IT\"},{\"@type\":\"Organization\",\"@id\":\"https:\/\/www.matts-guitar-shop.com\/it\/#organization\",\"name\":\"matts-guitar-shop.com\",\"url\":\"https:\/\/www.matts-guitar-shop.com\/it\/\",\"logo\":{\"@type\":\"ImageObject\",\"inLanguage\":\"it-IT\",\"@id\":\"https:\/\/www.matts-guitar-shop.com\/it\/#\/schema\/logo\/image\/\",\"url\":\"https:\/\/www.matts-guitar-shop.com\/wp-content\/uploads\/2024\/09\/MGS-logo-site-02.png\",\"contentUrl\":\"https:\/\/www.matts-guitar-shop.com\/wp-content\/uploads\/2024\/09\/MGS-logo-site-02.png\",\"width\":200,\"height\":122,\"caption\":\"matts-guitar-shop.com\"},\"image\":{\"@id\":\"https:\/\/www.matts-guitar-shop.com\/it\/#\/schema\/logo\/image\/\"},\"sameAs\":[\"https:\/\/www.facebook.com\/profile.php?id=100044359842817\",\"https:\/\/www.instagram.com\/mattsguitarshop\/\",\"https:\/\/www.youtube.com\/@MattLucasMan\/videos\"]}]}<\/script>\n<!-- \/ Yoast SEO plugin. -->","yoast_head_json":{"title":"John Bolin Gretsch Billy Bo Prototype \u2013 ex collezione Billy Gibbons - Matt&#039;s Guitar Shop","description":"Il boss dei chitarristi con il suo vibrato sensuale e il suono corposo come un burrito che ricava dalla sua Les Paul. Collezione Gibbons","robots":{"index":"index","follow":"follow","max-snippet":"max-snippet:-1","max-image-preview":"max-image-preview:large","max-video-preview":"max-video-preview:-1"},"canonical":"https:\/\/www.matts-guitar-shop.com\/it\/produit\/john-bolin-gretsch-billy-bo-prototype-ex-collezione-billy-gibbons\/","og_locale":"it_IT","og_type":"article","og_title":"John Bolin Gretsch Billy Bo Prototype \u2013 ex collezione Billy Gibbons - Matt&#039;s Guitar Shop","og_description":"Il boss dei chitarristi con il suo vibrato sensuale e il suono corposo come un burrito che ricava dalla sua Les Paul. Collezione Gibbons","og_url":"https:\/\/www.matts-guitar-shop.com\/it\/produit\/john-bolin-gretsch-billy-bo-prototype-ex-collezione-billy-gibbons\/","og_site_name":"Matt&#039;s Guitar Shop","article_publisher":"https:\/\/www.facebook.com\/profile.php?id=100044359842817","og_image":[{"width":692,"height":1000,"url":"https:\/\/www.matts-guitar-shop.com\/wp-content\/uploads\/2024\/08\/Gretsch-John-Bolin-Billy-Bo-Prototype-Ex-Billy-Gibbons-Collection-00.jpg","type":"image\/jpeg"}],"twitter_card":"summary_large_image","twitter_misc":{"Tempo di lettura stimato":"2 minuti"},"schema":{"@context":"https:\/\/schema.org","@graph":[{"@type":"WebPage","@id":"https:\/\/www.matts-guitar-shop.com\/it\/produit\/john-bolin-gretsch-billy-bo-prototype-ex-collezione-billy-gibbons\/","url":"https:\/\/www.matts-guitar-shop.com\/it\/produit\/john-bolin-gretsch-billy-bo-prototype-ex-collezione-billy-gibbons\/","name":"John Bolin Gretsch Billy Bo Prototype \u2013 ex collezione Billy Gibbons - Matt&#039;s Guitar Shop","isPartOf":{"@id":"https:\/\/www.matts-guitar-shop.com\/it\/#website"},"primaryImageOfPage":{"@id":"https:\/\/www.matts-guitar-shop.com\/it\/produit\/john-bolin-gretsch-billy-bo-prototype-ex-collezione-billy-gibbons\/#primaryimage"},"image":{"@id":"https:\/\/www.matts-guitar-shop.com\/it\/produit\/john-bolin-gretsch-billy-bo-prototype-ex-collezione-billy-gibbons\/#primaryimage"},"thumbnailUrl":"https:\/\/www.matts-guitar-shop.com\/wp-content\/uploads\/2024\/08\/Gretsch-John-Bolin-Billy-Bo-Prototype-Ex-Billy-Gibbons-Collection-00.jpg","datePublished":"2024-08-22T16:31:28+00:00","description":"Il boss dei chitarristi con il suo vibrato sensuale e il suono corposo come un burrito che ricava dalla sua Les Paul. Collezione Gibbons","breadcrumb":{"@id":"https:\/\/www.matts-guitar-shop.com\/it\/produit\/john-bolin-gretsch-billy-bo-prototype-ex-collezione-billy-gibbons\/#breadcrumb"},"inLanguage":"it-IT","potentialAction":[{"@type":"ReadAction","target":["https:\/\/www.matts-guitar-shop.com\/it\/produit\/john-bolin-gretsch-billy-bo-prototype-ex-collezione-billy-gibbons\/"]}]},{"@type":"ImageObject","inLanguage":"it-IT","@id":"https:\/\/www.matts-guitar-shop.com\/it\/produit\/john-bolin-gretsch-billy-bo-prototype-ex-collezione-billy-gibbons\/#primaryimage","url":"https:\/\/www.matts-guitar-shop.com\/wp-content\/uploads\/2024\/08\/Gretsch-John-Bolin-Billy-Bo-Prototype-Ex-Billy-Gibbons-Collection-00.jpg","contentUrl":"https:\/\/www.matts-guitar-shop.com\/wp-content\/uploads\/2024\/08\/Gretsch-John-Bolin-Billy-Bo-Prototype-Ex-Billy-Gibbons-Collection-00.jpg","width":692,"height":1000},{"@type":"BreadcrumbList","@id":"https:\/\/www.matts-guitar-shop.com\/it\/produit\/john-bolin-gretsch-billy-bo-prototype-ex-collezione-billy-gibbons\/#breadcrumb","itemListElement":[{"@type":"ListItem","position":1,"name":"Home","item":"https:\/\/www.matts-guitar-shop.com\/it\/"},{"@type":"ListItem","position":2,"name":"I nostri prodotti","item":"https:\/\/www.matts-guitar-shop.com\/nos-produits\/"},{"@type":"ListItem","position":3,"name":"John Bolin Gretsch Billy Bo Prototype \u2013 ex collezione Billy Gibbons"}]},{"@type":"WebSite","@id":"https:\/\/www.matts-guitar-shop.com\/it\/#website","url":"https:\/\/www.matts-guitar-shop.com\/it\/","name":"matts-guitar-shop.com","description":"Guitar Shop","publisher":{"@id":"https:\/\/www.matts-guitar-shop.com\/it\/#organization"},"potentialAction":[{"@type":"SearchAction","target":{"@type":"EntryPoint","urlTemplate":"https:\/\/www.matts-guitar-shop.com\/it\/?s={search_term_string}"},"query-input":{"@type":"PropertyValueSpecification","valueRequired":true,"valueName":"search_term_string"}}],"inLanguage":"it-IT"},{"@type":"Organization","@id":"https:\/\/www.matts-guitar-shop.com\/it\/#organization","name":"matts-guitar-shop.com","url":"https:\/\/www.matts-guitar-shop.com\/it\/","logo":{"@type":"ImageObject","inLanguage":"it-IT","@id":"https:\/\/www.matts-guitar-shop.com\/it\/#\/schema\/logo\/image\/","url":"https:\/\/www.matts-guitar-shop.com\/wp-content\/uploads\/2024\/09\/MGS-logo-site-02.png","contentUrl":"https:\/\/www.matts-guitar-shop.com\/wp-content\/uploads\/2024\/09\/MGS-logo-site-02.png","width":200,"height":122,"caption":"matts-guitar-shop.com"},"image":{"@id":"https:\/\/www.matts-guitar-shop.com\/it\/#\/schema\/logo\/image\/"},"sameAs":["https:\/\/www.facebook.com\/profile.php?id=100044359842817","https:\/\/www.instagram.com\/mattsguitarshop\/","https:\/\/www.youtube.com\/@MattLucasMan\/videos"]}]}},"_links":{"self":[{"href":"https:\/\/www.matts-guitar-shop.com\/it\/wp-json\/wp\/v2\/product\/21726","targetHints":{"allow":["GET"]}}],"collection":[{"href":"https:\/\/www.matts-guitar-shop.com\/it\/wp-json\/wp\/v2\/product"}],"about":[{"href":"https:\/\/www.matts-guitar-shop.com\/it\/wp-json\/wp\/v2\/types\/product"}],"replies":[{"embeddable":true,"href":"https:\/\/www.matts-guitar-shop.com\/it\/wp-json\/wp\/v2\/comments?post=21726"}],"wp:featuredmedia":[{"embeddable":true,"href":"https:\/\/www.matts-guitar-shop.com\/it\/wp-json\/wp\/v2\/media\/21727"}],"wp:attachment":[{"href":"https:\/\/www.matts-guitar-shop.com\/it\/wp-json\/wp\/v2\/media?parent=21726"}],"wp:term":[{"taxonomy":"product_brand","embeddable":true,"href":"https:\/\/www.matts-guitar-shop.com\/it\/wp-json\/wp\/v2\/product_brand?post=21726"},{"taxonomy":"product_cat","embeddable":true,"href":"https:\/\/www.matts-guitar-shop.com\/it\/wp-json\/wp\/v2\/product_cat?post=21726"},{"taxonomy":"product_tag","embeddable":true,"href":"https:\/\/www.matts-guitar-shop.com\/it\/wp-json\/wp\/v2\/product_tag?post=21726"}],"curies":[{"name":"wp","href":"https:\/\/api.w.org\/{rel}","templated":true}]}}