{"id":21706,"date":"2024-08-22T18:12:19","date_gmt":"2024-08-22T16:12:19","guid":{"rendered":"https:\/\/www.matts-guitar-shop.com\/produit\/gibson-sg-junior-1964-ex-incubus\/"},"modified":"2024-08-22T18:12:19","modified_gmt":"2024-08-22T16:12:19","slug":"gibson-sg-junior-1964-ex-incubus","status":"publish","type":"product","link":"https:\/\/www.matts-guitar-shop.com\/it\/produit\/gibson-sg-junior-1964-ex-incubus\/","title":{"rendered":"Gibson SG Junior 1964 Ex Incubus"},"content":{"rendered":"<p>Gibson SG Junior 1964 Ex Incubus<\/p>\n","protected":false},"excerpt":{"rendered":"<p><strong>Tra i veterani del rock americano, gli Incubus fanno parte dei gruppi che nel corso degli anni hanno consolidato il loro ruolo di rilievo nelle menti del pubblico e nelle classifiche. I californiani suonano insieme fin dai tempi del liceo e si sono fatti conoscere grazie a un lavoro instancabile e a tourn\u00e9e incessanti. Fedeli alle loro radici rock ma aperti a influenze metal e grunge, gli Incubus hanno costruito un repertorio vario e coinvolgente, forgiato da riff efficaci. Questa Gibson SG Junior del 1964 ha partecipato a questo rock energico: faceva parte dell\u2019arsenale da tourn\u00e9e del chitarrista Mike Einziger, che l\u2019ha suonata durante il tour \u00abLight Grenades\u00bb del 2008 dopo averla modificata.<\/strong><\/p>\n<p>La formazione californiana degli Incubus si \u00e8 rapidamente distinta per il suo rock incisivo ed energico. Guidati alla chitarra da Mike Einziger, gli Incubus hanno scalato le classifiche diventando un punto di riferimento del rock americano. Parallelamente al suo ruolo di pilastro strumentale, Einziger si \u00e8 distinto per le collaborazioni con un vasto insieme di musicisti, tra cui Pharrell Williams, Hans Zimmer e Avicii. Durante le sue recenti tourn\u00e9e, Mike Einziger ha suonato una Gibson SG Junior modificata secondo le sue esigenze. \u00c8 questa chitarra, utilizzata nel tour 2008 per l\u2019album \u00abLight Grenades\u00bb, che \u00e8 disponibile da Matt\u2019s Guitar Shop. Si tratta di una Gibson SG Junior del 1964 che ha modificato per compensare la sindrome del tunnel carpale e per conferirle un profilo pi\u00f9 versatile. \u00c8 stato cos\u00ec aggiunto un pickup P-90 al manico e un selettore pickup, mentre il manico \u00e8 stato levigato. Einziger aveva infatti bisogno di una chitarra pi\u00f9 comoda per le tourn\u00e9e dopo l\u2019operazione. Questa splendida SG del 1964 potenziata \u00e8 stata firmata sul top da Mike Einziger con l\u2019iscrizione \u00abIncubus 2009\u00bb, dopo essere stata suonata durante tutto il tour 2008. Una chitarra eccezionale, realizzata per le esigenze di Mike Einziger e degli Incubus, da scoprire in esclusiva da Matt\u2019s Guitar Shop!<\/p>\n<p>&nbsp;<\/p>\n<h3>Venduta<\/h3>\n","protected":false},"featured_media":21707,"comment_status":"open","ping_status":"closed","template":"","meta":{"_et_pb_use_builder":"","_et_pb_old_content":"","_et_gb_content_width":""},"product_brand":[],"product_cat":[851,846,847],"product_tag":[],"class_list":{"0":"post-21706","1":"product","2":"type-product","3":"status-publish","4":"has-post-thumbnail","6":"product_cat-chitarre-elettriche","7":"product_cat-venduti","8":"product_cat-chitarre","9":"pa_artiste-incubus-it","10":"pa_disponibilite-vendutoa","11":"pa_marque-gibson-it","13":"first","14":"outofstock","15":"shipping-taxable","16":"product-type-simple"},"yoast_head":"<!-- This site is optimized with the Yoast SEO plugin v26.8 - https:\/\/yoast.com\/product\/yoast-seo-wordpress\/ -->\n<title>Gibson SG Junior 1964 Ex Incubus - Matt&#039;s Guitar Shop<\/title>\n<meta name=\"robots\" content=\"index, follow, max-snippet:-1, max-image-preview:large, max-video-preview:-1\" \/>\n<link rel=\"canonical\" href=\"https:\/\/www.matts-guitar-shop.com\/it\/produit\/gibson-sg-junior-1964-ex-incubus\/\" \/>\n<meta property=\"og:locale\" content=\"it_IT\" \/>\n<meta property=\"og:type\" content=\"article\" \/>\n<meta property=\"og:title\" content=\"Gibson SG Junior 1964 Ex Incubus - Matt&#039;s Guitar Shop\" \/>\n<meta property=\"og:description\" content=\"Tra i veterani del rock americano, gli Incubus fanno parte dei gruppi che nel corso degli anni hanno consolidato il loro ruolo di rilievo nelle menti del pubblico e nelle classifiche. I californiani suonano insieme fin dai tempi del liceo e si sono fatti conoscere grazie a un lavoro instancabile e a tourn\u00e9e incessanti. Fedeli alle loro radici rock ma aperti a influenze metal e grunge, gli Incubus hanno costruito un repertorio vario e coinvolgente, forgiato da riff efficaci. Questa Gibson SG Junior del 1964 ha partecipato a questo rock energico: faceva parte dell\u2019arsenale da tourn\u00e9e del chitarrista Mike Einziger, che l\u2019ha suonata durante il tour \u00abLight Grenades\u00bb del 2008 dopo averla modificata.  La formazione californiana degli Incubus si \u00e8 rapidamente distinta per il suo rock incisivo ed energico. Guidati alla chitarra da Mike Einziger, gli Incubus hanno scalato le classifiche diventando un punto di riferimento del rock americano. Parallelamente al suo ruolo di pilastro strumentale, Einziger si \u00e8 distinto per le collaborazioni con un vasto insieme di musicisti, tra cui Pharrell Williams, Hans Zimmer e Avicii. Durante le sue recenti tourn\u00e9e, Mike Einziger ha suonato una Gibson SG Junior modificata secondo le sue esigenze. \u00c8 questa chitarra, utilizzata nel tour 2008 per l\u2019album \u00abLight Grenades\u00bb, che \u00e8 disponibile da Matt\u2019s Guitar Shop. Si tratta di una Gibson SG Junior del 1964 che ha modificato per compensare la sindrome del tunnel carpale e per conferirle un profilo pi\u00f9 versatile. \u00c8 stato cos\u00ec aggiunto un pickup P-90 al manico e un selettore pickup, mentre il manico \u00e8 stato levigato. Einziger aveva infatti bisogno di una chitarra pi\u00f9 comoda per le tourn\u00e9e dopo l\u2019operazione. Questa splendida SG del 1964 potenziata \u00e8 stata firmata sul top da Mike Einziger con l\u2019iscrizione \u00abIncubus 2009\u00bb, dopo essere stata suonata durante tutto il tour 2008. Una chitarra eccezionale, realizzata per le esigenze di Mike Einziger e degli Incubus, da scoprire in esclusiva da Matt\u2019s Guitar Shop!  &nbsp; Venduta\" \/>\n<meta property=\"og:url\" content=\"https:\/\/www.matts-guitar-shop.com\/it\/produit\/gibson-sg-junior-1964-ex-incubus\/\" \/>\n<meta property=\"og:site_name\" content=\"Matt&#039;s Guitar Shop\" \/>\n<meta property=\"article:publisher\" content=\"https:\/\/www.facebook.com\/profile.php?id=100044359842817\" \/>\n<meta property=\"og:image\" content=\"https:\/\/www.matts-guitar-shop.com\/wp-content\/uploads\/2024\/08\/Gibson-SG-Junior-1964-Ex-Incubus-guitare-00.jpg\" \/>\n\t<meta property=\"og:image:width\" content=\"692\" \/>\n\t<meta property=\"og:image:height\" content=\"1000\" \/>\n\t<meta property=\"og:image:type\" content=\"image\/jpeg\" \/>\n<meta name=\"twitter:card\" content=\"summary_large_image\" \/>\n<script type=\"application\/ld+json\" class=\"yoast-schema-graph\">{\"@context\":\"https:\/\/schema.org\",\"@graph\":[{\"@type\":\"WebPage\",\"@id\":\"https:\/\/www.matts-guitar-shop.com\/it\/produit\/gibson-sg-junior-1964-ex-incubus\/\",\"url\":\"https:\/\/www.matts-guitar-shop.com\/it\/produit\/gibson-sg-junior-1964-ex-incubus\/\",\"name\":\"Gibson SG Junior 1964 Ex Incubus - Matt&#039;s Guitar Shop\",\"isPartOf\":{\"@id\":\"https:\/\/www.matts-guitar-shop.com\/it\/#website\"},\"primaryImageOfPage\":{\"@id\":\"https:\/\/www.matts-guitar-shop.com\/it\/produit\/gibson-sg-junior-1964-ex-incubus\/#primaryimage\"},\"image\":{\"@id\":\"https:\/\/www.matts-guitar-shop.com\/it\/produit\/gibson-sg-junior-1964-ex-incubus\/#primaryimage\"},\"thumbnailUrl\":\"https:\/\/www.matts-guitar-shop.com\/wp-content\/uploads\/2024\/08\/Gibson-SG-Junior-1964-Ex-Incubus-guitare-00.jpg\",\"datePublished\":\"2024-08-22T16:12:19+00:00\",\"breadcrumb\":{\"@id\":\"https:\/\/www.matts-guitar-shop.com\/it\/produit\/gibson-sg-junior-1964-ex-incubus\/#breadcrumb\"},\"inLanguage\":\"it-IT\",\"potentialAction\":[{\"@type\":\"ReadAction\",\"target\":[\"https:\/\/www.matts-guitar-shop.com\/it\/produit\/gibson-sg-junior-1964-ex-incubus\/\"]}]},{\"@type\":\"ImageObject\",\"inLanguage\":\"it-IT\",\"@id\":\"https:\/\/www.matts-guitar-shop.com\/it\/produit\/gibson-sg-junior-1964-ex-incubus\/#primaryimage\",\"url\":\"https:\/\/www.matts-guitar-shop.com\/wp-content\/uploads\/2024\/08\/Gibson-SG-Junior-1964-Ex-Incubus-guitare-00.jpg\",\"contentUrl\":\"https:\/\/www.matts-guitar-shop.com\/wp-content\/uploads\/2024\/08\/Gibson-SG-Junior-1964-Ex-Incubus-guitare-00.jpg\",\"width\":692,\"height\":1000},{\"@type\":\"BreadcrumbList\",\"@id\":\"https:\/\/www.matts-guitar-shop.com\/it\/produit\/gibson-sg-junior-1964-ex-incubus\/#breadcrumb\",\"itemListElement\":[{\"@type\":\"ListItem\",\"position\":1,\"name\":\"Home\",\"item\":\"https:\/\/www.matts-guitar-shop.com\/it\/\"},{\"@type\":\"ListItem\",\"position\":2,\"name\":\"I nostri prodotti\",\"item\":\"https:\/\/www.matts-guitar-shop.com\/nos-produits\/\"},{\"@type\":\"ListItem\",\"position\":3,\"name\":\"Gibson SG Junior 1964 Ex Incubus\"}]},{\"@type\":\"WebSite\",\"@id\":\"https:\/\/www.matts-guitar-shop.com\/it\/#website\",\"url\":\"https:\/\/www.matts-guitar-shop.com\/it\/\",\"name\":\"matts-guitar-shop.com\",\"description\":\"Guitar Shop\",\"publisher\":{\"@id\":\"https:\/\/www.matts-guitar-shop.com\/it\/#organization\"},\"potentialAction\":[{\"@type\":\"SearchAction\",\"target\":{\"@type\":\"EntryPoint\",\"urlTemplate\":\"https:\/\/www.matts-guitar-shop.com\/it\/?s={search_term_string}\"},\"query-input\":{\"@type\":\"PropertyValueSpecification\",\"valueRequired\":true,\"valueName\":\"search_term_string\"}}],\"inLanguage\":\"it-IT\"},{\"@type\":\"Organization\",\"@id\":\"https:\/\/www.matts-guitar-shop.com\/it\/#organization\",\"name\":\"matts-guitar-shop.com\",\"url\":\"https:\/\/www.matts-guitar-shop.com\/it\/\",\"logo\":{\"@type\":\"ImageObject\",\"inLanguage\":\"it-IT\",\"@id\":\"https:\/\/www.matts-guitar-shop.com\/it\/#\/schema\/logo\/image\/\",\"url\":\"https:\/\/www.matts-guitar-shop.com\/wp-content\/uploads\/2024\/09\/MGS-logo-site-02.png\",\"contentUrl\":\"https:\/\/www.matts-guitar-shop.com\/wp-content\/uploads\/2024\/09\/MGS-logo-site-02.png\",\"width\":200,\"height\":122,\"caption\":\"matts-guitar-shop.com\"},\"image\":{\"@id\":\"https:\/\/www.matts-guitar-shop.com\/it\/#\/schema\/logo\/image\/\"},\"sameAs\":[\"https:\/\/www.facebook.com\/profile.php?id=100044359842817\",\"https:\/\/www.instagram.com\/mattsguitarshop\/\",\"https:\/\/www.youtube.com\/@MattLucasMan\/videos\"]}]}<\/script>\n<!-- \/ Yoast SEO plugin. -->","yoast_head_json":{"title":"Gibson SG Junior 1964 Ex Incubus - Matt&#039;s Guitar Shop","robots":{"index":"index","follow":"follow","max-snippet":"max-snippet:-1","max-image-preview":"max-image-preview:large","max-video-preview":"max-video-preview:-1"},"canonical":"https:\/\/www.matts-guitar-shop.com\/it\/produit\/gibson-sg-junior-1964-ex-incubus\/","og_locale":"it_IT","og_type":"article","og_title":"Gibson SG Junior 1964 Ex Incubus - Matt&#039;s Guitar Shop","og_description":"Tra i veterani del rock americano, gli Incubus fanno parte dei gruppi che nel corso degli anni hanno consolidato il loro ruolo di rilievo nelle menti del pubblico e nelle classifiche. I californiani suonano insieme fin dai tempi del liceo e si sono fatti conoscere grazie a un lavoro instancabile e a tourn\u00e9e incessanti. Fedeli alle loro radici rock ma aperti a influenze metal e grunge, gli Incubus hanno costruito un repertorio vario e coinvolgente, forgiato da riff efficaci. Questa Gibson SG Junior del 1964 ha partecipato a questo rock energico: faceva parte dell\u2019arsenale da tourn\u00e9e del chitarrista Mike Einziger, che l\u2019ha suonata durante il tour \u00abLight Grenades\u00bb del 2008 dopo averla modificata.  La formazione californiana degli Incubus si \u00e8 rapidamente distinta per il suo rock incisivo ed energico. Guidati alla chitarra da Mike Einziger, gli Incubus hanno scalato le classifiche diventando un punto di riferimento del rock americano. Parallelamente al suo ruolo di pilastro strumentale, Einziger si \u00e8 distinto per le collaborazioni con un vasto insieme di musicisti, tra cui Pharrell Williams, Hans Zimmer e Avicii. Durante le sue recenti tourn\u00e9e, Mike Einziger ha suonato una Gibson SG Junior modificata secondo le sue esigenze. \u00c8 questa chitarra, utilizzata nel tour 2008 per l\u2019album \u00abLight Grenades\u00bb, che \u00e8 disponibile da Matt\u2019s Guitar Shop. Si tratta di una Gibson SG Junior del 1964 che ha modificato per compensare la sindrome del tunnel carpale e per conferirle un profilo pi\u00f9 versatile. \u00c8 stato cos\u00ec aggiunto un pickup P-90 al manico e un selettore pickup, mentre il manico \u00e8 stato levigato. Einziger aveva infatti bisogno di una chitarra pi\u00f9 comoda per le tourn\u00e9e dopo l\u2019operazione. Questa splendida SG del 1964 potenziata \u00e8 stata firmata sul top da Mike Einziger con l\u2019iscrizione \u00abIncubus 2009\u00bb, dopo essere stata suonata durante tutto il tour 2008. Una chitarra eccezionale, realizzata per le esigenze di Mike Einziger e degli Incubus, da scoprire in esclusiva da Matt\u2019s Guitar Shop!  &nbsp; Venduta","og_url":"https:\/\/www.matts-guitar-shop.com\/it\/produit\/gibson-sg-junior-1964-ex-incubus\/","og_site_name":"Matt&#039;s Guitar Shop","article_publisher":"https:\/\/www.facebook.com\/profile.php?id=100044359842817","og_image":[{"width":692,"height":1000,"url":"https:\/\/www.matts-guitar-shop.com\/wp-content\/uploads\/2024\/08\/Gibson-SG-Junior-1964-Ex-Incubus-guitare-00.jpg","type":"image\/jpeg"}],"twitter_card":"summary_large_image","schema":{"@context":"https:\/\/schema.org","@graph":[{"@type":"WebPage","@id":"https:\/\/www.matts-guitar-shop.com\/it\/produit\/gibson-sg-junior-1964-ex-incubus\/","url":"https:\/\/www.matts-guitar-shop.com\/it\/produit\/gibson-sg-junior-1964-ex-incubus\/","name":"Gibson SG Junior 1964 Ex Incubus - Matt&#039;s Guitar Shop","isPartOf":{"@id":"https:\/\/www.matts-guitar-shop.com\/it\/#website"},"primaryImageOfPage":{"@id":"https:\/\/www.matts-guitar-shop.com\/it\/produit\/gibson-sg-junior-1964-ex-incubus\/#primaryimage"},"image":{"@id":"https:\/\/www.matts-guitar-shop.com\/it\/produit\/gibson-sg-junior-1964-ex-incubus\/#primaryimage"},"thumbnailUrl":"https:\/\/www.matts-guitar-shop.com\/wp-content\/uploads\/2024\/08\/Gibson-SG-Junior-1964-Ex-Incubus-guitare-00.jpg","datePublished":"2024-08-22T16:12:19+00:00","breadcrumb":{"@id":"https:\/\/www.matts-guitar-shop.com\/it\/produit\/gibson-sg-junior-1964-ex-incubus\/#breadcrumb"},"inLanguage":"it-IT","potentialAction":[{"@type":"ReadAction","target":["https:\/\/www.matts-guitar-shop.com\/it\/produit\/gibson-sg-junior-1964-ex-incubus\/"]}]},{"@type":"ImageObject","inLanguage":"it-IT","@id":"https:\/\/www.matts-guitar-shop.com\/it\/produit\/gibson-sg-junior-1964-ex-incubus\/#primaryimage","url":"https:\/\/www.matts-guitar-shop.com\/wp-content\/uploads\/2024\/08\/Gibson-SG-Junior-1964-Ex-Incubus-guitare-00.jpg","contentUrl":"https:\/\/www.matts-guitar-shop.com\/wp-content\/uploads\/2024\/08\/Gibson-SG-Junior-1964-Ex-Incubus-guitare-00.jpg","width":692,"height":1000},{"@type":"BreadcrumbList","@id":"https:\/\/www.matts-guitar-shop.com\/it\/produit\/gibson-sg-junior-1964-ex-incubus\/#breadcrumb","itemListElement":[{"@type":"ListItem","position":1,"name":"Home","item":"https:\/\/www.matts-guitar-shop.com\/it\/"},{"@type":"ListItem","position":2,"name":"I nostri prodotti","item":"https:\/\/www.matts-guitar-shop.com\/nos-produits\/"},{"@type":"ListItem","position":3,"name":"Gibson SG Junior 1964 Ex Incubus"}]},{"@type":"WebSite","@id":"https:\/\/www.matts-guitar-shop.com\/it\/#website","url":"https:\/\/www.matts-guitar-shop.com\/it\/","name":"matts-guitar-shop.com","description":"Guitar Shop","publisher":{"@id":"https:\/\/www.matts-guitar-shop.com\/it\/#organization"},"potentialAction":[{"@type":"SearchAction","target":{"@type":"EntryPoint","urlTemplate":"https:\/\/www.matts-guitar-shop.com\/it\/?s={search_term_string}"},"query-input":{"@type":"PropertyValueSpecification","valueRequired":true,"valueName":"search_term_string"}}],"inLanguage":"it-IT"},{"@type":"Organization","@id":"https:\/\/www.matts-guitar-shop.com\/it\/#organization","name":"matts-guitar-shop.com","url":"https:\/\/www.matts-guitar-shop.com\/it\/","logo":{"@type":"ImageObject","inLanguage":"it-IT","@id":"https:\/\/www.matts-guitar-shop.com\/it\/#\/schema\/logo\/image\/","url":"https:\/\/www.matts-guitar-shop.com\/wp-content\/uploads\/2024\/09\/MGS-logo-site-02.png","contentUrl":"https:\/\/www.matts-guitar-shop.com\/wp-content\/uploads\/2024\/09\/MGS-logo-site-02.png","width":200,"height":122,"caption":"matts-guitar-shop.com"},"image":{"@id":"https:\/\/www.matts-guitar-shop.com\/it\/#\/schema\/logo\/image\/"},"sameAs":["https:\/\/www.facebook.com\/profile.php?id=100044359842817","https:\/\/www.instagram.com\/mattsguitarshop\/","https:\/\/www.youtube.com\/@MattLucasMan\/videos"]}]}},"_links":{"self":[{"href":"https:\/\/www.matts-guitar-shop.com\/it\/wp-json\/wp\/v2\/product\/21706","targetHints":{"allow":["GET"]}}],"collection":[{"href":"https:\/\/www.matts-guitar-shop.com\/it\/wp-json\/wp\/v2\/product"}],"about":[{"href":"https:\/\/www.matts-guitar-shop.com\/it\/wp-json\/wp\/v2\/types\/product"}],"replies":[{"embeddable":true,"href":"https:\/\/www.matts-guitar-shop.com\/it\/wp-json\/wp\/v2\/comments?post=21706"}],"wp:featuredmedia":[{"embeddable":true,"href":"https:\/\/www.matts-guitar-shop.com\/it\/wp-json\/wp\/v2\/media\/21707"}],"wp:attachment":[{"href":"https:\/\/www.matts-guitar-shop.com\/it\/wp-json\/wp\/v2\/media?parent=21706"}],"wp:term":[{"taxonomy":"product_brand","embeddable":true,"href":"https:\/\/www.matts-guitar-shop.com\/it\/wp-json\/wp\/v2\/product_brand?post=21706"},{"taxonomy":"product_cat","embeddable":true,"href":"https:\/\/www.matts-guitar-shop.com\/it\/wp-json\/wp\/v2\/product_cat?post=21706"},{"taxonomy":"product_tag","embeddable":true,"href":"https:\/\/www.matts-guitar-shop.com\/it\/wp-json\/wp\/v2\/product_tag?post=21706"}],"curies":[{"name":"wp","href":"https:\/\/api.w.org\/{rel}","templated":true}]}}