{"id":21686,"date":"2024-08-22T17:41:06","date_gmt":"2024-08-22T15:41:06","guid":{"rendered":"https:\/\/www.matts-guitar-shop.com\/produit\/gibson-sg-les-paul-standard-1962\/"},"modified":"2024-08-22T17:41:06","modified_gmt":"2024-08-22T15:41:06","slug":"gibson-sg-les-paul-standard-1962","status":"publish","type":"product","link":"https:\/\/www.matts-guitar-shop.com\/it\/produit\/gibson-sg-les-paul-standard-1962\/","title":{"rendered":"Gibson SG Les Paul Standard 1962"},"content":{"rendered":"<p>Gibson SG Les Paul Standard 1962<\/p>\n","protected":false},"excerpt":{"rendered":"<p><strong>La seconda met\u00e0 del XX secolo \u00e8 quella della feroce concorrenza tra i produttori di chitarre per imporre i propri modelli come riferimenti indiscussi sulla scena musicale. Appaiono a turno le celeberrime Telecaster, Stratocaster e Les Paul, che rivoluzionano la gerarchia degli strumenti elettrici. \u00c8 nel 1961 che nasce la famosa SG, la celebre chitarra solid body a doppio cutaway in finitura cherry, che sar\u00e0 adottata dai pi\u00f9 grandi chitarristi. Questa splendida Gibson SG Les Paul Standard 1962 fa parte dei primissimi mesi di produzione del modello, che presto si imporr\u00e0 come una delle chitarre di riferimento nella storia della musica.<\/strong><\/p>\n<p>Quando la SG appare sul mercato, sfoggia un nuovo design moderno che rivoluziona quanto conosciuto fino ad allora. Si ritrova un mix di smussi, punte e angoli ricavati da un unico blocco di mogano massiccio, trasformato dagli artigiani Gibson in una forma sottile ed elegante. Le corna dei cutaway formano due punte aggraziate, che diventeranno anni dopo il segno distintivo di Angus Young, chitarrista leggendario degli AC\/DC. Gli smussi conferiscono un aspetto raffinato e costituiscono una delle caratteristiche del top della SG.<\/p>\n<p>La SG Les Paul Standard 1962 proposta da Matt\u2019s Guitar Shop \u00e8 una chitarra dei primissimi mesi di produzione. La paletta reca l\u2019iscrizione \u00abLes Paul\u00bb accompagnata dal logo Gibson e da un ornamento a forma di cardo sottostante. Le finiture del top e del manico riprendono il rosso ciliegia (\u00abcherry\u00bb) che diventer\u00e0 iconico sulla SG, e la tastiera in palissandro \u00e8 dotata di segnatasti a trapezio. Questo esemplare eccezionale presenta tutte le caratteristiche dei primissimi modelli: \u00e8 equipaggiato con un piccolo battipenna (che sar\u00e0 sostituito gi\u00e0 nel 1967 da un grande battipenna avvitato che funge anche da supporto per i pickup), un vibrato tipo Maestro ad azione laterale (sostituito gi\u00e0 nel 1963) e il marchio Les Paul che termina nel 1963. Una chitarra leggendaria dei primissimi mesi disponibile da Matt\u2019s Guitar Shop!<\/p>\n<p>&nbsp;<\/p>\n<h3>Venduta<\/h3>\n","protected":false},"featured_media":21687,"comment_status":"open","ping_status":"closed","template":"","meta":{"_et_pb_use_builder":"","_et_pb_old_content":"","_et_gb_content_width":""},"product_brand":[],"product_cat":[851,846,847],"product_tag":[],"class_list":{"0":"post-21686","1":"product","2":"type-product","3":"status-publish","4":"has-post-thumbnail","6":"product_cat-chitarre-elettriche","7":"product_cat-venduti","8":"product_cat-chitarre","9":"pa_disponibilite-vendutoa","10":"pa_marque-gibson-it","12":"first","13":"outofstock","14":"shipping-taxable","15":"product-type-simple"},"yoast_head":"<!-- This site is optimized with the Yoast SEO plugin v26.8 - https:\/\/yoast.com\/product\/yoast-seo-wordpress\/ -->\n<title>Gibson SG Les Paul Standard 1962 - Matt&#039;s Guitar Shop<\/title>\n<meta name=\"description\" content=\"Questo esemplare eccezionale presenta tutte le caratteristiche dei primissimi modelli. Disponibile da Matt\u2019s Guitar Shop\" \/>\n<meta name=\"robots\" content=\"index, follow, max-snippet:-1, max-image-preview:large, max-video-preview:-1\" \/>\n<link rel=\"canonical\" href=\"https:\/\/www.matts-guitar-shop.com\/it\/produit\/gibson-sg-les-paul-standard-1962\/\" \/>\n<meta property=\"og:locale\" content=\"it_IT\" \/>\n<meta property=\"og:type\" content=\"article\" \/>\n<meta property=\"og:title\" content=\"Gibson SG Les Paul Standard 1962 - Matt&#039;s Guitar Shop\" \/>\n<meta property=\"og:description\" content=\"Questo esemplare eccezionale presenta tutte le caratteristiche dei primissimi modelli. Disponibile da Matt\u2019s Guitar Shop\" \/>\n<meta property=\"og:url\" content=\"https:\/\/www.matts-guitar-shop.com\/it\/produit\/gibson-sg-les-paul-standard-1962\/\" \/>\n<meta property=\"og:site_name\" content=\"Matt&#039;s Guitar Shop\" \/>\n<meta property=\"article:publisher\" content=\"https:\/\/www.facebook.com\/profile.php?id=100044359842817\" \/>\n<meta property=\"og:image\" content=\"https:\/\/www.matts-guitar-shop.com\/wp-content\/uploads\/2024\/08\/Gibson-SG-Les-Paul-Standard-1962-guitare-00.jpg\" \/>\n\t<meta property=\"og:image:width\" content=\"692\" \/>\n\t<meta property=\"og:image:height\" content=\"1000\" \/>\n\t<meta property=\"og:image:type\" content=\"image\/jpeg\" \/>\n<meta name=\"twitter:card\" content=\"summary_large_image\" \/>\n<script type=\"application\/ld+json\" class=\"yoast-schema-graph\">{\"@context\":\"https:\/\/schema.org\",\"@graph\":[{\"@type\":\"WebPage\",\"@id\":\"https:\/\/www.matts-guitar-shop.com\/it\/produit\/gibson-sg-les-paul-standard-1962\/\",\"url\":\"https:\/\/www.matts-guitar-shop.com\/it\/produit\/gibson-sg-les-paul-standard-1962\/\",\"name\":\"Gibson SG Les Paul Standard 1962 - Matt&#039;s Guitar Shop\",\"isPartOf\":{\"@id\":\"https:\/\/www.matts-guitar-shop.com\/it\/#website\"},\"primaryImageOfPage\":{\"@id\":\"https:\/\/www.matts-guitar-shop.com\/it\/produit\/gibson-sg-les-paul-standard-1962\/#primaryimage\"},\"image\":{\"@id\":\"https:\/\/www.matts-guitar-shop.com\/it\/produit\/gibson-sg-les-paul-standard-1962\/#primaryimage\"},\"thumbnailUrl\":\"https:\/\/www.matts-guitar-shop.com\/wp-content\/uploads\/2024\/08\/Gibson-SG-Les-Paul-Standard-1962-guitare-00.jpg\",\"datePublished\":\"2024-08-22T15:41:06+00:00\",\"description\":\"Questo esemplare eccezionale presenta tutte le caratteristiche dei primissimi modelli. Disponibile da Matt\u2019s Guitar Shop\",\"breadcrumb\":{\"@id\":\"https:\/\/www.matts-guitar-shop.com\/it\/produit\/gibson-sg-les-paul-standard-1962\/#breadcrumb\"},\"inLanguage\":\"it-IT\",\"potentialAction\":[{\"@type\":\"ReadAction\",\"target\":[\"https:\/\/www.matts-guitar-shop.com\/it\/produit\/gibson-sg-les-paul-standard-1962\/\"]}]},{\"@type\":\"ImageObject\",\"inLanguage\":\"it-IT\",\"@id\":\"https:\/\/www.matts-guitar-shop.com\/it\/produit\/gibson-sg-les-paul-standard-1962\/#primaryimage\",\"url\":\"https:\/\/www.matts-guitar-shop.com\/wp-content\/uploads\/2024\/08\/Gibson-SG-Les-Paul-Standard-1962-guitare-00.jpg\",\"contentUrl\":\"https:\/\/www.matts-guitar-shop.com\/wp-content\/uploads\/2024\/08\/Gibson-SG-Les-Paul-Standard-1962-guitare-00.jpg\",\"width\":692,\"height\":1000},{\"@type\":\"BreadcrumbList\",\"@id\":\"https:\/\/www.matts-guitar-shop.com\/it\/produit\/gibson-sg-les-paul-standard-1962\/#breadcrumb\",\"itemListElement\":[{\"@type\":\"ListItem\",\"position\":1,\"name\":\"Home\",\"item\":\"https:\/\/www.matts-guitar-shop.com\/it\/\"},{\"@type\":\"ListItem\",\"position\":2,\"name\":\"I nostri prodotti\",\"item\":\"https:\/\/www.matts-guitar-shop.com\/nos-produits\/\"},{\"@type\":\"ListItem\",\"position\":3,\"name\":\"Gibson SG Les Paul Standard 1962\"}]},{\"@type\":\"WebSite\",\"@id\":\"https:\/\/www.matts-guitar-shop.com\/it\/#website\",\"url\":\"https:\/\/www.matts-guitar-shop.com\/it\/\",\"name\":\"matts-guitar-shop.com\",\"description\":\"Guitar Shop\",\"publisher\":{\"@id\":\"https:\/\/www.matts-guitar-shop.com\/it\/#organization\"},\"potentialAction\":[{\"@type\":\"SearchAction\",\"target\":{\"@type\":\"EntryPoint\",\"urlTemplate\":\"https:\/\/www.matts-guitar-shop.com\/it\/?s={search_term_string}\"},\"query-input\":{\"@type\":\"PropertyValueSpecification\",\"valueRequired\":true,\"valueName\":\"search_term_string\"}}],\"inLanguage\":\"it-IT\"},{\"@type\":\"Organization\",\"@id\":\"https:\/\/www.matts-guitar-shop.com\/it\/#organization\",\"name\":\"matts-guitar-shop.com\",\"url\":\"https:\/\/www.matts-guitar-shop.com\/it\/\",\"logo\":{\"@type\":\"ImageObject\",\"inLanguage\":\"it-IT\",\"@id\":\"https:\/\/www.matts-guitar-shop.com\/it\/#\/schema\/logo\/image\/\",\"url\":\"https:\/\/www.matts-guitar-shop.com\/wp-content\/uploads\/2024\/09\/MGS-logo-site-02.png\",\"contentUrl\":\"https:\/\/www.matts-guitar-shop.com\/wp-content\/uploads\/2024\/09\/MGS-logo-site-02.png\",\"width\":200,\"height\":122,\"caption\":\"matts-guitar-shop.com\"},\"image\":{\"@id\":\"https:\/\/www.matts-guitar-shop.com\/it\/#\/schema\/logo\/image\/\"},\"sameAs\":[\"https:\/\/www.facebook.com\/profile.php?id=100044359842817\",\"https:\/\/www.instagram.com\/mattsguitarshop\/\",\"https:\/\/www.youtube.com\/@MattLucasMan\/videos\"]}]}<\/script>\n<!-- \/ Yoast SEO plugin. -->","yoast_head_json":{"title":"Gibson SG Les Paul Standard 1962 - Matt&#039;s Guitar Shop","description":"Questo esemplare eccezionale presenta tutte le caratteristiche dei primissimi modelli. Disponibile da Matt\u2019s Guitar Shop","robots":{"index":"index","follow":"follow","max-snippet":"max-snippet:-1","max-image-preview":"max-image-preview:large","max-video-preview":"max-video-preview:-1"},"canonical":"https:\/\/www.matts-guitar-shop.com\/it\/produit\/gibson-sg-les-paul-standard-1962\/","og_locale":"it_IT","og_type":"article","og_title":"Gibson SG Les Paul Standard 1962 - Matt&#039;s Guitar Shop","og_description":"Questo esemplare eccezionale presenta tutte le caratteristiche dei primissimi modelli. Disponibile da Matt\u2019s Guitar Shop","og_url":"https:\/\/www.matts-guitar-shop.com\/it\/produit\/gibson-sg-les-paul-standard-1962\/","og_site_name":"Matt&#039;s Guitar Shop","article_publisher":"https:\/\/www.facebook.com\/profile.php?id=100044359842817","og_image":[{"width":692,"height":1000,"url":"https:\/\/www.matts-guitar-shop.com\/wp-content\/uploads\/2024\/08\/Gibson-SG-Les-Paul-Standard-1962-guitare-00.jpg","type":"image\/jpeg"}],"twitter_card":"summary_large_image","schema":{"@context":"https:\/\/schema.org","@graph":[{"@type":"WebPage","@id":"https:\/\/www.matts-guitar-shop.com\/it\/produit\/gibson-sg-les-paul-standard-1962\/","url":"https:\/\/www.matts-guitar-shop.com\/it\/produit\/gibson-sg-les-paul-standard-1962\/","name":"Gibson SG Les Paul Standard 1962 - Matt&#039;s Guitar Shop","isPartOf":{"@id":"https:\/\/www.matts-guitar-shop.com\/it\/#website"},"primaryImageOfPage":{"@id":"https:\/\/www.matts-guitar-shop.com\/it\/produit\/gibson-sg-les-paul-standard-1962\/#primaryimage"},"image":{"@id":"https:\/\/www.matts-guitar-shop.com\/it\/produit\/gibson-sg-les-paul-standard-1962\/#primaryimage"},"thumbnailUrl":"https:\/\/www.matts-guitar-shop.com\/wp-content\/uploads\/2024\/08\/Gibson-SG-Les-Paul-Standard-1962-guitare-00.jpg","datePublished":"2024-08-22T15:41:06+00:00","description":"Questo esemplare eccezionale presenta tutte le caratteristiche dei primissimi modelli. Disponibile da Matt\u2019s Guitar Shop","breadcrumb":{"@id":"https:\/\/www.matts-guitar-shop.com\/it\/produit\/gibson-sg-les-paul-standard-1962\/#breadcrumb"},"inLanguage":"it-IT","potentialAction":[{"@type":"ReadAction","target":["https:\/\/www.matts-guitar-shop.com\/it\/produit\/gibson-sg-les-paul-standard-1962\/"]}]},{"@type":"ImageObject","inLanguage":"it-IT","@id":"https:\/\/www.matts-guitar-shop.com\/it\/produit\/gibson-sg-les-paul-standard-1962\/#primaryimage","url":"https:\/\/www.matts-guitar-shop.com\/wp-content\/uploads\/2024\/08\/Gibson-SG-Les-Paul-Standard-1962-guitare-00.jpg","contentUrl":"https:\/\/www.matts-guitar-shop.com\/wp-content\/uploads\/2024\/08\/Gibson-SG-Les-Paul-Standard-1962-guitare-00.jpg","width":692,"height":1000},{"@type":"BreadcrumbList","@id":"https:\/\/www.matts-guitar-shop.com\/it\/produit\/gibson-sg-les-paul-standard-1962\/#breadcrumb","itemListElement":[{"@type":"ListItem","position":1,"name":"Home","item":"https:\/\/www.matts-guitar-shop.com\/it\/"},{"@type":"ListItem","position":2,"name":"I nostri prodotti","item":"https:\/\/www.matts-guitar-shop.com\/nos-produits\/"},{"@type":"ListItem","position":3,"name":"Gibson SG Les Paul Standard 1962"}]},{"@type":"WebSite","@id":"https:\/\/www.matts-guitar-shop.com\/it\/#website","url":"https:\/\/www.matts-guitar-shop.com\/it\/","name":"matts-guitar-shop.com","description":"Guitar Shop","publisher":{"@id":"https:\/\/www.matts-guitar-shop.com\/it\/#organization"},"potentialAction":[{"@type":"SearchAction","target":{"@type":"EntryPoint","urlTemplate":"https:\/\/www.matts-guitar-shop.com\/it\/?s={search_term_string}"},"query-input":{"@type":"PropertyValueSpecification","valueRequired":true,"valueName":"search_term_string"}}],"inLanguage":"it-IT"},{"@type":"Organization","@id":"https:\/\/www.matts-guitar-shop.com\/it\/#organization","name":"matts-guitar-shop.com","url":"https:\/\/www.matts-guitar-shop.com\/it\/","logo":{"@type":"ImageObject","inLanguage":"it-IT","@id":"https:\/\/www.matts-guitar-shop.com\/it\/#\/schema\/logo\/image\/","url":"https:\/\/www.matts-guitar-shop.com\/wp-content\/uploads\/2024\/09\/MGS-logo-site-02.png","contentUrl":"https:\/\/www.matts-guitar-shop.com\/wp-content\/uploads\/2024\/09\/MGS-logo-site-02.png","width":200,"height":122,"caption":"matts-guitar-shop.com"},"image":{"@id":"https:\/\/www.matts-guitar-shop.com\/it\/#\/schema\/logo\/image\/"},"sameAs":["https:\/\/www.facebook.com\/profile.php?id=100044359842817","https:\/\/www.instagram.com\/mattsguitarshop\/","https:\/\/www.youtube.com\/@MattLucasMan\/videos"]}]}},"_links":{"self":[{"href":"https:\/\/www.matts-guitar-shop.com\/it\/wp-json\/wp\/v2\/product\/21686","targetHints":{"allow":["GET"]}}],"collection":[{"href":"https:\/\/www.matts-guitar-shop.com\/it\/wp-json\/wp\/v2\/product"}],"about":[{"href":"https:\/\/www.matts-guitar-shop.com\/it\/wp-json\/wp\/v2\/types\/product"}],"replies":[{"embeddable":true,"href":"https:\/\/www.matts-guitar-shop.com\/it\/wp-json\/wp\/v2\/comments?post=21686"}],"wp:featuredmedia":[{"embeddable":true,"href":"https:\/\/www.matts-guitar-shop.com\/it\/wp-json\/wp\/v2\/media\/21687"}],"wp:attachment":[{"href":"https:\/\/www.matts-guitar-shop.com\/it\/wp-json\/wp\/v2\/media?parent=21686"}],"wp:term":[{"taxonomy":"product_brand","embeddable":true,"href":"https:\/\/www.matts-guitar-shop.com\/it\/wp-json\/wp\/v2\/product_brand?post=21686"},{"taxonomy":"product_cat","embeddable":true,"href":"https:\/\/www.matts-guitar-shop.com\/it\/wp-json\/wp\/v2\/product_cat?post=21686"},{"taxonomy":"product_tag","embeddable":true,"href":"https:\/\/www.matts-guitar-shop.com\/it\/wp-json\/wp\/v2\/product_tag?post=21686"}],"curies":[{"name":"wp","href":"https:\/\/api.w.org\/{rel}","templated":true}]}}