{"id":21662,"date":"2024-08-22T15:28:23","date_gmt":"2024-08-22T13:28:23","guid":{"rendered":"https:\/\/www.matts-guitar-shop.com\/produit\/gibson-custom-johnny-a-spruce-prototype-bonamassa\/"},"modified":"2024-08-22T15:28:23","modified_gmt":"2024-08-22T13:28:23","slug":"gibson-custom-johnny-a-spruce-prototype-bonamassa","status":"publish","type":"product","link":"https:\/\/www.matts-guitar-shop.com\/it\/produit\/gibson-custom-johnny-a-spruce-prototype-bonamassa\/","title":{"rendered":"Gibson Custom Johnny A. Spruce Prototype Bonamassa"},"content":{"rendered":"<p>Joe Bonamassa<br \/>\n(1977)<\/p>\n<p>Chitarra principale: Gibson Les Paul Standard 1959<br \/>\nBrano da ascoltare assolutamente: Sloe Gin<\/p>\n<p>Non \u00e8 facile affermarsi come artista adulto quando si \u00e8 stati un enfant prodige. Joe \u00e8 stato allievo di Danny Gatton e protetto di B.B. King ancora prima di poter guidare un\u2019auto, e ha girato con il gruppo Bloodline (insieme ad altri bambini prodigio figli di star come Miles Davis o Robby Krieger) prima ancora di poter votare. Ma tutto avrebbe potuto fermarsi bruscamente, e infatti gli altri membri dei Bloodline sono spariti nell\u2019etere dello show business. Bonamassa, invece, ha sempre avuto un\u2019etica del lavoro incrollabile, e a forza di tour ha finito per imporsi con il proprio suono e la propria discografia da solista.<\/p>\n<p>Tutto comincia nel 2000 con A New Day Yesterday, un disco blues del tutto onesto in cui ospiti come Leslie West, Greg Allman e Rick Derringer consacrano il giovane musicista. All\u2019epoca, Bonamassa suona Strat e Tele e l\u2019influenza di Stevie Ray Vaughan \u00e8 ancora udibile in molte delle sue frasi. Poi, poco a poco, trova la propria strada passando alle Les Paul e combinando i suoi Marshall Silver Jubilee con altre testate boutique per un risultato tanto bluesy quanto corposo e organico. \u00c8 anche il periodo in cui il produttore Kevin Shirley inizia a collaborare con Bonamassa, collaborazione iniziata con You &amp; Me (2006) e ancora in corso. Sloe Gin (2007) e Ballad Of John Henry (2009) sono hit che consolidano la reputazione di Joe come salvatore del blues, il futuro di uno stile che si pensava riservato ai baby boomer prossimi alla pensione.<\/p>\n<p>Da allora Bonamassa non ha rallentato il ritmo dei tour e raddoppia l\u2019inventiva per variare i suoi spettacoli, che si tratti di un concerto tributo a Muddy Waters e Howlin\u2019 Wolf, di un tour tributo ai tre Kings del blues o al British Blues Boom. Suona anche negli album della cantante Beth Hart e con i gruppi Black Country Communion (accanto al bassista e cantante Glenn Hughes) e Rock Candy Funk Party. Parallelamente, la collezione di chi \u00e8 nato nella chitarra (suo padre gestisce un negozio) non ha fatto che aumentare, arrivando a possedere una decina di burst, due V Korina e un numero incredibile di strumenti rari. Tuttavia, queste chitarre non restano chiuse in uno scaffale: viaggiano regolarmente on the road con Joe. Dopotutto, sono state fatte per questo.<\/p>\n<p><img decoding=\"async\" class=\"alignnone size-full wp-image-5565\" src=\"https:\/\/www.matts-guitar-shop.com\/wp-content\/uploads\/2024\/08\/Joe-bonamassa-01.jpg\" alt=\"\" width=\"400\" height=\"600\" srcset=\"https:\/\/www.matts-guitar-shop.com\/wp-content\/uploads\/2024\/08\/Joe-bonamassa-01.jpg 400w, https:\/\/www.matts-guitar-shop.com\/wp-content\/uploads\/2024\/08\/Joe-bonamassa-01-200x300.jpg 200w\" sizes=\"(max-width: 400px) 100vw, 400px\" \/><\/p>\n","protected":false},"excerpt":{"rendered":"<p><strong>Questa chitarra \u00e8 uno dei rari esempi di doppio modello signature, una rarit\u00e0 che unisce Johnny A., chitarrista di session e attuale membro dei Yardbirds, e il prodigio del blues Joe Bonamassa. Johnny A. ha il suo modello signature presso Gibson dal 2003, un design radicale che rimane tuttora una delle chitarre pi\u00f9 interessanti e inventive uscite dalla fabbrica di Nashville dagli anni \u201970.<\/strong><\/p>\n<p>Si tratta di una semi-hollow thinline (lo stesso principio di una ES-335) di dimensioni piuttosto ridotte (come una ES-339), con buche particolari che ricordano le Rickenbacker, un Bigsby e soprattutto un doppio cutaway fiorentino (come una SG). Anche il battipenna \u00e8 pi\u00f9 angolato del solito, nello spirito dei tagli smussati. Questa combinazione risulta molto armoniosa e d\u00e0 vita a uno strumento pieno di carattere, che appare vintage senza esserlo.<\/p>\n<p>Joe Bonamassa entra in scena nel 2017, quando nasce l\u2019idea di realizzare una versione solid body della Johnny A. con un top in abete, lo stesso legno delle ES-335 o delle acustiche del marchio. Il battipenna diventa pi\u00f9 tradizionale e il ponte \u00e8 fisso. Sebbene presentata al NAMM, la Johnny A. Spruce Bonamassa rimarr\u00e0 un\u2019edizione molto limitata con segnatasti a parallelogrammi. Su questo prototipo si riconosce il logo sulla tastiera che decorava gi\u00e0 gli esemplari personali di Joe per la Bonabyrd o la Blackburst, garanzia che questa chitarra proviene dalla sua collezione. Una Johnny A. Spruce sarebbe gi\u00e0 rara, ma questo prototipo \u00e8 assolutamente unico.<\/p>\n<p class=\"p1\"><strong><span class=\"s1\">Hai domande su questo prodotto? Contattaci!<\/span><\/strong><\/p>\n","protected":false},"featured_media":21663,"comment_status":"open","ping_status":"closed","template":"","meta":{"_et_pb_use_builder":"","_et_pb_old_content":"","_et_gb_content_width":""},"product_brand":[],"product_cat":[851,846,844,847],"product_tag":[],"class_list":{"0":"post-21662","1":"product","2":"type-product","3":"status-publish","4":"has-post-thumbnail","6":"product_cat-chitarre-elettriche","7":"product_cat-venduti","8":"product_cat-artisti","9":"product_cat-chitarre","10":"pa_artiste-joe-bonamassa-it","11":"pa_disponibilite-vendutoa","12":"pa_marque-gibson-it","14":"first","15":"outofstock","16":"shipping-taxable","17":"product-type-simple"},"yoast_head":"<!-- This site is optimized with the Yoast SEO plugin v26.8 - https:\/\/yoast.com\/product\/yoast-seo-wordpress\/ -->\n<title>Gibson Custom Johnny A. Spruce Prototype Bonamassa - Matt&#039;s Guitar Shop<\/title>\n<meta name=\"description\" content=\"Gibson Custom Johnny A. Spruce Prototype, ex-Joe Bonamassa. Una chitarra rara e prestigiosa, pezzo da collezione esclusivo disponibile da Matt\u2019s Guitar Shop.\" \/>\n<meta name=\"robots\" content=\"index, follow, max-snippet:-1, max-image-preview:large, max-video-preview:-1\" \/>\n<link rel=\"canonical\" href=\"https:\/\/www.matts-guitar-shop.com\/it\/produit\/gibson-custom-johnny-a-spruce-prototype-bonamassa\/\" \/>\n<meta property=\"og:locale\" content=\"it_IT\" \/>\n<meta property=\"og:type\" content=\"article\" \/>\n<meta property=\"og:title\" content=\"Gibson Custom Johnny A. Spruce Prototype Bonamassa - Matt&#039;s Guitar Shop\" \/>\n<meta property=\"og:description\" content=\"Gibson Custom Johnny A. Spruce Prototype, ex-Joe Bonamassa. Una chitarra rara e prestigiosa, pezzo da collezione esclusivo disponibile da Matt\u2019s Guitar Shop.\" \/>\n<meta property=\"og:url\" content=\"https:\/\/www.matts-guitar-shop.com\/it\/produit\/gibson-custom-johnny-a-spruce-prototype-bonamassa\/\" \/>\n<meta property=\"og:site_name\" content=\"Matt&#039;s Guitar Shop\" \/>\n<meta property=\"article:publisher\" content=\"https:\/\/www.facebook.com\/profile.php?id=100044359842817\" \/>\n<meta property=\"og:image\" content=\"https:\/\/www.matts-guitar-shop.com\/wp-content\/uploads\/2024\/08\/Gibson-Johnny-a-Spruce-Joe-Bonamassa-guitare-00.jpg\" \/>\n\t<meta property=\"og:image:width\" content=\"900\" \/>\n\t<meta property=\"og:image:height\" content=\"1300\" \/>\n\t<meta property=\"og:image:type\" content=\"image\/jpeg\" \/>\n<meta name=\"twitter:card\" content=\"summary_large_image\" \/>\n<meta name=\"twitter:label1\" content=\"Tempo di lettura stimato\" \/>\n\t<meta name=\"twitter:data1\" content=\"2 minuti\" \/>\n<script type=\"application\/ld+json\" class=\"yoast-schema-graph\">{\"@context\":\"https:\/\/schema.org\",\"@graph\":[{\"@type\":\"WebPage\",\"@id\":\"https:\/\/www.matts-guitar-shop.com\/it\/produit\/gibson-custom-johnny-a-spruce-prototype-bonamassa\/\",\"url\":\"https:\/\/www.matts-guitar-shop.com\/it\/produit\/gibson-custom-johnny-a-spruce-prototype-bonamassa\/\",\"name\":\"Gibson Custom Johnny A. Spruce Prototype Bonamassa - Matt&#039;s Guitar Shop\",\"isPartOf\":{\"@id\":\"https:\/\/www.matts-guitar-shop.com\/it\/#website\"},\"primaryImageOfPage\":{\"@id\":\"https:\/\/www.matts-guitar-shop.com\/it\/produit\/gibson-custom-johnny-a-spruce-prototype-bonamassa\/#primaryimage\"},\"image\":{\"@id\":\"https:\/\/www.matts-guitar-shop.com\/it\/produit\/gibson-custom-johnny-a-spruce-prototype-bonamassa\/#primaryimage\"},\"thumbnailUrl\":\"https:\/\/www.matts-guitar-shop.com\/wp-content\/uploads\/2024\/08\/Gibson-Johnny-a-Spruce-Joe-Bonamassa-guitare-00.jpg\",\"datePublished\":\"2024-08-22T13:28:23+00:00\",\"description\":\"Gibson Custom Johnny A. Spruce Prototype, ex-Joe Bonamassa. Una chitarra rara e prestigiosa, pezzo da collezione esclusivo disponibile da Matt\u2019s Guitar Shop.\",\"breadcrumb\":{\"@id\":\"https:\/\/www.matts-guitar-shop.com\/it\/produit\/gibson-custom-johnny-a-spruce-prototype-bonamassa\/#breadcrumb\"},\"inLanguage\":\"it-IT\",\"potentialAction\":[{\"@type\":\"ReadAction\",\"target\":[\"https:\/\/www.matts-guitar-shop.com\/it\/produit\/gibson-custom-johnny-a-spruce-prototype-bonamassa\/\"]}]},{\"@type\":\"ImageObject\",\"inLanguage\":\"it-IT\",\"@id\":\"https:\/\/www.matts-guitar-shop.com\/it\/produit\/gibson-custom-johnny-a-spruce-prototype-bonamassa\/#primaryimage\",\"url\":\"https:\/\/www.matts-guitar-shop.com\/wp-content\/uploads\/2024\/08\/Gibson-Johnny-a-Spruce-Joe-Bonamassa-guitare-00.jpg\",\"contentUrl\":\"https:\/\/www.matts-guitar-shop.com\/wp-content\/uploads\/2024\/08\/Gibson-Johnny-a-Spruce-Joe-Bonamassa-guitare-00.jpg\",\"width\":900,\"height\":1300},{\"@type\":\"BreadcrumbList\",\"@id\":\"https:\/\/www.matts-guitar-shop.com\/it\/produit\/gibson-custom-johnny-a-spruce-prototype-bonamassa\/#breadcrumb\",\"itemListElement\":[{\"@type\":\"ListItem\",\"position\":1,\"name\":\"Home\",\"item\":\"https:\/\/www.matts-guitar-shop.com\/it\/\"},{\"@type\":\"ListItem\",\"position\":2,\"name\":\"I nostri prodotti\",\"item\":\"https:\/\/www.matts-guitar-shop.com\/nos-produits\/\"},{\"@type\":\"ListItem\",\"position\":3,\"name\":\"Gibson Custom Johnny A. Spruce Prototype Bonamassa\"}]},{\"@type\":\"WebSite\",\"@id\":\"https:\/\/www.matts-guitar-shop.com\/it\/#website\",\"url\":\"https:\/\/www.matts-guitar-shop.com\/it\/\",\"name\":\"matts-guitar-shop.com\",\"description\":\"Guitar Shop\",\"publisher\":{\"@id\":\"https:\/\/www.matts-guitar-shop.com\/it\/#organization\"},\"potentialAction\":[{\"@type\":\"SearchAction\",\"target\":{\"@type\":\"EntryPoint\",\"urlTemplate\":\"https:\/\/www.matts-guitar-shop.com\/it\/?s={search_term_string}\"},\"query-input\":{\"@type\":\"PropertyValueSpecification\",\"valueRequired\":true,\"valueName\":\"search_term_string\"}}],\"inLanguage\":\"it-IT\"},{\"@type\":\"Organization\",\"@id\":\"https:\/\/www.matts-guitar-shop.com\/it\/#organization\",\"name\":\"matts-guitar-shop.com\",\"url\":\"https:\/\/www.matts-guitar-shop.com\/it\/\",\"logo\":{\"@type\":\"ImageObject\",\"inLanguage\":\"it-IT\",\"@id\":\"https:\/\/www.matts-guitar-shop.com\/it\/#\/schema\/logo\/image\/\",\"url\":\"https:\/\/www.matts-guitar-shop.com\/wp-content\/uploads\/2024\/09\/MGS-logo-site-02.png\",\"contentUrl\":\"https:\/\/www.matts-guitar-shop.com\/wp-content\/uploads\/2024\/09\/MGS-logo-site-02.png\",\"width\":200,\"height\":122,\"caption\":\"matts-guitar-shop.com\"},\"image\":{\"@id\":\"https:\/\/www.matts-guitar-shop.com\/it\/#\/schema\/logo\/image\/\"},\"sameAs\":[\"https:\/\/www.facebook.com\/profile.php?id=100044359842817\",\"https:\/\/www.instagram.com\/mattsguitarshop\/\",\"https:\/\/www.youtube.com\/@MattLucasMan\/videos\"]}]}<\/script>\n<!-- \/ Yoast SEO plugin. -->","yoast_head_json":{"title":"Gibson Custom Johnny A. Spruce Prototype Bonamassa - Matt&#039;s Guitar Shop","description":"Gibson Custom Johnny A. Spruce Prototype, ex-Joe Bonamassa. Una chitarra rara e prestigiosa, pezzo da collezione esclusivo disponibile da Matt\u2019s Guitar Shop.","robots":{"index":"index","follow":"follow","max-snippet":"max-snippet:-1","max-image-preview":"max-image-preview:large","max-video-preview":"max-video-preview:-1"},"canonical":"https:\/\/www.matts-guitar-shop.com\/it\/produit\/gibson-custom-johnny-a-spruce-prototype-bonamassa\/","og_locale":"it_IT","og_type":"article","og_title":"Gibson Custom Johnny A. Spruce Prototype Bonamassa - Matt&#039;s Guitar Shop","og_description":"Gibson Custom Johnny A. Spruce Prototype, ex-Joe Bonamassa. Una chitarra rara e prestigiosa, pezzo da collezione esclusivo disponibile da Matt\u2019s Guitar Shop.","og_url":"https:\/\/www.matts-guitar-shop.com\/it\/produit\/gibson-custom-johnny-a-spruce-prototype-bonamassa\/","og_site_name":"Matt&#039;s Guitar Shop","article_publisher":"https:\/\/www.facebook.com\/profile.php?id=100044359842817","og_image":[{"width":900,"height":1300,"url":"https:\/\/www.matts-guitar-shop.com\/wp-content\/uploads\/2024\/08\/Gibson-Johnny-a-Spruce-Joe-Bonamassa-guitare-00.jpg","type":"image\/jpeg"}],"twitter_card":"summary_large_image","twitter_misc":{"Tempo di lettura stimato":"2 minuti"},"schema":{"@context":"https:\/\/schema.org","@graph":[{"@type":"WebPage","@id":"https:\/\/www.matts-guitar-shop.com\/it\/produit\/gibson-custom-johnny-a-spruce-prototype-bonamassa\/","url":"https:\/\/www.matts-guitar-shop.com\/it\/produit\/gibson-custom-johnny-a-spruce-prototype-bonamassa\/","name":"Gibson Custom Johnny A. Spruce Prototype Bonamassa - Matt&#039;s Guitar Shop","isPartOf":{"@id":"https:\/\/www.matts-guitar-shop.com\/it\/#website"},"primaryImageOfPage":{"@id":"https:\/\/www.matts-guitar-shop.com\/it\/produit\/gibson-custom-johnny-a-spruce-prototype-bonamassa\/#primaryimage"},"image":{"@id":"https:\/\/www.matts-guitar-shop.com\/it\/produit\/gibson-custom-johnny-a-spruce-prototype-bonamassa\/#primaryimage"},"thumbnailUrl":"https:\/\/www.matts-guitar-shop.com\/wp-content\/uploads\/2024\/08\/Gibson-Johnny-a-Spruce-Joe-Bonamassa-guitare-00.jpg","datePublished":"2024-08-22T13:28:23+00:00","description":"Gibson Custom Johnny A. Spruce Prototype, ex-Joe Bonamassa. Una chitarra rara e prestigiosa, pezzo da collezione esclusivo disponibile da Matt\u2019s Guitar Shop.","breadcrumb":{"@id":"https:\/\/www.matts-guitar-shop.com\/it\/produit\/gibson-custom-johnny-a-spruce-prototype-bonamassa\/#breadcrumb"},"inLanguage":"it-IT","potentialAction":[{"@type":"ReadAction","target":["https:\/\/www.matts-guitar-shop.com\/it\/produit\/gibson-custom-johnny-a-spruce-prototype-bonamassa\/"]}]},{"@type":"ImageObject","inLanguage":"it-IT","@id":"https:\/\/www.matts-guitar-shop.com\/it\/produit\/gibson-custom-johnny-a-spruce-prototype-bonamassa\/#primaryimage","url":"https:\/\/www.matts-guitar-shop.com\/wp-content\/uploads\/2024\/08\/Gibson-Johnny-a-Spruce-Joe-Bonamassa-guitare-00.jpg","contentUrl":"https:\/\/www.matts-guitar-shop.com\/wp-content\/uploads\/2024\/08\/Gibson-Johnny-a-Spruce-Joe-Bonamassa-guitare-00.jpg","width":900,"height":1300},{"@type":"BreadcrumbList","@id":"https:\/\/www.matts-guitar-shop.com\/it\/produit\/gibson-custom-johnny-a-spruce-prototype-bonamassa\/#breadcrumb","itemListElement":[{"@type":"ListItem","position":1,"name":"Home","item":"https:\/\/www.matts-guitar-shop.com\/it\/"},{"@type":"ListItem","position":2,"name":"I nostri prodotti","item":"https:\/\/www.matts-guitar-shop.com\/nos-produits\/"},{"@type":"ListItem","position":3,"name":"Gibson Custom Johnny A. Spruce Prototype Bonamassa"}]},{"@type":"WebSite","@id":"https:\/\/www.matts-guitar-shop.com\/it\/#website","url":"https:\/\/www.matts-guitar-shop.com\/it\/","name":"matts-guitar-shop.com","description":"Guitar Shop","publisher":{"@id":"https:\/\/www.matts-guitar-shop.com\/it\/#organization"},"potentialAction":[{"@type":"SearchAction","target":{"@type":"EntryPoint","urlTemplate":"https:\/\/www.matts-guitar-shop.com\/it\/?s={search_term_string}"},"query-input":{"@type":"PropertyValueSpecification","valueRequired":true,"valueName":"search_term_string"}}],"inLanguage":"it-IT"},{"@type":"Organization","@id":"https:\/\/www.matts-guitar-shop.com\/it\/#organization","name":"matts-guitar-shop.com","url":"https:\/\/www.matts-guitar-shop.com\/it\/","logo":{"@type":"ImageObject","inLanguage":"it-IT","@id":"https:\/\/www.matts-guitar-shop.com\/it\/#\/schema\/logo\/image\/","url":"https:\/\/www.matts-guitar-shop.com\/wp-content\/uploads\/2024\/09\/MGS-logo-site-02.png","contentUrl":"https:\/\/www.matts-guitar-shop.com\/wp-content\/uploads\/2024\/09\/MGS-logo-site-02.png","width":200,"height":122,"caption":"matts-guitar-shop.com"},"image":{"@id":"https:\/\/www.matts-guitar-shop.com\/it\/#\/schema\/logo\/image\/"},"sameAs":["https:\/\/www.facebook.com\/profile.php?id=100044359842817","https:\/\/www.instagram.com\/mattsguitarshop\/","https:\/\/www.youtube.com\/@MattLucasMan\/videos"]}]}},"_links":{"self":[{"href":"https:\/\/www.matts-guitar-shop.com\/it\/wp-json\/wp\/v2\/product\/21662","targetHints":{"allow":["GET"]}}],"collection":[{"href":"https:\/\/www.matts-guitar-shop.com\/it\/wp-json\/wp\/v2\/product"}],"about":[{"href":"https:\/\/www.matts-guitar-shop.com\/it\/wp-json\/wp\/v2\/types\/product"}],"replies":[{"embeddable":true,"href":"https:\/\/www.matts-guitar-shop.com\/it\/wp-json\/wp\/v2\/comments?post=21662"}],"wp:featuredmedia":[{"embeddable":true,"href":"https:\/\/www.matts-guitar-shop.com\/it\/wp-json\/wp\/v2\/media\/21663"}],"wp:attachment":[{"href":"https:\/\/www.matts-guitar-shop.com\/it\/wp-json\/wp\/v2\/media?parent=21662"}],"wp:term":[{"taxonomy":"product_brand","embeddable":true,"href":"https:\/\/www.matts-guitar-shop.com\/it\/wp-json\/wp\/v2\/product_brand?post=21662"},{"taxonomy":"product_cat","embeddable":true,"href":"https:\/\/www.matts-guitar-shop.com\/it\/wp-json\/wp\/v2\/product_cat?post=21662"},{"taxonomy":"product_tag","embeddable":true,"href":"https:\/\/www.matts-guitar-shop.com\/it\/wp-json\/wp\/v2\/product_tag?post=21662"}],"curies":[{"name":"wp","href":"https:\/\/api.w.org\/{rel}","templated":true}]}}