{"id":21632,"date":"2024-08-30T21:00:36","date_gmt":"2024-08-30T19:00:36","guid":{"rendered":"https:\/\/www.matts-guitar-shop.com\/produit\/martin-d-28e-1963-ex-noel-gallagher\/"},"modified":"2024-08-30T21:00:36","modified_gmt":"2024-08-30T19:00:36","slug":"martin-d-28e-1963-ex-noel-gallagher","status":"publish","type":"product","link":"https:\/\/www.matts-guitar-shop.com\/it\/produit\/martin-d-28e-1963-ex-noel-gallagher\/","title":{"rendered":"Martin D-28E 1963 ex Noel Gallagher"},"content":{"rendered":"<p>Noel Gallagher<br \/>\n(1967)<\/p>\n<p>Gruppo: Oasis<br \/>\nChitarra principale: Epiphone Sheraton<br \/>\nBrano da ascoltare assolutamente: Supersonic<\/p>\n<p>\u00c8 facile dimenticare quanto Oasis fosse un gruppo eccellente, tanto la loro musica \u00e8 stata oscurata dalle varie bravate e dal modo in cui i media ne hanno parlato. Eppure, questi figli di Manchester hanno scritto alcune delle pi\u00f9 belle canzoni degli anni \u201990, costruendo davvero la colonna sonora di un decennio in cerca di idoli.<\/p>\n<p>Da Supersonic nel 1994 a Falling Down nel 2009, Oasis ha venduto 75 milioni di album e piazzato 8 singoli in cima alle classifiche. Naturalmente, la loro musica \u00e8 profondamente ispirata ai Beatles del 1966, da cui hanno ripreso lo stile visivo e l\u2019approccio alla produzione, ma hanno preso quel suono e l\u2019hanno proiettato nella loro decade, aggiornandolo con canzoni che probabilmente non avrebbero sfigurato su Revolver, come Wonderwall o All Around The World.<\/p>\n<p>Come tutti sanno, il gruppo \u00e8 guidato dai fratelli Gallagher, Liam alla voce e Noel alla chitarra, anche se capita che Noel canti con il suo timbro molto caratteristico, ad esempio in Don\u2019t Look Back In Anger. Come i Kinks prima di loro, i fratelli Gallagher non sono riusciti a tenere le loro dispute familiari fuori dalla sfera professionale, e il gruppo \u00e8 finito per esplodere sotto il loro peso.<\/p>\n<p>Da allora, Noel ha fondato il suo gruppo High Flying Birds con un eccellente primo album omonimo nel 2011, prova che il chitarrista ha ancora molto da dire artisticamente. Continua a suonare con questa formazione, giunta al suo terzo album con Who Built The Moon (2017). Dal punto di vista chitarristico, Noel non \u00e8 cambiato e resta fedele agli strumenti che amava quando suonava negli Oasis: \u00e8 stato molto conosciuto con una Epiphone Sheraton (la versione Epiphone della ES-335), e ha suonato molto su diverse semi-hollow di questo tipo, tra cui una splendida ES-355 Cherry Red e alcune Epiphone Casino. \u00c8 anche appassionato di Les Paul, siano esse burst o altre, e la sua acustica preferita \u00e8 naturalmente la J-200, uno strumento a lui associato ancora oggi.<\/p>\n<p><img decoding=\"async\" class=\"alignnone size-full wp-image-8070\" src=\"https:\/\/www.matts-guitar-shop.com\/wp-content\/uploads\/2024\/08\/noel-gallagher-01.jpg\" alt=\"\" width=\"400\" height=\"600\" srcset=\"https:\/\/www.matts-guitar-shop.com\/wp-content\/uploads\/2024\/08\/noel-gallagher-01.jpg 400w, https:\/\/www.matts-guitar-shop.com\/wp-content\/uploads\/2024\/08\/noel-gallagher-01-200x300.jpg 200w\" sizes=\"(max-width: 400px) 100vw, 400px\" \/><\/p>\n","protected":false},"excerpt":{"rendered":"<p><strong>Contrariamente alle apparenze, questa Martin \u00e8 100% originale! Alla fine degli anni \u201950, vedendo i marchi concorrenti ottenere grandi successi nel mercato delle elettriche, la casa di Nazareth decise di interessarsi all\u2019argomento. Ma poich\u00e9 gli ingegneri Martin sono sempre stati molto conservatori e i metodi di produzione erano gi\u00e0 collaudati per le loro acustiche, si limitarono ad aggiungere due pickup sui loro tre modelli di punta, creando cos\u00ec la 00-18E, la D-18E e la D-28E.<\/strong><\/p>\n<p>Ognuna di esse era simile alla sua sorella puramente acustica, con l\u2019aggiunta piuttosto evidente di due pickup DeArmond, un selettore a tre posizioni e quattro manopole disposte in linea lungo il top. Il problema del concetto era che l\u2019idea non era efficace da nessun punto di vista: per il suono acustico, l\u2019aggiunta dei pickup direttamente sul top limitava le vibrazioni, mentre per il suono elettrico, i bassi generosi della dreadnought avevano la sgradita tendenza a generare immediatamente feedback. Aggiungendo il fatto che queste chitarre erano molto pi\u00f9 costose rispetto alle loro versioni acustiche, si capisce facilmente perch\u00e9 Martin abbia interrotto queste serie nel 1963, rendendo questa D-28E un esemplare dell\u2019ultimo anno di produzione.<\/p>\n<p>Si ritrova naturalmente il meraviglioso corpo in palissandro brasiliano che caratterizza tutte le D-28 del periodo, e il suono particolare e personale di queste serie ha finito per conquistare un pubblico tra gli appassionati di lo-fi alla ricerca di uno strumento fuori dal comune. L\u2019esposizione pi\u00f9 significativa di questa serie \u00e8 avvenuta nel 1993 con il concerto MTV Unplugged dei Nirvana, in cui Kurt Cobain suonava una D-18E. Questa D-28E, invece, ha la particolarit\u00e0 di non essere mai stata modificata se non per un refretting (mentre l\u2019elettronica di molte chitarre dell\u2019epoca \u00e8 stata ritoccata), il che la rende eccezionale.<\/p>\n<p>Ma non \u00e8 tutto, poich\u00e9 \u00e8 appartenuta a Noel Gallagher. La leggenda britannica ha utilizzato questa Martin come strumento di ispirazione prima di lasciarla libera nel mondo, dove le sue note rotonde non hanno avuto difficolt\u00e0 a conquistare altri musicisti.<\/p>\n<p><strong>Hai domande su questo prodotto? Contattaci!<\/strong><\/p>\n","protected":false},"featured_media":21647,"comment_status":"open","ping_status":"closed","template":"","meta":{"_et_pb_use_builder":"","_et_pb_old_content":"","_et_gb_content_width":""},"product_brand":[],"product_cat":[849,846,844,847],"product_tag":[],"class_list":{"0":"post-21632","1":"product","2":"type-product","3":"status-publish","4":"has-post-thumbnail","6":"product_cat-chitarre-acustiche","7":"product_cat-venduti","8":"product_cat-artisti","9":"product_cat-chitarre","10":"pa_artiste-noel-gallagher-it","11":"pa_disponibilite-vendutoa","12":"pa_marque-martin-co-it","14":"first","15":"outofstock","16":"shipping-taxable","17":"product-type-simple"},"yoast_head":"<!-- This site is optimized with the Yoast SEO plugin v26.8 - https:\/\/yoast.com\/product\/yoast-seo-wordpress\/ -->\n<title>Martin D-28E 1963 ex Noel Gallagher - Matt&#039;s Guitar Shop<\/title>\n<meta name=\"description\" content=\"La leggenda britannica ha utilizzato questa Martin come strumento di ispirazione prima di lasciarla libera nel mondo.\" \/>\n<meta name=\"robots\" content=\"index, follow, max-snippet:-1, max-image-preview:large, max-video-preview:-1\" \/>\n<link rel=\"canonical\" href=\"https:\/\/www.matts-guitar-shop.com\/it\/produit\/martin-d-28e-1963-ex-noel-gallagher\/\" \/>\n<meta property=\"og:locale\" content=\"it_IT\" \/>\n<meta property=\"og:type\" content=\"article\" \/>\n<meta property=\"og:title\" content=\"Martin D-28E 1963 ex Noel Gallagher - Matt&#039;s Guitar Shop\" \/>\n<meta property=\"og:description\" content=\"La leggenda britannica ha utilizzato questa Martin come strumento di ispirazione prima di lasciarla libera nel mondo.\" \/>\n<meta property=\"og:url\" content=\"https:\/\/www.matts-guitar-shop.com\/it\/produit\/martin-d-28e-1963-ex-noel-gallagher\/\" \/>\n<meta property=\"og:site_name\" content=\"Matt&#039;s Guitar Shop\" \/>\n<meta property=\"article:publisher\" content=\"https:\/\/www.facebook.com\/profile.php?id=100044359842817\" \/>\n<meta property=\"og:image\" content=\"https:\/\/www.matts-guitar-shop.com\/wp-content\/uploads\/2024\/08\/martin-d-28e-1963-noel-gallagher-guitare-00.jpg\" \/>\n\t<meta property=\"og:image:width\" content=\"700\" \/>\n\t<meta property=\"og:image:height\" content=\"1011\" \/>\n\t<meta property=\"og:image:type\" content=\"image\/jpeg\" \/>\n<meta name=\"twitter:card\" content=\"summary_large_image\" \/>\n<meta name=\"twitter:label1\" content=\"Tempo di lettura stimato\" \/>\n\t<meta name=\"twitter:data1\" content=\"2 minuti\" \/>\n<script type=\"application\/ld+json\" class=\"yoast-schema-graph\">{\"@context\":\"https:\/\/schema.org\",\"@graph\":[{\"@type\":\"WebPage\",\"@id\":\"https:\/\/www.matts-guitar-shop.com\/it\/produit\/martin-d-28e-1963-ex-noel-gallagher\/\",\"url\":\"https:\/\/www.matts-guitar-shop.com\/it\/produit\/martin-d-28e-1963-ex-noel-gallagher\/\",\"name\":\"Martin D-28E 1963 ex Noel Gallagher - Matt&#039;s Guitar Shop\",\"isPartOf\":{\"@id\":\"https:\/\/www.matts-guitar-shop.com\/it\/#website\"},\"primaryImageOfPage\":{\"@id\":\"https:\/\/www.matts-guitar-shop.com\/it\/produit\/martin-d-28e-1963-ex-noel-gallagher\/#primaryimage\"},\"image\":{\"@id\":\"https:\/\/www.matts-guitar-shop.com\/it\/produit\/martin-d-28e-1963-ex-noel-gallagher\/#primaryimage\"},\"thumbnailUrl\":\"https:\/\/www.matts-guitar-shop.com\/wp-content\/uploads\/2024\/08\/martin-d-28e-1963-noel-gallagher-guitare-00.jpg\",\"datePublished\":\"2024-08-30T19:00:36+00:00\",\"description\":\"La leggenda britannica ha utilizzato questa Martin come strumento di ispirazione prima di lasciarla libera nel mondo.\",\"breadcrumb\":{\"@id\":\"https:\/\/www.matts-guitar-shop.com\/it\/produit\/martin-d-28e-1963-ex-noel-gallagher\/#breadcrumb\"},\"inLanguage\":\"it-IT\",\"potentialAction\":[{\"@type\":\"ReadAction\",\"target\":[\"https:\/\/www.matts-guitar-shop.com\/it\/produit\/martin-d-28e-1963-ex-noel-gallagher\/\"]}]},{\"@type\":\"ImageObject\",\"inLanguage\":\"it-IT\",\"@id\":\"https:\/\/www.matts-guitar-shop.com\/it\/produit\/martin-d-28e-1963-ex-noel-gallagher\/#primaryimage\",\"url\":\"https:\/\/www.matts-guitar-shop.com\/wp-content\/uploads\/2024\/08\/martin-d-28e-1963-noel-gallagher-guitare-00.jpg\",\"contentUrl\":\"https:\/\/www.matts-guitar-shop.com\/wp-content\/uploads\/2024\/08\/martin-d-28e-1963-noel-gallagher-guitare-00.jpg\",\"width\":700,\"height\":1011},{\"@type\":\"BreadcrumbList\",\"@id\":\"https:\/\/www.matts-guitar-shop.com\/it\/produit\/martin-d-28e-1963-ex-noel-gallagher\/#breadcrumb\",\"itemListElement\":[{\"@type\":\"ListItem\",\"position\":1,\"name\":\"Home\",\"item\":\"https:\/\/www.matts-guitar-shop.com\/it\/\"},{\"@type\":\"ListItem\",\"position\":2,\"name\":\"I nostri prodotti\",\"item\":\"https:\/\/www.matts-guitar-shop.com\/nos-produits\/\"},{\"@type\":\"ListItem\",\"position\":3,\"name\":\"Martin D-28E 1963 ex Noel Gallagher\"}]},{\"@type\":\"WebSite\",\"@id\":\"https:\/\/www.matts-guitar-shop.com\/it\/#website\",\"url\":\"https:\/\/www.matts-guitar-shop.com\/it\/\",\"name\":\"matts-guitar-shop.com\",\"description\":\"Guitar Shop\",\"publisher\":{\"@id\":\"https:\/\/www.matts-guitar-shop.com\/it\/#organization\"},\"potentialAction\":[{\"@type\":\"SearchAction\",\"target\":{\"@type\":\"EntryPoint\",\"urlTemplate\":\"https:\/\/www.matts-guitar-shop.com\/it\/?s={search_term_string}\"},\"query-input\":{\"@type\":\"PropertyValueSpecification\",\"valueRequired\":true,\"valueName\":\"search_term_string\"}}],\"inLanguage\":\"it-IT\"},{\"@type\":\"Organization\",\"@id\":\"https:\/\/www.matts-guitar-shop.com\/it\/#organization\",\"name\":\"matts-guitar-shop.com\",\"url\":\"https:\/\/www.matts-guitar-shop.com\/it\/\",\"logo\":{\"@type\":\"ImageObject\",\"inLanguage\":\"it-IT\",\"@id\":\"https:\/\/www.matts-guitar-shop.com\/it\/#\/schema\/logo\/image\/\",\"url\":\"https:\/\/www.matts-guitar-shop.com\/wp-content\/uploads\/2024\/09\/MGS-logo-site-02.png\",\"contentUrl\":\"https:\/\/www.matts-guitar-shop.com\/wp-content\/uploads\/2024\/09\/MGS-logo-site-02.png\",\"width\":200,\"height\":122,\"caption\":\"matts-guitar-shop.com\"},\"image\":{\"@id\":\"https:\/\/www.matts-guitar-shop.com\/it\/#\/schema\/logo\/image\/\"},\"sameAs\":[\"https:\/\/www.facebook.com\/profile.php?id=100044359842817\",\"https:\/\/www.instagram.com\/mattsguitarshop\/\",\"https:\/\/www.youtube.com\/@MattLucasMan\/videos\"]}]}<\/script>\n<!-- \/ Yoast SEO plugin. -->","yoast_head_json":{"title":"Martin D-28E 1963 ex Noel Gallagher - Matt&#039;s Guitar Shop","description":"La leggenda britannica ha utilizzato questa Martin come strumento di ispirazione prima di lasciarla libera nel mondo.","robots":{"index":"index","follow":"follow","max-snippet":"max-snippet:-1","max-image-preview":"max-image-preview:large","max-video-preview":"max-video-preview:-1"},"canonical":"https:\/\/www.matts-guitar-shop.com\/it\/produit\/martin-d-28e-1963-ex-noel-gallagher\/","og_locale":"it_IT","og_type":"article","og_title":"Martin D-28E 1963 ex Noel Gallagher - Matt&#039;s Guitar Shop","og_description":"La leggenda britannica ha utilizzato questa Martin come strumento di ispirazione prima di lasciarla libera nel mondo.","og_url":"https:\/\/www.matts-guitar-shop.com\/it\/produit\/martin-d-28e-1963-ex-noel-gallagher\/","og_site_name":"Matt&#039;s Guitar Shop","article_publisher":"https:\/\/www.facebook.com\/profile.php?id=100044359842817","og_image":[{"width":700,"height":1011,"url":"https:\/\/www.matts-guitar-shop.com\/wp-content\/uploads\/2024\/08\/martin-d-28e-1963-noel-gallagher-guitare-00.jpg","type":"image\/jpeg"}],"twitter_card":"summary_large_image","twitter_misc":{"Tempo di lettura stimato":"2 minuti"},"schema":{"@context":"https:\/\/schema.org","@graph":[{"@type":"WebPage","@id":"https:\/\/www.matts-guitar-shop.com\/it\/produit\/martin-d-28e-1963-ex-noel-gallagher\/","url":"https:\/\/www.matts-guitar-shop.com\/it\/produit\/martin-d-28e-1963-ex-noel-gallagher\/","name":"Martin D-28E 1963 ex Noel Gallagher - Matt&#039;s Guitar Shop","isPartOf":{"@id":"https:\/\/www.matts-guitar-shop.com\/it\/#website"},"primaryImageOfPage":{"@id":"https:\/\/www.matts-guitar-shop.com\/it\/produit\/martin-d-28e-1963-ex-noel-gallagher\/#primaryimage"},"image":{"@id":"https:\/\/www.matts-guitar-shop.com\/it\/produit\/martin-d-28e-1963-ex-noel-gallagher\/#primaryimage"},"thumbnailUrl":"https:\/\/www.matts-guitar-shop.com\/wp-content\/uploads\/2024\/08\/martin-d-28e-1963-noel-gallagher-guitare-00.jpg","datePublished":"2024-08-30T19:00:36+00:00","description":"La leggenda britannica ha utilizzato questa Martin come strumento di ispirazione prima di lasciarla libera nel mondo.","breadcrumb":{"@id":"https:\/\/www.matts-guitar-shop.com\/it\/produit\/martin-d-28e-1963-ex-noel-gallagher\/#breadcrumb"},"inLanguage":"it-IT","potentialAction":[{"@type":"ReadAction","target":["https:\/\/www.matts-guitar-shop.com\/it\/produit\/martin-d-28e-1963-ex-noel-gallagher\/"]}]},{"@type":"ImageObject","inLanguage":"it-IT","@id":"https:\/\/www.matts-guitar-shop.com\/it\/produit\/martin-d-28e-1963-ex-noel-gallagher\/#primaryimage","url":"https:\/\/www.matts-guitar-shop.com\/wp-content\/uploads\/2024\/08\/martin-d-28e-1963-noel-gallagher-guitare-00.jpg","contentUrl":"https:\/\/www.matts-guitar-shop.com\/wp-content\/uploads\/2024\/08\/martin-d-28e-1963-noel-gallagher-guitare-00.jpg","width":700,"height":1011},{"@type":"BreadcrumbList","@id":"https:\/\/www.matts-guitar-shop.com\/it\/produit\/martin-d-28e-1963-ex-noel-gallagher\/#breadcrumb","itemListElement":[{"@type":"ListItem","position":1,"name":"Home","item":"https:\/\/www.matts-guitar-shop.com\/it\/"},{"@type":"ListItem","position":2,"name":"I nostri prodotti","item":"https:\/\/www.matts-guitar-shop.com\/nos-produits\/"},{"@type":"ListItem","position":3,"name":"Martin D-28E 1963 ex Noel Gallagher"}]},{"@type":"WebSite","@id":"https:\/\/www.matts-guitar-shop.com\/it\/#website","url":"https:\/\/www.matts-guitar-shop.com\/it\/","name":"matts-guitar-shop.com","description":"Guitar Shop","publisher":{"@id":"https:\/\/www.matts-guitar-shop.com\/it\/#organization"},"potentialAction":[{"@type":"SearchAction","target":{"@type":"EntryPoint","urlTemplate":"https:\/\/www.matts-guitar-shop.com\/it\/?s={search_term_string}"},"query-input":{"@type":"PropertyValueSpecification","valueRequired":true,"valueName":"search_term_string"}}],"inLanguage":"it-IT"},{"@type":"Organization","@id":"https:\/\/www.matts-guitar-shop.com\/it\/#organization","name":"matts-guitar-shop.com","url":"https:\/\/www.matts-guitar-shop.com\/it\/","logo":{"@type":"ImageObject","inLanguage":"it-IT","@id":"https:\/\/www.matts-guitar-shop.com\/it\/#\/schema\/logo\/image\/","url":"https:\/\/www.matts-guitar-shop.com\/wp-content\/uploads\/2024\/09\/MGS-logo-site-02.png","contentUrl":"https:\/\/www.matts-guitar-shop.com\/wp-content\/uploads\/2024\/09\/MGS-logo-site-02.png","width":200,"height":122,"caption":"matts-guitar-shop.com"},"image":{"@id":"https:\/\/www.matts-guitar-shop.com\/it\/#\/schema\/logo\/image\/"},"sameAs":["https:\/\/www.facebook.com\/profile.php?id=100044359842817","https:\/\/www.instagram.com\/mattsguitarshop\/","https:\/\/www.youtube.com\/@MattLucasMan\/videos"]}]}},"_links":{"self":[{"href":"https:\/\/www.matts-guitar-shop.com\/it\/wp-json\/wp\/v2\/product\/21632","targetHints":{"allow":["GET"]}}],"collection":[{"href":"https:\/\/www.matts-guitar-shop.com\/it\/wp-json\/wp\/v2\/product"}],"about":[{"href":"https:\/\/www.matts-guitar-shop.com\/it\/wp-json\/wp\/v2\/types\/product"}],"replies":[{"embeddable":true,"href":"https:\/\/www.matts-guitar-shop.com\/it\/wp-json\/wp\/v2\/comments?post=21632"}],"wp:featuredmedia":[{"embeddable":true,"href":"https:\/\/www.matts-guitar-shop.com\/it\/wp-json\/wp\/v2\/media\/21647"}],"wp:attachment":[{"href":"https:\/\/www.matts-guitar-shop.com\/it\/wp-json\/wp\/v2\/media?parent=21632"}],"wp:term":[{"taxonomy":"product_brand","embeddable":true,"href":"https:\/\/www.matts-guitar-shop.com\/it\/wp-json\/wp\/v2\/product_brand?post=21632"},{"taxonomy":"product_cat","embeddable":true,"href":"https:\/\/www.matts-guitar-shop.com\/it\/wp-json\/wp\/v2\/product_cat?post=21632"},{"taxonomy":"product_tag","embeddable":true,"href":"https:\/\/www.matts-guitar-shop.com\/it\/wp-json\/wp\/v2\/product_tag?post=21632"}],"curies":[{"name":"wp","href":"https:\/\/api.w.org\/{rel}","templated":true}]}}