{"id":21385,"date":"2024-12-17T01:15:27","date_gmt":"2024-12-17T00:15:27","guid":{"rendered":"https:\/\/www.matts-guitar-shop.com\/produit\/gibson-les-paul-special-tribute-di-joe-perry-aerosmith\/"},"modified":"2026-01-12T19:35:02","modified_gmt":"2026-01-12T18:35:02","slug":"gibson-les-paul-special-tribute-di-joe-perry-aerosmith","status":"publish","type":"product","link":"https:\/\/www.matts-guitar-shop.com\/it\/produit\/gibson-les-paul-special-tribute-di-joe-perry-aerosmith\/","title":{"rendered":"Gibson Les Paul Special Tribute di Joe Perry \u2013 Aerosmith"},"content":{"rendered":"<h2>Biografia di Joe Perry: Il &#8220;Toxic Twin&#8221; degli Aerosmith<\/h2>\n<h3>L\u2019Axeman e il Suono dell\u2019Hard Rock Americano<\/h3>\n<p><b>Joe Perry<\/b> \u00e8 una figura essenziale dell&#8217;<b>Hard Rock Americano<\/b>, co-fondatore e chitarrista principale del leggendario gruppo <b>Aerosmith<\/b>. Classificato tra i pi\u00f9 grandi <b>chitarristi<\/b> di tutti i tempi da <i>Rolling Stone<\/i>, \u00e8 venerato per il suo approccio istintivo e il suo gioco potente. Il suo stile \u00e8 un mix unico di <b>riff heavy-rock<\/b> incisivi, feeling bluesy e ritmiche funky. Soprannominato &#8220;<b>The Axeman<\/b>&#8220;, il suo gioco non solo ha definito l\u2019identit\u00e0 sonora degli <b>Aerosmith<\/b>, ma ha anche ispirato intere generazioni di <b>musicisti<\/b>.<\/p>\n<h3>La Gibson Les Paul: Il Suo Strumento Preferito<\/h3>\n<p>La storia di <b>Joe Perry<\/b> \u00e8 strettamente legata alla <b>Gibson Les Paul<\/b>. Queste <b>chitarre<\/b>, in particolare i <b>modelli vintage Burst<\/b> della fine degli anni &#8217;50 e inizio anni &#8217;60, sono stati i suoi <b>strumenti<\/b> preferiti per tutta la carriera, sia per registrazioni importanti sia per tourn\u00e9e mondiali. La sua passione per le <b>Les Paul<\/b>, che colleziona avidamente, riflette la sua incessante ricerca del <b>suono rock perfetto<\/b>: caldo, pieno e di leggendaria potenza.<\/p>\n<h3>Aerosmith e gli Anni d\u2019Oro (1970-1979)<\/h3>\n<p>Formata nel 1970 con Steven Tyler, Tom Hamilton, Joey Kramer e Brad Whitford, <b>Aerosmith<\/b> conquist\u00f2 rapidamente il mondo con album cult come <b><i>Toys in the Attic<\/i><\/b> (1975) e <b><i>Rocks<\/i><\/b> (1976). Il duo Perry\/Tyler, soprannominato &#8220;<b>Toxic Twins<\/b>&#8220;, divenne l\u2019incarnazione stessa dell\u2019eccesso e del successo del rock\u2019n\u2019roll. Nonostante una separazione significativa nel 1979, quando <b>Perry<\/b> form\u00f2 il Joe Perry Project, la sua influenza sul suono degli Aerosmith negli anni \u201970 rimane fondamentale.<\/p>\n<h3>La Rinascita e l\u2019Eredit\u00e0 Duratura<\/h3>\n<p>La riunione della formazione originale nel 1984 segn\u00f2 l\u2019inizio di una seconda et\u00e0 dell\u2019oro per la band, consolidata dal grande successo della collaborazione con Run-DMC sul remix di &#8220;<b>Walk This Way<\/b>&#8220;. La carriera di <b>Joe Perry<\/b> \u00e8 un modello di perseveranza e successo duraturo. Come dichiarava lui stesso, sottolineando l\u2019alchimia unica del gruppo: &#8220;Penso che una delle cose pi\u00f9 preziose che possiede <b>Aerosmith<\/b> sia l\u2019energia che produciamo quando suoniamo tutti insieme.&#8221;<\/p>\n<p>Dalla sua famosa <b>Gibson Les Paul &#8217;59<\/b> (ritrovata dopo anni) ai suoi <b>modelli signature<\/b>, ogni <b>strumento<\/b> associato a <b>Joe Perry<\/b> \u00e8 un pezzo di storia. Incorpora l\u2019anima cruda e indomabile del <b>rock americano<\/b>, rendendo le sue <b>chitarre<\/b> oggetti iconici che siamo orgogliosi di onorare da <b>Matt&#8217;s Guitar Shop<\/b>.<\/p>\n","protected":false},"excerpt":{"rendered":"<p>Mentre gli <b>Aerosmith<\/b> hanno appena concluso la loro carriera dopo pi\u00f9 di cinquant\u2019anni di un percorso ricco e impressionante, i membri del gruppo hanno consolidato ulteriormente lo status di leggende del rock e i loro strumenti sono diventati reliquie ambite. Tra questi, questa chitarra \u00e8 uno strumento davvero particolare.<\/p>\n<p>In qualit\u00e0 di chitarrista esperto, <b>Joe Perry<\/b> ha collezionato nel corso degli anni una raccolta densa e completa di chitarre. Avendo pi\u00f9 volte scelto modelli Gibson, le Les Paul fanno parte integrante dei concerti di Perry da decenni, sia con gli Aerosmith sia in carriera solista. Questa Gibson Les Paul Junior Special Double Cut del 2019 \u00e8 un esemplare molto speciale: \u00e8 stata utilizzata da Joe Perry sul palco <b>durante il concerto per il 50\u00b0 anniversario degli Aerosmith<\/b> a Boston nel settembre 2022, prima di essere firmata sul corpo. Si tratta di un\u2019edizione speciale che mostra il logo alato di Joe Perry sulla paletta dello strumento.<\/p>\n<p>La storia degli Aerosmith \u00e8 segnata dal forte legame del gruppo con la loro citt\u00e0 natale, Boston. Dopo 50 anni di successi e hit, era fondamentale per il gruppo tornare a celebrare la loro longevit\u00e0 e la carriera eccezionale a Fenway Park, 50 anni dopo i loro inizi. Nel brano simbolo <i>\u00abLove in an Elevator\u00bb<\/i>, Joe Perry ha impugnato questa Les Paul JR Special DC in cherry red per accompagnare il gruppo. \u00c8 stata questa chitarra eccezionale a far vibrare lo stadio di Boston durante questa storica data per i 50 anni degli Aerosmith!<\/p>\n<p>Entra nell\u2019universo leggendario di <strong><a href=\"https:\/\/www.matts-guitar-shop.com\/it\/\">Matt\u2019s Guitar Shop<\/a><\/strong>, il <strong>negozio di chitarre a Parigi<\/strong>, e scopri pezzi unici come la <strong><a href=\"https:\/\/www.matts-guitar-shop.com\/it\/produit\/gibson-les-paul-standard-1974-di-randy-rhoads\/\" target=\"_new\" rel=\"noopener\">chitarra di Randy Rhoads<\/a><\/strong>, la mitica <strong><a href=\"https:\/\/www.matts-guitar-shop.com\/it\/produit\/rory-gallaghers-gibson-melody-maker-1960\/\" target=\"_new\" rel=\"noopener\">chitarra di Rory Gallagher<\/a><\/strong>, la <strong><a href=\"https:\/\/www.matts-guitar-shop.com\/it\/produit\/music-man-stingray-del-1976-di-cliff-williams\/\" target=\"_new\" rel=\"noopener\">basso di Cliff Williams<\/a><\/strong>, la <strong><a href=\"https:\/\/www.matts-guitar-shop.com\/it\/produit\/lorenzi-john-frusciante-tribute\/\" target=\"_new\" rel=\"noopener\">chitarra di John Frusciante<\/a><\/strong>, la <strong><a href=\"https:\/\/www.matts-guitar-shop.com\/it\/produit\/gibson-flying-v-numero-1-di-paul-stanley-kiss\/\" target=\"_new\" rel=\"noopener\">chitarra dei KISS<\/a><\/strong>, il <strong><a href=\"https:\/\/www.matts-guitar-shop.com\/it\/produit\/basso-di-gene-simmons-dipinto-a-mano-dallo-stesso-gene\/\" target=\"_new\" rel=\"noopener\">basso di Gene Simmons<\/a><\/strong> e l\u2019iconica <strong><a href=\"https:\/\/www.matts-guitar-shop.com\/it\/produit\/fender-custom-shop-telecaster-keith-richards-prototype\/\" target=\"_new\" rel=\"noopener\">Telecaster di Keith Richards<\/a><\/strong>.<\/p>\n","protected":false},"featured_media":21386,"comment_status":"open","ping_status":"closed","template":"","meta":{"_et_pb_use_builder":"on","_et_pb_old_content":"","_et_gb_content_width":""},"product_brand":[],"product_cat":[850,846],"product_tag":[],"class_list":{"0":"post-21385","1":"product","2":"type-product","3":"status-publish","4":"has-post-thumbnail","6":"product_cat-chitarre-iconiche","7":"product_cat-venduti","8":"pa_artiste-aerosmith-it","9":"pa_artiste-joe-perry-it","10":"pa_disponibilite-vendutoa","11":"pa_marque-gibson-it","13":"first","14":"outofstock","15":"shipping-taxable","16":"product-type-simple"},"yoast_head":"<!-- This site is optimized with the Yoast SEO plugin v26.8 - https:\/\/yoast.com\/product\/yoast-seo-wordpress\/ -->\n<title>Chitarra Aerosmith \u2013 Gibson Les Paul Special Tribute di Joe Perry - Matt&#039;s Guitar Shop<\/title>\n<meta name=\"description\" content=\"In qualit\u00e0 di chitarrista esperto, Joe Perry ha collezionato nel corso degli anni una raccolta densa e completa di chitarre.\" \/>\n<meta name=\"robots\" content=\"index, follow, max-snippet:-1, max-image-preview:large, max-video-preview:-1\" \/>\n<link rel=\"canonical\" href=\"https:\/\/www.matts-guitar-shop.com\/it\/produit\/gibson-les-paul-special-tribute-di-joe-perry-aerosmith\/\" \/>\n<meta property=\"og:locale\" content=\"it_IT\" \/>\n<meta property=\"og:type\" content=\"article\" \/>\n<meta property=\"og:title\" content=\"Chitarra Aerosmith \u2013 Gibson Les Paul Special Tribute di Joe Perry - Matt&#039;s Guitar Shop\" \/>\n<meta property=\"og:description\" content=\"In qualit\u00e0 di chitarrista esperto, Joe Perry ha collezionato nel corso degli anni una raccolta densa e completa di chitarre.\" \/>\n<meta property=\"og:url\" content=\"https:\/\/www.matts-guitar-shop.com\/it\/produit\/gibson-les-paul-special-tribute-di-joe-perry-aerosmith\/\" \/>\n<meta property=\"og:site_name\" content=\"Matt&#039;s Guitar Shop\" \/>\n<meta property=\"article:publisher\" content=\"https:\/\/www.facebook.com\/profile.php?id=100044359842817\" \/>\n<meta property=\"article:modified_time\" content=\"2026-01-12T18:35:02+00:00\" \/>\n<meta property=\"og:image\" content=\"https:\/\/www.matts-guitar-shop.com\/wp-content\/uploads\/2024\/12\/joe-perry-gibson-les-paul-special-tribute-aerosmith-02.jpg\" \/>\n\t<meta property=\"og:image:width\" content=\"800\" \/>\n\t<meta property=\"og:image:height\" content=\"1000\" \/>\n\t<meta property=\"og:image:type\" content=\"image\/jpeg\" \/>\n<meta name=\"twitter:card\" content=\"summary_large_image\" \/>\n<meta name=\"twitter:label1\" content=\"Tempo di lettura stimato\" \/>\n\t<meta name=\"twitter:data1\" content=\"2 minuti\" \/>\n<script type=\"application\/ld+json\" class=\"yoast-schema-graph\">{\"@context\":\"https:\/\/schema.org\",\"@graph\":[{\"@type\":\"WebPage\",\"@id\":\"https:\/\/www.matts-guitar-shop.com\/it\/produit\/gibson-les-paul-special-tribute-di-joe-perry-aerosmith\/\",\"url\":\"https:\/\/www.matts-guitar-shop.com\/it\/produit\/gibson-les-paul-special-tribute-di-joe-perry-aerosmith\/\",\"name\":\"Chitarra Aerosmith \u2013 Gibson Les Paul Special Tribute di Joe Perry - Matt&#039;s Guitar Shop\",\"isPartOf\":{\"@id\":\"https:\/\/www.matts-guitar-shop.com\/it\/#website\"},\"primaryImageOfPage\":{\"@id\":\"https:\/\/www.matts-guitar-shop.com\/it\/produit\/gibson-les-paul-special-tribute-di-joe-perry-aerosmith\/#primaryimage\"},\"image\":{\"@id\":\"https:\/\/www.matts-guitar-shop.com\/it\/produit\/gibson-les-paul-special-tribute-di-joe-perry-aerosmith\/#primaryimage\"},\"thumbnailUrl\":\"https:\/\/www.matts-guitar-shop.com\/wp-content\/uploads\/2024\/12\/joe-perry-gibson-les-paul-special-tribute-aerosmith-02.jpg\",\"datePublished\":\"2024-12-17T00:15:27+00:00\",\"dateModified\":\"2026-01-12T18:35:02+00:00\",\"description\":\"In qualit\u00e0 di chitarrista esperto, Joe Perry ha collezionato nel corso degli anni una raccolta densa e completa di chitarre.\",\"breadcrumb\":{\"@id\":\"https:\/\/www.matts-guitar-shop.com\/it\/produit\/gibson-les-paul-special-tribute-di-joe-perry-aerosmith\/#breadcrumb\"},\"inLanguage\":\"it-IT\",\"potentialAction\":[{\"@type\":\"ReadAction\",\"target\":[\"https:\/\/www.matts-guitar-shop.com\/it\/produit\/gibson-les-paul-special-tribute-di-joe-perry-aerosmith\/\"]}]},{\"@type\":\"ImageObject\",\"inLanguage\":\"it-IT\",\"@id\":\"https:\/\/www.matts-guitar-shop.com\/it\/produit\/gibson-les-paul-special-tribute-di-joe-perry-aerosmith\/#primaryimage\",\"url\":\"https:\/\/www.matts-guitar-shop.com\/wp-content\/uploads\/2024\/12\/joe-perry-gibson-les-paul-special-tribute-aerosmith-02.jpg\",\"contentUrl\":\"https:\/\/www.matts-guitar-shop.com\/wp-content\/uploads\/2024\/12\/joe-perry-gibson-les-paul-special-tribute-aerosmith-02.jpg\",\"width\":800,\"height\":1000,\"caption\":\"Joe Perry Gibson Les Paul Special Tribute Aerosmith\"},{\"@type\":\"BreadcrumbList\",\"@id\":\"https:\/\/www.matts-guitar-shop.com\/it\/produit\/gibson-les-paul-special-tribute-di-joe-perry-aerosmith\/#breadcrumb\",\"itemListElement\":[{\"@type\":\"ListItem\",\"position\":1,\"name\":\"Home\",\"item\":\"https:\/\/www.matts-guitar-shop.com\/it\/\"},{\"@type\":\"ListItem\",\"position\":2,\"name\":\"I nostri prodotti\",\"item\":\"https:\/\/www.matts-guitar-shop.com\/nos-produits\/\"},{\"@type\":\"ListItem\",\"position\":3,\"name\":\"Gibson Les Paul Special Tribute di Joe Perry \u2013 Aerosmith\"}]},{\"@type\":\"WebSite\",\"@id\":\"https:\/\/www.matts-guitar-shop.com\/it\/#website\",\"url\":\"https:\/\/www.matts-guitar-shop.com\/it\/\",\"name\":\"matts-guitar-shop.com\",\"description\":\"Guitar Shop\",\"publisher\":{\"@id\":\"https:\/\/www.matts-guitar-shop.com\/it\/#organization\"},\"potentialAction\":[{\"@type\":\"SearchAction\",\"target\":{\"@type\":\"EntryPoint\",\"urlTemplate\":\"https:\/\/www.matts-guitar-shop.com\/it\/?s={search_term_string}\"},\"query-input\":{\"@type\":\"PropertyValueSpecification\",\"valueRequired\":true,\"valueName\":\"search_term_string\"}}],\"inLanguage\":\"it-IT\"},{\"@type\":\"Organization\",\"@id\":\"https:\/\/www.matts-guitar-shop.com\/it\/#organization\",\"name\":\"matts-guitar-shop.com\",\"url\":\"https:\/\/www.matts-guitar-shop.com\/it\/\",\"logo\":{\"@type\":\"ImageObject\",\"inLanguage\":\"it-IT\",\"@id\":\"https:\/\/www.matts-guitar-shop.com\/it\/#\/schema\/logo\/image\/\",\"url\":\"https:\/\/www.matts-guitar-shop.com\/wp-content\/uploads\/2024\/09\/MGS-logo-site-02.png\",\"contentUrl\":\"https:\/\/www.matts-guitar-shop.com\/wp-content\/uploads\/2024\/09\/MGS-logo-site-02.png\",\"width\":200,\"height\":122,\"caption\":\"matts-guitar-shop.com\"},\"image\":{\"@id\":\"https:\/\/www.matts-guitar-shop.com\/it\/#\/schema\/logo\/image\/\"},\"sameAs\":[\"https:\/\/www.facebook.com\/profile.php?id=100044359842817\",\"https:\/\/www.instagram.com\/mattsguitarshop\/\",\"https:\/\/www.youtube.com\/@MattLucasMan\/videos\"]}]}<\/script>\n<!-- \/ Yoast SEO plugin. -->","yoast_head_json":{"title":"Chitarra Aerosmith \u2013 Gibson Les Paul Special Tribute di Joe Perry - Matt&#039;s Guitar Shop","description":"In qualit\u00e0 di chitarrista esperto, Joe Perry ha collezionato nel corso degli anni una raccolta densa e completa di chitarre.","robots":{"index":"index","follow":"follow","max-snippet":"max-snippet:-1","max-image-preview":"max-image-preview:large","max-video-preview":"max-video-preview:-1"},"canonical":"https:\/\/www.matts-guitar-shop.com\/it\/produit\/gibson-les-paul-special-tribute-di-joe-perry-aerosmith\/","og_locale":"it_IT","og_type":"article","og_title":"Chitarra Aerosmith \u2013 Gibson Les Paul Special Tribute di Joe Perry - Matt&#039;s Guitar Shop","og_description":"In qualit\u00e0 di chitarrista esperto, Joe Perry ha collezionato nel corso degli anni una raccolta densa e completa di chitarre.","og_url":"https:\/\/www.matts-guitar-shop.com\/it\/produit\/gibson-les-paul-special-tribute-di-joe-perry-aerosmith\/","og_site_name":"Matt&#039;s Guitar Shop","article_publisher":"https:\/\/www.facebook.com\/profile.php?id=100044359842817","article_modified_time":"2026-01-12T18:35:02+00:00","og_image":[{"width":800,"height":1000,"url":"https:\/\/www.matts-guitar-shop.com\/wp-content\/uploads\/2024\/12\/joe-perry-gibson-les-paul-special-tribute-aerosmith-02.jpg","type":"image\/jpeg"}],"twitter_card":"summary_large_image","twitter_misc":{"Tempo di lettura stimato":"2 minuti"},"schema":{"@context":"https:\/\/schema.org","@graph":[{"@type":"WebPage","@id":"https:\/\/www.matts-guitar-shop.com\/it\/produit\/gibson-les-paul-special-tribute-di-joe-perry-aerosmith\/","url":"https:\/\/www.matts-guitar-shop.com\/it\/produit\/gibson-les-paul-special-tribute-di-joe-perry-aerosmith\/","name":"Chitarra Aerosmith \u2013 Gibson Les Paul Special Tribute di Joe Perry - Matt&#039;s Guitar Shop","isPartOf":{"@id":"https:\/\/www.matts-guitar-shop.com\/it\/#website"},"primaryImageOfPage":{"@id":"https:\/\/www.matts-guitar-shop.com\/it\/produit\/gibson-les-paul-special-tribute-di-joe-perry-aerosmith\/#primaryimage"},"image":{"@id":"https:\/\/www.matts-guitar-shop.com\/it\/produit\/gibson-les-paul-special-tribute-di-joe-perry-aerosmith\/#primaryimage"},"thumbnailUrl":"https:\/\/www.matts-guitar-shop.com\/wp-content\/uploads\/2024\/12\/joe-perry-gibson-les-paul-special-tribute-aerosmith-02.jpg","datePublished":"2024-12-17T00:15:27+00:00","dateModified":"2026-01-12T18:35:02+00:00","description":"In qualit\u00e0 di chitarrista esperto, Joe Perry ha collezionato nel corso degli anni una raccolta densa e completa di chitarre.","breadcrumb":{"@id":"https:\/\/www.matts-guitar-shop.com\/it\/produit\/gibson-les-paul-special-tribute-di-joe-perry-aerosmith\/#breadcrumb"},"inLanguage":"it-IT","potentialAction":[{"@type":"ReadAction","target":["https:\/\/www.matts-guitar-shop.com\/it\/produit\/gibson-les-paul-special-tribute-di-joe-perry-aerosmith\/"]}]},{"@type":"ImageObject","inLanguage":"it-IT","@id":"https:\/\/www.matts-guitar-shop.com\/it\/produit\/gibson-les-paul-special-tribute-di-joe-perry-aerosmith\/#primaryimage","url":"https:\/\/www.matts-guitar-shop.com\/wp-content\/uploads\/2024\/12\/joe-perry-gibson-les-paul-special-tribute-aerosmith-02.jpg","contentUrl":"https:\/\/www.matts-guitar-shop.com\/wp-content\/uploads\/2024\/12\/joe-perry-gibson-les-paul-special-tribute-aerosmith-02.jpg","width":800,"height":1000,"caption":"Joe Perry Gibson Les Paul Special Tribute Aerosmith"},{"@type":"BreadcrumbList","@id":"https:\/\/www.matts-guitar-shop.com\/it\/produit\/gibson-les-paul-special-tribute-di-joe-perry-aerosmith\/#breadcrumb","itemListElement":[{"@type":"ListItem","position":1,"name":"Home","item":"https:\/\/www.matts-guitar-shop.com\/it\/"},{"@type":"ListItem","position":2,"name":"I nostri prodotti","item":"https:\/\/www.matts-guitar-shop.com\/nos-produits\/"},{"@type":"ListItem","position":3,"name":"Gibson Les Paul Special Tribute di Joe Perry \u2013 Aerosmith"}]},{"@type":"WebSite","@id":"https:\/\/www.matts-guitar-shop.com\/it\/#website","url":"https:\/\/www.matts-guitar-shop.com\/it\/","name":"matts-guitar-shop.com","description":"Guitar Shop","publisher":{"@id":"https:\/\/www.matts-guitar-shop.com\/it\/#organization"},"potentialAction":[{"@type":"SearchAction","target":{"@type":"EntryPoint","urlTemplate":"https:\/\/www.matts-guitar-shop.com\/it\/?s={search_term_string}"},"query-input":{"@type":"PropertyValueSpecification","valueRequired":true,"valueName":"search_term_string"}}],"inLanguage":"it-IT"},{"@type":"Organization","@id":"https:\/\/www.matts-guitar-shop.com\/it\/#organization","name":"matts-guitar-shop.com","url":"https:\/\/www.matts-guitar-shop.com\/it\/","logo":{"@type":"ImageObject","inLanguage":"it-IT","@id":"https:\/\/www.matts-guitar-shop.com\/it\/#\/schema\/logo\/image\/","url":"https:\/\/www.matts-guitar-shop.com\/wp-content\/uploads\/2024\/09\/MGS-logo-site-02.png","contentUrl":"https:\/\/www.matts-guitar-shop.com\/wp-content\/uploads\/2024\/09\/MGS-logo-site-02.png","width":200,"height":122,"caption":"matts-guitar-shop.com"},"image":{"@id":"https:\/\/www.matts-guitar-shop.com\/it\/#\/schema\/logo\/image\/"},"sameAs":["https:\/\/www.facebook.com\/profile.php?id=100044359842817","https:\/\/www.instagram.com\/mattsguitarshop\/","https:\/\/www.youtube.com\/@MattLucasMan\/videos"]}]}},"_links":{"self":[{"href":"https:\/\/www.matts-guitar-shop.com\/it\/wp-json\/wp\/v2\/product\/21385","targetHints":{"allow":["GET"]}}],"collection":[{"href":"https:\/\/www.matts-guitar-shop.com\/it\/wp-json\/wp\/v2\/product"}],"about":[{"href":"https:\/\/www.matts-guitar-shop.com\/it\/wp-json\/wp\/v2\/types\/product"}],"replies":[{"embeddable":true,"href":"https:\/\/www.matts-guitar-shop.com\/it\/wp-json\/wp\/v2\/comments?post=21385"}],"wp:featuredmedia":[{"embeddable":true,"href":"https:\/\/www.matts-guitar-shop.com\/it\/wp-json\/wp\/v2\/media\/21386"}],"wp:attachment":[{"href":"https:\/\/www.matts-guitar-shop.com\/it\/wp-json\/wp\/v2\/media?parent=21385"}],"wp:term":[{"taxonomy":"product_brand","embeddable":true,"href":"https:\/\/www.matts-guitar-shop.com\/it\/wp-json\/wp\/v2\/product_brand?post=21385"},{"taxonomy":"product_cat","embeddable":true,"href":"https:\/\/www.matts-guitar-shop.com\/it\/wp-json\/wp\/v2\/product_cat?post=21385"},{"taxonomy":"product_tag","embeddable":true,"href":"https:\/\/www.matts-guitar-shop.com\/it\/wp-json\/wp\/v2\/product_tag?post=21385"}],"curies":[{"name":"wp","href":"https:\/\/api.w.org\/{rel}","templated":true}]}}