{"id":21375,"date":"2024-12-17T01:07:15","date_gmt":"2024-12-17T00:07:15","guid":{"rendered":"https:\/\/www.matts-guitar-shop.com\/produit\/basso-di-gene-simmons-dipinto-a-mano-dallo-stesso-gene\/"},"modified":"2026-02-27T17:59:08","modified_gmt":"2026-02-27T16:59:08","slug":"basso-di-gene-simmons-dipinto-a-mano-dallo-stesso-gene","status":"publish","type":"product","link":"https:\/\/www.matts-guitar-shop.com\/it\/produit\/basso-di-gene-simmons-dipinto-a-mano-dallo-stesso-gene\/","title":{"rendered":"Basso di Gene Simmons dipinto a mano dallo stesso Gene"},"content":{"rendered":"<h2>Biografia di Gene Simmons: da Chaim Witz a icona del rock<\/h2>\n<h3>Inizi umili e la conquista di New York<\/h3>\n<p>La storia inizia il 25 agosto 1949 a Haifa, quando nasce un bambino di nome <strong>Chaim Witz<\/strong>. Trascorre l\u2019infanzia sognando l\u2019America e il <strong>rock\u2019n\u2019roll<\/strong>. All\u2019et\u00e0 di otto anni, la famiglia si trasferisce a <strong>New York<\/strong>, dove Chaim adotta rapidamente il nome <strong>Eugene Klein<\/strong> per integrarsi meglio nella sua nuova vita.<br \/>\nIn questa giungla urbana muove i primi passi da <strong>musicista<\/strong>, attirando l\u2019attenzione con le sue performance entusiaste e il naturale carisma sul palco. Eugene capisce presto che la strada verso il successo dipende non solo dalla <strong>musica<\/strong>, ma anche da una personalit\u00e0 teatrale.<\/p>\n<h3>Gene Simmons: bassista, cantante e anima dei KISS<\/h3>\n<p>All\u2019inizio degli anni \u201970, <strong>Simmons<\/strong> incontra <strong>Paul Stanley<\/strong>. Insieme danno vita a un concetto radicale per l\u2019epoca: una band che fonde spettacolo, album potenti e un\u2019identit\u00e0 visiva memorabile. <strong>KISS<\/strong> rivoluziona rapidamente il mondo del rock con una formula esplosiva di pirotecnica, costumi eccentrici e brani diventati immediatamente classici.<br \/>\nCome <strong>bassista<\/strong> e <strong>cantante principale<\/strong> del gruppo, Gene Simmons lascia rapidamente il segno su ogni brano. Nel corso dei decenni, il <strong>musicista<\/strong> contribuisce anche a definire l\u2019identit\u00e0 del gruppo, sperimentando tecniche di esecuzione e rinnovando continuamente il suo approccio scenico.<\/p>\n<h4>La iconica chitarra Punisher<\/h4>\n<p>La celebre <strong>Punisher<\/strong>, riconoscibile per la sua forma unica e il design aggressivo, incarna perfettamente la dualit\u00e0 del <strong>musicista<\/strong>: creatore e showman, sempre pronto a spingere i limiti del convenzionale.<br \/>\n<strong>Simmons<\/strong> non esita a personalizzare i suoi strumenti per ogni tour, giocando con i codici dell\u2019hard rock e mostrando chiaramente la sua volont\u00e0 di sorprendere e provocare. La <strong>Punisher<\/strong> simboleggia anche l\u2019importanza che attribuisce all\u2019immagine, riflettendo il suo gusto per lo spettacolo e le performance memorabili.<\/p>\n<h4>Un prolifico autore e produttore<\/h4>\n<p>Come <strong>autore<\/strong>, Gene Simmons ha firmato alcune delle canzoni pi\u00f9 iconiche dei KISS e ha collaborato con altri artisti nel corso della sua carriera.<br \/>\nLa sua capacit\u00e0 di individuare tendenze e introdurre nuove idee musicali si \u00e8 dimostrata pi\u00f9 volte, contribuendo a consolidare la fama internazionale del gruppo. In diversi album in studio, la sua influenza nella <strong>produzione<\/strong> combina efficienza e originalit\u00e0, creando brani senza tempo che attraversano le generazioni.<\/p>\n<h3>L\u2019eredit\u00e0 di una stella inimitabile<\/h3>\n<p>Decennio dopo decennio, <strong>Gene Simmons<\/strong> continua a sostenere un mito che va ben oltre la musica. Ispira numerosi giovani musicisti e imprenditori desiderosi di innovare nel loro campo.<br \/>\nL\u2019<strong>eredit\u00e0 artistica e culturale<\/strong> di Gene Simmons supera i confini. Oggi molte star del rock e del pop citano la sua influenza, lodando la sua energia instancabile e la passione contagiosa. Sia dietro il suo basso, in studio o in televisione, questo musicista straordinario incarna come pochi la grandiosit\u00e0, la libert\u00e0 e lo spirito del rock\u2019n\u2019roll.<\/p>\n","protected":false},"excerpt":{"rendered":"<p><b>Gene Simmons<\/b> rimane nel panorama musicale contemporaneo un punto di riferimento per quanto riguarda il basso. Preciso, ruggente e potente, il \u00ab God of Thunder \u00bb ha creato con i <b>KISS<\/b> veri e propri successi grazie ai bassi progettati personalmente.<\/p>\n<p>Questo esemplare della Punisher \u00e8 davvero eccezionale. \u00c8 unico ed \u00e8 stato <b>dipinto a mano da Gene Simmons<\/b> sul top, oltre a essere intitolato e firmato sul retro. Il volto di un feroce drago emerge dal disegno dei pickup per dominare sul lato sinistro, con la lingua fuori in maniera selvaggia. La creatura avanza, come uscita direttamente dagli inferi, pronta ad attaccare con denti affilati e la lingua arrotolata. Il basso riprende le specifiche da palco di Gene Simmons, con i ganci di fissaggio e i plettro fissati lungo una striscia che corre sui fianchi dello strumento. Una vera opera d\u2019arte decorata e firmata dal God of Thunder&#8230; Solo da Matt\u2019s Guitar Shop!<\/p>\n<p>Entra nell\u2019universo leggendario di Matt\u2019s Guitar Shop, il <strong><a href=\"https:\/\/www.matts-guitar-shop.com\/it\/\">negozio di chitarre a Parigi<\/a><\/strong>, e scopri pezzi unici come la <strong><a href=\"https:\/\/www.matts-guitar-shop.com\/it\/produit\/gibson-les-paul-standard-1974-di-randy-rhoads\/\" target=\"_new\" rel=\"noopener\">chitarra di Randy Rhoads<\/a><\/strong>, la mitica <strong><a href=\"https:\/\/www.matts-guitar-shop.com\/it\/produit\/rory-gallaghers-gibson-melody-maker-1960\/\" target=\"_new\" rel=\"noopener\">chitarra di Rory Gallagher<\/a><\/strong>, la <strong><a href=\"https:\/\/www.matts-guitar-shop.com\/it\/produit\/gibson-les-paul-special-tribute-di-joe-perry-aerosmith\/\" target=\"_new\" rel=\"noopener\">chitarra degli Aerosmith<\/a><\/strong>, il <strong><a href=\"https:\/\/www.matts-guitar-shop.com\/it\/produit\/music-man-stingray-del-1976-di-cliff-williams\/\" target=\"_new\" rel=\"noopener\">basso di Cliff Williams<\/a><\/strong>, la <strong><a href=\"https:\/\/www.matts-guitar-shop.com\/it\/produit\/lorenzi-john-frusciante-tribute\/\" target=\"_new\" rel=\"noopener\">chitarra di John Frusciante<\/a><\/strong>, la <strong><a href=\"https:\/\/www.matts-guitar-shop.com\/it\/produit\/gibson-flying-v-numero-1-di-paul-stanley-kiss\/\" target=\"_new\" rel=\"noopener\">chitarra dei KISS<\/a><\/strong> o ancora la leggendaria <strong><a href=\"https:\/\/www.matts-guitar-shop.com\/it\/produit\/fender-custom-shop-telecaster-keith-richards-prototype\/\" target=\"_new\" rel=\"noopener\">Keith Richards Telecaster Guitar<\/a><\/strong>.<\/p>\n","protected":false},"featured_media":21376,"comment_status":"open","ping_status":"closed","template":"","meta":{"_et_pb_use_builder":"","_et_pb_old_content":"","_et_gb_content_width":""},"product_brand":[],"product_cat":[848,850,846,844,847],"product_tag":[],"class_list":{"0":"post-21375","1":"product","2":"type-product","3":"status-publish","4":"has-post-thumbnail","6":"product_cat-bassi","7":"product_cat-chitarre-iconiche","8":"product_cat-venduti","9":"product_cat-artisti","10":"product_cat-chitarre","11":"pa_artiste-gene-simmons-it","12":"pa_disponibilite-vendutoa","13":"pa_marque-gene-simmons-axe-ltd-it","15":"first","16":"outofstock","17":"shipping-taxable","18":"product-type-simple"},"yoast_head":"<!-- This site is optimized with the Yoast SEO plugin v26.8 - https:\/\/yoast.com\/product\/yoast-seo-wordpress\/ -->\n<title>Basso Gene Simmons - Matt&#039;s Guitar Shop<\/title>\n<meta name=\"description\" content=\"Scopri il basso di Gene Simmons. Preciso, ruggente e potente, il \u201cGod of Thunder\u201d ha creato veri e propri successi con i KISS grazie a bassi da lui progettati con cura.\" \/>\n<meta name=\"robots\" content=\"index, follow, max-snippet:-1, max-image-preview:large, max-video-preview:-1\" \/>\n<link rel=\"canonical\" href=\"https:\/\/www.matts-guitar-shop.com\/it\/produit\/basso-di-gene-simmons-dipinto-a-mano-dallo-stesso-gene\/\" \/>\n<meta property=\"og:locale\" content=\"it_IT\" \/>\n<meta property=\"og:type\" content=\"article\" \/>\n<meta property=\"og:title\" content=\"Basso Gene Simmons - Matt&#039;s Guitar Shop\" \/>\n<meta property=\"og:description\" content=\"Scopri il basso di Gene Simmons. Preciso, ruggente e potente, il \u201cGod of Thunder\u201d ha creato veri e propri successi con i KISS grazie a bassi da lui progettati con cura.\" \/>\n<meta property=\"og:url\" content=\"https:\/\/www.matts-guitar-shop.com\/it\/produit\/basso-di-gene-simmons-dipinto-a-mano-dallo-stesso-gene\/\" \/>\n<meta property=\"og:site_name\" content=\"Matt&#039;s Guitar Shop\" \/>\n<meta property=\"article:publisher\" content=\"https:\/\/www.facebook.com\/profile.php?id=100044359842817\" \/>\n<meta property=\"article:modified_time\" content=\"2026-02-27T16:59:08+00:00\" \/>\n<meta property=\"og:image\" content=\"https:\/\/www.matts-guitar-shop.com\/wp-content\/uploads\/2024\/12\/gene-simmons-bass-hand-painted-by-gene-04.jpg\" \/>\n\t<meta property=\"og:image:width\" content=\"800\" \/>\n\t<meta property=\"og:image:height\" content=\"1000\" \/>\n\t<meta property=\"og:image:type\" content=\"image\/jpeg\" \/>\n<meta name=\"twitter:card\" content=\"summary_large_image\" \/>\n<meta name=\"twitter:label1\" content=\"Tempo di lettura stimato\" \/>\n\t<meta name=\"twitter:data1\" content=\"2 minuti\" \/>\n<script type=\"application\/ld+json\" class=\"yoast-schema-graph\">{\"@context\":\"https:\/\/schema.org\",\"@graph\":[{\"@type\":\"WebPage\",\"@id\":\"https:\/\/www.matts-guitar-shop.com\/it\/produit\/basso-di-gene-simmons-dipinto-a-mano-dallo-stesso-gene\/\",\"url\":\"https:\/\/www.matts-guitar-shop.com\/it\/produit\/basso-di-gene-simmons-dipinto-a-mano-dallo-stesso-gene\/\",\"name\":\"Basso Gene Simmons - Matt&#039;s Guitar Shop\",\"isPartOf\":{\"@id\":\"https:\/\/www.matts-guitar-shop.com\/it\/#website\"},\"primaryImageOfPage\":{\"@id\":\"https:\/\/www.matts-guitar-shop.com\/it\/produit\/basso-di-gene-simmons-dipinto-a-mano-dallo-stesso-gene\/#primaryimage\"},\"image\":{\"@id\":\"https:\/\/www.matts-guitar-shop.com\/it\/produit\/basso-di-gene-simmons-dipinto-a-mano-dallo-stesso-gene\/#primaryimage\"},\"thumbnailUrl\":\"https:\/\/www.matts-guitar-shop.com\/wp-content\/uploads\/2024\/12\/gene-simmons-bass-hand-painted-by-gene-04.jpg\",\"datePublished\":\"2024-12-17T00:07:15+00:00\",\"dateModified\":\"2026-02-27T16:59:08+00:00\",\"description\":\"Scopri il basso di Gene Simmons. Preciso, ruggente e potente, il \u201cGod of Thunder\u201d ha creato veri e propri successi con i KISS grazie a bassi da lui progettati con cura.\",\"breadcrumb\":{\"@id\":\"https:\/\/www.matts-guitar-shop.com\/it\/produit\/basso-di-gene-simmons-dipinto-a-mano-dallo-stesso-gene\/#breadcrumb\"},\"inLanguage\":\"it-IT\",\"potentialAction\":[{\"@type\":\"ReadAction\",\"target\":[\"https:\/\/www.matts-guitar-shop.com\/it\/produit\/basso-di-gene-simmons-dipinto-a-mano-dallo-stesso-gene\/\"]}]},{\"@type\":\"ImageObject\",\"inLanguage\":\"it-IT\",\"@id\":\"https:\/\/www.matts-guitar-shop.com\/it\/produit\/basso-di-gene-simmons-dipinto-a-mano-dallo-stesso-gene\/#primaryimage\",\"url\":\"https:\/\/www.matts-guitar-shop.com\/wp-content\/uploads\/2024\/12\/gene-simmons-bass-hand-painted-by-gene-04.jpg\",\"contentUrl\":\"https:\/\/www.matts-guitar-shop.com\/wp-content\/uploads\/2024\/12\/gene-simmons-bass-hand-painted-by-gene-04.jpg\",\"width\":800,\"height\":1000,\"caption\":\"Basse Gene Simmons\"},{\"@type\":\"BreadcrumbList\",\"@id\":\"https:\/\/www.matts-guitar-shop.com\/it\/produit\/basso-di-gene-simmons-dipinto-a-mano-dallo-stesso-gene\/#breadcrumb\",\"itemListElement\":[{\"@type\":\"ListItem\",\"position\":1,\"name\":\"Home\",\"item\":\"https:\/\/www.matts-guitar-shop.com\/it\/\"},{\"@type\":\"ListItem\",\"position\":2,\"name\":\"I nostri prodotti\",\"item\":\"https:\/\/www.matts-guitar-shop.com\/nos-produits\/\"},{\"@type\":\"ListItem\",\"position\":3,\"name\":\"Basso di Gene Simmons dipinto a mano dallo stesso Gene\"}]},{\"@type\":\"WebSite\",\"@id\":\"https:\/\/www.matts-guitar-shop.com\/it\/#website\",\"url\":\"https:\/\/www.matts-guitar-shop.com\/it\/\",\"name\":\"matts-guitar-shop.com\",\"description\":\"Guitar Shop\",\"publisher\":{\"@id\":\"https:\/\/www.matts-guitar-shop.com\/it\/#organization\"},\"potentialAction\":[{\"@type\":\"SearchAction\",\"target\":{\"@type\":\"EntryPoint\",\"urlTemplate\":\"https:\/\/www.matts-guitar-shop.com\/it\/?s={search_term_string}\"},\"query-input\":{\"@type\":\"PropertyValueSpecification\",\"valueRequired\":true,\"valueName\":\"search_term_string\"}}],\"inLanguage\":\"it-IT\"},{\"@type\":\"Organization\",\"@id\":\"https:\/\/www.matts-guitar-shop.com\/it\/#organization\",\"name\":\"matts-guitar-shop.com\",\"url\":\"https:\/\/www.matts-guitar-shop.com\/it\/\",\"logo\":{\"@type\":\"ImageObject\",\"inLanguage\":\"it-IT\",\"@id\":\"https:\/\/www.matts-guitar-shop.com\/it\/#\/schema\/logo\/image\/\",\"url\":\"https:\/\/www.matts-guitar-shop.com\/wp-content\/uploads\/2024\/09\/MGS-logo-site-02.png\",\"contentUrl\":\"https:\/\/www.matts-guitar-shop.com\/wp-content\/uploads\/2024\/09\/MGS-logo-site-02.png\",\"width\":200,\"height\":122,\"caption\":\"matts-guitar-shop.com\"},\"image\":{\"@id\":\"https:\/\/www.matts-guitar-shop.com\/it\/#\/schema\/logo\/image\/\"},\"sameAs\":[\"https:\/\/www.facebook.com\/profile.php?id=100044359842817\",\"https:\/\/www.instagram.com\/mattsguitarshop\/\",\"https:\/\/www.youtube.com\/@MattLucasMan\/videos\"]}]}<\/script>\n<!-- \/ Yoast SEO plugin. -->","yoast_head_json":{"title":"Basso Gene Simmons - Matt&#039;s Guitar Shop","description":"Scopri il basso di Gene Simmons. Preciso, ruggente e potente, il \u201cGod of Thunder\u201d ha creato veri e propri successi con i KISS grazie a bassi da lui progettati con cura.","robots":{"index":"index","follow":"follow","max-snippet":"max-snippet:-1","max-image-preview":"max-image-preview:large","max-video-preview":"max-video-preview:-1"},"canonical":"https:\/\/www.matts-guitar-shop.com\/it\/produit\/basso-di-gene-simmons-dipinto-a-mano-dallo-stesso-gene\/","og_locale":"it_IT","og_type":"article","og_title":"Basso Gene Simmons - Matt&#039;s Guitar Shop","og_description":"Scopri il basso di Gene Simmons. Preciso, ruggente e potente, il \u201cGod of Thunder\u201d ha creato veri e propri successi con i KISS grazie a bassi da lui progettati con cura.","og_url":"https:\/\/www.matts-guitar-shop.com\/it\/produit\/basso-di-gene-simmons-dipinto-a-mano-dallo-stesso-gene\/","og_site_name":"Matt&#039;s Guitar Shop","article_publisher":"https:\/\/www.facebook.com\/profile.php?id=100044359842817","article_modified_time":"2026-02-27T16:59:08+00:00","og_image":[{"width":800,"height":1000,"url":"https:\/\/www.matts-guitar-shop.com\/wp-content\/uploads\/2024\/12\/gene-simmons-bass-hand-painted-by-gene-04.jpg","type":"image\/jpeg"}],"twitter_card":"summary_large_image","twitter_misc":{"Tempo di lettura stimato":"2 minuti"},"schema":{"@context":"https:\/\/schema.org","@graph":[{"@type":"WebPage","@id":"https:\/\/www.matts-guitar-shop.com\/it\/produit\/basso-di-gene-simmons-dipinto-a-mano-dallo-stesso-gene\/","url":"https:\/\/www.matts-guitar-shop.com\/it\/produit\/basso-di-gene-simmons-dipinto-a-mano-dallo-stesso-gene\/","name":"Basso Gene Simmons - Matt&#039;s Guitar Shop","isPartOf":{"@id":"https:\/\/www.matts-guitar-shop.com\/it\/#website"},"primaryImageOfPage":{"@id":"https:\/\/www.matts-guitar-shop.com\/it\/produit\/basso-di-gene-simmons-dipinto-a-mano-dallo-stesso-gene\/#primaryimage"},"image":{"@id":"https:\/\/www.matts-guitar-shop.com\/it\/produit\/basso-di-gene-simmons-dipinto-a-mano-dallo-stesso-gene\/#primaryimage"},"thumbnailUrl":"https:\/\/www.matts-guitar-shop.com\/wp-content\/uploads\/2024\/12\/gene-simmons-bass-hand-painted-by-gene-04.jpg","datePublished":"2024-12-17T00:07:15+00:00","dateModified":"2026-02-27T16:59:08+00:00","description":"Scopri il basso di Gene Simmons. Preciso, ruggente e potente, il \u201cGod of Thunder\u201d ha creato veri e propri successi con i KISS grazie a bassi da lui progettati con cura.","breadcrumb":{"@id":"https:\/\/www.matts-guitar-shop.com\/it\/produit\/basso-di-gene-simmons-dipinto-a-mano-dallo-stesso-gene\/#breadcrumb"},"inLanguage":"it-IT","potentialAction":[{"@type":"ReadAction","target":["https:\/\/www.matts-guitar-shop.com\/it\/produit\/basso-di-gene-simmons-dipinto-a-mano-dallo-stesso-gene\/"]}]},{"@type":"ImageObject","inLanguage":"it-IT","@id":"https:\/\/www.matts-guitar-shop.com\/it\/produit\/basso-di-gene-simmons-dipinto-a-mano-dallo-stesso-gene\/#primaryimage","url":"https:\/\/www.matts-guitar-shop.com\/wp-content\/uploads\/2024\/12\/gene-simmons-bass-hand-painted-by-gene-04.jpg","contentUrl":"https:\/\/www.matts-guitar-shop.com\/wp-content\/uploads\/2024\/12\/gene-simmons-bass-hand-painted-by-gene-04.jpg","width":800,"height":1000,"caption":"Basse Gene Simmons"},{"@type":"BreadcrumbList","@id":"https:\/\/www.matts-guitar-shop.com\/it\/produit\/basso-di-gene-simmons-dipinto-a-mano-dallo-stesso-gene\/#breadcrumb","itemListElement":[{"@type":"ListItem","position":1,"name":"Home","item":"https:\/\/www.matts-guitar-shop.com\/it\/"},{"@type":"ListItem","position":2,"name":"I nostri prodotti","item":"https:\/\/www.matts-guitar-shop.com\/nos-produits\/"},{"@type":"ListItem","position":3,"name":"Basso di Gene Simmons dipinto a mano dallo stesso Gene"}]},{"@type":"WebSite","@id":"https:\/\/www.matts-guitar-shop.com\/it\/#website","url":"https:\/\/www.matts-guitar-shop.com\/it\/","name":"matts-guitar-shop.com","description":"Guitar Shop","publisher":{"@id":"https:\/\/www.matts-guitar-shop.com\/it\/#organization"},"potentialAction":[{"@type":"SearchAction","target":{"@type":"EntryPoint","urlTemplate":"https:\/\/www.matts-guitar-shop.com\/it\/?s={search_term_string}"},"query-input":{"@type":"PropertyValueSpecification","valueRequired":true,"valueName":"search_term_string"}}],"inLanguage":"it-IT"},{"@type":"Organization","@id":"https:\/\/www.matts-guitar-shop.com\/it\/#organization","name":"matts-guitar-shop.com","url":"https:\/\/www.matts-guitar-shop.com\/it\/","logo":{"@type":"ImageObject","inLanguage":"it-IT","@id":"https:\/\/www.matts-guitar-shop.com\/it\/#\/schema\/logo\/image\/","url":"https:\/\/www.matts-guitar-shop.com\/wp-content\/uploads\/2024\/09\/MGS-logo-site-02.png","contentUrl":"https:\/\/www.matts-guitar-shop.com\/wp-content\/uploads\/2024\/09\/MGS-logo-site-02.png","width":200,"height":122,"caption":"matts-guitar-shop.com"},"image":{"@id":"https:\/\/www.matts-guitar-shop.com\/it\/#\/schema\/logo\/image\/"},"sameAs":["https:\/\/www.facebook.com\/profile.php?id=100044359842817","https:\/\/www.instagram.com\/mattsguitarshop\/","https:\/\/www.youtube.com\/@MattLucasMan\/videos"]}]}},"_links":{"self":[{"href":"https:\/\/www.matts-guitar-shop.com\/it\/wp-json\/wp\/v2\/product\/21375","targetHints":{"allow":["GET"]}}],"collection":[{"href":"https:\/\/www.matts-guitar-shop.com\/it\/wp-json\/wp\/v2\/product"}],"about":[{"href":"https:\/\/www.matts-guitar-shop.com\/it\/wp-json\/wp\/v2\/types\/product"}],"replies":[{"embeddable":true,"href":"https:\/\/www.matts-guitar-shop.com\/it\/wp-json\/wp\/v2\/comments?post=21375"}],"wp:featuredmedia":[{"embeddable":true,"href":"https:\/\/www.matts-guitar-shop.com\/it\/wp-json\/wp\/v2\/media\/21376"}],"wp:attachment":[{"href":"https:\/\/www.matts-guitar-shop.com\/it\/wp-json\/wp\/v2\/media?parent=21375"}],"wp:term":[{"taxonomy":"product_brand","embeddable":true,"href":"https:\/\/www.matts-guitar-shop.com\/it\/wp-json\/wp\/v2\/product_brand?post=21375"},{"taxonomy":"product_cat","embeddable":true,"href":"https:\/\/www.matts-guitar-shop.com\/it\/wp-json\/wp\/v2\/product_cat?post=21375"},{"taxonomy":"product_tag","embeddable":true,"href":"https:\/\/www.matts-guitar-shop.com\/it\/wp-json\/wp\/v2\/product_tag?post=21375"}],"curies":[{"name":"wp","href":"https:\/\/api.w.org\/{rel}","templated":true}]}}