{"id":21365,"date":"2024-12-17T00:51:19","date_gmt":"2024-12-16T23:51:19","guid":{"rendered":"https:\/\/www.matts-guitar-shop.com\/produit\/sentchordi-hermanos-di-jose-reyes-gipsy-kings\/"},"modified":"2024-12-17T00:51:19","modified_gmt":"2024-12-16T23:51:19","slug":"sentchordi-hermanos-di-jose-reyes-gipsy-kings","status":"publish","type":"product","link":"https:\/\/www.matts-guitar-shop.com\/it\/produit\/sentchordi-hermanos-di-jose-reyes-gipsy-kings\/","title":{"rendered":"Sentchordi Hermanos di Jos\u00e9 Reyes (Gipsy Kings)"},"content":{"rendered":"<p>Jos\u00e9 Reyes des Gipsy Kings<\/p>\n","protected":false},"excerpt":{"rendered":"<p>Secondo la tradizione gitana, lo strumento di un musicista deceduto deve essere bruciato. Questa chitarra assume quindi un carattere ancora pi\u00f9 eccezionale, poich\u00e9 ha attraversato i secoli per giungere fino a noi. Realizzata a Valencia intorno al 1884\/85, apparteneva a <b>Jos\u00e9 Reyes<\/b>.<\/p>\n<p>Chitarrista e cantante del gruppo gitano Los Reyes, che in seguito diventer\u00e0 i <b>Gipsy Kings<\/b>, riteneva che questa chitarra molto antica avesse un\u2019anima. L\u2019ha utilizzata moltissimo per lunghi anni in studio e nei concerti, fino alla sua scomparsa nel 1979. Questa chitarra acustica, realizzata in palissandro di Rio e abete dall\u2019Atelier Sentchordi Hermans, \u00e8 una vera reliquia di un musicista gitano influente, oltre a essere una chitarra dal suono profondo e particolarmente ricco. Un oggetto culturale e storico raro, che fa parte della collezione del Matt\u2019s Guitar Shop.<\/p>\n","protected":false},"featured_media":21366,"comment_status":"open","ping_status":"closed","template":"","meta":{"_et_pb_use_builder":"","_et_pb_old_content":"","_et_gb_content_width":""},"product_brand":[],"product_cat":[850,846,844,847],"product_tag":[],"class_list":{"0":"post-21365","1":"product","2":"type-product","3":"status-publish","4":"has-post-thumbnail","6":"product_cat-chitarre-iconiche","7":"product_cat-venduti","8":"product_cat-artisti","9":"product_cat-chitarre","10":"pa_artiste-jose-reyes-it","11":"pa_disponibilite-vendutoa","12":"pa_marque-sentchordi-hermanos-it","14":"first","15":"outofstock","16":"shipping-taxable","17":"product-type-simple"},"yoast_head":"<!-- This site is optimized with the Yoast SEO plugin v26.8 - https:\/\/yoast.com\/product\/yoast-seo-wordpress\/ -->\n<title>Sentchordi Hermanos di Jos\u00e9 Reyes (Gipsy Kings) - Matt&#039;s Guitar Shop<\/title>\n<meta name=\"description\" content=\"Questa chitarra assume quindi un carattere ancora pi\u00f9 eccezionale, poich\u00e9 ha attraversato i secoli per giungere fino a noi.\" \/>\n<meta name=\"robots\" content=\"index, follow, max-snippet:-1, max-image-preview:large, max-video-preview:-1\" \/>\n<link rel=\"canonical\" href=\"https:\/\/www.matts-guitar-shop.com\/it\/produit\/sentchordi-hermanos-di-jose-reyes-gipsy-kings\/\" \/>\n<meta property=\"og:locale\" content=\"it_IT\" \/>\n<meta property=\"og:type\" content=\"article\" \/>\n<meta property=\"og:title\" content=\"Sentchordi Hermanos di Jos\u00e9 Reyes (Gipsy Kings) - Matt&#039;s Guitar Shop\" \/>\n<meta property=\"og:description\" content=\"Questa chitarra assume quindi un carattere ancora pi\u00f9 eccezionale, poich\u00e9 ha attraversato i secoli per giungere fino a noi.\" \/>\n<meta property=\"og:url\" content=\"https:\/\/www.matts-guitar-shop.com\/it\/produit\/sentchordi-hermanos-di-jose-reyes-gipsy-kings\/\" \/>\n<meta property=\"og:site_name\" content=\"Matt&#039;s Guitar Shop\" \/>\n<meta property=\"article:publisher\" content=\"https:\/\/www.facebook.com\/profile.php?id=100044359842817\" \/>\n<meta property=\"og:image\" content=\"https:\/\/www.matts-guitar-shop.com\/wp-content\/uploads\/2024\/12\/jose-reyes-sentchordi-hermanos-gipsy-kings-83.jpg\" \/>\n\t<meta property=\"og:image:width\" content=\"800\" \/>\n\t<meta property=\"og:image:height\" content=\"1000\" \/>\n\t<meta property=\"og:image:type\" content=\"image\/jpeg\" \/>\n<meta name=\"twitter:card\" content=\"summary_large_image\" \/>\n<script type=\"application\/ld+json\" class=\"yoast-schema-graph\">{\"@context\":\"https:\/\/schema.org\",\"@graph\":[{\"@type\":\"WebPage\",\"@id\":\"https:\/\/www.matts-guitar-shop.com\/it\/produit\/sentchordi-hermanos-di-jose-reyes-gipsy-kings\/\",\"url\":\"https:\/\/www.matts-guitar-shop.com\/it\/produit\/sentchordi-hermanos-di-jose-reyes-gipsy-kings\/\",\"name\":\"Sentchordi Hermanos di Jos\u00e9 Reyes (Gipsy Kings) - Matt&#039;s Guitar Shop\",\"isPartOf\":{\"@id\":\"https:\/\/www.matts-guitar-shop.com\/it\/#website\"},\"primaryImageOfPage\":{\"@id\":\"https:\/\/www.matts-guitar-shop.com\/it\/produit\/sentchordi-hermanos-di-jose-reyes-gipsy-kings\/#primaryimage\"},\"image\":{\"@id\":\"https:\/\/www.matts-guitar-shop.com\/it\/produit\/sentchordi-hermanos-di-jose-reyes-gipsy-kings\/#primaryimage\"},\"thumbnailUrl\":\"https:\/\/www.matts-guitar-shop.com\/wp-content\/uploads\/2024\/12\/jose-reyes-sentchordi-hermanos-gipsy-kings-83.jpg\",\"datePublished\":\"2024-12-16T23:51:19+00:00\",\"description\":\"Questa chitarra assume quindi un carattere ancora pi\u00f9 eccezionale, poich\u00e9 ha attraversato i secoli per giungere fino a noi.\",\"breadcrumb\":{\"@id\":\"https:\/\/www.matts-guitar-shop.com\/it\/produit\/sentchordi-hermanos-di-jose-reyes-gipsy-kings\/#breadcrumb\"},\"inLanguage\":\"it-IT\",\"potentialAction\":[{\"@type\":\"ReadAction\",\"target\":[\"https:\/\/www.matts-guitar-shop.com\/it\/produit\/sentchordi-hermanos-di-jose-reyes-gipsy-kings\/\"]}]},{\"@type\":\"ImageObject\",\"inLanguage\":\"it-IT\",\"@id\":\"https:\/\/www.matts-guitar-shop.com\/it\/produit\/sentchordi-hermanos-di-jose-reyes-gipsy-kings\/#primaryimage\",\"url\":\"https:\/\/www.matts-guitar-shop.com\/wp-content\/uploads\/2024\/12\/jose-reyes-sentchordi-hermanos-gipsy-kings-83.jpg\",\"contentUrl\":\"https:\/\/www.matts-guitar-shop.com\/wp-content\/uploads\/2024\/12\/jose-reyes-sentchordi-hermanos-gipsy-kings-83.jpg\",\"width\":800,\"height\":1000},{\"@type\":\"BreadcrumbList\",\"@id\":\"https:\/\/www.matts-guitar-shop.com\/it\/produit\/sentchordi-hermanos-di-jose-reyes-gipsy-kings\/#breadcrumb\",\"itemListElement\":[{\"@type\":\"ListItem\",\"position\":1,\"name\":\"Home\",\"item\":\"https:\/\/www.matts-guitar-shop.com\/it\/\"},{\"@type\":\"ListItem\",\"position\":2,\"name\":\"I nostri prodotti\",\"item\":\"https:\/\/www.matts-guitar-shop.com\/nos-produits\/\"},{\"@type\":\"ListItem\",\"position\":3,\"name\":\"Sentchordi Hermanos di Jos\u00e9 Reyes (Gipsy Kings)\"}]},{\"@type\":\"WebSite\",\"@id\":\"https:\/\/www.matts-guitar-shop.com\/it\/#website\",\"url\":\"https:\/\/www.matts-guitar-shop.com\/it\/\",\"name\":\"matts-guitar-shop.com\",\"description\":\"Guitar Shop\",\"publisher\":{\"@id\":\"https:\/\/www.matts-guitar-shop.com\/it\/#organization\"},\"potentialAction\":[{\"@type\":\"SearchAction\",\"target\":{\"@type\":\"EntryPoint\",\"urlTemplate\":\"https:\/\/www.matts-guitar-shop.com\/it\/?s={search_term_string}\"},\"query-input\":{\"@type\":\"PropertyValueSpecification\",\"valueRequired\":true,\"valueName\":\"search_term_string\"}}],\"inLanguage\":\"it-IT\"},{\"@type\":\"Organization\",\"@id\":\"https:\/\/www.matts-guitar-shop.com\/it\/#organization\",\"name\":\"matts-guitar-shop.com\",\"url\":\"https:\/\/www.matts-guitar-shop.com\/it\/\",\"logo\":{\"@type\":\"ImageObject\",\"inLanguage\":\"it-IT\",\"@id\":\"https:\/\/www.matts-guitar-shop.com\/it\/#\/schema\/logo\/image\/\",\"url\":\"https:\/\/www.matts-guitar-shop.com\/wp-content\/uploads\/2024\/09\/MGS-logo-site-02.png\",\"contentUrl\":\"https:\/\/www.matts-guitar-shop.com\/wp-content\/uploads\/2024\/09\/MGS-logo-site-02.png\",\"width\":200,\"height\":122,\"caption\":\"matts-guitar-shop.com\"},\"image\":{\"@id\":\"https:\/\/www.matts-guitar-shop.com\/it\/#\/schema\/logo\/image\/\"},\"sameAs\":[\"https:\/\/www.facebook.com\/profile.php?id=100044359842817\",\"https:\/\/www.instagram.com\/mattsguitarshop\/\",\"https:\/\/www.youtube.com\/@MattLucasMan\/videos\"]}]}<\/script>\n<!-- \/ Yoast SEO plugin. -->","yoast_head_json":{"title":"Sentchordi Hermanos di Jos\u00e9 Reyes (Gipsy Kings) - Matt&#039;s Guitar Shop","description":"Questa chitarra assume quindi un carattere ancora pi\u00f9 eccezionale, poich\u00e9 ha attraversato i secoli per giungere fino a noi.","robots":{"index":"index","follow":"follow","max-snippet":"max-snippet:-1","max-image-preview":"max-image-preview:large","max-video-preview":"max-video-preview:-1"},"canonical":"https:\/\/www.matts-guitar-shop.com\/it\/produit\/sentchordi-hermanos-di-jose-reyes-gipsy-kings\/","og_locale":"it_IT","og_type":"article","og_title":"Sentchordi Hermanos di Jos\u00e9 Reyes (Gipsy Kings) - Matt&#039;s Guitar Shop","og_description":"Questa chitarra assume quindi un carattere ancora pi\u00f9 eccezionale, poich\u00e9 ha attraversato i secoli per giungere fino a noi.","og_url":"https:\/\/www.matts-guitar-shop.com\/it\/produit\/sentchordi-hermanos-di-jose-reyes-gipsy-kings\/","og_site_name":"Matt&#039;s Guitar Shop","article_publisher":"https:\/\/www.facebook.com\/profile.php?id=100044359842817","og_image":[{"width":800,"height":1000,"url":"https:\/\/www.matts-guitar-shop.com\/wp-content\/uploads\/2024\/12\/jose-reyes-sentchordi-hermanos-gipsy-kings-83.jpg","type":"image\/jpeg"}],"twitter_card":"summary_large_image","schema":{"@context":"https:\/\/schema.org","@graph":[{"@type":"WebPage","@id":"https:\/\/www.matts-guitar-shop.com\/it\/produit\/sentchordi-hermanos-di-jose-reyes-gipsy-kings\/","url":"https:\/\/www.matts-guitar-shop.com\/it\/produit\/sentchordi-hermanos-di-jose-reyes-gipsy-kings\/","name":"Sentchordi Hermanos di Jos\u00e9 Reyes (Gipsy Kings) - Matt&#039;s Guitar Shop","isPartOf":{"@id":"https:\/\/www.matts-guitar-shop.com\/it\/#website"},"primaryImageOfPage":{"@id":"https:\/\/www.matts-guitar-shop.com\/it\/produit\/sentchordi-hermanos-di-jose-reyes-gipsy-kings\/#primaryimage"},"image":{"@id":"https:\/\/www.matts-guitar-shop.com\/it\/produit\/sentchordi-hermanos-di-jose-reyes-gipsy-kings\/#primaryimage"},"thumbnailUrl":"https:\/\/www.matts-guitar-shop.com\/wp-content\/uploads\/2024\/12\/jose-reyes-sentchordi-hermanos-gipsy-kings-83.jpg","datePublished":"2024-12-16T23:51:19+00:00","description":"Questa chitarra assume quindi un carattere ancora pi\u00f9 eccezionale, poich\u00e9 ha attraversato i secoli per giungere fino a noi.","breadcrumb":{"@id":"https:\/\/www.matts-guitar-shop.com\/it\/produit\/sentchordi-hermanos-di-jose-reyes-gipsy-kings\/#breadcrumb"},"inLanguage":"it-IT","potentialAction":[{"@type":"ReadAction","target":["https:\/\/www.matts-guitar-shop.com\/it\/produit\/sentchordi-hermanos-di-jose-reyes-gipsy-kings\/"]}]},{"@type":"ImageObject","inLanguage":"it-IT","@id":"https:\/\/www.matts-guitar-shop.com\/it\/produit\/sentchordi-hermanos-di-jose-reyes-gipsy-kings\/#primaryimage","url":"https:\/\/www.matts-guitar-shop.com\/wp-content\/uploads\/2024\/12\/jose-reyes-sentchordi-hermanos-gipsy-kings-83.jpg","contentUrl":"https:\/\/www.matts-guitar-shop.com\/wp-content\/uploads\/2024\/12\/jose-reyes-sentchordi-hermanos-gipsy-kings-83.jpg","width":800,"height":1000},{"@type":"BreadcrumbList","@id":"https:\/\/www.matts-guitar-shop.com\/it\/produit\/sentchordi-hermanos-di-jose-reyes-gipsy-kings\/#breadcrumb","itemListElement":[{"@type":"ListItem","position":1,"name":"Home","item":"https:\/\/www.matts-guitar-shop.com\/it\/"},{"@type":"ListItem","position":2,"name":"I nostri prodotti","item":"https:\/\/www.matts-guitar-shop.com\/nos-produits\/"},{"@type":"ListItem","position":3,"name":"Sentchordi Hermanos di Jos\u00e9 Reyes (Gipsy Kings)"}]},{"@type":"WebSite","@id":"https:\/\/www.matts-guitar-shop.com\/it\/#website","url":"https:\/\/www.matts-guitar-shop.com\/it\/","name":"matts-guitar-shop.com","description":"Guitar Shop","publisher":{"@id":"https:\/\/www.matts-guitar-shop.com\/it\/#organization"},"potentialAction":[{"@type":"SearchAction","target":{"@type":"EntryPoint","urlTemplate":"https:\/\/www.matts-guitar-shop.com\/it\/?s={search_term_string}"},"query-input":{"@type":"PropertyValueSpecification","valueRequired":true,"valueName":"search_term_string"}}],"inLanguage":"it-IT"},{"@type":"Organization","@id":"https:\/\/www.matts-guitar-shop.com\/it\/#organization","name":"matts-guitar-shop.com","url":"https:\/\/www.matts-guitar-shop.com\/it\/","logo":{"@type":"ImageObject","inLanguage":"it-IT","@id":"https:\/\/www.matts-guitar-shop.com\/it\/#\/schema\/logo\/image\/","url":"https:\/\/www.matts-guitar-shop.com\/wp-content\/uploads\/2024\/09\/MGS-logo-site-02.png","contentUrl":"https:\/\/www.matts-guitar-shop.com\/wp-content\/uploads\/2024\/09\/MGS-logo-site-02.png","width":200,"height":122,"caption":"matts-guitar-shop.com"},"image":{"@id":"https:\/\/www.matts-guitar-shop.com\/it\/#\/schema\/logo\/image\/"},"sameAs":["https:\/\/www.facebook.com\/profile.php?id=100044359842817","https:\/\/www.instagram.com\/mattsguitarshop\/","https:\/\/www.youtube.com\/@MattLucasMan\/videos"]}]}},"_links":{"self":[{"href":"https:\/\/www.matts-guitar-shop.com\/it\/wp-json\/wp\/v2\/product\/21365","targetHints":{"allow":["GET"]}}],"collection":[{"href":"https:\/\/www.matts-guitar-shop.com\/it\/wp-json\/wp\/v2\/product"}],"about":[{"href":"https:\/\/www.matts-guitar-shop.com\/it\/wp-json\/wp\/v2\/types\/product"}],"replies":[{"embeddable":true,"href":"https:\/\/www.matts-guitar-shop.com\/it\/wp-json\/wp\/v2\/comments?post=21365"}],"wp:featuredmedia":[{"embeddable":true,"href":"https:\/\/www.matts-guitar-shop.com\/it\/wp-json\/wp\/v2\/media\/21366"}],"wp:attachment":[{"href":"https:\/\/www.matts-guitar-shop.com\/it\/wp-json\/wp\/v2\/media?parent=21365"}],"wp:term":[{"taxonomy":"product_brand","embeddable":true,"href":"https:\/\/www.matts-guitar-shop.com\/it\/wp-json\/wp\/v2\/product_brand?post=21365"},{"taxonomy":"product_cat","embeddable":true,"href":"https:\/\/www.matts-guitar-shop.com\/it\/wp-json\/wp\/v2\/product_cat?post=21365"},{"taxonomy":"product_tag","embeddable":true,"href":"https:\/\/www.matts-guitar-shop.com\/it\/wp-json\/wp\/v2\/product_tag?post=21365"}],"curies":[{"name":"wp","href":"https:\/\/api.w.org\/{rel}","templated":true}]}}