{"id":21308,"date":"2024-12-17T00:22:06","date_gmt":"2024-12-16T23:22:06","guid":{"rendered":"https:\/\/www.matts-guitar-shop.com\/produit\/music-man-stingray-del-1976-di-cliff-williams\/"},"modified":"2026-01-12T18:08:29","modified_gmt":"2026-01-12T17:08:29","slug":"music-man-stingray-del-1976-di-cliff-williams","status":"publish","type":"product","link":"https:\/\/www.matts-guitar-shop.com\/it\/produit\/music-man-stingray-del-1976-di-cliff-williams\/","title":{"rendered":"Music Man StingRay del 1976 di Cliff Williams"},"content":{"rendered":"<h2>Biografia di Cliff Williams, leggendario bassista degli AC\/DC<\/h2>\n<p><strong>Cliff Williams<\/strong> \u00e8 un <strong>bassista britannico<\/strong>, nato il 14 dicembre 1949 in Inghilterra. \u00c8 noto in tutto il mondo come il <strong>bassista iconico degli AC\/DC<\/strong>, che ha raggiunto nel 1977 e con cui ha scritto la storia dell&#8217;<strong>hard rock<\/strong>.<\/p>\n<h3>Una carriera importante nel rock<\/h3>\n<p>Nei <strong>AC\/DC<\/strong>, <strong>Cliff Williams<\/strong> ha partecipato ad album leggendari come <strong>Highway to Hell<\/strong> e <strong>Back in Black<\/strong>, uno degli album pi\u00f9 venduti di tutti i tempi. Il suo stile di basso si distingue per <strong>ritmi potenti e precisi<\/strong>, perfettamente adatti al suono della band.<\/p>\n<h3>Stile di gioco e strumenti<\/h3>\n<p>Riconosciuto per il suo <strong>gioco sobrio ed efficace<\/strong>, <strong>Cliff Williams<\/strong> predilige linee di basso solide al servizio del groove. \u00c8 strettamente associato ai bassi <strong>Music Man StingRay<\/strong>, in particolare i modelli vintage degli anni \u201970, diventati un punto di riferimento per i bassisti <strong>rock<\/strong>.<\/p>\n<h3>Un\u2019icona dell\u2019hard rock<\/h3>\n<p>Membro della <strong>Rock &amp; Roll Hall of Fame<\/strong>, <strong>Cliff Williams<\/strong> \u00e8 oggi considerato uno dei <strong>bassisti rock pi\u00f9 influenti<\/strong>, apprezzato per la sua costanza, il suo suono distintivo e il ruolo chiave nel successo degli <strong>AC\/DC<\/strong>.<\/p>\n","protected":false},"excerpt":{"rendered":"<p>La collezione del Matt\u2019s Guitar Shop non \u00e8 priva di alcune basse leggendarie. In questo contesto, questa <b>Music Man StingRay<\/b> \u00e8 un vero pezzo di storia per tutti i fan dell\u2019hard rock e, a maggior ragione, degli AC\/DC.<\/p>\n<p>Quando entra negli AC\/DC nel 1977, <b>Cliff Williams<\/b> suonava una Fender Precision, uno strumento che si adattava perfettamente al suo stile potente ed efficace con il plettro. Nel frattempo, per\u00f2, la marca californiana Music Man, fondata dallo stesso L\u00e9o Fender, lanci\u00f2 la StingRay, un modello che mantiene la semplicit\u00e0 della Precision Bass ma aggiunge un livello di uscita pi\u00f9 alto e una maggiore incisivit\u00e0. Queste caratteristiche si adattavano perfettamente all\u2019evoluzione del suono delle produzioni musicali dell\u2019epoca.<\/p>\n<p><b>Cliff Williams<\/b> adotta definitivamente la StingRay nel 1979, durante il tour seguente all\u2019album <i>Highway To Hell<\/i>. Si pu\u00f2 vedere infatti una sunburst maltrattata dal maestro nel film <em>Let There Be Rock<\/em>, registrato a Parigi nel dicembre 1979. \u00c8 ancora quella che appare nel 2011 in <i>Live At The River Plate<\/i>, fino al <i>Rock Or Bust World Tour<\/i> terminato nel 2016. Nel frattempo, Cliff Williams ha posseduto solo cinque StingRay durante questi 37 anni di fedelt\u00e0 e servizio. Questa porta il numero 3. <b>In altre parole, poche basse possono vantare di aver fatto vibrare tanti stadi quanto questa modesta Music Man!<\/b><\/p>\n<p>Entra nell\u2019universo leggendario di Matt\u2019s Guitar Shop, il <strong><a href=\"https:\/\/www.matts-guitar-shop.com\/it\/\">negozio di chitarre a Parigi<\/a><\/strong>, e scopri pezzi unici come la <strong><a href=\"https:\/\/www.matts-guitar-shop.com\/it\/produit\/gibson-les-paul-standard-1974-di-randy-rhoads\/\" target=\"_new\" rel=\"noopener\">chitarra di Randy Rhoads<\/a><\/strong>, la mitica <strong><a href=\"https:\/\/www.matts-guitar-shop.com\/it\/produit\/rory-gallaghers-gibson-melody-maker-1960\/\" target=\"_new\" rel=\"noopener\">chitarra di Rory Gallagher<\/a><\/strong>, la <strong><a href=\"https:\/\/www.matts-guitar-shop.com\/it\/produit\/gibson-les-paul-special-tribute-di-joe-perry-aerosmith\/\" target=\"_new\" rel=\"noopener\">chitarra degli Aerosmith<\/a><\/strong>, la <strong><a href=\"https:\/\/www.matts-guitar-shop.com\/it\/produit\/lorenzi-john-frusciante-tribute\/\" target=\"_new\" rel=\"noopener\">chitarra di John Frusciante<\/a><\/strong>, la <strong><a href=\"https:\/\/www.matts-guitar-shop.com\/it\/produit\/gibson-flying-v-numero-1-di-paul-stanley-kiss\/\" target=\"_new\" rel=\"noopener\">chitarra dei KISS<\/a><\/strong>, il <strong><a href=\"https:\/\/www.matts-guitar-shop.com\/it\/produit\/basso-di-gene-simmons-dipinto-a-mano-dallo-stesso-gene\/\" target=\"_new\" rel=\"noopener\">basso di Gene Simmons<\/a><\/strong> o ancora la leggendaria <strong><a href=\"https:\/\/www.matts-guitar-shop.com\/it\/produit\/fender-custom-shop-telecaster-keith-richards-prototype\/\" target=\"_new\" rel=\"noopener\">Keith Richards Telecaster Guitar<\/a><\/strong>.<\/p>\n","protected":false},"featured_media":21309,"comment_status":"open","ping_status":"closed","template":"","meta":{"_et_pb_use_builder":"","_et_pb_old_content":"","_et_gb_content_width":""},"product_brand":[],"product_cat":[848,850,844],"product_tag":[],"class_list":{"0":"post-21308","1":"product","2":"type-product","3":"status-publish","4":"has-post-thumbnail","6":"product_cat-bassi","7":"product_cat-chitarre-iconiche","8":"product_cat-artisti","9":"pa_artiste-cliff-williams-it","10":"pa_disponibilite-in-vendita","11":"pa_marque-music-man-it","13":"first","14":"instock","15":"shipping-taxable","16":"product-type-simple"},"yoast_head":"<!-- This site is optimized with the Yoast SEO plugin v26.8 - https:\/\/yoast.com\/product\/yoast-seo-wordpress\/ -->\n<title>Basso di Cliff Williams 1976 Music Man StingRay - Matt&#039;s Guitar Shop<\/title>\n<meta name=\"description\" content=\"La collezione del Matt\u2019s Guitar Shop non \u00e8 priva di alcune basse leggendarie. In questo contesto, questa Music Man StingRay \u00e8 un vero pezzo di storia.\" \/>\n<meta name=\"robots\" content=\"index, follow, max-snippet:-1, max-image-preview:large, max-video-preview:-1\" \/>\n<link rel=\"canonical\" href=\"https:\/\/www.matts-guitar-shop.com\/it\/produit\/music-man-stingray-del-1976-di-cliff-williams\/\" \/>\n<meta property=\"og:locale\" content=\"it_IT\" \/>\n<meta property=\"og:type\" content=\"article\" \/>\n<meta property=\"og:title\" content=\"Basso di Cliff Williams 1976 Music Man StingRay - Matt&#039;s Guitar Shop\" \/>\n<meta property=\"og:description\" content=\"La collezione del Matt\u2019s Guitar Shop non \u00e8 priva di alcune basse leggendarie. In questo contesto, questa Music Man StingRay \u00e8 un vero pezzo di storia.\" \/>\n<meta property=\"og:url\" content=\"https:\/\/www.matts-guitar-shop.com\/it\/produit\/music-man-stingray-del-1976-di-cliff-williams\/\" \/>\n<meta property=\"og:site_name\" content=\"Matt&#039;s Guitar Shop\" \/>\n<meta property=\"article:publisher\" content=\"https:\/\/www.facebook.com\/profile.php?id=100044359842817\" \/>\n<meta property=\"article:modified_time\" content=\"2026-01-12T17:08:29+00:00\" \/>\n<meta property=\"og:image\" content=\"https:\/\/www.matts-guitar-shop.com\/wp-content\/uploads\/2024\/12\/cliff-williams-1976-music-man-stingray-81.jpg\" \/>\n\t<meta property=\"og:image:width\" content=\"800\" \/>\n\t<meta property=\"og:image:height\" content=\"1000\" \/>\n\t<meta property=\"og:image:type\" content=\"image\/jpeg\" \/>\n<meta name=\"twitter:card\" content=\"summary_large_image\" \/>\n<meta name=\"twitter:label1\" content=\"Tempo di lettura stimato\" \/>\n\t<meta name=\"twitter:data1\" content=\"1 minuto\" \/>\n<script type=\"application\/ld+json\" class=\"yoast-schema-graph\">{\"@context\":\"https:\/\/schema.org\",\"@graph\":[{\"@type\":\"WebPage\",\"@id\":\"https:\/\/www.matts-guitar-shop.com\/it\/produit\/music-man-stingray-del-1976-di-cliff-williams\/\",\"url\":\"https:\/\/www.matts-guitar-shop.com\/it\/produit\/music-man-stingray-del-1976-di-cliff-williams\/\",\"name\":\"Basso di Cliff Williams 1976 Music Man StingRay - Matt&#039;s Guitar Shop\",\"isPartOf\":{\"@id\":\"https:\/\/www.matts-guitar-shop.com\/it\/#website\"},\"primaryImageOfPage\":{\"@id\":\"https:\/\/www.matts-guitar-shop.com\/it\/produit\/music-man-stingray-del-1976-di-cliff-williams\/#primaryimage\"},\"image\":{\"@id\":\"https:\/\/www.matts-guitar-shop.com\/it\/produit\/music-man-stingray-del-1976-di-cliff-williams\/#primaryimage\"},\"thumbnailUrl\":\"https:\/\/www.matts-guitar-shop.com\/wp-content\/uploads\/2024\/12\/cliff-williams-1976-music-man-stingray-81.jpg\",\"datePublished\":\"2024-12-16T23:22:06+00:00\",\"dateModified\":\"2026-01-12T17:08:29+00:00\",\"description\":\"La collezione del Matt\u2019s Guitar Shop non \u00e8 priva di alcune basse leggendarie. In questo contesto, questa Music Man StingRay \u00e8 un vero pezzo di storia.\",\"breadcrumb\":{\"@id\":\"https:\/\/www.matts-guitar-shop.com\/it\/produit\/music-man-stingray-del-1976-di-cliff-williams\/#breadcrumb\"},\"inLanguage\":\"it-IT\",\"potentialAction\":[{\"@type\":\"ReadAction\",\"target\":[\"https:\/\/www.matts-guitar-shop.com\/it\/produit\/music-man-stingray-del-1976-di-cliff-williams\/\"]}]},{\"@type\":\"ImageObject\",\"inLanguage\":\"it-IT\",\"@id\":\"https:\/\/www.matts-guitar-shop.com\/it\/produit\/music-man-stingray-del-1976-di-cliff-williams\/#primaryimage\",\"url\":\"https:\/\/www.matts-guitar-shop.com\/wp-content\/uploads\/2024\/12\/cliff-williams-1976-music-man-stingray-81.jpg\",\"contentUrl\":\"https:\/\/www.matts-guitar-shop.com\/wp-content\/uploads\/2024\/12\/cliff-williams-1976-music-man-stingray-81.jpg\",\"width\":800,\"height\":1000,\"caption\":\"cliff william bass\"},{\"@type\":\"BreadcrumbList\",\"@id\":\"https:\/\/www.matts-guitar-shop.com\/it\/produit\/music-man-stingray-del-1976-di-cliff-williams\/#breadcrumb\",\"itemListElement\":[{\"@type\":\"ListItem\",\"position\":1,\"name\":\"Home\",\"item\":\"https:\/\/www.matts-guitar-shop.com\/it\/\"},{\"@type\":\"ListItem\",\"position\":2,\"name\":\"I nostri prodotti\",\"item\":\"https:\/\/www.matts-guitar-shop.com\/nos-produits\/\"},{\"@type\":\"ListItem\",\"position\":3,\"name\":\"Music Man StingRay del 1976 di Cliff Williams\"}]},{\"@type\":\"WebSite\",\"@id\":\"https:\/\/www.matts-guitar-shop.com\/it\/#website\",\"url\":\"https:\/\/www.matts-guitar-shop.com\/it\/\",\"name\":\"matts-guitar-shop.com\",\"description\":\"Guitar Shop\",\"publisher\":{\"@id\":\"https:\/\/www.matts-guitar-shop.com\/it\/#organization\"},\"potentialAction\":[{\"@type\":\"SearchAction\",\"target\":{\"@type\":\"EntryPoint\",\"urlTemplate\":\"https:\/\/www.matts-guitar-shop.com\/it\/?s={search_term_string}\"},\"query-input\":{\"@type\":\"PropertyValueSpecification\",\"valueRequired\":true,\"valueName\":\"search_term_string\"}}],\"inLanguage\":\"it-IT\"},{\"@type\":\"Organization\",\"@id\":\"https:\/\/www.matts-guitar-shop.com\/it\/#organization\",\"name\":\"matts-guitar-shop.com\",\"url\":\"https:\/\/www.matts-guitar-shop.com\/it\/\",\"logo\":{\"@type\":\"ImageObject\",\"inLanguage\":\"it-IT\",\"@id\":\"https:\/\/www.matts-guitar-shop.com\/it\/#\/schema\/logo\/image\/\",\"url\":\"https:\/\/www.matts-guitar-shop.com\/wp-content\/uploads\/2024\/09\/MGS-logo-site-02.png\",\"contentUrl\":\"https:\/\/www.matts-guitar-shop.com\/wp-content\/uploads\/2024\/09\/MGS-logo-site-02.png\",\"width\":200,\"height\":122,\"caption\":\"matts-guitar-shop.com\"},\"image\":{\"@id\":\"https:\/\/www.matts-guitar-shop.com\/it\/#\/schema\/logo\/image\/\"},\"sameAs\":[\"https:\/\/www.facebook.com\/profile.php?id=100044359842817\",\"https:\/\/www.instagram.com\/mattsguitarshop\/\",\"https:\/\/www.youtube.com\/@MattLucasMan\/videos\"]}]}<\/script>\n<!-- \/ Yoast SEO plugin. -->","yoast_head_json":{"title":"Basso di Cliff Williams 1976 Music Man StingRay - Matt&#039;s Guitar Shop","description":"La collezione del Matt\u2019s Guitar Shop non \u00e8 priva di alcune basse leggendarie. In questo contesto, questa Music Man StingRay \u00e8 un vero pezzo di storia.","robots":{"index":"index","follow":"follow","max-snippet":"max-snippet:-1","max-image-preview":"max-image-preview:large","max-video-preview":"max-video-preview:-1"},"canonical":"https:\/\/www.matts-guitar-shop.com\/it\/produit\/music-man-stingray-del-1976-di-cliff-williams\/","og_locale":"it_IT","og_type":"article","og_title":"Basso di Cliff Williams 1976 Music Man StingRay - Matt&#039;s Guitar Shop","og_description":"La collezione del Matt\u2019s Guitar Shop non \u00e8 priva di alcune basse leggendarie. In questo contesto, questa Music Man StingRay \u00e8 un vero pezzo di storia.","og_url":"https:\/\/www.matts-guitar-shop.com\/it\/produit\/music-man-stingray-del-1976-di-cliff-williams\/","og_site_name":"Matt&#039;s Guitar Shop","article_publisher":"https:\/\/www.facebook.com\/profile.php?id=100044359842817","article_modified_time":"2026-01-12T17:08:29+00:00","og_image":[{"width":800,"height":1000,"url":"https:\/\/www.matts-guitar-shop.com\/wp-content\/uploads\/2024\/12\/cliff-williams-1976-music-man-stingray-81.jpg","type":"image\/jpeg"}],"twitter_card":"summary_large_image","twitter_misc":{"Tempo di lettura stimato":"1 minuto"},"schema":{"@context":"https:\/\/schema.org","@graph":[{"@type":"WebPage","@id":"https:\/\/www.matts-guitar-shop.com\/it\/produit\/music-man-stingray-del-1976-di-cliff-williams\/","url":"https:\/\/www.matts-guitar-shop.com\/it\/produit\/music-man-stingray-del-1976-di-cliff-williams\/","name":"Basso di Cliff Williams 1976 Music Man StingRay - Matt&#039;s Guitar Shop","isPartOf":{"@id":"https:\/\/www.matts-guitar-shop.com\/it\/#website"},"primaryImageOfPage":{"@id":"https:\/\/www.matts-guitar-shop.com\/it\/produit\/music-man-stingray-del-1976-di-cliff-williams\/#primaryimage"},"image":{"@id":"https:\/\/www.matts-guitar-shop.com\/it\/produit\/music-man-stingray-del-1976-di-cliff-williams\/#primaryimage"},"thumbnailUrl":"https:\/\/www.matts-guitar-shop.com\/wp-content\/uploads\/2024\/12\/cliff-williams-1976-music-man-stingray-81.jpg","datePublished":"2024-12-16T23:22:06+00:00","dateModified":"2026-01-12T17:08:29+00:00","description":"La collezione del Matt\u2019s Guitar Shop non \u00e8 priva di alcune basse leggendarie. In questo contesto, questa Music Man StingRay \u00e8 un vero pezzo di storia.","breadcrumb":{"@id":"https:\/\/www.matts-guitar-shop.com\/it\/produit\/music-man-stingray-del-1976-di-cliff-williams\/#breadcrumb"},"inLanguage":"it-IT","potentialAction":[{"@type":"ReadAction","target":["https:\/\/www.matts-guitar-shop.com\/it\/produit\/music-man-stingray-del-1976-di-cliff-williams\/"]}]},{"@type":"ImageObject","inLanguage":"it-IT","@id":"https:\/\/www.matts-guitar-shop.com\/it\/produit\/music-man-stingray-del-1976-di-cliff-williams\/#primaryimage","url":"https:\/\/www.matts-guitar-shop.com\/wp-content\/uploads\/2024\/12\/cliff-williams-1976-music-man-stingray-81.jpg","contentUrl":"https:\/\/www.matts-guitar-shop.com\/wp-content\/uploads\/2024\/12\/cliff-williams-1976-music-man-stingray-81.jpg","width":800,"height":1000,"caption":"cliff william bass"},{"@type":"BreadcrumbList","@id":"https:\/\/www.matts-guitar-shop.com\/it\/produit\/music-man-stingray-del-1976-di-cliff-williams\/#breadcrumb","itemListElement":[{"@type":"ListItem","position":1,"name":"Home","item":"https:\/\/www.matts-guitar-shop.com\/it\/"},{"@type":"ListItem","position":2,"name":"I nostri prodotti","item":"https:\/\/www.matts-guitar-shop.com\/nos-produits\/"},{"@type":"ListItem","position":3,"name":"Music Man StingRay del 1976 di Cliff Williams"}]},{"@type":"WebSite","@id":"https:\/\/www.matts-guitar-shop.com\/it\/#website","url":"https:\/\/www.matts-guitar-shop.com\/it\/","name":"matts-guitar-shop.com","description":"Guitar Shop","publisher":{"@id":"https:\/\/www.matts-guitar-shop.com\/it\/#organization"},"potentialAction":[{"@type":"SearchAction","target":{"@type":"EntryPoint","urlTemplate":"https:\/\/www.matts-guitar-shop.com\/it\/?s={search_term_string}"},"query-input":{"@type":"PropertyValueSpecification","valueRequired":true,"valueName":"search_term_string"}}],"inLanguage":"it-IT"},{"@type":"Organization","@id":"https:\/\/www.matts-guitar-shop.com\/it\/#organization","name":"matts-guitar-shop.com","url":"https:\/\/www.matts-guitar-shop.com\/it\/","logo":{"@type":"ImageObject","inLanguage":"it-IT","@id":"https:\/\/www.matts-guitar-shop.com\/it\/#\/schema\/logo\/image\/","url":"https:\/\/www.matts-guitar-shop.com\/wp-content\/uploads\/2024\/09\/MGS-logo-site-02.png","contentUrl":"https:\/\/www.matts-guitar-shop.com\/wp-content\/uploads\/2024\/09\/MGS-logo-site-02.png","width":200,"height":122,"caption":"matts-guitar-shop.com"},"image":{"@id":"https:\/\/www.matts-guitar-shop.com\/it\/#\/schema\/logo\/image\/"},"sameAs":["https:\/\/www.facebook.com\/profile.php?id=100044359842817","https:\/\/www.instagram.com\/mattsguitarshop\/","https:\/\/www.youtube.com\/@MattLucasMan\/videos"]}]}},"_links":{"self":[{"href":"https:\/\/www.matts-guitar-shop.com\/it\/wp-json\/wp\/v2\/product\/21308","targetHints":{"allow":["GET"]}}],"collection":[{"href":"https:\/\/www.matts-guitar-shop.com\/it\/wp-json\/wp\/v2\/product"}],"about":[{"href":"https:\/\/www.matts-guitar-shop.com\/it\/wp-json\/wp\/v2\/types\/product"}],"replies":[{"embeddable":true,"href":"https:\/\/www.matts-guitar-shop.com\/it\/wp-json\/wp\/v2\/comments?post=21308"}],"wp:featuredmedia":[{"embeddable":true,"href":"https:\/\/www.matts-guitar-shop.com\/it\/wp-json\/wp\/v2\/media\/21309"}],"wp:attachment":[{"href":"https:\/\/www.matts-guitar-shop.com\/it\/wp-json\/wp\/v2\/media?parent=21308"}],"wp:term":[{"taxonomy":"product_brand","embeddable":true,"href":"https:\/\/www.matts-guitar-shop.com\/it\/wp-json\/wp\/v2\/product_brand?post=21308"},{"taxonomy":"product_cat","embeddable":true,"href":"https:\/\/www.matts-guitar-shop.com\/it\/wp-json\/wp\/v2\/product_cat?post=21308"},{"taxonomy":"product_tag","embeddable":true,"href":"https:\/\/www.matts-guitar-shop.com\/it\/wp-json\/wp\/v2\/product_tag?post=21308"}],"curies":[{"name":"wp","href":"https:\/\/api.w.org\/{rel}","templated":true}]}}