{"id":21297,"date":"2024-12-17T00:05:31","date_gmt":"2024-12-16T23:05:31","guid":{"rendered":"https:\/\/www.matts-guitar-shop.com\/produit\/gibson-es-345-memphis-custom-shop-di-marcus-king\/"},"modified":"2025-11-22T13:25:39","modified_gmt":"2025-11-22T12:25:39","slug":"gibson-es-345-memphis-custom-shop-di-marcus-king","status":"publish","type":"product","link":"https:\/\/www.matts-guitar-shop.com\/it\/produit\/gibson-es-345-memphis-custom-shop-di-marcus-king\/","title":{"rendered":"Gibson ES-345 Memphis Custom Shop di Marcus King"},"content":{"rendered":"<h2>Marcus King<\/h2>\n<p>La storia del blues \u00e8 segnata da nomi importanti che si sono imposti come pilastri e figure tutelari. Tra questi, i \u201cKing\u201d rappresentano veri e propri monumenti. B.B. King, Albert King e Freddie King sono tre leggende assolute che hanno plasmato il blues americano e aperto la strada a intere generazioni di chitarristi. Molti anni dopo, un giovane talento della Carolina del Sud di nome <strong>Marcus King<\/strong> ha riportato questo cognome in cima alle classifiche, ricordando al mondo che, quando si parla di blues rock, sono davvero dei re.<\/p>\n<p>Nato in una famiglia di musicisti \u2014 suo padre Marvin King era una figura rispettata della scena locale \u2014 il musicista americano Marcus King \u00e8 apparso a met\u00e0 degli anni 2010 con una formula musicale che unisce soul, blues, rock, gospel e jazz. Dimostrava gi\u00e0 un notevole grado di maturit\u00e0 e metteva il suo chitarrismo intriso di blues al servizio di composizioni che non tardarono ad attirare l\u2019attenzione. Attraverso album e performance caratterizzati da una disciplina e un\u2019ambizione eccezionali, Marcus King ha consolidato il suo status di virtuoso del blues. Oggi \u00e8 uno dei chitarristi pi\u00f9 talentuosi della sua generazione, capace di circondarsi dei migliori musicisti nella sua band (tra cui il chitarrista Drew Smithers) e di rendere omaggi vibranti alle grandi icone che lo hanno ispirato. Una cosa \u00e8 certa: portando il nome King, Marcus non ha semplicemente ereditato un cognome \u2014 ha abbracciato l\u2019immenso lascito dei tre King del blues, un\u2019eredit\u00e0 che sembra averlo scelto.<\/p>\n","protected":false},"excerpt":{"rendered":"<p>Inserendosi nella tradizione dei grandi maestri del blues, <b>Marcus King<\/b> ha fatto della Gibson ES la sua chitarra prediletta. Ma prima della sua famosa \u00abBig Red\u00bb, replicata dalla Gibson, e delle chitarre vintage che ha potuto acquistare successivamente, il suo strumento principale era una <b>Gibson ES-345<\/b> Memphis Custom Shop. \u00c8 questa chitarra che ha arricchito la collezione del Matt\u2019s Guitar Shop ormai qualche anno fa.<\/p>\n<p>Sono rari gli strumenti suonati cos\u00ec a lungo, intensamente e appassionatamente da un giovane artista che li conosceva a memoria. Questo \u00e8 il caso di questa ES-345, che ha accompagnato fedelmente gli esordi di Marcus King. \u00c8 stata <b>la sua chitarra principale<\/b> dal 2014 al 2020, quella che portava sulle spalle di locale in locale. Era anche la sua chitarra privilegiata in studio, in particolare nell\u2019album <i>Carolina Confession<\/i> (2018), dove lo strumento si distingue soprattutto nel brano <i>Homesick<\/i>.<\/p>\n<p>Questa Gibson ES-345 non \u00e8 pi\u00f9 una semplice Memphis Custom Shop. Le ore inquantificabili di utilizzo le hanno conferito un\u2019apertura rara, una proiezione straordinaria e un\u2019evidente facilit\u00e0 di suono. Diverse tracce e segni sul corpo testimoniano anche gli anni trascorsi vagando da un concerto all\u2019altro, consolidando gradualmente la reputazione di Marcus King.<\/p>\n","protected":false},"featured_media":21298,"comment_status":"open","ping_status":"closed","template":"","meta":{"_et_pb_use_builder":"","_et_pb_old_content":"","_et_gb_content_width":""},"product_brand":[],"product_cat":[851,850,846,844,847],"product_tag":[],"class_list":{"0":"post-21297","1":"product","2":"type-product","3":"status-publish","4":"has-post-thumbnail","6":"product_cat-chitarre-elettriche","7":"product_cat-chitarre-iconiche","8":"product_cat-venduti","9":"product_cat-artisti","10":"product_cat-chitarre","11":"pa_artiste-marcus-king-it","12":"pa_disponibilite-vendutoa","13":"pa_marque-gibson-it","15":"first","16":"outofstock","17":"shipping-taxable","18":"product-type-simple"},"yoast_head":"<!-- This site is optimized with the Yoast SEO plugin v26.8 - https:\/\/yoast.com\/product\/yoast-seo-wordpress\/ -->\n<title>Gibson ES-345 Memphis Custom Shop di Marcus King - Matt&#039;s Guitar Shop<\/title>\n<meta name=\"description\" content=\"Inserendosi nella tradizione dei pi\u00f9 grandi maestri del blues, Marcus King ha fatto della Gibson ES la sua chitarra prediletta.\" \/>\n<meta name=\"robots\" content=\"index, follow, max-snippet:-1, max-image-preview:large, max-video-preview:-1\" \/>\n<link rel=\"canonical\" href=\"https:\/\/www.matts-guitar-shop.com\/it\/produit\/gibson-es-345-memphis-custom-shop-di-marcus-king\/\" \/>\n<meta property=\"og:locale\" content=\"it_IT\" \/>\n<meta property=\"og:type\" content=\"article\" \/>\n<meta property=\"og:title\" content=\"Gibson ES-345 Memphis Custom Shop di Marcus King - Matt&#039;s Guitar Shop\" \/>\n<meta property=\"og:description\" content=\"Inserendosi nella tradizione dei pi\u00f9 grandi maestri del blues, Marcus King ha fatto della Gibson ES la sua chitarra prediletta.\" \/>\n<meta property=\"og:url\" content=\"https:\/\/www.matts-guitar-shop.com\/it\/produit\/gibson-es-345-memphis-custom-shop-di-marcus-king\/\" \/>\n<meta property=\"og:site_name\" content=\"Matt&#039;s Guitar Shop\" \/>\n<meta property=\"article:publisher\" content=\"https:\/\/www.facebook.com\/profile.php?id=100044359842817\" \/>\n<meta property=\"article:modified_time\" content=\"2025-11-22T12:25:39+00:00\" \/>\n<meta property=\"og:image\" content=\"https:\/\/www.matts-guitar-shop.com\/wp-content\/uploads\/2024\/12\/marcus-king-s-gibson-es-345-memphis-custom-shop-73.jpg\" \/>\n\t<meta property=\"og:image:width\" content=\"800\" \/>\n\t<meta property=\"og:image:height\" content=\"1000\" \/>\n\t<meta property=\"og:image:type\" content=\"image\/jpeg\" \/>\n<meta name=\"twitter:card\" content=\"summary_large_image\" \/>\n<meta name=\"twitter:label1\" content=\"Tempo di lettura stimato\" \/>\n\t<meta name=\"twitter:data1\" content=\"1 minuto\" \/>\n<script type=\"application\/ld+json\" class=\"yoast-schema-graph\">{\"@context\":\"https:\/\/schema.org\",\"@graph\":[{\"@type\":\"WebPage\",\"@id\":\"https:\/\/www.matts-guitar-shop.com\/it\/produit\/gibson-es-345-memphis-custom-shop-di-marcus-king\/\",\"url\":\"https:\/\/www.matts-guitar-shop.com\/it\/produit\/gibson-es-345-memphis-custom-shop-di-marcus-king\/\",\"name\":\"Gibson ES-345 Memphis Custom Shop di Marcus King - Matt&#039;s Guitar Shop\",\"isPartOf\":{\"@id\":\"https:\/\/www.matts-guitar-shop.com\/it\/#website\"},\"primaryImageOfPage\":{\"@id\":\"https:\/\/www.matts-guitar-shop.com\/it\/produit\/gibson-es-345-memphis-custom-shop-di-marcus-king\/#primaryimage\"},\"image\":{\"@id\":\"https:\/\/www.matts-guitar-shop.com\/it\/produit\/gibson-es-345-memphis-custom-shop-di-marcus-king\/#primaryimage\"},\"thumbnailUrl\":\"https:\/\/www.matts-guitar-shop.com\/wp-content\/uploads\/2024\/12\/marcus-king-s-gibson-es-345-memphis-custom-shop-73.jpg\",\"datePublished\":\"2024-12-16T23:05:31+00:00\",\"dateModified\":\"2025-11-22T12:25:39+00:00\",\"description\":\"Inserendosi nella tradizione dei pi\u00f9 grandi maestri del blues, Marcus King ha fatto della Gibson ES la sua chitarra prediletta.\",\"breadcrumb\":{\"@id\":\"https:\/\/www.matts-guitar-shop.com\/it\/produit\/gibson-es-345-memphis-custom-shop-di-marcus-king\/#breadcrumb\"},\"inLanguage\":\"it-IT\",\"potentialAction\":[{\"@type\":\"ReadAction\",\"target\":[\"https:\/\/www.matts-guitar-shop.com\/it\/produit\/gibson-es-345-memphis-custom-shop-di-marcus-king\/\"]}]},{\"@type\":\"ImageObject\",\"inLanguage\":\"it-IT\",\"@id\":\"https:\/\/www.matts-guitar-shop.com\/it\/produit\/gibson-es-345-memphis-custom-shop-di-marcus-king\/#primaryimage\",\"url\":\"https:\/\/www.matts-guitar-shop.com\/wp-content\/uploads\/2024\/12\/marcus-king-s-gibson-es-345-memphis-custom-shop-73.jpg\",\"contentUrl\":\"https:\/\/www.matts-guitar-shop.com\/wp-content\/uploads\/2024\/12\/marcus-king-s-gibson-es-345-memphis-custom-shop-73.jpg\",\"width\":800,\"height\":1000},{\"@type\":\"BreadcrumbList\",\"@id\":\"https:\/\/www.matts-guitar-shop.com\/it\/produit\/gibson-es-345-memphis-custom-shop-di-marcus-king\/#breadcrumb\",\"itemListElement\":[{\"@type\":\"ListItem\",\"position\":1,\"name\":\"Home\",\"item\":\"https:\/\/www.matts-guitar-shop.com\/it\/\"},{\"@type\":\"ListItem\",\"position\":2,\"name\":\"I nostri prodotti\",\"item\":\"https:\/\/www.matts-guitar-shop.com\/nos-produits\/\"},{\"@type\":\"ListItem\",\"position\":3,\"name\":\"Gibson ES-345 Memphis Custom Shop di Marcus King\"}]},{\"@type\":\"WebSite\",\"@id\":\"https:\/\/www.matts-guitar-shop.com\/it\/#website\",\"url\":\"https:\/\/www.matts-guitar-shop.com\/it\/\",\"name\":\"matts-guitar-shop.com\",\"description\":\"Guitar Shop\",\"publisher\":{\"@id\":\"https:\/\/www.matts-guitar-shop.com\/it\/#organization\"},\"potentialAction\":[{\"@type\":\"SearchAction\",\"target\":{\"@type\":\"EntryPoint\",\"urlTemplate\":\"https:\/\/www.matts-guitar-shop.com\/it\/?s={search_term_string}\"},\"query-input\":{\"@type\":\"PropertyValueSpecification\",\"valueRequired\":true,\"valueName\":\"search_term_string\"}}],\"inLanguage\":\"it-IT\"},{\"@type\":\"Organization\",\"@id\":\"https:\/\/www.matts-guitar-shop.com\/it\/#organization\",\"name\":\"matts-guitar-shop.com\",\"url\":\"https:\/\/www.matts-guitar-shop.com\/it\/\",\"logo\":{\"@type\":\"ImageObject\",\"inLanguage\":\"it-IT\",\"@id\":\"https:\/\/www.matts-guitar-shop.com\/it\/#\/schema\/logo\/image\/\",\"url\":\"https:\/\/www.matts-guitar-shop.com\/wp-content\/uploads\/2024\/09\/MGS-logo-site-02.png\",\"contentUrl\":\"https:\/\/www.matts-guitar-shop.com\/wp-content\/uploads\/2024\/09\/MGS-logo-site-02.png\",\"width\":200,\"height\":122,\"caption\":\"matts-guitar-shop.com\"},\"image\":{\"@id\":\"https:\/\/www.matts-guitar-shop.com\/it\/#\/schema\/logo\/image\/\"},\"sameAs\":[\"https:\/\/www.facebook.com\/profile.php?id=100044359842817\",\"https:\/\/www.instagram.com\/mattsguitarshop\/\",\"https:\/\/www.youtube.com\/@MattLucasMan\/videos\"]}]}<\/script>\n<!-- \/ Yoast SEO plugin. -->","yoast_head_json":{"title":"Gibson ES-345 Memphis Custom Shop di Marcus King - Matt&#039;s Guitar Shop","description":"Inserendosi nella tradizione dei pi\u00f9 grandi maestri del blues, Marcus King ha fatto della Gibson ES la sua chitarra prediletta.","robots":{"index":"index","follow":"follow","max-snippet":"max-snippet:-1","max-image-preview":"max-image-preview:large","max-video-preview":"max-video-preview:-1"},"canonical":"https:\/\/www.matts-guitar-shop.com\/it\/produit\/gibson-es-345-memphis-custom-shop-di-marcus-king\/","og_locale":"it_IT","og_type":"article","og_title":"Gibson ES-345 Memphis Custom Shop di Marcus King - Matt&#039;s Guitar Shop","og_description":"Inserendosi nella tradizione dei pi\u00f9 grandi maestri del blues, Marcus King ha fatto della Gibson ES la sua chitarra prediletta.","og_url":"https:\/\/www.matts-guitar-shop.com\/it\/produit\/gibson-es-345-memphis-custom-shop-di-marcus-king\/","og_site_name":"Matt&#039;s Guitar Shop","article_publisher":"https:\/\/www.facebook.com\/profile.php?id=100044359842817","article_modified_time":"2025-11-22T12:25:39+00:00","og_image":[{"width":800,"height":1000,"url":"https:\/\/www.matts-guitar-shop.com\/wp-content\/uploads\/2024\/12\/marcus-king-s-gibson-es-345-memphis-custom-shop-73.jpg","type":"image\/jpeg"}],"twitter_card":"summary_large_image","twitter_misc":{"Tempo di lettura stimato":"1 minuto"},"schema":{"@context":"https:\/\/schema.org","@graph":[{"@type":"WebPage","@id":"https:\/\/www.matts-guitar-shop.com\/it\/produit\/gibson-es-345-memphis-custom-shop-di-marcus-king\/","url":"https:\/\/www.matts-guitar-shop.com\/it\/produit\/gibson-es-345-memphis-custom-shop-di-marcus-king\/","name":"Gibson ES-345 Memphis Custom Shop di Marcus King - Matt&#039;s Guitar Shop","isPartOf":{"@id":"https:\/\/www.matts-guitar-shop.com\/it\/#website"},"primaryImageOfPage":{"@id":"https:\/\/www.matts-guitar-shop.com\/it\/produit\/gibson-es-345-memphis-custom-shop-di-marcus-king\/#primaryimage"},"image":{"@id":"https:\/\/www.matts-guitar-shop.com\/it\/produit\/gibson-es-345-memphis-custom-shop-di-marcus-king\/#primaryimage"},"thumbnailUrl":"https:\/\/www.matts-guitar-shop.com\/wp-content\/uploads\/2024\/12\/marcus-king-s-gibson-es-345-memphis-custom-shop-73.jpg","datePublished":"2024-12-16T23:05:31+00:00","dateModified":"2025-11-22T12:25:39+00:00","description":"Inserendosi nella tradizione dei pi\u00f9 grandi maestri del blues, Marcus King ha fatto della Gibson ES la sua chitarra prediletta.","breadcrumb":{"@id":"https:\/\/www.matts-guitar-shop.com\/it\/produit\/gibson-es-345-memphis-custom-shop-di-marcus-king\/#breadcrumb"},"inLanguage":"it-IT","potentialAction":[{"@type":"ReadAction","target":["https:\/\/www.matts-guitar-shop.com\/it\/produit\/gibson-es-345-memphis-custom-shop-di-marcus-king\/"]}]},{"@type":"ImageObject","inLanguage":"it-IT","@id":"https:\/\/www.matts-guitar-shop.com\/it\/produit\/gibson-es-345-memphis-custom-shop-di-marcus-king\/#primaryimage","url":"https:\/\/www.matts-guitar-shop.com\/wp-content\/uploads\/2024\/12\/marcus-king-s-gibson-es-345-memphis-custom-shop-73.jpg","contentUrl":"https:\/\/www.matts-guitar-shop.com\/wp-content\/uploads\/2024\/12\/marcus-king-s-gibson-es-345-memphis-custom-shop-73.jpg","width":800,"height":1000},{"@type":"BreadcrumbList","@id":"https:\/\/www.matts-guitar-shop.com\/it\/produit\/gibson-es-345-memphis-custom-shop-di-marcus-king\/#breadcrumb","itemListElement":[{"@type":"ListItem","position":1,"name":"Home","item":"https:\/\/www.matts-guitar-shop.com\/it\/"},{"@type":"ListItem","position":2,"name":"I nostri prodotti","item":"https:\/\/www.matts-guitar-shop.com\/nos-produits\/"},{"@type":"ListItem","position":3,"name":"Gibson ES-345 Memphis Custom Shop di Marcus King"}]},{"@type":"WebSite","@id":"https:\/\/www.matts-guitar-shop.com\/it\/#website","url":"https:\/\/www.matts-guitar-shop.com\/it\/","name":"matts-guitar-shop.com","description":"Guitar Shop","publisher":{"@id":"https:\/\/www.matts-guitar-shop.com\/it\/#organization"},"potentialAction":[{"@type":"SearchAction","target":{"@type":"EntryPoint","urlTemplate":"https:\/\/www.matts-guitar-shop.com\/it\/?s={search_term_string}"},"query-input":{"@type":"PropertyValueSpecification","valueRequired":true,"valueName":"search_term_string"}}],"inLanguage":"it-IT"},{"@type":"Organization","@id":"https:\/\/www.matts-guitar-shop.com\/it\/#organization","name":"matts-guitar-shop.com","url":"https:\/\/www.matts-guitar-shop.com\/it\/","logo":{"@type":"ImageObject","inLanguage":"it-IT","@id":"https:\/\/www.matts-guitar-shop.com\/it\/#\/schema\/logo\/image\/","url":"https:\/\/www.matts-guitar-shop.com\/wp-content\/uploads\/2024\/09\/MGS-logo-site-02.png","contentUrl":"https:\/\/www.matts-guitar-shop.com\/wp-content\/uploads\/2024\/09\/MGS-logo-site-02.png","width":200,"height":122,"caption":"matts-guitar-shop.com"},"image":{"@id":"https:\/\/www.matts-guitar-shop.com\/it\/#\/schema\/logo\/image\/"},"sameAs":["https:\/\/www.facebook.com\/profile.php?id=100044359842817","https:\/\/www.instagram.com\/mattsguitarshop\/","https:\/\/www.youtube.com\/@MattLucasMan\/videos"]}]}},"_links":{"self":[{"href":"https:\/\/www.matts-guitar-shop.com\/it\/wp-json\/wp\/v2\/product\/21297","targetHints":{"allow":["GET"]}}],"collection":[{"href":"https:\/\/www.matts-guitar-shop.com\/it\/wp-json\/wp\/v2\/product"}],"about":[{"href":"https:\/\/www.matts-guitar-shop.com\/it\/wp-json\/wp\/v2\/types\/product"}],"replies":[{"embeddable":true,"href":"https:\/\/www.matts-guitar-shop.com\/it\/wp-json\/wp\/v2\/comments?post=21297"}],"wp:featuredmedia":[{"embeddable":true,"href":"https:\/\/www.matts-guitar-shop.com\/it\/wp-json\/wp\/v2\/media\/21298"}],"wp:attachment":[{"href":"https:\/\/www.matts-guitar-shop.com\/it\/wp-json\/wp\/v2\/media?parent=21297"}],"wp:term":[{"taxonomy":"product_brand","embeddable":true,"href":"https:\/\/www.matts-guitar-shop.com\/it\/wp-json\/wp\/v2\/product_brand?post=21297"},{"taxonomy":"product_cat","embeddable":true,"href":"https:\/\/www.matts-guitar-shop.com\/it\/wp-json\/wp\/v2\/product_cat?post=21297"},{"taxonomy":"product_tag","embeddable":true,"href":"https:\/\/www.matts-guitar-shop.com\/it\/wp-json\/wp\/v2\/product_tag?post=21297"}],"curies":[{"name":"wp","href":"https:\/\/api.w.org\/{rel}","templated":true}]}}