{"id":21253,"date":"2024-12-16T17:47:44","date_gmt":"2024-12-16T16:47:44","guid":{"rendered":"https:\/\/www.matts-guitar-shop.com\/produit\/gibson-les-paul-custom-bianca-del-1974-di-steve-jones-utilizzata-con-i-sex-pistols\/"},"modified":"2024-12-16T17:47:44","modified_gmt":"2024-12-16T16:47:44","slug":"gibson-les-paul-custom-bianca-del-1974-di-steve-jones-utilizzata-con-i-sex-pistols","status":"publish","type":"product","link":"https:\/\/www.matts-guitar-shop.com\/it\/produit\/gibson-les-paul-custom-bianca-del-1974-di-steve-jones-utilizzata-con-i-sex-pistols\/","title":{"rendered":"Gibson Les Paul Custom bianca del 1974 di Steve Jones, utilizzata con i Sex Pistols"},"content":{"rendered":"<p>Steve Jones<br \/>\nSex Pistols<\/p>\n","protected":false},"excerpt":{"rendered":"<p><b>Pi\u00f9 di una semplice chitarra, questa Les Paul Custom del 1974 ha rivoluzionato la musica, trasgredito codici politici e sociali, provocato la corona britannica e accompagnato un\u2019intera cultura di ribellione e rabbia. \u00c8 una delle due chitarre utilizzate da Steve Jones per la registrazione dell\u2019album simbolo dei Sex Pistols, <i>Never Mind The Bollocks, Here\u2019s the Sex Pistols<\/i> (1977), e la chitarra principale usata poi nei concerti.<\/b><\/p>\n<p>Chitarra di locali umidi e infuocati, di inni pieni di rabbia e furia, e di riff incisivi e precisi, la Les Paul Custom bianca di Steve Jones \u00e8 entrata nella <b>storia del punk<\/b> al pari dell\u2019atteggiamento spavaldo e insolente di Johnny Rotten. Dire che abbia scatenato una rivoluzione \u00e8 audace. Tuttavia, \u00e8 uno degli strumenti pi\u00f9 <b>sovversivi<\/b> della recente storia politica occidentale. Stretta sorvegliata, criticata e poi censurata, questa chitarra contiene molto pi\u00f9 di note pronte a risuonare: \u00e8 abitata dalla sostanza della rivoluzione punk e dai suoi ideali.<\/p>\n<p>Se questa chitarra \u00e8 entrata nella posterit\u00e0 tra le mani di Steve Jones, ha una storia molto pi\u00f9 densa del suo \u00absolo\u00bb passaggio nella band punk pi\u00f9 potente del Regno Unito. Infatti, era uno degli strumenti di Syl Sylvain, chitarrista emblematico del gruppo punk dei <b><i>New York Dolls<\/i><\/b>. Si racconta che il loro manager dell\u2019epoca, lo stesso Malcolm McLaren all\u2019origine della creazione dei <b>Sex Pistols<\/b>, avrebbe preso questa chitarra come pagamento, per poi consegnarla al suo nuovo protetto Steve Jones. La chitarra aveva allora due adesivi di pin-up sensuali sul top, distinguendola tra tutte le altre.<\/p>\n<p>Essa <b>scompare<\/b> misteriosamente dopo un tour fallito dei Sex Pistols negli Stati Uniti nel 1978, circondata da tutti i fantasmi e le fantasie che una tale reliquia culturale suscita. La leggendaria Les Paul <b>riappare nel 2024<\/b>, acquisita dal Matt\u2019s Guitar Shop dopo un lungo lavoro di autenticazione. Presumibilmente venduta pi\u00f9 volte dallo stesso Steve Jones, questa Gibson Les Paul Custom del 1974 \u00e8 davvero l\u2019originale.<\/p>\n<p>Sempre animato da una sete di condivisione e dal desiderio di riportare strumenti storici in un contesto contemporaneo, il Matt\u2019s Guitar Shop presta regolarmente questa chitarra ad artisti influenzati dai Sex Pistols. \u00c8 stata cos\u00ec suonata da Billie Joe Armstrong con i Green Day a giugno 2024, poi da Craig Ross con Lenny Kravitz e da Yungblud a luglio 2024, e infine da Deryck Whibley con i Sum 41 per l\u2019ultimo concerto europeo della storia del gruppo. Questi artisti ricordano cos\u00ec quanto i Sex Pistols abbiano costruito un movimento e rivoluzionato il punk.<\/p>\n","protected":false},"featured_media":21254,"comment_status":"open","ping_status":"closed","template":"","meta":{"_et_pb_use_builder":"","_et_pb_old_content":"","_et_gb_content_width":""},"product_brand":[],"product_cat":[850,846,844],"product_tag":[],"class_list":{"0":"post-21253","1":"product","2":"type-product","3":"status-publish","4":"has-post-thumbnail","6":"product_cat-chitarre-iconiche","7":"product_cat-venduti","8":"product_cat-artisti","9":"pa_artiste-sex-pistols-it","10":"pa_artiste-steve-jones-it","11":"pa_disponibilite-vendutoa","12":"pa_marque-gibson-it","14":"first","15":"outofstock","16":"shipping-taxable","17":"product-type-simple"},"yoast_head":"<!-- This site is optimized with the Yoast SEO plugin v26.8 - https:\/\/yoast.com\/product\/yoast-seo-wordpress\/ -->\n<title>Gibson Les Paul Custom bianca del 1974 di Steve Jones, utilizzata con i Sex Pistols - Matt&#039;s Guitar Shop<\/title>\n<meta name=\"description\" content=\"Pi\u00f9 di una semplice chitarra, questa Les Paul Custom del 1974 ha rivoluzionato la musica e trasgredito i codici politici e sociali\" \/>\n<meta name=\"robots\" content=\"index, follow, max-snippet:-1, max-image-preview:large, max-video-preview:-1\" \/>\n<link rel=\"canonical\" href=\"https:\/\/www.matts-guitar-shop.com\/it\/produit\/gibson-les-paul-custom-bianca-del-1974-di-steve-jones-utilizzata-con-i-sex-pistols\/\" \/>\n<meta property=\"og:locale\" content=\"it_IT\" \/>\n<meta property=\"og:type\" content=\"article\" \/>\n<meta property=\"og:title\" content=\"Gibson Les Paul Custom bianca del 1974 di Steve Jones, utilizzata con i Sex Pistols - Matt&#039;s Guitar Shop\" \/>\n<meta property=\"og:description\" content=\"Pi\u00f9 di una semplice chitarra, questa Les Paul Custom del 1974 ha rivoluzionato la musica e trasgredito i codici politici e sociali\" \/>\n<meta property=\"og:url\" content=\"https:\/\/www.matts-guitar-shop.com\/it\/produit\/gibson-les-paul-custom-bianca-del-1974-di-steve-jones-utilizzata-con-i-sex-pistols\/\" \/>\n<meta property=\"og:site_name\" content=\"Matt&#039;s Guitar Shop\" \/>\n<meta property=\"article:publisher\" content=\"https:\/\/www.facebook.com\/profile.php?id=100044359842817\" \/>\n<meta property=\"og:image\" content=\"https:\/\/www.matts-guitar-shop.com\/wp-content\/uploads\/2024\/12\/steve-jones-white-1974-gibson-les-paul-custom-92.jpg\" \/>\n\t<meta property=\"og:image:width\" content=\"800\" \/>\n\t<meta property=\"og:image:height\" content=\"1000\" \/>\n\t<meta property=\"og:image:type\" content=\"image\/jpeg\" \/>\n<meta name=\"twitter:card\" content=\"summary_large_image\" \/>\n<script type=\"application\/ld+json\" class=\"yoast-schema-graph\">{\"@context\":\"https:\/\/schema.org\",\"@graph\":[{\"@type\":\"WebPage\",\"@id\":\"https:\/\/www.matts-guitar-shop.com\/it\/produit\/gibson-les-paul-custom-bianca-del-1974-di-steve-jones-utilizzata-con-i-sex-pistols\/\",\"url\":\"https:\/\/www.matts-guitar-shop.com\/it\/produit\/gibson-les-paul-custom-bianca-del-1974-di-steve-jones-utilizzata-con-i-sex-pistols\/\",\"name\":\"Gibson Les Paul Custom bianca del 1974 di Steve Jones, utilizzata con i Sex Pistols - Matt&#039;s Guitar Shop\",\"isPartOf\":{\"@id\":\"https:\/\/www.matts-guitar-shop.com\/it\/#website\"},\"primaryImageOfPage\":{\"@id\":\"https:\/\/www.matts-guitar-shop.com\/it\/produit\/gibson-les-paul-custom-bianca-del-1974-di-steve-jones-utilizzata-con-i-sex-pistols\/#primaryimage\"},\"image\":{\"@id\":\"https:\/\/www.matts-guitar-shop.com\/it\/produit\/gibson-les-paul-custom-bianca-del-1974-di-steve-jones-utilizzata-con-i-sex-pistols\/#primaryimage\"},\"thumbnailUrl\":\"https:\/\/www.matts-guitar-shop.com\/wp-content\/uploads\/2024\/12\/steve-jones-white-1974-gibson-les-paul-custom-92.jpg\",\"datePublished\":\"2024-12-16T16:47:44+00:00\",\"description\":\"Pi\u00f9 di una semplice chitarra, questa Les Paul Custom del 1974 ha rivoluzionato la musica e trasgredito i codici politici e sociali\",\"breadcrumb\":{\"@id\":\"https:\/\/www.matts-guitar-shop.com\/it\/produit\/gibson-les-paul-custom-bianca-del-1974-di-steve-jones-utilizzata-con-i-sex-pistols\/#breadcrumb\"},\"inLanguage\":\"it-IT\",\"potentialAction\":[{\"@type\":\"ReadAction\",\"target\":[\"https:\/\/www.matts-guitar-shop.com\/it\/produit\/gibson-les-paul-custom-bianca-del-1974-di-steve-jones-utilizzata-con-i-sex-pistols\/\"]}]},{\"@type\":\"ImageObject\",\"inLanguage\":\"it-IT\",\"@id\":\"https:\/\/www.matts-guitar-shop.com\/it\/produit\/gibson-les-paul-custom-bianca-del-1974-di-steve-jones-utilizzata-con-i-sex-pistols\/#primaryimage\",\"url\":\"https:\/\/www.matts-guitar-shop.com\/wp-content\/uploads\/2024\/12\/steve-jones-white-1974-gibson-les-paul-custom-92.jpg\",\"contentUrl\":\"https:\/\/www.matts-guitar-shop.com\/wp-content\/uploads\/2024\/12\/steve-jones-white-1974-gibson-les-paul-custom-92.jpg\",\"width\":800,\"height\":1000},{\"@type\":\"BreadcrumbList\",\"@id\":\"https:\/\/www.matts-guitar-shop.com\/it\/produit\/gibson-les-paul-custom-bianca-del-1974-di-steve-jones-utilizzata-con-i-sex-pistols\/#breadcrumb\",\"itemListElement\":[{\"@type\":\"ListItem\",\"position\":1,\"name\":\"Home\",\"item\":\"https:\/\/www.matts-guitar-shop.com\/it\/\"},{\"@type\":\"ListItem\",\"position\":2,\"name\":\"I nostri prodotti\",\"item\":\"https:\/\/www.matts-guitar-shop.com\/nos-produits\/\"},{\"@type\":\"ListItem\",\"position\":3,\"name\":\"Gibson Les Paul Custom bianca del 1974 di Steve Jones, utilizzata con i Sex Pistols\"}]},{\"@type\":\"WebSite\",\"@id\":\"https:\/\/www.matts-guitar-shop.com\/it\/#website\",\"url\":\"https:\/\/www.matts-guitar-shop.com\/it\/\",\"name\":\"matts-guitar-shop.com\",\"description\":\"Guitar Shop\",\"publisher\":{\"@id\":\"https:\/\/www.matts-guitar-shop.com\/it\/#organization\"},\"potentialAction\":[{\"@type\":\"SearchAction\",\"target\":{\"@type\":\"EntryPoint\",\"urlTemplate\":\"https:\/\/www.matts-guitar-shop.com\/it\/?s={search_term_string}\"},\"query-input\":{\"@type\":\"PropertyValueSpecification\",\"valueRequired\":true,\"valueName\":\"search_term_string\"}}],\"inLanguage\":\"it-IT\"},{\"@type\":\"Organization\",\"@id\":\"https:\/\/www.matts-guitar-shop.com\/it\/#organization\",\"name\":\"matts-guitar-shop.com\",\"url\":\"https:\/\/www.matts-guitar-shop.com\/it\/\",\"logo\":{\"@type\":\"ImageObject\",\"inLanguage\":\"it-IT\",\"@id\":\"https:\/\/www.matts-guitar-shop.com\/it\/#\/schema\/logo\/image\/\",\"url\":\"https:\/\/www.matts-guitar-shop.com\/wp-content\/uploads\/2024\/09\/MGS-logo-site-02.png\",\"contentUrl\":\"https:\/\/www.matts-guitar-shop.com\/wp-content\/uploads\/2024\/09\/MGS-logo-site-02.png\",\"width\":200,\"height\":122,\"caption\":\"matts-guitar-shop.com\"},\"image\":{\"@id\":\"https:\/\/www.matts-guitar-shop.com\/it\/#\/schema\/logo\/image\/\"},\"sameAs\":[\"https:\/\/www.facebook.com\/profile.php?id=100044359842817\",\"https:\/\/www.instagram.com\/mattsguitarshop\/\",\"https:\/\/www.youtube.com\/@MattLucasMan\/videos\"]}]}<\/script>\n<!-- \/ Yoast SEO plugin. -->","yoast_head_json":{"title":"Gibson Les Paul Custom bianca del 1974 di Steve Jones, utilizzata con i Sex Pistols - Matt&#039;s Guitar Shop","description":"Pi\u00f9 di una semplice chitarra, questa Les Paul Custom del 1974 ha rivoluzionato la musica e trasgredito i codici politici e sociali","robots":{"index":"index","follow":"follow","max-snippet":"max-snippet:-1","max-image-preview":"max-image-preview:large","max-video-preview":"max-video-preview:-1"},"canonical":"https:\/\/www.matts-guitar-shop.com\/it\/produit\/gibson-les-paul-custom-bianca-del-1974-di-steve-jones-utilizzata-con-i-sex-pistols\/","og_locale":"it_IT","og_type":"article","og_title":"Gibson Les Paul Custom bianca del 1974 di Steve Jones, utilizzata con i Sex Pistols - Matt&#039;s Guitar Shop","og_description":"Pi\u00f9 di una semplice chitarra, questa Les Paul Custom del 1974 ha rivoluzionato la musica e trasgredito i codici politici e sociali","og_url":"https:\/\/www.matts-guitar-shop.com\/it\/produit\/gibson-les-paul-custom-bianca-del-1974-di-steve-jones-utilizzata-con-i-sex-pistols\/","og_site_name":"Matt&#039;s Guitar Shop","article_publisher":"https:\/\/www.facebook.com\/profile.php?id=100044359842817","og_image":[{"width":800,"height":1000,"url":"https:\/\/www.matts-guitar-shop.com\/wp-content\/uploads\/2024\/12\/steve-jones-white-1974-gibson-les-paul-custom-92.jpg","type":"image\/jpeg"}],"twitter_card":"summary_large_image","schema":{"@context":"https:\/\/schema.org","@graph":[{"@type":"WebPage","@id":"https:\/\/www.matts-guitar-shop.com\/it\/produit\/gibson-les-paul-custom-bianca-del-1974-di-steve-jones-utilizzata-con-i-sex-pistols\/","url":"https:\/\/www.matts-guitar-shop.com\/it\/produit\/gibson-les-paul-custom-bianca-del-1974-di-steve-jones-utilizzata-con-i-sex-pistols\/","name":"Gibson Les Paul Custom bianca del 1974 di Steve Jones, utilizzata con i Sex Pistols - Matt&#039;s Guitar Shop","isPartOf":{"@id":"https:\/\/www.matts-guitar-shop.com\/it\/#website"},"primaryImageOfPage":{"@id":"https:\/\/www.matts-guitar-shop.com\/it\/produit\/gibson-les-paul-custom-bianca-del-1974-di-steve-jones-utilizzata-con-i-sex-pistols\/#primaryimage"},"image":{"@id":"https:\/\/www.matts-guitar-shop.com\/it\/produit\/gibson-les-paul-custom-bianca-del-1974-di-steve-jones-utilizzata-con-i-sex-pistols\/#primaryimage"},"thumbnailUrl":"https:\/\/www.matts-guitar-shop.com\/wp-content\/uploads\/2024\/12\/steve-jones-white-1974-gibson-les-paul-custom-92.jpg","datePublished":"2024-12-16T16:47:44+00:00","description":"Pi\u00f9 di una semplice chitarra, questa Les Paul Custom del 1974 ha rivoluzionato la musica e trasgredito i codici politici e sociali","breadcrumb":{"@id":"https:\/\/www.matts-guitar-shop.com\/it\/produit\/gibson-les-paul-custom-bianca-del-1974-di-steve-jones-utilizzata-con-i-sex-pistols\/#breadcrumb"},"inLanguage":"it-IT","potentialAction":[{"@type":"ReadAction","target":["https:\/\/www.matts-guitar-shop.com\/it\/produit\/gibson-les-paul-custom-bianca-del-1974-di-steve-jones-utilizzata-con-i-sex-pistols\/"]}]},{"@type":"ImageObject","inLanguage":"it-IT","@id":"https:\/\/www.matts-guitar-shop.com\/it\/produit\/gibson-les-paul-custom-bianca-del-1974-di-steve-jones-utilizzata-con-i-sex-pistols\/#primaryimage","url":"https:\/\/www.matts-guitar-shop.com\/wp-content\/uploads\/2024\/12\/steve-jones-white-1974-gibson-les-paul-custom-92.jpg","contentUrl":"https:\/\/www.matts-guitar-shop.com\/wp-content\/uploads\/2024\/12\/steve-jones-white-1974-gibson-les-paul-custom-92.jpg","width":800,"height":1000},{"@type":"BreadcrumbList","@id":"https:\/\/www.matts-guitar-shop.com\/it\/produit\/gibson-les-paul-custom-bianca-del-1974-di-steve-jones-utilizzata-con-i-sex-pistols\/#breadcrumb","itemListElement":[{"@type":"ListItem","position":1,"name":"Home","item":"https:\/\/www.matts-guitar-shop.com\/it\/"},{"@type":"ListItem","position":2,"name":"I nostri prodotti","item":"https:\/\/www.matts-guitar-shop.com\/nos-produits\/"},{"@type":"ListItem","position":3,"name":"Gibson Les Paul Custom bianca del 1974 di Steve Jones, utilizzata con i Sex Pistols"}]},{"@type":"WebSite","@id":"https:\/\/www.matts-guitar-shop.com\/it\/#website","url":"https:\/\/www.matts-guitar-shop.com\/it\/","name":"matts-guitar-shop.com","description":"Guitar Shop","publisher":{"@id":"https:\/\/www.matts-guitar-shop.com\/it\/#organization"},"potentialAction":[{"@type":"SearchAction","target":{"@type":"EntryPoint","urlTemplate":"https:\/\/www.matts-guitar-shop.com\/it\/?s={search_term_string}"},"query-input":{"@type":"PropertyValueSpecification","valueRequired":true,"valueName":"search_term_string"}}],"inLanguage":"it-IT"},{"@type":"Organization","@id":"https:\/\/www.matts-guitar-shop.com\/it\/#organization","name":"matts-guitar-shop.com","url":"https:\/\/www.matts-guitar-shop.com\/it\/","logo":{"@type":"ImageObject","inLanguage":"it-IT","@id":"https:\/\/www.matts-guitar-shop.com\/it\/#\/schema\/logo\/image\/","url":"https:\/\/www.matts-guitar-shop.com\/wp-content\/uploads\/2024\/09\/MGS-logo-site-02.png","contentUrl":"https:\/\/www.matts-guitar-shop.com\/wp-content\/uploads\/2024\/09\/MGS-logo-site-02.png","width":200,"height":122,"caption":"matts-guitar-shop.com"},"image":{"@id":"https:\/\/www.matts-guitar-shop.com\/it\/#\/schema\/logo\/image\/"},"sameAs":["https:\/\/www.facebook.com\/profile.php?id=100044359842817","https:\/\/www.instagram.com\/mattsguitarshop\/","https:\/\/www.youtube.com\/@MattLucasMan\/videos"]}]}},"_links":{"self":[{"href":"https:\/\/www.matts-guitar-shop.com\/it\/wp-json\/wp\/v2\/product\/21253","targetHints":{"allow":["GET"]}}],"collection":[{"href":"https:\/\/www.matts-guitar-shop.com\/it\/wp-json\/wp\/v2\/product"}],"about":[{"href":"https:\/\/www.matts-guitar-shop.com\/it\/wp-json\/wp\/v2\/types\/product"}],"replies":[{"embeddable":true,"href":"https:\/\/www.matts-guitar-shop.com\/it\/wp-json\/wp\/v2\/comments?post=21253"}],"wp:featuredmedia":[{"embeddable":true,"href":"https:\/\/www.matts-guitar-shop.com\/it\/wp-json\/wp\/v2\/media\/21254"}],"wp:attachment":[{"href":"https:\/\/www.matts-guitar-shop.com\/it\/wp-json\/wp\/v2\/media?parent=21253"}],"wp:term":[{"taxonomy":"product_brand","embeddable":true,"href":"https:\/\/www.matts-guitar-shop.com\/it\/wp-json\/wp\/v2\/product_brand?post=21253"},{"taxonomy":"product_cat","embeddable":true,"href":"https:\/\/www.matts-guitar-shop.com\/it\/wp-json\/wp\/v2\/product_cat?post=21253"},{"taxonomy":"product_tag","embeddable":true,"href":"https:\/\/www.matts-guitar-shop.com\/it\/wp-json\/wp\/v2\/product_tag?post=21253"}],"curies":[{"name":"wp","href":"https:\/\/api.w.org\/{rel}","templated":true}]}}