{"id":21217,"date":"2024-09-02T14:49:46","date_gmt":"2024-09-02T12:49:46","guid":{"rendered":"https:\/\/www.matts-guitar-shop.com\/produit\/washburn-v-kiss-paul-stanley\/"},"modified":"2024-09-02T14:49:46","modified_gmt":"2024-09-02T12:49:46","slug":"washburn-v-kiss-paul-stanley","status":"publish","type":"product","link":"https:\/\/www.matts-guitar-shop.com\/it\/produit\/washburn-v-kiss-paul-stanley\/","title":{"rendered":"Washburn V Kiss Paul Stanley"},"content":{"rendered":"<p>Paul Stanley<br \/>\n(1952)<\/p>\n<p>Gruppo: Kiss<br \/>\nChitarra principale: Washburn signature<br \/>\nBrano da ascoltare assolutamente: Love Gun<\/p>\n<p>Negli Stati Uniti, i Kiss sono molto pi\u00f9 di una semplice band: sono una religione, un fenomeno culturale di proporzioni deliranti (il loro club, la famosa Kiss Army, conta persino l\u2019ex segretaria di Stato Condoleezza Rice tra i suoi membri). Ogni americano ha la sua storia con i Kiss: come ha scoperto la loro musica, come ha riprodotto il trucco di Starchild o di Demon per Halloween, e spesso anche come ha deciso di imparare a suonare uno strumento dopo aver sentito i Kiss per la prima volta.<\/p>\n<p>I membri del gruppo hanno inventato lo spettacolo pirotecnico e la loro padronanza del merchandising \u00e8 tale da ispirare anche il manager pi\u00f9 venale.<\/p>\n<p>I due fondatori Gene Simmons (basso \/ voce) e Paul Stanley (chitarra ritmica \/ voce) sono i due pilastri della band. Erano l\u00ec nel 1973 e sono ancora presenti oggi per l\u2019ennesimo tour d\u2019addio. I due formano un duo in stile Lennon e McCartney dell\u2019hard rock, con un talento di scrittura innegabile dato che moltissime delle loro canzoni sono diventate hit durature. Paul Stanley \u00e8 quello con la voce pi\u00f9 acuta e bluesy dei due, con un timbro immediatamente riconoscibile. Il suo stile chitarristico \u00e8 semplice, ma possiede l\u2019arma segreta che la maggior parte dei musicisti rock sogna: una mano destra nata per il riff, capace di far battere il piede a un intero stadio. Ace Frehley era il solista fiammeggiante per eccellenza, Stanley domina la scena grazie al suo carisma e al possente suono \u201cmarshallesco\u201d che estrae dalle sue chitarre.<\/p>\n<p>Con il passare degli anni, Paul ha accumulato una bellissima collezione che include alcune burst utilizzate esclusivamente in studio. Sul palco, lo si \u00e8 visto con le Ibanez Iceman, rimaste intimamente associate a lui, per poi passare alla Washburn, che attualmente gli produce eccellenti modelli signature. Gli stivali con la zeppa non sono inclusi, ma sono vivamente consigliati.<\/p>\n<p><img decoding=\"async\" class=\"alignnone size-full wp-image-7159\" src=\"https:\/\/www.matts-guitar-shop.com\/wp-content\/uploads\/2024\/08\/paul-stanley-matts-guitar-shop-01.jpg\" alt=\"\" width=\"400\" height=\"600\" srcset=\"https:\/\/www.matts-guitar-shop.com\/wp-content\/uploads\/2024\/08\/paul-stanley-matts-guitar-shop-01.jpg 400w, https:\/\/www.matts-guitar-shop.com\/wp-content\/uploads\/2024\/08\/paul-stanley-matts-guitar-shop-01-200x300.jpg 200w\" sizes=\"(max-width: 400px) 100vw, 400px\" \/><\/p>\n","protected":false},"excerpt":{"rendered":"<p><strong>Abbiamo regolarmente la fortuna di lavorare con i KISS, questo gruppo mitico che ha creato uno spettacolo fuori dal comune nei suoi concerti. Questa Washburn V \u00e8 stata acquistata direttamente dalla leggenda Paul Stanley, durante la quattordicesima edizione dell\u2019Hellfest nel 2019. L\u2019autore di God of Thunder ha suonato intensivamente questo strumento sul palco tra il 2009 e il 2019, fino alla consegna di persona durante il suddetto festival.<\/strong><\/p>\n<p>Uno strumento leggendario basato sulla Gibson Flying V originale di Paul Stanley, ma con i dettagli custom richiesti dallo stesso Star Child. Infatti, l\u2019elettronica di questa chitarra \u00e8 composta da un solo pickup, un Seymour Duncan Class 5, ma anche dal lato scintillante e glamour degli autori di I Was Made for Loving You nel loro album *Dynasty*, con questo pickguard a specchio che ha riflesso per dieci anni le luci dei giganteschi concerti dei KISS.<\/p>\n<p><iframe loading=\"lazy\" title=\"YouTube video player\" src=\"https:\/\/www.youtube.com\/embed\/aGnPpiLfo48?si=t76h2NCwYGUV6R8u\" width=\"560\" height=\"315\" frameborder=\"0\" allowfullscreen=\"allowfullscreen\"><\/iframe><\/p>\n","protected":false},"featured_media":21218,"comment_status":"open","ping_status":"closed","template":"","meta":{"_et_pb_use_builder":"","_et_pb_old_content":"","_et_gb_content_width":""},"product_brand":[],"product_cat":[851,844,847],"product_tag":[],"class_list":{"0":"post-21217","1":"product","2":"type-product","3":"status-publish","4":"has-post-thumbnail","6":"product_cat-chitarre-elettriche","7":"product_cat-artisti","8":"product_cat-chitarre","9":"pa_artiste-paul-stanley-it","10":"pa_disponibilite-in-vendita","11":"pa_marque-washburn-it","13":"first","14":"instock","15":"shipping-taxable","16":"product-type-simple"},"yoast_head":"<!-- This site is optimized with the Yoast SEO plugin v26.8 - https:\/\/yoast.com\/product\/yoast-seo-wordpress\/ -->\n<title>Washburn V Kiss Paul Stanley - Matt&#039;s Guitar Shop<\/title>\n<meta name=\"robots\" content=\"index, follow, max-snippet:-1, max-image-preview:large, max-video-preview:-1\" \/>\n<link rel=\"canonical\" href=\"https:\/\/www.matts-guitar-shop.com\/it\/produit\/washburn-v-kiss-paul-stanley\/\" \/>\n<meta property=\"og:locale\" content=\"it_IT\" \/>\n<meta property=\"og:type\" content=\"article\" \/>\n<meta property=\"og:title\" content=\"Washburn V Kiss Paul Stanley - Matt&#039;s Guitar Shop\" \/>\n<meta property=\"og:description\" content=\"Abbiamo regolarmente la fortuna di lavorare con i KISS, questo gruppo mitico che ha creato uno spettacolo fuori dal comune nei suoi concerti. Questa Washburn V \u00e8 stata acquistata direttamente dalla leggenda Paul Stanley, durante la quattordicesima edizione dell\u2019Hellfest nel 2019. L\u2019autore di God of Thunder ha suonato intensivamente questo strumento sul palco tra il 2009 e il 2019, fino alla consegna di persona durante il suddetto festival. Uno strumento leggendario basato sulla Gibson Flying V originale di Paul Stanley, ma con i dettagli custom richiesti dallo stesso Star Child. Infatti, l\u2019elettronica di questa chitarra \u00e8 composta da un solo pickup, un Seymour Duncan Class 5, ma anche dal lato scintillante e glamour degli autori di I Was Made for Loving You nel loro album *Dynasty*, con questo pickguard a specchio che ha riflesso per dieci anni le luci dei giganteschi concerti dei KISS.\" \/>\n<meta property=\"og:url\" content=\"https:\/\/www.matts-guitar-shop.com\/it\/produit\/washburn-v-kiss-paul-stanley\/\" \/>\n<meta property=\"og:site_name\" content=\"Matt&#039;s Guitar Shop\" \/>\n<meta property=\"article:publisher\" content=\"https:\/\/www.facebook.com\/profile.php?id=100044359842817\" \/>\n<meta property=\"og:image\" content=\"https:\/\/www.matts-guitar-shop.com\/wp-content\/uploads\/2024\/09\/Washburn-Flying-V-Paul-Stanley-Kiss-00.jpg\" \/>\n\t<meta property=\"og:image:width\" content=\"900\" \/>\n\t<meta property=\"og:image:height\" content=\"1300\" \/>\n\t<meta property=\"og:image:type\" content=\"image\/jpeg\" \/>\n<meta name=\"twitter:card\" content=\"summary_large_image\" \/>\n<meta name=\"twitter:label1\" content=\"Tempo di lettura stimato\" \/>\n\t<meta name=\"twitter:data1\" content=\"2 minuti\" \/>\n<script type=\"application\/ld+json\" class=\"yoast-schema-graph\">{\"@context\":\"https:\/\/schema.org\",\"@graph\":[{\"@type\":\"WebPage\",\"@id\":\"https:\/\/www.matts-guitar-shop.com\/it\/produit\/washburn-v-kiss-paul-stanley\/\",\"url\":\"https:\/\/www.matts-guitar-shop.com\/it\/produit\/washburn-v-kiss-paul-stanley\/\",\"name\":\"Washburn V Kiss Paul Stanley - Matt&#039;s Guitar Shop\",\"isPartOf\":{\"@id\":\"https:\/\/www.matts-guitar-shop.com\/it\/#website\"},\"primaryImageOfPage\":{\"@id\":\"https:\/\/www.matts-guitar-shop.com\/it\/produit\/washburn-v-kiss-paul-stanley\/#primaryimage\"},\"image\":{\"@id\":\"https:\/\/www.matts-guitar-shop.com\/it\/produit\/washburn-v-kiss-paul-stanley\/#primaryimage\"},\"thumbnailUrl\":\"https:\/\/www.matts-guitar-shop.com\/wp-content\/uploads\/2024\/09\/Washburn-Flying-V-Paul-Stanley-Kiss-00.jpg\",\"datePublished\":\"2024-09-02T12:49:46+00:00\",\"breadcrumb\":{\"@id\":\"https:\/\/www.matts-guitar-shop.com\/it\/produit\/washburn-v-kiss-paul-stanley\/#breadcrumb\"},\"inLanguage\":\"it-IT\",\"potentialAction\":[{\"@type\":\"ReadAction\",\"target\":[\"https:\/\/www.matts-guitar-shop.com\/it\/produit\/washburn-v-kiss-paul-stanley\/\"]}]},{\"@type\":\"ImageObject\",\"inLanguage\":\"it-IT\",\"@id\":\"https:\/\/www.matts-guitar-shop.com\/it\/produit\/washburn-v-kiss-paul-stanley\/#primaryimage\",\"url\":\"https:\/\/www.matts-guitar-shop.com\/wp-content\/uploads\/2024\/09\/Washburn-Flying-V-Paul-Stanley-Kiss-00.jpg\",\"contentUrl\":\"https:\/\/www.matts-guitar-shop.com\/wp-content\/uploads\/2024\/09\/Washburn-Flying-V-Paul-Stanley-Kiss-00.jpg\",\"width\":900,\"height\":1300,\"caption\":\"Guitare KISS\"},{\"@type\":\"BreadcrumbList\",\"@id\":\"https:\/\/www.matts-guitar-shop.com\/it\/produit\/washburn-v-kiss-paul-stanley\/#breadcrumb\",\"itemListElement\":[{\"@type\":\"ListItem\",\"position\":1,\"name\":\"Home\",\"item\":\"https:\/\/www.matts-guitar-shop.com\/it\/\"},{\"@type\":\"ListItem\",\"position\":2,\"name\":\"I nostri prodotti\",\"item\":\"https:\/\/www.matts-guitar-shop.com\/nos-produits\/\"},{\"@type\":\"ListItem\",\"position\":3,\"name\":\"Washburn V Kiss Paul Stanley\"}]},{\"@type\":\"WebSite\",\"@id\":\"https:\/\/www.matts-guitar-shop.com\/it\/#website\",\"url\":\"https:\/\/www.matts-guitar-shop.com\/it\/\",\"name\":\"matts-guitar-shop.com\",\"description\":\"Guitar Shop\",\"publisher\":{\"@id\":\"https:\/\/www.matts-guitar-shop.com\/it\/#organization\"},\"potentialAction\":[{\"@type\":\"SearchAction\",\"target\":{\"@type\":\"EntryPoint\",\"urlTemplate\":\"https:\/\/www.matts-guitar-shop.com\/it\/?s={search_term_string}\"},\"query-input\":{\"@type\":\"PropertyValueSpecification\",\"valueRequired\":true,\"valueName\":\"search_term_string\"}}],\"inLanguage\":\"it-IT\"},{\"@type\":\"Organization\",\"@id\":\"https:\/\/www.matts-guitar-shop.com\/it\/#organization\",\"name\":\"matts-guitar-shop.com\",\"url\":\"https:\/\/www.matts-guitar-shop.com\/it\/\",\"logo\":{\"@type\":\"ImageObject\",\"inLanguage\":\"it-IT\",\"@id\":\"https:\/\/www.matts-guitar-shop.com\/it\/#\/schema\/logo\/image\/\",\"url\":\"https:\/\/www.matts-guitar-shop.com\/wp-content\/uploads\/2024\/09\/MGS-logo-site-02.png\",\"contentUrl\":\"https:\/\/www.matts-guitar-shop.com\/wp-content\/uploads\/2024\/09\/MGS-logo-site-02.png\",\"width\":200,\"height\":122,\"caption\":\"matts-guitar-shop.com\"},\"image\":{\"@id\":\"https:\/\/www.matts-guitar-shop.com\/it\/#\/schema\/logo\/image\/\"},\"sameAs\":[\"https:\/\/www.facebook.com\/profile.php?id=100044359842817\",\"https:\/\/www.instagram.com\/mattsguitarshop\/\",\"https:\/\/www.youtube.com\/@MattLucasMan\/videos\"]}]}<\/script>\n<!-- \/ Yoast SEO plugin. -->","yoast_head_json":{"title":"Washburn V Kiss Paul Stanley - Matt&#039;s Guitar Shop","robots":{"index":"index","follow":"follow","max-snippet":"max-snippet:-1","max-image-preview":"max-image-preview:large","max-video-preview":"max-video-preview:-1"},"canonical":"https:\/\/www.matts-guitar-shop.com\/it\/produit\/washburn-v-kiss-paul-stanley\/","og_locale":"it_IT","og_type":"article","og_title":"Washburn V Kiss Paul Stanley - Matt&#039;s Guitar Shop","og_description":"Abbiamo regolarmente la fortuna di lavorare con i KISS, questo gruppo mitico che ha creato uno spettacolo fuori dal comune nei suoi concerti. Questa Washburn V \u00e8 stata acquistata direttamente dalla leggenda Paul Stanley, durante la quattordicesima edizione dell\u2019Hellfest nel 2019. L\u2019autore di God of Thunder ha suonato intensivamente questo strumento sul palco tra il 2009 e il 2019, fino alla consegna di persona durante il suddetto festival. Uno strumento leggendario basato sulla Gibson Flying V originale di Paul Stanley, ma con i dettagli custom richiesti dallo stesso Star Child. Infatti, l\u2019elettronica di questa chitarra \u00e8 composta da un solo pickup, un Seymour Duncan Class 5, ma anche dal lato scintillante e glamour degli autori di I Was Made for Loving You nel loro album *Dynasty*, con questo pickguard a specchio che ha riflesso per dieci anni le luci dei giganteschi concerti dei KISS.","og_url":"https:\/\/www.matts-guitar-shop.com\/it\/produit\/washburn-v-kiss-paul-stanley\/","og_site_name":"Matt&#039;s Guitar Shop","article_publisher":"https:\/\/www.facebook.com\/profile.php?id=100044359842817","og_image":[{"width":900,"height":1300,"url":"https:\/\/www.matts-guitar-shop.com\/wp-content\/uploads\/2024\/09\/Washburn-Flying-V-Paul-Stanley-Kiss-00.jpg","type":"image\/jpeg"}],"twitter_card":"summary_large_image","twitter_misc":{"Tempo di lettura stimato":"2 minuti"},"schema":{"@context":"https:\/\/schema.org","@graph":[{"@type":"WebPage","@id":"https:\/\/www.matts-guitar-shop.com\/it\/produit\/washburn-v-kiss-paul-stanley\/","url":"https:\/\/www.matts-guitar-shop.com\/it\/produit\/washburn-v-kiss-paul-stanley\/","name":"Washburn V Kiss Paul Stanley - Matt&#039;s Guitar Shop","isPartOf":{"@id":"https:\/\/www.matts-guitar-shop.com\/it\/#website"},"primaryImageOfPage":{"@id":"https:\/\/www.matts-guitar-shop.com\/it\/produit\/washburn-v-kiss-paul-stanley\/#primaryimage"},"image":{"@id":"https:\/\/www.matts-guitar-shop.com\/it\/produit\/washburn-v-kiss-paul-stanley\/#primaryimage"},"thumbnailUrl":"https:\/\/www.matts-guitar-shop.com\/wp-content\/uploads\/2024\/09\/Washburn-Flying-V-Paul-Stanley-Kiss-00.jpg","datePublished":"2024-09-02T12:49:46+00:00","breadcrumb":{"@id":"https:\/\/www.matts-guitar-shop.com\/it\/produit\/washburn-v-kiss-paul-stanley\/#breadcrumb"},"inLanguage":"it-IT","potentialAction":[{"@type":"ReadAction","target":["https:\/\/www.matts-guitar-shop.com\/it\/produit\/washburn-v-kiss-paul-stanley\/"]}]},{"@type":"ImageObject","inLanguage":"it-IT","@id":"https:\/\/www.matts-guitar-shop.com\/it\/produit\/washburn-v-kiss-paul-stanley\/#primaryimage","url":"https:\/\/www.matts-guitar-shop.com\/wp-content\/uploads\/2024\/09\/Washburn-Flying-V-Paul-Stanley-Kiss-00.jpg","contentUrl":"https:\/\/www.matts-guitar-shop.com\/wp-content\/uploads\/2024\/09\/Washburn-Flying-V-Paul-Stanley-Kiss-00.jpg","width":900,"height":1300,"caption":"Guitare KISS"},{"@type":"BreadcrumbList","@id":"https:\/\/www.matts-guitar-shop.com\/it\/produit\/washburn-v-kiss-paul-stanley\/#breadcrumb","itemListElement":[{"@type":"ListItem","position":1,"name":"Home","item":"https:\/\/www.matts-guitar-shop.com\/it\/"},{"@type":"ListItem","position":2,"name":"I nostri prodotti","item":"https:\/\/www.matts-guitar-shop.com\/nos-produits\/"},{"@type":"ListItem","position":3,"name":"Washburn V Kiss Paul Stanley"}]},{"@type":"WebSite","@id":"https:\/\/www.matts-guitar-shop.com\/it\/#website","url":"https:\/\/www.matts-guitar-shop.com\/it\/","name":"matts-guitar-shop.com","description":"Guitar Shop","publisher":{"@id":"https:\/\/www.matts-guitar-shop.com\/it\/#organization"},"potentialAction":[{"@type":"SearchAction","target":{"@type":"EntryPoint","urlTemplate":"https:\/\/www.matts-guitar-shop.com\/it\/?s={search_term_string}"},"query-input":{"@type":"PropertyValueSpecification","valueRequired":true,"valueName":"search_term_string"}}],"inLanguage":"it-IT"},{"@type":"Organization","@id":"https:\/\/www.matts-guitar-shop.com\/it\/#organization","name":"matts-guitar-shop.com","url":"https:\/\/www.matts-guitar-shop.com\/it\/","logo":{"@type":"ImageObject","inLanguage":"it-IT","@id":"https:\/\/www.matts-guitar-shop.com\/it\/#\/schema\/logo\/image\/","url":"https:\/\/www.matts-guitar-shop.com\/wp-content\/uploads\/2024\/09\/MGS-logo-site-02.png","contentUrl":"https:\/\/www.matts-guitar-shop.com\/wp-content\/uploads\/2024\/09\/MGS-logo-site-02.png","width":200,"height":122,"caption":"matts-guitar-shop.com"},"image":{"@id":"https:\/\/www.matts-guitar-shop.com\/it\/#\/schema\/logo\/image\/"},"sameAs":["https:\/\/www.facebook.com\/profile.php?id=100044359842817","https:\/\/www.instagram.com\/mattsguitarshop\/","https:\/\/www.youtube.com\/@MattLucasMan\/videos"]}]}},"_links":{"self":[{"href":"https:\/\/www.matts-guitar-shop.com\/it\/wp-json\/wp\/v2\/product\/21217","targetHints":{"allow":["GET"]}}],"collection":[{"href":"https:\/\/www.matts-guitar-shop.com\/it\/wp-json\/wp\/v2\/product"}],"about":[{"href":"https:\/\/www.matts-guitar-shop.com\/it\/wp-json\/wp\/v2\/types\/product"}],"replies":[{"embeddable":true,"href":"https:\/\/www.matts-guitar-shop.com\/it\/wp-json\/wp\/v2\/comments?post=21217"}],"wp:featuredmedia":[{"embeddable":true,"href":"https:\/\/www.matts-guitar-shop.com\/it\/wp-json\/wp\/v2\/media\/21218"}],"wp:attachment":[{"href":"https:\/\/www.matts-guitar-shop.com\/it\/wp-json\/wp\/v2\/media?parent=21217"}],"wp:term":[{"taxonomy":"product_brand","embeddable":true,"href":"https:\/\/www.matts-guitar-shop.com\/it\/wp-json\/wp\/v2\/product_brand?post=21217"},{"taxonomy":"product_cat","embeddable":true,"href":"https:\/\/www.matts-guitar-shop.com\/it\/wp-json\/wp\/v2\/product_cat?post=21217"},{"taxonomy":"product_tag","embeddable":true,"href":"https:\/\/www.matts-guitar-shop.com\/it\/wp-json\/wp\/v2\/product_tag?post=21217"}],"curies":[{"name":"wp","href":"https:\/\/api.w.org\/{rel}","templated":true}]}}