{"id":21186,"date":"2024-08-31T13:46:19","date_gmt":"2024-08-31T11:46:19","guid":{"rendered":"https:\/\/www.matts-guitar-shop.com\/produit\/vox-tear-drop-ex-bill-wyman-the-rolling-stones\/"},"modified":"2024-08-31T13:46:19","modified_gmt":"2024-08-31T11:46:19","slug":"vox-tear-drop-ex-bill-wyman-the-rolling-stones","status":"publish","type":"product","link":"https:\/\/www.matts-guitar-shop.com\/it\/produit\/vox-tear-drop-ex-bill-wyman-the-rolling-stones\/","title":{"rendered":"Vox Tear Drop ex-Bill Wyman \u2013 The Rolling Stones"},"content":{"rendered":"<p>Bill Wyman<\/p>\n","protected":false},"excerpt":{"rendered":"<p><strong>Tra gli strumenti leggendari che hanno forgiato la grande storia della musica figurano forme iconiche che hanno definito i contorni del sound. In un panorama dominato dalle linee slanciate delle Stratocaster, dalle curve morbide delle Les Paul e dai contorni generosi delle ES, emerge una forma originale e sorprendente: la celebre \u201cTeardrop\u201d. Le chitarre VOX hanno lasciato il segno grazie ai loro design innovativi e inconfondibili. La Teardrop e la Phantom, concepite negli anni \u201960, affascinarono rapidamente i musicisti di tutto il mondo. Questi modelli dalle forme trasgressive hanno infranto le regole tradizionali e hanno giocato un ruolo chiave nell\u2019invasione del rock britannico, con i pi\u00f9 grandi gruppi inglesi che suonavano chitarre a forma di lacrima. Tra questi, i giovanissimi Rolling Stones adottarono questa forma diventata leggendaria.<\/strong><\/p>\n<p><strong>Il basso Vox Teardrop proposto da Matt\u2019s Guitar Shop \u00e8 proprio quello utilizzato da Bill Wyman nelle registrazioni e nei tour dei Rolling Stones tra il 1966 e il 1968.<\/strong><\/p>\n<p>Quando la Vox lanci\u00f2 sul mercato all\u2019inizio degli anni \u201960 la Phantom e la Teardrop (ufficialmente chiamata Mark), entrambi gli strumenti furono percepiti come una rivoluzione. Rompevano i codici finora accettati nel mondo della chitarra elettrica e introducevano una forma sorprendente, originale e immediatamente riconoscibile. La versione chitarra elettrica della celebre Teardrop fu rapidamente adottata dai musicisti della scena rock britannica, cos\u00ec come la sua controparte basso. La storia dei Rolling Stones e della Teardrop sono intimamente legate: i giovani musicisti contribuirono a trasformare questo modello in un\u2019icona degli anni \u201960. Brian Jones si appropria rapidamente della chitarra in finitura bianca creata appositamente per lui, mentre Bill Wyman fece della Teardrop il suo basso di riferimento, possedendo anche un modello con il suo nome.<\/p>\n<p>\u00c8 nell\u2019agosto del 1965 che la Vox lanci\u00f2 la Wyman Bass, un basso semi-acustico Teardrop chiamato cos\u00ec in onore del bassista dei Rolling Stones. La strumentazione eccezionale offerta da Matt\u2019s Guitar Shop \u00e8 proprio il basso che Wyman suon\u00f2 tra il 1966 e il 1968 in numerose registrazioni e performance live. Questa Vox Teardrop \u00e8 immortalata in diverse foto d\u2019epoca del gruppo in studio o sul palco, e le sue sonorit\u00e0 rotonde e potenti hanno accompagnato i primi successi dei Stones. Proviene direttamente dalla collezione personale di Bill Wyman.<\/p>\n<p>Questa Vox Wyman Bass del 1965 presenta un corpo cavo in acero fiammato che riprende la celebre forma a goccia con finitura sunburst. Due manopole di controllo, un interruttore a levetta e una presa d\u2019ingresso sono installati su una placca cromata applicata sul davanti del basso. Il manico \u00e8 in acero naturale, mentre il pickguard cromato reca il marchio Vox e la paletta indica \u201cWyman Bass\u201d. Sono pochi gli strumenti che hanno partecipato alla nascita di uno dei miti pi\u00f9 grandi della storia della musica\u2026 Per i Rolling Stones, non cercate oltre: \u00e8 da Matt\u2019s Guitar Shop!<\/p>\n<p><strong>Avete domande su questo prodotto? Contattateci!<\/strong><\/p>\n","protected":false},"featured_media":21203,"comment_status":"open","ping_status":"closed","template":"","meta":{"_et_pb_use_builder":"","_et_pb_old_content":"","_et_gb_content_width":""},"product_brand":[],"product_cat":[848,844],"product_tag":[],"class_list":{"0":"post-21186","1":"product","2":"type-product","3":"status-publish","4":"has-post-thumbnail","6":"product_cat-bassi","7":"product_cat-artisti","8":"pa_artiste-bill-wyman-it","9":"pa_disponibilite-in-vendita","10":"pa_marque-vox-it","12":"first","13":"instock","14":"shipping-taxable","15":"product-type-simple"},"yoast_head":"<!-- This site is optimized with the Yoast SEO plugin v26.8 - https:\/\/yoast.com\/product\/yoast-seo-wordpress\/ -->\n<title>Vox Tear Drop ex-Bill Wyman \u2013 The Rolling Stones - Matt&#039;s Guitar Shop<\/title>\n<meta name=\"description\" content=\"Questo basso Vox Wyman del 1965 ha un corpo cavo in acero fiammato che riprende la celebre forma a goccia d\u2019acqua, con finitura sunburst.\" \/>\n<meta name=\"robots\" content=\"index, follow, max-snippet:-1, max-image-preview:large, max-video-preview:-1\" \/>\n<link rel=\"canonical\" href=\"https:\/\/www.matts-guitar-shop.com\/it\/produit\/vox-tear-drop-ex-bill-wyman-the-rolling-stones\/\" \/>\n<meta property=\"og:locale\" content=\"it_IT\" \/>\n<meta property=\"og:type\" content=\"article\" \/>\n<meta property=\"og:title\" content=\"Vox Tear Drop ex-Bill Wyman \u2013 The Rolling Stones - Matt&#039;s Guitar Shop\" \/>\n<meta property=\"og:description\" content=\"Questo basso Vox Wyman del 1965 ha un corpo cavo in acero fiammato che riprende la celebre forma a goccia d\u2019acqua, con finitura sunburst.\" \/>\n<meta property=\"og:url\" content=\"https:\/\/www.matts-guitar-shop.com\/it\/produit\/vox-tear-drop-ex-bill-wyman-the-rolling-stones\/\" \/>\n<meta property=\"og:site_name\" content=\"Matt&#039;s Guitar Shop\" \/>\n<meta property=\"article:publisher\" content=\"https:\/\/www.facebook.com\/profile.php?id=100044359842817\" \/>\n<meta property=\"og:image\" content=\"https:\/\/www.matts-guitar-shop.com\/wp-content\/uploads\/2024\/08\/Vox-Tear-Drop-Ex-Bill-Wyman-instrument-00.jpg\" \/>\n\t<meta property=\"og:image:width\" content=\"700\" \/>\n\t<meta property=\"og:image:height\" content=\"1011\" \/>\n\t<meta property=\"og:image:type\" content=\"image\/jpeg\" \/>\n<meta name=\"twitter:card\" content=\"summary_large_image\" \/>\n<script type=\"application\/ld+json\" class=\"yoast-schema-graph\">{\"@context\":\"https:\/\/schema.org\",\"@graph\":[{\"@type\":\"WebPage\",\"@id\":\"https:\/\/www.matts-guitar-shop.com\/it\/produit\/vox-tear-drop-ex-bill-wyman-the-rolling-stones\/\",\"url\":\"https:\/\/www.matts-guitar-shop.com\/it\/produit\/vox-tear-drop-ex-bill-wyman-the-rolling-stones\/\",\"name\":\"Vox Tear Drop ex-Bill Wyman \u2013 The Rolling Stones - Matt&#039;s Guitar Shop\",\"isPartOf\":{\"@id\":\"https:\/\/www.matts-guitar-shop.com\/it\/#website\"},\"primaryImageOfPage\":{\"@id\":\"https:\/\/www.matts-guitar-shop.com\/it\/produit\/vox-tear-drop-ex-bill-wyman-the-rolling-stones\/#primaryimage\"},\"image\":{\"@id\":\"https:\/\/www.matts-guitar-shop.com\/it\/produit\/vox-tear-drop-ex-bill-wyman-the-rolling-stones\/#primaryimage\"},\"thumbnailUrl\":\"https:\/\/www.matts-guitar-shop.com\/wp-content\/uploads\/2024\/08\/Vox-Tear-Drop-Ex-Bill-Wyman-instrument-00.jpg\",\"datePublished\":\"2024-08-31T11:46:19+00:00\",\"description\":\"Questo basso Vox Wyman del 1965 ha un corpo cavo in acero fiammato che riprende la celebre forma a goccia d\u2019acqua, con finitura sunburst.\",\"breadcrumb\":{\"@id\":\"https:\/\/www.matts-guitar-shop.com\/it\/produit\/vox-tear-drop-ex-bill-wyman-the-rolling-stones\/#breadcrumb\"},\"inLanguage\":\"it-IT\",\"potentialAction\":[{\"@type\":\"ReadAction\",\"target\":[\"https:\/\/www.matts-guitar-shop.com\/it\/produit\/vox-tear-drop-ex-bill-wyman-the-rolling-stones\/\"]}]},{\"@type\":\"ImageObject\",\"inLanguage\":\"it-IT\",\"@id\":\"https:\/\/www.matts-guitar-shop.com\/it\/produit\/vox-tear-drop-ex-bill-wyman-the-rolling-stones\/#primaryimage\",\"url\":\"https:\/\/www.matts-guitar-shop.com\/wp-content\/uploads\/2024\/08\/Vox-Tear-Drop-Ex-Bill-Wyman-instrument-00.jpg\",\"contentUrl\":\"https:\/\/www.matts-guitar-shop.com\/wp-content\/uploads\/2024\/08\/Vox-Tear-Drop-Ex-Bill-Wyman-instrument-00.jpg\",\"width\":700,\"height\":1011},{\"@type\":\"BreadcrumbList\",\"@id\":\"https:\/\/www.matts-guitar-shop.com\/it\/produit\/vox-tear-drop-ex-bill-wyman-the-rolling-stones\/#breadcrumb\",\"itemListElement\":[{\"@type\":\"ListItem\",\"position\":1,\"name\":\"Home\",\"item\":\"https:\/\/www.matts-guitar-shop.com\/it\/\"},{\"@type\":\"ListItem\",\"position\":2,\"name\":\"I nostri prodotti\",\"item\":\"https:\/\/www.matts-guitar-shop.com\/nos-produits\/\"},{\"@type\":\"ListItem\",\"position\":3,\"name\":\"Vox Tear Drop ex-Bill Wyman \u2013 The Rolling Stones\"}]},{\"@type\":\"WebSite\",\"@id\":\"https:\/\/www.matts-guitar-shop.com\/it\/#website\",\"url\":\"https:\/\/www.matts-guitar-shop.com\/it\/\",\"name\":\"matts-guitar-shop.com\",\"description\":\"Guitar Shop\",\"publisher\":{\"@id\":\"https:\/\/www.matts-guitar-shop.com\/it\/#organization\"},\"potentialAction\":[{\"@type\":\"SearchAction\",\"target\":{\"@type\":\"EntryPoint\",\"urlTemplate\":\"https:\/\/www.matts-guitar-shop.com\/it\/?s={search_term_string}\"},\"query-input\":{\"@type\":\"PropertyValueSpecification\",\"valueRequired\":true,\"valueName\":\"search_term_string\"}}],\"inLanguage\":\"it-IT\"},{\"@type\":\"Organization\",\"@id\":\"https:\/\/www.matts-guitar-shop.com\/it\/#organization\",\"name\":\"matts-guitar-shop.com\",\"url\":\"https:\/\/www.matts-guitar-shop.com\/it\/\",\"logo\":{\"@type\":\"ImageObject\",\"inLanguage\":\"it-IT\",\"@id\":\"https:\/\/www.matts-guitar-shop.com\/it\/#\/schema\/logo\/image\/\",\"url\":\"https:\/\/www.matts-guitar-shop.com\/wp-content\/uploads\/2024\/09\/MGS-logo-site-02.png\",\"contentUrl\":\"https:\/\/www.matts-guitar-shop.com\/wp-content\/uploads\/2024\/09\/MGS-logo-site-02.png\",\"width\":200,\"height\":122,\"caption\":\"matts-guitar-shop.com\"},\"image\":{\"@id\":\"https:\/\/www.matts-guitar-shop.com\/it\/#\/schema\/logo\/image\/\"},\"sameAs\":[\"https:\/\/www.facebook.com\/profile.php?id=100044359842817\",\"https:\/\/www.instagram.com\/mattsguitarshop\/\",\"https:\/\/www.youtube.com\/@MattLucasMan\/videos\"]}]}<\/script>\n<!-- \/ Yoast SEO plugin. -->","yoast_head_json":{"title":"Vox Tear Drop ex-Bill Wyman \u2013 The Rolling Stones - Matt&#039;s Guitar Shop","description":"Questo basso Vox Wyman del 1965 ha un corpo cavo in acero fiammato che riprende la celebre forma a goccia d\u2019acqua, con finitura sunburst.","robots":{"index":"index","follow":"follow","max-snippet":"max-snippet:-1","max-image-preview":"max-image-preview:large","max-video-preview":"max-video-preview:-1"},"canonical":"https:\/\/www.matts-guitar-shop.com\/it\/produit\/vox-tear-drop-ex-bill-wyman-the-rolling-stones\/","og_locale":"it_IT","og_type":"article","og_title":"Vox Tear Drop ex-Bill Wyman \u2013 The Rolling Stones - Matt&#039;s Guitar Shop","og_description":"Questo basso Vox Wyman del 1965 ha un corpo cavo in acero fiammato che riprende la celebre forma a goccia d\u2019acqua, con finitura sunburst.","og_url":"https:\/\/www.matts-guitar-shop.com\/it\/produit\/vox-tear-drop-ex-bill-wyman-the-rolling-stones\/","og_site_name":"Matt&#039;s Guitar Shop","article_publisher":"https:\/\/www.facebook.com\/profile.php?id=100044359842817","og_image":[{"width":700,"height":1011,"url":"https:\/\/www.matts-guitar-shop.com\/wp-content\/uploads\/2024\/08\/Vox-Tear-Drop-Ex-Bill-Wyman-instrument-00.jpg","type":"image\/jpeg"}],"twitter_card":"summary_large_image","schema":{"@context":"https:\/\/schema.org","@graph":[{"@type":"WebPage","@id":"https:\/\/www.matts-guitar-shop.com\/it\/produit\/vox-tear-drop-ex-bill-wyman-the-rolling-stones\/","url":"https:\/\/www.matts-guitar-shop.com\/it\/produit\/vox-tear-drop-ex-bill-wyman-the-rolling-stones\/","name":"Vox Tear Drop ex-Bill Wyman \u2013 The Rolling Stones - Matt&#039;s Guitar Shop","isPartOf":{"@id":"https:\/\/www.matts-guitar-shop.com\/it\/#website"},"primaryImageOfPage":{"@id":"https:\/\/www.matts-guitar-shop.com\/it\/produit\/vox-tear-drop-ex-bill-wyman-the-rolling-stones\/#primaryimage"},"image":{"@id":"https:\/\/www.matts-guitar-shop.com\/it\/produit\/vox-tear-drop-ex-bill-wyman-the-rolling-stones\/#primaryimage"},"thumbnailUrl":"https:\/\/www.matts-guitar-shop.com\/wp-content\/uploads\/2024\/08\/Vox-Tear-Drop-Ex-Bill-Wyman-instrument-00.jpg","datePublished":"2024-08-31T11:46:19+00:00","description":"Questo basso Vox Wyman del 1965 ha un corpo cavo in acero fiammato che riprende la celebre forma a goccia d\u2019acqua, con finitura sunburst.","breadcrumb":{"@id":"https:\/\/www.matts-guitar-shop.com\/it\/produit\/vox-tear-drop-ex-bill-wyman-the-rolling-stones\/#breadcrumb"},"inLanguage":"it-IT","potentialAction":[{"@type":"ReadAction","target":["https:\/\/www.matts-guitar-shop.com\/it\/produit\/vox-tear-drop-ex-bill-wyman-the-rolling-stones\/"]}]},{"@type":"ImageObject","inLanguage":"it-IT","@id":"https:\/\/www.matts-guitar-shop.com\/it\/produit\/vox-tear-drop-ex-bill-wyman-the-rolling-stones\/#primaryimage","url":"https:\/\/www.matts-guitar-shop.com\/wp-content\/uploads\/2024\/08\/Vox-Tear-Drop-Ex-Bill-Wyman-instrument-00.jpg","contentUrl":"https:\/\/www.matts-guitar-shop.com\/wp-content\/uploads\/2024\/08\/Vox-Tear-Drop-Ex-Bill-Wyman-instrument-00.jpg","width":700,"height":1011},{"@type":"BreadcrumbList","@id":"https:\/\/www.matts-guitar-shop.com\/it\/produit\/vox-tear-drop-ex-bill-wyman-the-rolling-stones\/#breadcrumb","itemListElement":[{"@type":"ListItem","position":1,"name":"Home","item":"https:\/\/www.matts-guitar-shop.com\/it\/"},{"@type":"ListItem","position":2,"name":"I nostri prodotti","item":"https:\/\/www.matts-guitar-shop.com\/nos-produits\/"},{"@type":"ListItem","position":3,"name":"Vox Tear Drop ex-Bill Wyman \u2013 The Rolling Stones"}]},{"@type":"WebSite","@id":"https:\/\/www.matts-guitar-shop.com\/it\/#website","url":"https:\/\/www.matts-guitar-shop.com\/it\/","name":"matts-guitar-shop.com","description":"Guitar Shop","publisher":{"@id":"https:\/\/www.matts-guitar-shop.com\/it\/#organization"},"potentialAction":[{"@type":"SearchAction","target":{"@type":"EntryPoint","urlTemplate":"https:\/\/www.matts-guitar-shop.com\/it\/?s={search_term_string}"},"query-input":{"@type":"PropertyValueSpecification","valueRequired":true,"valueName":"search_term_string"}}],"inLanguage":"it-IT"},{"@type":"Organization","@id":"https:\/\/www.matts-guitar-shop.com\/it\/#organization","name":"matts-guitar-shop.com","url":"https:\/\/www.matts-guitar-shop.com\/it\/","logo":{"@type":"ImageObject","inLanguage":"it-IT","@id":"https:\/\/www.matts-guitar-shop.com\/it\/#\/schema\/logo\/image\/","url":"https:\/\/www.matts-guitar-shop.com\/wp-content\/uploads\/2024\/09\/MGS-logo-site-02.png","contentUrl":"https:\/\/www.matts-guitar-shop.com\/wp-content\/uploads\/2024\/09\/MGS-logo-site-02.png","width":200,"height":122,"caption":"matts-guitar-shop.com"},"image":{"@id":"https:\/\/www.matts-guitar-shop.com\/it\/#\/schema\/logo\/image\/"},"sameAs":["https:\/\/www.facebook.com\/profile.php?id=100044359842817","https:\/\/www.instagram.com\/mattsguitarshop\/","https:\/\/www.youtube.com\/@MattLucasMan\/videos"]}]}},"_links":{"self":[{"href":"https:\/\/www.matts-guitar-shop.com\/it\/wp-json\/wp\/v2\/product\/21186","targetHints":{"allow":["GET"]}}],"collection":[{"href":"https:\/\/www.matts-guitar-shop.com\/it\/wp-json\/wp\/v2\/product"}],"about":[{"href":"https:\/\/www.matts-guitar-shop.com\/it\/wp-json\/wp\/v2\/types\/product"}],"replies":[{"embeddable":true,"href":"https:\/\/www.matts-guitar-shop.com\/it\/wp-json\/wp\/v2\/comments?post=21186"}],"wp:featuredmedia":[{"embeddable":true,"href":"https:\/\/www.matts-guitar-shop.com\/it\/wp-json\/wp\/v2\/media\/21203"}],"wp:attachment":[{"href":"https:\/\/www.matts-guitar-shop.com\/it\/wp-json\/wp\/v2\/media?parent=21186"}],"wp:term":[{"taxonomy":"product_brand","embeddable":true,"href":"https:\/\/www.matts-guitar-shop.com\/it\/wp-json\/wp\/v2\/product_brand?post=21186"},{"taxonomy":"product_cat","embeddable":true,"href":"https:\/\/www.matts-guitar-shop.com\/it\/wp-json\/wp\/v2\/product_cat?post=21186"},{"taxonomy":"product_tag","embeddable":true,"href":"https:\/\/www.matts-guitar-shop.com\/it\/wp-json\/wp\/v2\/product_tag?post=21186"}],"curies":[{"name":"wp","href":"https:\/\/api.w.org\/{rel}","templated":true}]}}