{"id":21078,"date":"2024-08-31T11:30:16","date_gmt":"2024-08-31T09:30:16","guid":{"rendered":"https:\/\/www.matts-guitar-shop.com\/produit\/nik-huber-krauster-i-ex-steely-dan\/"},"modified":"2024-08-31T11:30:16","modified_gmt":"2024-08-31T09:30:16","slug":"nik-huber-krauster-i-ex-steely-dan","status":"publish","type":"product","link":"https:\/\/www.matts-guitar-shop.com\/it\/produit\/nik-huber-krauster-i-ex-steely-dan\/","title":{"rendered":"Nik Huber Krauster I Ex Steely Dan"},"content":{"rendered":"<p>Nik Huber Krauster I Ex Steely Dan<\/p>\n","protected":false},"excerpt":{"rendered":"<p><strong>Nik Huber \u00e8 considerato uno dei migliori liutai in attivit\u00e0 attualmente, e il suo team di otto specialisti produce chitarre incredibili in Germania, vicino a Francoforte. Ha iniziato nel 1996, e Huber ha soprattutto realizzato strumenti molto decorati e sofisticati, sulla scia di quanto fatto da Paul Reed Smith o Joel Dantzig. Ma Nik Huber ha anche il talento di applicare la sua maestria, precisione e finezza a design pi\u00f9 semplici, chitarre pi\u00f9 vicine alla Les Paul Junior che alla Standard, che suonano in modo eccellente e sono ben costruite nonostante l\u2019aspetto spartano.<\/strong><\/p>\n<p>\u00c8 cos\u00ec che \u00e8 apparso il modello Krauster II, con caratteristiche che ricordano una Les Paul Special reinterpretata dagli occhi del maestro tedesco: il corpo \u00e8 in un unico pezzo di mogano, mentre il manico incollato \u00e8 in acero, cosa piuttosto sorprendente. Ispirandosi probabilmente alla Les Paul Junior, Nik Huber ha dato un piccolo \u201ctwist\u201d optando per un manico in acero, conferendo maggiore vivacit\u00e0. La tastiera ibrida di tipo PRS \u00e8 da 25\u201d, il giusto mezzo tra Gibson e Fender, e il ponte wraparound non regolabile garantisce una perfetta trasmissione delle vibrazioni delle corde al corpo. Il modello proposto da Matt\u2019s Guitar Shop \u00e8 eccezionale. Apparteneva al leggendario gruppo rock americano Steely Dan, composto da Donald Fagen e dal non meno leggendario Walter Becker. Uno strumento che suona straordinariamente con un\u2019eredit\u00e0 prestigiosa!<\/p>\n<p><strong>Avete domande su questo prodotto? Contattateci!<\/strong><\/p>\n","protected":false},"featured_media":21079,"comment_status":"open","ping_status":"closed","template":"","meta":{"_et_pb_use_builder":"","_et_pb_old_content":"","_et_gb_content_width":""},"product_brand":[],"product_cat":[851,847],"product_tag":[],"class_list":{"0":"post-21078","1":"product","2":"type-product","3":"status-publish","4":"has-post-thumbnail","6":"product_cat-chitarre-elettriche","7":"product_cat-chitarre","8":"pa_artiste-steely-dan-it","9":"pa_disponibilite-in-vendita","10":"pa_marque-nik-huber-it","12":"first","13":"instock","14":"shipping-taxable","15":"product-type-simple"},"yoast_head":"<!-- This site is optimized with the Yoast SEO plugin v26.8 - https:\/\/yoast.com\/product\/yoast-seo-wordpress\/ -->\n<title>Nik Huber Krauster I Ex Steely Dan - Matt&#039;s Guitar Shop<\/title>\n<meta name=\"robots\" content=\"index, follow, max-snippet:-1, max-image-preview:large, max-video-preview:-1\" \/>\n<link rel=\"canonical\" href=\"https:\/\/www.matts-guitar-shop.com\/it\/produit\/nik-huber-krauster-i-ex-steely-dan\/\" \/>\n<meta property=\"og:locale\" content=\"it_IT\" \/>\n<meta property=\"og:type\" content=\"article\" \/>\n<meta property=\"og:title\" content=\"Nik Huber Krauster I Ex Steely Dan - Matt&#039;s Guitar Shop\" \/>\n<meta property=\"og:description\" content=\"Nik Huber \u00e8 considerato uno dei migliori liutai in attivit\u00e0 attualmente, e il suo team di otto specialisti produce chitarre incredibili in Germania, vicino a Francoforte. Ha iniziato nel 1996, e Huber ha soprattutto realizzato strumenti molto decorati e sofisticati, sulla scia di quanto fatto da Paul Reed Smith o Joel Dantzig. Ma Nik Huber ha anche il talento di applicare la sua maestria, precisione e finezza a design pi\u00f9 semplici, chitarre pi\u00f9 vicine alla Les Paul Junior che alla Standard, che suonano in modo eccellente e sono ben costruite nonostante l\u2019aspetto spartano. \u00c8 cos\u00ec che \u00e8 apparso il modello Krauster II, con caratteristiche che ricordano una Les Paul Special reinterpretata dagli occhi del maestro tedesco: il corpo \u00e8 in un unico pezzo di mogano, mentre il manico incollato \u00e8 in acero, cosa piuttosto sorprendente. Ispirandosi probabilmente alla Les Paul Junior, Nik Huber ha dato un piccolo \u201ctwist\u201d optando per un manico in acero, conferendo maggiore vivacit\u00e0. La tastiera ibrida di tipo PRS \u00e8 da 25\u201d, il giusto mezzo tra Gibson e Fender, e il ponte wraparound non regolabile garantisce una perfetta trasmissione delle vibrazioni delle corde al corpo. Il modello proposto da Matt\u2019s Guitar Shop \u00e8 eccezionale. Apparteneva al leggendario gruppo rock americano Steely Dan, composto da Donald Fagen e dal non meno leggendario Walter Becker. Uno strumento che suona straordinariamente con un\u2019eredit\u00e0 prestigiosa! Avete domande su questo prodotto? Contattateci!\" \/>\n<meta property=\"og:url\" content=\"https:\/\/www.matts-guitar-shop.com\/it\/produit\/nik-huber-krauster-i-ex-steely-dan\/\" \/>\n<meta property=\"og:site_name\" content=\"Matt&#039;s Guitar Shop\" \/>\n<meta property=\"article:publisher\" content=\"https:\/\/www.facebook.com\/profile.php?id=100044359842817\" \/>\n<meta property=\"og:image\" content=\"https:\/\/www.matts-guitar-shop.com\/wp-content\/uploads\/2024\/08\/nik-huber-krauster-ex-steely-dan-grey-00.jpg\" \/>\n\t<meta property=\"og:image:width\" content=\"900\" \/>\n\t<meta property=\"og:image:height\" content=\"1300\" \/>\n\t<meta property=\"og:image:type\" content=\"image\/jpeg\" \/>\n<meta name=\"twitter:card\" content=\"summary_large_image\" \/>\n<script type=\"application\/ld+json\" class=\"yoast-schema-graph\">{\"@context\":\"https:\/\/schema.org\",\"@graph\":[{\"@type\":\"WebPage\",\"@id\":\"https:\/\/www.matts-guitar-shop.com\/it\/produit\/nik-huber-krauster-i-ex-steely-dan\/\",\"url\":\"https:\/\/www.matts-guitar-shop.com\/it\/produit\/nik-huber-krauster-i-ex-steely-dan\/\",\"name\":\"Nik Huber Krauster I Ex Steely Dan - Matt&#039;s Guitar Shop\",\"isPartOf\":{\"@id\":\"https:\/\/www.matts-guitar-shop.com\/it\/#website\"},\"primaryImageOfPage\":{\"@id\":\"https:\/\/www.matts-guitar-shop.com\/it\/produit\/nik-huber-krauster-i-ex-steely-dan\/#primaryimage\"},\"image\":{\"@id\":\"https:\/\/www.matts-guitar-shop.com\/it\/produit\/nik-huber-krauster-i-ex-steely-dan\/#primaryimage\"},\"thumbnailUrl\":\"https:\/\/www.matts-guitar-shop.com\/wp-content\/uploads\/2024\/08\/nik-huber-krauster-ex-steely-dan-grey-00.jpg\",\"datePublished\":\"2024-08-31T09:30:16+00:00\",\"breadcrumb\":{\"@id\":\"https:\/\/www.matts-guitar-shop.com\/it\/produit\/nik-huber-krauster-i-ex-steely-dan\/#breadcrumb\"},\"inLanguage\":\"it-IT\",\"potentialAction\":[{\"@type\":\"ReadAction\",\"target\":[\"https:\/\/www.matts-guitar-shop.com\/it\/produit\/nik-huber-krauster-i-ex-steely-dan\/\"]}]},{\"@type\":\"ImageObject\",\"inLanguage\":\"it-IT\",\"@id\":\"https:\/\/www.matts-guitar-shop.com\/it\/produit\/nik-huber-krauster-i-ex-steely-dan\/#primaryimage\",\"url\":\"https:\/\/www.matts-guitar-shop.com\/wp-content\/uploads\/2024\/08\/nik-huber-krauster-ex-steely-dan-grey-00.jpg\",\"contentUrl\":\"https:\/\/www.matts-guitar-shop.com\/wp-content\/uploads\/2024\/08\/nik-huber-krauster-ex-steely-dan-grey-00.jpg\",\"width\":900,\"height\":1300},{\"@type\":\"BreadcrumbList\",\"@id\":\"https:\/\/www.matts-guitar-shop.com\/it\/produit\/nik-huber-krauster-i-ex-steely-dan\/#breadcrumb\",\"itemListElement\":[{\"@type\":\"ListItem\",\"position\":1,\"name\":\"Home\",\"item\":\"https:\/\/www.matts-guitar-shop.com\/it\/\"},{\"@type\":\"ListItem\",\"position\":2,\"name\":\"I nostri prodotti\",\"item\":\"https:\/\/www.matts-guitar-shop.com\/nos-produits\/\"},{\"@type\":\"ListItem\",\"position\":3,\"name\":\"Nik Huber Krauster I Ex Steely Dan\"}]},{\"@type\":\"WebSite\",\"@id\":\"https:\/\/www.matts-guitar-shop.com\/it\/#website\",\"url\":\"https:\/\/www.matts-guitar-shop.com\/it\/\",\"name\":\"matts-guitar-shop.com\",\"description\":\"Guitar Shop\",\"publisher\":{\"@id\":\"https:\/\/www.matts-guitar-shop.com\/it\/#organization\"},\"potentialAction\":[{\"@type\":\"SearchAction\",\"target\":{\"@type\":\"EntryPoint\",\"urlTemplate\":\"https:\/\/www.matts-guitar-shop.com\/it\/?s={search_term_string}\"},\"query-input\":{\"@type\":\"PropertyValueSpecification\",\"valueRequired\":true,\"valueName\":\"search_term_string\"}}],\"inLanguage\":\"it-IT\"},{\"@type\":\"Organization\",\"@id\":\"https:\/\/www.matts-guitar-shop.com\/it\/#organization\",\"name\":\"matts-guitar-shop.com\",\"url\":\"https:\/\/www.matts-guitar-shop.com\/it\/\",\"logo\":{\"@type\":\"ImageObject\",\"inLanguage\":\"it-IT\",\"@id\":\"https:\/\/www.matts-guitar-shop.com\/it\/#\/schema\/logo\/image\/\",\"url\":\"https:\/\/www.matts-guitar-shop.com\/wp-content\/uploads\/2024\/09\/MGS-logo-site-02.png\",\"contentUrl\":\"https:\/\/www.matts-guitar-shop.com\/wp-content\/uploads\/2024\/09\/MGS-logo-site-02.png\",\"width\":200,\"height\":122,\"caption\":\"matts-guitar-shop.com\"},\"image\":{\"@id\":\"https:\/\/www.matts-guitar-shop.com\/it\/#\/schema\/logo\/image\/\"},\"sameAs\":[\"https:\/\/www.facebook.com\/profile.php?id=100044359842817\",\"https:\/\/www.instagram.com\/mattsguitarshop\/\",\"https:\/\/www.youtube.com\/@MattLucasMan\/videos\"]}]}<\/script>\n<!-- \/ Yoast SEO plugin. -->","yoast_head_json":{"title":"Nik Huber Krauster I Ex Steely Dan - Matt&#039;s Guitar Shop","robots":{"index":"index","follow":"follow","max-snippet":"max-snippet:-1","max-image-preview":"max-image-preview:large","max-video-preview":"max-video-preview:-1"},"canonical":"https:\/\/www.matts-guitar-shop.com\/it\/produit\/nik-huber-krauster-i-ex-steely-dan\/","og_locale":"it_IT","og_type":"article","og_title":"Nik Huber Krauster I Ex Steely Dan - Matt&#039;s Guitar Shop","og_description":"Nik Huber \u00e8 considerato uno dei migliori liutai in attivit\u00e0 attualmente, e il suo team di otto specialisti produce chitarre incredibili in Germania, vicino a Francoforte. Ha iniziato nel 1996, e Huber ha soprattutto realizzato strumenti molto decorati e sofisticati, sulla scia di quanto fatto da Paul Reed Smith o Joel Dantzig. Ma Nik Huber ha anche il talento di applicare la sua maestria, precisione e finezza a design pi\u00f9 semplici, chitarre pi\u00f9 vicine alla Les Paul Junior che alla Standard, che suonano in modo eccellente e sono ben costruite nonostante l\u2019aspetto spartano. \u00c8 cos\u00ec che \u00e8 apparso il modello Krauster II, con caratteristiche che ricordano una Les Paul Special reinterpretata dagli occhi del maestro tedesco: il corpo \u00e8 in un unico pezzo di mogano, mentre il manico incollato \u00e8 in acero, cosa piuttosto sorprendente. Ispirandosi probabilmente alla Les Paul Junior, Nik Huber ha dato un piccolo \u201ctwist\u201d optando per un manico in acero, conferendo maggiore vivacit\u00e0. La tastiera ibrida di tipo PRS \u00e8 da 25\u201d, il giusto mezzo tra Gibson e Fender, e il ponte wraparound non regolabile garantisce una perfetta trasmissione delle vibrazioni delle corde al corpo. Il modello proposto da Matt\u2019s Guitar Shop \u00e8 eccezionale. Apparteneva al leggendario gruppo rock americano Steely Dan, composto da Donald Fagen e dal non meno leggendario Walter Becker. Uno strumento che suona straordinariamente con un\u2019eredit\u00e0 prestigiosa! Avete domande su questo prodotto? Contattateci!","og_url":"https:\/\/www.matts-guitar-shop.com\/it\/produit\/nik-huber-krauster-i-ex-steely-dan\/","og_site_name":"Matt&#039;s Guitar Shop","article_publisher":"https:\/\/www.facebook.com\/profile.php?id=100044359842817","og_image":[{"width":900,"height":1300,"url":"https:\/\/www.matts-guitar-shop.com\/wp-content\/uploads\/2024\/08\/nik-huber-krauster-ex-steely-dan-grey-00.jpg","type":"image\/jpeg"}],"twitter_card":"summary_large_image","schema":{"@context":"https:\/\/schema.org","@graph":[{"@type":"WebPage","@id":"https:\/\/www.matts-guitar-shop.com\/it\/produit\/nik-huber-krauster-i-ex-steely-dan\/","url":"https:\/\/www.matts-guitar-shop.com\/it\/produit\/nik-huber-krauster-i-ex-steely-dan\/","name":"Nik Huber Krauster I Ex Steely Dan - Matt&#039;s Guitar Shop","isPartOf":{"@id":"https:\/\/www.matts-guitar-shop.com\/it\/#website"},"primaryImageOfPage":{"@id":"https:\/\/www.matts-guitar-shop.com\/it\/produit\/nik-huber-krauster-i-ex-steely-dan\/#primaryimage"},"image":{"@id":"https:\/\/www.matts-guitar-shop.com\/it\/produit\/nik-huber-krauster-i-ex-steely-dan\/#primaryimage"},"thumbnailUrl":"https:\/\/www.matts-guitar-shop.com\/wp-content\/uploads\/2024\/08\/nik-huber-krauster-ex-steely-dan-grey-00.jpg","datePublished":"2024-08-31T09:30:16+00:00","breadcrumb":{"@id":"https:\/\/www.matts-guitar-shop.com\/it\/produit\/nik-huber-krauster-i-ex-steely-dan\/#breadcrumb"},"inLanguage":"it-IT","potentialAction":[{"@type":"ReadAction","target":["https:\/\/www.matts-guitar-shop.com\/it\/produit\/nik-huber-krauster-i-ex-steely-dan\/"]}]},{"@type":"ImageObject","inLanguage":"it-IT","@id":"https:\/\/www.matts-guitar-shop.com\/it\/produit\/nik-huber-krauster-i-ex-steely-dan\/#primaryimage","url":"https:\/\/www.matts-guitar-shop.com\/wp-content\/uploads\/2024\/08\/nik-huber-krauster-ex-steely-dan-grey-00.jpg","contentUrl":"https:\/\/www.matts-guitar-shop.com\/wp-content\/uploads\/2024\/08\/nik-huber-krauster-ex-steely-dan-grey-00.jpg","width":900,"height":1300},{"@type":"BreadcrumbList","@id":"https:\/\/www.matts-guitar-shop.com\/it\/produit\/nik-huber-krauster-i-ex-steely-dan\/#breadcrumb","itemListElement":[{"@type":"ListItem","position":1,"name":"Home","item":"https:\/\/www.matts-guitar-shop.com\/it\/"},{"@type":"ListItem","position":2,"name":"I nostri prodotti","item":"https:\/\/www.matts-guitar-shop.com\/nos-produits\/"},{"@type":"ListItem","position":3,"name":"Nik Huber Krauster I Ex Steely Dan"}]},{"@type":"WebSite","@id":"https:\/\/www.matts-guitar-shop.com\/it\/#website","url":"https:\/\/www.matts-guitar-shop.com\/it\/","name":"matts-guitar-shop.com","description":"Guitar Shop","publisher":{"@id":"https:\/\/www.matts-guitar-shop.com\/it\/#organization"},"potentialAction":[{"@type":"SearchAction","target":{"@type":"EntryPoint","urlTemplate":"https:\/\/www.matts-guitar-shop.com\/it\/?s={search_term_string}"},"query-input":{"@type":"PropertyValueSpecification","valueRequired":true,"valueName":"search_term_string"}}],"inLanguage":"it-IT"},{"@type":"Organization","@id":"https:\/\/www.matts-guitar-shop.com\/it\/#organization","name":"matts-guitar-shop.com","url":"https:\/\/www.matts-guitar-shop.com\/it\/","logo":{"@type":"ImageObject","inLanguage":"it-IT","@id":"https:\/\/www.matts-guitar-shop.com\/it\/#\/schema\/logo\/image\/","url":"https:\/\/www.matts-guitar-shop.com\/wp-content\/uploads\/2024\/09\/MGS-logo-site-02.png","contentUrl":"https:\/\/www.matts-guitar-shop.com\/wp-content\/uploads\/2024\/09\/MGS-logo-site-02.png","width":200,"height":122,"caption":"matts-guitar-shop.com"},"image":{"@id":"https:\/\/www.matts-guitar-shop.com\/it\/#\/schema\/logo\/image\/"},"sameAs":["https:\/\/www.facebook.com\/profile.php?id=100044359842817","https:\/\/www.instagram.com\/mattsguitarshop\/","https:\/\/www.youtube.com\/@MattLucasMan\/videos"]}]}},"_links":{"self":[{"href":"https:\/\/www.matts-guitar-shop.com\/it\/wp-json\/wp\/v2\/product\/21078","targetHints":{"allow":["GET"]}}],"collection":[{"href":"https:\/\/www.matts-guitar-shop.com\/it\/wp-json\/wp\/v2\/product"}],"about":[{"href":"https:\/\/www.matts-guitar-shop.com\/it\/wp-json\/wp\/v2\/types\/product"}],"replies":[{"embeddable":true,"href":"https:\/\/www.matts-guitar-shop.com\/it\/wp-json\/wp\/v2\/comments?post=21078"}],"wp:featuredmedia":[{"embeddable":true,"href":"https:\/\/www.matts-guitar-shop.com\/it\/wp-json\/wp\/v2\/media\/21079"}],"wp:attachment":[{"href":"https:\/\/www.matts-guitar-shop.com\/it\/wp-json\/wp\/v2\/media?parent=21078"}],"wp:term":[{"taxonomy":"product_brand","embeddable":true,"href":"https:\/\/www.matts-guitar-shop.com\/it\/wp-json\/wp\/v2\/product_brand?post=21078"},{"taxonomy":"product_cat","embeddable":true,"href":"https:\/\/www.matts-guitar-shop.com\/it\/wp-json\/wp\/v2\/product_cat?post=21078"},{"taxonomy":"product_tag","embeddable":true,"href":"https:\/\/www.matts-guitar-shop.com\/it\/wp-json\/wp\/v2\/product_tag?post=21078"}],"curies":[{"name":"wp","href":"https:\/\/api.w.org\/{rel}","templated":true}]}}