{"id":21059,"date":"2024-08-31T11:21:58","date_gmt":"2024-08-31T09:21:58","guid":{"rendered":"https:\/\/www.matts-guitar-shop.com\/produit\/martin-d28-eric-clapton-crossroads-edition\/"},"modified":"2024-08-31T11:21:58","modified_gmt":"2024-08-31T09:21:58","slug":"martin-d28-eric-clapton-crossroads-edition","status":"publish","type":"product","link":"https:\/\/www.matts-guitar-shop.com\/it\/produit\/martin-d28-eric-clapton-crossroads-edition\/","title":{"rendered":"Martin D28 Eric Clapton Crossroads Edition"},"content":{"rendered":"<p>Eric Clapton<br \/> (1945)<\/p>\n<p>Gruppo: Cream<br \/> Chitarra principale: Fender Stratocaster<br \/> Brano da ascoltare assolutamente: Crossroads<\/p>\n<p>Pi\u00f9 di un semplice musicista, Clapton \u00e8 diventato un\u2019icona mondiale, senza dubbio il bluesman e chitarrista pi\u00f9 conosciuto dal grande pubblico, pur essendo amato anche dai veri intenditori. Il ruolo del giovane Eric \u00e8 stato determinante nella creazione di un vero blues britannico e nella sua esportazione verso gli Stati Uniti.<\/p>\n<p>Clapton ha fatto le sue esperienze con i The Yardbirds, un gruppo che combinava influenze Chicago Blues e pop, con la sua Telecaster collegata a un AC30. Dopo il singolo For Your Love (1965), troppo pop per i suoi gusti, entra nel gruppo di puristi John Mayall and the Bluesbreakers. Rimane con Mayall solo pochi mesi, ma quel breve periodo gli basta per incidere i brani memorabili dell\u2019album omonimo \u201cWith Eric Clapton\u201d del 1966. Con questo storico disco, il mondo scopre la combinazione fatale di una Les Paul sunburst, all\u2019epoca un modello poco considerato, collegata a un combo Marshall. La ricetta sar\u00e0 ripresa da innumerevoli rock star, ma l\u2019elettricit\u00e0 e la potenza del suono di Clapton su questo album non saranno mai eguagliate del tutto. Qui ispira un\u2019intera generazione di chitarristi britannici e fan che lo soprannomineranno \u201cgod\u201d.<\/p>\n<p>Nel 1966 entra nel trio formato dal batterista Ginger Baker insieme a Jack Bruce (anche lui ex John Mayall): nasce i Cream. Il trio di virtuosi reinventa il blues elettrico tornando alle radici e infondendo un\u2019urgenza psichedelica nelle opere dei grandi maestri. All\u2019interno del gruppo, Clapton si vede con una SG ricoperta di disegni eccentrici (\u201cThe Fool\u201d) e una ES-335 Cherry Red. Poi i Cream si sciolgono sotto il peso dei diversi ego coinvolti, e Clapton forma i Blind Faith con Steve Winwood, suonando una Telecaster con manico di Strat, primo segno del suo gusto per il mix di Fender.<\/p>\n<p>Nel 1970, Clapton si nasconde dietro il nome Derek And The Dominos per il celebre album Layla, poi inizia la carriera solista pubblicando l\u2019album omonimo del 1970 e 461 Ocean Boulevard nel 1974. Prosegue con produzioni pi\u00f9 o meno entusiasmanti in cui compare sempre il suono della Strat che rende iconico, generalmente con la sua fedele Blackie, una Strat fifties nera assemblata da pi\u00f9 strumenti vintage.<\/p>\n<p>L\u2019album definitivo che porta Clapton ancora pi\u00f9 in alto arriva nel 1992 con Unplugged, un semplice concerto acustico per MTV che diventer\u00e0 un fenomeno culturale e rilancer\u00e0 le vendite di Martin come mai prima. La 000-28 diventa nuovamente un oggetto desiderabile. Da allora, Eric ha realizzato un album tributo a Robert Johnson, album in duo con B.B. King e J.J. Cale, organizzato gli eccellenti festival Crossroads e venduto moltissime chitarre all\u2019asta. Le sue rare apparizioni live restano eventi chitarristici di grande portata, pi\u00f9 di mezzo secolo dopo i suoi inizi.<\/p>\n","protected":false},"excerpt":{"rendered":"<p>Avete domande su questo prodotto? Contattateci!<\/p>\n","protected":false},"featured_media":21060,"comment_status":"open","ping_status":"closed","template":"","meta":{"_et_pb_use_builder":"","_et_pb_old_content":"","_et_gb_content_width":""},"product_brand":[],"product_cat":[849,846,847],"product_tag":[],"class_list":{"0":"post-21059","1":"product","2":"type-product","3":"status-publish","4":"has-post-thumbnail","6":"product_cat-chitarre-acustiche","7":"product_cat-venduti","8":"product_cat-chitarre","9":"pa_artiste-eric-clapton-it","10":"pa_disponibilite-vendutoa","11":"pa_marque-martin-co-it","13":"first","14":"outofstock","15":"shipping-taxable","16":"purchasable","17":"product-type-simple"},"yoast_head":"<!-- This site is optimized with the Yoast SEO plugin v26.8 - https:\/\/yoast.com\/product\/yoast-seo-wordpress\/ -->\n<title>Martin D28 Eric Clapton Crossroads Edition - Matt&#039;s Guitar Shop<\/title>\n<meta name=\"description\" content=\"Martin D-28 Eric Clapton Crossroads Edition. Una chitarra acustica d\u2019eccezione, omaggio a Crossroads, firmata, rara e da collezione.\" \/>\n<meta name=\"robots\" content=\"index, follow, max-snippet:-1, max-image-preview:large, max-video-preview:-1\" \/>\n<link rel=\"canonical\" href=\"https:\/\/www.matts-guitar-shop.com\/it\/produit\/martin-d28-eric-clapton-crossroads-edition\/\" \/>\n<meta property=\"og:locale\" content=\"it_IT\" \/>\n<meta property=\"og:type\" content=\"article\" \/>\n<meta property=\"og:title\" content=\"Martin D28 Eric Clapton Crossroads Edition - Matt&#039;s Guitar Shop\" \/>\n<meta property=\"og:description\" content=\"Martin D-28 Eric Clapton Crossroads Edition. Una chitarra acustica d\u2019eccezione, omaggio a Crossroads, firmata, rara e da collezione.\" \/>\n<meta property=\"og:url\" content=\"https:\/\/www.matts-guitar-shop.com\/it\/produit\/martin-d28-eric-clapton-crossroads-edition\/\" \/>\n<meta property=\"og:site_name\" content=\"Matt&#039;s Guitar Shop\" \/>\n<meta property=\"article:publisher\" content=\"https:\/\/www.facebook.com\/profile.php?id=100044359842817\" \/>\n<meta property=\"og:image\" content=\"https:\/\/www.matts-guitar-shop.com\/wp-content\/uploads\/2024\/08\/martin-d-28-eric-clapton-crossroads-edition-guitare-00.jpg\" \/>\n\t<meta property=\"og:image:width\" content=\"700\" \/>\n\t<meta property=\"og:image:height\" content=\"1011\" \/>\n\t<meta property=\"og:image:type\" content=\"image\/jpeg\" \/>\n<meta name=\"twitter:card\" content=\"summary_large_image\" \/>\n<meta name=\"twitter:label1\" content=\"Tempo di lettura stimato\" \/>\n\t<meta name=\"twitter:data1\" content=\"2 minuti\" \/>\n<script type=\"application\/ld+json\" class=\"yoast-schema-graph\">{\"@context\":\"https:\/\/schema.org\",\"@graph\":[{\"@type\":\"WebPage\",\"@id\":\"https:\/\/www.matts-guitar-shop.com\/it\/produit\/martin-d28-eric-clapton-crossroads-edition\/\",\"url\":\"https:\/\/www.matts-guitar-shop.com\/it\/produit\/martin-d28-eric-clapton-crossroads-edition\/\",\"name\":\"Martin D28 Eric Clapton Crossroads Edition - Matt&#039;s Guitar Shop\",\"isPartOf\":{\"@id\":\"https:\/\/www.matts-guitar-shop.com\/it\/#website\"},\"primaryImageOfPage\":{\"@id\":\"https:\/\/www.matts-guitar-shop.com\/it\/produit\/martin-d28-eric-clapton-crossroads-edition\/#primaryimage\"},\"image\":{\"@id\":\"https:\/\/www.matts-guitar-shop.com\/it\/produit\/martin-d28-eric-clapton-crossroads-edition\/#primaryimage\"},\"thumbnailUrl\":\"https:\/\/www.matts-guitar-shop.com\/wp-content\/uploads\/2024\/08\/martin-d-28-eric-clapton-crossroads-edition-guitare-00.jpg\",\"datePublished\":\"2024-08-31T09:21:58+00:00\",\"description\":\"Martin D-28 Eric Clapton Crossroads Edition. Una chitarra acustica d\u2019eccezione, omaggio a Crossroads, firmata, rara e da collezione.\",\"breadcrumb\":{\"@id\":\"https:\/\/www.matts-guitar-shop.com\/it\/produit\/martin-d28-eric-clapton-crossroads-edition\/#breadcrumb\"},\"inLanguage\":\"it-IT\",\"potentialAction\":[{\"@type\":\"ReadAction\",\"target\":[\"https:\/\/www.matts-guitar-shop.com\/it\/produit\/martin-d28-eric-clapton-crossroads-edition\/\"]}]},{\"@type\":\"ImageObject\",\"inLanguage\":\"it-IT\",\"@id\":\"https:\/\/www.matts-guitar-shop.com\/it\/produit\/martin-d28-eric-clapton-crossroads-edition\/#primaryimage\",\"url\":\"https:\/\/www.matts-guitar-shop.com\/wp-content\/uploads\/2024\/08\/martin-d-28-eric-clapton-crossroads-edition-guitare-00.jpg\",\"contentUrl\":\"https:\/\/www.matts-guitar-shop.com\/wp-content\/uploads\/2024\/08\/martin-d-28-eric-clapton-crossroads-edition-guitare-00.jpg\",\"width\":700,\"height\":1011},{\"@type\":\"BreadcrumbList\",\"@id\":\"https:\/\/www.matts-guitar-shop.com\/it\/produit\/martin-d28-eric-clapton-crossroads-edition\/#breadcrumb\",\"itemListElement\":[{\"@type\":\"ListItem\",\"position\":1,\"name\":\"Home\",\"item\":\"https:\/\/www.matts-guitar-shop.com\/it\/\"},{\"@type\":\"ListItem\",\"position\":2,\"name\":\"I nostri prodotti\",\"item\":\"https:\/\/www.matts-guitar-shop.com\/nos-produits\/\"},{\"@type\":\"ListItem\",\"position\":3,\"name\":\"Martin D28 Eric Clapton Crossroads Edition\"}]},{\"@type\":\"WebSite\",\"@id\":\"https:\/\/www.matts-guitar-shop.com\/it\/#website\",\"url\":\"https:\/\/www.matts-guitar-shop.com\/it\/\",\"name\":\"matts-guitar-shop.com\",\"description\":\"Guitar Shop\",\"publisher\":{\"@id\":\"https:\/\/www.matts-guitar-shop.com\/it\/#organization\"},\"potentialAction\":[{\"@type\":\"SearchAction\",\"target\":{\"@type\":\"EntryPoint\",\"urlTemplate\":\"https:\/\/www.matts-guitar-shop.com\/it\/?s={search_term_string}\"},\"query-input\":{\"@type\":\"PropertyValueSpecification\",\"valueRequired\":true,\"valueName\":\"search_term_string\"}}],\"inLanguage\":\"it-IT\"},{\"@type\":\"Organization\",\"@id\":\"https:\/\/www.matts-guitar-shop.com\/it\/#organization\",\"name\":\"matts-guitar-shop.com\",\"url\":\"https:\/\/www.matts-guitar-shop.com\/it\/\",\"logo\":{\"@type\":\"ImageObject\",\"inLanguage\":\"it-IT\",\"@id\":\"https:\/\/www.matts-guitar-shop.com\/it\/#\/schema\/logo\/image\/\",\"url\":\"https:\/\/www.matts-guitar-shop.com\/wp-content\/uploads\/2024\/09\/MGS-logo-site-02.png\",\"contentUrl\":\"https:\/\/www.matts-guitar-shop.com\/wp-content\/uploads\/2024\/09\/MGS-logo-site-02.png\",\"width\":200,\"height\":122,\"caption\":\"matts-guitar-shop.com\"},\"image\":{\"@id\":\"https:\/\/www.matts-guitar-shop.com\/it\/#\/schema\/logo\/image\/\"},\"sameAs\":[\"https:\/\/www.facebook.com\/profile.php?id=100044359842817\",\"https:\/\/www.instagram.com\/mattsguitarshop\/\",\"https:\/\/www.youtube.com\/@MattLucasMan\/videos\"]}]}<\/script>\n<!-- \/ Yoast SEO plugin. -->","yoast_head_json":{"title":"Martin D28 Eric Clapton Crossroads Edition - Matt&#039;s Guitar Shop","description":"Martin D-28 Eric Clapton Crossroads Edition. Una chitarra acustica d\u2019eccezione, omaggio a Crossroads, firmata, rara e da collezione.","robots":{"index":"index","follow":"follow","max-snippet":"max-snippet:-1","max-image-preview":"max-image-preview:large","max-video-preview":"max-video-preview:-1"},"canonical":"https:\/\/www.matts-guitar-shop.com\/it\/produit\/martin-d28-eric-clapton-crossroads-edition\/","og_locale":"it_IT","og_type":"article","og_title":"Martin D28 Eric Clapton Crossroads Edition - Matt&#039;s Guitar Shop","og_description":"Martin D-28 Eric Clapton Crossroads Edition. Una chitarra acustica d\u2019eccezione, omaggio a Crossroads, firmata, rara e da collezione.","og_url":"https:\/\/www.matts-guitar-shop.com\/it\/produit\/martin-d28-eric-clapton-crossroads-edition\/","og_site_name":"Matt&#039;s Guitar Shop","article_publisher":"https:\/\/www.facebook.com\/profile.php?id=100044359842817","og_image":[{"width":700,"height":1011,"url":"https:\/\/www.matts-guitar-shop.com\/wp-content\/uploads\/2024\/08\/martin-d-28-eric-clapton-crossroads-edition-guitare-00.jpg","type":"image\/jpeg"}],"twitter_card":"summary_large_image","twitter_misc":{"Tempo di lettura stimato":"2 minuti"},"schema":{"@context":"https:\/\/schema.org","@graph":[{"@type":"WebPage","@id":"https:\/\/www.matts-guitar-shop.com\/it\/produit\/martin-d28-eric-clapton-crossroads-edition\/","url":"https:\/\/www.matts-guitar-shop.com\/it\/produit\/martin-d28-eric-clapton-crossroads-edition\/","name":"Martin D28 Eric Clapton Crossroads Edition - Matt&#039;s Guitar Shop","isPartOf":{"@id":"https:\/\/www.matts-guitar-shop.com\/it\/#website"},"primaryImageOfPage":{"@id":"https:\/\/www.matts-guitar-shop.com\/it\/produit\/martin-d28-eric-clapton-crossroads-edition\/#primaryimage"},"image":{"@id":"https:\/\/www.matts-guitar-shop.com\/it\/produit\/martin-d28-eric-clapton-crossroads-edition\/#primaryimage"},"thumbnailUrl":"https:\/\/www.matts-guitar-shop.com\/wp-content\/uploads\/2024\/08\/martin-d-28-eric-clapton-crossroads-edition-guitare-00.jpg","datePublished":"2024-08-31T09:21:58+00:00","description":"Martin D-28 Eric Clapton Crossroads Edition. Una chitarra acustica d\u2019eccezione, omaggio a Crossroads, firmata, rara e da collezione.","breadcrumb":{"@id":"https:\/\/www.matts-guitar-shop.com\/it\/produit\/martin-d28-eric-clapton-crossroads-edition\/#breadcrumb"},"inLanguage":"it-IT","potentialAction":[{"@type":"ReadAction","target":["https:\/\/www.matts-guitar-shop.com\/it\/produit\/martin-d28-eric-clapton-crossroads-edition\/"]}]},{"@type":"ImageObject","inLanguage":"it-IT","@id":"https:\/\/www.matts-guitar-shop.com\/it\/produit\/martin-d28-eric-clapton-crossroads-edition\/#primaryimage","url":"https:\/\/www.matts-guitar-shop.com\/wp-content\/uploads\/2024\/08\/martin-d-28-eric-clapton-crossroads-edition-guitare-00.jpg","contentUrl":"https:\/\/www.matts-guitar-shop.com\/wp-content\/uploads\/2024\/08\/martin-d-28-eric-clapton-crossroads-edition-guitare-00.jpg","width":700,"height":1011},{"@type":"BreadcrumbList","@id":"https:\/\/www.matts-guitar-shop.com\/it\/produit\/martin-d28-eric-clapton-crossroads-edition\/#breadcrumb","itemListElement":[{"@type":"ListItem","position":1,"name":"Home","item":"https:\/\/www.matts-guitar-shop.com\/it\/"},{"@type":"ListItem","position":2,"name":"I nostri prodotti","item":"https:\/\/www.matts-guitar-shop.com\/nos-produits\/"},{"@type":"ListItem","position":3,"name":"Martin D28 Eric Clapton Crossroads Edition"}]},{"@type":"WebSite","@id":"https:\/\/www.matts-guitar-shop.com\/it\/#website","url":"https:\/\/www.matts-guitar-shop.com\/it\/","name":"matts-guitar-shop.com","description":"Guitar Shop","publisher":{"@id":"https:\/\/www.matts-guitar-shop.com\/it\/#organization"},"potentialAction":[{"@type":"SearchAction","target":{"@type":"EntryPoint","urlTemplate":"https:\/\/www.matts-guitar-shop.com\/it\/?s={search_term_string}"},"query-input":{"@type":"PropertyValueSpecification","valueRequired":true,"valueName":"search_term_string"}}],"inLanguage":"it-IT"},{"@type":"Organization","@id":"https:\/\/www.matts-guitar-shop.com\/it\/#organization","name":"matts-guitar-shop.com","url":"https:\/\/www.matts-guitar-shop.com\/it\/","logo":{"@type":"ImageObject","inLanguage":"it-IT","@id":"https:\/\/www.matts-guitar-shop.com\/it\/#\/schema\/logo\/image\/","url":"https:\/\/www.matts-guitar-shop.com\/wp-content\/uploads\/2024\/09\/MGS-logo-site-02.png","contentUrl":"https:\/\/www.matts-guitar-shop.com\/wp-content\/uploads\/2024\/09\/MGS-logo-site-02.png","width":200,"height":122,"caption":"matts-guitar-shop.com"},"image":{"@id":"https:\/\/www.matts-guitar-shop.com\/it\/#\/schema\/logo\/image\/"},"sameAs":["https:\/\/www.facebook.com\/profile.php?id=100044359842817","https:\/\/www.instagram.com\/mattsguitarshop\/","https:\/\/www.youtube.com\/@MattLucasMan\/videos"]}]}},"_links":{"self":[{"href":"https:\/\/www.matts-guitar-shop.com\/it\/wp-json\/wp\/v2\/product\/21059","targetHints":{"allow":["GET"]}}],"collection":[{"href":"https:\/\/www.matts-guitar-shop.com\/it\/wp-json\/wp\/v2\/product"}],"about":[{"href":"https:\/\/www.matts-guitar-shop.com\/it\/wp-json\/wp\/v2\/types\/product"}],"replies":[{"embeddable":true,"href":"https:\/\/www.matts-guitar-shop.com\/it\/wp-json\/wp\/v2\/comments?post=21059"}],"wp:featuredmedia":[{"embeddable":true,"href":"https:\/\/www.matts-guitar-shop.com\/it\/wp-json\/wp\/v2\/media\/21060"}],"wp:attachment":[{"href":"https:\/\/www.matts-guitar-shop.com\/it\/wp-json\/wp\/v2\/media?parent=21059"}],"wp:term":[{"taxonomy":"product_brand","embeddable":true,"href":"https:\/\/www.matts-guitar-shop.com\/it\/wp-json\/wp\/v2\/product_brand?post=21059"},{"taxonomy":"product_cat","embeddable":true,"href":"https:\/\/www.matts-guitar-shop.com\/it\/wp-json\/wp\/v2\/product_cat?post=21059"},{"taxonomy":"product_tag","embeddable":true,"href":"https:\/\/www.matts-guitar-shop.com\/it\/wp-json\/wp\/v2\/product_tag?post=21059"}],"curies":[{"name":"wp","href":"https:\/\/api.w.org\/{rel}","templated":true}]}}