{"id":20861,"date":"2024-12-26T22:21:58","date_gmt":"2024-12-26T21:21:58","guid":{"rendered":"https:\/\/www.matts-guitar-shop.com\/produit\/gretsch-billy-bo-live-from-texas-billy-gibbons\/"},"modified":"2025-11-20T19:12:43","modified_gmt":"2025-11-20T18:12:43","slug":"gretsch-billy-bo-live-from-texas-billy-gibbons","status":"publish","type":"product","link":"https:\/\/www.matts-guitar-shop.com\/it\/produit\/gretsch-billy-bo-live-from-texas-billy-gibbons\/","title":{"rendered":"Gretsch Billy Bo \u201cLive From Texas\u201d Billy Gibbons"},"content":{"rendered":"<h2>Billy Gibbons, il boss e il reverendo del rock\u2019n\u2019roll<\/h2>\n<p>Billy Gibbons \u00e8 il boss indiscusso. Il boss dei chitarristi, con quel vibrato sensuale e quel suono spesso come un burrito che estrae dalla sua Les Paul. Il boss dei cantanti, grazie a quella voce roca e carica di twang. Il boss dei leader di band, al timone degli ZZ Top, il trio che \u00e8 rimasto unito dal 1969. Anche il boss dello stile, con il suo senso innato del look e della scena. E infine, il boss dei collezionisti: i suoi magazzini contengono diverse migliaia di chitarre accumulate negli anni. Si dice che possieda un esemplare di ogni modello, di ogni anno, di tutti i grandi marchi \u2014 e potrebbe non essere solo una leggenda! Tra i gioielli noti della sua collezione ci sono \u201cPearly Gates\u201d, la sua leggendaria Les Paul del 1959 che non lo ha mai lasciato, una Stratocaster \u201954 hardtail spesso utilizzata come complemento e innumerevoli strumenti personalizzati nello spirito hot rod (spesso abbinati alle sue auto!).<\/p>\n<p>La sua carriera inizia nel 1967 con <strong>The Moving Sidewalks<\/strong>, una band di rock psichedelico texana sulla scia dei <strong>13th Floor Elevators<\/strong>. La band apr\u00ec per <strong>Jimi Hendrix<\/strong> prima di sciogliersi nel 1969, anno in cui Gibbons fond\u00f2 gli <strong>ZZ Top<\/strong>.<\/p>\n<p>Inizialmente, il trio suonava blues rock grezzo e tradizionale, prima di orientarsi verso un approccio pi\u00f9 elettronico a partire da <em>Deg\u00fcello<\/em> (1979). Questa evoluzione prosegu\u00ec con la trilogia <em>Eliminator \/ Afterburner \/ Recycler<\/em>: tre album in cui il blues \u201cgrasso\u201d di Gibbons si fonde con i sintetizzatori e le drum machine dell\u2019epoca. La combinazione conquist\u00f2 un vasto pubblico, sia grazie a hit come <em>Gimme All Your Lovin\u2019<\/em> e <em>Rough Boy<\/em>, sia per i memorabili videoclip del gruppo, onnipresenti su MTV e in qualsiasi buona playlist di rock\u2019n\u2019roll americano.<\/p>\n<p>Successivamente, gli ZZ Top tornarono a un suono pi\u00f9 organico, pi\u00f9 pesante e saturato di fuzz. Gibbons moltiplic\u00f2 le apparizioni come ospite nei dischi di altri artisti e intraprese anche una carriera solista. <em>Perfectamundo<\/em> esplora sonorit\u00e0 cubane, mentre <em>Big Bad Blues<\/em> ritorna ai suoi primi amori \u2014 da qualche parte tra <strong>Muddy Waters<\/strong> e <strong>Bo Diddley<\/strong>.<\/p>\n<p>La collezione di Billy Gibbons ispira, affascina e meraviglia, tanto da motivare un libro: il famoso <em>Rock + Roll Gearhead<\/em> riunisce molte delle sue chitarre preferite, accompagnate da aneddoti succosi. Che siano in questo libro o sulle pareti del Matt\u2019s Guitar Shop, questi strumenti incarnano gran parte dell\u2019ideale del rock\u2019n\u2019roll americano!<\/p>\n","protected":false},"excerpt":{"rendered":"<p><strong>Billy \u201cBFG\u201d Gibbons \u00e8 noto per la sua incredibile collezione di grandi strumenti. Ma anche se gli ZZ Top hanno continuato a fare tourn\u00e9e per mezzo secolo (o quasi), i migliaia di concerti del gruppo non sono stati sufficienti per permettergli di suonare tutte le sue preziose chitarre custom durante i tour. Di conseguenza, quando ne sceglie una, deve essere particolarmente significativa. E quando ne sceglie una per un DVD live, deve essere davvero speciale.<\/strong><\/p>\n<p>Forse riconoscete questa Billy Bo bianca perch\u00e9 l\u2019avete gi\u00e0 vista sulla copertina del DVD del 2008, <em>Live From Texas<\/em>, un best-of in forma di concerto degli ZZ Top al Nokia Theater di Grand Prairie, Texas, filmato il 1\u00b0 novembre 2007. Questo DVD ha avuto un successo colossale, \u00e8 diventato multi-platino e ha raggiunto la vetta delle classifiche video in numerosi paesi. Durante l\u2019intero concerto, Gibbons suona questa Gretsch.<\/p>\n<p>\u00c8 stata realizzata appositamente per lui in Giappone con un corpo cavo per renderla pi\u00f9 leggera, poi \u00e8 stata pesantemente customizzata. La tastiera in ebano \u00e8 stata verniciata di bianco per un effetto \u201ctotal white\u201d, sono stati aggiunti markers pi\u00f9 grandi sul lato della tastiera (indispensabili se si filma un DVD live per non dover correggere errori in post-produzione), e il pinstriping incredibile \u00e8 stato progettato dallo stesso Gibbons. Infine, il tocco finale e inevitabile per una chitarra suonata dal vivo dagli ZZ Top \u00e8 ovviamente il logo \u201cBeer\u201d sul retro, aggiunto dal tecnico storico di Gibbons, Elwood Francis.<\/p>\n<p>Come tutte le chitarre della collezione di Billy Gibbons vendute da Matt\u2019s Guitar Shop e acquistate direttamente dallo stesso Gibbons, questa storica Gretsch \u00e8 stata firmata dal Reverendo sul retro della paletta ed \u00e8 fornita con un certificato di autenticit\u00e0 firmato, una foto di Billy con la chitarra, una foto di Billy che firma la chitarra e una foto di Billy che firma il certificato. Questo \u00e8 il nostro modo di garantirvi che state davvero acquistando il suo strumento.<\/p>\n","protected":false},"featured_media":20862,"comment_status":"open","ping_status":"closed","template":"","meta":{"_et_pb_use_builder":"","_et_pb_old_content":"","_et_gb_content_width":""},"product_brand":[],"product_cat":[851,846,844,847],"product_tag":[],"class_list":{"0":"post-20861","1":"product","2":"type-product","3":"status-publish","4":"has-post-thumbnail","6":"product_cat-chitarre-elettriche","7":"product_cat-venduti","8":"product_cat-artisti","9":"product_cat-chitarre","10":"pa_artiste-billy-f-gibbons-it","11":"pa_disponibilite-vendutoa","12":"pa_marque-gretsch-it","14":"first","15":"outofstock","16":"shipping-taxable","17":"product-type-simple"},"yoast_head":"<!-- This site is optimized with the Yoast SEO plugin v26.8 - https:\/\/yoast.com\/product\/yoast-seo-wordpress\/ -->\n<title>Gretsch Billy Bo \u201cLive From Texas\u201d Billy Gibbons - Matt&#039;s Guitar Shop<\/title>\n<meta name=\"description\" content=\"Gretsch Billy Bo \u201cLive From Texas\u201d firmata da Billy Gibbons. Una chitarra d\u2019eccezione, rara e da collezione, disponibile in esclusiva da Matts Guitar Shop.\" \/>\n<meta name=\"robots\" content=\"index, follow, max-snippet:-1, max-image-preview:large, max-video-preview:-1\" \/>\n<link rel=\"canonical\" href=\"https:\/\/www.matts-guitar-shop.com\/it\/produit\/gretsch-billy-bo-live-from-texas-billy-gibbons\/\" \/>\n<meta property=\"og:locale\" content=\"it_IT\" \/>\n<meta property=\"og:type\" content=\"article\" \/>\n<meta property=\"og:title\" content=\"Gretsch Billy Bo \u201cLive From Texas\u201d Billy Gibbons - Matt&#039;s Guitar Shop\" \/>\n<meta property=\"og:description\" content=\"Gretsch Billy Bo \u201cLive From Texas\u201d firmata da Billy Gibbons. Una chitarra d\u2019eccezione, rara e da collezione, disponibile in esclusiva da Matts Guitar Shop.\" \/>\n<meta property=\"og:url\" content=\"https:\/\/www.matts-guitar-shop.com\/it\/produit\/gretsch-billy-bo-live-from-texas-billy-gibbons\/\" \/>\n<meta property=\"og:site_name\" content=\"Matt&#039;s Guitar Shop\" \/>\n<meta property=\"article:publisher\" content=\"https:\/\/www.facebook.com\/profile.php?id=100044359842817\" \/>\n<meta property=\"article:modified_time\" content=\"2025-11-20T18:12:43+00:00\" \/>\n<meta property=\"og:image\" content=\"https:\/\/www.matts-guitar-shop.com\/wp-content\/uploads\/2024\/12\/Gretsch-Billy-Bo-Live-From-Texas-Billy-Gibbons.jpg\" \/>\n\t<meta property=\"og:image:width\" content=\"900\" \/>\n\t<meta property=\"og:image:height\" content=\"1300\" \/>\n\t<meta property=\"og:image:type\" content=\"image\/jpeg\" \/>\n<meta name=\"twitter:card\" content=\"summary_large_image\" \/>\n<meta name=\"twitter:label1\" content=\"Tempo di lettura stimato\" \/>\n\t<meta name=\"twitter:data1\" content=\"2 minuti\" \/>\n<script type=\"application\/ld+json\" class=\"yoast-schema-graph\">{\"@context\":\"https:\/\/schema.org\",\"@graph\":[{\"@type\":\"WebPage\",\"@id\":\"https:\/\/www.matts-guitar-shop.com\/it\/produit\/gretsch-billy-bo-live-from-texas-billy-gibbons\/\",\"url\":\"https:\/\/www.matts-guitar-shop.com\/it\/produit\/gretsch-billy-bo-live-from-texas-billy-gibbons\/\",\"name\":\"Gretsch Billy Bo \u201cLive From Texas\u201d Billy Gibbons - Matt&#039;s Guitar Shop\",\"isPartOf\":{\"@id\":\"https:\/\/www.matts-guitar-shop.com\/it\/#website\"},\"primaryImageOfPage\":{\"@id\":\"https:\/\/www.matts-guitar-shop.com\/it\/produit\/gretsch-billy-bo-live-from-texas-billy-gibbons\/#primaryimage\"},\"image\":{\"@id\":\"https:\/\/www.matts-guitar-shop.com\/it\/produit\/gretsch-billy-bo-live-from-texas-billy-gibbons\/#primaryimage\"},\"thumbnailUrl\":\"https:\/\/www.matts-guitar-shop.com\/wp-content\/uploads\/2024\/12\/Gretsch-Billy-Bo-Live-From-Texas-Billy-Gibbons.jpg\",\"datePublished\":\"2024-12-26T21:21:58+00:00\",\"dateModified\":\"2025-11-20T18:12:43+00:00\",\"description\":\"Gretsch Billy Bo \u201cLive From Texas\u201d firmata da Billy Gibbons. Una chitarra d\u2019eccezione, rara e da collezione, disponibile in esclusiva da Matts Guitar Shop.\",\"breadcrumb\":{\"@id\":\"https:\/\/www.matts-guitar-shop.com\/it\/produit\/gretsch-billy-bo-live-from-texas-billy-gibbons\/#breadcrumb\"},\"inLanguage\":\"it-IT\",\"potentialAction\":[{\"@type\":\"ReadAction\",\"target\":[\"https:\/\/www.matts-guitar-shop.com\/it\/produit\/gretsch-billy-bo-live-from-texas-billy-gibbons\/\"]}]},{\"@type\":\"ImageObject\",\"inLanguage\":\"it-IT\",\"@id\":\"https:\/\/www.matts-guitar-shop.com\/it\/produit\/gretsch-billy-bo-live-from-texas-billy-gibbons\/#primaryimage\",\"url\":\"https:\/\/www.matts-guitar-shop.com\/wp-content\/uploads\/2024\/12\/Gretsch-Billy-Bo-Live-From-Texas-Billy-Gibbons.jpg\",\"contentUrl\":\"https:\/\/www.matts-guitar-shop.com\/wp-content\/uploads\/2024\/12\/Gretsch-Billy-Bo-Live-From-Texas-Billy-Gibbons.jpg\",\"width\":900,\"height\":1300},{\"@type\":\"BreadcrumbList\",\"@id\":\"https:\/\/www.matts-guitar-shop.com\/it\/produit\/gretsch-billy-bo-live-from-texas-billy-gibbons\/#breadcrumb\",\"itemListElement\":[{\"@type\":\"ListItem\",\"position\":1,\"name\":\"Home\",\"item\":\"https:\/\/www.matts-guitar-shop.com\/it\/\"},{\"@type\":\"ListItem\",\"position\":2,\"name\":\"I nostri prodotti\",\"item\":\"https:\/\/www.matts-guitar-shop.com\/nos-produits\/\"},{\"@type\":\"ListItem\",\"position\":3,\"name\":\"Gretsch Billy Bo \u201cLive From Texas\u201d Billy Gibbons\"}]},{\"@type\":\"WebSite\",\"@id\":\"https:\/\/www.matts-guitar-shop.com\/it\/#website\",\"url\":\"https:\/\/www.matts-guitar-shop.com\/it\/\",\"name\":\"matts-guitar-shop.com\",\"description\":\"Guitar Shop\",\"publisher\":{\"@id\":\"https:\/\/www.matts-guitar-shop.com\/it\/#organization\"},\"potentialAction\":[{\"@type\":\"SearchAction\",\"target\":{\"@type\":\"EntryPoint\",\"urlTemplate\":\"https:\/\/www.matts-guitar-shop.com\/it\/?s={search_term_string}\"},\"query-input\":{\"@type\":\"PropertyValueSpecification\",\"valueRequired\":true,\"valueName\":\"search_term_string\"}}],\"inLanguage\":\"it-IT\"},{\"@type\":\"Organization\",\"@id\":\"https:\/\/www.matts-guitar-shop.com\/it\/#organization\",\"name\":\"matts-guitar-shop.com\",\"url\":\"https:\/\/www.matts-guitar-shop.com\/it\/\",\"logo\":{\"@type\":\"ImageObject\",\"inLanguage\":\"it-IT\",\"@id\":\"https:\/\/www.matts-guitar-shop.com\/it\/#\/schema\/logo\/image\/\",\"url\":\"https:\/\/www.matts-guitar-shop.com\/wp-content\/uploads\/2024\/09\/MGS-logo-site-02.png\",\"contentUrl\":\"https:\/\/www.matts-guitar-shop.com\/wp-content\/uploads\/2024\/09\/MGS-logo-site-02.png\",\"width\":200,\"height\":122,\"caption\":\"matts-guitar-shop.com\"},\"image\":{\"@id\":\"https:\/\/www.matts-guitar-shop.com\/it\/#\/schema\/logo\/image\/\"},\"sameAs\":[\"https:\/\/www.facebook.com\/profile.php?id=100044359842817\",\"https:\/\/www.instagram.com\/mattsguitarshop\/\",\"https:\/\/www.youtube.com\/@MattLucasMan\/videos\"]}]}<\/script>\n<!-- \/ Yoast SEO plugin. -->","yoast_head_json":{"title":"Gretsch Billy Bo \u201cLive From Texas\u201d Billy Gibbons - Matt&#039;s Guitar Shop","description":"Gretsch Billy Bo \u201cLive From Texas\u201d firmata da Billy Gibbons. Una chitarra d\u2019eccezione, rara e da collezione, disponibile in esclusiva da Matts Guitar Shop.","robots":{"index":"index","follow":"follow","max-snippet":"max-snippet:-1","max-image-preview":"max-image-preview:large","max-video-preview":"max-video-preview:-1"},"canonical":"https:\/\/www.matts-guitar-shop.com\/it\/produit\/gretsch-billy-bo-live-from-texas-billy-gibbons\/","og_locale":"it_IT","og_type":"article","og_title":"Gretsch Billy Bo \u201cLive From Texas\u201d Billy Gibbons - Matt&#039;s Guitar Shop","og_description":"Gretsch Billy Bo \u201cLive From Texas\u201d firmata da Billy Gibbons. Una chitarra d\u2019eccezione, rara e da collezione, disponibile in esclusiva da Matts Guitar Shop.","og_url":"https:\/\/www.matts-guitar-shop.com\/it\/produit\/gretsch-billy-bo-live-from-texas-billy-gibbons\/","og_site_name":"Matt&#039;s Guitar Shop","article_publisher":"https:\/\/www.facebook.com\/profile.php?id=100044359842817","article_modified_time":"2025-11-20T18:12:43+00:00","og_image":[{"width":900,"height":1300,"url":"https:\/\/www.matts-guitar-shop.com\/wp-content\/uploads\/2024\/12\/Gretsch-Billy-Bo-Live-From-Texas-Billy-Gibbons.jpg","type":"image\/jpeg"}],"twitter_card":"summary_large_image","twitter_misc":{"Tempo di lettura stimato":"2 minuti"},"schema":{"@context":"https:\/\/schema.org","@graph":[{"@type":"WebPage","@id":"https:\/\/www.matts-guitar-shop.com\/it\/produit\/gretsch-billy-bo-live-from-texas-billy-gibbons\/","url":"https:\/\/www.matts-guitar-shop.com\/it\/produit\/gretsch-billy-bo-live-from-texas-billy-gibbons\/","name":"Gretsch Billy Bo \u201cLive From Texas\u201d Billy Gibbons - Matt&#039;s Guitar Shop","isPartOf":{"@id":"https:\/\/www.matts-guitar-shop.com\/it\/#website"},"primaryImageOfPage":{"@id":"https:\/\/www.matts-guitar-shop.com\/it\/produit\/gretsch-billy-bo-live-from-texas-billy-gibbons\/#primaryimage"},"image":{"@id":"https:\/\/www.matts-guitar-shop.com\/it\/produit\/gretsch-billy-bo-live-from-texas-billy-gibbons\/#primaryimage"},"thumbnailUrl":"https:\/\/www.matts-guitar-shop.com\/wp-content\/uploads\/2024\/12\/Gretsch-Billy-Bo-Live-From-Texas-Billy-Gibbons.jpg","datePublished":"2024-12-26T21:21:58+00:00","dateModified":"2025-11-20T18:12:43+00:00","description":"Gretsch Billy Bo \u201cLive From Texas\u201d firmata da Billy Gibbons. Una chitarra d\u2019eccezione, rara e da collezione, disponibile in esclusiva da Matts Guitar Shop.","breadcrumb":{"@id":"https:\/\/www.matts-guitar-shop.com\/it\/produit\/gretsch-billy-bo-live-from-texas-billy-gibbons\/#breadcrumb"},"inLanguage":"it-IT","potentialAction":[{"@type":"ReadAction","target":["https:\/\/www.matts-guitar-shop.com\/it\/produit\/gretsch-billy-bo-live-from-texas-billy-gibbons\/"]}]},{"@type":"ImageObject","inLanguage":"it-IT","@id":"https:\/\/www.matts-guitar-shop.com\/it\/produit\/gretsch-billy-bo-live-from-texas-billy-gibbons\/#primaryimage","url":"https:\/\/www.matts-guitar-shop.com\/wp-content\/uploads\/2024\/12\/Gretsch-Billy-Bo-Live-From-Texas-Billy-Gibbons.jpg","contentUrl":"https:\/\/www.matts-guitar-shop.com\/wp-content\/uploads\/2024\/12\/Gretsch-Billy-Bo-Live-From-Texas-Billy-Gibbons.jpg","width":900,"height":1300},{"@type":"BreadcrumbList","@id":"https:\/\/www.matts-guitar-shop.com\/it\/produit\/gretsch-billy-bo-live-from-texas-billy-gibbons\/#breadcrumb","itemListElement":[{"@type":"ListItem","position":1,"name":"Home","item":"https:\/\/www.matts-guitar-shop.com\/it\/"},{"@type":"ListItem","position":2,"name":"I nostri prodotti","item":"https:\/\/www.matts-guitar-shop.com\/nos-produits\/"},{"@type":"ListItem","position":3,"name":"Gretsch Billy Bo \u201cLive From Texas\u201d Billy Gibbons"}]},{"@type":"WebSite","@id":"https:\/\/www.matts-guitar-shop.com\/it\/#website","url":"https:\/\/www.matts-guitar-shop.com\/it\/","name":"matts-guitar-shop.com","description":"Guitar Shop","publisher":{"@id":"https:\/\/www.matts-guitar-shop.com\/it\/#organization"},"potentialAction":[{"@type":"SearchAction","target":{"@type":"EntryPoint","urlTemplate":"https:\/\/www.matts-guitar-shop.com\/it\/?s={search_term_string}"},"query-input":{"@type":"PropertyValueSpecification","valueRequired":true,"valueName":"search_term_string"}}],"inLanguage":"it-IT"},{"@type":"Organization","@id":"https:\/\/www.matts-guitar-shop.com\/it\/#organization","name":"matts-guitar-shop.com","url":"https:\/\/www.matts-guitar-shop.com\/it\/","logo":{"@type":"ImageObject","inLanguage":"it-IT","@id":"https:\/\/www.matts-guitar-shop.com\/it\/#\/schema\/logo\/image\/","url":"https:\/\/www.matts-guitar-shop.com\/wp-content\/uploads\/2024\/09\/MGS-logo-site-02.png","contentUrl":"https:\/\/www.matts-guitar-shop.com\/wp-content\/uploads\/2024\/09\/MGS-logo-site-02.png","width":200,"height":122,"caption":"matts-guitar-shop.com"},"image":{"@id":"https:\/\/www.matts-guitar-shop.com\/it\/#\/schema\/logo\/image\/"},"sameAs":["https:\/\/www.facebook.com\/profile.php?id=100044359842817","https:\/\/www.instagram.com\/mattsguitarshop\/","https:\/\/www.youtube.com\/@MattLucasMan\/videos"]}]}},"_links":{"self":[{"href":"https:\/\/www.matts-guitar-shop.com\/it\/wp-json\/wp\/v2\/product\/20861","targetHints":{"allow":["GET"]}}],"collection":[{"href":"https:\/\/www.matts-guitar-shop.com\/it\/wp-json\/wp\/v2\/product"}],"about":[{"href":"https:\/\/www.matts-guitar-shop.com\/it\/wp-json\/wp\/v2\/types\/product"}],"replies":[{"embeddable":true,"href":"https:\/\/www.matts-guitar-shop.com\/it\/wp-json\/wp\/v2\/comments?post=20861"}],"wp:featuredmedia":[{"embeddable":true,"href":"https:\/\/www.matts-guitar-shop.com\/it\/wp-json\/wp\/v2\/media\/20862"}],"wp:attachment":[{"href":"https:\/\/www.matts-guitar-shop.com\/it\/wp-json\/wp\/v2\/media?parent=20861"}],"wp:term":[{"taxonomy":"product_brand","embeddable":true,"href":"https:\/\/www.matts-guitar-shop.com\/it\/wp-json\/wp\/v2\/product_brand?post=20861"},{"taxonomy":"product_cat","embeddable":true,"href":"https:\/\/www.matts-guitar-shop.com\/it\/wp-json\/wp\/v2\/product_cat?post=20861"},{"taxonomy":"product_tag","embeddable":true,"href":"https:\/\/www.matts-guitar-shop.com\/it\/wp-json\/wp\/v2\/product_tag?post=20861"}],"curies":[{"name":"wp","href":"https:\/\/api.w.org\/{rel}","templated":true}]}}