{"id":20601,"date":"2025-01-21T21:26:14","date_gmt":"2025-01-21T20:26:14","guid":{"rendered":"https:\/\/www.matts-guitar-shop.com\/produit\/gibson-les-paul-standard-1992\/"},"modified":"2026-02-02T18:22:09","modified_gmt":"2026-02-02T17:22:09","slug":"gibson-les-paul-standard-1992","status":"publish","type":"product","link":"https:\/\/www.matts-guitar-shop.com\/it\/produit\/gibson-les-paul-standard-1992\/","title":{"rendered":"Gibson Les Paul Standard 1992"},"content":{"rendered":"<h3>Biografia di Les Paul, l\u2019inventore di una delle chitarre elettriche pi\u00f9 iconiche!<\/h3>\n<p>All\u2019inizio degli anni \u201940, mentre jazz e swing dominavano le scene americane e il blues elettrico muoveva i primi passi, un inventore visionario cambi\u00f2 per sempre la musica moderna: <strong>Les Paul<\/strong>, nato <strong>Lester William Polsfuss<\/strong>. Chitarrista, ingegnere e pioniere, invent\u00f2 la chitarra elettrica cos\u00ec come la conosciamo oggi.<\/p>\n<p><strong>Les Paul<\/strong> non cerc\u00f2 mai la fama. Il suo genio era nell\u2019innovazione: corpo solid body, pickup humbucker, vibrato integrato, stabilit\u00e0 e suonabilit\u00e0 \u2014 tutto pensato per permettere ai musicisti di suonare pi\u00f9 forte, pi\u00f9 chiaro e con maggiore espressivit\u00e0. La leggendaria <strong>Gibson Les Paul<\/strong> non era solo uno strumento, ma un\u2019estensione del musicista.<\/p>\n<p>Come musicista, <strong>Les Paul<\/strong> univa virtuosismo ed eleganza. Le sue registrazioni multitraccia, improvvisazioni jazz e composizioni dimostrano un grande senso melodico e ritmico. Ma furono le sue invenzioni ad avere l\u2019impatto maggiore: chitarristi di tutto il mondo \u2014 da B.B. King a Slash, da Jimmy Page a Joe Perry \u2014 gli devono il loro suono.<\/p>\n<p><strong>Les Paul<\/strong> considerava ogni strumento un laboratorio. Ogni prototipo e modifica su corpo e pickup mirava a migliorare comfort, ergonomia e timbro. Fu anche un pioniere delle moderne tecniche di registrazione: multitraccia, overdub, delay e riverbero.<\/p>\n<p>Instancabile, <strong>Les Paul<\/strong> continu\u00f2 a suonare, creare e insegnare fino a tarda et\u00e0. La sua vita \u00e8 testimonianza di una curiosit\u00e0 infinita e di una passione autentica per il suono.<\/p>\n<p>\u00c8 l\u2019architetto del suono elettrico moderno \u2014 un visionario che ha trasformato legno e metallo in una forza espressiva senza tempo.<\/p>\n","protected":false},"excerpt":{"rendered":"<p>Per qualsiasi domanda su questa chitarra, contattateci senza esitazione.<\/p>\n","protected":false},"featured_media":20602,"comment_status":"open","ping_status":"closed","template":"","meta":{"_et_pb_use_builder":"","_et_pb_old_content":"","_et_gb_content_width":""},"product_brand":[],"product_cat":[851,846,847],"product_tag":[],"class_list":{"0":"post-20601","1":"product","2":"type-product","3":"status-publish","4":"has-post-thumbnail","6":"product_cat-chitarre-elettriche","7":"product_cat-venduti","8":"product_cat-chitarre","9":"pa_disponibilite-vendutoa","10":"pa_marque-gibson-it","12":"first","13":"outofstock","14":"shipping-taxable","15":"purchasable","16":"product-type-simple"},"yoast_head":"<!-- This site is optimized with the Yoast SEO plugin v26.8 - https:\/\/yoast.com\/product\/yoast-seo-wordpress\/ -->\n<title>Gibson Les Paul Standard 1992 - Matt&#039;s Guitar Shop<\/title>\n<meta name=\"robots\" content=\"index, follow, max-snippet:-1, max-image-preview:large, max-video-preview:-1\" \/>\n<link rel=\"canonical\" href=\"https:\/\/www.matts-guitar-shop.com\/it\/produit\/gibson-les-paul-standard-1992\/\" \/>\n<meta property=\"og:locale\" content=\"it_IT\" \/>\n<meta property=\"og:type\" content=\"article\" \/>\n<meta property=\"og:title\" content=\"Gibson Les Paul Standard 1992 - Matt&#039;s Guitar Shop\" \/>\n<meta property=\"og:description\" content=\"Per qualsiasi domanda su questa chitarra, contattateci senza esitazione.\" \/>\n<meta property=\"og:url\" content=\"https:\/\/www.matts-guitar-shop.com\/it\/produit\/gibson-les-paul-standard-1992\/\" \/>\n<meta property=\"og:site_name\" content=\"Matt&#039;s Guitar Shop\" \/>\n<meta property=\"article:publisher\" content=\"https:\/\/www.facebook.com\/profile.php?id=100044359842817\" \/>\n<meta property=\"article:modified_time\" content=\"2026-02-02T17:22:09+00:00\" \/>\n<meta property=\"og:image\" content=\"https:\/\/www.matts-guitar-shop.com\/wp-content\/uploads\/2025\/01\/Gibson-les-paul-standard-1992-guitare-70.jpg\" \/>\n\t<meta property=\"og:image:width\" content=\"1000\" \/>\n\t<meta property=\"og:image:height\" content=\"1250\" \/>\n\t<meta property=\"og:image:type\" content=\"image\/jpeg\" \/>\n<meta name=\"twitter:card\" content=\"summary_large_image\" \/>\n<meta name=\"twitter:label1\" content=\"Tempo di lettura stimato\" \/>\n\t<meta name=\"twitter:data1\" content=\"1 minuto\" \/>\n<script type=\"application\/ld+json\" class=\"yoast-schema-graph\">{\"@context\":\"https:\/\/schema.org\",\"@graph\":[{\"@type\":\"WebPage\",\"@id\":\"https:\/\/www.matts-guitar-shop.com\/it\/produit\/gibson-les-paul-standard-1992\/\",\"url\":\"https:\/\/www.matts-guitar-shop.com\/it\/produit\/gibson-les-paul-standard-1992\/\",\"name\":\"Gibson Les Paul Standard 1992 - Matt&#039;s Guitar Shop\",\"isPartOf\":{\"@id\":\"https:\/\/www.matts-guitar-shop.com\/it\/#website\"},\"primaryImageOfPage\":{\"@id\":\"https:\/\/www.matts-guitar-shop.com\/it\/produit\/gibson-les-paul-standard-1992\/#primaryimage\"},\"image\":{\"@id\":\"https:\/\/www.matts-guitar-shop.com\/it\/produit\/gibson-les-paul-standard-1992\/#primaryimage\"},\"thumbnailUrl\":\"https:\/\/www.matts-guitar-shop.com\/wp-content\/uploads\/2025\/01\/Gibson-les-paul-standard-1992-guitare-70.jpg\",\"datePublished\":\"2025-01-21T20:26:14+00:00\",\"dateModified\":\"2026-02-02T17:22:09+00:00\",\"breadcrumb\":{\"@id\":\"https:\/\/www.matts-guitar-shop.com\/it\/produit\/gibson-les-paul-standard-1992\/#breadcrumb\"},\"inLanguage\":\"it-IT\",\"potentialAction\":[{\"@type\":\"ReadAction\",\"target\":[\"https:\/\/www.matts-guitar-shop.com\/it\/produit\/gibson-les-paul-standard-1992\/\"]}]},{\"@type\":\"ImageObject\",\"inLanguage\":\"it-IT\",\"@id\":\"https:\/\/www.matts-guitar-shop.com\/it\/produit\/gibson-les-paul-standard-1992\/#primaryimage\",\"url\":\"https:\/\/www.matts-guitar-shop.com\/wp-content\/uploads\/2025\/01\/Gibson-les-paul-standard-1992-guitare-70.jpg\",\"contentUrl\":\"https:\/\/www.matts-guitar-shop.com\/wp-content\/uploads\/2025\/01\/Gibson-les-paul-standard-1992-guitare-70.jpg\",\"width\":1000,\"height\":1250},{\"@type\":\"BreadcrumbList\",\"@id\":\"https:\/\/www.matts-guitar-shop.com\/it\/produit\/gibson-les-paul-standard-1992\/#breadcrumb\",\"itemListElement\":[{\"@type\":\"ListItem\",\"position\":1,\"name\":\"Home\",\"item\":\"https:\/\/www.matts-guitar-shop.com\/it\/\"},{\"@type\":\"ListItem\",\"position\":2,\"name\":\"I nostri prodotti\",\"item\":\"https:\/\/www.matts-guitar-shop.com\/nos-produits\/\"},{\"@type\":\"ListItem\",\"position\":3,\"name\":\"Gibson Les Paul Standard 1992\"}]},{\"@type\":\"WebSite\",\"@id\":\"https:\/\/www.matts-guitar-shop.com\/it\/#website\",\"url\":\"https:\/\/www.matts-guitar-shop.com\/it\/\",\"name\":\"matts-guitar-shop.com\",\"description\":\"Guitar Shop\",\"publisher\":{\"@id\":\"https:\/\/www.matts-guitar-shop.com\/it\/#organization\"},\"potentialAction\":[{\"@type\":\"SearchAction\",\"target\":{\"@type\":\"EntryPoint\",\"urlTemplate\":\"https:\/\/www.matts-guitar-shop.com\/it\/?s={search_term_string}\"},\"query-input\":{\"@type\":\"PropertyValueSpecification\",\"valueRequired\":true,\"valueName\":\"search_term_string\"}}],\"inLanguage\":\"it-IT\"},{\"@type\":\"Organization\",\"@id\":\"https:\/\/www.matts-guitar-shop.com\/it\/#organization\",\"name\":\"matts-guitar-shop.com\",\"url\":\"https:\/\/www.matts-guitar-shop.com\/it\/\",\"logo\":{\"@type\":\"ImageObject\",\"inLanguage\":\"it-IT\",\"@id\":\"https:\/\/www.matts-guitar-shop.com\/it\/#\/schema\/logo\/image\/\",\"url\":\"https:\/\/www.matts-guitar-shop.com\/wp-content\/uploads\/2024\/09\/MGS-logo-site-02.png\",\"contentUrl\":\"https:\/\/www.matts-guitar-shop.com\/wp-content\/uploads\/2024\/09\/MGS-logo-site-02.png\",\"width\":200,\"height\":122,\"caption\":\"matts-guitar-shop.com\"},\"image\":{\"@id\":\"https:\/\/www.matts-guitar-shop.com\/it\/#\/schema\/logo\/image\/\"},\"sameAs\":[\"https:\/\/www.facebook.com\/profile.php?id=100044359842817\",\"https:\/\/www.instagram.com\/mattsguitarshop\/\",\"https:\/\/www.youtube.com\/@MattLucasMan\/videos\"]}]}<\/script>\n<!-- \/ Yoast SEO plugin. -->","yoast_head_json":{"title":"Gibson Les Paul Standard 1992 - Matt&#039;s Guitar Shop","robots":{"index":"index","follow":"follow","max-snippet":"max-snippet:-1","max-image-preview":"max-image-preview:large","max-video-preview":"max-video-preview:-1"},"canonical":"https:\/\/www.matts-guitar-shop.com\/it\/produit\/gibson-les-paul-standard-1992\/","og_locale":"it_IT","og_type":"article","og_title":"Gibson Les Paul Standard 1992 - Matt&#039;s Guitar Shop","og_description":"Per qualsiasi domanda su questa chitarra, contattateci senza esitazione.","og_url":"https:\/\/www.matts-guitar-shop.com\/it\/produit\/gibson-les-paul-standard-1992\/","og_site_name":"Matt&#039;s Guitar Shop","article_publisher":"https:\/\/www.facebook.com\/profile.php?id=100044359842817","article_modified_time":"2026-02-02T17:22:09+00:00","og_image":[{"width":1000,"height":1250,"url":"https:\/\/www.matts-guitar-shop.com\/wp-content\/uploads\/2025\/01\/Gibson-les-paul-standard-1992-guitare-70.jpg","type":"image\/jpeg"}],"twitter_card":"summary_large_image","twitter_misc":{"Tempo di lettura stimato":"1 minuto"},"schema":{"@context":"https:\/\/schema.org","@graph":[{"@type":"WebPage","@id":"https:\/\/www.matts-guitar-shop.com\/it\/produit\/gibson-les-paul-standard-1992\/","url":"https:\/\/www.matts-guitar-shop.com\/it\/produit\/gibson-les-paul-standard-1992\/","name":"Gibson Les Paul Standard 1992 - Matt&#039;s Guitar Shop","isPartOf":{"@id":"https:\/\/www.matts-guitar-shop.com\/it\/#website"},"primaryImageOfPage":{"@id":"https:\/\/www.matts-guitar-shop.com\/it\/produit\/gibson-les-paul-standard-1992\/#primaryimage"},"image":{"@id":"https:\/\/www.matts-guitar-shop.com\/it\/produit\/gibson-les-paul-standard-1992\/#primaryimage"},"thumbnailUrl":"https:\/\/www.matts-guitar-shop.com\/wp-content\/uploads\/2025\/01\/Gibson-les-paul-standard-1992-guitare-70.jpg","datePublished":"2025-01-21T20:26:14+00:00","dateModified":"2026-02-02T17:22:09+00:00","breadcrumb":{"@id":"https:\/\/www.matts-guitar-shop.com\/it\/produit\/gibson-les-paul-standard-1992\/#breadcrumb"},"inLanguage":"it-IT","potentialAction":[{"@type":"ReadAction","target":["https:\/\/www.matts-guitar-shop.com\/it\/produit\/gibson-les-paul-standard-1992\/"]}]},{"@type":"ImageObject","inLanguage":"it-IT","@id":"https:\/\/www.matts-guitar-shop.com\/it\/produit\/gibson-les-paul-standard-1992\/#primaryimage","url":"https:\/\/www.matts-guitar-shop.com\/wp-content\/uploads\/2025\/01\/Gibson-les-paul-standard-1992-guitare-70.jpg","contentUrl":"https:\/\/www.matts-guitar-shop.com\/wp-content\/uploads\/2025\/01\/Gibson-les-paul-standard-1992-guitare-70.jpg","width":1000,"height":1250},{"@type":"BreadcrumbList","@id":"https:\/\/www.matts-guitar-shop.com\/it\/produit\/gibson-les-paul-standard-1992\/#breadcrumb","itemListElement":[{"@type":"ListItem","position":1,"name":"Home","item":"https:\/\/www.matts-guitar-shop.com\/it\/"},{"@type":"ListItem","position":2,"name":"I nostri prodotti","item":"https:\/\/www.matts-guitar-shop.com\/nos-produits\/"},{"@type":"ListItem","position":3,"name":"Gibson Les Paul Standard 1992"}]},{"@type":"WebSite","@id":"https:\/\/www.matts-guitar-shop.com\/it\/#website","url":"https:\/\/www.matts-guitar-shop.com\/it\/","name":"matts-guitar-shop.com","description":"Guitar Shop","publisher":{"@id":"https:\/\/www.matts-guitar-shop.com\/it\/#organization"},"potentialAction":[{"@type":"SearchAction","target":{"@type":"EntryPoint","urlTemplate":"https:\/\/www.matts-guitar-shop.com\/it\/?s={search_term_string}"},"query-input":{"@type":"PropertyValueSpecification","valueRequired":true,"valueName":"search_term_string"}}],"inLanguage":"it-IT"},{"@type":"Organization","@id":"https:\/\/www.matts-guitar-shop.com\/it\/#organization","name":"matts-guitar-shop.com","url":"https:\/\/www.matts-guitar-shop.com\/it\/","logo":{"@type":"ImageObject","inLanguage":"it-IT","@id":"https:\/\/www.matts-guitar-shop.com\/it\/#\/schema\/logo\/image\/","url":"https:\/\/www.matts-guitar-shop.com\/wp-content\/uploads\/2024\/09\/MGS-logo-site-02.png","contentUrl":"https:\/\/www.matts-guitar-shop.com\/wp-content\/uploads\/2024\/09\/MGS-logo-site-02.png","width":200,"height":122,"caption":"matts-guitar-shop.com"},"image":{"@id":"https:\/\/www.matts-guitar-shop.com\/it\/#\/schema\/logo\/image\/"},"sameAs":["https:\/\/www.facebook.com\/profile.php?id=100044359842817","https:\/\/www.instagram.com\/mattsguitarshop\/","https:\/\/www.youtube.com\/@MattLucasMan\/videos"]}]}},"_links":{"self":[{"href":"https:\/\/www.matts-guitar-shop.com\/it\/wp-json\/wp\/v2\/product\/20601","targetHints":{"allow":["GET"]}}],"collection":[{"href":"https:\/\/www.matts-guitar-shop.com\/it\/wp-json\/wp\/v2\/product"}],"about":[{"href":"https:\/\/www.matts-guitar-shop.com\/it\/wp-json\/wp\/v2\/types\/product"}],"replies":[{"embeddable":true,"href":"https:\/\/www.matts-guitar-shop.com\/it\/wp-json\/wp\/v2\/comments?post=20601"}],"wp:featuredmedia":[{"embeddable":true,"href":"https:\/\/www.matts-guitar-shop.com\/it\/wp-json\/wp\/v2\/media\/20602"}],"wp:attachment":[{"href":"https:\/\/www.matts-guitar-shop.com\/it\/wp-json\/wp\/v2\/media?parent=20601"}],"wp:term":[{"taxonomy":"product_brand","embeddable":true,"href":"https:\/\/www.matts-guitar-shop.com\/it\/wp-json\/wp\/v2\/product_brand?post=20601"},{"taxonomy":"product_cat","embeddable":true,"href":"https:\/\/www.matts-guitar-shop.com\/it\/wp-json\/wp\/v2\/product_cat?post=20601"},{"taxonomy":"product_tag","embeddable":true,"href":"https:\/\/www.matts-guitar-shop.com\/it\/wp-json\/wp\/v2\/product_tag?post=20601"}],"curies":[{"name":"wp","href":"https:\/\/api.w.org\/{rel}","templated":true}]}}