{"id":36363,"date":"2026-04-24T18:16:50","date_gmt":"2026-04-24T16:16:50","guid":{"rendered":"https:\/\/www.matts-guitar-shop.com\/le-leggende-del-rock\/billy-gibbons\/"},"modified":"2026-04-24T21:37:21","modified_gmt":"2026-04-24T19:37:21","slug":"billy-gibbons","status":"publish","type":"page","link":"https:\/\/www.matts-guitar-shop.com\/it\/le-leggende-del-rock\/billy-gibbons\/","title":{"rendered":"Billy Gibbons"},"content":{"rendered":"<p>[et_pb_section fb_built=&#8221;1&#8243; _builder_version=&#8221;4.27.5&#8243; _module_preset=&#8221;default&#8221; background_color=&#8221;#000000&#8243; locked=&#8221;off&#8221; global_colors_info=&#8221;{}&#8221;][et_pb_row use_custom_gutter=&#8221;on&#8221; gutter_width=&#8221;2&#8243; admin_label=&#8221;Ligne&#8221; _builder_version=&#8221;4.27.5&#8243; _module_preset=&#8221;default&#8221; width=&#8221;100%&#8221; max_width=&#8221;80%&#8221; custom_margin=&#8221;||||false|false&#8221; custom_padding=&#8221;0px||||false|false&#8221; locked=&#8221;off&#8221; global_colors_info=&#8221;{}&#8221;][et_pb_column type=&#8221;4_4&#8243; _builder_version=&#8221;4.25.2&#8243; _module_preset=&#8221;default&#8221; global_colors_info=&#8221;{}&#8221;][et_pb_post_title meta=&#8221;off&#8221; featured_image=&#8221;off&#8221; _builder_version=&#8221;4.27.5&#8243; _module_preset=&#8221;default&#8221; title_font=&#8221;Open Sans|300|||||||&#8221; title_text_color=&#8221;#ddab05&#8243; title_font_size=&#8221;6rem&#8221; text_orientation=&#8221;center&#8221; custom_margin=&#8221;0px||0px||false|false&#8221; global_colors_info=&#8221;{}&#8221;][\/et_pb_post_title][et_pb_text admin_label=&#8221;Texte&#8221; _builder_version=&#8221;4.27.6&#8243; _module_preset=&#8221;default&#8221; text_font=&#8221;&#8211;et_global_body_font|300|||||||&#8221; text_text_color=&#8221;#FFFFFF&#8221; text_font_size=&#8221;1.5rem&#8221; text_line_height=&#8221;1em&#8221; header_text_align=&#8221;center&#8221; text_orientation=&#8221;center&#8221; global_colors_info=&#8221;{}&#8221;]ZZ Top \u2013 Il Reverend Willie G.[\/et_pb_text][\/et_pb_column][\/et_pb_row][et_pb_row column_structure=&#8221;1_3,1_3,1_3&#8243; use_custom_gutter=&#8221;on&#8221; gutter_width=&#8221;2&#8243; admin_label=&#8221;Ligne&#8221; _builder_version=&#8221;4.27.5&#8243; _module_preset=&#8221;default&#8221; width=&#8221;100%&#8221; max_width=&#8221;80%&#8221; custom_margin=&#8221;||||false|false&#8221; custom_padding=&#8221;||||false|false&#8221; locked=&#8221;off&#8221; global_colors_info=&#8221;{}&#8221;][et_pb_column type=&#8221;1_3&#8243; _builder_version=&#8221;4.25.2&#8243; _module_preset=&#8221;default&#8221; global_colors_info=&#8221;{}&#8221;][et_pb_text _builder_version=&#8221;4.27.6&#8243; _module_preset=&#8221;default&#8221; text_font=&#8221;|300|||||||&#8221; text_font_size=&#8221;16px&#8221; header_font=&#8221;|700|||||||&#8221; header_text_align=&#8221;center&#8221; header_font_size=&#8221;36px&#8221; header_2_font=&#8221;&#8211;et_global_heading_font|300|||||||&#8221; header_2_text_color=&#8221;#ddab05&#8243; header_2_font_size=&#8221;24px&#8221; text_orientation=&#8221;justified&#8221; background_layout=&#8221;dark&#8221; width=&#8221;100%&#8221; width_tablet=&#8221;&#8221; width_phone=&#8221;100%&#8221; width_last_edited=&#8221;on|phone&#8221; module_alignment=&#8221;center&#8221; hover_enabled=&#8221;0&#8243; locked=&#8221;off&#8221; global_colors_info=&#8221;{}&#8221; sticky_enabled=&#8221;0&#8243;]<\/p>\n<h2>Origini e inizi<\/h2>\n<p><\/p>\n<p><strong>William Frederick Gibbons<\/strong> nasce il <strong>16 dicembre 1949<\/strong> a <strong>Houston<\/strong>, in Texas. Figlio di un musicista e direttore artistico presso <strong>MGM Records<\/strong>, riceve la sua prima chitarra a <strong>13 anni<\/strong> \u2014 una <strong>Gibson Melody Maker<\/strong> regalata da suo padre. Fonda The Moving Sidewalks, un gruppo rock psichedelico che apre i concerti di <strong>Jimi Hendrix<\/strong> in Texas nel <strong>1968<\/strong>.<br \/>Nel <strong>1969<\/strong>, crea gli <strong>ZZ Top<\/strong> con <strong>Dusty Hill<\/strong> (basso) e <strong>Frank Beard<\/strong> (batteria), formando un <strong>power trio<\/strong> che non cambier\u00e0 mai formazione per oltre <strong>50 anni<\/strong>.<\/p>\n<p>[\/et_pb_text][et_pb_text _builder_version=&#8221;4.27.6&#8243; _module_preset=&#8221;default&#8221; text_font=&#8221;|300|||||||&#8221; text_font_size=&#8221;16px&#8221; header_font=&#8221;|700|||||||&#8221; header_text_align=&#8221;center&#8221; header_font_size=&#8221;36px&#8221; header_2_font=&#8221;&#8211;et_global_heading_font|300|||||||&#8221; header_2_text_color=&#8221;#ddab05&#8243; header_2_font_size=&#8221;24px&#8221; text_orientation=&#8221;justified&#8221; background_layout=&#8221;dark&#8221; width=&#8221;100%&#8221; width_tablet=&#8221;&#8221; width_phone=&#8221;100%&#8221; width_last_edited=&#8221;on|phone&#8221; module_alignment=&#8221;center&#8221; hover_enabled=&#8221;0&#8243; locked=&#8221;off&#8221; global_colors_info=&#8221;{}&#8221; sticky_enabled=&#8221;0&#8243;]<\/p>\n<h2>ZZ Top: dal blues texano al rock mondiale<\/h2>\n<p><\/p>\n<p>I primi album, tra cui <strong>Tres Hombres (1973)<\/strong> e il singolo <strong>&#8220;La Grange&#8221;<\/strong> (ispirato a un vero bordello del Texas), consolidano il gruppo come una delle espressioni pi\u00f9 autentiche del <strong>blues-rock texano<\/strong>. Il <strong>Worldwide Texas Tour (1976-1977)<\/strong>, con vero bestiame texano, cactus e serpenti sul palco, entra nella leggenda.<br \/>Negli anni <strong>1980<\/strong>, <strong>Eliminator (1983)<\/strong> e <strong>Afterburner (1985)<\/strong> introducono <strong>sintetizzatori<\/strong> e <strong>drum machine<\/strong>, portando gli ZZ Top al vertice delle classifiche mondiali e di <strong>MTV<\/strong>. I videoclip con la <strong>hot rod Eliminator<\/strong> e le tre ragazze diventano iconici dell\u2019era MTV.<br \/>La band viene inserita nella <strong>Rock and Roll Hall of Fame<\/strong> nel <strong>2004<\/strong>.<\/p>\n<p>[\/et_pb_text][\/et_pb_column][et_pb_column type=&#8221;1_3&#8243; _builder_version=&#8221;4.25.2&#8243; _module_preset=&#8221;default&#8221; global_colors_info=&#8221;{}&#8221;][et_pb_image src=&#8221;https:\/\/www.matts-guitar-shop.com\/wp-content\/uploads\/2026\/04\/billy-gibbons-biographie-02.webp&#8221; alt=&#8221;Biografia chitarra Billy Gibbons&#8221; title_text=&#8221;billy-gibbons-biographie-02&#8243; align=&#8221;center&#8221; _builder_version=&#8221;4.27.6&#8243; _module_preset=&#8221;default&#8221; global_colors_info=&#8221;{}&#8221;][\/et_pb_image][\/et_pb_column][et_pb_column type=&#8221;1_3&#8243; _builder_version=&#8221;4.25.2&#8243; _module_preset=&#8221;default&#8221; global_colors_info=&#8221;{}&#8221;][et_pb_text _builder_version=&#8221;4.27.6&#8243; _module_preset=&#8221;default&#8221; text_font=&#8221;|300|||||||&#8221; text_font_size=&#8221;16px&#8221; header_font=&#8221;|700|||||||&#8221; header_text_align=&#8221;center&#8221; header_font_size=&#8221;36px&#8221; header_2_font=&#8221;&#8211;et_global_heading_font|300|||||||&#8221; header_2_text_color=&#8221;#ddab05&#8243; header_2_font_size=&#8221;24px&#8221; text_orientation=&#8221;justified&#8221; background_layout=&#8221;dark&#8221; width=&#8221;100%&#8221; width_tablet=&#8221;&#8221; width_phone=&#8221;100%&#8221; width_last_edited=&#8221;on|phone&#8221; module_alignment=&#8221;center&#8221; hover_enabled=&#8221;0&#8243; locked=&#8221;off&#8221; global_colors_info=&#8221;{}&#8221; sticky_enabled=&#8221;0&#8243;]<\/p>\n<h2>Stile ed eredit\u00e0<\/h2>\n<p><\/p>\n<p>Billy Gibbons \u00e8 riconoscibile per la sua <strong>lunga barba<\/strong>, il <strong>cappello<\/strong> e il suo modo di suonare la chitarra che mescola <strong>blues<\/strong>, <strong>boogie<\/strong> e <strong>hard rock<\/strong> con un tocco leggero e un suono pieno e graffiante. <strong>Jimi Hendrix<\/strong> lo ha indicato come uno dei suoi chitarristi preferiti. \u00c8 anche un rinomato <strong>collezionista d\u2019arte<\/strong> e di <strong>auto custom<\/strong>.<\/p>\n<p>[\/et_pb_text][et_pb_text _builder_version=&#8221;4.27.6&#8243; _module_preset=&#8221;default&#8221; text_font=&#8221;|300|||||||&#8221; text_font_size=&#8221;16px&#8221; link_font=&#8221;||||||||&#8221; link_text_align=&#8221;justify&#8221; header_font=&#8221;|700|||||||&#8221; header_text_align=&#8221;center&#8221; header_font_size=&#8221;36px&#8221; header_2_font=&#8221;&#8211;et_global_heading_font|300|||||||&#8221; header_2_text_color=&#8221;#ddab05&#8243; header_2_font_size=&#8221;24px&#8221; text_orientation=&#8221;justified&#8221; background_layout=&#8221;dark&#8221; width=&#8221;100%&#8221; width_tablet=&#8221;&#8221; width_phone=&#8221;100%&#8221; width_last_edited=&#8221;on|phone&#8221; module_alignment=&#8221;center&#8221; hover_enabled=&#8221;0&#8243; locked=&#8221;off&#8221; global_colors_info=&#8221;{}&#8221; sticky_enabled=&#8221;0&#8243;]<\/p>\n<h2>Chitarra iconica<\/h2>\n<p><\/p>\n<p>La sua <strong>Gibson Les Paul Standard 1959<\/strong>, soprannominata &#8220;<strong>Pearly Gates<\/strong>&#8221; (dal nome dell\u2019auto che lo port\u00f2 ad acquistarla), \u00e8 una delle chitarre pi\u00f9 famose della storia del rock. Utilizza anche <strong>Gretsch<\/strong>, chitarre custom <strong>Bolin<\/strong> e strumenti eccentrici rivestiti di pelliccia o costruiti con materiali insoliti.<\/p>\n<p>[\/et_pb_text][\/et_pb_column][\/et_pb_row][\/et_pb_section]<\/p>\n","protected":false},"excerpt":{"rendered":"<p>ZZ Top \u2013 Il Reverend Willie G.Origini e iniziWilliam Frederick Gibbons nasce il 16 dicembre 1949 a Houston, in Texas. Figlio di un musicista e direttore artistico presso MGM Records, riceve la sua prima chitarra a 13 anni \u2014 una Gibson Melody Maker regalata da suo padre. Fonda The Moving Sidewalks, un gruppo rock psichedelico [&hellip;]<\/p>\n","protected":false},"author":2,"featured_media":24181,"parent":24304,"menu_order":0,"comment_status":"closed","ping_status":"closed","template":"","meta":{"_et_pb_use_builder":"on","_et_pb_old_content":"","_et_gb_content_width":"","footnotes":""},"class_list":["post-36363","page","type-page","status-publish","has-post-thumbnail","hentry"],"yoast_head":"<!-- This site is optimized with the Yoast SEO plugin v26.8 - https:\/\/yoast.com\/product\/yoast-seo-wordpress\/ -->\n<title>Billy Gibbons: il suono leggendario degli ZZ Top<\/title>\n<meta name=\"description\" content=\"Scopri Billy Gibbons, chitarrista degli ZZ Top, maestro del blues-rock texano e creatore del leggendario suono Pearly Gates.\" \/>\n<meta name=\"robots\" content=\"index, follow, max-snippet:-1, max-image-preview:large, max-video-preview:-1\" \/>\n<link rel=\"canonical\" href=\"https:\/\/www.matts-guitar-shop.com\/it\/le-leggende-del-rock\/billy-gibbons\/\" \/>\n<meta property=\"og:locale\" content=\"it_IT\" \/>\n<meta property=\"og:type\" content=\"article\" \/>\n<meta property=\"og:title\" content=\"Billy Gibbons: il suono leggendario degli ZZ Top\" \/>\n<meta property=\"og:description\" content=\"Scopri Billy Gibbons, chitarrista degli ZZ Top, maestro del blues-rock texano e creatore del leggendario suono Pearly Gates.\" \/>\n<meta property=\"og:url\" content=\"https:\/\/www.matts-guitar-shop.com\/it\/le-leggende-del-rock\/billy-gibbons\/\" \/>\n<meta property=\"og:site_name\" content=\"Matt&#039;s Guitar Shop\" \/>\n<meta property=\"article:publisher\" content=\"https:\/\/www.facebook.com\/profile.php?id=100044359842817\" \/>\n<meta property=\"article:modified_time\" content=\"2026-04-24T19:37:21+00:00\" \/>\n<meta property=\"og:image\" content=\"https:\/\/www.matts-guitar-shop.com\/wp-content\/uploads\/2025\/11\/billy-gibbons-biographie-01.jpg\" \/>\n\t<meta property=\"og:image:width\" content=\"400\" \/>\n\t<meta property=\"og:image:height\" content=\"400\" \/>\n\t<meta property=\"og:image:type\" content=\"image\/jpeg\" \/>\n<meta name=\"twitter:card\" content=\"summary_large_image\" \/>\n<meta name=\"twitter:label1\" content=\"Tempo di lettura stimato\" \/>\n\t<meta name=\"twitter:data1\" content=\"4 minuti\" \/>\n<script type=\"application\/ld+json\" class=\"yoast-schema-graph\">{\"@context\":\"https:\/\/schema.org\",\"@graph\":[{\"@type\":\"WebPage\",\"@id\":\"https:\/\/www.matts-guitar-shop.com\/it\/le-leggende-del-rock\/billy-gibbons\/\",\"url\":\"https:\/\/www.matts-guitar-shop.com\/it\/le-leggende-del-rock\/billy-gibbons\/\",\"name\":\"Billy Gibbons: il suono leggendario degli ZZ Top\",\"isPartOf\":{\"@id\":\"https:\/\/www.matts-guitar-shop.com\/it\/#website\"},\"primaryImageOfPage\":{\"@id\":\"https:\/\/www.matts-guitar-shop.com\/it\/le-leggende-del-rock\/billy-gibbons\/#primaryimage\"},\"image\":{\"@id\":\"https:\/\/www.matts-guitar-shop.com\/it\/le-leggende-del-rock\/billy-gibbons\/#primaryimage\"},\"thumbnailUrl\":\"https:\/\/www.matts-guitar-shop.com\/wp-content\/uploads\/2025\/11\/billy-gibbons-biographie-01.jpg\",\"datePublished\":\"2026-04-24T16:16:50+00:00\",\"dateModified\":\"2026-04-24T19:37:21+00:00\",\"description\":\"Scopri Billy Gibbons, chitarrista degli ZZ Top, maestro del blues-rock texano e creatore del leggendario suono Pearly Gates.\",\"breadcrumb\":{\"@id\":\"https:\/\/www.matts-guitar-shop.com\/it\/le-leggende-del-rock\/billy-gibbons\/#breadcrumb\"},\"inLanguage\":\"it-IT\",\"potentialAction\":[{\"@type\":\"ReadAction\",\"target\":[\"https:\/\/www.matts-guitar-shop.com\/it\/le-leggende-del-rock\/billy-gibbons\/\"]}]},{\"@type\":\"ImageObject\",\"inLanguage\":\"it-IT\",\"@id\":\"https:\/\/www.matts-guitar-shop.com\/it\/le-leggende-del-rock\/billy-gibbons\/#primaryimage\",\"url\":\"https:\/\/www.matts-guitar-shop.com\/wp-content\/uploads\/2025\/11\/billy-gibbons-biographie-01.jpg\",\"contentUrl\":\"https:\/\/www.matts-guitar-shop.com\/wp-content\/uploads\/2025\/11\/billy-gibbons-biographie-01.jpg\",\"width\":400,\"height\":400},{\"@type\":\"BreadcrumbList\",\"@id\":\"https:\/\/www.matts-guitar-shop.com\/it\/le-leggende-del-rock\/billy-gibbons\/#breadcrumb\",\"itemListElement\":[{\"@type\":\"ListItem\",\"position\":1,\"name\":\"Home\",\"item\":\"https:\/\/www.matts-guitar-shop.com\/it\/\"},{\"@type\":\"ListItem\",\"position\":2,\"name\":\"Le Leggende del Rock\",\"item\":\"https:\/\/www.matts-guitar-shop.com\/it\/les-legendes-du-rock\/\"},{\"@type\":\"ListItem\",\"position\":3,\"name\":\"Billy Gibbons\"}]},{\"@type\":\"WebSite\",\"@id\":\"https:\/\/www.matts-guitar-shop.com\/it\/#website\",\"url\":\"https:\/\/www.matts-guitar-shop.com\/it\/\",\"name\":\"matts-guitar-shop.com\",\"description\":\"Guitar Shop\",\"publisher\":{\"@id\":\"https:\/\/www.matts-guitar-shop.com\/it\/#organization\"},\"potentialAction\":[{\"@type\":\"SearchAction\",\"target\":{\"@type\":\"EntryPoint\",\"urlTemplate\":\"https:\/\/www.matts-guitar-shop.com\/it\/?s={search_term_string}\"},\"query-input\":{\"@type\":\"PropertyValueSpecification\",\"valueRequired\":true,\"valueName\":\"search_term_string\"}}],\"inLanguage\":\"it-IT\"},{\"@type\":\"Organization\",\"@id\":\"https:\/\/www.matts-guitar-shop.com\/it\/#organization\",\"name\":\"matts-guitar-shop.com\",\"url\":\"https:\/\/www.matts-guitar-shop.com\/it\/\",\"logo\":{\"@type\":\"ImageObject\",\"inLanguage\":\"it-IT\",\"@id\":\"https:\/\/www.matts-guitar-shop.com\/it\/#\/schema\/logo\/image\/\",\"url\":\"https:\/\/www.matts-guitar-shop.com\/wp-content\/uploads\/2024\/09\/MGS-logo-site-02.png\",\"contentUrl\":\"https:\/\/www.matts-guitar-shop.com\/wp-content\/uploads\/2024\/09\/MGS-logo-site-02.png\",\"width\":200,\"height\":122,\"caption\":\"matts-guitar-shop.com\"},\"image\":{\"@id\":\"https:\/\/www.matts-guitar-shop.com\/it\/#\/schema\/logo\/image\/\"},\"sameAs\":[\"https:\/\/www.facebook.com\/profile.php?id=100044359842817\",\"https:\/\/www.instagram.com\/mattsguitarshop\/\",\"https:\/\/www.youtube.com\/@MattLucasMan\/videos\"]}]}<\/script>\n<!-- \/ Yoast SEO plugin. -->","yoast_head_json":{"title":"Billy Gibbons: il suono leggendario degli ZZ Top","description":"Scopri Billy Gibbons, chitarrista degli ZZ Top, maestro del blues-rock texano e creatore del leggendario suono Pearly Gates.","robots":{"index":"index","follow":"follow","max-snippet":"max-snippet:-1","max-image-preview":"max-image-preview:large","max-video-preview":"max-video-preview:-1"},"canonical":"https:\/\/www.matts-guitar-shop.com\/it\/le-leggende-del-rock\/billy-gibbons\/","og_locale":"it_IT","og_type":"article","og_title":"Billy Gibbons: il suono leggendario degli ZZ Top","og_description":"Scopri Billy Gibbons, chitarrista degli ZZ Top, maestro del blues-rock texano e creatore del leggendario suono Pearly Gates.","og_url":"https:\/\/www.matts-guitar-shop.com\/it\/le-leggende-del-rock\/billy-gibbons\/","og_site_name":"Matt&#039;s Guitar Shop","article_publisher":"https:\/\/www.facebook.com\/profile.php?id=100044359842817","article_modified_time":"2026-04-24T19:37:21+00:00","og_image":[{"width":400,"height":400,"url":"https:\/\/www.matts-guitar-shop.com\/wp-content\/uploads\/2025\/11\/billy-gibbons-biographie-01.jpg","type":"image\/jpeg"}],"twitter_card":"summary_large_image","twitter_misc":{"Tempo di lettura stimato":"4 minuti"},"schema":{"@context":"https:\/\/schema.org","@graph":[{"@type":"WebPage","@id":"https:\/\/www.matts-guitar-shop.com\/it\/le-leggende-del-rock\/billy-gibbons\/","url":"https:\/\/www.matts-guitar-shop.com\/it\/le-leggende-del-rock\/billy-gibbons\/","name":"Billy Gibbons: il suono leggendario degli ZZ Top","isPartOf":{"@id":"https:\/\/www.matts-guitar-shop.com\/it\/#website"},"primaryImageOfPage":{"@id":"https:\/\/www.matts-guitar-shop.com\/it\/le-leggende-del-rock\/billy-gibbons\/#primaryimage"},"image":{"@id":"https:\/\/www.matts-guitar-shop.com\/it\/le-leggende-del-rock\/billy-gibbons\/#primaryimage"},"thumbnailUrl":"https:\/\/www.matts-guitar-shop.com\/wp-content\/uploads\/2025\/11\/billy-gibbons-biographie-01.jpg","datePublished":"2026-04-24T16:16:50+00:00","dateModified":"2026-04-24T19:37:21+00:00","description":"Scopri Billy Gibbons, chitarrista degli ZZ Top, maestro del blues-rock texano e creatore del leggendario suono Pearly Gates.","breadcrumb":{"@id":"https:\/\/www.matts-guitar-shop.com\/it\/le-leggende-del-rock\/billy-gibbons\/#breadcrumb"},"inLanguage":"it-IT","potentialAction":[{"@type":"ReadAction","target":["https:\/\/www.matts-guitar-shop.com\/it\/le-leggende-del-rock\/billy-gibbons\/"]}]},{"@type":"ImageObject","inLanguage":"it-IT","@id":"https:\/\/www.matts-guitar-shop.com\/it\/le-leggende-del-rock\/billy-gibbons\/#primaryimage","url":"https:\/\/www.matts-guitar-shop.com\/wp-content\/uploads\/2025\/11\/billy-gibbons-biographie-01.jpg","contentUrl":"https:\/\/www.matts-guitar-shop.com\/wp-content\/uploads\/2025\/11\/billy-gibbons-biographie-01.jpg","width":400,"height":400},{"@type":"BreadcrumbList","@id":"https:\/\/www.matts-guitar-shop.com\/it\/le-leggende-del-rock\/billy-gibbons\/#breadcrumb","itemListElement":[{"@type":"ListItem","position":1,"name":"Home","item":"https:\/\/www.matts-guitar-shop.com\/it\/"},{"@type":"ListItem","position":2,"name":"Le Leggende del Rock","item":"https:\/\/www.matts-guitar-shop.com\/it\/les-legendes-du-rock\/"},{"@type":"ListItem","position":3,"name":"Billy Gibbons"}]},{"@type":"WebSite","@id":"https:\/\/www.matts-guitar-shop.com\/it\/#website","url":"https:\/\/www.matts-guitar-shop.com\/it\/","name":"matts-guitar-shop.com","description":"Guitar Shop","publisher":{"@id":"https:\/\/www.matts-guitar-shop.com\/it\/#organization"},"potentialAction":[{"@type":"SearchAction","target":{"@type":"EntryPoint","urlTemplate":"https:\/\/www.matts-guitar-shop.com\/it\/?s={search_term_string}"},"query-input":{"@type":"PropertyValueSpecification","valueRequired":true,"valueName":"search_term_string"}}],"inLanguage":"it-IT"},{"@type":"Organization","@id":"https:\/\/www.matts-guitar-shop.com\/it\/#organization","name":"matts-guitar-shop.com","url":"https:\/\/www.matts-guitar-shop.com\/it\/","logo":{"@type":"ImageObject","inLanguage":"it-IT","@id":"https:\/\/www.matts-guitar-shop.com\/it\/#\/schema\/logo\/image\/","url":"https:\/\/www.matts-guitar-shop.com\/wp-content\/uploads\/2024\/09\/MGS-logo-site-02.png","contentUrl":"https:\/\/www.matts-guitar-shop.com\/wp-content\/uploads\/2024\/09\/MGS-logo-site-02.png","width":200,"height":122,"caption":"matts-guitar-shop.com"},"image":{"@id":"https:\/\/www.matts-guitar-shop.com\/it\/#\/schema\/logo\/image\/"},"sameAs":["https:\/\/www.facebook.com\/profile.php?id=100044359842817","https:\/\/www.instagram.com\/mattsguitarshop\/","https:\/\/www.youtube.com\/@MattLucasMan\/videos"]}]}},"_links":{"self":[{"href":"https:\/\/www.matts-guitar-shop.com\/it\/wp-json\/wp\/v2\/pages\/36363","targetHints":{"allow":["GET"]}}],"collection":[{"href":"https:\/\/www.matts-guitar-shop.com\/it\/wp-json\/wp\/v2\/pages"}],"about":[{"href":"https:\/\/www.matts-guitar-shop.com\/it\/wp-json\/wp\/v2\/types\/page"}],"author":[{"embeddable":true,"href":"https:\/\/www.matts-guitar-shop.com\/it\/wp-json\/wp\/v2\/users\/2"}],"replies":[{"embeddable":true,"href":"https:\/\/www.matts-guitar-shop.com\/it\/wp-json\/wp\/v2\/comments?post=36363"}],"version-history":[{"count":2,"href":"https:\/\/www.matts-guitar-shop.com\/it\/wp-json\/wp\/v2\/pages\/36363\/revisions"}],"predecessor-version":[{"id":36365,"href":"https:\/\/www.matts-guitar-shop.com\/it\/wp-json\/wp\/v2\/pages\/36363\/revisions\/36365"}],"up":[{"embeddable":true,"href":"https:\/\/www.matts-guitar-shop.com\/it\/wp-json\/wp\/v2\/pages\/24304"}],"wp:featuredmedia":[{"embeddable":true,"href":"https:\/\/www.matts-guitar-shop.com\/it\/wp-json\/wp\/v2\/media\/24181"}],"wp:attachment":[{"href":"https:\/\/www.matts-guitar-shop.com\/it\/wp-json\/wp\/v2\/media?parent=36363"}],"curies":[{"name":"wp","href":"https:\/\/api.w.org\/{rel}","templated":true}]}}