{"id":36337,"date":"2026-04-24T17:51:03","date_gmt":"2026-04-24T15:51:03","guid":{"rendered":"https:\/\/www.matts-guitar-shop.com\/le-leggende-del-rock\/ben-harper\/"},"modified":"2026-04-24T20:59:01","modified_gmt":"2026-04-24T18:59:01","slug":"ben-harper","status":"publish","type":"page","link":"https:\/\/www.matts-guitar-shop.com\/it\/le-leggende-del-rock\/ben-harper\/","title":{"rendered":"Ben Harper"},"content":{"rendered":"<p>[et_pb_section fb_built=&#8221;1&#8243; _builder_version=&#8221;4.27.5&#8243; _module_preset=&#8221;default&#8221; background_color=&#8221;#000000&#8243; locked=&#8221;off&#8221; global_colors_info=&#8221;{}&#8221;][et_pb_row use_custom_gutter=&#8221;on&#8221; gutter_width=&#8221;2&#8243; admin_label=&#8221;Ligne&#8221; _builder_version=&#8221;4.27.5&#8243; _module_preset=&#8221;default&#8221; width=&#8221;100%&#8221; max_width=&#8221;80%&#8221; custom_margin=&#8221;||||false|false&#8221; custom_padding=&#8221;0px||||false|false&#8221; locked=&#8221;off&#8221; global_colors_info=&#8221;{}&#8221;][et_pb_column type=&#8221;4_4&#8243; _builder_version=&#8221;4.25.2&#8243; _module_preset=&#8221;default&#8221; global_colors_info=&#8221;{}&#8221;][et_pb_post_title meta=&#8221;off&#8221; featured_image=&#8221;off&#8221; _builder_version=&#8221;4.27.5&#8243; _module_preset=&#8221;default&#8221; title_font=&#8221;Open Sans|300|||||||&#8221; title_text_color=&#8221;#ddab05&#8243; title_font_size=&#8221;6rem&#8221; text_orientation=&#8221;center&#8221; custom_margin=&#8221;0px||0px||false|false&#8221; global_colors_info=&#8221;{}&#8221;][\/et_pb_post_title][et_pb_text admin_label=&#8221;Texte&#8221; _builder_version=&#8221;4.27.6&#8243; _module_preset=&#8221;default&#8221; text_font=&#8221;&#8211;et_global_body_font|300|||||||&#8221; text_text_color=&#8221;#FFFFFF&#8221; text_font_size=&#8221;1.5rem&#8221; text_line_height=&#8221;1em&#8221; header_text_align=&#8221;center&#8221; text_orientation=&#8221;center&#8221; global_colors_info=&#8221;{}&#8221;]Il poeta del blues e dello slide[\/et_pb_text][\/et_pb_column][\/et_pb_row][et_pb_row column_structure=&#8221;1_3,1_3,1_3&#8243; use_custom_gutter=&#8221;on&#8221; gutter_width=&#8221;2&#8243; admin_label=&#8221;Ligne&#8221; _builder_version=&#8221;4.27.5&#8243; _module_preset=&#8221;default&#8221; width=&#8221;100%&#8221; max_width=&#8221;80%&#8221; custom_margin=&#8221;||||false|false&#8221; custom_padding=&#8221;||||false|false&#8221; locked=&#8221;off&#8221; global_colors_info=&#8221;{}&#8221;][et_pb_column type=&#8221;1_3&#8243; _builder_version=&#8221;4.25.2&#8243; _module_preset=&#8221;default&#8221; global_colors_info=&#8221;{}&#8221;][et_pb_text _builder_version=&#8221;4.27.6&#8243; _module_preset=&#8221;default&#8221; text_font=&#8221;|300|||||||&#8221; text_font_size=&#8221;16px&#8221; header_font=&#8221;|700|||||||&#8221; header_text_align=&#8221;center&#8221; header_font_size=&#8221;36px&#8221; header_2_font=&#8221;&#8211;et_global_heading_font|300|||||||&#8221; header_2_text_color=&#8221;#ddab05&#8243; header_2_font_size=&#8221;24px&#8221; text_orientation=&#8221;justified&#8221; background_layout=&#8221;dark&#8221; width=&#8221;100%&#8221; width_tablet=&#8221;&#8221; width_phone=&#8221;100%&#8221; width_last_edited=&#8221;on|phone&#8221; module_alignment=&#8221;center&#8221; hover_enabled=&#8221;0&#8243; locked=&#8221;off&#8221; global_colors_info=&#8221;{}&#8221; sticky_enabled=&#8221;0&#8243;]<\/p>\n<h2>Origini e inizi<\/h2>\n<p><\/p>\n<p><strong>Benjamin Chase Harper<\/strong> nasce il <strong>28 ottobre 1969<\/strong> a <strong>Claremont<\/strong>, in California. Cresce nel negozio di musica dei suoi nonni, il <strong>Folk Music Center<\/strong>, un luogo leggendario fondato nel <strong>1958<\/strong> dove, fin da bambino, entra in contatto con strumenti di tutto il mondo e musicisti di passaggio.<br \/>Impara a suonare la <strong>Weissenborn<\/strong>, una chitarra hawaiana lap steel che diventer\u00e0 il suo strumento distintivo. Da adolescente suona nei <strong>coffeehouse<\/strong> di Los Angeles, sviluppando uno stile unico che unisce <strong>slide guitar<\/strong>, <strong>fingerpicking<\/strong> e canto emotivo.<\/p>\n<p>[\/et_pb_text][et_pb_text _builder_version=&#8221;4.27.6&#8243; _module_preset=&#8221;default&#8221; text_font=&#8221;|300|||||||&#8221; text_font_size=&#8221;16px&#8221; header_font=&#8221;|700|||||||&#8221; header_text_align=&#8221;center&#8221; header_font_size=&#8221;36px&#8221; header_2_font=&#8221;&#8211;et_global_heading_font|300|||||||&#8221; header_2_text_color=&#8221;#ddab05&#8243; header_2_font_size=&#8221;24px&#8221; text_orientation=&#8221;justified&#8221; background_layout=&#8221;dark&#8221; width=&#8221;100%&#8221; width_tablet=&#8221;&#8221; width_phone=&#8221;100%&#8221; width_last_edited=&#8221;on|phone&#8221; module_alignment=&#8221;center&#8221; hover_enabled=&#8221;0&#8243; locked=&#8221;off&#8221; global_colors_info=&#8221;{}&#8221; sticky_enabled=&#8221;0&#8243;]<\/p>\n<h2>Carriera e album principali<\/h2>\n<p><\/p>\n<p>Il suo primo album, <strong>Fight for Your Mind (1995)<\/strong>, lo rivela al grande pubblico con un mix inedito di <strong>blues<\/strong>, <strong>reggae<\/strong> e <strong>folk impegnato<\/strong>. <strong>Burn to Shine (1999)<\/strong> conferma il suo status di artista di primo piano, sostenuto da una reputazione di straordinario performer dal vivo.<br \/>Collabora regolarmente con gli <strong>Innocent Criminals<\/strong>, la sua band di accompagnamento fidata. Nel corso della sua carriera ha vinto <strong>3 Grammy Awards<\/strong>, in particolare per l\u2019album <strong>Get Up!<\/strong> con <strong>Charlie Musselwhite<\/strong> nel <strong>2014<\/strong>. La sua capacit\u00e0 di passare dal pi\u00f9 delicato sussurro al grido pi\u00f9 viscerale rende ogni concerto un\u2019esperienza intensa.<\/p>\n<p>[\/et_pb_text][\/et_pb_column][et_pb_column type=&#8221;1_3&#8243; _builder_version=&#8221;4.25.2&#8243; _module_preset=&#8221;default&#8221; global_colors_info=&#8221;{}&#8221;][et_pb_image src=&#8221;https:\/\/www.matts-guitar-shop.com\/wp-content\/uploads\/2026\/04\/ben-harper-biographie-02.webp&#8221; alt=&#8221;Biografia di Ben Harper&#8221; title_text=&#8221;ben-harper-biographie-02&#8243; align=&#8221;center&#8221; _builder_version=&#8221;4.27.6&#8243; _module_preset=&#8221;default&#8221; global_colors_info=&#8221;{}&#8221;][\/et_pb_image][\/et_pb_column][et_pb_column type=&#8221;1_3&#8243; _builder_version=&#8221;4.25.2&#8243; _module_preset=&#8221;default&#8221; global_colors_info=&#8221;{}&#8221;][et_pb_text _builder_version=&#8221;4.27.6&#8243; _module_preset=&#8221;default&#8221; text_font=&#8221;|300|||||||&#8221; text_font_size=&#8221;16px&#8221; header_font=&#8221;|700|||||||&#8221; header_text_align=&#8221;center&#8221; header_font_size=&#8221;36px&#8221; header_2_font=&#8221;&#8211;et_global_heading_font|300|||||||&#8221; header_2_text_color=&#8221;#ddab05&#8243; header_2_font_size=&#8221;24px&#8221; text_orientation=&#8221;justified&#8221; background_layout=&#8221;dark&#8221; width=&#8221;100%&#8221; width_tablet=&#8221;&#8221; width_phone=&#8221;100%&#8221; width_last_edited=&#8221;on|phone&#8221; module_alignment=&#8221;center&#8221; hover_enabled=&#8221;0&#8243; locked=&#8221;off&#8221; global_colors_info=&#8221;{}&#8221; sticky_enabled=&#8221;0&#8243;]<\/p>\n<h2>Impegno e stile<\/h2>\n<p><\/p>\n<p>Ben Harper mescola <strong>blues<\/strong>, <strong>rock<\/strong>, <strong>folk<\/strong>, <strong>reggae<\/strong> e <strong>soul<\/strong> con una rara intensit\u00e0 emotiva. I suoi testi affrontano i <strong>diritti civili<\/strong>, la <strong>giustizia sociale<\/strong>, l&#8217;<strong>amore<\/strong> e la <strong>spiritualit\u00e0<\/strong>. \u00c8 un artista impegnato, vicino alle comunit\u00e0 <strong>afroamericane<\/strong> e <strong>native americane<\/strong>.<br \/>Il suo modo di suonare la <strong>Weissenborn<\/strong> e la <strong>slide guitar<\/strong> \u00e8 diventato la sua firma sonora, riconoscibile in una sola nota.<\/p>\n<p>[\/et_pb_text][et_pb_text _builder_version=&#8221;4.27.6&#8243; _module_preset=&#8221;default&#8221; text_font=&#8221;|300|||||||&#8221; text_font_size=&#8221;16px&#8221; link_font=&#8221;||||||||&#8221; link_text_align=&#8221;justify&#8221; header_font=&#8221;|700|||||||&#8221; header_text_align=&#8221;center&#8221; header_font_size=&#8221;36px&#8221; header_2_font=&#8221;&#8211;et_global_heading_font|300|||||||&#8221; header_2_text_color=&#8221;#ddab05&#8243; header_2_font_size=&#8221;24px&#8221; text_orientation=&#8221;justified&#8221; background_layout=&#8221;dark&#8221; width=&#8221;100%&#8221; width_tablet=&#8221;&#8221; width_phone=&#8221;100%&#8221; width_last_edited=&#8221;on|phone&#8221; module_alignment=&#8221;center&#8221; hover_enabled=&#8221;0&#8243; locked=&#8221;off&#8221; global_colors_info=&#8221;{}&#8221; sticky_enabled=&#8221;0&#8243;]<\/p>\n<h2>Chitarra iconica<\/h2>\n<p><\/p>\n<p>La <strong>Weissenborn<\/strong> (chitarra hawaiana in legno massiccio, suonata sulle ginocchia) \u00e8 il suo strumento preferito. Utilizza anche <strong>Fender Stratocaster<\/strong>, chitarre acustiche <strong>Cole Clark<\/strong> e chitarre acustiche <strong>Gibson<\/strong>. Le sue Weissenborn vintage degli anni <strong>1920-1930<\/strong> sono tra le pi\u00f9 ricercate al mondo.<\/p>\n<p>[\/et_pb_text][\/et_pb_column][\/et_pb_row][\/et_pb_section]<\/p>\n","protected":false},"excerpt":{"rendered":"<p>Il poeta del blues e dello slideOrigini e iniziBenjamin Chase Harper nasce il 28 ottobre 1969 a Claremont, in California. Cresce nel negozio di musica dei suoi nonni, il Folk Music Center, un luogo leggendario fondato nel 1958 dove, fin da bambino, entra in contatto con strumenti di tutto il mondo e musicisti di passaggio.Impara [&hellip;]<\/p>\n","protected":false},"author":2,"featured_media":36216,"parent":24304,"menu_order":0,"comment_status":"closed","ping_status":"closed","template":"","meta":{"_et_pb_use_builder":"on","_et_pb_old_content":"","_et_gb_content_width":"","footnotes":""},"class_list":["post-36337","page","type-page","status-publish","has-post-thumbnail","hentry"],"yoast_head":"<!-- This site is optimized with the Yoast SEO plugin v26.8 - https:\/\/yoast.com\/product\/yoast-seo-wordpress\/ -->\n<title>Ben Harper: il poeta del blues e dello slide<\/title>\n<meta name=\"description\" content=\"Scopri Ben Harper, maestro della slide guitar e della Weissenborn, tra blues, folk, reggae e impegno musicale.\" \/>\n<meta name=\"robots\" content=\"index, follow, max-snippet:-1, max-image-preview:large, max-video-preview:-1\" \/>\n<link rel=\"canonical\" href=\"https:\/\/www.matts-guitar-shop.com\/it\/le-leggende-del-rock\/ben-harper\/\" \/>\n<meta property=\"og:locale\" content=\"it_IT\" \/>\n<meta property=\"og:type\" content=\"article\" \/>\n<meta property=\"og:title\" content=\"Ben Harper: il poeta del blues e dello slide\" \/>\n<meta property=\"og:description\" content=\"Scopri Ben Harper, maestro della slide guitar e della Weissenborn, tra blues, folk, reggae e impegno musicale.\" \/>\n<meta property=\"og:url\" content=\"https:\/\/www.matts-guitar-shop.com\/it\/le-leggende-del-rock\/ben-harper\/\" \/>\n<meta property=\"og:site_name\" content=\"Matt&#039;s Guitar Shop\" \/>\n<meta property=\"article:publisher\" content=\"https:\/\/www.facebook.com\/profile.php?id=100044359842817\" \/>\n<meta property=\"article:modified_time\" content=\"2026-04-24T18:59:01+00:00\" \/>\n<meta property=\"og:image\" content=\"https:\/\/www.matts-guitar-shop.com\/wp-content\/uploads\/2026\/04\/ben-harper-biographie-01.webp\" \/>\n\t<meta property=\"og:image:width\" content=\"400\" \/>\n\t<meta property=\"og:image:height\" content=\"400\" \/>\n\t<meta property=\"og:image:type\" content=\"image\/webp\" \/>\n<meta name=\"twitter:card\" content=\"summary_large_image\" \/>\n<meta name=\"twitter:label1\" content=\"Tempo di lettura stimato\" \/>\n\t<meta name=\"twitter:data1\" content=\"4 minuti\" \/>\n<script type=\"application\/ld+json\" class=\"yoast-schema-graph\">{\"@context\":\"https:\/\/schema.org\",\"@graph\":[{\"@type\":\"WebPage\",\"@id\":\"https:\/\/www.matts-guitar-shop.com\/it\/le-leggende-del-rock\/ben-harper\/\",\"url\":\"https:\/\/www.matts-guitar-shop.com\/it\/le-leggende-del-rock\/ben-harper\/\",\"name\":\"Ben Harper: il poeta del blues e dello slide\",\"isPartOf\":{\"@id\":\"https:\/\/www.matts-guitar-shop.com\/it\/#website\"},\"primaryImageOfPage\":{\"@id\":\"https:\/\/www.matts-guitar-shop.com\/it\/le-leggende-del-rock\/ben-harper\/#primaryimage\"},\"image\":{\"@id\":\"https:\/\/www.matts-guitar-shop.com\/it\/le-leggende-del-rock\/ben-harper\/#primaryimage\"},\"thumbnailUrl\":\"https:\/\/www.matts-guitar-shop.com\/wp-content\/uploads\/2026\/04\/ben-harper-biographie-01.webp\",\"datePublished\":\"2026-04-24T15:51:03+00:00\",\"dateModified\":\"2026-04-24T18:59:01+00:00\",\"description\":\"Scopri Ben Harper, maestro della slide guitar e della Weissenborn, tra blues, folk, reggae e impegno musicale.\",\"breadcrumb\":{\"@id\":\"https:\/\/www.matts-guitar-shop.com\/it\/le-leggende-del-rock\/ben-harper\/#breadcrumb\"},\"inLanguage\":\"it-IT\",\"potentialAction\":[{\"@type\":\"ReadAction\",\"target\":[\"https:\/\/www.matts-guitar-shop.com\/it\/le-leggende-del-rock\/ben-harper\/\"]}]},{\"@type\":\"ImageObject\",\"inLanguage\":\"it-IT\",\"@id\":\"https:\/\/www.matts-guitar-shop.com\/it\/le-leggende-del-rock\/ben-harper\/#primaryimage\",\"url\":\"https:\/\/www.matts-guitar-shop.com\/wp-content\/uploads\/2026\/04\/ben-harper-biographie-01.webp\",\"contentUrl\":\"https:\/\/www.matts-guitar-shop.com\/wp-content\/uploads\/2026\/04\/ben-harper-biographie-01.webp\",\"width\":400,\"height\":400,\"caption\":\"Biographie Ben Harper\"},{\"@type\":\"BreadcrumbList\",\"@id\":\"https:\/\/www.matts-guitar-shop.com\/it\/le-leggende-del-rock\/ben-harper\/#breadcrumb\",\"itemListElement\":[{\"@type\":\"ListItem\",\"position\":1,\"name\":\"Home\",\"item\":\"https:\/\/www.matts-guitar-shop.com\/it\/\"},{\"@type\":\"ListItem\",\"position\":2,\"name\":\"Le Leggende del Rock\",\"item\":\"https:\/\/www.matts-guitar-shop.com\/it\/les-legendes-du-rock\/\"},{\"@type\":\"ListItem\",\"position\":3,\"name\":\"Ben Harper\"}]},{\"@type\":\"WebSite\",\"@id\":\"https:\/\/www.matts-guitar-shop.com\/it\/#website\",\"url\":\"https:\/\/www.matts-guitar-shop.com\/it\/\",\"name\":\"matts-guitar-shop.com\",\"description\":\"Guitar Shop\",\"publisher\":{\"@id\":\"https:\/\/www.matts-guitar-shop.com\/it\/#organization\"},\"potentialAction\":[{\"@type\":\"SearchAction\",\"target\":{\"@type\":\"EntryPoint\",\"urlTemplate\":\"https:\/\/www.matts-guitar-shop.com\/it\/?s={search_term_string}\"},\"query-input\":{\"@type\":\"PropertyValueSpecification\",\"valueRequired\":true,\"valueName\":\"search_term_string\"}}],\"inLanguage\":\"it-IT\"},{\"@type\":\"Organization\",\"@id\":\"https:\/\/www.matts-guitar-shop.com\/it\/#organization\",\"name\":\"matts-guitar-shop.com\",\"url\":\"https:\/\/www.matts-guitar-shop.com\/it\/\",\"logo\":{\"@type\":\"ImageObject\",\"inLanguage\":\"it-IT\",\"@id\":\"https:\/\/www.matts-guitar-shop.com\/it\/#\/schema\/logo\/image\/\",\"url\":\"https:\/\/www.matts-guitar-shop.com\/wp-content\/uploads\/2024\/09\/MGS-logo-site-02.png\",\"contentUrl\":\"https:\/\/www.matts-guitar-shop.com\/wp-content\/uploads\/2024\/09\/MGS-logo-site-02.png\",\"width\":200,\"height\":122,\"caption\":\"matts-guitar-shop.com\"},\"image\":{\"@id\":\"https:\/\/www.matts-guitar-shop.com\/it\/#\/schema\/logo\/image\/\"},\"sameAs\":[\"https:\/\/www.facebook.com\/profile.php?id=100044359842817\",\"https:\/\/www.instagram.com\/mattsguitarshop\/\",\"https:\/\/www.youtube.com\/@MattLucasMan\/videos\"]}]}<\/script>\n<!-- \/ Yoast SEO plugin. -->","yoast_head_json":{"title":"Ben Harper: il poeta del blues e dello slide","description":"Scopri Ben Harper, maestro della slide guitar e della Weissenborn, tra blues, folk, reggae e impegno musicale.","robots":{"index":"index","follow":"follow","max-snippet":"max-snippet:-1","max-image-preview":"max-image-preview:large","max-video-preview":"max-video-preview:-1"},"canonical":"https:\/\/www.matts-guitar-shop.com\/it\/le-leggende-del-rock\/ben-harper\/","og_locale":"it_IT","og_type":"article","og_title":"Ben Harper: il poeta del blues e dello slide","og_description":"Scopri Ben Harper, maestro della slide guitar e della Weissenborn, tra blues, folk, reggae e impegno musicale.","og_url":"https:\/\/www.matts-guitar-shop.com\/it\/le-leggende-del-rock\/ben-harper\/","og_site_name":"Matt&#039;s Guitar Shop","article_publisher":"https:\/\/www.facebook.com\/profile.php?id=100044359842817","article_modified_time":"2026-04-24T18:59:01+00:00","og_image":[{"width":400,"height":400,"url":"https:\/\/www.matts-guitar-shop.com\/wp-content\/uploads\/2026\/04\/ben-harper-biographie-01.webp","type":"image\/webp"}],"twitter_card":"summary_large_image","twitter_misc":{"Tempo di lettura stimato":"4 minuti"},"schema":{"@context":"https:\/\/schema.org","@graph":[{"@type":"WebPage","@id":"https:\/\/www.matts-guitar-shop.com\/it\/le-leggende-del-rock\/ben-harper\/","url":"https:\/\/www.matts-guitar-shop.com\/it\/le-leggende-del-rock\/ben-harper\/","name":"Ben Harper: il poeta del blues e dello slide","isPartOf":{"@id":"https:\/\/www.matts-guitar-shop.com\/it\/#website"},"primaryImageOfPage":{"@id":"https:\/\/www.matts-guitar-shop.com\/it\/le-leggende-del-rock\/ben-harper\/#primaryimage"},"image":{"@id":"https:\/\/www.matts-guitar-shop.com\/it\/le-leggende-del-rock\/ben-harper\/#primaryimage"},"thumbnailUrl":"https:\/\/www.matts-guitar-shop.com\/wp-content\/uploads\/2026\/04\/ben-harper-biographie-01.webp","datePublished":"2026-04-24T15:51:03+00:00","dateModified":"2026-04-24T18:59:01+00:00","description":"Scopri Ben Harper, maestro della slide guitar e della Weissenborn, tra blues, folk, reggae e impegno musicale.","breadcrumb":{"@id":"https:\/\/www.matts-guitar-shop.com\/it\/le-leggende-del-rock\/ben-harper\/#breadcrumb"},"inLanguage":"it-IT","potentialAction":[{"@type":"ReadAction","target":["https:\/\/www.matts-guitar-shop.com\/it\/le-leggende-del-rock\/ben-harper\/"]}]},{"@type":"ImageObject","inLanguage":"it-IT","@id":"https:\/\/www.matts-guitar-shop.com\/it\/le-leggende-del-rock\/ben-harper\/#primaryimage","url":"https:\/\/www.matts-guitar-shop.com\/wp-content\/uploads\/2026\/04\/ben-harper-biographie-01.webp","contentUrl":"https:\/\/www.matts-guitar-shop.com\/wp-content\/uploads\/2026\/04\/ben-harper-biographie-01.webp","width":400,"height":400,"caption":"Biographie Ben Harper"},{"@type":"BreadcrumbList","@id":"https:\/\/www.matts-guitar-shop.com\/it\/le-leggende-del-rock\/ben-harper\/#breadcrumb","itemListElement":[{"@type":"ListItem","position":1,"name":"Home","item":"https:\/\/www.matts-guitar-shop.com\/it\/"},{"@type":"ListItem","position":2,"name":"Le Leggende del Rock","item":"https:\/\/www.matts-guitar-shop.com\/it\/les-legendes-du-rock\/"},{"@type":"ListItem","position":3,"name":"Ben Harper"}]},{"@type":"WebSite","@id":"https:\/\/www.matts-guitar-shop.com\/it\/#website","url":"https:\/\/www.matts-guitar-shop.com\/it\/","name":"matts-guitar-shop.com","description":"Guitar Shop","publisher":{"@id":"https:\/\/www.matts-guitar-shop.com\/it\/#organization"},"potentialAction":[{"@type":"SearchAction","target":{"@type":"EntryPoint","urlTemplate":"https:\/\/www.matts-guitar-shop.com\/it\/?s={search_term_string}"},"query-input":{"@type":"PropertyValueSpecification","valueRequired":true,"valueName":"search_term_string"}}],"inLanguage":"it-IT"},{"@type":"Organization","@id":"https:\/\/www.matts-guitar-shop.com\/it\/#organization","name":"matts-guitar-shop.com","url":"https:\/\/www.matts-guitar-shop.com\/it\/","logo":{"@type":"ImageObject","inLanguage":"it-IT","@id":"https:\/\/www.matts-guitar-shop.com\/it\/#\/schema\/logo\/image\/","url":"https:\/\/www.matts-guitar-shop.com\/wp-content\/uploads\/2024\/09\/MGS-logo-site-02.png","contentUrl":"https:\/\/www.matts-guitar-shop.com\/wp-content\/uploads\/2024\/09\/MGS-logo-site-02.png","width":200,"height":122,"caption":"matts-guitar-shop.com"},"image":{"@id":"https:\/\/www.matts-guitar-shop.com\/it\/#\/schema\/logo\/image\/"},"sameAs":["https:\/\/www.facebook.com\/profile.php?id=100044359842817","https:\/\/www.instagram.com\/mattsguitarshop\/","https:\/\/www.youtube.com\/@MattLucasMan\/videos"]}]}},"_links":{"self":[{"href":"https:\/\/www.matts-guitar-shop.com\/it\/wp-json\/wp\/v2\/pages\/36337","targetHints":{"allow":["GET"]}}],"collection":[{"href":"https:\/\/www.matts-guitar-shop.com\/it\/wp-json\/wp\/v2\/pages"}],"about":[{"href":"https:\/\/www.matts-guitar-shop.com\/it\/wp-json\/wp\/v2\/types\/page"}],"author":[{"embeddable":true,"href":"https:\/\/www.matts-guitar-shop.com\/it\/wp-json\/wp\/v2\/users\/2"}],"replies":[{"embeddable":true,"href":"https:\/\/www.matts-guitar-shop.com\/it\/wp-json\/wp\/v2\/comments?post=36337"}],"version-history":[{"count":2,"href":"https:\/\/www.matts-guitar-shop.com\/it\/wp-json\/wp\/v2\/pages\/36337\/revisions"}],"predecessor-version":[{"id":36339,"href":"https:\/\/www.matts-guitar-shop.com\/it\/wp-json\/wp\/v2\/pages\/36337\/revisions\/36339"}],"up":[{"embeddable":true,"href":"https:\/\/www.matts-guitar-shop.com\/it\/wp-json\/wp\/v2\/pages\/24304"}],"wp:featuredmedia":[{"embeddable":true,"href":"https:\/\/www.matts-guitar-shop.com\/it\/wp-json\/wp\/v2\/media\/36216"}],"wp:attachment":[{"href":"https:\/\/www.matts-guitar-shop.com\/it\/wp-json\/wp\/v2\/media?parent=36337"}],"curies":[{"name":"wp","href":"https:\/\/api.w.org\/{rel}","templated":true}]}}